{"id":31683,"date":"2025-01-08T13:38:41","date_gmt":"2025-01-08T12:38:41","guid":{"rendered":"https:\/\/inti.hr\/product\/vjesalice-za-kapute-set-od-4-komada\/"},"modified":"2025-01-08T13:38:41","modified_gmt":"2025-01-08T12:38:41","slug":"vjesalice-za-kapute-set-od-4-komada","status":"publish","type":"product","link":"https:\/\/inti.hr\/sr\/proizvod\/vjesalice-za-kapute-set-od-4-komada\/","title":{"rendered":"Vje\u0161alice za kapute set od 4 komada"},"content":{"rendered":"<p>Detalji proizvoda:<br \/>\nBoja: crna tinta, biserno bijela<br \/>\nMaterijal: \u010delik<br \/>\nVeli\u010dina: 5,5 x 7,3 x 8,5 cm (D x \u0160 x V)<br \/>\nTe\u017eina po udici: 0,4 kg<br \/>\nMaksimalna stati\u010dka nosivost po kuki: 5 kg<\/p>\n","protected":false},"excerpt":{"rendered":"<p>S elegantnim i elegantnim dizajnom u obliku jajeta, ovaj set zidnih &#8230; <\/p>\n","protected":false},"featured_media":31684,"template":"","meta":[],"product_cat":[2635],"product_tag":[2737,3049],"yoast_head":"<!-- This site is optimized with the Yoast SEO plugin v23.7 - https:\/\/yoast.com\/wordpress\/plugins\/seo\/ -->\n<title>Vje\u0161alice za kapute set od 4 komada - Inti<\/title>\n<meta name=\"description\" content=\"S elegantnim i elegantnim dizajnom u obliku jajeta, ovaj set zidnih kukica dat \u0107e moderan dodir svakoj prostoriji i neprimjetno se uklopiti u dekor va\u0161eg doma. Glatki zaobljeni rubovi dizajnirani su tako da ove crne kuke \u0161tite va\u0161u odje\u0107u i torbe od poderanja i osiguravaju da va\u0161i predmeti ostanu u savr\u0161enom stanju. Ovaj set od 4 udice mo\u017ee se koristiti zajedno ili pojedina\u010dno i vrlo je fleksibilan za upotrebu. Savr\u0161eno za ulaze, dnevne sobe i spava\u0107e sobe za organiziranje va\u0161e odje\u0107e i torbe. Idealan organizator! Izra\u0111ene od visokokvalitetnog \u010delika s premazom otpornim na hr\u0111u, ove zidne kuke pru\u017eaju pouzdanu potporu za va\u0161e kapute i ru\u010dnike, a svaka kuka nosi do 5 kg; oni \u0107e vas pratiti dugi niz godina. Sastavljanje ovog seta kuka je povjetarac uz na\u0161e jasne upute i 2 potrebna vijka. Sigurno \u0107ete ga sastaviti u tren oka, \u010dime \u0107ete u\u0161tedjeti vrijeme i trud.\" \/>\n<meta name=\"robots\" content=\"index, follow, max-snippet:-1, max-image-preview:large, max-video-preview:-1\" \/>\n<link rel=\"canonical\" href=\"https:\/\/inti.hr\/sr\/proizvod\/vjesalice-za-kapute-set-od-4-komada\/\" \/>\n<meta property=\"og:locale\" content=\"sr_RS\" \/>\n<meta property=\"og:type\" content=\"article\" \/>\n<meta property=\"og:title\" content=\"Vje\u0161alice za kapute set od 4 komada - Inti\" \/>\n<meta property=\"og:description\" content=\"S elegantnim i elegantnim dizajnom u obliku jajeta, ovaj set zidnih kukica dat \u0107e moderan dodir svakoj prostoriji i neprimjetno se uklopiti u dekor va\u0161eg doma. Glatki zaobljeni rubovi dizajnirani su tako da ove crne kuke \u0161tite va\u0161u odje\u0107u i torbe od poderanja i osiguravaju da va\u0161i predmeti ostanu u savr\u0161enom stanju. Ovaj set od 4 udice mo\u017ee se koristiti zajedno ili pojedina\u010dno i vrlo je fleksibilan za upotrebu. Savr\u0161eno za ulaze, dnevne sobe i spava\u0107e sobe za organiziranje va\u0161e odje\u0107e i torbe. Idealan organizator! Izra\u0111ene od visokokvalitetnog \u010delika s premazom otpornim na hr\u0111u, ove zidne kuke pru\u017eaju pouzdanu potporu za va\u0161e kapute i ru\u010dnike, a svaka kuka nosi do 5 kg; oni \u0107e vas pratiti dugi niz godina. Sastavljanje ovog seta kuka je povjetarac uz na\u0161e jasne upute i 2 potrebna vijka. Sigurno \u0107ete ga sastaviti u tren oka, \u010dime \u0107ete u\u0161tedjeti vrijeme i trud.\" \/>\n<meta property=\"og:url\" content=\"https:\/\/inti.hr\/sr\/proizvod\/vjesalice-za-kapute-set-od-4-komada\/\" \/>\n<meta property=\"og:site_name\" content=\"Inti\" \/>\n<meta property=\"og:image\" content=\"https:\/\/i0.wp.com\/inti.hr\/wp-content\/uploads\/2025\/01\/LCR039B01-2.jpg?fit=800%2C1000&ssl=1\" \/>\n\t<meta property=\"og:image:width\" content=\"800\" \/>\n\t<meta property=\"og:image:height\" content=\"1000\" \/>\n\t<meta property=\"og:image:type\" content=\"image\/jpeg\" \/>\n<meta name=\"twitter:card\" content=\"summary_large_image\" \/>\n<script type=\"application\/ld+json\" class=\"yoast-schema-graph\">{\"@context\":\"https:\/\/schema.org\",\"@graph\":[{\"@type\":\"WebPage\",\"@id\":\"https:\/\/inti.hr\/sr\/proizvod\/vjesalice-za-kapute-set-od-4-komada\/\",\"url\":\"https:\/\/inti.hr\/sr\/proizvod\/vjesalice-za-kapute-set-od-4-komada\/\",\"name\":\"Vje\u0161alice za kapute set od 4 komada - Inti\",\"isPartOf\":{\"@id\":\"https:\/\/inti.hr\/sr\/#website\"},\"primaryImageOfPage\":{\"@id\":\"https:\/\/inti.hr\/sr\/proizvod\/vjesalice-za-kapute-set-od-4-komada\/#primaryimage\"},\"image\":{\"@id\":\"https:\/\/inti.hr\/sr\/proizvod\/vjesalice-za-kapute-set-od-4-komada\/#primaryimage\"},\"thumbnailUrl\":\"https:\/\/i0.wp.com\/inti.hr\/wp-content\/uploads\/2025\/01\/LCR039B01-2.jpg?fit=800%2C1000&ssl=1\",\"datePublished\":\"2025-01-08T12:38:41+00:00\",\"dateModified\":\"2025-01-08T12:38:41+00:00\",\"description\":\"S elegantnim i elegantnim dizajnom u obliku jajeta, ovaj set zidnih kukica dat \u0107e moderan dodir svakoj prostoriji i neprimjetno se uklopiti u dekor va\u0161eg doma. Glatki zaobljeni rubovi dizajnirani su tako da ove crne kuke \u0161tite va\u0161u odje\u0107u i torbe od poderanja i osiguravaju da va\u0161i predmeti ostanu u savr\u0161enom stanju. Ovaj set od 4 udice mo\u017ee se koristiti zajedno ili pojedina\u010dno i vrlo je fleksibilan za upotrebu. Savr\u0161eno za ulaze, dnevne sobe i spava\u0107e sobe za organiziranje va\u0161e odje\u0107e i torbe. Idealan organizator! Izra\u0111ene od visokokvalitetnog \u010delika s premazom otpornim na hr\u0111u, ove zidne kuke pru\u017eaju pouzdanu potporu za va\u0161e kapute i ru\u010dnike, a svaka kuka nosi do 5 kg; oni \u0107e vas pratiti dugi niz godina. Sastavljanje ovog seta kuka je povjetarac uz na\u0161e jasne upute i 2 potrebna vijka. Sigurno \u0107ete ga sastaviti u tren oka, \u010dime \u0107ete u\u0161tedjeti vrijeme i trud.\",\"breadcrumb\":{\"@id\":\"https:\/\/inti.hr\/sr\/proizvod\/vjesalice-za-kapute-set-od-4-komada\/#breadcrumb\"},\"inLanguage\":\"sr-RS\",\"potentialAction\":[{\"@type\":\"ReadAction\",\"target\":[\"https:\/\/inti.hr\/sr\/proizvod\/vjesalice-za-kapute-set-od-4-komada\/\"]}]},{\"@type\":\"ImageObject\",\"inLanguage\":\"sr-RS\",\"@id\":\"https:\/\/inti.hr\/sr\/proizvod\/vjesalice-za-kapute-set-od-4-komada\/#primaryimage\",\"url\":\"https:\/\/i0.wp.com\/inti.hr\/wp-content\/uploads\/2025\/01\/LCR039B01-2.jpg?fit=800%2C1000&ssl=1\",\"contentUrl\":\"https:\/\/i0.wp.com\/inti.hr\/wp-content\/uploads\/2025\/01\/LCR039B01-2.jpg?fit=800%2C1000&ssl=1\",\"width\":800,\"height\":1000,\"caption\":\"SONGMICS vje\u0161alice za kapute set od 4 jajeta u obliku crne tinte\"},{\"@type\":\"BreadcrumbList\",\"@id\":\"https:\/\/inti.hr\/sr\/proizvod\/vjesalice-za-kapute-set-od-4-komada\/#breadcrumb\",\"itemListElement\":[{\"@type\":\"ListItem\",\"position\":1,\"name\":\"Po\u010detna stranica\",\"item\":\"https:\/\/inti.hr\/sr\/\"},{\"@type\":\"ListItem\",\"position\":2,\"name\":\"Prodavnica\",\"item\":\"https:\/\/inti.hr\/sr\/prodavnica\/\"},{\"@type\":\"ListItem\",\"position\":3,\"name\":\"Vje\u0161alice za kapute set od 4 komada\"}]},{\"@type\":\"WebSite\",\"@id\":\"https:\/\/inti.hr\/sr\/#website\",\"url\":\"https:\/\/inti.hr\/sr\/\",\"name\":\"Inti\",\"description\":\"trgovina\",\"potentialAction\":[{\"@type\":\"SearchAction\",\"target\":{\"@type\":\"EntryPoint\",\"urlTemplate\":\"https:\/\/inti.hr\/sr\/?s={search_term_string}\"},\"query-input\":{\"@type\":\"PropertyValueSpecification\",\"valueRequired\":true,\"valueName\":\"search_term_string\"}}],\"inLanguage\":\"sr-RS\"}]}<\/script>\n<!-- \/ Yoast SEO plugin. -->","yoast_head_json":{"title":"Vje\u0161alice za kapute set od 4 komada - Inti","description":"S elegantnim i elegantnim dizajnom u obliku jajeta, ovaj set zidnih kukica dat \u0107e moderan dodir svakoj prostoriji i neprimjetno se uklopiti u dekor va\u0161eg doma. Glatki zaobljeni rubovi dizajnirani su tako da ove crne kuke \u0161tite va\u0161u odje\u0107u i torbe od poderanja i osiguravaju da va\u0161i predmeti ostanu u savr\u0161enom stanju. Ovaj set od 4 udice mo\u017ee se koristiti zajedno ili pojedina\u010dno i vrlo je fleksibilan za upotrebu. Savr\u0161eno za ulaze, dnevne sobe i spava\u0107e sobe za organiziranje va\u0161e odje\u0107e i torbe. Idealan organizator! Izra\u0111ene od visokokvalitetnog \u010delika s premazom otpornim na hr\u0111u, ove zidne kuke pru\u017eaju pouzdanu potporu za va\u0161e kapute i ru\u010dnike, a svaka kuka nosi do 5 kg; oni \u0107e vas pratiti dugi niz godina. Sastavljanje ovog seta kuka je povjetarac uz na\u0161e jasne upute i 2 potrebna vijka. Sigurno \u0107ete ga sastaviti u tren oka, \u010dime \u0107ete u\u0161tedjeti vrijeme i trud.","robots":{"index":"index","follow":"follow","max-snippet":"max-snippet:-1","max-image-preview":"max-image-preview:large","max-video-preview":"max-video-preview:-1"},"canonical":"https:\/\/inti.hr\/sr\/proizvod\/vjesalice-za-kapute-set-od-4-komada\/","og_locale":"sr_RS","og_type":"article","og_title":"Vje\u0161alice za kapute set od 4 komada - Inti","og_description":"S elegantnim i elegantnim dizajnom u obliku jajeta, ovaj set zidnih kukica dat \u0107e moderan dodir svakoj prostoriji i neprimjetno se uklopiti u dekor va\u0161eg doma. Glatki zaobljeni rubovi dizajnirani su tako da ove crne kuke \u0161tite va\u0161u odje\u0107u i torbe od poderanja i osiguravaju da va\u0161i predmeti ostanu u savr\u0161enom stanju. Ovaj set od 4 udice mo\u017ee se koristiti zajedno ili pojedina\u010dno i vrlo je fleksibilan za upotrebu. Savr\u0161eno za ulaze, dnevne sobe i spava\u0107e sobe za organiziranje va\u0161e odje\u0107e i torbe. Idealan organizator! Izra\u0111ene od visokokvalitetnog \u010delika s premazom otpornim na hr\u0111u, ove zidne kuke pru\u017eaju pouzdanu potporu za va\u0161e kapute i ru\u010dnike, a svaka kuka nosi do 5 kg; oni \u0107e vas pratiti dugi niz godina. Sastavljanje ovog seta kuka je povjetarac uz na\u0161e jasne upute i 2 potrebna vijka. Sigurno \u0107ete ga sastaviti u tren oka, \u010dime \u0107ete u\u0161tedjeti vrijeme i trud.","og_url":"https:\/\/inti.hr\/sr\/proizvod\/vjesalice-za-kapute-set-od-4-komada\/","og_site_name":"Inti","og_image":[{"width":800,"height":1000,"url":"https:\/\/i0.wp.com\/inti.hr\/wp-content\/uploads\/2025\/01\/LCR039B01-2.jpg?fit=800%2C1000&ssl=1","type":"image\/jpeg"}],"twitter_card":"summary_large_image","schema":{"@context":"https:\/\/schema.org","@graph":[{"@type":"WebPage","@id":"https:\/\/inti.hr\/sr\/proizvod\/vjesalice-za-kapute-set-od-4-komada\/","url":"https:\/\/inti.hr\/sr\/proizvod\/vjesalice-za-kapute-set-od-4-komada\/","name":"Vje\u0161alice za kapute set od 4 komada - Inti","isPartOf":{"@id":"https:\/\/inti.hr\/sr\/#website"},"primaryImageOfPage":{"@id":"https:\/\/inti.hr\/sr\/proizvod\/vjesalice-za-kapute-set-od-4-komada\/#primaryimage"},"image":{"@id":"https:\/\/inti.hr\/sr\/proizvod\/vjesalice-za-kapute-set-od-4-komada\/#primaryimage"},"thumbnailUrl":"https:\/\/i0.wp.com\/inti.hr\/wp-content\/uploads\/2025\/01\/LCR039B01-2.jpg?fit=800%2C1000&ssl=1","datePublished":"2025-01-08T12:38:41+00:00","dateModified":"2025-01-08T12:38:41+00:00","description":"S elegantnim i elegantnim dizajnom u obliku jajeta, ovaj set zidnih kukica dat \u0107e moderan dodir svakoj prostoriji i neprimjetno se uklopiti u dekor va\u0161eg doma. Glatki zaobljeni rubovi dizajnirani su tako da ove crne kuke \u0161tite va\u0161u odje\u0107u i torbe od poderanja i osiguravaju da va\u0161i predmeti ostanu u savr\u0161enom stanju. Ovaj set od 4 udice mo\u017ee se koristiti zajedno ili pojedina\u010dno i vrlo je fleksibilan za upotrebu. Savr\u0161eno za ulaze, dnevne sobe i spava\u0107e sobe za organiziranje va\u0161e odje\u0107e i torbe. Idealan organizator! Izra\u0111ene od visokokvalitetnog \u010delika s premazom otpornim na hr\u0111u, ove zidne kuke pru\u017eaju pouzdanu potporu za va\u0161e kapute i ru\u010dnike, a svaka kuka nosi do 5 kg; oni \u0107e vas pratiti dugi niz godina. Sastavljanje ovog seta kuka je povjetarac uz na\u0161e jasne upute i 2 potrebna vijka. Sigurno \u0107ete ga sastaviti u tren oka, \u010dime \u0107ete u\u0161tedjeti vrijeme i trud.","breadcrumb":{"@id":"https:\/\/inti.hr\/sr\/proizvod\/vjesalice-za-kapute-set-od-4-komada\/#breadcrumb"},"inLanguage":"sr-RS","potentialAction":[{"@type":"ReadAction","target":["https:\/\/inti.hr\/sr\/proizvod\/vjesalice-za-kapute-set-od-4-komada\/"]}]},{"@type":"ImageObject","inLanguage":"sr-RS","@id":"https:\/\/inti.hr\/sr\/proizvod\/vjesalice-za-kapute-set-od-4-komada\/#primaryimage","url":"https:\/\/i0.wp.com\/inti.hr\/wp-content\/uploads\/2025\/01\/LCR039B01-2.jpg?fit=800%2C1000&ssl=1","contentUrl":"https:\/\/i0.wp.com\/inti.hr\/wp-content\/uploads\/2025\/01\/LCR039B01-2.jpg?fit=800%2C1000&ssl=1","width":800,"height":1000,"caption":"SONGMICS vje\u0161alice za kapute set od 4 jajeta u obliku crne tinte"},{"@type":"BreadcrumbList","@id":"https:\/\/inti.hr\/sr\/proizvod\/vjesalice-za-kapute-set-od-4-komada\/#breadcrumb","itemListElement":[{"@type":"ListItem","position":1,"name":"Po\u010detna stranica","item":"https:\/\/inti.hr\/sr\/"},{"@type":"ListItem","position":2,"name":"Prodavnica","item":"https:\/\/inti.hr\/sr\/prodavnica\/"},{"@type":"ListItem","position":3,"name":"Vje\u0161alice za kapute set od 4 komada"}]},{"@type":"WebSite","@id":"https:\/\/inti.hr\/sr\/#website","url":"https:\/\/inti.hr\/sr\/","name":"Inti","description":"trgovina","potentialAction":[{"@type":"SearchAction","target":{"@type":"EntryPoint","urlTemplate":"https:\/\/inti.hr\/sr\/?s={search_term_string}"},"query-input":{"@type":"PropertyValueSpecification","valueRequired":true,"valueName":"search_term_string"}}],"inLanguage":"sr-RS"}]}},"jetpack_sharing_enabled":true,"jetpack-related-posts":[],"_links":{"self":[{"href":"https:\/\/inti.hr\/sr\/wp-json\/wp\/v2\/product\/31683"}],"collection":[{"href":"https:\/\/inti.hr\/sr\/wp-json\/wp\/v2\/product"}],"about":[{"href":"https:\/\/inti.hr\/sr\/wp-json\/wp\/v2\/types\/product"}],"wp:featuredmedia":[{"embeddable":true,"href":"https:\/\/inti.hr\/sr\/wp-json\/wp\/v2\/media\/31684"}],"wp:attachment":[{"href":"https:\/\/inti.hr\/sr\/wp-json\/wp\/v2\/media?parent=31683"}],"wp:term":[{"taxonomy":"product_cat","embeddable":true,"href":"https:\/\/inti.hr\/sr\/wp-json\/wp\/v2\/product_cat?post=31683"},{"taxonomy":"product_tag","embeddable":true,"href":"https:\/\/inti.hr\/sr\/wp-json\/wp\/v2\/product_tag?post=31683"}],"curies":[{"name":"wp","href":"https:\/\/api.w.org\/{rel}","templated":true}]}}