{"id":31691,"date":"2025-01-08T13:25:44","date_gmt":"2025-01-08T12:25:44","guid":{"rendered":"https:\/\/inti.hr\/product\/blagovaonski-stolac-od-2-komada-s-jastucima\/"},"modified":"2025-01-08T13:25:44","modified_gmt":"2025-01-08T12:25:44","slug":"blagovaonski-stolac-od-2-komada-s-jastucima","status":"publish","type":"product","link":"https:\/\/inti.hr\/sr\/proizvod\/blagovaonski-stolac-od-2-komada-s-jastucima\/","title":{"rendered":"Blagovaonski stolac od 2 komada s jastucima"},"content":{"rendered":"<p>Detalji proizvoda:<br \/>\nBoja: Golubije sivo-bijela u obliku oblaka, pastelno roza oblak bijela<br \/>\nMaterijal: \u0161perplo\u010da, \u010delik, poliuretan, bar\u0161un, pjena<br \/>\nVeli\u010dina po stolcu: 61 x 56 x 81,5 cm (D x \u0160 x V)<br \/>\nTe\u017eina po stolici: 12,4 kg<br \/>\nMaksimalna stati\u010dka nosivost po stolici: 120 kg<\/p>\n","protected":false},"excerpt":{"rendered":"<p>Bar\u0161unasto sjedalo, jastuk za sjedenje podstavljen pjenom debljine 5,5 cm, udoban &#8230; <\/p>\n","protected":false},"featured_media":31692,"template":"","meta":[],"product_cat":[2573],"product_tag":[2574,3051],"yoast_head":"<!-- This site is optimized with the Yoast SEO plugin v23.7 - https:\/\/yoast.com\/wordpress\/plugins\/seo\/ -->\n<title>Blagovaonski stolac od 2 komada s jastucima - Inti<\/title>\n<meta name=\"description\" content=\"Bar\u0161unasto sjedalo, jastuk za sjedenje podstavljen pjenom debljine 5,5 cm, udoban naslon za le\u0111a - sve to osigurava ugodno iskustvo sjedenja. Siva blagovaonska stolica \u010distih linija i jednostavnog dizajna pristaje razli\u010ditim stilovima interijera i dodaje ukrasni \u0161tih va\u0161oj sobi. Zahvaljuju\u0107i jednostavnoj strukturi, sastavljanje je dje\u010dja igra. Samo trebate spojiti sjedalo i \u010deli\u010dne noge, gotovo! PU dizajn na stra\u017enjoj strani omogu\u0107uje \u010di\u0161\u0107enje bez napora. Naslon za le\u0111a prekriven je visokokvalitetnim PU-om, dok je sjedalo izra\u0111eno od bar\u0161una iste boje - to tapeciranoj stolici daje jedinstven, homogen izgled. Opustite se bezbri\u017eno na ovoj kuhinjskoj stolici! \u010celi\u010dne noge okrenute prema van nude visoku stabilnost. A podesive univerzalne noge osiguravaju dobru stabilnost \u010dak i na blago neravnim podovima!\" \/>\n<meta name=\"robots\" content=\"index, follow, max-snippet:-1, max-image-preview:large, max-video-preview:-1\" \/>\n<link rel=\"canonical\" href=\"https:\/\/inti.hr\/sr\/proizvod\/blagovaonski-stolac-od-2-komada-s-jastucima\/\" \/>\n<meta property=\"og:locale\" content=\"sr_RS\" \/>\n<meta property=\"og:type\" content=\"article\" \/>\n<meta property=\"og:title\" content=\"Blagovaonski stolac od 2 komada s jastucima - Inti\" \/>\n<meta property=\"og:description\" content=\"Bar\u0161unasto sjedalo, jastuk za sjedenje podstavljen pjenom debljine 5,5 cm, udoban naslon za le\u0111a - sve to osigurava ugodno iskustvo sjedenja. Siva blagovaonska stolica \u010distih linija i jednostavnog dizajna pristaje razli\u010ditim stilovima interijera i dodaje ukrasni \u0161tih va\u0161oj sobi. Zahvaljuju\u0107i jednostavnoj strukturi, sastavljanje je dje\u010dja igra. Samo trebate spojiti sjedalo i \u010deli\u010dne noge, gotovo! PU dizajn na stra\u017enjoj strani omogu\u0107uje \u010di\u0161\u0107enje bez napora. Naslon za le\u0111a prekriven je visokokvalitetnim PU-om, dok je sjedalo izra\u0111eno od bar\u0161una iste boje - to tapeciranoj stolici daje jedinstven, homogen izgled. Opustite se bezbri\u017eno na ovoj kuhinjskoj stolici! \u010celi\u010dne noge okrenute prema van nude visoku stabilnost. A podesive univerzalne noge osiguravaju dobru stabilnost \u010dak i na blago neravnim podovima!\" \/>\n<meta property=\"og:url\" content=\"https:\/\/inti.hr\/sr\/proizvod\/blagovaonski-stolac-od-2-komada-s-jastucima\/\" \/>\n<meta property=\"og:site_name\" content=\"Inti\" \/>\n<meta property=\"og:image\" content=\"https:\/\/i0.wp.com\/inti.hr\/wp-content\/uploads\/2025\/01\/KDC184R01-2.jpg?fit=800%2C1000&ssl=1\" \/>\n\t<meta property=\"og:image:width\" content=\"800\" \/>\n\t<meta property=\"og:image:height\" content=\"1000\" \/>\n\t<meta property=\"og:image:type\" content=\"image\/jpeg\" \/>\n<meta name=\"twitter:card\" content=\"summary_large_image\" \/>\n<script type=\"application\/ld+json\" class=\"yoast-schema-graph\">{\"@context\":\"https:\/\/schema.org\",\"@graph\":[{\"@type\":\"WebPage\",\"@id\":\"https:\/\/inti.hr\/sr\/proizvod\/blagovaonski-stolac-od-2-komada-s-jastucima\/\",\"url\":\"https:\/\/inti.hr\/sr\/proizvod\/blagovaonski-stolac-od-2-komada-s-jastucima\/\",\"name\":\"Blagovaonski stolac od 2 komada s jastucima - Inti\",\"isPartOf\":{\"@id\":\"https:\/\/inti.hr\/sr\/#website\"},\"primaryImageOfPage\":{\"@id\":\"https:\/\/inti.hr\/sr\/proizvod\/blagovaonski-stolac-od-2-komada-s-jastucima\/#primaryimage\"},\"image\":{\"@id\":\"https:\/\/inti.hr\/sr\/proizvod\/blagovaonski-stolac-od-2-komada-s-jastucima\/#primaryimage\"},\"thumbnailUrl\":\"https:\/\/i0.wp.com\/inti.hr\/wp-content\/uploads\/2025\/01\/KDC184R01-2.jpg?fit=800%2C1000&ssl=1\",\"datePublished\":\"2025-01-08T12:25:44+00:00\",\"dateModified\":\"2025-01-08T12:25:44+00:00\",\"description\":\"Bar\u0161unasto sjedalo, jastuk za sjedenje podstavljen pjenom debljine 5,5 cm, udoban naslon za le\u0111a - sve to osigurava ugodno iskustvo sjedenja. Siva blagovaonska stolica \u010distih linija i jednostavnog dizajna pristaje razli\u010ditim stilovima interijera i dodaje ukrasni \u0161tih va\u0161oj sobi. Zahvaljuju\u0107i jednostavnoj strukturi, sastavljanje je dje\u010dja igra. Samo trebate spojiti sjedalo i \u010deli\u010dne noge, gotovo! PU dizajn na stra\u017enjoj strani omogu\u0107uje \u010di\u0161\u0107enje bez napora. Naslon za le\u0111a prekriven je visokokvalitetnim PU-om, dok je sjedalo izra\u0111eno od bar\u0161una iste boje - to tapeciranoj stolici daje jedinstven, homogen izgled. Opustite se bezbri\u017eno na ovoj kuhinjskoj stolici! \u010celi\u010dne noge okrenute prema van nude visoku stabilnost. A podesive univerzalne noge osiguravaju dobru stabilnost \u010dak i na blago neravnim podovima!\",\"breadcrumb\":{\"@id\":\"https:\/\/inti.hr\/sr\/proizvod\/blagovaonski-stolac-od-2-komada-s-jastucima\/#breadcrumb\"},\"inLanguage\":\"sr-RS\",\"potentialAction\":[{\"@type\":\"ReadAction\",\"target\":[\"https:\/\/inti.hr\/sr\/proizvod\/blagovaonski-stolac-od-2-komada-s-jastucima\/\"]}]},{\"@type\":\"ImageObject\",\"inLanguage\":\"sr-RS\",\"@id\":\"https:\/\/inti.hr\/sr\/proizvod\/blagovaonski-stolac-od-2-komada-s-jastucima\/#primaryimage\",\"url\":\"https:\/\/i0.wp.com\/inti.hr\/wp-content\/uploads\/2025\/01\/KDC184R01-2.jpg?fit=800%2C1000&ssl=1\",\"contentUrl\":\"https:\/\/i0.wp.com\/inti.hr\/wp-content\/uploads\/2025\/01\/KDC184R01-2.jpg?fit=800%2C1000&ssl=1\",\"width\":800,\"height\":1000,\"caption\":\"VASAGLE blagovaonski stolac od 2 komada s jastucima pastelno ru\u017ei\u010dasta i oblak bijela\"},{\"@type\":\"BreadcrumbList\",\"@id\":\"https:\/\/inti.hr\/sr\/proizvod\/blagovaonski-stolac-od-2-komada-s-jastucima\/#breadcrumb\",\"itemListElement\":[{\"@type\":\"ListItem\",\"position\":1,\"name\":\"Po\u010detna stranica\",\"item\":\"https:\/\/inti.hr\/sr\/\"},{\"@type\":\"ListItem\",\"position\":2,\"name\":\"Prodavnica\",\"item\":\"https:\/\/inti.hr\/sr\/prodavnica\/\"},{\"@type\":\"ListItem\",\"position\":3,\"name\":\"Blagovaonski stolac od 2 komada s jastucima\"}]},{\"@type\":\"WebSite\",\"@id\":\"https:\/\/inti.hr\/sr\/#website\",\"url\":\"https:\/\/inti.hr\/sr\/\",\"name\":\"Inti\",\"description\":\"trgovina\",\"potentialAction\":[{\"@type\":\"SearchAction\",\"target\":{\"@type\":\"EntryPoint\",\"urlTemplate\":\"https:\/\/inti.hr\/sr\/?s={search_term_string}\"},\"query-input\":{\"@type\":\"PropertyValueSpecification\",\"valueRequired\":true,\"valueName\":\"search_term_string\"}}],\"inLanguage\":\"sr-RS\"}]}<\/script>\n<!-- \/ Yoast SEO plugin. -->","yoast_head_json":{"title":"Blagovaonski stolac od 2 komada s jastucima - Inti","description":"Bar\u0161unasto sjedalo, jastuk za sjedenje podstavljen pjenom debljine 5,5 cm, udoban naslon za le\u0111a - sve to osigurava ugodno iskustvo sjedenja. Siva blagovaonska stolica \u010distih linija i jednostavnog dizajna pristaje razli\u010ditim stilovima interijera i dodaje ukrasni \u0161tih va\u0161oj sobi. Zahvaljuju\u0107i jednostavnoj strukturi, sastavljanje je dje\u010dja igra. Samo trebate spojiti sjedalo i \u010deli\u010dne noge, gotovo! PU dizajn na stra\u017enjoj strani omogu\u0107uje \u010di\u0161\u0107enje bez napora. Naslon za le\u0111a prekriven je visokokvalitetnim PU-om, dok je sjedalo izra\u0111eno od bar\u0161una iste boje - to tapeciranoj stolici daje jedinstven, homogen izgled. Opustite se bezbri\u017eno na ovoj kuhinjskoj stolici! \u010celi\u010dne noge okrenute prema van nude visoku stabilnost. A podesive univerzalne noge osiguravaju dobru stabilnost \u010dak i na blago neravnim podovima!","robots":{"index":"index","follow":"follow","max-snippet":"max-snippet:-1","max-image-preview":"max-image-preview:large","max-video-preview":"max-video-preview:-1"},"canonical":"https:\/\/inti.hr\/sr\/proizvod\/blagovaonski-stolac-od-2-komada-s-jastucima\/","og_locale":"sr_RS","og_type":"article","og_title":"Blagovaonski stolac od 2 komada s jastucima - Inti","og_description":"Bar\u0161unasto sjedalo, jastuk za sjedenje podstavljen pjenom debljine 5,5 cm, udoban naslon za le\u0111a - sve to osigurava ugodno iskustvo sjedenja. Siva blagovaonska stolica \u010distih linija i jednostavnog dizajna pristaje razli\u010ditim stilovima interijera i dodaje ukrasni \u0161tih va\u0161oj sobi. Zahvaljuju\u0107i jednostavnoj strukturi, sastavljanje je dje\u010dja igra. Samo trebate spojiti sjedalo i \u010deli\u010dne noge, gotovo! PU dizajn na stra\u017enjoj strani omogu\u0107uje \u010di\u0161\u0107enje bez napora. Naslon za le\u0111a prekriven je visokokvalitetnim PU-om, dok je sjedalo izra\u0111eno od bar\u0161una iste boje - to tapeciranoj stolici daje jedinstven, homogen izgled. Opustite se bezbri\u017eno na ovoj kuhinjskoj stolici! \u010celi\u010dne noge okrenute prema van nude visoku stabilnost. A podesive univerzalne noge osiguravaju dobru stabilnost \u010dak i na blago neravnim podovima!","og_url":"https:\/\/inti.hr\/sr\/proizvod\/blagovaonski-stolac-od-2-komada-s-jastucima\/","og_site_name":"Inti","og_image":[{"width":800,"height":1000,"url":"https:\/\/i0.wp.com\/inti.hr\/wp-content\/uploads\/2025\/01\/KDC184R01-2.jpg?fit=800%2C1000&ssl=1","type":"image\/jpeg"}],"twitter_card":"summary_large_image","schema":{"@context":"https:\/\/schema.org","@graph":[{"@type":"WebPage","@id":"https:\/\/inti.hr\/sr\/proizvod\/blagovaonski-stolac-od-2-komada-s-jastucima\/","url":"https:\/\/inti.hr\/sr\/proizvod\/blagovaonski-stolac-od-2-komada-s-jastucima\/","name":"Blagovaonski stolac od 2 komada s jastucima - Inti","isPartOf":{"@id":"https:\/\/inti.hr\/sr\/#website"},"primaryImageOfPage":{"@id":"https:\/\/inti.hr\/sr\/proizvod\/blagovaonski-stolac-od-2-komada-s-jastucima\/#primaryimage"},"image":{"@id":"https:\/\/inti.hr\/sr\/proizvod\/blagovaonski-stolac-od-2-komada-s-jastucima\/#primaryimage"},"thumbnailUrl":"https:\/\/i0.wp.com\/inti.hr\/wp-content\/uploads\/2025\/01\/KDC184R01-2.jpg?fit=800%2C1000&ssl=1","datePublished":"2025-01-08T12:25:44+00:00","dateModified":"2025-01-08T12:25:44+00:00","description":"Bar\u0161unasto sjedalo, jastuk za sjedenje podstavljen pjenom debljine 5,5 cm, udoban naslon za le\u0111a - sve to osigurava ugodno iskustvo sjedenja. Siva blagovaonska stolica \u010distih linija i jednostavnog dizajna pristaje razli\u010ditim stilovima interijera i dodaje ukrasni \u0161tih va\u0161oj sobi. Zahvaljuju\u0107i jednostavnoj strukturi, sastavljanje je dje\u010dja igra. Samo trebate spojiti sjedalo i \u010deli\u010dne noge, gotovo! PU dizajn na stra\u017enjoj strani omogu\u0107uje \u010di\u0161\u0107enje bez napora. Naslon za le\u0111a prekriven je visokokvalitetnim PU-om, dok je sjedalo izra\u0111eno od bar\u0161una iste boje - to tapeciranoj stolici daje jedinstven, homogen izgled. Opustite se bezbri\u017eno na ovoj kuhinjskoj stolici! \u010celi\u010dne noge okrenute prema van nude visoku stabilnost. A podesive univerzalne noge osiguravaju dobru stabilnost \u010dak i na blago neravnim podovima!","breadcrumb":{"@id":"https:\/\/inti.hr\/sr\/proizvod\/blagovaonski-stolac-od-2-komada-s-jastucima\/#breadcrumb"},"inLanguage":"sr-RS","potentialAction":[{"@type":"ReadAction","target":["https:\/\/inti.hr\/sr\/proizvod\/blagovaonski-stolac-od-2-komada-s-jastucima\/"]}]},{"@type":"ImageObject","inLanguage":"sr-RS","@id":"https:\/\/inti.hr\/sr\/proizvod\/blagovaonski-stolac-od-2-komada-s-jastucima\/#primaryimage","url":"https:\/\/i0.wp.com\/inti.hr\/wp-content\/uploads\/2025\/01\/KDC184R01-2.jpg?fit=800%2C1000&ssl=1","contentUrl":"https:\/\/i0.wp.com\/inti.hr\/wp-content\/uploads\/2025\/01\/KDC184R01-2.jpg?fit=800%2C1000&ssl=1","width":800,"height":1000,"caption":"VASAGLE blagovaonski stolac od 2 komada s jastucima pastelno ru\u017ei\u010dasta i oblak bijela"},{"@type":"BreadcrumbList","@id":"https:\/\/inti.hr\/sr\/proizvod\/blagovaonski-stolac-od-2-komada-s-jastucima\/#breadcrumb","itemListElement":[{"@type":"ListItem","position":1,"name":"Po\u010detna stranica","item":"https:\/\/inti.hr\/sr\/"},{"@type":"ListItem","position":2,"name":"Prodavnica","item":"https:\/\/inti.hr\/sr\/prodavnica\/"},{"@type":"ListItem","position":3,"name":"Blagovaonski stolac od 2 komada s jastucima"}]},{"@type":"WebSite","@id":"https:\/\/inti.hr\/sr\/#website","url":"https:\/\/inti.hr\/sr\/","name":"Inti","description":"trgovina","potentialAction":[{"@type":"SearchAction","target":{"@type":"EntryPoint","urlTemplate":"https:\/\/inti.hr\/sr\/?s={search_term_string}"},"query-input":{"@type":"PropertyValueSpecification","valueRequired":true,"valueName":"search_term_string"}}],"inLanguage":"sr-RS"}]}},"jetpack_sharing_enabled":true,"jetpack-related-posts":[],"_links":{"self":[{"href":"https:\/\/inti.hr\/sr\/wp-json\/wp\/v2\/product\/31691"}],"collection":[{"href":"https:\/\/inti.hr\/sr\/wp-json\/wp\/v2\/product"}],"about":[{"href":"https:\/\/inti.hr\/sr\/wp-json\/wp\/v2\/types\/product"}],"wp:featuredmedia":[{"embeddable":true,"href":"https:\/\/inti.hr\/sr\/wp-json\/wp\/v2\/media\/31692"}],"wp:attachment":[{"href":"https:\/\/inti.hr\/sr\/wp-json\/wp\/v2\/media?parent=31691"}],"wp:term":[{"taxonomy":"product_cat","embeddable":true,"href":"https:\/\/inti.hr\/sr\/wp-json\/wp\/v2\/product_cat?post=31691"},{"taxonomy":"product_tag","embeddable":true,"href":"https:\/\/inti.hr\/sr\/wp-json\/wp\/v2\/product_tag?post=31691"}],"curies":[{"name":"wp","href":"https:\/\/api.w.org\/{rel}","templated":true}]}}