{"id":31745,"date":"2024-11-26T14:03:17","date_gmt":"2024-11-26T13:03:17","guid":{"rendered":"https:\/\/inti.hr\/product\/komoda-s-kotacima-90x40x90-cm\/"},"modified":"2024-11-26T14:03:17","modified_gmt":"2024-11-26T13:03:17","slug":"komoda-s-kotacima-90x40x90-cm","status":"publish","type":"product","link":"https:\/\/inti.hr\/sr\/proizvod\/komoda-s-kotacima-90x40x90-cm\/","title":{"rendered":"Komoda s kota\u010dima 90x40x90 cm"},"content":{"rendered":"<p><strong><span>Tehni\u010dke specifikacije:<\/span><\/strong><\/p>\n<ul>\n<li><span>Te\u017eina: oko 48 kg.\u00a0<\/span><\/li>\n<li><span>Testirano za: 80 kg.<\/span><\/li>\n<li><span>Materijal: MDF(E1).<\/span><\/li>\n<li><span>Mjere proizvoda: 90x40x90 cm (vidi sliku).\u00a0<\/span><\/li>\n<li><span>Dostava: u 2 paketa.\u00a0<\/span><\/li>\n<li><span>Mjere paketa A: 93x47x14,5 cm;\u00a0<\/span><\/li>\n<li><span>Mjere paketa B: 95,5x47x10,5 cm<\/span><\/li>\n<li><span>S uputama za sastavljanje i vijcima, jednostavna monta\u017ea.<\/span><\/li>\n<\/ul>\n","protected":false},"excerpt":{"rendered":"<p>Nakon \u0161to otvorite dvoja ulazna vrata, na\u0107i \u0107ete veliki i dobro &#8230; <\/p>\n","protected":false},"featured_media":31746,"template":"","meta":[],"product_cat":[2539],"product_tag":[3081,2540],"yoast_head":"<!-- This site is optimized with the Yoast SEO plugin v23.7 - https:\/\/yoast.com\/wordpress\/plugins\/seo\/ -->\n<title>Komoda s kota\u010dima 90x40x90 cm - Inti<\/title>\n<meta name=\"description\" content=\"Nakon \u0161to otvorite dvoja ulazna vrata, na\u0107i \u0107ete veliki i dobro organiziran prostor, podijeljen u \u010detiri razli\u010dita dijela. Svaki dio je idealan za spremanje namirnica, kuhinjskog pribora i svega \u0161to vam je potrebno za pripremu ukusnih jela. Nadalje, prakti\u010dna ladica smje\u0161tena na vrhu nudi dodatni prostor za spremanje sitnica, dr\u017ee\u0107i sve uredno i nadohvat ruke.Da biste dodali da\u0161ak funkcionalnosti, kamion je opremljen dr\u017ea\u010dem za ru\u010dnike koji se mo\u017ee jednostavno postaviti.\" \/>\n<meta name=\"robots\" content=\"index, follow, max-snippet:-1, max-image-preview:large, max-video-preview:-1\" \/>\n<link rel=\"canonical\" href=\"https:\/\/inti.hr\/sr\/proizvod\/komoda-s-kotacima-90x40x90-cm\/\" \/>\n<meta property=\"og:locale\" content=\"sr_RS\" \/>\n<meta property=\"og:type\" content=\"article\" \/>\n<meta property=\"og:title\" content=\"Komoda s kota\u010dima 90x40x90 cm - Inti\" \/>\n<meta property=\"og:description\" content=\"Nakon \u0161to otvorite dvoja ulazna vrata, na\u0107i \u0107ete veliki i dobro organiziran prostor, podijeljen u \u010detiri razli\u010dita dijela. Svaki dio je idealan za spremanje namirnica, kuhinjskog pribora i svega \u0161to vam je potrebno za pripremu ukusnih jela. Nadalje, prakti\u010dna ladica smje\u0161tena na vrhu nudi dodatni prostor za spremanje sitnica, dr\u017ee\u0107i sve uredno i nadohvat ruke.Da biste dodali da\u0161ak funkcionalnosti, kamion je opremljen dr\u017ea\u010dem za ru\u010dnike koji se mo\u017ee jednostavno postaviti.\" \/>\n<meta property=\"og:url\" content=\"https:\/\/inti.hr\/sr\/proizvod\/komoda-s-kotacima-90x40x90-cm\/\" \/>\n<meta property=\"og:site_name\" content=\"Inti\" \/>\n<meta property=\"og:image\" content=\"https:\/\/i0.wp.com\/inti.hr\/wp-content\/uploads\/2024\/11\/FKW124-WN-A-S006_1800x1800.webp?fit=1600%2C1600&ssl=1\" \/>\n\t<meta property=\"og:image:width\" content=\"1600\" \/>\n\t<meta property=\"og:image:height\" content=\"1600\" \/>\n\t<meta property=\"og:image:type\" content=\"image\/webp\" \/>\n<meta name=\"twitter:card\" content=\"summary_large_image\" \/>\n<script type=\"application\/ld+json\" class=\"yoast-schema-graph\">{\"@context\":\"https:\/\/schema.org\",\"@graph\":[{\"@type\":\"WebPage\",\"@id\":\"https:\/\/inti.hr\/sr\/proizvod\/komoda-s-kotacima-90x40x90-cm\/\",\"url\":\"https:\/\/inti.hr\/sr\/proizvod\/komoda-s-kotacima-90x40x90-cm\/\",\"name\":\"Komoda s kota\u010dima 90x40x90 cm - Inti\",\"isPartOf\":{\"@id\":\"https:\/\/inti.hr\/sr\/#website\"},\"primaryImageOfPage\":{\"@id\":\"https:\/\/inti.hr\/sr\/proizvod\/komoda-s-kotacima-90x40x90-cm\/#primaryimage\"},\"image\":{\"@id\":\"https:\/\/inti.hr\/sr\/proizvod\/komoda-s-kotacima-90x40x90-cm\/#primaryimage\"},\"thumbnailUrl\":\"https:\/\/i0.wp.com\/inti.hr\/wp-content\/uploads\/2024\/11\/FKW124-WN-A-S006_1800x1800.webp?fit=1600%2C1600&ssl=1\",\"datePublished\":\"2024-11-26T13:03:17+00:00\",\"dateModified\":\"2024-11-26T13:03:17+00:00\",\"description\":\"Nakon \u0161to otvorite dvoja ulazna vrata, na\u0107i \u0107ete veliki i dobro organiziran prostor, podijeljen u \u010detiri razli\u010dita dijela. Svaki dio je idealan za spremanje namirnica, kuhinjskog pribora i svega \u0161to vam je potrebno za pripremu ukusnih jela. Nadalje, prakti\u010dna ladica smje\u0161tena na vrhu nudi dodatni prostor za spremanje sitnica, dr\u017ee\u0107i sve uredno i nadohvat ruke.Da biste dodali da\u0161ak funkcionalnosti, kamion je opremljen dr\u017ea\u010dem za ru\u010dnike koji se mo\u017ee jednostavno postaviti.\",\"breadcrumb\":{\"@id\":\"https:\/\/inti.hr\/sr\/proizvod\/komoda-s-kotacima-90x40x90-cm\/#breadcrumb\"},\"inLanguage\":\"sr-RS\",\"potentialAction\":[{\"@type\":\"ReadAction\",\"target\":[\"https:\/\/inti.hr\/sr\/proizvod\/komoda-s-kotacima-90x40x90-cm\/\"]}]},{\"@type\":\"ImageObject\",\"inLanguage\":\"sr-RS\",\"@id\":\"https:\/\/inti.hr\/sr\/proizvod\/komoda-s-kotacima-90x40x90-cm\/#primaryimage\",\"url\":\"https:\/\/i0.wp.com\/inti.hr\/wp-content\/uploads\/2024\/11\/FKW124-WN-A-S006_1800x1800.webp?fit=1600%2C1600&ssl=1\",\"contentUrl\":\"https:\/\/i0.wp.com\/inti.hr\/wp-content\/uploads\/2024\/11\/FKW124-WN-A-S006_1800x1800.webp?fit=1600%2C1600&ssl=1\",\"width\":1600,\"height\":1600,\"caption\":\"SoBuy Komoda s kota\u010dima 90x40x90 cm FKW124-WN\"},{\"@type\":\"BreadcrumbList\",\"@id\":\"https:\/\/inti.hr\/sr\/proizvod\/komoda-s-kotacima-90x40x90-cm\/#breadcrumb\",\"itemListElement\":[{\"@type\":\"ListItem\",\"position\":1,\"name\":\"Po\u010detna stranica\",\"item\":\"https:\/\/inti.hr\/sr\/\"},{\"@type\":\"ListItem\",\"position\":2,\"name\":\"Prodavnica\",\"item\":\"https:\/\/inti.hr\/sr\/prodavnica\/\"},{\"@type\":\"ListItem\",\"position\":3,\"name\":\"Komoda s kota\u010dima 90x40x90 cm\"}]},{\"@type\":\"WebSite\",\"@id\":\"https:\/\/inti.hr\/sr\/#website\",\"url\":\"https:\/\/inti.hr\/sr\/\",\"name\":\"Inti\",\"description\":\"trgovina\",\"potentialAction\":[{\"@type\":\"SearchAction\",\"target\":{\"@type\":\"EntryPoint\",\"urlTemplate\":\"https:\/\/inti.hr\/sr\/?s={search_term_string}\"},\"query-input\":{\"@type\":\"PropertyValueSpecification\",\"valueRequired\":true,\"valueName\":\"search_term_string\"}}],\"inLanguage\":\"sr-RS\"}]}<\/script>\n<!-- \/ Yoast SEO plugin. -->","yoast_head_json":{"title":"Komoda s kota\u010dima 90x40x90 cm - Inti","description":"Nakon \u0161to otvorite dvoja ulazna vrata, na\u0107i \u0107ete veliki i dobro organiziran prostor, podijeljen u \u010detiri razli\u010dita dijela. Svaki dio je idealan za spremanje namirnica, kuhinjskog pribora i svega \u0161to vam je potrebno za pripremu ukusnih jela. Nadalje, prakti\u010dna ladica smje\u0161tena na vrhu nudi dodatni prostor za spremanje sitnica, dr\u017ee\u0107i sve uredno i nadohvat ruke.Da biste dodali da\u0161ak funkcionalnosti, kamion je opremljen dr\u017ea\u010dem za ru\u010dnike koji se mo\u017ee jednostavno postaviti.","robots":{"index":"index","follow":"follow","max-snippet":"max-snippet:-1","max-image-preview":"max-image-preview:large","max-video-preview":"max-video-preview:-1"},"canonical":"https:\/\/inti.hr\/sr\/proizvod\/komoda-s-kotacima-90x40x90-cm\/","og_locale":"sr_RS","og_type":"article","og_title":"Komoda s kota\u010dima 90x40x90 cm - Inti","og_description":"Nakon \u0161to otvorite dvoja ulazna vrata, na\u0107i \u0107ete veliki i dobro organiziran prostor, podijeljen u \u010detiri razli\u010dita dijela. Svaki dio je idealan za spremanje namirnica, kuhinjskog pribora i svega \u0161to vam je potrebno za pripremu ukusnih jela. Nadalje, prakti\u010dna ladica smje\u0161tena na vrhu nudi dodatni prostor za spremanje sitnica, dr\u017ee\u0107i sve uredno i nadohvat ruke.Da biste dodali da\u0161ak funkcionalnosti, kamion je opremljen dr\u017ea\u010dem za ru\u010dnike koji se mo\u017ee jednostavno postaviti.","og_url":"https:\/\/inti.hr\/sr\/proizvod\/komoda-s-kotacima-90x40x90-cm\/","og_site_name":"Inti","og_image":[{"width":1600,"height":1600,"url":"https:\/\/i0.wp.com\/inti.hr\/wp-content\/uploads\/2024\/11\/FKW124-WN-A-S006_1800x1800.webp?fit=1600%2C1600&ssl=1","type":"image\/webp"}],"twitter_card":"summary_large_image","schema":{"@context":"https:\/\/schema.org","@graph":[{"@type":"WebPage","@id":"https:\/\/inti.hr\/sr\/proizvod\/komoda-s-kotacima-90x40x90-cm\/","url":"https:\/\/inti.hr\/sr\/proizvod\/komoda-s-kotacima-90x40x90-cm\/","name":"Komoda s kota\u010dima 90x40x90 cm - Inti","isPartOf":{"@id":"https:\/\/inti.hr\/sr\/#website"},"primaryImageOfPage":{"@id":"https:\/\/inti.hr\/sr\/proizvod\/komoda-s-kotacima-90x40x90-cm\/#primaryimage"},"image":{"@id":"https:\/\/inti.hr\/sr\/proizvod\/komoda-s-kotacima-90x40x90-cm\/#primaryimage"},"thumbnailUrl":"https:\/\/i0.wp.com\/inti.hr\/wp-content\/uploads\/2024\/11\/FKW124-WN-A-S006_1800x1800.webp?fit=1600%2C1600&ssl=1","datePublished":"2024-11-26T13:03:17+00:00","dateModified":"2024-11-26T13:03:17+00:00","description":"Nakon \u0161to otvorite dvoja ulazna vrata, na\u0107i \u0107ete veliki i dobro organiziran prostor, podijeljen u \u010detiri razli\u010dita dijela. Svaki dio je idealan za spremanje namirnica, kuhinjskog pribora i svega \u0161to vam je potrebno za pripremu ukusnih jela. Nadalje, prakti\u010dna ladica smje\u0161tena na vrhu nudi dodatni prostor za spremanje sitnica, dr\u017ee\u0107i sve uredno i nadohvat ruke.Da biste dodali da\u0161ak funkcionalnosti, kamion je opremljen dr\u017ea\u010dem za ru\u010dnike koji se mo\u017ee jednostavno postaviti.","breadcrumb":{"@id":"https:\/\/inti.hr\/sr\/proizvod\/komoda-s-kotacima-90x40x90-cm\/#breadcrumb"},"inLanguage":"sr-RS","potentialAction":[{"@type":"ReadAction","target":["https:\/\/inti.hr\/sr\/proizvod\/komoda-s-kotacima-90x40x90-cm\/"]}]},{"@type":"ImageObject","inLanguage":"sr-RS","@id":"https:\/\/inti.hr\/sr\/proizvod\/komoda-s-kotacima-90x40x90-cm\/#primaryimage","url":"https:\/\/i0.wp.com\/inti.hr\/wp-content\/uploads\/2024\/11\/FKW124-WN-A-S006_1800x1800.webp?fit=1600%2C1600&ssl=1","contentUrl":"https:\/\/i0.wp.com\/inti.hr\/wp-content\/uploads\/2024\/11\/FKW124-WN-A-S006_1800x1800.webp?fit=1600%2C1600&ssl=1","width":1600,"height":1600,"caption":"SoBuy Komoda s kota\u010dima 90x40x90 cm FKW124-WN"},{"@type":"BreadcrumbList","@id":"https:\/\/inti.hr\/sr\/proizvod\/komoda-s-kotacima-90x40x90-cm\/#breadcrumb","itemListElement":[{"@type":"ListItem","position":1,"name":"Po\u010detna stranica","item":"https:\/\/inti.hr\/sr\/"},{"@type":"ListItem","position":2,"name":"Prodavnica","item":"https:\/\/inti.hr\/sr\/prodavnica\/"},{"@type":"ListItem","position":3,"name":"Komoda s kota\u010dima 90x40x90 cm"}]},{"@type":"WebSite","@id":"https:\/\/inti.hr\/sr\/#website","url":"https:\/\/inti.hr\/sr\/","name":"Inti","description":"trgovina","potentialAction":[{"@type":"SearchAction","target":{"@type":"EntryPoint","urlTemplate":"https:\/\/inti.hr\/sr\/?s={search_term_string}"},"query-input":{"@type":"PropertyValueSpecification","valueRequired":true,"valueName":"search_term_string"}}],"inLanguage":"sr-RS"}]}},"jetpack_sharing_enabled":true,"jetpack-related-posts":[],"_links":{"self":[{"href":"https:\/\/inti.hr\/sr\/wp-json\/wp\/v2\/product\/31745"}],"collection":[{"href":"https:\/\/inti.hr\/sr\/wp-json\/wp\/v2\/product"}],"about":[{"href":"https:\/\/inti.hr\/sr\/wp-json\/wp\/v2\/types\/product"}],"wp:featuredmedia":[{"embeddable":true,"href":"https:\/\/inti.hr\/sr\/wp-json\/wp\/v2\/media\/31746"}],"wp:attachment":[{"href":"https:\/\/inti.hr\/sr\/wp-json\/wp\/v2\/media?parent=31745"}],"wp:term":[{"taxonomy":"product_cat","embeddable":true,"href":"https:\/\/inti.hr\/sr\/wp-json\/wp\/v2\/product_cat?post=31745"},{"taxonomy":"product_tag","embeddable":true,"href":"https:\/\/inti.hr\/sr\/wp-json\/wp\/v2\/product_tag?post=31745"}],"curies":[{"name":"wp","href":"https:\/\/api.w.org\/{rel}","templated":true}]}}