{"id":31803,"date":"2024-11-19T17:30:52","date_gmt":"2024-11-19T16:30:52","guid":{"rendered":"https:\/\/inti.hr\/product\/toaletni-stol-s-tabureom-i-rasvjetom-40-x-100-x-1348-cm\/"},"modified":"2024-11-19T17:30:52","modified_gmt":"2024-11-19T16:30:52","slug":"toaletni-stol-s-tabureom-i-rasvjetom-40-x-100-x-1348-cm","status":"publish","type":"product","link":"https:\/\/inti.hr\/sr\/proizvod\/toaletni-stol-s-tabureom-i-rasvjetom-40-x-100-x-1348-cm\/","title":{"rendered":"Toaletni stol s tabureom i rasvjetom 40 x 100 x 134,8 cm"},"content":{"rendered":"<p>Detalji proizvoda:<br \/>\nBoja: Mat bijelo-blijedo zlatna<br \/>\nMaterijal: iverica, \u010delik<br \/>\nVeli\u010dina: 40 x 100 x 134,8 cm (D x \u0160 x V)<br \/>\nUkupna te\u017eina: 27,4 kg<br \/>\nMaksimalna stati\u010dka nosivost plo\u010de stola: 100 kg<br \/>\nMaksimalna stati\u010dka nosivost stolice: 120 kg<br \/>\nMaksimalna stati\u010dka nosivost svake ladice: 5 kg<\/p>\n","protected":false},"excerpt":{"rendered":"<p>Prostrana plo\u010da stola, 2 velike ladice, 1 organizator s 4 mala &#8230; <\/p>\n","protected":false},"featured_media":31804,"template":"","meta":[],"product_cat":[2416],"product_tag":[3114,3115],"yoast_head":"<!-- This site is optimized with the Yoast SEO plugin v23.7 - https:\/\/yoast.com\/wordpress\/plugins\/seo\/ -->\n<title>Toaletni stol s tabureom i rasvjetom 40 x 100 x 134,8 cm - Inti<\/title>\n<meta name=\"description\" content=\"Prostrana plo\u010da stola, 2 velike ladice, 1 organizator s 4 mala pretinca i 1 otvoreni pretinac - Ovaj toaletni stoli\u0107 nudi dovoljno prostora za va\u0161e kozmeti\u010dke potrep\u0161tine. Sve se mo\u017ee uredno pohraniti i na dohvat ruke. Zahvaljuju\u0107i 2 AC uti\u010dnice i 2 USB priklju\u010dka, su\u0161ila za kosu itd. mogu se koristiti izravno za stolom. Stra\u017enji adapter pru\u017ea dodatnu vezu za svjetlo ogledala tako da njegov kabel mo\u017ee ostati skriven. Jednostavan dizajn, bijela boja i jasne linije utjelovljuju \u010disti minimalizam. Osim toga, ladice s dizajnom utora va\u0161oj sobi daju jedinstven karakter. S rotiraju\u0107im dizajnom, ogledalo mo\u017eete prilagoditi po potrebi; Pomo\u0107u kontrole na dodir mo\u017eete promijeniti boju i intenzitet svjetla za besprijekoran make-up. Noge toaletnog stoli\u0107a sastoje se od 3 robusne \u010deli\u010dne cijevi (9 mm debljine stjenke), koje u kombinaciji s visokokvalitetnom iveralom osiguravaju visoku stabilnost i dug vijek trajanja.\" \/>\n<meta name=\"robots\" content=\"index, follow, max-snippet:-1, max-image-preview:large, max-video-preview:-1\" \/>\n<link rel=\"canonical\" href=\"https:\/\/inti.hr\/sr\/proizvod\/toaletni-stol-s-tabureom-i-rasvjetom-40-x-100-x-1348-cm\/\" \/>\n<meta property=\"og:locale\" content=\"sr_RS\" \/>\n<meta property=\"og:type\" content=\"article\" \/>\n<meta property=\"og:title\" content=\"Toaletni stol s tabureom i rasvjetom 40 x 100 x 134,8 cm - Inti\" \/>\n<meta property=\"og:description\" content=\"Prostrana plo\u010da stola, 2 velike ladice, 1 organizator s 4 mala pretinca i 1 otvoreni pretinac - Ovaj toaletni stoli\u0107 nudi dovoljno prostora za va\u0161e kozmeti\u010dke potrep\u0161tine. Sve se mo\u017ee uredno pohraniti i na dohvat ruke. Zahvaljuju\u0107i 2 AC uti\u010dnice i 2 USB priklju\u010dka, su\u0161ila za kosu itd. mogu se koristiti izravno za stolom. Stra\u017enji adapter pru\u017ea dodatnu vezu za svjetlo ogledala tako da njegov kabel mo\u017ee ostati skriven. Jednostavan dizajn, bijela boja i jasne linije utjelovljuju \u010disti minimalizam. Osim toga, ladice s dizajnom utora va\u0161oj sobi daju jedinstven karakter. S rotiraju\u0107im dizajnom, ogledalo mo\u017eete prilagoditi po potrebi; Pomo\u0107u kontrole na dodir mo\u017eete promijeniti boju i intenzitet svjetla za besprijekoran make-up. Noge toaletnog stoli\u0107a sastoje se od 3 robusne \u010deli\u010dne cijevi (9 mm debljine stjenke), koje u kombinaciji s visokokvalitetnom iveralom osiguravaju visoku stabilnost i dug vijek trajanja.\" \/>\n<meta property=\"og:url\" content=\"https:\/\/inti.hr\/sr\/proizvod\/toaletni-stol-s-tabureom-i-rasvjetom-40-x-100-x-1348-cm\/\" \/>\n<meta property=\"og:site_name\" content=\"Inti\" \/>\n<meta property=\"og:image\" content=\"https:\/\/i0.wp.com\/inti.hr\/wp-content\/uploads\/2024\/11\/RVT619W01-2.jpg?fit=800%2C1000&ssl=1\" \/>\n\t<meta property=\"og:image:width\" content=\"800\" \/>\n\t<meta property=\"og:image:height\" content=\"1000\" \/>\n\t<meta property=\"og:image:type\" content=\"image\/jpeg\" \/>\n<meta name=\"twitter:card\" content=\"summary_large_image\" \/>\n<script type=\"application\/ld+json\" class=\"yoast-schema-graph\">{\"@context\":\"https:\/\/schema.org\",\"@graph\":[{\"@type\":\"WebPage\",\"@id\":\"https:\/\/inti.hr\/sr\/proizvod\/toaletni-stol-s-tabureom-i-rasvjetom-40-x-100-x-1348-cm\/\",\"url\":\"https:\/\/inti.hr\/sr\/proizvod\/toaletni-stol-s-tabureom-i-rasvjetom-40-x-100-x-1348-cm\/\",\"name\":\"Toaletni stol s tabureom i rasvjetom 40 x 100 x 134,8 cm - Inti\",\"isPartOf\":{\"@id\":\"https:\/\/inti.hr\/sr\/#website\"},\"primaryImageOfPage\":{\"@id\":\"https:\/\/inti.hr\/sr\/proizvod\/toaletni-stol-s-tabureom-i-rasvjetom-40-x-100-x-1348-cm\/#primaryimage\"},\"image\":{\"@id\":\"https:\/\/inti.hr\/sr\/proizvod\/toaletni-stol-s-tabureom-i-rasvjetom-40-x-100-x-1348-cm\/#primaryimage\"},\"thumbnailUrl\":\"https:\/\/i0.wp.com\/inti.hr\/wp-content\/uploads\/2024\/11\/RVT619W01-2.jpg?fit=800%2C1000&ssl=1\",\"datePublished\":\"2024-11-19T16:30:52+00:00\",\"dateModified\":\"2024-11-19T16:30:52+00:00\",\"description\":\"Prostrana plo\u010da stola, 2 velike ladice, 1 organizator s 4 mala pretinca i 1 otvoreni pretinac - Ovaj toaletni stoli\u0107 nudi dovoljno prostora za va\u0161e kozmeti\u010dke potrep\u0161tine. Sve se mo\u017ee uredno pohraniti i na dohvat ruke. Zahvaljuju\u0107i 2 AC uti\u010dnice i 2 USB priklju\u010dka, su\u0161ila za kosu itd. mogu se koristiti izravno za stolom. Stra\u017enji adapter pru\u017ea dodatnu vezu za svjetlo ogledala tako da njegov kabel mo\u017ee ostati skriven. Jednostavan dizajn, bijela boja i jasne linije utjelovljuju \u010disti minimalizam. Osim toga, ladice s dizajnom utora va\u0161oj sobi daju jedinstven karakter. S rotiraju\u0107im dizajnom, ogledalo mo\u017eete prilagoditi po potrebi; Pomo\u0107u kontrole na dodir mo\u017eete promijeniti boju i intenzitet svjetla za besprijekoran make-up. Noge toaletnog stoli\u0107a sastoje se od 3 robusne \u010deli\u010dne cijevi (9 mm debljine stjenke), koje u kombinaciji s visokokvalitetnom iveralom osiguravaju visoku stabilnost i dug vijek trajanja.\",\"breadcrumb\":{\"@id\":\"https:\/\/inti.hr\/sr\/proizvod\/toaletni-stol-s-tabureom-i-rasvjetom-40-x-100-x-1348-cm\/#breadcrumb\"},\"inLanguage\":\"sr-RS\",\"potentialAction\":[{\"@type\":\"ReadAction\",\"target\":[\"https:\/\/inti.hr\/sr\/proizvod\/toaletni-stol-s-tabureom-i-rasvjetom-40-x-100-x-1348-cm\/\"]}]},{\"@type\":\"ImageObject\",\"inLanguage\":\"sr-RS\",\"@id\":\"https:\/\/inti.hr\/sr\/proizvod\/toaletni-stol-s-tabureom-i-rasvjetom-40-x-100-x-1348-cm\/#primaryimage\",\"url\":\"https:\/\/i0.wp.com\/inti.hr\/wp-content\/uploads\/2024\/11\/RVT619W01-2.jpg?fit=800%2C1000&ssl=1\",\"contentUrl\":\"https:\/\/i0.wp.com\/inti.hr\/wp-content\/uploads\/2024\/11\/RVT619W01-2.jpg?fit=800%2C1000&ssl=1\",\"width\":800,\"height\":1000,\"caption\":\"VASAGLE toaletni stol s tabureom i rasvjetom 40 x 100 x 134,8 cm\"},{\"@type\":\"BreadcrumbList\",\"@id\":\"https:\/\/inti.hr\/sr\/proizvod\/toaletni-stol-s-tabureom-i-rasvjetom-40-x-100-x-1348-cm\/#breadcrumb\",\"itemListElement\":[{\"@type\":\"ListItem\",\"position\":1,\"name\":\"Po\u010detna stranica\",\"item\":\"https:\/\/inti.hr\/sr\/\"},{\"@type\":\"ListItem\",\"position\":2,\"name\":\"Prodavnica\",\"item\":\"https:\/\/inti.hr\/sr\/prodavnica\/\"},{\"@type\":\"ListItem\",\"position\":3,\"name\":\"Toaletni stol s tabureom i rasvjetom 40 x 100 x 134,8 cm\"}]},{\"@type\":\"WebSite\",\"@id\":\"https:\/\/inti.hr\/sr\/#website\",\"url\":\"https:\/\/inti.hr\/sr\/\",\"name\":\"Inti\",\"description\":\"trgovina\",\"potentialAction\":[{\"@type\":\"SearchAction\",\"target\":{\"@type\":\"EntryPoint\",\"urlTemplate\":\"https:\/\/inti.hr\/sr\/?s={search_term_string}\"},\"query-input\":{\"@type\":\"PropertyValueSpecification\",\"valueRequired\":true,\"valueName\":\"search_term_string\"}}],\"inLanguage\":\"sr-RS\"}]}<\/script>\n<!-- \/ Yoast SEO plugin. -->","yoast_head_json":{"title":"Toaletni stol s tabureom i rasvjetom 40 x 100 x 134,8 cm - Inti","description":"Prostrana plo\u010da stola, 2 velike ladice, 1 organizator s 4 mala pretinca i 1 otvoreni pretinac - Ovaj toaletni stoli\u0107 nudi dovoljno prostora za va\u0161e kozmeti\u010dke potrep\u0161tine. Sve se mo\u017ee uredno pohraniti i na dohvat ruke. Zahvaljuju\u0107i 2 AC uti\u010dnice i 2 USB priklju\u010dka, su\u0161ila za kosu itd. mogu se koristiti izravno za stolom. Stra\u017enji adapter pru\u017ea dodatnu vezu za svjetlo ogledala tako da njegov kabel mo\u017ee ostati skriven. Jednostavan dizajn, bijela boja i jasne linije utjelovljuju \u010disti minimalizam. Osim toga, ladice s dizajnom utora va\u0161oj sobi daju jedinstven karakter. S rotiraju\u0107im dizajnom, ogledalo mo\u017eete prilagoditi po potrebi; Pomo\u0107u kontrole na dodir mo\u017eete promijeniti boju i intenzitet svjetla za besprijekoran make-up. Noge toaletnog stoli\u0107a sastoje se od 3 robusne \u010deli\u010dne cijevi (9 mm debljine stjenke), koje u kombinaciji s visokokvalitetnom iveralom osiguravaju visoku stabilnost i dug vijek trajanja.","robots":{"index":"index","follow":"follow","max-snippet":"max-snippet:-1","max-image-preview":"max-image-preview:large","max-video-preview":"max-video-preview:-1"},"canonical":"https:\/\/inti.hr\/sr\/proizvod\/toaletni-stol-s-tabureom-i-rasvjetom-40-x-100-x-1348-cm\/","og_locale":"sr_RS","og_type":"article","og_title":"Toaletni stol s tabureom i rasvjetom 40 x 100 x 134,8 cm - Inti","og_description":"Prostrana plo\u010da stola, 2 velike ladice, 1 organizator s 4 mala pretinca i 1 otvoreni pretinac - Ovaj toaletni stoli\u0107 nudi dovoljno prostora za va\u0161e kozmeti\u010dke potrep\u0161tine. Sve se mo\u017ee uredno pohraniti i na dohvat ruke. Zahvaljuju\u0107i 2 AC uti\u010dnice i 2 USB priklju\u010dka, su\u0161ila za kosu itd. mogu se koristiti izravno za stolom. Stra\u017enji adapter pru\u017ea dodatnu vezu za svjetlo ogledala tako da njegov kabel mo\u017ee ostati skriven. Jednostavan dizajn, bijela boja i jasne linije utjelovljuju \u010disti minimalizam. Osim toga, ladice s dizajnom utora va\u0161oj sobi daju jedinstven karakter. S rotiraju\u0107im dizajnom, ogledalo mo\u017eete prilagoditi po potrebi; Pomo\u0107u kontrole na dodir mo\u017eete promijeniti boju i intenzitet svjetla za besprijekoran make-up. Noge toaletnog stoli\u0107a sastoje se od 3 robusne \u010deli\u010dne cijevi (9 mm debljine stjenke), koje u kombinaciji s visokokvalitetnom iveralom osiguravaju visoku stabilnost i dug vijek trajanja.","og_url":"https:\/\/inti.hr\/sr\/proizvod\/toaletni-stol-s-tabureom-i-rasvjetom-40-x-100-x-1348-cm\/","og_site_name":"Inti","og_image":[{"width":800,"height":1000,"url":"https:\/\/i0.wp.com\/inti.hr\/wp-content\/uploads\/2024\/11\/RVT619W01-2.jpg?fit=800%2C1000&ssl=1","type":"image\/jpeg"}],"twitter_card":"summary_large_image","schema":{"@context":"https:\/\/schema.org","@graph":[{"@type":"WebPage","@id":"https:\/\/inti.hr\/sr\/proizvod\/toaletni-stol-s-tabureom-i-rasvjetom-40-x-100-x-1348-cm\/","url":"https:\/\/inti.hr\/sr\/proizvod\/toaletni-stol-s-tabureom-i-rasvjetom-40-x-100-x-1348-cm\/","name":"Toaletni stol s tabureom i rasvjetom 40 x 100 x 134,8 cm - Inti","isPartOf":{"@id":"https:\/\/inti.hr\/sr\/#website"},"primaryImageOfPage":{"@id":"https:\/\/inti.hr\/sr\/proizvod\/toaletni-stol-s-tabureom-i-rasvjetom-40-x-100-x-1348-cm\/#primaryimage"},"image":{"@id":"https:\/\/inti.hr\/sr\/proizvod\/toaletni-stol-s-tabureom-i-rasvjetom-40-x-100-x-1348-cm\/#primaryimage"},"thumbnailUrl":"https:\/\/i0.wp.com\/inti.hr\/wp-content\/uploads\/2024\/11\/RVT619W01-2.jpg?fit=800%2C1000&ssl=1","datePublished":"2024-11-19T16:30:52+00:00","dateModified":"2024-11-19T16:30:52+00:00","description":"Prostrana plo\u010da stola, 2 velike ladice, 1 organizator s 4 mala pretinca i 1 otvoreni pretinac - Ovaj toaletni stoli\u0107 nudi dovoljno prostora za va\u0161e kozmeti\u010dke potrep\u0161tine. Sve se mo\u017ee uredno pohraniti i na dohvat ruke. Zahvaljuju\u0107i 2 AC uti\u010dnice i 2 USB priklju\u010dka, su\u0161ila za kosu itd. mogu se koristiti izravno za stolom. Stra\u017enji adapter pru\u017ea dodatnu vezu za svjetlo ogledala tako da njegov kabel mo\u017ee ostati skriven. Jednostavan dizajn, bijela boja i jasne linije utjelovljuju \u010disti minimalizam. Osim toga, ladice s dizajnom utora va\u0161oj sobi daju jedinstven karakter. S rotiraju\u0107im dizajnom, ogledalo mo\u017eete prilagoditi po potrebi; Pomo\u0107u kontrole na dodir mo\u017eete promijeniti boju i intenzitet svjetla za besprijekoran make-up. Noge toaletnog stoli\u0107a sastoje se od 3 robusne \u010deli\u010dne cijevi (9 mm debljine stjenke), koje u kombinaciji s visokokvalitetnom iveralom osiguravaju visoku stabilnost i dug vijek trajanja.","breadcrumb":{"@id":"https:\/\/inti.hr\/sr\/proizvod\/toaletni-stol-s-tabureom-i-rasvjetom-40-x-100-x-1348-cm\/#breadcrumb"},"inLanguage":"sr-RS","potentialAction":[{"@type":"ReadAction","target":["https:\/\/inti.hr\/sr\/proizvod\/toaletni-stol-s-tabureom-i-rasvjetom-40-x-100-x-1348-cm\/"]}]},{"@type":"ImageObject","inLanguage":"sr-RS","@id":"https:\/\/inti.hr\/sr\/proizvod\/toaletni-stol-s-tabureom-i-rasvjetom-40-x-100-x-1348-cm\/#primaryimage","url":"https:\/\/i0.wp.com\/inti.hr\/wp-content\/uploads\/2024\/11\/RVT619W01-2.jpg?fit=800%2C1000&ssl=1","contentUrl":"https:\/\/i0.wp.com\/inti.hr\/wp-content\/uploads\/2024\/11\/RVT619W01-2.jpg?fit=800%2C1000&ssl=1","width":800,"height":1000,"caption":"VASAGLE toaletni stol s tabureom i rasvjetom 40 x 100 x 134,8 cm"},{"@type":"BreadcrumbList","@id":"https:\/\/inti.hr\/sr\/proizvod\/toaletni-stol-s-tabureom-i-rasvjetom-40-x-100-x-1348-cm\/#breadcrumb","itemListElement":[{"@type":"ListItem","position":1,"name":"Po\u010detna stranica","item":"https:\/\/inti.hr\/sr\/"},{"@type":"ListItem","position":2,"name":"Prodavnica","item":"https:\/\/inti.hr\/sr\/prodavnica\/"},{"@type":"ListItem","position":3,"name":"Toaletni stol s tabureom i rasvjetom 40 x 100 x 134,8 cm"}]},{"@type":"WebSite","@id":"https:\/\/inti.hr\/sr\/#website","url":"https:\/\/inti.hr\/sr\/","name":"Inti","description":"trgovina","potentialAction":[{"@type":"SearchAction","target":{"@type":"EntryPoint","urlTemplate":"https:\/\/inti.hr\/sr\/?s={search_term_string}"},"query-input":{"@type":"PropertyValueSpecification","valueRequired":true,"valueName":"search_term_string"}}],"inLanguage":"sr-RS"}]}},"jetpack_sharing_enabled":true,"jetpack-related-posts":[],"_links":{"self":[{"href":"https:\/\/inti.hr\/sr\/wp-json\/wp\/v2\/product\/31803"}],"collection":[{"href":"https:\/\/inti.hr\/sr\/wp-json\/wp\/v2\/product"}],"about":[{"href":"https:\/\/inti.hr\/sr\/wp-json\/wp\/v2\/types\/product"}],"wp:featuredmedia":[{"embeddable":true,"href":"https:\/\/inti.hr\/sr\/wp-json\/wp\/v2\/media\/31804"}],"wp:attachment":[{"href":"https:\/\/inti.hr\/sr\/wp-json\/wp\/v2\/media?parent=31803"}],"wp:term":[{"taxonomy":"product_cat","embeddable":true,"href":"https:\/\/inti.hr\/sr\/wp-json\/wp\/v2\/product_cat?post=31803"},{"taxonomy":"product_tag","embeddable":true,"href":"https:\/\/inti.hr\/sr\/wp-json\/wp\/v2\/product_tag?post=31803"}],"curies":[{"name":"wp","href":"https:\/\/api.w.org\/{rel}","templated":true}]}}