{"id":31851,"date":"2024-10-28T16:06:41","date_gmt":"2024-10-28T15:06:41","guid":{"rendered":"https:\/\/inti.hr\/product\/komoda-za-kolica-koja-stedi-prostor-17x52x69cm\/"},"modified":"2024-10-28T16:06:41","modified_gmt":"2024-10-28T15:06:41","slug":"komoda-za-kolica-koja-stedi-prostor-17x52x69cm","status":"publish","type":"product","link":"https:\/\/inti.hr\/sr\/proizvod\/komoda-za-kolica-koja-stedi-prostor-17x52x69cm\/","title":{"rendered":"Komoda za kolica koja \u0161tedi prostor 17X52X69cm"},"content":{"rendered":"<p>Pojedinosti o proizvodu:<\/p>\n<p>Te\u017eina: oko 10,6 kg.<br \/>\nTestirano za: 17 kg<br \/>\nMaterijal: MDF(E1), Metal.<br \/>\nMjere proizvoda: 52x17x69 cm (vidi sliku).<br \/>\nDimenzije paketa: 74x33x21 cm.<br \/>\nIza vrata nalazi se polica podesiva u 3 visine.<br \/>\nS uputama za sastavljanje i vijcima. Jednostavna instalacija.<\/p>\n","protected":false},"excerpt":{"rendered":"<p><span>U svakodnevnom \u017eivotu koristite mnoge higijenske i kozmeti\u010dke potrep\u0161tine u svojoj &#8230; <\/p>\n","protected":false},"featured_media":31852,"template":"","meta":[],"product_cat":[2396],"product_tag":[3131,2522],"yoast_head":"<!-- This site is optimized with the Yoast SEO plugin v23.7 - https:\/\/yoast.com\/wordpress\/plugins\/seo\/ -->\n<title>Komoda za kolica koja \u0161tedi prostor 17X52X69cm - Inti<\/title>\n<meta name=\"description\" content=\"U svakodnevnom \u017eivotu koristite mnoge higijenske i kozmeti\u010dke potrep\u0161tine u svojoj kupaonici. Ovaj ormari\u0107 je savr\u0161en za odr\u017eavanje va\u0161e kupaonice \u010distom, urednom i elegantnom.Otvoreni pretinac i dvoja klizna staklena vrata pru\u017eaju dovoljno prostora za spremanje za\u010dina, kupaonskih potrep\u0161tina itd. WC \u010detke i papirnati ru\u010dnici imaju svoj prostor za pohranu.Iza vrata nalazi se polica podesiva u 3 visine.Uklju\u010duje dodatnu malu metalnu kutiju! Prozra\u010dna je i otporna na vlagu pa u nju sprema gel za tu\u0161iranje i ostalo.\u0160irina od 17 cm omogu\u0107uje vam fleksibilno postavljanje ove police gdje god vam je potrebna, na primjer u kuhinji, dnevnoj sobi ili kupaonici. Potrebna vam je samo \u0161aka duga ni\u0161a za pohranu.S 4 okretna kota\u010da odlu\u010dujete ho\u0107e li kolica biti mobilna ili stabilna.\" \/>\n<meta name=\"robots\" content=\"index, follow, max-snippet:-1, max-image-preview:large, max-video-preview:-1\" \/>\n<link rel=\"canonical\" href=\"https:\/\/inti.hr\/sr\/proizvod\/komoda-za-kolica-koja-stedi-prostor-17x52x69cm\/\" \/>\n<meta property=\"og:locale\" content=\"sr_RS\" \/>\n<meta property=\"og:type\" content=\"article\" \/>\n<meta property=\"og:title\" content=\"Komoda za kolica koja \u0161tedi prostor 17X52X69cm - Inti\" \/>\n<meta property=\"og:description\" content=\"U svakodnevnom \u017eivotu koristite mnoge higijenske i kozmeti\u010dke potrep\u0161tine u svojoj kupaonici. Ovaj ormari\u0107 je savr\u0161en za odr\u017eavanje va\u0161e kupaonice \u010distom, urednom i elegantnom.Otvoreni pretinac i dvoja klizna staklena vrata pru\u017eaju dovoljno prostora za spremanje za\u010dina, kupaonskih potrep\u0161tina itd. WC \u010detke i papirnati ru\u010dnici imaju svoj prostor za pohranu.Iza vrata nalazi se polica podesiva u 3 visine.Uklju\u010duje dodatnu malu metalnu kutiju! Prozra\u010dna je i otporna na vlagu pa u nju sprema gel za tu\u0161iranje i ostalo.\u0160irina od 17 cm omogu\u0107uje vam fleksibilno postavljanje ove police gdje god vam je potrebna, na primjer u kuhinji, dnevnoj sobi ili kupaonici. Potrebna vam je samo \u0161aka duga ni\u0161a za pohranu.S 4 okretna kota\u010da odlu\u010dujete ho\u0107e li kolica biti mobilna ili stabilna.\" \/>\n<meta property=\"og:url\" content=\"https:\/\/inti.hr\/sr\/proizvod\/komoda-za-kolica-koja-stedi-prostor-17x52x69cm\/\" \/>\n<meta property=\"og:site_name\" content=\"Inti\" \/>\n<meta property=\"og:image\" content=\"https:\/\/i0.wp.com\/inti.hr\/wp-content\/uploads\/2024\/10\/BZR176-W-S001_1800x1800.webp?fit=1600%2C1600&ssl=1\" \/>\n\t<meta property=\"og:image:width\" content=\"1600\" \/>\n\t<meta property=\"og:image:height\" content=\"1600\" \/>\n\t<meta property=\"og:image:type\" content=\"image\/webp\" \/>\n<meta name=\"twitter:card\" content=\"summary_large_image\" \/>\n<script type=\"application\/ld+json\" class=\"yoast-schema-graph\">{\"@context\":\"https:\/\/schema.org\",\"@graph\":[{\"@type\":\"WebPage\",\"@id\":\"https:\/\/inti.hr\/sr\/proizvod\/komoda-za-kolica-koja-stedi-prostor-17x52x69cm\/\",\"url\":\"https:\/\/inti.hr\/sr\/proizvod\/komoda-za-kolica-koja-stedi-prostor-17x52x69cm\/\",\"name\":\"Komoda za kolica koja \u0161tedi prostor 17X52X69cm - Inti\",\"isPartOf\":{\"@id\":\"https:\/\/inti.hr\/sr\/#website\"},\"primaryImageOfPage\":{\"@id\":\"https:\/\/inti.hr\/sr\/proizvod\/komoda-za-kolica-koja-stedi-prostor-17x52x69cm\/#primaryimage\"},\"image\":{\"@id\":\"https:\/\/inti.hr\/sr\/proizvod\/komoda-za-kolica-koja-stedi-prostor-17x52x69cm\/#primaryimage\"},\"thumbnailUrl\":\"https:\/\/i0.wp.com\/inti.hr\/wp-content\/uploads\/2024\/10\/BZR176-W-S001_1800x1800.webp?fit=1600%2C1600&ssl=1\",\"datePublished\":\"2024-10-28T15:06:41+00:00\",\"dateModified\":\"2024-10-28T15:06:41+00:00\",\"description\":\"U svakodnevnom \u017eivotu koristite mnoge higijenske i kozmeti\u010dke potrep\u0161tine u svojoj kupaonici. Ovaj ormari\u0107 je savr\u0161en za odr\u017eavanje va\u0161e kupaonice \u010distom, urednom i elegantnom.Otvoreni pretinac i dvoja klizna staklena vrata pru\u017eaju dovoljno prostora za spremanje za\u010dina, kupaonskih potrep\u0161tina itd. WC \u010detke i papirnati ru\u010dnici imaju svoj prostor za pohranu.Iza vrata nalazi se polica podesiva u 3 visine.Uklju\u010duje dodatnu malu metalnu kutiju! Prozra\u010dna je i otporna na vlagu pa u nju sprema gel za tu\u0161iranje i ostalo.\u0160irina od 17 cm omogu\u0107uje vam fleksibilno postavljanje ove police gdje god vam je potrebna, na primjer u kuhinji, dnevnoj sobi ili kupaonici. Potrebna vam je samo \u0161aka duga ni\u0161a za pohranu.S 4 okretna kota\u010da odlu\u010dujete ho\u0107e li kolica biti mobilna ili stabilna.\",\"breadcrumb\":{\"@id\":\"https:\/\/inti.hr\/sr\/proizvod\/komoda-za-kolica-koja-stedi-prostor-17x52x69cm\/#breadcrumb\"},\"inLanguage\":\"sr-RS\",\"potentialAction\":[{\"@type\":\"ReadAction\",\"target\":[\"https:\/\/inti.hr\/sr\/proizvod\/komoda-za-kolica-koja-stedi-prostor-17x52x69cm\/\"]}]},{\"@type\":\"ImageObject\",\"inLanguage\":\"sr-RS\",\"@id\":\"https:\/\/inti.hr\/sr\/proizvod\/komoda-za-kolica-koja-stedi-prostor-17x52x69cm\/#primaryimage\",\"url\":\"https:\/\/i0.wp.com\/inti.hr\/wp-content\/uploads\/2024\/10\/BZR176-W-S001_1800x1800.webp?fit=1600%2C1600&ssl=1\",\"contentUrl\":\"https:\/\/i0.wp.com\/inti.hr\/wp-content\/uploads\/2024\/10\/BZR176-W-S001_1800x1800.webp?fit=1600%2C1600&ssl=1\",\"width\":1600,\"height\":1600,\"caption\":\"SoBuy Komoda za kolica koja \u0161tedi prostor 17X52X69cm BZR176-W\"},{\"@type\":\"BreadcrumbList\",\"@id\":\"https:\/\/inti.hr\/sr\/proizvod\/komoda-za-kolica-koja-stedi-prostor-17x52x69cm\/#breadcrumb\",\"itemListElement\":[{\"@type\":\"ListItem\",\"position\":1,\"name\":\"Po\u010detna stranica\",\"item\":\"https:\/\/inti.hr\/sr\/\"},{\"@type\":\"ListItem\",\"position\":2,\"name\":\"Prodavnica\",\"item\":\"https:\/\/inti.hr\/sr\/prodavnica\/\"},{\"@type\":\"ListItem\",\"position\":3,\"name\":\"Komoda za kolica koja \u0161tedi prostor 17X52X69cm\"}]},{\"@type\":\"WebSite\",\"@id\":\"https:\/\/inti.hr\/sr\/#website\",\"url\":\"https:\/\/inti.hr\/sr\/\",\"name\":\"Inti\",\"description\":\"trgovina\",\"potentialAction\":[{\"@type\":\"SearchAction\",\"target\":{\"@type\":\"EntryPoint\",\"urlTemplate\":\"https:\/\/inti.hr\/sr\/?s={search_term_string}\"},\"query-input\":{\"@type\":\"PropertyValueSpecification\",\"valueRequired\":true,\"valueName\":\"search_term_string\"}}],\"inLanguage\":\"sr-RS\"}]}<\/script>\n<!-- \/ Yoast SEO plugin. -->","yoast_head_json":{"title":"Komoda za kolica koja \u0161tedi prostor 17X52X69cm - Inti","description":"U svakodnevnom \u017eivotu koristite mnoge higijenske i kozmeti\u010dke potrep\u0161tine u svojoj kupaonici. Ovaj ormari\u0107 je savr\u0161en za odr\u017eavanje va\u0161e kupaonice \u010distom, urednom i elegantnom.Otvoreni pretinac i dvoja klizna staklena vrata pru\u017eaju dovoljno prostora za spremanje za\u010dina, kupaonskih potrep\u0161tina itd. WC \u010detke i papirnati ru\u010dnici imaju svoj prostor za pohranu.Iza vrata nalazi se polica podesiva u 3 visine.Uklju\u010duje dodatnu malu metalnu kutiju! Prozra\u010dna je i otporna na vlagu pa u nju sprema gel za tu\u0161iranje i ostalo.\u0160irina od 17 cm omogu\u0107uje vam fleksibilno postavljanje ove police gdje god vam je potrebna, na primjer u kuhinji, dnevnoj sobi ili kupaonici. Potrebna vam je samo \u0161aka duga ni\u0161a za pohranu.S 4 okretna kota\u010da odlu\u010dujete ho\u0107e li kolica biti mobilna ili stabilna.","robots":{"index":"index","follow":"follow","max-snippet":"max-snippet:-1","max-image-preview":"max-image-preview:large","max-video-preview":"max-video-preview:-1"},"canonical":"https:\/\/inti.hr\/sr\/proizvod\/komoda-za-kolica-koja-stedi-prostor-17x52x69cm\/","og_locale":"sr_RS","og_type":"article","og_title":"Komoda za kolica koja \u0161tedi prostor 17X52X69cm - Inti","og_description":"U svakodnevnom \u017eivotu koristite mnoge higijenske i kozmeti\u010dke potrep\u0161tine u svojoj kupaonici. Ovaj ormari\u0107 je savr\u0161en za odr\u017eavanje va\u0161e kupaonice \u010distom, urednom i elegantnom.Otvoreni pretinac i dvoja klizna staklena vrata pru\u017eaju dovoljno prostora za spremanje za\u010dina, kupaonskih potrep\u0161tina itd. WC \u010detke i papirnati ru\u010dnici imaju svoj prostor za pohranu.Iza vrata nalazi se polica podesiva u 3 visine.Uklju\u010duje dodatnu malu metalnu kutiju! Prozra\u010dna je i otporna na vlagu pa u nju sprema gel za tu\u0161iranje i ostalo.\u0160irina od 17 cm omogu\u0107uje vam fleksibilno postavljanje ove police gdje god vam je potrebna, na primjer u kuhinji, dnevnoj sobi ili kupaonici. Potrebna vam je samo \u0161aka duga ni\u0161a za pohranu.S 4 okretna kota\u010da odlu\u010dujete ho\u0107e li kolica biti mobilna ili stabilna.","og_url":"https:\/\/inti.hr\/sr\/proizvod\/komoda-za-kolica-koja-stedi-prostor-17x52x69cm\/","og_site_name":"Inti","og_image":[{"width":1600,"height":1600,"url":"https:\/\/i0.wp.com\/inti.hr\/wp-content\/uploads\/2024\/10\/BZR176-W-S001_1800x1800.webp?fit=1600%2C1600&ssl=1","type":"image\/webp"}],"twitter_card":"summary_large_image","schema":{"@context":"https:\/\/schema.org","@graph":[{"@type":"WebPage","@id":"https:\/\/inti.hr\/sr\/proizvod\/komoda-za-kolica-koja-stedi-prostor-17x52x69cm\/","url":"https:\/\/inti.hr\/sr\/proizvod\/komoda-za-kolica-koja-stedi-prostor-17x52x69cm\/","name":"Komoda za kolica koja \u0161tedi prostor 17X52X69cm - Inti","isPartOf":{"@id":"https:\/\/inti.hr\/sr\/#website"},"primaryImageOfPage":{"@id":"https:\/\/inti.hr\/sr\/proizvod\/komoda-za-kolica-koja-stedi-prostor-17x52x69cm\/#primaryimage"},"image":{"@id":"https:\/\/inti.hr\/sr\/proizvod\/komoda-za-kolica-koja-stedi-prostor-17x52x69cm\/#primaryimage"},"thumbnailUrl":"https:\/\/i0.wp.com\/inti.hr\/wp-content\/uploads\/2024\/10\/BZR176-W-S001_1800x1800.webp?fit=1600%2C1600&ssl=1","datePublished":"2024-10-28T15:06:41+00:00","dateModified":"2024-10-28T15:06:41+00:00","description":"U svakodnevnom \u017eivotu koristite mnoge higijenske i kozmeti\u010dke potrep\u0161tine u svojoj kupaonici. Ovaj ormari\u0107 je savr\u0161en za odr\u017eavanje va\u0161e kupaonice \u010distom, urednom i elegantnom.Otvoreni pretinac i dvoja klizna staklena vrata pru\u017eaju dovoljno prostora za spremanje za\u010dina, kupaonskih potrep\u0161tina itd. WC \u010detke i papirnati ru\u010dnici imaju svoj prostor za pohranu.Iza vrata nalazi se polica podesiva u 3 visine.Uklju\u010duje dodatnu malu metalnu kutiju! Prozra\u010dna je i otporna na vlagu pa u nju sprema gel za tu\u0161iranje i ostalo.\u0160irina od 17 cm omogu\u0107uje vam fleksibilno postavljanje ove police gdje god vam je potrebna, na primjer u kuhinji, dnevnoj sobi ili kupaonici. Potrebna vam je samo \u0161aka duga ni\u0161a za pohranu.S 4 okretna kota\u010da odlu\u010dujete ho\u0107e li kolica biti mobilna ili stabilna.","breadcrumb":{"@id":"https:\/\/inti.hr\/sr\/proizvod\/komoda-za-kolica-koja-stedi-prostor-17x52x69cm\/#breadcrumb"},"inLanguage":"sr-RS","potentialAction":[{"@type":"ReadAction","target":["https:\/\/inti.hr\/sr\/proizvod\/komoda-za-kolica-koja-stedi-prostor-17x52x69cm\/"]}]},{"@type":"ImageObject","inLanguage":"sr-RS","@id":"https:\/\/inti.hr\/sr\/proizvod\/komoda-za-kolica-koja-stedi-prostor-17x52x69cm\/#primaryimage","url":"https:\/\/i0.wp.com\/inti.hr\/wp-content\/uploads\/2024\/10\/BZR176-W-S001_1800x1800.webp?fit=1600%2C1600&ssl=1","contentUrl":"https:\/\/i0.wp.com\/inti.hr\/wp-content\/uploads\/2024\/10\/BZR176-W-S001_1800x1800.webp?fit=1600%2C1600&ssl=1","width":1600,"height":1600,"caption":"SoBuy Komoda za kolica koja \u0161tedi prostor 17X52X69cm BZR176-W"},{"@type":"BreadcrumbList","@id":"https:\/\/inti.hr\/sr\/proizvod\/komoda-za-kolica-koja-stedi-prostor-17x52x69cm\/#breadcrumb","itemListElement":[{"@type":"ListItem","position":1,"name":"Po\u010detna stranica","item":"https:\/\/inti.hr\/sr\/"},{"@type":"ListItem","position":2,"name":"Prodavnica","item":"https:\/\/inti.hr\/sr\/prodavnica\/"},{"@type":"ListItem","position":3,"name":"Komoda za kolica koja \u0161tedi prostor 17X52X69cm"}]},{"@type":"WebSite","@id":"https:\/\/inti.hr\/sr\/#website","url":"https:\/\/inti.hr\/sr\/","name":"Inti","description":"trgovina","potentialAction":[{"@type":"SearchAction","target":{"@type":"EntryPoint","urlTemplate":"https:\/\/inti.hr\/sr\/?s={search_term_string}"},"query-input":{"@type":"PropertyValueSpecification","valueRequired":true,"valueName":"search_term_string"}}],"inLanguage":"sr-RS"}]}},"jetpack_sharing_enabled":true,"jetpack-related-posts":[],"_links":{"self":[{"href":"https:\/\/inti.hr\/sr\/wp-json\/wp\/v2\/product\/31851"}],"collection":[{"href":"https:\/\/inti.hr\/sr\/wp-json\/wp\/v2\/product"}],"about":[{"href":"https:\/\/inti.hr\/sr\/wp-json\/wp\/v2\/types\/product"}],"wp:featuredmedia":[{"embeddable":true,"href":"https:\/\/inti.hr\/sr\/wp-json\/wp\/v2\/media\/31852"}],"wp:attachment":[{"href":"https:\/\/inti.hr\/sr\/wp-json\/wp\/v2\/media?parent=31851"}],"wp:term":[{"taxonomy":"product_cat","embeddable":true,"href":"https:\/\/inti.hr\/sr\/wp-json\/wp\/v2\/product_cat?post=31851"},{"taxonomy":"product_tag","embeddable":true,"href":"https:\/\/inti.hr\/sr\/wp-json\/wp\/v2\/product_tag?post=31851"}],"curies":[{"name":"wp","href":"https:\/\/api.w.org\/{rel}","templated":true}]}}