{"id":31885,"date":"2024-10-22T07:40:31","date_gmt":"2024-10-22T06:40:31","guid":{"rendered":"https:\/\/inti.hr\/product\/klupa-za-cipele-110x40x45cm\/"},"modified":"2024-10-22T07:40:31","modified_gmt":"2024-10-22T06:40:31","slug":"klupa-za-cipele-110x40x45cm","status":"publish","type":"product","link":"https:\/\/inti.hr\/sr\/proizvod\/klupa-za-cipele-110x40x45cm\/","title":{"rendered":"Klupa za cipele 110x40x45cm"},"content":{"rendered":"<p>Pojedinosti o proizvodu:<br \/>\nTe\u017eina: oko 21,6 kg<br \/>\nTestirano za: 227 kg<br \/>\nMaterijal: MDF(E1), PB(E1), \u017eeljezo<br \/>\nMjere proizvoda: 110x40x45 cm (vidi sliku)<br \/>\nDostava: u 1 paketu<br \/>\nDimenzije paketa: 124x47x16 cm<br \/>\nS uputama za sastavljanje i vijcima. Jednostavna instalacija.<\/p>\n","protected":false},"excerpt":{"rendered":"<p>Hodnik je primarni \u017eivotni prostor va\u0161eg doma, stoga je atraktivan i &#8230; <\/p>\n","protected":false},"featured_media":31886,"template":"","meta":[],"product_cat":[2635],"product_tag":[3161,2640],"yoast_head":"<!-- This site is optimized with the Yoast SEO plugin v23.7 - https:\/\/yoast.com\/wordpress\/plugins\/seo\/ -->\n<title>Klupa za cipele 110x40x45cm - Inti<\/title>\n<meta name=\"description\" content=\"Hodnik je primarni \u017eivotni prostor va\u0161eg doma, stoga je atraktivan i funkcionalan dizajn hodnika neophodan.Dizajniran da ne bude samo stalak za cipele, ve\u0107 i klupa za presvla\u010denje. Idealan za postavljanje u ulaznom dijelu, na verandi, u spava\u0107oj ili dnevnoj sobi.Otkrijte na\u0161u klupu za cipele s ladicom L 110 cm, njen prirodan i moderan stil i kapacitet u\u010dinit \u0107e je idealnim komadom namje\u0161taja za va\u0161 ulaz! S ovom vi\u0161enamjenskom klupom spojeni su udobnost i korisnost! Zahvaljuju\u0107i na\u0161oj klupi za cipele i njenoj zelenoj strukturi, va\u0161 \u0107e interijer u\u017eivati \u200b\u200bu modernom prirodnom dodiru!Ova klupa za cipele dolazi s mekim sivim jastukom za obuvanje ili izuvanje cipela dok sjedite.Elegantnog i profinjenog izgleda te visokokvalitetnom izradom jam\u010di optimalnu stabilnost.\" \/>\n<meta name=\"robots\" content=\"index, follow, max-snippet:-1, max-image-preview:large, max-video-preview:-1\" \/>\n<link rel=\"canonical\" href=\"https:\/\/inti.hr\/sr\/proizvod\/klupa-za-cipele-110x40x45cm\/\" \/>\n<meta property=\"og:locale\" content=\"sr_RS\" \/>\n<meta property=\"og:type\" content=\"article\" \/>\n<meta property=\"og:title\" content=\"Klupa za cipele 110x40x45cm - Inti\" \/>\n<meta property=\"og:description\" content=\"Hodnik je primarni \u017eivotni prostor va\u0161eg doma, stoga je atraktivan i funkcionalan dizajn hodnika neophodan.Dizajniran da ne bude samo stalak za cipele, ve\u0107 i klupa za presvla\u010denje. Idealan za postavljanje u ulaznom dijelu, na verandi, u spava\u0107oj ili dnevnoj sobi.Otkrijte na\u0161u klupu za cipele s ladicom L 110 cm, njen prirodan i moderan stil i kapacitet u\u010dinit \u0107e je idealnim komadom namje\u0161taja za va\u0161 ulaz! S ovom vi\u0161enamjenskom klupom spojeni su udobnost i korisnost! Zahvaljuju\u0107i na\u0161oj klupi za cipele i njenoj zelenoj strukturi, va\u0161 \u0107e interijer u\u017eivati \u200b\u200bu modernom prirodnom dodiru!Ova klupa za cipele dolazi s mekim sivim jastukom za obuvanje ili izuvanje cipela dok sjedite.Elegantnog i profinjenog izgleda te visokokvalitetnom izradom jam\u010di optimalnu stabilnost.\" \/>\n<meta property=\"og:url\" content=\"https:\/\/inti.hr\/sr\/proizvod\/klupa-za-cipele-110x40x45cm\/\" \/>\n<meta property=\"og:site_name\" content=\"Inti\" \/>\n<meta property=\"og:image\" content=\"https:\/\/i0.wp.com\/inti.hr\/wp-content\/uploads\/2024\/10\/FSR158-GR-X002_860x.webp?fit=860%2C860&ssl=1\" \/>\n\t<meta property=\"og:image:width\" content=\"860\" \/>\n\t<meta property=\"og:image:height\" content=\"860\" \/>\n\t<meta property=\"og:image:type\" content=\"image\/webp\" \/>\n<meta name=\"twitter:card\" content=\"summary_large_image\" \/>\n<script type=\"application\/ld+json\" class=\"yoast-schema-graph\">{\"@context\":\"https:\/\/schema.org\",\"@graph\":[{\"@type\":\"WebPage\",\"@id\":\"https:\/\/inti.hr\/sr\/proizvod\/klupa-za-cipele-110x40x45cm\/\",\"url\":\"https:\/\/inti.hr\/sr\/proizvod\/klupa-za-cipele-110x40x45cm\/\",\"name\":\"Klupa za cipele 110x40x45cm - Inti\",\"isPartOf\":{\"@id\":\"https:\/\/inti.hr\/sr\/#website\"},\"primaryImageOfPage\":{\"@id\":\"https:\/\/inti.hr\/sr\/proizvod\/klupa-za-cipele-110x40x45cm\/#primaryimage\"},\"image\":{\"@id\":\"https:\/\/inti.hr\/sr\/proizvod\/klupa-za-cipele-110x40x45cm\/#primaryimage\"},\"thumbnailUrl\":\"https:\/\/i0.wp.com\/inti.hr\/wp-content\/uploads\/2024\/10\/FSR158-GR-X002_860x.webp?fit=860%2C860&ssl=1\",\"datePublished\":\"2024-10-22T06:40:31+00:00\",\"dateModified\":\"2024-10-22T06:40:31+00:00\",\"description\":\"Hodnik je primarni \u017eivotni prostor va\u0161eg doma, stoga je atraktivan i funkcionalan dizajn hodnika neophodan.Dizajniran da ne bude samo stalak za cipele, ve\u0107 i klupa za presvla\u010denje. Idealan za postavljanje u ulaznom dijelu, na verandi, u spava\u0107oj ili dnevnoj sobi.Otkrijte na\u0161u klupu za cipele s ladicom L 110 cm, njen prirodan i moderan stil i kapacitet u\u010dinit \u0107e je idealnim komadom namje\u0161taja za va\u0161 ulaz! S ovom vi\u0161enamjenskom klupom spojeni su udobnost i korisnost! Zahvaljuju\u0107i na\u0161oj klupi za cipele i njenoj zelenoj strukturi, va\u0161 \u0107e interijer u\u017eivati \u200b\u200bu modernom prirodnom dodiru!Ova klupa za cipele dolazi s mekim sivim jastukom za obuvanje ili izuvanje cipela dok sjedite.Elegantnog i profinjenog izgleda te visokokvalitetnom izradom jam\u010di optimalnu stabilnost.\",\"breadcrumb\":{\"@id\":\"https:\/\/inti.hr\/sr\/proizvod\/klupa-za-cipele-110x40x45cm\/#breadcrumb\"},\"inLanguage\":\"sr-RS\",\"potentialAction\":[{\"@type\":\"ReadAction\",\"target\":[\"https:\/\/inti.hr\/sr\/proizvod\/klupa-za-cipele-110x40x45cm\/\"]}]},{\"@type\":\"ImageObject\",\"inLanguage\":\"sr-RS\",\"@id\":\"https:\/\/inti.hr\/sr\/proizvod\/klupa-za-cipele-110x40x45cm\/#primaryimage\",\"url\":\"https:\/\/i0.wp.com\/inti.hr\/wp-content\/uploads\/2024\/10\/FSR158-GR-X002_860x.webp?fit=860%2C860&ssl=1\",\"contentUrl\":\"https:\/\/i0.wp.com\/inti.hr\/wp-content\/uploads\/2024\/10\/FSR158-GR-X002_860x.webp?fit=860%2C860&ssl=1\",\"width\":860,\"height\":860,\"caption\":\"SoBuy Klupa za cipele 110x40x45cm FSR158-GR\"},{\"@type\":\"BreadcrumbList\",\"@id\":\"https:\/\/inti.hr\/sr\/proizvod\/klupa-za-cipele-110x40x45cm\/#breadcrumb\",\"itemListElement\":[{\"@type\":\"ListItem\",\"position\":1,\"name\":\"Po\u010detna stranica\",\"item\":\"https:\/\/inti.hr\/sr\/\"},{\"@type\":\"ListItem\",\"position\":2,\"name\":\"Prodavnica\",\"item\":\"https:\/\/inti.hr\/sr\/prodavnica\/\"},{\"@type\":\"ListItem\",\"position\":3,\"name\":\"Klupa za cipele 110x40x45cm\"}]},{\"@type\":\"WebSite\",\"@id\":\"https:\/\/inti.hr\/sr\/#website\",\"url\":\"https:\/\/inti.hr\/sr\/\",\"name\":\"Inti\",\"description\":\"trgovina\",\"potentialAction\":[{\"@type\":\"SearchAction\",\"target\":{\"@type\":\"EntryPoint\",\"urlTemplate\":\"https:\/\/inti.hr\/sr\/?s={search_term_string}\"},\"query-input\":{\"@type\":\"PropertyValueSpecification\",\"valueRequired\":true,\"valueName\":\"search_term_string\"}}],\"inLanguage\":\"sr-RS\"}]}<\/script>\n<!-- \/ Yoast SEO plugin. -->","yoast_head_json":{"title":"Klupa za cipele 110x40x45cm - Inti","description":"Hodnik je primarni \u017eivotni prostor va\u0161eg doma, stoga je atraktivan i funkcionalan dizajn hodnika neophodan.Dizajniran da ne bude samo stalak za cipele, ve\u0107 i klupa za presvla\u010denje. Idealan za postavljanje u ulaznom dijelu, na verandi, u spava\u0107oj ili dnevnoj sobi.Otkrijte na\u0161u klupu za cipele s ladicom L 110 cm, njen prirodan i moderan stil i kapacitet u\u010dinit \u0107e je idealnim komadom namje\u0161taja za va\u0161 ulaz! S ovom vi\u0161enamjenskom klupom spojeni su udobnost i korisnost! Zahvaljuju\u0107i na\u0161oj klupi za cipele i njenoj zelenoj strukturi, va\u0161 \u0107e interijer u\u017eivati \u200b\u200bu modernom prirodnom dodiru!Ova klupa za cipele dolazi s mekim sivim jastukom za obuvanje ili izuvanje cipela dok sjedite.Elegantnog i profinjenog izgleda te visokokvalitetnom izradom jam\u010di optimalnu stabilnost.","robots":{"index":"index","follow":"follow","max-snippet":"max-snippet:-1","max-image-preview":"max-image-preview:large","max-video-preview":"max-video-preview:-1"},"canonical":"https:\/\/inti.hr\/sr\/proizvod\/klupa-za-cipele-110x40x45cm\/","og_locale":"sr_RS","og_type":"article","og_title":"Klupa za cipele 110x40x45cm - Inti","og_description":"Hodnik je primarni \u017eivotni prostor va\u0161eg doma, stoga je atraktivan i funkcionalan dizajn hodnika neophodan.Dizajniran da ne bude samo stalak za cipele, ve\u0107 i klupa za presvla\u010denje. Idealan za postavljanje u ulaznom dijelu, na verandi, u spava\u0107oj ili dnevnoj sobi.Otkrijte na\u0161u klupu za cipele s ladicom L 110 cm, njen prirodan i moderan stil i kapacitet u\u010dinit \u0107e je idealnim komadom namje\u0161taja za va\u0161 ulaz! S ovom vi\u0161enamjenskom klupom spojeni su udobnost i korisnost! Zahvaljuju\u0107i na\u0161oj klupi za cipele i njenoj zelenoj strukturi, va\u0161 \u0107e interijer u\u017eivati \u200b\u200bu modernom prirodnom dodiru!Ova klupa za cipele dolazi s mekim sivim jastukom za obuvanje ili izuvanje cipela dok sjedite.Elegantnog i profinjenog izgleda te visokokvalitetnom izradom jam\u010di optimalnu stabilnost.","og_url":"https:\/\/inti.hr\/sr\/proizvod\/klupa-za-cipele-110x40x45cm\/","og_site_name":"Inti","og_image":[{"width":860,"height":860,"url":"https:\/\/i0.wp.com\/inti.hr\/wp-content\/uploads\/2024\/10\/FSR158-GR-X002_860x.webp?fit=860%2C860&ssl=1","type":"image\/webp"}],"twitter_card":"summary_large_image","schema":{"@context":"https:\/\/schema.org","@graph":[{"@type":"WebPage","@id":"https:\/\/inti.hr\/sr\/proizvod\/klupa-za-cipele-110x40x45cm\/","url":"https:\/\/inti.hr\/sr\/proizvod\/klupa-za-cipele-110x40x45cm\/","name":"Klupa za cipele 110x40x45cm - Inti","isPartOf":{"@id":"https:\/\/inti.hr\/sr\/#website"},"primaryImageOfPage":{"@id":"https:\/\/inti.hr\/sr\/proizvod\/klupa-za-cipele-110x40x45cm\/#primaryimage"},"image":{"@id":"https:\/\/inti.hr\/sr\/proizvod\/klupa-za-cipele-110x40x45cm\/#primaryimage"},"thumbnailUrl":"https:\/\/i0.wp.com\/inti.hr\/wp-content\/uploads\/2024\/10\/FSR158-GR-X002_860x.webp?fit=860%2C860&ssl=1","datePublished":"2024-10-22T06:40:31+00:00","dateModified":"2024-10-22T06:40:31+00:00","description":"Hodnik je primarni \u017eivotni prostor va\u0161eg doma, stoga je atraktivan i funkcionalan dizajn hodnika neophodan.Dizajniran da ne bude samo stalak za cipele, ve\u0107 i klupa za presvla\u010denje. Idealan za postavljanje u ulaznom dijelu, na verandi, u spava\u0107oj ili dnevnoj sobi.Otkrijte na\u0161u klupu za cipele s ladicom L 110 cm, njen prirodan i moderan stil i kapacitet u\u010dinit \u0107e je idealnim komadom namje\u0161taja za va\u0161 ulaz! S ovom vi\u0161enamjenskom klupom spojeni su udobnost i korisnost! Zahvaljuju\u0107i na\u0161oj klupi za cipele i njenoj zelenoj strukturi, va\u0161 \u0107e interijer u\u017eivati \u200b\u200bu modernom prirodnom dodiru!Ova klupa za cipele dolazi s mekim sivim jastukom za obuvanje ili izuvanje cipela dok sjedite.Elegantnog i profinjenog izgleda te visokokvalitetnom izradom jam\u010di optimalnu stabilnost.","breadcrumb":{"@id":"https:\/\/inti.hr\/sr\/proizvod\/klupa-za-cipele-110x40x45cm\/#breadcrumb"},"inLanguage":"sr-RS","potentialAction":[{"@type":"ReadAction","target":["https:\/\/inti.hr\/sr\/proizvod\/klupa-za-cipele-110x40x45cm\/"]}]},{"@type":"ImageObject","inLanguage":"sr-RS","@id":"https:\/\/inti.hr\/sr\/proizvod\/klupa-za-cipele-110x40x45cm\/#primaryimage","url":"https:\/\/i0.wp.com\/inti.hr\/wp-content\/uploads\/2024\/10\/FSR158-GR-X002_860x.webp?fit=860%2C860&ssl=1","contentUrl":"https:\/\/i0.wp.com\/inti.hr\/wp-content\/uploads\/2024\/10\/FSR158-GR-X002_860x.webp?fit=860%2C860&ssl=1","width":860,"height":860,"caption":"SoBuy Klupa za cipele 110x40x45cm FSR158-GR"},{"@type":"BreadcrumbList","@id":"https:\/\/inti.hr\/sr\/proizvod\/klupa-za-cipele-110x40x45cm\/#breadcrumb","itemListElement":[{"@type":"ListItem","position":1,"name":"Po\u010detna stranica","item":"https:\/\/inti.hr\/sr\/"},{"@type":"ListItem","position":2,"name":"Prodavnica","item":"https:\/\/inti.hr\/sr\/prodavnica\/"},{"@type":"ListItem","position":3,"name":"Klupa za cipele 110x40x45cm"}]},{"@type":"WebSite","@id":"https:\/\/inti.hr\/sr\/#website","url":"https:\/\/inti.hr\/sr\/","name":"Inti","description":"trgovina","potentialAction":[{"@type":"SearchAction","target":{"@type":"EntryPoint","urlTemplate":"https:\/\/inti.hr\/sr\/?s={search_term_string}"},"query-input":{"@type":"PropertyValueSpecification","valueRequired":true,"valueName":"search_term_string"}}],"inLanguage":"sr-RS"}]}},"jetpack_sharing_enabled":true,"jetpack-related-posts":[],"_links":{"self":[{"href":"https:\/\/inti.hr\/sr\/wp-json\/wp\/v2\/product\/31885"}],"collection":[{"href":"https:\/\/inti.hr\/sr\/wp-json\/wp\/v2\/product"}],"about":[{"href":"https:\/\/inti.hr\/sr\/wp-json\/wp\/v2\/types\/product"}],"wp:featuredmedia":[{"embeddable":true,"href":"https:\/\/inti.hr\/sr\/wp-json\/wp\/v2\/media\/31886"}],"wp:attachment":[{"href":"https:\/\/inti.hr\/sr\/wp-json\/wp\/v2\/media?parent=31885"}],"wp:term":[{"taxonomy":"product_cat","embeddable":true,"href":"https:\/\/inti.hr\/sr\/wp-json\/wp\/v2\/product_cat?post=31885"},{"taxonomy":"product_tag","embeddable":true,"href":"https:\/\/inti.hr\/sr\/wp-json\/wp\/v2\/product_tag?post=31885"}],"curies":[{"name":"wp","href":"https:\/\/api.w.org\/{rel}","templated":true}]}}