{"id":31917,"date":"2024-10-21T08:46:55","date_gmt":"2024-10-21T07:46:55","guid":{"rendered":"https:\/\/inti.hr\/product\/kupaonski-stup-35x30x120cm\/"},"modified":"2024-10-21T08:46:55","modified_gmt":"2024-10-21T07:46:55","slug":"kupaonski-stup-35x30x120cm","status":"publish","type":"product","link":"https:\/\/inti.hr\/sr\/proizvod\/kupaonski-stup-35x30x120cm\/","title":{"rendered":"Kupaonski stup 35x30x120cm"},"content":{"rendered":"<p>Pojedinosti o proizvodu:<\/p>\n<p>Te\u017eina: oko 18,2 kg.<br \/>\nTestirano za: 24 kg.<br \/>\nMaterijali: PB(E1), MDF(E1).<br \/>\nMjere proizvoda: 35x30x120 cm (vidi sliku).<br \/>\nDimenzije paketa: 127x42x15 cm.<br \/>\nS uputama za sastavljanje i vijcima. Jednostavna instalacija<\/p>\n","protected":false},"excerpt":{"rendered":"<p>Ovaj visoki kupaonski ormari\u0107 dizajniran je za male kupaonice zahvaljuju\u0107i svojoj &#8230; <\/p>\n","protected":false},"featured_media":31918,"template":"","meta":[],"product_cat":[2396],"product_tag":[2522,3011],"yoast_head":"<!-- This site is optimized with the Yoast SEO plugin v23.7 - https:\/\/yoast.com\/wordpress\/plugins\/seo\/ -->\n<title>Kupaonski stup 35x30x120cm - Inti<\/title>\n<meta name=\"description\" content=\"Ovaj visoki kupaonski ormari\u0107 dizajniran je za male kupaonice zahvaljuju\u0107i svojoj maloj povr\u0161ini, \u0161to vam omogu\u0107uje da maksimalno iskoristite prostor bez brige. Unato\u010d svojoj kompaktnoj veli\u010dini, nudi dovoljno prostora za pohranu, sposoban za dr\u017eanje \u010dak i ve\u0107ih predmeta s lako\u0107om.Visoki ormari\u0107 pri\u010dvr\u0161\u0107en je na zid iznad poda, \u010dime se sprje\u010dava truljenje drva na vla\u017enom podu kupaonice.3 podesive police omogu\u0107uju vam da organizirate prostor prema svojim potrebama, prilago\u0111avaju\u0107i visinu polica ovisno o predmetima koje \u017eelite pohraniti. S visinom od 160 cm, ovaj ormari\u0107 pristaje u ve\u0107inu kupaonica.Noge su opremljene silikonskim \u0161titnicima koji sprje\u010davaju ogrebotine na podu i \u0161tite drvo od vlage, izbjegavaju\u0107i propadanje. Vrata ormara otvaraju se na desnu stranu, s prakti\u010dnim prorezom s desne strane za jednostavno otvaranje, bez vidljivih ru\u010dki.\" \/>\n<meta name=\"robots\" content=\"index, follow, max-snippet:-1, max-image-preview:large, max-video-preview:-1\" \/>\n<link rel=\"canonical\" href=\"https:\/\/inti.hr\/sr\/proizvod\/kupaonski-stup-35x30x120cm\/\" \/>\n<meta property=\"og:locale\" content=\"sr_RS\" \/>\n<meta property=\"og:type\" content=\"article\" \/>\n<meta property=\"og:title\" content=\"Kupaonski stup 35x30x120cm - Inti\" \/>\n<meta property=\"og:description\" content=\"Ovaj visoki kupaonski ormari\u0107 dizajniran je za male kupaonice zahvaljuju\u0107i svojoj maloj povr\u0161ini, \u0161to vam omogu\u0107uje da maksimalno iskoristite prostor bez brige. Unato\u010d svojoj kompaktnoj veli\u010dini, nudi dovoljno prostora za pohranu, sposoban za dr\u017eanje \u010dak i ve\u0107ih predmeta s lako\u0107om.Visoki ormari\u0107 pri\u010dvr\u0161\u0107en je na zid iznad poda, \u010dime se sprje\u010dava truljenje drva na vla\u017enom podu kupaonice.3 podesive police omogu\u0107uju vam da organizirate prostor prema svojim potrebama, prilago\u0111avaju\u0107i visinu polica ovisno o predmetima koje \u017eelite pohraniti. S visinom od 160 cm, ovaj ormari\u0107 pristaje u ve\u0107inu kupaonica.Noge su opremljene silikonskim \u0161titnicima koji sprje\u010davaju ogrebotine na podu i \u0161tite drvo od vlage, izbjegavaju\u0107i propadanje. Vrata ormara otvaraju se na desnu stranu, s prakti\u010dnim prorezom s desne strane za jednostavno otvaranje, bez vidljivih ru\u010dki.\" \/>\n<meta property=\"og:url\" content=\"https:\/\/inti.hr\/sr\/proizvod\/kupaonski-stup-35x30x120cm\/\" \/>\n<meta property=\"og:site_name\" content=\"Inti\" \/>\n<meta property=\"og:image\" content=\"https:\/\/i0.wp.com\/inti.hr\/wp-content\/uploads\/2024\/10\/BZR175-N-S001_1800x1800.webp?fit=1600%2C1600&ssl=1\" \/>\n\t<meta property=\"og:image:width\" content=\"1600\" \/>\n\t<meta property=\"og:image:height\" content=\"1600\" \/>\n\t<meta property=\"og:image:type\" content=\"image\/webp\" \/>\n<meta name=\"twitter:card\" content=\"summary_large_image\" \/>\n<script type=\"application\/ld+json\" class=\"yoast-schema-graph\">{\"@context\":\"https:\/\/schema.org\",\"@graph\":[{\"@type\":\"WebPage\",\"@id\":\"https:\/\/inti.hr\/sr\/proizvod\/kupaonski-stup-35x30x120cm\/\",\"url\":\"https:\/\/inti.hr\/sr\/proizvod\/kupaonski-stup-35x30x120cm\/\",\"name\":\"Kupaonski stup 35x30x120cm - Inti\",\"isPartOf\":{\"@id\":\"https:\/\/inti.hr\/sr\/#website\"},\"primaryImageOfPage\":{\"@id\":\"https:\/\/inti.hr\/sr\/proizvod\/kupaonski-stup-35x30x120cm\/#primaryimage\"},\"image\":{\"@id\":\"https:\/\/inti.hr\/sr\/proizvod\/kupaonski-stup-35x30x120cm\/#primaryimage\"},\"thumbnailUrl\":\"https:\/\/i0.wp.com\/inti.hr\/wp-content\/uploads\/2024\/10\/BZR175-N-S001_1800x1800.webp?fit=1600%2C1600&ssl=1\",\"datePublished\":\"2024-10-21T07:46:55+00:00\",\"dateModified\":\"2024-10-21T07:46:55+00:00\",\"description\":\"Ovaj visoki kupaonski ormari\u0107 dizajniran je za male kupaonice zahvaljuju\u0107i svojoj maloj povr\u0161ini, \u0161to vam omogu\u0107uje da maksimalno iskoristite prostor bez brige. Unato\u010d svojoj kompaktnoj veli\u010dini, nudi dovoljno prostora za pohranu, sposoban za dr\u017eanje \u010dak i ve\u0107ih predmeta s lako\u0107om.Visoki ormari\u0107 pri\u010dvr\u0161\u0107en je na zid iznad poda, \u010dime se sprje\u010dava truljenje drva na vla\u017enom podu kupaonice.3 podesive police omogu\u0107uju vam da organizirate prostor prema svojim potrebama, prilago\u0111avaju\u0107i visinu polica ovisno o predmetima koje \u017eelite pohraniti. S visinom od 160 cm, ovaj ormari\u0107 pristaje u ve\u0107inu kupaonica.Noge su opremljene silikonskim \u0161titnicima koji sprje\u010davaju ogrebotine na podu i \u0161tite drvo od vlage, izbjegavaju\u0107i propadanje. Vrata ormara otvaraju se na desnu stranu, s prakti\u010dnim prorezom s desne strane za jednostavno otvaranje, bez vidljivih ru\u010dki.\",\"breadcrumb\":{\"@id\":\"https:\/\/inti.hr\/sr\/proizvod\/kupaonski-stup-35x30x120cm\/#breadcrumb\"},\"inLanguage\":\"sr-RS\",\"potentialAction\":[{\"@type\":\"ReadAction\",\"target\":[\"https:\/\/inti.hr\/sr\/proizvod\/kupaonski-stup-35x30x120cm\/\"]}]},{\"@type\":\"ImageObject\",\"inLanguage\":\"sr-RS\",\"@id\":\"https:\/\/inti.hr\/sr\/proizvod\/kupaonski-stup-35x30x120cm\/#primaryimage\",\"url\":\"https:\/\/i0.wp.com\/inti.hr\/wp-content\/uploads\/2024\/10\/BZR175-N-S001_1800x1800.webp?fit=1600%2C1600&ssl=1\",\"contentUrl\":\"https:\/\/i0.wp.com\/inti.hr\/wp-content\/uploads\/2024\/10\/BZR175-N-S001_1800x1800.webp?fit=1600%2C1600&ssl=1\",\"width\":1600,\"height\":1600,\"caption\":\"SoBuy Kupaonski stup 35x30x120cm BZR175-N\"},{\"@type\":\"BreadcrumbList\",\"@id\":\"https:\/\/inti.hr\/sr\/proizvod\/kupaonski-stup-35x30x120cm\/#breadcrumb\",\"itemListElement\":[{\"@type\":\"ListItem\",\"position\":1,\"name\":\"Po\u010detna stranica\",\"item\":\"https:\/\/inti.hr\/sr\/\"},{\"@type\":\"ListItem\",\"position\":2,\"name\":\"Prodavnica\",\"item\":\"https:\/\/inti.hr\/sr\/prodavnica\/\"},{\"@type\":\"ListItem\",\"position\":3,\"name\":\"Kupaonski stup 35x30x120cm\"}]},{\"@type\":\"WebSite\",\"@id\":\"https:\/\/inti.hr\/sr\/#website\",\"url\":\"https:\/\/inti.hr\/sr\/\",\"name\":\"Inti\",\"description\":\"trgovina\",\"potentialAction\":[{\"@type\":\"SearchAction\",\"target\":{\"@type\":\"EntryPoint\",\"urlTemplate\":\"https:\/\/inti.hr\/sr\/?s={search_term_string}\"},\"query-input\":{\"@type\":\"PropertyValueSpecification\",\"valueRequired\":true,\"valueName\":\"search_term_string\"}}],\"inLanguage\":\"sr-RS\"}]}<\/script>\n<!-- \/ Yoast SEO plugin. -->","yoast_head_json":{"title":"Kupaonski stup 35x30x120cm - Inti","description":"Ovaj visoki kupaonski ormari\u0107 dizajniran je za male kupaonice zahvaljuju\u0107i svojoj maloj povr\u0161ini, \u0161to vam omogu\u0107uje da maksimalno iskoristite prostor bez brige. Unato\u010d svojoj kompaktnoj veli\u010dini, nudi dovoljno prostora za pohranu, sposoban za dr\u017eanje \u010dak i ve\u0107ih predmeta s lako\u0107om.Visoki ormari\u0107 pri\u010dvr\u0161\u0107en je na zid iznad poda, \u010dime se sprje\u010dava truljenje drva na vla\u017enom podu kupaonice.3 podesive police omogu\u0107uju vam da organizirate prostor prema svojim potrebama, prilago\u0111avaju\u0107i visinu polica ovisno o predmetima koje \u017eelite pohraniti. S visinom od 160 cm, ovaj ormari\u0107 pristaje u ve\u0107inu kupaonica.Noge su opremljene silikonskim \u0161titnicima koji sprje\u010davaju ogrebotine na podu i \u0161tite drvo od vlage, izbjegavaju\u0107i propadanje. Vrata ormara otvaraju se na desnu stranu, s prakti\u010dnim prorezom s desne strane za jednostavno otvaranje, bez vidljivih ru\u010dki.","robots":{"index":"index","follow":"follow","max-snippet":"max-snippet:-1","max-image-preview":"max-image-preview:large","max-video-preview":"max-video-preview:-1"},"canonical":"https:\/\/inti.hr\/sr\/proizvod\/kupaonski-stup-35x30x120cm\/","og_locale":"sr_RS","og_type":"article","og_title":"Kupaonski stup 35x30x120cm - Inti","og_description":"Ovaj visoki kupaonski ormari\u0107 dizajniran je za male kupaonice zahvaljuju\u0107i svojoj maloj povr\u0161ini, \u0161to vam omogu\u0107uje da maksimalno iskoristite prostor bez brige. Unato\u010d svojoj kompaktnoj veli\u010dini, nudi dovoljno prostora za pohranu, sposoban za dr\u017eanje \u010dak i ve\u0107ih predmeta s lako\u0107om.Visoki ormari\u0107 pri\u010dvr\u0161\u0107en je na zid iznad poda, \u010dime se sprje\u010dava truljenje drva na vla\u017enom podu kupaonice.3 podesive police omogu\u0107uju vam da organizirate prostor prema svojim potrebama, prilago\u0111avaju\u0107i visinu polica ovisno o predmetima koje \u017eelite pohraniti. S visinom od 160 cm, ovaj ormari\u0107 pristaje u ve\u0107inu kupaonica.Noge su opremljene silikonskim \u0161titnicima koji sprje\u010davaju ogrebotine na podu i \u0161tite drvo od vlage, izbjegavaju\u0107i propadanje. Vrata ormara otvaraju se na desnu stranu, s prakti\u010dnim prorezom s desne strane za jednostavno otvaranje, bez vidljivih ru\u010dki.","og_url":"https:\/\/inti.hr\/sr\/proizvod\/kupaonski-stup-35x30x120cm\/","og_site_name":"Inti","og_image":[{"width":1600,"height":1600,"url":"https:\/\/i0.wp.com\/inti.hr\/wp-content\/uploads\/2024\/10\/BZR175-N-S001_1800x1800.webp?fit=1600%2C1600&ssl=1","type":"image\/webp"}],"twitter_card":"summary_large_image","schema":{"@context":"https:\/\/schema.org","@graph":[{"@type":"WebPage","@id":"https:\/\/inti.hr\/sr\/proizvod\/kupaonski-stup-35x30x120cm\/","url":"https:\/\/inti.hr\/sr\/proizvod\/kupaonski-stup-35x30x120cm\/","name":"Kupaonski stup 35x30x120cm - Inti","isPartOf":{"@id":"https:\/\/inti.hr\/sr\/#website"},"primaryImageOfPage":{"@id":"https:\/\/inti.hr\/sr\/proizvod\/kupaonski-stup-35x30x120cm\/#primaryimage"},"image":{"@id":"https:\/\/inti.hr\/sr\/proizvod\/kupaonski-stup-35x30x120cm\/#primaryimage"},"thumbnailUrl":"https:\/\/i0.wp.com\/inti.hr\/wp-content\/uploads\/2024\/10\/BZR175-N-S001_1800x1800.webp?fit=1600%2C1600&ssl=1","datePublished":"2024-10-21T07:46:55+00:00","dateModified":"2024-10-21T07:46:55+00:00","description":"Ovaj visoki kupaonski ormari\u0107 dizajniran je za male kupaonice zahvaljuju\u0107i svojoj maloj povr\u0161ini, \u0161to vam omogu\u0107uje da maksimalno iskoristite prostor bez brige. Unato\u010d svojoj kompaktnoj veli\u010dini, nudi dovoljno prostora za pohranu, sposoban za dr\u017eanje \u010dak i ve\u0107ih predmeta s lako\u0107om.Visoki ormari\u0107 pri\u010dvr\u0161\u0107en je na zid iznad poda, \u010dime se sprje\u010dava truljenje drva na vla\u017enom podu kupaonice.3 podesive police omogu\u0107uju vam da organizirate prostor prema svojim potrebama, prilago\u0111avaju\u0107i visinu polica ovisno o predmetima koje \u017eelite pohraniti. S visinom od 160 cm, ovaj ormari\u0107 pristaje u ve\u0107inu kupaonica.Noge su opremljene silikonskim \u0161titnicima koji sprje\u010davaju ogrebotine na podu i \u0161tite drvo od vlage, izbjegavaju\u0107i propadanje. Vrata ormara otvaraju se na desnu stranu, s prakti\u010dnim prorezom s desne strane za jednostavno otvaranje, bez vidljivih ru\u010dki.","breadcrumb":{"@id":"https:\/\/inti.hr\/sr\/proizvod\/kupaonski-stup-35x30x120cm\/#breadcrumb"},"inLanguage":"sr-RS","potentialAction":[{"@type":"ReadAction","target":["https:\/\/inti.hr\/sr\/proizvod\/kupaonski-stup-35x30x120cm\/"]}]},{"@type":"ImageObject","inLanguage":"sr-RS","@id":"https:\/\/inti.hr\/sr\/proizvod\/kupaonski-stup-35x30x120cm\/#primaryimage","url":"https:\/\/i0.wp.com\/inti.hr\/wp-content\/uploads\/2024\/10\/BZR175-N-S001_1800x1800.webp?fit=1600%2C1600&ssl=1","contentUrl":"https:\/\/i0.wp.com\/inti.hr\/wp-content\/uploads\/2024\/10\/BZR175-N-S001_1800x1800.webp?fit=1600%2C1600&ssl=1","width":1600,"height":1600,"caption":"SoBuy Kupaonski stup 35x30x120cm BZR175-N"},{"@type":"BreadcrumbList","@id":"https:\/\/inti.hr\/sr\/proizvod\/kupaonski-stup-35x30x120cm\/#breadcrumb","itemListElement":[{"@type":"ListItem","position":1,"name":"Po\u010detna stranica","item":"https:\/\/inti.hr\/sr\/"},{"@type":"ListItem","position":2,"name":"Prodavnica","item":"https:\/\/inti.hr\/sr\/prodavnica\/"},{"@type":"ListItem","position":3,"name":"Kupaonski stup 35x30x120cm"}]},{"@type":"WebSite","@id":"https:\/\/inti.hr\/sr\/#website","url":"https:\/\/inti.hr\/sr\/","name":"Inti","description":"trgovina","potentialAction":[{"@type":"SearchAction","target":{"@type":"EntryPoint","urlTemplate":"https:\/\/inti.hr\/sr\/?s={search_term_string}"},"query-input":{"@type":"PropertyValueSpecification","valueRequired":true,"valueName":"search_term_string"}}],"inLanguage":"sr-RS"}]}},"jetpack_sharing_enabled":true,"jetpack-related-posts":[],"_links":{"self":[{"href":"https:\/\/inti.hr\/sr\/wp-json\/wp\/v2\/product\/31917"}],"collection":[{"href":"https:\/\/inti.hr\/sr\/wp-json\/wp\/v2\/product"}],"about":[{"href":"https:\/\/inti.hr\/sr\/wp-json\/wp\/v2\/types\/product"}],"wp:featuredmedia":[{"embeddable":true,"href":"https:\/\/inti.hr\/sr\/wp-json\/wp\/v2\/media\/31918"}],"wp:attachment":[{"href":"https:\/\/inti.hr\/sr\/wp-json\/wp\/v2\/media?parent=31917"}],"wp:term":[{"taxonomy":"product_cat","embeddable":true,"href":"https:\/\/inti.hr\/sr\/wp-json\/wp\/v2\/product_cat?post=31917"},{"taxonomy":"product_tag","embeddable":true,"href":"https:\/\/inti.hr\/sr\/wp-json\/wp\/v2\/product_tag?post=31917"}],"curies":[{"name":"wp","href":"https:\/\/api.w.org\/{rel}","templated":true}]}}