{"id":31925,"date":"2024-10-16T08:00:06","date_gmt":"2024-10-16T07:00:06","guid":{"rendered":"https:\/\/inti.hr\/product\/barska-stolica-u-obliku-cvijeta-stolica-za-sminkanje-s-naslonom\/"},"modified":"2024-10-16T08:00:06","modified_gmt":"2024-10-16T07:00:06","slug":"barska-stolica-u-obliku-cvijeta-stolica-za-sminkanje-s-naslonom","status":"publish","type":"product","link":"https:\/\/inti.hr\/sr\/proizvod\/barska-stolica-u-obliku-cvijeta-stolica-za-sminkanje-s-naslonom\/","title":{"rendered":"Barska stolica u obliku cvijeta, stolica za \u0161minkanje s naslonom"},"content":{"rendered":"<p>Tehni\u010dki podaci<br \/>\nMaterijali: bar\u0161un + metal<br \/>\nBoje: roza\/tamno siva\/be\u017e<br \/>\nUkupne dimenzije: 61,5 x 71-83 x 65 cm (\u0160 x V x D)<br \/>\nVeli\u010dina sjedala: 43 x 50 cm (\u0160 x D)<br \/>\nVisina naslona: 31 cm<br \/>\nVisina sjedala: 43-55 cm<br \/>\nNosivost: 150 kg<\/p>\n","protected":false},"excerpt":{"rendered":"<p>Prostrano sjedalo stolca presvu\u010deno je mekim i ko\u017ei ugodnim bar\u0161unom i &#8230; <\/p>\n","protected":false},"featured_media":31927,"template":"","meta":[],"product_cat":[2573],"product_tag":[2919,3171],"yoast_head":"<!-- This site is optimized with the Yoast SEO plugin v23.7 - https:\/\/yoast.com\/wordpress\/plugins\/seo\/ -->\n<title>Barska stolica u obliku cvijeta, stolica za \u0161minkanje s naslonom - Inti<\/title>\n<meta name=\"description\" content=\"Prostrano sjedalo stolca presvu\u010deno je mekim i ko\u017ei ugodnim bar\u0161unom i podstavljeno visokokvalitetnom i elasti\u010dnom pjenom. Naslon za le\u0111a i ruke izra\u0111eni su iz jednog dijela, tako da mo\u017eete biti dobro oslonjeni i umotani. A sjedalo se mo\u017ee okretati za 360\u00b0 i podesivo je po visini, \u0161to osigurava ve\u0107u udobnost prilikom \u0161minkanja i slobodnog vremena. Plinski lift klase 3 i pro\u0161irena metalna baza s prstenom protiv klizanja daju ovoj stolici od bar\u0161una stabilnost i sigurnost, tako da ne morate brinuti da \u0107e se prevrnuti. Maksimalna nosivost: 150 kg. S jedinstvenim sjedalom u obliku cvijeta s bar\u0161unastom presvlakom, okretni stolac mo\u017ee se lako uklopiti u razli\u010dite prilike i unijeti moderan, elegantan izgled u va\u0161u sobu. Ovaj niski barski stolac ima jednostavan i moderan izgled, prikladan za ve\u0107inu prilika, tako\u0111er se mo\u017ee koristiti kao toaletni stolac, stolac za spava\u0107u sobu, stolac za opu\u0161tanje, stolac za blagovaonicu, radni stol itd.\" \/>\n<meta name=\"robots\" content=\"index, follow, max-snippet:-1, max-image-preview:large, max-video-preview:-1\" \/>\n<link rel=\"canonical\" href=\"https:\/\/inti.hr\/sr\/proizvod\/barska-stolica-u-obliku-cvijeta-stolica-za-sminkanje-s-naslonom\/\" \/>\n<meta property=\"og:locale\" content=\"sr_RS\" \/>\n<meta property=\"og:type\" content=\"article\" \/>\n<meta property=\"og:title\" content=\"Barska stolica u obliku cvijeta, stolica za \u0161minkanje s naslonom - Inti\" \/>\n<meta property=\"og:description\" content=\"Prostrano sjedalo stolca presvu\u010deno je mekim i ko\u017ei ugodnim bar\u0161unom i podstavljeno visokokvalitetnom i elasti\u010dnom pjenom. Naslon za le\u0111a i ruke izra\u0111eni su iz jednog dijela, tako da mo\u017eete biti dobro oslonjeni i umotani. A sjedalo se mo\u017ee okretati za 360\u00b0 i podesivo je po visini, \u0161to osigurava ve\u0107u udobnost prilikom \u0161minkanja i slobodnog vremena. Plinski lift klase 3 i pro\u0161irena metalna baza s prstenom protiv klizanja daju ovoj stolici od bar\u0161una stabilnost i sigurnost, tako da ne morate brinuti da \u0107e se prevrnuti. Maksimalna nosivost: 150 kg. S jedinstvenim sjedalom u obliku cvijeta s bar\u0161unastom presvlakom, okretni stolac mo\u017ee se lako uklopiti u razli\u010dite prilike i unijeti moderan, elegantan izgled u va\u0161u sobu. Ovaj niski barski stolac ima jednostavan i moderan izgled, prikladan za ve\u0107inu prilika, tako\u0111er se mo\u017ee koristiti kao toaletni stolac, stolac za spava\u0107u sobu, stolac za opu\u0161tanje, stolac za blagovaonicu, radni stol itd.\" \/>\n<meta property=\"og:url\" content=\"https:\/\/inti.hr\/sr\/proizvod\/barska-stolica-u-obliku-cvijeta-stolica-za-sminkanje-s-naslonom\/\" \/>\n<meta property=\"og:site_name\" content=\"Inti\" \/>\n<meta property=\"og:image\" content=\"https:\/\/i0.wp.com\/inti.hr\/wp-content\/uploads\/2024\/10\/Barstuhl-Blumenform-Schminkstuhl-mit-Lehne-runder-Hocker-Samtbezug-W0ATT0688-Dunkelgrau2_600x600.jpg?fit=600%2C600&ssl=1\" \/>\n\t<meta property=\"og:image:width\" content=\"600\" \/>\n\t<meta property=\"og:image:height\" content=\"600\" \/>\n\t<meta property=\"og:image:type\" content=\"image\/jpeg\" \/>\n<meta name=\"twitter:card\" content=\"summary_large_image\" \/>\n<script type=\"application\/ld+json\" class=\"yoast-schema-graph\">{\"@context\":\"https:\/\/schema.org\",\"@graph\":[{\"@type\":\"WebPage\",\"@id\":\"https:\/\/inti.hr\/sr\/proizvod\/barska-stolica-u-obliku-cvijeta-stolica-za-sminkanje-s-naslonom\/\",\"url\":\"https:\/\/inti.hr\/sr\/proizvod\/barska-stolica-u-obliku-cvijeta-stolica-za-sminkanje-s-naslonom\/\",\"name\":\"Barska stolica u obliku cvijeta, stolica za \u0161minkanje s naslonom - Inti\",\"isPartOf\":{\"@id\":\"https:\/\/inti.hr\/sr\/#website\"},\"primaryImageOfPage\":{\"@id\":\"https:\/\/inti.hr\/sr\/proizvod\/barska-stolica-u-obliku-cvijeta-stolica-za-sminkanje-s-naslonom\/#primaryimage\"},\"image\":{\"@id\":\"https:\/\/inti.hr\/sr\/proizvod\/barska-stolica-u-obliku-cvijeta-stolica-za-sminkanje-s-naslonom\/#primaryimage\"},\"thumbnailUrl\":\"https:\/\/i0.wp.com\/inti.hr\/wp-content\/uploads\/2024\/10\/Barstuhl-Blumenform-Schminkstuhl-mit-Lehne-runder-Hocker-Samtbezug-W0ATT0688-Dunkelgrau2_600x600.jpg?fit=600%2C600&ssl=1\",\"datePublished\":\"2024-10-16T07:00:06+00:00\",\"dateModified\":\"2024-10-16T07:00:06+00:00\",\"description\":\"Prostrano sjedalo stolca presvu\u010deno je mekim i ko\u017ei ugodnim bar\u0161unom i podstavljeno visokokvalitetnom i elasti\u010dnom pjenom. Naslon za le\u0111a i ruke izra\u0111eni su iz jednog dijela, tako da mo\u017eete biti dobro oslonjeni i umotani. A sjedalo se mo\u017ee okretati za 360\u00b0 i podesivo je po visini, \u0161to osigurava ve\u0107u udobnost prilikom \u0161minkanja i slobodnog vremena. Plinski lift klase 3 i pro\u0161irena metalna baza s prstenom protiv klizanja daju ovoj stolici od bar\u0161una stabilnost i sigurnost, tako da ne morate brinuti da \u0107e se prevrnuti. Maksimalna nosivost: 150 kg. S jedinstvenim sjedalom u obliku cvijeta s bar\u0161unastom presvlakom, okretni stolac mo\u017ee se lako uklopiti u razli\u010dite prilike i unijeti moderan, elegantan izgled u va\u0161u sobu. Ovaj niski barski stolac ima jednostavan i moderan izgled, prikladan za ve\u0107inu prilika, tako\u0111er se mo\u017ee koristiti kao toaletni stolac, stolac za spava\u0107u sobu, stolac za opu\u0161tanje, stolac za blagovaonicu, radni stol itd.\",\"breadcrumb\":{\"@id\":\"https:\/\/inti.hr\/sr\/proizvod\/barska-stolica-u-obliku-cvijeta-stolica-za-sminkanje-s-naslonom\/#breadcrumb\"},\"inLanguage\":\"sr-RS\",\"potentialAction\":[{\"@type\":\"ReadAction\",\"target\":[\"https:\/\/inti.hr\/sr\/proizvod\/barska-stolica-u-obliku-cvijeta-stolica-za-sminkanje-s-naslonom\/\"]}]},{\"@type\":\"ImageObject\",\"inLanguage\":\"sr-RS\",\"@id\":\"https:\/\/inti.hr\/sr\/proizvod\/barska-stolica-u-obliku-cvijeta-stolica-za-sminkanje-s-naslonom\/#primaryimage\",\"url\":\"https:\/\/i0.wp.com\/inti.hr\/wp-content\/uploads\/2024\/10\/Barstuhl-Blumenform-Schminkstuhl-mit-Lehne-runder-Hocker-Samtbezug-W0ATT0688-Dunkelgrau2_600x600.jpg?fit=600%2C600&ssl=1\",\"contentUrl\":\"https:\/\/i0.wp.com\/inti.hr\/wp-content\/uploads\/2024\/10\/Barstuhl-Blumenform-Schminkstuhl-mit-Lehne-runder-Hocker-Samtbezug-W0ATT0688-Dunkelgrau2_600x600.jpg?fit=600%2C600&ssl=1\",\"width\":600,\"height\":600,\"caption\":\"WOLTU barska stolica u obliku cvijeta, stolica za \u0161minkanje s naslonom, okrugli tabure, navlaka od ru\u017ei\u010dastog bar\u0161una\"},{\"@type\":\"BreadcrumbList\",\"@id\":\"https:\/\/inti.hr\/sr\/proizvod\/barska-stolica-u-obliku-cvijeta-stolica-za-sminkanje-s-naslonom\/#breadcrumb\",\"itemListElement\":[{\"@type\":\"ListItem\",\"position\":1,\"name\":\"Po\u010detna stranica\",\"item\":\"https:\/\/inti.hr\/sr\/\"},{\"@type\":\"ListItem\",\"position\":2,\"name\":\"Prodavnica\",\"item\":\"https:\/\/inti.hr\/sr\/prodavnica\/\"},{\"@type\":\"ListItem\",\"position\":3,\"name\":\"Barska stolica u obliku cvijeta, stolica za \u0161minkanje s naslonom\"}]},{\"@type\":\"WebSite\",\"@id\":\"https:\/\/inti.hr\/sr\/#website\",\"url\":\"https:\/\/inti.hr\/sr\/\",\"name\":\"Inti\",\"description\":\"trgovina\",\"potentialAction\":[{\"@type\":\"SearchAction\",\"target\":{\"@type\":\"EntryPoint\",\"urlTemplate\":\"https:\/\/inti.hr\/sr\/?s={search_term_string}\"},\"query-input\":{\"@type\":\"PropertyValueSpecification\",\"valueRequired\":true,\"valueName\":\"search_term_string\"}}],\"inLanguage\":\"sr-RS\"}]}<\/script>\n<!-- \/ Yoast SEO plugin. -->","yoast_head_json":{"title":"Barska stolica u obliku cvijeta, stolica za \u0161minkanje s naslonom - Inti","description":"Prostrano sjedalo stolca presvu\u010deno je mekim i ko\u017ei ugodnim bar\u0161unom i podstavljeno visokokvalitetnom i elasti\u010dnom pjenom. Naslon za le\u0111a i ruke izra\u0111eni su iz jednog dijela, tako da mo\u017eete biti dobro oslonjeni i umotani. A sjedalo se mo\u017ee okretati za 360\u00b0 i podesivo je po visini, \u0161to osigurava ve\u0107u udobnost prilikom \u0161minkanja i slobodnog vremena. Plinski lift klase 3 i pro\u0161irena metalna baza s prstenom protiv klizanja daju ovoj stolici od bar\u0161una stabilnost i sigurnost, tako da ne morate brinuti da \u0107e se prevrnuti. Maksimalna nosivost: 150 kg. S jedinstvenim sjedalom u obliku cvijeta s bar\u0161unastom presvlakom, okretni stolac mo\u017ee se lako uklopiti u razli\u010dite prilike i unijeti moderan, elegantan izgled u va\u0161u sobu. Ovaj niski barski stolac ima jednostavan i moderan izgled, prikladan za ve\u0107inu prilika, tako\u0111er se mo\u017ee koristiti kao toaletni stolac, stolac za spava\u0107u sobu, stolac za opu\u0161tanje, stolac za blagovaonicu, radni stol itd.","robots":{"index":"index","follow":"follow","max-snippet":"max-snippet:-1","max-image-preview":"max-image-preview:large","max-video-preview":"max-video-preview:-1"},"canonical":"https:\/\/inti.hr\/sr\/proizvod\/barska-stolica-u-obliku-cvijeta-stolica-za-sminkanje-s-naslonom\/","og_locale":"sr_RS","og_type":"article","og_title":"Barska stolica u obliku cvijeta, stolica za \u0161minkanje s naslonom - Inti","og_description":"Prostrano sjedalo stolca presvu\u010deno je mekim i ko\u017ei ugodnim bar\u0161unom i podstavljeno visokokvalitetnom i elasti\u010dnom pjenom. Naslon za le\u0111a i ruke izra\u0111eni su iz jednog dijela, tako da mo\u017eete biti dobro oslonjeni i umotani. A sjedalo se mo\u017ee okretati za 360\u00b0 i podesivo je po visini, \u0161to osigurava ve\u0107u udobnost prilikom \u0161minkanja i slobodnog vremena. Plinski lift klase 3 i pro\u0161irena metalna baza s prstenom protiv klizanja daju ovoj stolici od bar\u0161una stabilnost i sigurnost, tako da ne morate brinuti da \u0107e se prevrnuti. Maksimalna nosivost: 150 kg. S jedinstvenim sjedalom u obliku cvijeta s bar\u0161unastom presvlakom, okretni stolac mo\u017ee se lako uklopiti u razli\u010dite prilike i unijeti moderan, elegantan izgled u va\u0161u sobu. Ovaj niski barski stolac ima jednostavan i moderan izgled, prikladan za ve\u0107inu prilika, tako\u0111er se mo\u017ee koristiti kao toaletni stolac, stolac za spava\u0107u sobu, stolac za opu\u0161tanje, stolac za blagovaonicu, radni stol itd.","og_url":"https:\/\/inti.hr\/sr\/proizvod\/barska-stolica-u-obliku-cvijeta-stolica-za-sminkanje-s-naslonom\/","og_site_name":"Inti","og_image":[{"width":600,"height":600,"url":"https:\/\/i0.wp.com\/inti.hr\/wp-content\/uploads\/2024\/10\/Barstuhl-Blumenform-Schminkstuhl-mit-Lehne-runder-Hocker-Samtbezug-W0ATT0688-Dunkelgrau2_600x600.jpg?fit=600%2C600&ssl=1","type":"image\/jpeg"}],"twitter_card":"summary_large_image","schema":{"@context":"https:\/\/schema.org","@graph":[{"@type":"WebPage","@id":"https:\/\/inti.hr\/sr\/proizvod\/barska-stolica-u-obliku-cvijeta-stolica-za-sminkanje-s-naslonom\/","url":"https:\/\/inti.hr\/sr\/proizvod\/barska-stolica-u-obliku-cvijeta-stolica-za-sminkanje-s-naslonom\/","name":"Barska stolica u obliku cvijeta, stolica za \u0161minkanje s naslonom - Inti","isPartOf":{"@id":"https:\/\/inti.hr\/sr\/#website"},"primaryImageOfPage":{"@id":"https:\/\/inti.hr\/sr\/proizvod\/barska-stolica-u-obliku-cvijeta-stolica-za-sminkanje-s-naslonom\/#primaryimage"},"image":{"@id":"https:\/\/inti.hr\/sr\/proizvod\/barska-stolica-u-obliku-cvijeta-stolica-za-sminkanje-s-naslonom\/#primaryimage"},"thumbnailUrl":"https:\/\/i0.wp.com\/inti.hr\/wp-content\/uploads\/2024\/10\/Barstuhl-Blumenform-Schminkstuhl-mit-Lehne-runder-Hocker-Samtbezug-W0ATT0688-Dunkelgrau2_600x600.jpg?fit=600%2C600&ssl=1","datePublished":"2024-10-16T07:00:06+00:00","dateModified":"2024-10-16T07:00:06+00:00","description":"Prostrano sjedalo stolca presvu\u010deno je mekim i ko\u017ei ugodnim bar\u0161unom i podstavljeno visokokvalitetnom i elasti\u010dnom pjenom. Naslon za le\u0111a i ruke izra\u0111eni su iz jednog dijela, tako da mo\u017eete biti dobro oslonjeni i umotani. A sjedalo se mo\u017ee okretati za 360\u00b0 i podesivo je po visini, \u0161to osigurava ve\u0107u udobnost prilikom \u0161minkanja i slobodnog vremena. Plinski lift klase 3 i pro\u0161irena metalna baza s prstenom protiv klizanja daju ovoj stolici od bar\u0161una stabilnost i sigurnost, tako da ne morate brinuti da \u0107e se prevrnuti. Maksimalna nosivost: 150 kg. S jedinstvenim sjedalom u obliku cvijeta s bar\u0161unastom presvlakom, okretni stolac mo\u017ee se lako uklopiti u razli\u010dite prilike i unijeti moderan, elegantan izgled u va\u0161u sobu. Ovaj niski barski stolac ima jednostavan i moderan izgled, prikladan za ve\u0107inu prilika, tako\u0111er se mo\u017ee koristiti kao toaletni stolac, stolac za spava\u0107u sobu, stolac za opu\u0161tanje, stolac za blagovaonicu, radni stol itd.","breadcrumb":{"@id":"https:\/\/inti.hr\/sr\/proizvod\/barska-stolica-u-obliku-cvijeta-stolica-za-sminkanje-s-naslonom\/#breadcrumb"},"inLanguage":"sr-RS","potentialAction":[{"@type":"ReadAction","target":["https:\/\/inti.hr\/sr\/proizvod\/barska-stolica-u-obliku-cvijeta-stolica-za-sminkanje-s-naslonom\/"]}]},{"@type":"ImageObject","inLanguage":"sr-RS","@id":"https:\/\/inti.hr\/sr\/proizvod\/barska-stolica-u-obliku-cvijeta-stolica-za-sminkanje-s-naslonom\/#primaryimage","url":"https:\/\/i0.wp.com\/inti.hr\/wp-content\/uploads\/2024\/10\/Barstuhl-Blumenform-Schminkstuhl-mit-Lehne-runder-Hocker-Samtbezug-W0ATT0688-Dunkelgrau2_600x600.jpg?fit=600%2C600&ssl=1","contentUrl":"https:\/\/i0.wp.com\/inti.hr\/wp-content\/uploads\/2024\/10\/Barstuhl-Blumenform-Schminkstuhl-mit-Lehne-runder-Hocker-Samtbezug-W0ATT0688-Dunkelgrau2_600x600.jpg?fit=600%2C600&ssl=1","width":600,"height":600,"caption":"WOLTU barska stolica u obliku cvijeta, stolica za \u0161minkanje s naslonom, okrugli tabure, navlaka od ru\u017ei\u010dastog bar\u0161una"},{"@type":"BreadcrumbList","@id":"https:\/\/inti.hr\/sr\/proizvod\/barska-stolica-u-obliku-cvijeta-stolica-za-sminkanje-s-naslonom\/#breadcrumb","itemListElement":[{"@type":"ListItem","position":1,"name":"Po\u010detna stranica","item":"https:\/\/inti.hr\/sr\/"},{"@type":"ListItem","position":2,"name":"Prodavnica","item":"https:\/\/inti.hr\/sr\/prodavnica\/"},{"@type":"ListItem","position":3,"name":"Barska stolica u obliku cvijeta, stolica za \u0161minkanje s naslonom"}]},{"@type":"WebSite","@id":"https:\/\/inti.hr\/sr\/#website","url":"https:\/\/inti.hr\/sr\/","name":"Inti","description":"trgovina","potentialAction":[{"@type":"SearchAction","target":{"@type":"EntryPoint","urlTemplate":"https:\/\/inti.hr\/sr\/?s={search_term_string}"},"query-input":{"@type":"PropertyValueSpecification","valueRequired":true,"valueName":"search_term_string"}}],"inLanguage":"sr-RS"}]}},"jetpack_sharing_enabled":true,"jetpack-related-posts":[],"_links":{"self":[{"href":"https:\/\/inti.hr\/sr\/wp-json\/wp\/v2\/product\/31925"}],"collection":[{"href":"https:\/\/inti.hr\/sr\/wp-json\/wp\/v2\/product"}],"about":[{"href":"https:\/\/inti.hr\/sr\/wp-json\/wp\/v2\/types\/product"}],"wp:featuredmedia":[{"embeddable":true,"href":"https:\/\/inti.hr\/sr\/wp-json\/wp\/v2\/media\/31927"}],"wp:attachment":[{"href":"https:\/\/inti.hr\/sr\/wp-json\/wp\/v2\/media?parent=31925"}],"wp:term":[{"taxonomy":"product_cat","embeddable":true,"href":"https:\/\/inti.hr\/sr\/wp-json\/wp\/v2\/product_cat?post=31925"},{"taxonomy":"product_tag","embeddable":true,"href":"https:\/\/inti.hr\/sr\/wp-json\/wp\/v2\/product_tag?post=31925"}],"curies":[{"name":"wp","href":"https:\/\/api.w.org\/{rel}","templated":true}]}}