{"id":31933,"date":"2024-10-15T16:18:16","date_gmt":"2024-10-15T15:18:16","guid":{"rendered":"https:\/\/inti.hr\/product\/set-ogledala-ormaric-za-umivaonik\/"},"modified":"2024-10-15T16:18:16","modified_gmt":"2024-10-15T15:18:16","slug":"set-ogledala-ormaric-za-umivaonik","status":"publish","type":"product","link":"https:\/\/inti.hr\/sr\/proizvod\/set-ogledala-ormaric-za-umivaonik\/","title":{"rendered":"Set ogledala + ormari\u0107 za umivaonik"},"content":{"rendered":"<p>Pojedinosti o proizvodu:<\/p>\n<p>Te\u017eina: oko 13 kg.<br \/>\nTestirano za: 11 kg.<br \/>\nMaterijal: PB(E1), MDF(E1), Porculan.<br \/>\nMjere proizvoda: Donji ormari\u0107: 41x24x52 cm;<br \/>\nOgledalo: 40x14x50 cm (vidi sliku).<br \/>\nDimenzije paketa: 60x50x15 cm.<br \/>\nS uputama za sastavljanje i vijcima. Jednostavna instalacija.<\/p>\n","protected":false},"excerpt":{"rendered":"<p>Ogledalo, ormari\u0107 i umivaonik su uklju\u010deni. Slavina i odvodni priklju\u010dak nisu &#8230; <\/p>\n","protected":false},"featured_media":31934,"template":"","meta":[],"product_cat":[2396],"product_tag":[2522,3173],"yoast_head":"<!-- This site is optimized with the Yoast SEO plugin v23.7 - https:\/\/yoast.com\/wordpress\/plugins\/seo\/ -->\n<title>Set ogledala + ormari\u0107 za umivaonik - Inti<\/title>\n<meta name=\"description\" content=\"Ogledalo, ormari\u0107 i umivaonik su uklju\u010deni. Slavina i odvodni priklju\u010dak nisu uklju\u010deni. Vrata se mogu montirati na lijevu ili desnu stranu, tako da na vama je da odlu\u010dite kako \u0107ete ih otvoriti.Uz proizvod dolazi sudoper dimenzija 27x18x8 cm, a sve \u0161to trebate u\u010diniti je ugraditi dodatnu odljevnu cijev i slavinu. U na\u0161oj trgovini ne prodajemo odvodne cijevi i slavine, stoga nabavite ispravne.Opremljen s 4 jastu\u010di\u0107a od filca protiv ogrebotina za za\u0161titu va\u0161ih zidova.Na vratima nema ru\u010dki, ali ormari\u0107e mo\u017eete lako otvoriti jer nagib iznad vrata omogu\u0107uje da gurnete prste da ih otvorite. Vrata se mogu postaviti s lijeve ili desne strane, tako da mo\u017eete odlu\u010diti na koji na\u010din \u017eelite da se otvore prilikom ponovnog sastavljanja.Minimalisti\u010dki stil \u010dini da va\u0161a kupaonica izgleda \u010disto i prostrano.\" \/>\n<meta name=\"robots\" content=\"index, follow, max-snippet:-1, max-image-preview:large, max-video-preview:-1\" \/>\n<link rel=\"canonical\" href=\"https:\/\/inti.hr\/sr\/proizvod\/set-ogledala-ormaric-za-umivaonik\/\" \/>\n<meta property=\"og:locale\" content=\"sr_RS\" \/>\n<meta property=\"og:type\" content=\"article\" \/>\n<meta property=\"og:title\" content=\"Set ogledala + ormari\u0107 za umivaonik - Inti\" \/>\n<meta property=\"og:description\" content=\"Ogledalo, ormari\u0107 i umivaonik su uklju\u010deni. Slavina i odvodni priklju\u010dak nisu uklju\u010deni. Vrata se mogu montirati na lijevu ili desnu stranu, tako da na vama je da odlu\u010dite kako \u0107ete ih otvoriti.Uz proizvod dolazi sudoper dimenzija 27x18x8 cm, a sve \u0161to trebate u\u010diniti je ugraditi dodatnu odljevnu cijev i slavinu. U na\u0161oj trgovini ne prodajemo odvodne cijevi i slavine, stoga nabavite ispravne.Opremljen s 4 jastu\u010di\u0107a od filca protiv ogrebotina za za\u0161titu va\u0161ih zidova.Na vratima nema ru\u010dki, ali ormari\u0107e mo\u017eete lako otvoriti jer nagib iznad vrata omogu\u0107uje da gurnete prste da ih otvorite. Vrata se mogu postaviti s lijeve ili desne strane, tako da mo\u017eete odlu\u010diti na koji na\u010din \u017eelite da se otvore prilikom ponovnog sastavljanja.Minimalisti\u010dki stil \u010dini da va\u0161a kupaonica izgleda \u010disto i prostrano.\" \/>\n<meta property=\"og:url\" content=\"https:\/\/inti.hr\/sr\/proizvod\/set-ogledala-ormaric-za-umivaonik\/\" \/>\n<meta property=\"og:site_name\" content=\"Inti\" \/>\n<meta property=\"og:image\" content=\"https:\/\/i0.wp.com\/inti.hr\/wp-content\/uploads\/2024\/10\/BZR170-SET-Y002_860x.webp?fit=860%2C1146&ssl=1\" \/>\n\t<meta property=\"og:image:width\" content=\"860\" \/>\n\t<meta property=\"og:image:height\" content=\"1146\" \/>\n\t<meta property=\"og:image:type\" content=\"image\/webp\" \/>\n<meta name=\"twitter:card\" content=\"summary_large_image\" \/>\n<script type=\"application\/ld+json\" class=\"yoast-schema-graph\">{\"@context\":\"https:\/\/schema.org\",\"@graph\":[{\"@type\":\"WebPage\",\"@id\":\"https:\/\/inti.hr\/sr\/proizvod\/set-ogledala-ormaric-za-umivaonik\/\",\"url\":\"https:\/\/inti.hr\/sr\/proizvod\/set-ogledala-ormaric-za-umivaonik\/\",\"name\":\"Set ogledala + ormari\u0107 za umivaonik - Inti\",\"isPartOf\":{\"@id\":\"https:\/\/inti.hr\/sr\/#website\"},\"primaryImageOfPage\":{\"@id\":\"https:\/\/inti.hr\/sr\/proizvod\/set-ogledala-ormaric-za-umivaonik\/#primaryimage\"},\"image\":{\"@id\":\"https:\/\/inti.hr\/sr\/proizvod\/set-ogledala-ormaric-za-umivaonik\/#primaryimage\"},\"thumbnailUrl\":\"https:\/\/i0.wp.com\/inti.hr\/wp-content\/uploads\/2024\/10\/BZR170-SET-Y002_860x.webp?fit=860%2C1146&ssl=1\",\"datePublished\":\"2024-10-15T15:18:16+00:00\",\"dateModified\":\"2024-10-15T15:18:16+00:00\",\"description\":\"Ogledalo, ormari\u0107 i umivaonik su uklju\u010deni. Slavina i odvodni priklju\u010dak nisu uklju\u010deni. Vrata se mogu montirati na lijevu ili desnu stranu, tako da na vama je da odlu\u010dite kako \u0107ete ih otvoriti.Uz proizvod dolazi sudoper dimenzija 27x18x8 cm, a sve \u0161to trebate u\u010diniti je ugraditi dodatnu odljevnu cijev i slavinu. U na\u0161oj trgovini ne prodajemo odvodne cijevi i slavine, stoga nabavite ispravne.Opremljen s 4 jastu\u010di\u0107a od filca protiv ogrebotina za za\u0161titu va\u0161ih zidova.Na vratima nema ru\u010dki, ali ormari\u0107e mo\u017eete lako otvoriti jer nagib iznad vrata omogu\u0107uje da gurnete prste da ih otvorite. Vrata se mogu postaviti s lijeve ili desne strane, tako da mo\u017eete odlu\u010diti na koji na\u010din \u017eelite da se otvore prilikom ponovnog sastavljanja.Minimalisti\u010dki stil \u010dini da va\u0161a kupaonica izgleda \u010disto i prostrano.\",\"breadcrumb\":{\"@id\":\"https:\/\/inti.hr\/sr\/proizvod\/set-ogledala-ormaric-za-umivaonik\/#breadcrumb\"},\"inLanguage\":\"sr-RS\",\"potentialAction\":[{\"@type\":\"ReadAction\",\"target\":[\"https:\/\/inti.hr\/sr\/proizvod\/set-ogledala-ormaric-za-umivaonik\/\"]}]},{\"@type\":\"ImageObject\",\"inLanguage\":\"sr-RS\",\"@id\":\"https:\/\/inti.hr\/sr\/proizvod\/set-ogledala-ormaric-za-umivaonik\/#primaryimage\",\"url\":\"https:\/\/i0.wp.com\/inti.hr\/wp-content\/uploads\/2024\/10\/BZR170-SET-Y002_860x.webp?fit=860%2C1146&ssl=1\",\"contentUrl\":\"https:\/\/i0.wp.com\/inti.hr\/wp-content\/uploads\/2024\/10\/BZR170-SET-Y002_860x.webp?fit=860%2C1146&ssl=1\",\"width\":860,\"height\":1146,\"caption\":\"SoBuy set ogledala + ormari\u0107 za umivaonik BZR170-SET\"},{\"@type\":\"BreadcrumbList\",\"@id\":\"https:\/\/inti.hr\/sr\/proizvod\/set-ogledala-ormaric-za-umivaonik\/#breadcrumb\",\"itemListElement\":[{\"@type\":\"ListItem\",\"position\":1,\"name\":\"Po\u010detna stranica\",\"item\":\"https:\/\/inti.hr\/sr\/\"},{\"@type\":\"ListItem\",\"position\":2,\"name\":\"Prodavnica\",\"item\":\"https:\/\/inti.hr\/sr\/prodavnica\/\"},{\"@type\":\"ListItem\",\"position\":3,\"name\":\"Set ogledala + ormari\u0107 za umivaonik\"}]},{\"@type\":\"WebSite\",\"@id\":\"https:\/\/inti.hr\/sr\/#website\",\"url\":\"https:\/\/inti.hr\/sr\/\",\"name\":\"Inti\",\"description\":\"trgovina\",\"potentialAction\":[{\"@type\":\"SearchAction\",\"target\":{\"@type\":\"EntryPoint\",\"urlTemplate\":\"https:\/\/inti.hr\/sr\/?s={search_term_string}\"},\"query-input\":{\"@type\":\"PropertyValueSpecification\",\"valueRequired\":true,\"valueName\":\"search_term_string\"}}],\"inLanguage\":\"sr-RS\"}]}<\/script>\n<!-- \/ Yoast SEO plugin. -->","yoast_head_json":{"title":"Set ogledala + ormari\u0107 za umivaonik - Inti","description":"Ogledalo, ormari\u0107 i umivaonik su uklju\u010deni. Slavina i odvodni priklju\u010dak nisu uklju\u010deni. Vrata se mogu montirati na lijevu ili desnu stranu, tako da na vama je da odlu\u010dite kako \u0107ete ih otvoriti.Uz proizvod dolazi sudoper dimenzija 27x18x8 cm, a sve \u0161to trebate u\u010diniti je ugraditi dodatnu odljevnu cijev i slavinu. U na\u0161oj trgovini ne prodajemo odvodne cijevi i slavine, stoga nabavite ispravne.Opremljen s 4 jastu\u010di\u0107a od filca protiv ogrebotina za za\u0161titu va\u0161ih zidova.Na vratima nema ru\u010dki, ali ormari\u0107e mo\u017eete lako otvoriti jer nagib iznad vrata omogu\u0107uje da gurnete prste da ih otvorite. Vrata se mogu postaviti s lijeve ili desne strane, tako da mo\u017eete odlu\u010diti na koji na\u010din \u017eelite da se otvore prilikom ponovnog sastavljanja.Minimalisti\u010dki stil \u010dini da va\u0161a kupaonica izgleda \u010disto i prostrano.","robots":{"index":"index","follow":"follow","max-snippet":"max-snippet:-1","max-image-preview":"max-image-preview:large","max-video-preview":"max-video-preview:-1"},"canonical":"https:\/\/inti.hr\/sr\/proizvod\/set-ogledala-ormaric-za-umivaonik\/","og_locale":"sr_RS","og_type":"article","og_title":"Set ogledala + ormari\u0107 za umivaonik - Inti","og_description":"Ogledalo, ormari\u0107 i umivaonik su uklju\u010deni. Slavina i odvodni priklju\u010dak nisu uklju\u010deni. Vrata se mogu montirati na lijevu ili desnu stranu, tako da na vama je da odlu\u010dite kako \u0107ete ih otvoriti.Uz proizvod dolazi sudoper dimenzija 27x18x8 cm, a sve \u0161to trebate u\u010diniti je ugraditi dodatnu odljevnu cijev i slavinu. U na\u0161oj trgovini ne prodajemo odvodne cijevi i slavine, stoga nabavite ispravne.Opremljen s 4 jastu\u010di\u0107a od filca protiv ogrebotina za za\u0161titu va\u0161ih zidova.Na vratima nema ru\u010dki, ali ormari\u0107e mo\u017eete lako otvoriti jer nagib iznad vrata omogu\u0107uje da gurnete prste da ih otvorite. Vrata se mogu postaviti s lijeve ili desne strane, tako da mo\u017eete odlu\u010diti na koji na\u010din \u017eelite da se otvore prilikom ponovnog sastavljanja.Minimalisti\u010dki stil \u010dini da va\u0161a kupaonica izgleda \u010disto i prostrano.","og_url":"https:\/\/inti.hr\/sr\/proizvod\/set-ogledala-ormaric-za-umivaonik\/","og_site_name":"Inti","og_image":[{"width":860,"height":1146,"url":"https:\/\/i0.wp.com\/inti.hr\/wp-content\/uploads\/2024\/10\/BZR170-SET-Y002_860x.webp?fit=860%2C1146&ssl=1","type":"image\/webp"}],"twitter_card":"summary_large_image","schema":{"@context":"https:\/\/schema.org","@graph":[{"@type":"WebPage","@id":"https:\/\/inti.hr\/sr\/proizvod\/set-ogledala-ormaric-za-umivaonik\/","url":"https:\/\/inti.hr\/sr\/proizvod\/set-ogledala-ormaric-za-umivaonik\/","name":"Set ogledala + ormari\u0107 za umivaonik - Inti","isPartOf":{"@id":"https:\/\/inti.hr\/sr\/#website"},"primaryImageOfPage":{"@id":"https:\/\/inti.hr\/sr\/proizvod\/set-ogledala-ormaric-za-umivaonik\/#primaryimage"},"image":{"@id":"https:\/\/inti.hr\/sr\/proizvod\/set-ogledala-ormaric-za-umivaonik\/#primaryimage"},"thumbnailUrl":"https:\/\/i0.wp.com\/inti.hr\/wp-content\/uploads\/2024\/10\/BZR170-SET-Y002_860x.webp?fit=860%2C1146&ssl=1","datePublished":"2024-10-15T15:18:16+00:00","dateModified":"2024-10-15T15:18:16+00:00","description":"Ogledalo, ormari\u0107 i umivaonik su uklju\u010deni. Slavina i odvodni priklju\u010dak nisu uklju\u010deni. Vrata se mogu montirati na lijevu ili desnu stranu, tako da na vama je da odlu\u010dite kako \u0107ete ih otvoriti.Uz proizvod dolazi sudoper dimenzija 27x18x8 cm, a sve \u0161to trebate u\u010diniti je ugraditi dodatnu odljevnu cijev i slavinu. U na\u0161oj trgovini ne prodajemo odvodne cijevi i slavine, stoga nabavite ispravne.Opremljen s 4 jastu\u010di\u0107a od filca protiv ogrebotina za za\u0161titu va\u0161ih zidova.Na vratima nema ru\u010dki, ali ormari\u0107e mo\u017eete lako otvoriti jer nagib iznad vrata omogu\u0107uje da gurnete prste da ih otvorite. Vrata se mogu postaviti s lijeve ili desne strane, tako da mo\u017eete odlu\u010diti na koji na\u010din \u017eelite da se otvore prilikom ponovnog sastavljanja.Minimalisti\u010dki stil \u010dini da va\u0161a kupaonica izgleda \u010disto i prostrano.","breadcrumb":{"@id":"https:\/\/inti.hr\/sr\/proizvod\/set-ogledala-ormaric-za-umivaonik\/#breadcrumb"},"inLanguage":"sr-RS","potentialAction":[{"@type":"ReadAction","target":["https:\/\/inti.hr\/sr\/proizvod\/set-ogledala-ormaric-za-umivaonik\/"]}]},{"@type":"ImageObject","inLanguage":"sr-RS","@id":"https:\/\/inti.hr\/sr\/proizvod\/set-ogledala-ormaric-za-umivaonik\/#primaryimage","url":"https:\/\/i0.wp.com\/inti.hr\/wp-content\/uploads\/2024\/10\/BZR170-SET-Y002_860x.webp?fit=860%2C1146&ssl=1","contentUrl":"https:\/\/i0.wp.com\/inti.hr\/wp-content\/uploads\/2024\/10\/BZR170-SET-Y002_860x.webp?fit=860%2C1146&ssl=1","width":860,"height":1146,"caption":"SoBuy set ogledala + ormari\u0107 za umivaonik BZR170-SET"},{"@type":"BreadcrumbList","@id":"https:\/\/inti.hr\/sr\/proizvod\/set-ogledala-ormaric-za-umivaonik\/#breadcrumb","itemListElement":[{"@type":"ListItem","position":1,"name":"Po\u010detna stranica","item":"https:\/\/inti.hr\/sr\/"},{"@type":"ListItem","position":2,"name":"Prodavnica","item":"https:\/\/inti.hr\/sr\/prodavnica\/"},{"@type":"ListItem","position":3,"name":"Set ogledala + ormari\u0107 za umivaonik"}]},{"@type":"WebSite","@id":"https:\/\/inti.hr\/sr\/#website","url":"https:\/\/inti.hr\/sr\/","name":"Inti","description":"trgovina","potentialAction":[{"@type":"SearchAction","target":{"@type":"EntryPoint","urlTemplate":"https:\/\/inti.hr\/sr\/?s={search_term_string}"},"query-input":{"@type":"PropertyValueSpecification","valueRequired":true,"valueName":"search_term_string"}}],"inLanguage":"sr-RS"}]}},"jetpack_sharing_enabled":true,"jetpack-related-posts":[],"_links":{"self":[{"href":"https:\/\/inti.hr\/sr\/wp-json\/wp\/v2\/product\/31933"}],"collection":[{"href":"https:\/\/inti.hr\/sr\/wp-json\/wp\/v2\/product"}],"about":[{"href":"https:\/\/inti.hr\/sr\/wp-json\/wp\/v2\/types\/product"}],"wp:featuredmedia":[{"embeddable":true,"href":"https:\/\/inti.hr\/sr\/wp-json\/wp\/v2\/media\/31934"}],"wp:attachment":[{"href":"https:\/\/inti.hr\/sr\/wp-json\/wp\/v2\/media?parent=31933"}],"wp:term":[{"taxonomy":"product_cat","embeddable":true,"href":"https:\/\/inti.hr\/sr\/wp-json\/wp\/v2\/product_cat?post=31933"},{"taxonomy":"product_tag","embeddable":true,"href":"https:\/\/inti.hr\/sr\/wp-json\/wp\/v2\/product_tag?post=31933"}],"curies":[{"name":"wp","href":"https:\/\/api.w.org\/{rel}","templated":true}]}}