{"id":31972,"date":"2024-09-26T14:34:10","date_gmt":"2024-09-26T13:34:10","guid":{"rendered":"https:\/\/inti.hr\/product\/barski-stol-sa-stanicom-za-punjenje-i-ladicom\/"},"modified":"2024-09-26T14:34:10","modified_gmt":"2024-09-26T13:34:10","slug":"barski-stol-sa-stanicom-za-punjenje-i-ladicom","status":"publish","type":"product","link":"https:\/\/inti.hr\/sr\/proizvod\/barski-stol-sa-stanicom-za-punjenje-i-ladicom\/","title":{"rendered":"Barski stol sa stanicom za punjenje i ladicom"},"content":{"rendered":"<p>Detalji proizvoda:<br \/>\nBoja: Pepeljasto sme\u0111a, crna<br \/>\nMaterijal: iverica, \u010delik<br \/>\nVeli\u010dina: 40 x 120 x 104,6 cm<br \/>\nTe\u017eina: 22,7 kg<br \/>\nMaksimalna stati\u010dka nosivost: 100 kg<\/p>\n","protected":false},"excerpt":{"rendered":"<p>Ovaj barski stol ima ladicu izra\u0111enu od netkane tkanine, koja se &#8230; <\/p>\n","protected":false},"featured_media":31973,"template":"","meta":[],"product_cat":[2728,2573],"product_tag":[3018,2574],"yoast_head":"<!-- This site is optimized with the Yoast SEO plugin v23.7 - https:\/\/yoast.com\/wordpress\/plugins\/seo\/ -->\n<title>Barski stol sa stanicom za punjenje i ladicom - Inti<\/title>\n<meta name=\"description\" content=\"Ovaj barski stol ima ladicu izra\u0111enu od netkane tkanine, koja se mo\u017ee fleksibilno pomicati u otvorenom odjeljku ili koristiti zasebno na plo\u010di stola. Svestrano rje\u0161enje za pohranu! S 2 bo\u010dne kuke, ovaj sme\u0111i barski stoli\u0107 pru\u017ea prikladno mjesto za vje\u0161anje predmeta poput kabela za punjenje ili slu\u0161alica, dr\u017ee\u0107i va\u0161e osnovne stvari pri ruci i odr\u017eavaju\u0107i va\u0161 prostor urednim. Podesive noge ovog sme\u0111eg stoje\u0107eg stola pru\u017eaju ve\u0107u stabilnost \u010dak i na malo neravnim podovima, dok istovremeno \u0161tite va\u0161 pod od ogrebotina. S produ\u017enim kabelom koji uklju\u010duje USB priklju\u010dke, barski stol se mo\u017ee koristiti i kao radni stol ako je potrebno. Zahvaljuju\u0107i kabelu duljine 2 m, mo\u017eete fleksibilno postaviti stol dok se va\u0161i ure\u0111aji pune. S elegantnim, modernim dizajnom, ovaj visoki stol neprimjetno se uklapa u razne stilove interijera i dodaje da\u0161ak elegancije svakoj prostoriji, bilo da se radi o baru, kuhinji ili dnevnoj sobi.\u00a0\" \/>\n<meta name=\"robots\" content=\"index, follow, max-snippet:-1, max-image-preview:large, max-video-preview:-1\" \/>\n<link rel=\"canonical\" href=\"https:\/\/inti.hr\/sr\/proizvod\/barski-stol-sa-stanicom-za-punjenje-i-ladicom\/\" \/>\n<meta property=\"og:locale\" content=\"sr_RS\" \/>\n<meta property=\"og:type\" content=\"article\" \/>\n<meta property=\"og:title\" content=\"Barski stol sa stanicom za punjenje i ladicom - Inti\" \/>\n<meta property=\"og:description\" content=\"Ovaj barski stol ima ladicu izra\u0111enu od netkane tkanine, koja se mo\u017ee fleksibilno pomicati u otvorenom odjeljku ili koristiti zasebno na plo\u010di stola. Svestrano rje\u0161enje za pohranu! S 2 bo\u010dne kuke, ovaj sme\u0111i barski stoli\u0107 pru\u017ea prikladno mjesto za vje\u0161anje predmeta poput kabela za punjenje ili slu\u0161alica, dr\u017ee\u0107i va\u0161e osnovne stvari pri ruci i odr\u017eavaju\u0107i va\u0161 prostor urednim. Podesive noge ovog sme\u0111eg stoje\u0107eg stola pru\u017eaju ve\u0107u stabilnost \u010dak i na malo neravnim podovima, dok istovremeno \u0161tite va\u0161 pod od ogrebotina. S produ\u017enim kabelom koji uklju\u010duje USB priklju\u010dke, barski stol se mo\u017ee koristiti i kao radni stol ako je potrebno. Zahvaljuju\u0107i kabelu duljine 2 m, mo\u017eete fleksibilno postaviti stol dok se va\u0161i ure\u0111aji pune. S elegantnim, modernim dizajnom, ovaj visoki stol neprimjetno se uklapa u razne stilove interijera i dodaje da\u0161ak elegancije svakoj prostoriji, bilo da se radi o baru, kuhinji ili dnevnoj sobi.\u00a0\" \/>\n<meta property=\"og:url\" content=\"https:\/\/inti.hr\/sr\/proizvod\/barski-stol-sa-stanicom-za-punjenje-i-ladicom\/\" \/>\n<meta property=\"og:site_name\" content=\"Inti\" \/>\n<meta property=\"og:image\" content=\"https:\/\/i0.wp.com\/inti.hr\/wp-content\/uploads\/2024\/09\/LBT019K02-2.jpg?fit=800%2C1000&ssl=1\" \/>\n\t<meta property=\"og:image:width\" content=\"800\" \/>\n\t<meta property=\"og:image:height\" content=\"1000\" \/>\n\t<meta property=\"og:image:type\" content=\"image\/jpeg\" \/>\n<meta name=\"twitter:card\" content=\"summary_large_image\" \/>\n<script type=\"application\/ld+json\" class=\"yoast-schema-graph\">{\"@context\":\"https:\/\/schema.org\",\"@graph\":[{\"@type\":\"WebPage\",\"@id\":\"https:\/\/inti.hr\/sr\/proizvod\/barski-stol-sa-stanicom-za-punjenje-i-ladicom\/\",\"url\":\"https:\/\/inti.hr\/sr\/proizvod\/barski-stol-sa-stanicom-za-punjenje-i-ladicom\/\",\"name\":\"Barski stol sa stanicom za punjenje i ladicom - Inti\",\"isPartOf\":{\"@id\":\"https:\/\/inti.hr\/sr\/#website\"},\"primaryImageOfPage\":{\"@id\":\"https:\/\/inti.hr\/sr\/proizvod\/barski-stol-sa-stanicom-za-punjenje-i-ladicom\/#primaryimage\"},\"image\":{\"@id\":\"https:\/\/inti.hr\/sr\/proizvod\/barski-stol-sa-stanicom-za-punjenje-i-ladicom\/#primaryimage\"},\"thumbnailUrl\":\"https:\/\/i0.wp.com\/inti.hr\/wp-content\/uploads\/2024\/09\/LBT019K02-2.jpg?fit=800%2C1000&ssl=1\",\"datePublished\":\"2024-09-26T13:34:10+00:00\",\"dateModified\":\"2024-09-26T13:34:10+00:00\",\"description\":\"Ovaj barski stol ima ladicu izra\u0111enu od netkane tkanine, koja se mo\u017ee fleksibilno pomicati u otvorenom odjeljku ili koristiti zasebno na plo\u010di stola. Svestrano rje\u0161enje za pohranu! S 2 bo\u010dne kuke, ovaj sme\u0111i barski stoli\u0107 pru\u017ea prikladno mjesto za vje\u0161anje predmeta poput kabela za punjenje ili slu\u0161alica, dr\u017ee\u0107i va\u0161e osnovne stvari pri ruci i odr\u017eavaju\u0107i va\u0161 prostor urednim. Podesive noge ovog sme\u0111eg stoje\u0107eg stola pru\u017eaju ve\u0107u stabilnost \u010dak i na malo neravnim podovima, dok istovremeno \u0161tite va\u0161 pod od ogrebotina. S produ\u017enim kabelom koji uklju\u010duje USB priklju\u010dke, barski stol se mo\u017ee koristiti i kao radni stol ako je potrebno. Zahvaljuju\u0107i kabelu duljine 2 m, mo\u017eete fleksibilno postaviti stol dok se va\u0161i ure\u0111aji pune. S elegantnim, modernim dizajnom, ovaj visoki stol neprimjetno se uklapa u razne stilove interijera i dodaje da\u0161ak elegancije svakoj prostoriji, bilo da se radi o baru, kuhinji ili dnevnoj sobi.\u00a0\",\"breadcrumb\":{\"@id\":\"https:\/\/inti.hr\/sr\/proizvod\/barski-stol-sa-stanicom-za-punjenje-i-ladicom\/#breadcrumb\"},\"inLanguage\":\"sr-RS\",\"potentialAction\":[{\"@type\":\"ReadAction\",\"target\":[\"https:\/\/inti.hr\/sr\/proizvod\/barski-stol-sa-stanicom-za-punjenje-i-ladicom\/\"]}]},{\"@type\":\"ImageObject\",\"inLanguage\":\"sr-RS\",\"@id\":\"https:\/\/inti.hr\/sr\/proizvod\/barski-stol-sa-stanicom-za-punjenje-i-ladicom\/#primaryimage\",\"url\":\"https:\/\/i0.wp.com\/inti.hr\/wp-content\/uploads\/2024\/09\/LBT019K02-2.jpg?fit=800%2C1000&ssl=1\",\"contentUrl\":\"https:\/\/i0.wp.com\/inti.hr\/wp-content\/uploads\/2024\/09\/LBT019K02-2.jpg?fit=800%2C1000&ssl=1\",\"width\":800,\"height\":1000,\"caption\":\"barski stol sa stanicom za punjenje i ladicom 40 x 99,8 x 104,6 cm\"},{\"@type\":\"BreadcrumbList\",\"@id\":\"https:\/\/inti.hr\/sr\/proizvod\/barski-stol-sa-stanicom-za-punjenje-i-ladicom\/#breadcrumb\",\"itemListElement\":[{\"@type\":\"ListItem\",\"position\":1,\"name\":\"Po\u010detna stranica\",\"item\":\"https:\/\/inti.hr\/sr\/\"},{\"@type\":\"ListItem\",\"position\":2,\"name\":\"Prodavnica\",\"item\":\"https:\/\/inti.hr\/sr\/prodavnica\/\"},{\"@type\":\"ListItem\",\"position\":3,\"name\":\"Barski stol sa stanicom za punjenje i ladicom\"}]},{\"@type\":\"WebSite\",\"@id\":\"https:\/\/inti.hr\/sr\/#website\",\"url\":\"https:\/\/inti.hr\/sr\/\",\"name\":\"Inti\",\"description\":\"trgovina\",\"potentialAction\":[{\"@type\":\"SearchAction\",\"target\":{\"@type\":\"EntryPoint\",\"urlTemplate\":\"https:\/\/inti.hr\/sr\/?s={search_term_string}\"},\"query-input\":{\"@type\":\"PropertyValueSpecification\",\"valueRequired\":true,\"valueName\":\"search_term_string\"}}],\"inLanguage\":\"sr-RS\"}]}<\/script>\n<!-- \/ Yoast SEO plugin. -->","yoast_head_json":{"title":"Barski stol sa stanicom za punjenje i ladicom - Inti","description":"Ovaj barski stol ima ladicu izra\u0111enu od netkane tkanine, koja se mo\u017ee fleksibilno pomicati u otvorenom odjeljku ili koristiti zasebno na plo\u010di stola. Svestrano rje\u0161enje za pohranu! S 2 bo\u010dne kuke, ovaj sme\u0111i barski stoli\u0107 pru\u017ea prikladno mjesto za vje\u0161anje predmeta poput kabela za punjenje ili slu\u0161alica, dr\u017ee\u0107i va\u0161e osnovne stvari pri ruci i odr\u017eavaju\u0107i va\u0161 prostor urednim. Podesive noge ovog sme\u0111eg stoje\u0107eg stola pru\u017eaju ve\u0107u stabilnost \u010dak i na malo neravnim podovima, dok istovremeno \u0161tite va\u0161 pod od ogrebotina. S produ\u017enim kabelom koji uklju\u010duje USB priklju\u010dke, barski stol se mo\u017ee koristiti i kao radni stol ako je potrebno. Zahvaljuju\u0107i kabelu duljine 2 m, mo\u017eete fleksibilno postaviti stol dok se va\u0161i ure\u0111aji pune. S elegantnim, modernim dizajnom, ovaj visoki stol neprimjetno se uklapa u razne stilove interijera i dodaje da\u0161ak elegancije svakoj prostoriji, bilo da se radi o baru, kuhinji ili dnevnoj sobi.\u00a0","robots":{"index":"index","follow":"follow","max-snippet":"max-snippet:-1","max-image-preview":"max-image-preview:large","max-video-preview":"max-video-preview:-1"},"canonical":"https:\/\/inti.hr\/sr\/proizvod\/barski-stol-sa-stanicom-za-punjenje-i-ladicom\/","og_locale":"sr_RS","og_type":"article","og_title":"Barski stol sa stanicom za punjenje i ladicom - Inti","og_description":"Ovaj barski stol ima ladicu izra\u0111enu od netkane tkanine, koja se mo\u017ee fleksibilno pomicati u otvorenom odjeljku ili koristiti zasebno na plo\u010di stola. Svestrano rje\u0161enje za pohranu! S 2 bo\u010dne kuke, ovaj sme\u0111i barski stoli\u0107 pru\u017ea prikladno mjesto za vje\u0161anje predmeta poput kabela za punjenje ili slu\u0161alica, dr\u017ee\u0107i va\u0161e osnovne stvari pri ruci i odr\u017eavaju\u0107i va\u0161 prostor urednim. Podesive noge ovog sme\u0111eg stoje\u0107eg stola pru\u017eaju ve\u0107u stabilnost \u010dak i na malo neravnim podovima, dok istovremeno \u0161tite va\u0161 pod od ogrebotina. S produ\u017enim kabelom koji uklju\u010duje USB priklju\u010dke, barski stol se mo\u017ee koristiti i kao radni stol ako je potrebno. Zahvaljuju\u0107i kabelu duljine 2 m, mo\u017eete fleksibilno postaviti stol dok se va\u0161i ure\u0111aji pune. S elegantnim, modernim dizajnom, ovaj visoki stol neprimjetno se uklapa u razne stilove interijera i dodaje da\u0161ak elegancije svakoj prostoriji, bilo da se radi o baru, kuhinji ili dnevnoj sobi.\u00a0","og_url":"https:\/\/inti.hr\/sr\/proizvod\/barski-stol-sa-stanicom-za-punjenje-i-ladicom\/","og_site_name":"Inti","og_image":[{"width":800,"height":1000,"url":"https:\/\/i0.wp.com\/inti.hr\/wp-content\/uploads\/2024\/09\/LBT019K02-2.jpg?fit=800%2C1000&ssl=1","type":"image\/jpeg"}],"twitter_card":"summary_large_image","schema":{"@context":"https:\/\/schema.org","@graph":[{"@type":"WebPage","@id":"https:\/\/inti.hr\/sr\/proizvod\/barski-stol-sa-stanicom-za-punjenje-i-ladicom\/","url":"https:\/\/inti.hr\/sr\/proizvod\/barski-stol-sa-stanicom-za-punjenje-i-ladicom\/","name":"Barski stol sa stanicom za punjenje i ladicom - Inti","isPartOf":{"@id":"https:\/\/inti.hr\/sr\/#website"},"primaryImageOfPage":{"@id":"https:\/\/inti.hr\/sr\/proizvod\/barski-stol-sa-stanicom-za-punjenje-i-ladicom\/#primaryimage"},"image":{"@id":"https:\/\/inti.hr\/sr\/proizvod\/barski-stol-sa-stanicom-za-punjenje-i-ladicom\/#primaryimage"},"thumbnailUrl":"https:\/\/i0.wp.com\/inti.hr\/wp-content\/uploads\/2024\/09\/LBT019K02-2.jpg?fit=800%2C1000&ssl=1","datePublished":"2024-09-26T13:34:10+00:00","dateModified":"2024-09-26T13:34:10+00:00","description":"Ovaj barski stol ima ladicu izra\u0111enu od netkane tkanine, koja se mo\u017ee fleksibilno pomicati u otvorenom odjeljku ili koristiti zasebno na plo\u010di stola. Svestrano rje\u0161enje za pohranu! S 2 bo\u010dne kuke, ovaj sme\u0111i barski stoli\u0107 pru\u017ea prikladno mjesto za vje\u0161anje predmeta poput kabela za punjenje ili slu\u0161alica, dr\u017ee\u0107i va\u0161e osnovne stvari pri ruci i odr\u017eavaju\u0107i va\u0161 prostor urednim. Podesive noge ovog sme\u0111eg stoje\u0107eg stola pru\u017eaju ve\u0107u stabilnost \u010dak i na malo neravnim podovima, dok istovremeno \u0161tite va\u0161 pod od ogrebotina. S produ\u017enim kabelom koji uklju\u010duje USB priklju\u010dke, barski stol se mo\u017ee koristiti i kao radni stol ako je potrebno. Zahvaljuju\u0107i kabelu duljine 2 m, mo\u017eete fleksibilno postaviti stol dok se va\u0161i ure\u0111aji pune. S elegantnim, modernim dizajnom, ovaj visoki stol neprimjetno se uklapa u razne stilove interijera i dodaje da\u0161ak elegancije svakoj prostoriji, bilo da se radi o baru, kuhinji ili dnevnoj sobi.\u00a0","breadcrumb":{"@id":"https:\/\/inti.hr\/sr\/proizvod\/barski-stol-sa-stanicom-za-punjenje-i-ladicom\/#breadcrumb"},"inLanguage":"sr-RS","potentialAction":[{"@type":"ReadAction","target":["https:\/\/inti.hr\/sr\/proizvod\/barski-stol-sa-stanicom-za-punjenje-i-ladicom\/"]}]},{"@type":"ImageObject","inLanguage":"sr-RS","@id":"https:\/\/inti.hr\/sr\/proizvod\/barski-stol-sa-stanicom-za-punjenje-i-ladicom\/#primaryimage","url":"https:\/\/i0.wp.com\/inti.hr\/wp-content\/uploads\/2024\/09\/LBT019K02-2.jpg?fit=800%2C1000&ssl=1","contentUrl":"https:\/\/i0.wp.com\/inti.hr\/wp-content\/uploads\/2024\/09\/LBT019K02-2.jpg?fit=800%2C1000&ssl=1","width":800,"height":1000,"caption":"barski stol sa stanicom za punjenje i ladicom 40 x 99,8 x 104,6 cm"},{"@type":"BreadcrumbList","@id":"https:\/\/inti.hr\/sr\/proizvod\/barski-stol-sa-stanicom-za-punjenje-i-ladicom\/#breadcrumb","itemListElement":[{"@type":"ListItem","position":1,"name":"Po\u010detna stranica","item":"https:\/\/inti.hr\/sr\/"},{"@type":"ListItem","position":2,"name":"Prodavnica","item":"https:\/\/inti.hr\/sr\/prodavnica\/"},{"@type":"ListItem","position":3,"name":"Barski stol sa stanicom za punjenje i ladicom"}]},{"@type":"WebSite","@id":"https:\/\/inti.hr\/sr\/#website","url":"https:\/\/inti.hr\/sr\/","name":"Inti","description":"trgovina","potentialAction":[{"@type":"SearchAction","target":{"@type":"EntryPoint","urlTemplate":"https:\/\/inti.hr\/sr\/?s={search_term_string}"},"query-input":{"@type":"PropertyValueSpecification","valueRequired":true,"valueName":"search_term_string"}}],"inLanguage":"sr-RS"}]}},"jetpack_sharing_enabled":true,"jetpack-related-posts":[],"_links":{"self":[{"href":"https:\/\/inti.hr\/sr\/wp-json\/wp\/v2\/product\/31972"}],"collection":[{"href":"https:\/\/inti.hr\/sr\/wp-json\/wp\/v2\/product"}],"about":[{"href":"https:\/\/inti.hr\/sr\/wp-json\/wp\/v2\/types\/product"}],"wp:featuredmedia":[{"embeddable":true,"href":"https:\/\/inti.hr\/sr\/wp-json\/wp\/v2\/media\/31973"}],"wp:attachment":[{"href":"https:\/\/inti.hr\/sr\/wp-json\/wp\/v2\/media?parent=31972"}],"wp:term":[{"taxonomy":"product_cat","embeddable":true,"href":"https:\/\/inti.hr\/sr\/wp-json\/wp\/v2\/product_cat?post=31972"},{"taxonomy":"product_tag","embeddable":true,"href":"https:\/\/inti.hr\/sr\/wp-json\/wp\/v2\/product_tag?post=31972"}],"curies":[{"name":"wp","href":"https:\/\/api.w.org\/{rel}","templated":true}]}}