{"id":32005,"date":"2024-09-20T16:18:14","date_gmt":"2024-09-20T15:18:14","guid":{"rendered":"https:\/\/inti.hr\/product\/kolica-za-posluzivanje-s-nogama-i-kotacima-40-x-88-x-96-cm\/"},"modified":"2024-09-20T16:18:14","modified_gmt":"2024-09-20T15:18:14","slug":"kolica-za-posluzivanje-s-nogama-i-kotacima-40-x-88-x-96-cm","status":"publish","type":"product","link":"https:\/\/inti.hr\/sr\/proizvod\/kolica-za-posluzivanje-s-nogama-i-kotacima-40-x-88-x-96-cm\/","title":{"rendered":"Kolica za poslu\u017eivanje s nogama i kota\u010dima 40 x 88 x 96 cm"},"content":{"rendered":"<p>Detalji proizvoda:<br \/>\nBoja: vintage sme\u0111e-crna<br \/>\nMaterijal: iverica, \u010delik<br \/>\nVeli\u010dina: 40 x 88 x 96 cm (D x \u0160 x V)<br \/>\nTe\u017eina: 15,7 kg<br \/>\nMaksimalna ukupna stati\u010dka nosivost: 60 kg<br \/>\nMaksimalna stati\u010dka nosivost pladnja: 15 kg<\/p>\n","protected":false},"excerpt":{"rendered":"<p>Ako ste pozvali svoje prijatelje na ve\u010deru, ali je va\u0161 stol &#8230; <\/p>\n","protected":false},"featured_media":32006,"template":"","meta":[],"product_cat":[2539],"product_tag":[3202,3203],"yoast_head":"<!-- This site is optimized with the Yoast SEO plugin v23.7 - https:\/\/yoast.com\/wordpress\/plugins\/seo\/ -->\n<title>Kolica za poslu\u017eivanje s nogama i kota\u010dima 40 x 88 x 96 cm - Inti<\/title>\n<meta name=\"description\" content=\"Ako ste pozvali svoje prijatelje na ve\u010deru, ali je va\u0161 stol premalen da na njega stavite sve svoje delicije, pomo\u0107i \u0107e vam ova kuhinjska kolica u elegantnoj vintage sme\u0111oj i elegantnoj crnoj boji. Volite li doru\u010dkovati u krevetu? Jednostavno upotrijebite ladicu od 15 kg ovih ku\u0107anskih kolica. Zahvaljuju\u0107i visokim stranicama, mrvice od role vi\u0161e ne zavr\u0161avaju na va\u0161em poplunu. Kuhinjska kolica izra\u0111ena od robusne iverice i \u010dvrstog \u010deli\u010dnog okvira. \u017delite li si olak\u0161ati svakodnevicu u kuhinji? Tako je jednostavno! Stoga se po\u010dastite ovom prakti\u010dnom policom. Kolica ili polica! Zahvaljuju\u0107i 4 univerzalna kota\u010di\u0107a, od kojih 2 imaju ko\u010dnice, dobivate pokretna kuhinjska kolica koja lako klize kroz va\u0161 dom. Ili ga pretvorite u prakti\u010dnu kuhinjsku policu pomo\u0107u 4 noge. Postavite sve \u0161to vam je potrebno za zabavu na police kolica za poslu\u017eivanje. Sastoje se od 3 velike police i \u010deli\u010dne konstrukcije debljine 25 x 25 mm, kolica mogu izdr\u017eati ukupno do 60 kg\" \/>\n<meta name=\"robots\" content=\"index, follow, max-snippet:-1, max-image-preview:large, max-video-preview:-1\" \/>\n<link rel=\"canonical\" href=\"https:\/\/inti.hr\/sr\/proizvod\/kolica-za-posluzivanje-s-nogama-i-kotacima-40-x-88-x-96-cm\/\" \/>\n<meta property=\"og:locale\" content=\"sr_RS\" \/>\n<meta property=\"og:type\" content=\"article\" \/>\n<meta property=\"og:title\" content=\"Kolica za poslu\u017eivanje s nogama i kota\u010dima 40 x 88 x 96 cm - Inti\" \/>\n<meta property=\"og:description\" content=\"Ako ste pozvali svoje prijatelje na ve\u010deru, ali je va\u0161 stol premalen da na njega stavite sve svoje delicije, pomo\u0107i \u0107e vam ova kuhinjska kolica u elegantnoj vintage sme\u0111oj i elegantnoj crnoj boji. Volite li doru\u010dkovati u krevetu? Jednostavno upotrijebite ladicu od 15 kg ovih ku\u0107anskih kolica. Zahvaljuju\u0107i visokim stranicama, mrvice od role vi\u0161e ne zavr\u0161avaju na va\u0161em poplunu. Kuhinjska kolica izra\u0111ena od robusne iverice i \u010dvrstog \u010deli\u010dnog okvira. \u017delite li si olak\u0161ati svakodnevicu u kuhinji? Tako je jednostavno! Stoga se po\u010dastite ovom prakti\u010dnom policom. Kolica ili polica! Zahvaljuju\u0107i 4 univerzalna kota\u010di\u0107a, od kojih 2 imaju ko\u010dnice, dobivate pokretna kuhinjska kolica koja lako klize kroz va\u0161 dom. Ili ga pretvorite u prakti\u010dnu kuhinjsku policu pomo\u0107u 4 noge. Postavite sve \u0161to vam je potrebno za zabavu na police kolica za poslu\u017eivanje. Sastoje se od 3 velike police i \u010deli\u010dne konstrukcije debljine 25 x 25 mm, kolica mogu izdr\u017eati ukupno do 60 kg\" \/>\n<meta property=\"og:url\" content=\"https:\/\/inti.hr\/sr\/proizvod\/kolica-za-posluzivanje-s-nogama-i-kotacima-40-x-88-x-96-cm\/\" \/>\n<meta property=\"og:site_name\" content=\"Inti\" \/>\n<meta property=\"og:image\" content=\"https:\/\/i0.wp.com\/inti.hr\/wp-content\/uploads\/2024\/09\/LRC093B01-2.jpg?fit=800%2C1000&ssl=1\" \/>\n\t<meta property=\"og:image:width\" content=\"800\" \/>\n\t<meta property=\"og:image:height\" content=\"1000\" \/>\n\t<meta property=\"og:image:type\" content=\"image\/jpeg\" \/>\n<meta name=\"twitter:card\" content=\"summary_large_image\" \/>\n<script type=\"application\/ld+json\" class=\"yoast-schema-graph\">{\"@context\":\"https:\/\/schema.org\",\"@graph\":[{\"@type\":\"WebPage\",\"@id\":\"https:\/\/inti.hr\/sr\/proizvod\/kolica-za-posluzivanje-s-nogama-i-kotacima-40-x-88-x-96-cm\/\",\"url\":\"https:\/\/inti.hr\/sr\/proizvod\/kolica-za-posluzivanje-s-nogama-i-kotacima-40-x-88-x-96-cm\/\",\"name\":\"Kolica za poslu\u017eivanje s nogama i kota\u010dima 40 x 88 x 96 cm - Inti\",\"isPartOf\":{\"@id\":\"https:\/\/inti.hr\/sr\/#website\"},\"primaryImageOfPage\":{\"@id\":\"https:\/\/inti.hr\/sr\/proizvod\/kolica-za-posluzivanje-s-nogama-i-kotacima-40-x-88-x-96-cm\/#primaryimage\"},\"image\":{\"@id\":\"https:\/\/inti.hr\/sr\/proizvod\/kolica-za-posluzivanje-s-nogama-i-kotacima-40-x-88-x-96-cm\/#primaryimage\"},\"thumbnailUrl\":\"https:\/\/i0.wp.com\/inti.hr\/wp-content\/uploads\/2024\/09\/LRC093B01-2.jpg?fit=800%2C1000&ssl=1\",\"datePublished\":\"2024-09-20T15:18:14+00:00\",\"dateModified\":\"2024-09-20T15:18:14+00:00\",\"description\":\"Ako ste pozvali svoje prijatelje na ve\u010deru, ali je va\u0161 stol premalen da na njega stavite sve svoje delicije, pomo\u0107i \u0107e vam ova kuhinjska kolica u elegantnoj vintage sme\u0111oj i elegantnoj crnoj boji. Volite li doru\u010dkovati u krevetu? Jednostavno upotrijebite ladicu od 15 kg ovih ku\u0107anskih kolica. Zahvaljuju\u0107i visokim stranicama, mrvice od role vi\u0161e ne zavr\u0161avaju na va\u0161em poplunu. Kuhinjska kolica izra\u0111ena od robusne iverice i \u010dvrstog \u010deli\u010dnog okvira. \u017delite li si olak\u0161ati svakodnevicu u kuhinji? Tako je jednostavno! Stoga se po\u010dastite ovom prakti\u010dnom policom. Kolica ili polica! Zahvaljuju\u0107i 4 univerzalna kota\u010di\u0107a, od kojih 2 imaju ko\u010dnice, dobivate pokretna kuhinjska kolica koja lako klize kroz va\u0161 dom. Ili ga pretvorite u prakti\u010dnu kuhinjsku policu pomo\u0107u 4 noge. Postavite sve \u0161to vam je potrebno za zabavu na police kolica za poslu\u017eivanje. Sastoje se od 3 velike police i \u010deli\u010dne konstrukcije debljine 25 x 25 mm, kolica mogu izdr\u017eati ukupno do 60 kg\",\"breadcrumb\":{\"@id\":\"https:\/\/inti.hr\/sr\/proizvod\/kolica-za-posluzivanje-s-nogama-i-kotacima-40-x-88-x-96-cm\/#breadcrumb\"},\"inLanguage\":\"sr-RS\",\"potentialAction\":[{\"@type\":\"ReadAction\",\"target\":[\"https:\/\/inti.hr\/sr\/proizvod\/kolica-za-posluzivanje-s-nogama-i-kotacima-40-x-88-x-96-cm\/\"]}]},{\"@type\":\"ImageObject\",\"inLanguage\":\"sr-RS\",\"@id\":\"https:\/\/inti.hr\/sr\/proizvod\/kolica-za-posluzivanje-s-nogama-i-kotacima-40-x-88-x-96-cm\/#primaryimage\",\"url\":\"https:\/\/i0.wp.com\/inti.hr\/wp-content\/uploads\/2024\/09\/LRC093B01-2.jpg?fit=800%2C1000&ssl=1\",\"contentUrl\":\"https:\/\/i0.wp.com\/inti.hr\/wp-content\/uploads\/2024\/09\/LRC093B01-2.jpg?fit=800%2C1000&ssl=1\",\"width\":800,\"height\":1000,\"caption\":\"VASAGLE kolica za poslu\u017eivanje s nogama i kota\u010dima 40 x 88 x 96 cm\"},{\"@type\":\"BreadcrumbList\",\"@id\":\"https:\/\/inti.hr\/sr\/proizvod\/kolica-za-posluzivanje-s-nogama-i-kotacima-40-x-88-x-96-cm\/#breadcrumb\",\"itemListElement\":[{\"@type\":\"ListItem\",\"position\":1,\"name\":\"Po\u010detna stranica\",\"item\":\"https:\/\/inti.hr\/sr\/\"},{\"@type\":\"ListItem\",\"position\":2,\"name\":\"Prodavnica\",\"item\":\"https:\/\/inti.hr\/sr\/prodavnica\/\"},{\"@type\":\"ListItem\",\"position\":3,\"name\":\"Kolica za poslu\u017eivanje s nogama i kota\u010dima 40 x 88 x 96 cm\"}]},{\"@type\":\"WebSite\",\"@id\":\"https:\/\/inti.hr\/sr\/#website\",\"url\":\"https:\/\/inti.hr\/sr\/\",\"name\":\"Inti\",\"description\":\"trgovina\",\"potentialAction\":[{\"@type\":\"SearchAction\",\"target\":{\"@type\":\"EntryPoint\",\"urlTemplate\":\"https:\/\/inti.hr\/sr\/?s={search_term_string}\"},\"query-input\":{\"@type\":\"PropertyValueSpecification\",\"valueRequired\":true,\"valueName\":\"search_term_string\"}}],\"inLanguage\":\"sr-RS\"}]}<\/script>\n<!-- \/ Yoast SEO plugin. -->","yoast_head_json":{"title":"Kolica za poslu\u017eivanje s nogama i kota\u010dima 40 x 88 x 96 cm - Inti","description":"Ako ste pozvali svoje prijatelje na ve\u010deru, ali je va\u0161 stol premalen da na njega stavite sve svoje delicije, pomo\u0107i \u0107e vam ova kuhinjska kolica u elegantnoj vintage sme\u0111oj i elegantnoj crnoj boji. Volite li doru\u010dkovati u krevetu? Jednostavno upotrijebite ladicu od 15 kg ovih ku\u0107anskih kolica. Zahvaljuju\u0107i visokim stranicama, mrvice od role vi\u0161e ne zavr\u0161avaju na va\u0161em poplunu. Kuhinjska kolica izra\u0111ena od robusne iverice i \u010dvrstog \u010deli\u010dnog okvira. \u017delite li si olak\u0161ati svakodnevicu u kuhinji? Tako je jednostavno! Stoga se po\u010dastite ovom prakti\u010dnom policom. Kolica ili polica! Zahvaljuju\u0107i 4 univerzalna kota\u010di\u0107a, od kojih 2 imaju ko\u010dnice, dobivate pokretna kuhinjska kolica koja lako klize kroz va\u0161 dom. Ili ga pretvorite u prakti\u010dnu kuhinjsku policu pomo\u0107u 4 noge. Postavite sve \u0161to vam je potrebno za zabavu na police kolica za poslu\u017eivanje. Sastoje se od 3 velike police i \u010deli\u010dne konstrukcije debljine 25 x 25 mm, kolica mogu izdr\u017eati ukupno do 60 kg","robots":{"index":"index","follow":"follow","max-snippet":"max-snippet:-1","max-image-preview":"max-image-preview:large","max-video-preview":"max-video-preview:-1"},"canonical":"https:\/\/inti.hr\/sr\/proizvod\/kolica-za-posluzivanje-s-nogama-i-kotacima-40-x-88-x-96-cm\/","og_locale":"sr_RS","og_type":"article","og_title":"Kolica za poslu\u017eivanje s nogama i kota\u010dima 40 x 88 x 96 cm - Inti","og_description":"Ako ste pozvali svoje prijatelje na ve\u010deru, ali je va\u0161 stol premalen da na njega stavite sve svoje delicije, pomo\u0107i \u0107e vam ova kuhinjska kolica u elegantnoj vintage sme\u0111oj i elegantnoj crnoj boji. Volite li doru\u010dkovati u krevetu? Jednostavno upotrijebite ladicu od 15 kg ovih ku\u0107anskih kolica. Zahvaljuju\u0107i visokim stranicama, mrvice od role vi\u0161e ne zavr\u0161avaju na va\u0161em poplunu. Kuhinjska kolica izra\u0111ena od robusne iverice i \u010dvrstog \u010deli\u010dnog okvira. \u017delite li si olak\u0161ati svakodnevicu u kuhinji? Tako je jednostavno! Stoga se po\u010dastite ovom prakti\u010dnom policom. Kolica ili polica! Zahvaljuju\u0107i 4 univerzalna kota\u010di\u0107a, od kojih 2 imaju ko\u010dnice, dobivate pokretna kuhinjska kolica koja lako klize kroz va\u0161 dom. Ili ga pretvorite u prakti\u010dnu kuhinjsku policu pomo\u0107u 4 noge. Postavite sve \u0161to vam je potrebno za zabavu na police kolica za poslu\u017eivanje. Sastoje se od 3 velike police i \u010deli\u010dne konstrukcije debljine 25 x 25 mm, kolica mogu izdr\u017eati ukupno do 60 kg","og_url":"https:\/\/inti.hr\/sr\/proizvod\/kolica-za-posluzivanje-s-nogama-i-kotacima-40-x-88-x-96-cm\/","og_site_name":"Inti","og_image":[{"width":800,"height":1000,"url":"https:\/\/i0.wp.com\/inti.hr\/wp-content\/uploads\/2024\/09\/LRC093B01-2.jpg?fit=800%2C1000&ssl=1","type":"image\/jpeg"}],"twitter_card":"summary_large_image","schema":{"@context":"https:\/\/schema.org","@graph":[{"@type":"WebPage","@id":"https:\/\/inti.hr\/sr\/proizvod\/kolica-za-posluzivanje-s-nogama-i-kotacima-40-x-88-x-96-cm\/","url":"https:\/\/inti.hr\/sr\/proizvod\/kolica-za-posluzivanje-s-nogama-i-kotacima-40-x-88-x-96-cm\/","name":"Kolica za poslu\u017eivanje s nogama i kota\u010dima 40 x 88 x 96 cm - Inti","isPartOf":{"@id":"https:\/\/inti.hr\/sr\/#website"},"primaryImageOfPage":{"@id":"https:\/\/inti.hr\/sr\/proizvod\/kolica-za-posluzivanje-s-nogama-i-kotacima-40-x-88-x-96-cm\/#primaryimage"},"image":{"@id":"https:\/\/inti.hr\/sr\/proizvod\/kolica-za-posluzivanje-s-nogama-i-kotacima-40-x-88-x-96-cm\/#primaryimage"},"thumbnailUrl":"https:\/\/i0.wp.com\/inti.hr\/wp-content\/uploads\/2024\/09\/LRC093B01-2.jpg?fit=800%2C1000&ssl=1","datePublished":"2024-09-20T15:18:14+00:00","dateModified":"2024-09-20T15:18:14+00:00","description":"Ako ste pozvali svoje prijatelje na ve\u010deru, ali je va\u0161 stol premalen da na njega stavite sve svoje delicije, pomo\u0107i \u0107e vam ova kuhinjska kolica u elegantnoj vintage sme\u0111oj i elegantnoj crnoj boji. Volite li doru\u010dkovati u krevetu? Jednostavno upotrijebite ladicu od 15 kg ovih ku\u0107anskih kolica. Zahvaljuju\u0107i visokim stranicama, mrvice od role vi\u0161e ne zavr\u0161avaju na va\u0161em poplunu. Kuhinjska kolica izra\u0111ena od robusne iverice i \u010dvrstog \u010deli\u010dnog okvira. \u017delite li si olak\u0161ati svakodnevicu u kuhinji? Tako je jednostavno! Stoga se po\u010dastite ovom prakti\u010dnom policom. Kolica ili polica! Zahvaljuju\u0107i 4 univerzalna kota\u010di\u0107a, od kojih 2 imaju ko\u010dnice, dobivate pokretna kuhinjska kolica koja lako klize kroz va\u0161 dom. Ili ga pretvorite u prakti\u010dnu kuhinjsku policu pomo\u0107u 4 noge. Postavite sve \u0161to vam je potrebno za zabavu na police kolica za poslu\u017eivanje. Sastoje se od 3 velike police i \u010deli\u010dne konstrukcije debljine 25 x 25 mm, kolica mogu izdr\u017eati ukupno do 60 kg","breadcrumb":{"@id":"https:\/\/inti.hr\/sr\/proizvod\/kolica-za-posluzivanje-s-nogama-i-kotacima-40-x-88-x-96-cm\/#breadcrumb"},"inLanguage":"sr-RS","potentialAction":[{"@type":"ReadAction","target":["https:\/\/inti.hr\/sr\/proizvod\/kolica-za-posluzivanje-s-nogama-i-kotacima-40-x-88-x-96-cm\/"]}]},{"@type":"ImageObject","inLanguage":"sr-RS","@id":"https:\/\/inti.hr\/sr\/proizvod\/kolica-za-posluzivanje-s-nogama-i-kotacima-40-x-88-x-96-cm\/#primaryimage","url":"https:\/\/i0.wp.com\/inti.hr\/wp-content\/uploads\/2024\/09\/LRC093B01-2.jpg?fit=800%2C1000&ssl=1","contentUrl":"https:\/\/i0.wp.com\/inti.hr\/wp-content\/uploads\/2024\/09\/LRC093B01-2.jpg?fit=800%2C1000&ssl=1","width":800,"height":1000,"caption":"VASAGLE kolica za poslu\u017eivanje s nogama i kota\u010dima 40 x 88 x 96 cm"},{"@type":"BreadcrumbList","@id":"https:\/\/inti.hr\/sr\/proizvod\/kolica-za-posluzivanje-s-nogama-i-kotacima-40-x-88-x-96-cm\/#breadcrumb","itemListElement":[{"@type":"ListItem","position":1,"name":"Po\u010detna stranica","item":"https:\/\/inti.hr\/sr\/"},{"@type":"ListItem","position":2,"name":"Prodavnica","item":"https:\/\/inti.hr\/sr\/prodavnica\/"},{"@type":"ListItem","position":3,"name":"Kolica za poslu\u017eivanje s nogama i kota\u010dima 40 x 88 x 96 cm"}]},{"@type":"WebSite","@id":"https:\/\/inti.hr\/sr\/#website","url":"https:\/\/inti.hr\/sr\/","name":"Inti","description":"trgovina","potentialAction":[{"@type":"SearchAction","target":{"@type":"EntryPoint","urlTemplate":"https:\/\/inti.hr\/sr\/?s={search_term_string}"},"query-input":{"@type":"PropertyValueSpecification","valueRequired":true,"valueName":"search_term_string"}}],"inLanguage":"sr-RS"}]}},"jetpack_sharing_enabled":true,"jetpack-related-posts":[],"_links":{"self":[{"href":"https:\/\/inti.hr\/sr\/wp-json\/wp\/v2\/product\/32005"}],"collection":[{"href":"https:\/\/inti.hr\/sr\/wp-json\/wp\/v2\/product"}],"about":[{"href":"https:\/\/inti.hr\/sr\/wp-json\/wp\/v2\/types\/product"}],"wp:featuredmedia":[{"embeddable":true,"href":"https:\/\/inti.hr\/sr\/wp-json\/wp\/v2\/media\/32006"}],"wp:attachment":[{"href":"https:\/\/inti.hr\/sr\/wp-json\/wp\/v2\/media?parent=32005"}],"wp:term":[{"taxonomy":"product_cat","embeddable":true,"href":"https:\/\/inti.hr\/sr\/wp-json\/wp\/v2\/product_cat?post=32005"},{"taxonomy":"product_tag","embeddable":true,"href":"https:\/\/inti.hr\/sr\/wp-json\/wp\/v2\/product_tag?post=32005"}],"curies":[{"name":"wp","href":"https:\/\/api.w.org\/{rel}","templated":true}]}}