{"id":32021,"date":"2024-09-15T15:15:19","date_gmt":"2024-09-15T14:15:19","guid":{"rendered":"https:\/\/inti.hr\/product\/ogledalo-u-punoj-velicini-160-x-50-cm\/"},"modified":"2024-09-15T15:15:19","modified_gmt":"2024-09-15T14:15:19","slug":"ogledalo-u-punoj-velicini-160-x-50-cm","status":"publish","type":"product","link":"https:\/\/inti.hr\/sr\/proizvod\/ogledalo-u-punoj-velicini-160-x-50-cm\/","title":{"rendered":"Ogledalo u punoj veli\u010dini 160 x 50 cm"},"content":{"rendered":"<p>Detalji proizvoda:<br \/>\nBoja: crna tinta<br \/>\nMaterijal: kaljeno staklo, aluminijska legura<br \/>\nVeli\u010dina: 160 x 50 cm (D x \u0160)<br \/>\nTe\u017eina: 6,8 kg<\/p>\n","protected":false},"excerpt":{"rendered":"<p>Na\u0161e ogledalo u punoj veli\u010dini mjeri 160 x 50 cm i &#8230; <\/p>\n","protected":false},"featured_media":32022,"template":"","meta":[],"product_cat":[2396],"product_tag":[2687,3205,2677],"yoast_head":"<!-- This site is optimized with the Yoast SEO plugin v23.7 - https:\/\/yoast.com\/wordpress\/plugins\/seo\/ -->\n<title>Ogledalo u punoj veli\u010dini 160 x 50 cm - Inti<\/title>\n<meta name=\"description\" content=\"Na\u0161e ogledalo u punoj veli\u010dini mjeri 160 x 50 cm i nudi potpuni pogled na va\u0161u cijelu odje\u0107u. Bilo da stoji samostoje\u0107e ili postavljeno na zid, u\u017eivajte u savr\u0161enoj zrcalnoj slici. Ovo ogledalo ima elegantan pravokutni okvir i dodaje \u0161arm va\u0161oj sobi. Tako\u0111er je privla\u010dan za o\u010di koji \u0107e pobolj\u0161ati stil va\u0161e spava\u0107e sobe, ulaza, dnevnog boravka i teretane. Ovo stoje\u0107e ogledalo spremno je za upotrebu nakon raspakiranja i ne zahtijeva sastavljanje. Njegov lagani okvir olak\u0161ava premje\u0161tanje i postavljanje bilo gdje u va\u0161em domu. Izra\u0111eno od visokokvalitetnog kaljenog stakla sa sigurnosnom folijom, podno ogledalo otporno je na udarce i jam\u010di va\u0161u sigurnost \u010dak i u rijetkom slu\u010daju loma. \u010cvrsti okvir otporan je na hr\u0111u i zadr\u017eava svoj sjaj. Tako\u0111er je dovoljno robustan da sprije\u010di pucanje i osigura dug radni vijek.\" \/>\n<meta name=\"robots\" content=\"index, follow, max-snippet:-1, max-image-preview:large, max-video-preview:-1\" \/>\n<link rel=\"canonical\" href=\"https:\/\/inti.hr\/sr\/proizvod\/ogledalo-u-punoj-velicini-160-x-50-cm\/\" \/>\n<meta property=\"og:locale\" content=\"sr_RS\" \/>\n<meta property=\"og:type\" content=\"article\" \/>\n<meta property=\"og:title\" content=\"Ogledalo u punoj veli\u010dini 160 x 50 cm - Inti\" \/>\n<meta property=\"og:description\" content=\"Na\u0161e ogledalo u punoj veli\u010dini mjeri 160 x 50 cm i nudi potpuni pogled na va\u0161u cijelu odje\u0107u. Bilo da stoji samostoje\u0107e ili postavljeno na zid, u\u017eivajte u savr\u0161enoj zrcalnoj slici. Ovo ogledalo ima elegantan pravokutni okvir i dodaje \u0161arm va\u0161oj sobi. Tako\u0111er je privla\u010dan za o\u010di koji \u0107e pobolj\u0161ati stil va\u0161e spava\u0107e sobe, ulaza, dnevnog boravka i teretane. Ovo stoje\u0107e ogledalo spremno je za upotrebu nakon raspakiranja i ne zahtijeva sastavljanje. Njegov lagani okvir olak\u0161ava premje\u0161tanje i postavljanje bilo gdje u va\u0161em domu. Izra\u0111eno od visokokvalitetnog kaljenog stakla sa sigurnosnom folijom, podno ogledalo otporno je na udarce i jam\u010di va\u0161u sigurnost \u010dak i u rijetkom slu\u010daju loma. \u010cvrsti okvir otporan je na hr\u0111u i zadr\u017eava svoj sjaj. Tako\u0111er je dovoljno robustan da sprije\u010di pucanje i osigura dug radni vijek.\" \/>\n<meta property=\"og:url\" content=\"https:\/\/inti.hr\/sr\/proizvod\/ogledalo-u-punoj-velicini-160-x-50-cm\/\" \/>\n<meta property=\"og:site_name\" content=\"Inti\" \/>\n<meta property=\"og:image\" content=\"https:\/\/i0.wp.com\/inti.hr\/wp-content\/uploads\/2024\/09\/LFM030B01-1.jpg?fit=1000%2C1000&ssl=1\" \/>\n\t<meta property=\"og:image:width\" content=\"1000\" \/>\n\t<meta property=\"og:image:height\" content=\"1000\" \/>\n\t<meta property=\"og:image:type\" content=\"image\/jpeg\" \/>\n<meta name=\"twitter:card\" content=\"summary_large_image\" \/>\n<script type=\"application\/ld+json\" class=\"yoast-schema-graph\">{\"@context\":\"https:\/\/schema.org\",\"@graph\":[{\"@type\":\"WebPage\",\"@id\":\"https:\/\/inti.hr\/sr\/proizvod\/ogledalo-u-punoj-velicini-160-x-50-cm\/\",\"url\":\"https:\/\/inti.hr\/sr\/proizvod\/ogledalo-u-punoj-velicini-160-x-50-cm\/\",\"name\":\"Ogledalo u punoj veli\u010dini 160 x 50 cm - Inti\",\"isPartOf\":{\"@id\":\"https:\/\/inti.hr\/sr\/#website\"},\"primaryImageOfPage\":{\"@id\":\"https:\/\/inti.hr\/sr\/proizvod\/ogledalo-u-punoj-velicini-160-x-50-cm\/#primaryimage\"},\"image\":{\"@id\":\"https:\/\/inti.hr\/sr\/proizvod\/ogledalo-u-punoj-velicini-160-x-50-cm\/#primaryimage\"},\"thumbnailUrl\":\"https:\/\/i0.wp.com\/inti.hr\/wp-content\/uploads\/2024\/09\/LFM030B01-1.jpg?fit=1000%2C1000&ssl=1\",\"datePublished\":\"2024-09-15T14:15:19+00:00\",\"dateModified\":\"2024-09-15T14:15:19+00:00\",\"description\":\"Na\u0161e ogledalo u punoj veli\u010dini mjeri 160 x 50 cm i nudi potpuni pogled na va\u0161u cijelu odje\u0107u. Bilo da stoji samostoje\u0107e ili postavljeno na zid, u\u017eivajte u savr\u0161enoj zrcalnoj slici. Ovo ogledalo ima elegantan pravokutni okvir i dodaje \u0161arm va\u0161oj sobi. Tako\u0111er je privla\u010dan za o\u010di koji \u0107e pobolj\u0161ati stil va\u0161e spava\u0107e sobe, ulaza, dnevnog boravka i teretane. Ovo stoje\u0107e ogledalo spremno je za upotrebu nakon raspakiranja i ne zahtijeva sastavljanje. Njegov lagani okvir olak\u0161ava premje\u0161tanje i postavljanje bilo gdje u va\u0161em domu. Izra\u0111eno od visokokvalitetnog kaljenog stakla sa sigurnosnom folijom, podno ogledalo otporno je na udarce i jam\u010di va\u0161u sigurnost \u010dak i u rijetkom slu\u010daju loma. \u010cvrsti okvir otporan je na hr\u0111u i zadr\u017eava svoj sjaj. Tako\u0111er je dovoljno robustan da sprije\u010di pucanje i osigura dug radni vijek.\",\"breadcrumb\":{\"@id\":\"https:\/\/inti.hr\/sr\/proizvod\/ogledalo-u-punoj-velicini-160-x-50-cm\/#breadcrumb\"},\"inLanguage\":\"sr-RS\",\"potentialAction\":[{\"@type\":\"ReadAction\",\"target\":[\"https:\/\/inti.hr\/sr\/proizvod\/ogledalo-u-punoj-velicini-160-x-50-cm\/\"]}]},{\"@type\":\"ImageObject\",\"inLanguage\":\"sr-RS\",\"@id\":\"https:\/\/inti.hr\/sr\/proizvod\/ogledalo-u-punoj-velicini-160-x-50-cm\/#primaryimage\",\"url\":\"https:\/\/i0.wp.com\/inti.hr\/wp-content\/uploads\/2024\/09\/LFM030B01-1.jpg?fit=1000%2C1000&ssl=1\",\"contentUrl\":\"https:\/\/i0.wp.com\/inti.hr\/wp-content\/uploads\/2024\/09\/LFM030B01-1.jpg?fit=1000%2C1000&ssl=1\",\"width\":1000,\"height\":1000,\"caption\":\"ogledalo u punoj veli\u010dini 160 x 50 cm pravokutna tinta crna\"},{\"@type\":\"BreadcrumbList\",\"@id\":\"https:\/\/inti.hr\/sr\/proizvod\/ogledalo-u-punoj-velicini-160-x-50-cm\/#breadcrumb\",\"itemListElement\":[{\"@type\":\"ListItem\",\"position\":1,\"name\":\"Po\u010detna stranica\",\"item\":\"https:\/\/inti.hr\/sr\/\"},{\"@type\":\"ListItem\",\"position\":2,\"name\":\"Prodavnica\",\"item\":\"https:\/\/inti.hr\/sr\/prodavnica\/\"},{\"@type\":\"ListItem\",\"position\":3,\"name\":\"Ogledalo u punoj veli\u010dini 160 x 50 cm\"}]},{\"@type\":\"WebSite\",\"@id\":\"https:\/\/inti.hr\/sr\/#website\",\"url\":\"https:\/\/inti.hr\/sr\/\",\"name\":\"Inti\",\"description\":\"trgovina\",\"potentialAction\":[{\"@type\":\"SearchAction\",\"target\":{\"@type\":\"EntryPoint\",\"urlTemplate\":\"https:\/\/inti.hr\/sr\/?s={search_term_string}\"},\"query-input\":{\"@type\":\"PropertyValueSpecification\",\"valueRequired\":true,\"valueName\":\"search_term_string\"}}],\"inLanguage\":\"sr-RS\"}]}<\/script>\n<!-- \/ Yoast SEO plugin. -->","yoast_head_json":{"title":"Ogledalo u punoj veli\u010dini 160 x 50 cm - Inti","description":"Na\u0161e ogledalo u punoj veli\u010dini mjeri 160 x 50 cm i nudi potpuni pogled na va\u0161u cijelu odje\u0107u. Bilo da stoji samostoje\u0107e ili postavljeno na zid, u\u017eivajte u savr\u0161enoj zrcalnoj slici. Ovo ogledalo ima elegantan pravokutni okvir i dodaje \u0161arm va\u0161oj sobi. Tako\u0111er je privla\u010dan za o\u010di koji \u0107e pobolj\u0161ati stil va\u0161e spava\u0107e sobe, ulaza, dnevnog boravka i teretane. Ovo stoje\u0107e ogledalo spremno je za upotrebu nakon raspakiranja i ne zahtijeva sastavljanje. Njegov lagani okvir olak\u0161ava premje\u0161tanje i postavljanje bilo gdje u va\u0161em domu. Izra\u0111eno od visokokvalitetnog kaljenog stakla sa sigurnosnom folijom, podno ogledalo otporno je na udarce i jam\u010di va\u0161u sigurnost \u010dak i u rijetkom slu\u010daju loma. \u010cvrsti okvir otporan je na hr\u0111u i zadr\u017eava svoj sjaj. Tako\u0111er je dovoljno robustan da sprije\u010di pucanje i osigura dug radni vijek.","robots":{"index":"index","follow":"follow","max-snippet":"max-snippet:-1","max-image-preview":"max-image-preview:large","max-video-preview":"max-video-preview:-1"},"canonical":"https:\/\/inti.hr\/sr\/proizvod\/ogledalo-u-punoj-velicini-160-x-50-cm\/","og_locale":"sr_RS","og_type":"article","og_title":"Ogledalo u punoj veli\u010dini 160 x 50 cm - Inti","og_description":"Na\u0161e ogledalo u punoj veli\u010dini mjeri 160 x 50 cm i nudi potpuni pogled na va\u0161u cijelu odje\u0107u. Bilo da stoji samostoje\u0107e ili postavljeno na zid, u\u017eivajte u savr\u0161enoj zrcalnoj slici. Ovo ogledalo ima elegantan pravokutni okvir i dodaje \u0161arm va\u0161oj sobi. Tako\u0111er je privla\u010dan za o\u010di koji \u0107e pobolj\u0161ati stil va\u0161e spava\u0107e sobe, ulaza, dnevnog boravka i teretane. Ovo stoje\u0107e ogledalo spremno je za upotrebu nakon raspakiranja i ne zahtijeva sastavljanje. Njegov lagani okvir olak\u0161ava premje\u0161tanje i postavljanje bilo gdje u va\u0161em domu. Izra\u0111eno od visokokvalitetnog kaljenog stakla sa sigurnosnom folijom, podno ogledalo otporno je na udarce i jam\u010di va\u0161u sigurnost \u010dak i u rijetkom slu\u010daju loma. \u010cvrsti okvir otporan je na hr\u0111u i zadr\u017eava svoj sjaj. Tako\u0111er je dovoljno robustan da sprije\u010di pucanje i osigura dug radni vijek.","og_url":"https:\/\/inti.hr\/sr\/proizvod\/ogledalo-u-punoj-velicini-160-x-50-cm\/","og_site_name":"Inti","og_image":[{"width":1000,"height":1000,"url":"https:\/\/i0.wp.com\/inti.hr\/wp-content\/uploads\/2024\/09\/LFM030B01-1.jpg?fit=1000%2C1000&ssl=1","type":"image\/jpeg"}],"twitter_card":"summary_large_image","schema":{"@context":"https:\/\/schema.org","@graph":[{"@type":"WebPage","@id":"https:\/\/inti.hr\/sr\/proizvod\/ogledalo-u-punoj-velicini-160-x-50-cm\/","url":"https:\/\/inti.hr\/sr\/proizvod\/ogledalo-u-punoj-velicini-160-x-50-cm\/","name":"Ogledalo u punoj veli\u010dini 160 x 50 cm - Inti","isPartOf":{"@id":"https:\/\/inti.hr\/sr\/#website"},"primaryImageOfPage":{"@id":"https:\/\/inti.hr\/sr\/proizvod\/ogledalo-u-punoj-velicini-160-x-50-cm\/#primaryimage"},"image":{"@id":"https:\/\/inti.hr\/sr\/proizvod\/ogledalo-u-punoj-velicini-160-x-50-cm\/#primaryimage"},"thumbnailUrl":"https:\/\/i0.wp.com\/inti.hr\/wp-content\/uploads\/2024\/09\/LFM030B01-1.jpg?fit=1000%2C1000&ssl=1","datePublished":"2024-09-15T14:15:19+00:00","dateModified":"2024-09-15T14:15:19+00:00","description":"Na\u0161e ogledalo u punoj veli\u010dini mjeri 160 x 50 cm i nudi potpuni pogled na va\u0161u cijelu odje\u0107u. Bilo da stoji samostoje\u0107e ili postavljeno na zid, u\u017eivajte u savr\u0161enoj zrcalnoj slici. Ovo ogledalo ima elegantan pravokutni okvir i dodaje \u0161arm va\u0161oj sobi. Tako\u0111er je privla\u010dan za o\u010di koji \u0107e pobolj\u0161ati stil va\u0161e spava\u0107e sobe, ulaza, dnevnog boravka i teretane. Ovo stoje\u0107e ogledalo spremno je za upotrebu nakon raspakiranja i ne zahtijeva sastavljanje. Njegov lagani okvir olak\u0161ava premje\u0161tanje i postavljanje bilo gdje u va\u0161em domu. Izra\u0111eno od visokokvalitetnog kaljenog stakla sa sigurnosnom folijom, podno ogledalo otporno je na udarce i jam\u010di va\u0161u sigurnost \u010dak i u rijetkom slu\u010daju loma. \u010cvrsti okvir otporan je na hr\u0111u i zadr\u017eava svoj sjaj. Tako\u0111er je dovoljno robustan da sprije\u010di pucanje i osigura dug radni vijek.","breadcrumb":{"@id":"https:\/\/inti.hr\/sr\/proizvod\/ogledalo-u-punoj-velicini-160-x-50-cm\/#breadcrumb"},"inLanguage":"sr-RS","potentialAction":[{"@type":"ReadAction","target":["https:\/\/inti.hr\/sr\/proizvod\/ogledalo-u-punoj-velicini-160-x-50-cm\/"]}]},{"@type":"ImageObject","inLanguage":"sr-RS","@id":"https:\/\/inti.hr\/sr\/proizvod\/ogledalo-u-punoj-velicini-160-x-50-cm\/#primaryimage","url":"https:\/\/i0.wp.com\/inti.hr\/wp-content\/uploads\/2024\/09\/LFM030B01-1.jpg?fit=1000%2C1000&ssl=1","contentUrl":"https:\/\/i0.wp.com\/inti.hr\/wp-content\/uploads\/2024\/09\/LFM030B01-1.jpg?fit=1000%2C1000&ssl=1","width":1000,"height":1000,"caption":"ogledalo u punoj veli\u010dini 160 x 50 cm pravokutna tinta crna"},{"@type":"BreadcrumbList","@id":"https:\/\/inti.hr\/sr\/proizvod\/ogledalo-u-punoj-velicini-160-x-50-cm\/#breadcrumb","itemListElement":[{"@type":"ListItem","position":1,"name":"Po\u010detna stranica","item":"https:\/\/inti.hr\/sr\/"},{"@type":"ListItem","position":2,"name":"Prodavnica","item":"https:\/\/inti.hr\/sr\/prodavnica\/"},{"@type":"ListItem","position":3,"name":"Ogledalo u punoj veli\u010dini 160 x 50 cm"}]},{"@type":"WebSite","@id":"https:\/\/inti.hr\/sr\/#website","url":"https:\/\/inti.hr\/sr\/","name":"Inti","description":"trgovina","potentialAction":[{"@type":"SearchAction","target":{"@type":"EntryPoint","urlTemplate":"https:\/\/inti.hr\/sr\/?s={search_term_string}"},"query-input":{"@type":"PropertyValueSpecification","valueRequired":true,"valueName":"search_term_string"}}],"inLanguage":"sr-RS"}]}},"jetpack_sharing_enabled":true,"jetpack-related-posts":[],"_links":{"self":[{"href":"https:\/\/inti.hr\/sr\/wp-json\/wp\/v2\/product\/32021"}],"collection":[{"href":"https:\/\/inti.hr\/sr\/wp-json\/wp\/v2\/product"}],"about":[{"href":"https:\/\/inti.hr\/sr\/wp-json\/wp\/v2\/types\/product"}],"wp:featuredmedia":[{"embeddable":true,"href":"https:\/\/inti.hr\/sr\/wp-json\/wp\/v2\/media\/32022"}],"wp:attachment":[{"href":"https:\/\/inti.hr\/sr\/wp-json\/wp\/v2\/media?parent=32021"}],"wp:term":[{"taxonomy":"product_cat","embeddable":true,"href":"https:\/\/inti.hr\/sr\/wp-json\/wp\/v2\/product_cat?post=32021"},{"taxonomy":"product_tag","embeddable":true,"href":"https:\/\/inti.hr\/sr\/wp-json\/wp\/v2\/product_tag?post=32021"}],"curies":[{"name":"wp","href":"https:\/\/api.w.org\/{rel}","templated":true}]}}