{"id":32043,"date":"2024-09-13T15:28:10","date_gmt":"2024-09-13T14:28:10","guid":{"rendered":"https:\/\/inti.hr\/product\/viseci-kupaonski-ormaric-sa-7-odjeljaka-30-x-40-x-160-cm\/"},"modified":"2024-09-13T15:28:10","modified_gmt":"2024-09-13T14:28:10","slug":"viseci-kupaonski-ormaric-sa-7-odjeljaka-30-x-40-x-160-cm","status":"publish","type":"product","link":"https:\/\/inti.hr\/sr\/proizvod\/viseci-kupaonski-ormaric-sa-7-odjeljaka-30-x-40-x-160-cm\/","title":{"rendered":"Vise\u0107i kupaonski ormari\u0107 sa 7 odjeljaka 30 x 40 x 160 cm"},"content":{"rendered":"<p>Detalji proizvoda:<br \/>\nBoja: oblak bijela-prirodna be\u017e<br \/>\nMaterijal: iverica<br \/>\nVeli\u010dina: 30 x 40 x 160 cm (D x \u0160 x V)<br \/>\nTe\u017eina: 23,7 kg<br \/>\nMaksimalna stati\u010dka nosivost po polici: 15 kg<br \/>\nMaksimalna stati\u010dka nosivost: 105 kg<\/p>\n","protected":false},"excerpt":{"rendered":"<p>Budu\u0107i da je ovaj kupaonski namje\u0161taj vise\u0107i, ostavlja prostor za \u010di\u0161\u0107enje &#8230; <\/p>\n","protected":false},"featured_media":32044,"template":"","meta":[],"product_cat":[2396],"product_tag":[2522,3207],"yoast_head":"<!-- This site is optimized with the Yoast SEO plugin v23.7 - https:\/\/yoast.com\/wordpress\/plugins\/seo\/ -->\n<title>Vise\u0107i kupaonski ormari\u0107 sa 7 odjeljaka 30 x 40 x 160 cm - Inti<\/title>\n<meta name=\"description\" content=\"Budu\u0107i da je ovaj kupaonski namje\u0161taj vise\u0107i, ostavlja prostor za \u010di\u0161\u0107enje poda ispod i sprje\u010dava nakupljanje pra\u0161ine i prljav\u0161tine. Mo\u017eete montirati 2 vrata ovog ormari\u0107a s desne ili lijeve strane kako biste ih prilagodili svom prostoru i \u017eeljama; Zahvaljuju\u0107i zako\u0161enim rubovima, vrata se lako otvaraju i zatvaraju. Zahvaljuju\u0107i ozna\u010denim dijelovima i detaljnim uputama, ovaj kupaonski ormari\u0107 mo\u017eete sastaviti bez ikakvih problema. Otvorene police \u010dine \u010desto kori\u0161tene predmete lako dostupnim, dok pretinci iza vrata dr\u017ee va\u0161e intimne stvari izvan vidokruga, skrivaju\u0107i nered. Ovaj kupaonski ormari\u0107 nudi 7 odjeljaka za va\u0161e toaletne potrep\u0161tine. Ima 3 podesive police na 3 visine za smje\u0161taj predmeta razli\u010ditih veli\u010dina.\u00a0\" \/>\n<meta name=\"robots\" content=\"index, follow, max-snippet:-1, max-image-preview:large, max-video-preview:-1\" \/>\n<link rel=\"canonical\" href=\"https:\/\/inti.hr\/sr\/proizvod\/viseci-kupaonski-ormaric-sa-7-odjeljaka-30-x-40-x-160-cm\/\" \/>\n<meta property=\"og:locale\" content=\"sr_RS\" \/>\n<meta property=\"og:type\" content=\"article\" \/>\n<meta property=\"og:title\" content=\"Vise\u0107i kupaonski ormari\u0107 sa 7 odjeljaka 30 x 40 x 160 cm - Inti\" \/>\n<meta property=\"og:description\" content=\"Budu\u0107i da je ovaj kupaonski namje\u0161taj vise\u0107i, ostavlja prostor za \u010di\u0161\u0107enje poda ispod i sprje\u010dava nakupljanje pra\u0161ine i prljav\u0161tine. Mo\u017eete montirati 2 vrata ovog ormari\u0107a s desne ili lijeve strane kako biste ih prilagodili svom prostoru i \u017eeljama; Zahvaljuju\u0107i zako\u0161enim rubovima, vrata se lako otvaraju i zatvaraju. Zahvaljuju\u0107i ozna\u010denim dijelovima i detaljnim uputama, ovaj kupaonski ormari\u0107 mo\u017eete sastaviti bez ikakvih problema. Otvorene police \u010dine \u010desto kori\u0161tene predmete lako dostupnim, dok pretinci iza vrata dr\u017ee va\u0161e intimne stvari izvan vidokruga, skrivaju\u0107i nered. Ovaj kupaonski ormari\u0107 nudi 7 odjeljaka za va\u0161e toaletne potrep\u0161tine. Ima 3 podesive police na 3 visine za smje\u0161taj predmeta razli\u010ditih veli\u010dina.\u00a0\" \/>\n<meta property=\"og:url\" content=\"https:\/\/inti.hr\/sr\/proizvod\/viseci-kupaonski-ormaric-sa-7-odjeljaka-30-x-40-x-160-cm\/\" \/>\n<meta property=\"og:site_name\" content=\"Inti\" \/>\n<meta property=\"og:image\" content=\"https:\/\/i0.wp.com\/inti.hr\/wp-content\/uploads\/2024\/09\/BBK762N01-1.jpg?fit=1000%2C1000&ssl=1\" \/>\n\t<meta property=\"og:image:width\" content=\"1000\" \/>\n\t<meta property=\"og:image:height\" content=\"1000\" \/>\n\t<meta property=\"og:image:type\" content=\"image\/jpeg\" \/>\n<meta name=\"twitter:card\" content=\"summary_large_image\" \/>\n<script type=\"application\/ld+json\" class=\"yoast-schema-graph\">{\"@context\":\"https:\/\/schema.org\",\"@graph\":[{\"@type\":\"WebPage\",\"@id\":\"https:\/\/inti.hr\/sr\/proizvod\/viseci-kupaonski-ormaric-sa-7-odjeljaka-30-x-40-x-160-cm\/\",\"url\":\"https:\/\/inti.hr\/sr\/proizvod\/viseci-kupaonski-ormaric-sa-7-odjeljaka-30-x-40-x-160-cm\/\",\"name\":\"Vise\u0107i kupaonski ormari\u0107 sa 7 odjeljaka 30 x 40 x 160 cm - Inti\",\"isPartOf\":{\"@id\":\"https:\/\/inti.hr\/sr\/#website\"},\"primaryImageOfPage\":{\"@id\":\"https:\/\/inti.hr\/sr\/proizvod\/viseci-kupaonski-ormaric-sa-7-odjeljaka-30-x-40-x-160-cm\/#primaryimage\"},\"image\":{\"@id\":\"https:\/\/inti.hr\/sr\/proizvod\/viseci-kupaonski-ormaric-sa-7-odjeljaka-30-x-40-x-160-cm\/#primaryimage\"},\"thumbnailUrl\":\"https:\/\/i0.wp.com\/inti.hr\/wp-content\/uploads\/2024\/09\/BBK762N01-1.jpg?fit=1000%2C1000&ssl=1\",\"datePublished\":\"2024-09-13T14:28:10+00:00\",\"dateModified\":\"2024-09-13T14:28:10+00:00\",\"description\":\"Budu\u0107i da je ovaj kupaonski namje\u0161taj vise\u0107i, ostavlja prostor za \u010di\u0161\u0107enje poda ispod i sprje\u010dava nakupljanje pra\u0161ine i prljav\u0161tine. Mo\u017eete montirati 2 vrata ovog ormari\u0107a s desne ili lijeve strane kako biste ih prilagodili svom prostoru i \u017eeljama; Zahvaljuju\u0107i zako\u0161enim rubovima, vrata se lako otvaraju i zatvaraju. Zahvaljuju\u0107i ozna\u010denim dijelovima i detaljnim uputama, ovaj kupaonski ormari\u0107 mo\u017eete sastaviti bez ikakvih problema. Otvorene police \u010dine \u010desto kori\u0161tene predmete lako dostupnim, dok pretinci iza vrata dr\u017ee va\u0161e intimne stvari izvan vidokruga, skrivaju\u0107i nered. Ovaj kupaonski ormari\u0107 nudi 7 odjeljaka za va\u0161e toaletne potrep\u0161tine. Ima 3 podesive police na 3 visine za smje\u0161taj predmeta razli\u010ditih veli\u010dina.\u00a0\",\"breadcrumb\":{\"@id\":\"https:\/\/inti.hr\/sr\/proizvod\/viseci-kupaonski-ormaric-sa-7-odjeljaka-30-x-40-x-160-cm\/#breadcrumb\"},\"inLanguage\":\"sr-RS\",\"potentialAction\":[{\"@type\":\"ReadAction\",\"target\":[\"https:\/\/inti.hr\/sr\/proizvod\/viseci-kupaonski-ormaric-sa-7-odjeljaka-30-x-40-x-160-cm\/\"]}]},{\"@type\":\"ImageObject\",\"inLanguage\":\"sr-RS\",\"@id\":\"https:\/\/inti.hr\/sr\/proizvod\/viseci-kupaonski-ormaric-sa-7-odjeljaka-30-x-40-x-160-cm\/#primaryimage\",\"url\":\"https:\/\/i0.wp.com\/inti.hr\/wp-content\/uploads\/2024\/09\/BBK762N01-1.jpg?fit=1000%2C1000&ssl=1\",\"contentUrl\":\"https:\/\/i0.wp.com\/inti.hr\/wp-content\/uploads\/2024\/09\/BBK762N01-1.jpg?fit=1000%2C1000&ssl=1\",\"width\":1000,\"height\":1000,\"caption\":\"VASAGLE vise\u0107i kupaonski ormari\u0107 sa 7 odjeljaka 30 x 40 x 160 cm\"},{\"@type\":\"BreadcrumbList\",\"@id\":\"https:\/\/inti.hr\/sr\/proizvod\/viseci-kupaonski-ormaric-sa-7-odjeljaka-30-x-40-x-160-cm\/#breadcrumb\",\"itemListElement\":[{\"@type\":\"ListItem\",\"position\":1,\"name\":\"Po\u010detna stranica\",\"item\":\"https:\/\/inti.hr\/sr\/\"},{\"@type\":\"ListItem\",\"position\":2,\"name\":\"Prodavnica\",\"item\":\"https:\/\/inti.hr\/sr\/prodavnica\/\"},{\"@type\":\"ListItem\",\"position\":3,\"name\":\"Vise\u0107i kupaonski ormari\u0107 sa 7 odjeljaka 30 x 40 x 160 cm\"}]},{\"@type\":\"WebSite\",\"@id\":\"https:\/\/inti.hr\/sr\/#website\",\"url\":\"https:\/\/inti.hr\/sr\/\",\"name\":\"Inti\",\"description\":\"trgovina\",\"potentialAction\":[{\"@type\":\"SearchAction\",\"target\":{\"@type\":\"EntryPoint\",\"urlTemplate\":\"https:\/\/inti.hr\/sr\/?s={search_term_string}\"},\"query-input\":{\"@type\":\"PropertyValueSpecification\",\"valueRequired\":true,\"valueName\":\"search_term_string\"}}],\"inLanguage\":\"sr-RS\"}]}<\/script>\n<!-- \/ Yoast SEO plugin. -->","yoast_head_json":{"title":"Vise\u0107i kupaonski ormari\u0107 sa 7 odjeljaka 30 x 40 x 160 cm - Inti","description":"Budu\u0107i da je ovaj kupaonski namje\u0161taj vise\u0107i, ostavlja prostor za \u010di\u0161\u0107enje poda ispod i sprje\u010dava nakupljanje pra\u0161ine i prljav\u0161tine. Mo\u017eete montirati 2 vrata ovog ormari\u0107a s desne ili lijeve strane kako biste ih prilagodili svom prostoru i \u017eeljama; Zahvaljuju\u0107i zako\u0161enim rubovima, vrata se lako otvaraju i zatvaraju. Zahvaljuju\u0107i ozna\u010denim dijelovima i detaljnim uputama, ovaj kupaonski ormari\u0107 mo\u017eete sastaviti bez ikakvih problema. Otvorene police \u010dine \u010desto kori\u0161tene predmete lako dostupnim, dok pretinci iza vrata dr\u017ee va\u0161e intimne stvari izvan vidokruga, skrivaju\u0107i nered. Ovaj kupaonski ormari\u0107 nudi 7 odjeljaka za va\u0161e toaletne potrep\u0161tine. Ima 3 podesive police na 3 visine za smje\u0161taj predmeta razli\u010ditih veli\u010dina.\u00a0","robots":{"index":"index","follow":"follow","max-snippet":"max-snippet:-1","max-image-preview":"max-image-preview:large","max-video-preview":"max-video-preview:-1"},"canonical":"https:\/\/inti.hr\/sr\/proizvod\/viseci-kupaonski-ormaric-sa-7-odjeljaka-30-x-40-x-160-cm\/","og_locale":"sr_RS","og_type":"article","og_title":"Vise\u0107i kupaonski ormari\u0107 sa 7 odjeljaka 30 x 40 x 160 cm - Inti","og_description":"Budu\u0107i da je ovaj kupaonski namje\u0161taj vise\u0107i, ostavlja prostor za \u010di\u0161\u0107enje poda ispod i sprje\u010dava nakupljanje pra\u0161ine i prljav\u0161tine. Mo\u017eete montirati 2 vrata ovog ormari\u0107a s desne ili lijeve strane kako biste ih prilagodili svom prostoru i \u017eeljama; Zahvaljuju\u0107i zako\u0161enim rubovima, vrata se lako otvaraju i zatvaraju. Zahvaljuju\u0107i ozna\u010denim dijelovima i detaljnim uputama, ovaj kupaonski ormari\u0107 mo\u017eete sastaviti bez ikakvih problema. Otvorene police \u010dine \u010desto kori\u0161tene predmete lako dostupnim, dok pretinci iza vrata dr\u017ee va\u0161e intimne stvari izvan vidokruga, skrivaju\u0107i nered. Ovaj kupaonski ormari\u0107 nudi 7 odjeljaka za va\u0161e toaletne potrep\u0161tine. Ima 3 podesive police na 3 visine za smje\u0161taj predmeta razli\u010ditih veli\u010dina.\u00a0","og_url":"https:\/\/inti.hr\/sr\/proizvod\/viseci-kupaonski-ormaric-sa-7-odjeljaka-30-x-40-x-160-cm\/","og_site_name":"Inti","og_image":[{"width":1000,"height":1000,"url":"https:\/\/i0.wp.com\/inti.hr\/wp-content\/uploads\/2024\/09\/BBK762N01-1.jpg?fit=1000%2C1000&ssl=1","type":"image\/jpeg"}],"twitter_card":"summary_large_image","schema":{"@context":"https:\/\/schema.org","@graph":[{"@type":"WebPage","@id":"https:\/\/inti.hr\/sr\/proizvod\/viseci-kupaonski-ormaric-sa-7-odjeljaka-30-x-40-x-160-cm\/","url":"https:\/\/inti.hr\/sr\/proizvod\/viseci-kupaonski-ormaric-sa-7-odjeljaka-30-x-40-x-160-cm\/","name":"Vise\u0107i kupaonski ormari\u0107 sa 7 odjeljaka 30 x 40 x 160 cm - Inti","isPartOf":{"@id":"https:\/\/inti.hr\/sr\/#website"},"primaryImageOfPage":{"@id":"https:\/\/inti.hr\/sr\/proizvod\/viseci-kupaonski-ormaric-sa-7-odjeljaka-30-x-40-x-160-cm\/#primaryimage"},"image":{"@id":"https:\/\/inti.hr\/sr\/proizvod\/viseci-kupaonski-ormaric-sa-7-odjeljaka-30-x-40-x-160-cm\/#primaryimage"},"thumbnailUrl":"https:\/\/i0.wp.com\/inti.hr\/wp-content\/uploads\/2024\/09\/BBK762N01-1.jpg?fit=1000%2C1000&ssl=1","datePublished":"2024-09-13T14:28:10+00:00","dateModified":"2024-09-13T14:28:10+00:00","description":"Budu\u0107i da je ovaj kupaonski namje\u0161taj vise\u0107i, ostavlja prostor za \u010di\u0161\u0107enje poda ispod i sprje\u010dava nakupljanje pra\u0161ine i prljav\u0161tine. Mo\u017eete montirati 2 vrata ovog ormari\u0107a s desne ili lijeve strane kako biste ih prilagodili svom prostoru i \u017eeljama; Zahvaljuju\u0107i zako\u0161enim rubovima, vrata se lako otvaraju i zatvaraju. Zahvaljuju\u0107i ozna\u010denim dijelovima i detaljnim uputama, ovaj kupaonski ormari\u0107 mo\u017eete sastaviti bez ikakvih problema. Otvorene police \u010dine \u010desto kori\u0161tene predmete lako dostupnim, dok pretinci iza vrata dr\u017ee va\u0161e intimne stvari izvan vidokruga, skrivaju\u0107i nered. Ovaj kupaonski ormari\u0107 nudi 7 odjeljaka za va\u0161e toaletne potrep\u0161tine. Ima 3 podesive police na 3 visine za smje\u0161taj predmeta razli\u010ditih veli\u010dina.\u00a0","breadcrumb":{"@id":"https:\/\/inti.hr\/sr\/proizvod\/viseci-kupaonski-ormaric-sa-7-odjeljaka-30-x-40-x-160-cm\/#breadcrumb"},"inLanguage":"sr-RS","potentialAction":[{"@type":"ReadAction","target":["https:\/\/inti.hr\/sr\/proizvod\/viseci-kupaonski-ormaric-sa-7-odjeljaka-30-x-40-x-160-cm\/"]}]},{"@type":"ImageObject","inLanguage":"sr-RS","@id":"https:\/\/inti.hr\/sr\/proizvod\/viseci-kupaonski-ormaric-sa-7-odjeljaka-30-x-40-x-160-cm\/#primaryimage","url":"https:\/\/i0.wp.com\/inti.hr\/wp-content\/uploads\/2024\/09\/BBK762N01-1.jpg?fit=1000%2C1000&ssl=1","contentUrl":"https:\/\/i0.wp.com\/inti.hr\/wp-content\/uploads\/2024\/09\/BBK762N01-1.jpg?fit=1000%2C1000&ssl=1","width":1000,"height":1000,"caption":"VASAGLE vise\u0107i kupaonski ormari\u0107 sa 7 odjeljaka 30 x 40 x 160 cm"},{"@type":"BreadcrumbList","@id":"https:\/\/inti.hr\/sr\/proizvod\/viseci-kupaonski-ormaric-sa-7-odjeljaka-30-x-40-x-160-cm\/#breadcrumb","itemListElement":[{"@type":"ListItem","position":1,"name":"Po\u010detna stranica","item":"https:\/\/inti.hr\/sr\/"},{"@type":"ListItem","position":2,"name":"Prodavnica","item":"https:\/\/inti.hr\/sr\/prodavnica\/"},{"@type":"ListItem","position":3,"name":"Vise\u0107i kupaonski ormari\u0107 sa 7 odjeljaka 30 x 40 x 160 cm"}]},{"@type":"WebSite","@id":"https:\/\/inti.hr\/sr\/#website","url":"https:\/\/inti.hr\/sr\/","name":"Inti","description":"trgovina","potentialAction":[{"@type":"SearchAction","target":{"@type":"EntryPoint","urlTemplate":"https:\/\/inti.hr\/sr\/?s={search_term_string}"},"query-input":{"@type":"PropertyValueSpecification","valueRequired":true,"valueName":"search_term_string"}}],"inLanguage":"sr-RS"}]}},"jetpack_sharing_enabled":true,"jetpack-related-posts":[],"_links":{"self":[{"href":"https:\/\/inti.hr\/sr\/wp-json\/wp\/v2\/product\/32043"}],"collection":[{"href":"https:\/\/inti.hr\/sr\/wp-json\/wp\/v2\/product"}],"about":[{"href":"https:\/\/inti.hr\/sr\/wp-json\/wp\/v2\/types\/product"}],"wp:featuredmedia":[{"embeddable":true,"href":"https:\/\/inti.hr\/sr\/wp-json\/wp\/v2\/media\/32044"}],"wp:attachment":[{"href":"https:\/\/inti.hr\/sr\/wp-json\/wp\/v2\/media?parent=32043"}],"wp:term":[{"taxonomy":"product_cat","embeddable":true,"href":"https:\/\/inti.hr\/sr\/wp-json\/wp\/v2\/product_cat?post=32043"},{"taxonomy":"product_tag","embeddable":true,"href":"https:\/\/inti.hr\/sr\/wp-json\/wp\/v2\/product_tag?post=32043"}],"curies":[{"name":"wp","href":"https:\/\/api.w.org\/{rel}","templated":true}]}}