{"id":32051,"date":"2024-09-13T14:42:04","date_gmt":"2024-09-13T13:42:04","guid":{"rendered":"https:\/\/inti.hr\/product\/ormaric-s-ogledalom-s-crnim-osvjetljenjem\/"},"modified":"2024-09-13T14:42:04","modified_gmt":"2024-09-13T13:42:04","slug":"ormaric-s-ogledalom-s-crnim-osvjetljenjem","status":"publish","type":"product","link":"https:\/\/inti.hr\/sr\/proizvod\/ormaric-s-ogledalom-s-crnim-osvjetljenjem\/","title":{"rendered":"Ormari\u0107 s ogledalom s crnim osvjetljenjem"},"content":{"rendered":"<ul>\n<li><b><span>Detalji proizvoda:<\/span><\/b><\/li>\n<li><span>Boja: crna tinta<\/span><\/li>\n<li><span>Materijal: metal, staklo, akril<\/span><\/li>\n<li><span>Veli\u010dina: 13,5 x 80 x 59,6 cm (D x \u0160 x V)<\/span><\/li>\n<li><span>Te\u017eina: 14 kg<\/span><\/li>\n<li><span>Maksimalna stati\u010dka nosivost: 17 kg<\/span><\/li>\n<\/ul>\n","protected":false},"excerpt":{"rendered":"<p>Mo\u017eete se prebacivati \u200b\u200bizme\u0111u 3 boje svjetla (hladno bijela, topla bijela &#8230; <\/p>\n","protected":false},"featured_media":32052,"template":"","meta":[],"product_cat":[2396],"product_tag":[2522,3211],"yoast_head":"<!-- This site is optimized with the Yoast SEO plugin v23.7 - https:\/\/yoast.com\/wordpress\/plugins\/seo\/ -->\n<title>Ormari\u0107 s ogledalom s crnim osvjetljenjem - Inti<\/title>\n<meta name=\"description\" content=\"Mo\u017eete se prebacivati \u200b\u200bizme\u0111u 3 boje svjetla (hladno bijela, topla bijela i dnevna bijela) dodirom. Svjetlina se tako\u0111er mo\u017ee lako podesiti. Za pravo osvjetljenje prilikom brijanja ili \u0161minkanja! Ovaj crni zidni ormari\u0107 razlikuje se od konvencionalnih ormari\u0107a. Minimalisti\u010dki dizajn i \u010diste linije \u010dine ga ukrasnim komadom namje\u0161taja koji \u0107e uljep\u0161ati va\u0161u kupaonicu. U ovom kupaonskom ormari\u0107u s ogledalom nalaze se 2 kukice za va\u0161e ogrlice ili satove; Prozirni akrilni rub olak\u0161ava otvaranje vrata i pobolj\u0161ava ukupnu estetiku. Ne morate vi\u0161e brinuti da \u0107e vam ponestati baterije zahvaljuju\u0107i razdjelniku za napajanje ovog ormari\u0107a s ogledalom. Opremljen s 2 AC uti\u010dnice i 2 USB-A priklju\u010dka, mo\u017eete jednostavno puniti ure\u0111aje poput britvica ili elektri\u010dnih \u010detkica za zube. Iza vrata ormara nalaze se 2 police, svaka s 3 podesive visine za smje\u0161taj toaletnih potrep\u0161tina i kozmetike razli\u010ditih veli\u010dina, od velikih bo\u010dica losiona do malih teglica s kremama.\" \/>\n<meta name=\"robots\" content=\"index, follow, max-snippet:-1, max-image-preview:large, max-video-preview:-1\" \/>\n<link rel=\"canonical\" href=\"https:\/\/inti.hr\/sr\/proizvod\/ormaric-s-ogledalom-s-crnim-osvjetljenjem\/\" \/>\n<meta property=\"og:locale\" content=\"sr_RS\" \/>\n<meta property=\"og:type\" content=\"article\" \/>\n<meta property=\"og:title\" content=\"Ormari\u0107 s ogledalom s crnim osvjetljenjem - Inti\" \/>\n<meta property=\"og:description\" content=\"Mo\u017eete se prebacivati \u200b\u200bizme\u0111u 3 boje svjetla (hladno bijela, topla bijela i dnevna bijela) dodirom. Svjetlina se tako\u0111er mo\u017ee lako podesiti. Za pravo osvjetljenje prilikom brijanja ili \u0161minkanja! Ovaj crni zidni ormari\u0107 razlikuje se od konvencionalnih ormari\u0107a. Minimalisti\u010dki dizajn i \u010diste linije \u010dine ga ukrasnim komadom namje\u0161taja koji \u0107e uljep\u0161ati va\u0161u kupaonicu. U ovom kupaonskom ormari\u0107u s ogledalom nalaze se 2 kukice za va\u0161e ogrlice ili satove; Prozirni akrilni rub olak\u0161ava otvaranje vrata i pobolj\u0161ava ukupnu estetiku. Ne morate vi\u0161e brinuti da \u0107e vam ponestati baterije zahvaljuju\u0107i razdjelniku za napajanje ovog ormari\u0107a s ogledalom. Opremljen s 2 AC uti\u010dnice i 2 USB-A priklju\u010dka, mo\u017eete jednostavno puniti ure\u0111aje poput britvica ili elektri\u010dnih \u010detkica za zube. Iza vrata ormara nalaze se 2 police, svaka s 3 podesive visine za smje\u0161taj toaletnih potrep\u0161tina i kozmetike razli\u010ditih veli\u010dina, od velikih bo\u010dica losiona do malih teglica s kremama.\" \/>\n<meta property=\"og:url\" content=\"https:\/\/inti.hr\/sr\/proizvod\/ormaric-s-ogledalom-s-crnim-osvjetljenjem\/\" \/>\n<meta property=\"og:site_name\" content=\"Inti\" \/>\n<meta property=\"og:image\" content=\"https:\/\/i0.wp.com\/inti.hr\/wp-content\/uploads\/2024\/09\/BBK128B01-2.jpg?fit=800%2C1000&ssl=1\" \/>\n\t<meta property=\"og:image:width\" content=\"800\" \/>\n\t<meta property=\"og:image:height\" content=\"1000\" \/>\n\t<meta property=\"og:image:type\" content=\"image\/jpeg\" \/>\n<meta name=\"twitter:card\" content=\"summary_large_image\" \/>\n<script type=\"application\/ld+json\" class=\"yoast-schema-graph\">{\"@context\":\"https:\/\/schema.org\",\"@graph\":[{\"@type\":\"WebPage\",\"@id\":\"https:\/\/inti.hr\/sr\/proizvod\/ormaric-s-ogledalom-s-crnim-osvjetljenjem\/\",\"url\":\"https:\/\/inti.hr\/sr\/proizvod\/ormaric-s-ogledalom-s-crnim-osvjetljenjem\/\",\"name\":\"Ormari\u0107 s ogledalom s crnim osvjetljenjem - Inti\",\"isPartOf\":{\"@id\":\"https:\/\/inti.hr\/sr\/#website\"},\"primaryImageOfPage\":{\"@id\":\"https:\/\/inti.hr\/sr\/proizvod\/ormaric-s-ogledalom-s-crnim-osvjetljenjem\/#primaryimage\"},\"image\":{\"@id\":\"https:\/\/inti.hr\/sr\/proizvod\/ormaric-s-ogledalom-s-crnim-osvjetljenjem\/#primaryimage\"},\"thumbnailUrl\":\"https:\/\/i0.wp.com\/inti.hr\/wp-content\/uploads\/2024\/09\/BBK128B01-2.jpg?fit=800%2C1000&ssl=1\",\"datePublished\":\"2024-09-13T13:42:04+00:00\",\"dateModified\":\"2024-09-13T13:42:04+00:00\",\"description\":\"Mo\u017eete se prebacivati \u200b\u200bizme\u0111u 3 boje svjetla (hladno bijela, topla bijela i dnevna bijela) dodirom. Svjetlina se tako\u0111er mo\u017ee lako podesiti. Za pravo osvjetljenje prilikom brijanja ili \u0161minkanja! Ovaj crni zidni ormari\u0107 razlikuje se od konvencionalnih ormari\u0107a. Minimalisti\u010dki dizajn i \u010diste linije \u010dine ga ukrasnim komadom namje\u0161taja koji \u0107e uljep\u0161ati va\u0161u kupaonicu. U ovom kupaonskom ormari\u0107u s ogledalom nalaze se 2 kukice za va\u0161e ogrlice ili satove; Prozirni akrilni rub olak\u0161ava otvaranje vrata i pobolj\u0161ava ukupnu estetiku. Ne morate vi\u0161e brinuti da \u0107e vam ponestati baterije zahvaljuju\u0107i razdjelniku za napajanje ovog ormari\u0107a s ogledalom. Opremljen s 2 AC uti\u010dnice i 2 USB-A priklju\u010dka, mo\u017eete jednostavno puniti ure\u0111aje poput britvica ili elektri\u010dnih \u010detkica za zube. Iza vrata ormara nalaze se 2 police, svaka s 3 podesive visine za smje\u0161taj toaletnih potrep\u0161tina i kozmetike razli\u010ditih veli\u010dina, od velikih bo\u010dica losiona do malih teglica s kremama.\",\"breadcrumb\":{\"@id\":\"https:\/\/inti.hr\/sr\/proizvod\/ormaric-s-ogledalom-s-crnim-osvjetljenjem\/#breadcrumb\"},\"inLanguage\":\"sr-RS\",\"potentialAction\":[{\"@type\":\"ReadAction\",\"target\":[\"https:\/\/inti.hr\/sr\/proizvod\/ormaric-s-ogledalom-s-crnim-osvjetljenjem\/\"]}]},{\"@type\":\"ImageObject\",\"inLanguage\":\"sr-RS\",\"@id\":\"https:\/\/inti.hr\/sr\/proizvod\/ormaric-s-ogledalom-s-crnim-osvjetljenjem\/#primaryimage\",\"url\":\"https:\/\/i0.wp.com\/inti.hr\/wp-content\/uploads\/2024\/09\/BBK128B01-2.jpg?fit=800%2C1000&ssl=1\",\"contentUrl\":\"https:\/\/i0.wp.com\/inti.hr\/wp-content\/uploads\/2024\/09\/BBK128B01-2.jpg?fit=800%2C1000&ssl=1\",\"width\":800,\"height\":1000,\"caption\":\"ormari\u0107 s ogledalom s crnim osvjetljenjem\"},{\"@type\":\"BreadcrumbList\",\"@id\":\"https:\/\/inti.hr\/sr\/proizvod\/ormaric-s-ogledalom-s-crnim-osvjetljenjem\/#breadcrumb\",\"itemListElement\":[{\"@type\":\"ListItem\",\"position\":1,\"name\":\"Po\u010detna stranica\",\"item\":\"https:\/\/inti.hr\/sr\/\"},{\"@type\":\"ListItem\",\"position\":2,\"name\":\"Prodavnica\",\"item\":\"https:\/\/inti.hr\/sr\/prodavnica\/\"},{\"@type\":\"ListItem\",\"position\":3,\"name\":\"Ormari\u0107 s ogledalom s crnim osvjetljenjem\"}]},{\"@type\":\"WebSite\",\"@id\":\"https:\/\/inti.hr\/sr\/#website\",\"url\":\"https:\/\/inti.hr\/sr\/\",\"name\":\"Inti\",\"description\":\"trgovina\",\"potentialAction\":[{\"@type\":\"SearchAction\",\"target\":{\"@type\":\"EntryPoint\",\"urlTemplate\":\"https:\/\/inti.hr\/sr\/?s={search_term_string}\"},\"query-input\":{\"@type\":\"PropertyValueSpecification\",\"valueRequired\":true,\"valueName\":\"search_term_string\"}}],\"inLanguage\":\"sr-RS\"}]}<\/script>\n<!-- \/ Yoast SEO plugin. -->","yoast_head_json":{"title":"Ormari\u0107 s ogledalom s crnim osvjetljenjem - Inti","description":"Mo\u017eete se prebacivati \u200b\u200bizme\u0111u 3 boje svjetla (hladno bijela, topla bijela i dnevna bijela) dodirom. Svjetlina se tako\u0111er mo\u017ee lako podesiti. Za pravo osvjetljenje prilikom brijanja ili \u0161minkanja! Ovaj crni zidni ormari\u0107 razlikuje se od konvencionalnih ormari\u0107a. Minimalisti\u010dki dizajn i \u010diste linije \u010dine ga ukrasnim komadom namje\u0161taja koji \u0107e uljep\u0161ati va\u0161u kupaonicu. U ovom kupaonskom ormari\u0107u s ogledalom nalaze se 2 kukice za va\u0161e ogrlice ili satove; Prozirni akrilni rub olak\u0161ava otvaranje vrata i pobolj\u0161ava ukupnu estetiku. Ne morate vi\u0161e brinuti da \u0107e vam ponestati baterije zahvaljuju\u0107i razdjelniku za napajanje ovog ormari\u0107a s ogledalom. Opremljen s 2 AC uti\u010dnice i 2 USB-A priklju\u010dka, mo\u017eete jednostavno puniti ure\u0111aje poput britvica ili elektri\u010dnih \u010detkica za zube. Iza vrata ormara nalaze se 2 police, svaka s 3 podesive visine za smje\u0161taj toaletnih potrep\u0161tina i kozmetike razli\u010ditih veli\u010dina, od velikih bo\u010dica losiona do malih teglica s kremama.","robots":{"index":"index","follow":"follow","max-snippet":"max-snippet:-1","max-image-preview":"max-image-preview:large","max-video-preview":"max-video-preview:-1"},"canonical":"https:\/\/inti.hr\/sr\/proizvod\/ormaric-s-ogledalom-s-crnim-osvjetljenjem\/","og_locale":"sr_RS","og_type":"article","og_title":"Ormari\u0107 s ogledalom s crnim osvjetljenjem - Inti","og_description":"Mo\u017eete se prebacivati \u200b\u200bizme\u0111u 3 boje svjetla (hladno bijela, topla bijela i dnevna bijela) dodirom. Svjetlina se tako\u0111er mo\u017ee lako podesiti. Za pravo osvjetljenje prilikom brijanja ili \u0161minkanja! Ovaj crni zidni ormari\u0107 razlikuje se od konvencionalnih ormari\u0107a. Minimalisti\u010dki dizajn i \u010diste linije \u010dine ga ukrasnim komadom namje\u0161taja koji \u0107e uljep\u0161ati va\u0161u kupaonicu. U ovom kupaonskom ormari\u0107u s ogledalom nalaze se 2 kukice za va\u0161e ogrlice ili satove; Prozirni akrilni rub olak\u0161ava otvaranje vrata i pobolj\u0161ava ukupnu estetiku. Ne morate vi\u0161e brinuti da \u0107e vam ponestati baterije zahvaljuju\u0107i razdjelniku za napajanje ovog ormari\u0107a s ogledalom. Opremljen s 2 AC uti\u010dnice i 2 USB-A priklju\u010dka, mo\u017eete jednostavno puniti ure\u0111aje poput britvica ili elektri\u010dnih \u010detkica za zube. Iza vrata ormara nalaze se 2 police, svaka s 3 podesive visine za smje\u0161taj toaletnih potrep\u0161tina i kozmetike razli\u010ditih veli\u010dina, od velikih bo\u010dica losiona do malih teglica s kremama.","og_url":"https:\/\/inti.hr\/sr\/proizvod\/ormaric-s-ogledalom-s-crnim-osvjetljenjem\/","og_site_name":"Inti","og_image":[{"width":800,"height":1000,"url":"https:\/\/i0.wp.com\/inti.hr\/wp-content\/uploads\/2024\/09\/BBK128B01-2.jpg?fit=800%2C1000&ssl=1","type":"image\/jpeg"}],"twitter_card":"summary_large_image","schema":{"@context":"https:\/\/schema.org","@graph":[{"@type":"WebPage","@id":"https:\/\/inti.hr\/sr\/proizvod\/ormaric-s-ogledalom-s-crnim-osvjetljenjem\/","url":"https:\/\/inti.hr\/sr\/proizvod\/ormaric-s-ogledalom-s-crnim-osvjetljenjem\/","name":"Ormari\u0107 s ogledalom s crnim osvjetljenjem - Inti","isPartOf":{"@id":"https:\/\/inti.hr\/sr\/#website"},"primaryImageOfPage":{"@id":"https:\/\/inti.hr\/sr\/proizvod\/ormaric-s-ogledalom-s-crnim-osvjetljenjem\/#primaryimage"},"image":{"@id":"https:\/\/inti.hr\/sr\/proizvod\/ormaric-s-ogledalom-s-crnim-osvjetljenjem\/#primaryimage"},"thumbnailUrl":"https:\/\/i0.wp.com\/inti.hr\/wp-content\/uploads\/2024\/09\/BBK128B01-2.jpg?fit=800%2C1000&ssl=1","datePublished":"2024-09-13T13:42:04+00:00","dateModified":"2024-09-13T13:42:04+00:00","description":"Mo\u017eete se prebacivati \u200b\u200bizme\u0111u 3 boje svjetla (hladno bijela, topla bijela i dnevna bijela) dodirom. Svjetlina se tako\u0111er mo\u017ee lako podesiti. Za pravo osvjetljenje prilikom brijanja ili \u0161minkanja! Ovaj crni zidni ormari\u0107 razlikuje se od konvencionalnih ormari\u0107a. Minimalisti\u010dki dizajn i \u010diste linije \u010dine ga ukrasnim komadom namje\u0161taja koji \u0107e uljep\u0161ati va\u0161u kupaonicu. U ovom kupaonskom ormari\u0107u s ogledalom nalaze se 2 kukice za va\u0161e ogrlice ili satove; Prozirni akrilni rub olak\u0161ava otvaranje vrata i pobolj\u0161ava ukupnu estetiku. Ne morate vi\u0161e brinuti da \u0107e vam ponestati baterije zahvaljuju\u0107i razdjelniku za napajanje ovog ormari\u0107a s ogledalom. Opremljen s 2 AC uti\u010dnice i 2 USB-A priklju\u010dka, mo\u017eete jednostavno puniti ure\u0111aje poput britvica ili elektri\u010dnih \u010detkica za zube. Iza vrata ormara nalaze se 2 police, svaka s 3 podesive visine za smje\u0161taj toaletnih potrep\u0161tina i kozmetike razli\u010ditih veli\u010dina, od velikih bo\u010dica losiona do malih teglica s kremama.","breadcrumb":{"@id":"https:\/\/inti.hr\/sr\/proizvod\/ormaric-s-ogledalom-s-crnim-osvjetljenjem\/#breadcrumb"},"inLanguage":"sr-RS","potentialAction":[{"@type":"ReadAction","target":["https:\/\/inti.hr\/sr\/proizvod\/ormaric-s-ogledalom-s-crnim-osvjetljenjem\/"]}]},{"@type":"ImageObject","inLanguage":"sr-RS","@id":"https:\/\/inti.hr\/sr\/proizvod\/ormaric-s-ogledalom-s-crnim-osvjetljenjem\/#primaryimage","url":"https:\/\/i0.wp.com\/inti.hr\/wp-content\/uploads\/2024\/09\/BBK128B01-2.jpg?fit=800%2C1000&ssl=1","contentUrl":"https:\/\/i0.wp.com\/inti.hr\/wp-content\/uploads\/2024\/09\/BBK128B01-2.jpg?fit=800%2C1000&ssl=1","width":800,"height":1000,"caption":"ormari\u0107 s ogledalom s crnim osvjetljenjem"},{"@type":"BreadcrumbList","@id":"https:\/\/inti.hr\/sr\/proizvod\/ormaric-s-ogledalom-s-crnim-osvjetljenjem\/#breadcrumb","itemListElement":[{"@type":"ListItem","position":1,"name":"Po\u010detna stranica","item":"https:\/\/inti.hr\/sr\/"},{"@type":"ListItem","position":2,"name":"Prodavnica","item":"https:\/\/inti.hr\/sr\/prodavnica\/"},{"@type":"ListItem","position":3,"name":"Ormari\u0107 s ogledalom s crnim osvjetljenjem"}]},{"@type":"WebSite","@id":"https:\/\/inti.hr\/sr\/#website","url":"https:\/\/inti.hr\/sr\/","name":"Inti","description":"trgovina","potentialAction":[{"@type":"SearchAction","target":{"@type":"EntryPoint","urlTemplate":"https:\/\/inti.hr\/sr\/?s={search_term_string}"},"query-input":{"@type":"PropertyValueSpecification","valueRequired":true,"valueName":"search_term_string"}}],"inLanguage":"sr-RS"}]}},"jetpack_sharing_enabled":true,"jetpack-related-posts":[],"_links":{"self":[{"href":"https:\/\/inti.hr\/sr\/wp-json\/wp\/v2\/product\/32051"}],"collection":[{"href":"https:\/\/inti.hr\/sr\/wp-json\/wp\/v2\/product"}],"about":[{"href":"https:\/\/inti.hr\/sr\/wp-json\/wp\/v2\/types\/product"}],"wp:featuredmedia":[{"embeddable":true,"href":"https:\/\/inti.hr\/sr\/wp-json\/wp\/v2\/media\/32052"}],"wp:attachment":[{"href":"https:\/\/inti.hr\/sr\/wp-json\/wp\/v2\/media?parent=32051"}],"wp:term":[{"taxonomy":"product_cat","embeddable":true,"href":"https:\/\/inti.hr\/sr\/wp-json\/wp\/v2\/product_cat?post=32051"},{"taxonomy":"product_tag","embeddable":true,"href":"https:\/\/inti.hr\/sr\/wp-json\/wp\/v2\/product_tag?post=32051"}],"curies":[{"name":"wp","href":"https:\/\/api.w.org\/{rel}","templated":true}]}}