{"id":32107,"date":"2024-08-31T09:01:55","date_gmt":"2024-08-31T08:01:55","guid":{"rendered":"https:\/\/inti.hr\/product\/ormaric-za-umivaonik-60x30x62cm\/"},"modified":"2024-08-31T09:01:55","modified_gmt":"2024-08-31T08:01:55","slug":"ormaric-za-umivaonik-60x30x62cm","status":"publish","type":"product","link":"https:\/\/inti.hr\/sr\/proizvod\/ormaric-za-umivaonik-60x30x62cm\/","title":{"rendered":"Ormari\u0107 za umivaonik 60x30x62cm"},"content":{"rendered":"<p>Detalji proizvoda:<\/p>\n<p>Materijal: Vlaknasta plo\u010da, Drvena iverica<br \/>\nTe\u017eina: 13,8 kg<br \/>\nTestirano za: 25 kg<br \/>\nMjere proizvoda: 40x172x35cm (vidi sliku)<br \/>\nDimenzije paketa: 70x44x19cm.<br \/>\nS uputama za sastavljanje i vijcima. Jednostavna instalacija.<\/p>\n","protected":false},"excerpt":{"rendered":"<p>Ovaj ormari\u0107 nudi dovoljno prostora za spremanje deterd\u017eenata, sredstava za \u010di\u0161\u0107enje &#8230; <\/p>\n","protected":false},"featured_media":32108,"template":"","meta":[],"product_cat":[2396],"product_tag":[2522,2523],"yoast_head":"<!-- This site is optimized with the Yoast SEO plugin v23.7 - https:\/\/yoast.com\/wordpress\/plugins\/seo\/ -->\n<title>Ormari\u0107 za umivaonik 60x30x62cm - Inti<\/title>\n<meta name=\"description\" content=\"Ovaj ormari\u0107 nudi dovoljno prostora za spremanje deterd\u017eenata, sredstava za \u010di\u0161\u0107enje kupaonice i ostalih potrep\u0161tina za kupaonicu.Unutarnja polica je podesiva u tri visine.Opremljene plasti\u010dnim \u0161titnicima za noge za za\u0161titu od vlage.Umivaonik je savr\u0161eno rje\u0161enje za pove\u0107anje prostora u va\u0161oj kupaonici. Izrez u obliku slova U omogu\u0107uje vam da ga postavite ispod sudopera, tako da mo\u017eete imati dodatni prostor za pohranu svojih proizvoda. Otvorena polica i dizajn ormari\u0107a s 2 vrata omogu\u0107uju vam da sve bolje organizirate.Drveni nosa\u010di olak\u0161avaju \u010di\u0161\u0107enje donjeg dijela i savr\u0161eno se uklapaju u sofisticirani stil ove linije.Visokokvalitetni paneli osiguravaju savr\u0161enu stabilnost i dug vijek trajanja. Povr\u0161ina se lako \u010disti, \u0161to olak\u0161ava ku\u0107anske poslove.\" \/>\n<meta name=\"robots\" content=\"index, follow, max-snippet:-1, max-image-preview:large, max-video-preview:-1\" \/>\n<link rel=\"canonical\" href=\"https:\/\/inti.hr\/sr\/proizvod\/ormaric-za-umivaonik-60x30x62cm\/\" \/>\n<meta property=\"og:locale\" content=\"sr_RS\" \/>\n<meta property=\"og:type\" content=\"article\" \/>\n<meta property=\"og:title\" content=\"Ormari\u0107 za umivaonik 60x30x62cm - Inti\" \/>\n<meta property=\"og:description\" content=\"Ovaj ormari\u0107 nudi dovoljno prostora za spremanje deterd\u017eenata, sredstava za \u010di\u0161\u0107enje kupaonice i ostalih potrep\u0161tina za kupaonicu.Unutarnja polica je podesiva u tri visine.Opremljene plasti\u010dnim \u0161titnicima za noge za za\u0161titu od vlage.Umivaonik je savr\u0161eno rje\u0161enje za pove\u0107anje prostora u va\u0161oj kupaonici. Izrez u obliku slova U omogu\u0107uje vam da ga postavite ispod sudopera, tako da mo\u017eete imati dodatni prostor za pohranu svojih proizvoda. Otvorena polica i dizajn ormari\u0107a s 2 vrata omogu\u0107uju vam da sve bolje organizirate.Drveni nosa\u010di olak\u0161avaju \u010di\u0161\u0107enje donjeg dijela i savr\u0161eno se uklapaju u sofisticirani stil ove linije.Visokokvalitetni paneli osiguravaju savr\u0161enu stabilnost i dug vijek trajanja. Povr\u0161ina se lako \u010disti, \u0161to olak\u0161ava ku\u0107anske poslove.\" \/>\n<meta property=\"og:url\" content=\"https:\/\/inti.hr\/sr\/proizvod\/ormaric-za-umivaonik-60x30x62cm\/\" \/>\n<meta property=\"og:site_name\" content=\"Inti\" \/>\n<meta property=\"og:image\" content=\"https:\/\/i0.wp.com\/inti.hr\/wp-content\/uploads\/2024\/08\/BZR164-W-S002_1800x1800.webp?fit=1600%2C1600&ssl=1\" \/>\n\t<meta property=\"og:image:width\" content=\"1600\" \/>\n\t<meta property=\"og:image:height\" content=\"1600\" \/>\n\t<meta property=\"og:image:type\" content=\"image\/webp\" \/>\n<meta name=\"twitter:card\" content=\"summary_large_image\" \/>\n<script type=\"application\/ld+json\" class=\"yoast-schema-graph\">{\"@context\":\"https:\/\/schema.org\",\"@graph\":[{\"@type\":\"WebPage\",\"@id\":\"https:\/\/inti.hr\/sr\/proizvod\/ormaric-za-umivaonik-60x30x62cm\/\",\"url\":\"https:\/\/inti.hr\/sr\/proizvod\/ormaric-za-umivaonik-60x30x62cm\/\",\"name\":\"Ormari\u0107 za umivaonik 60x30x62cm - Inti\",\"isPartOf\":{\"@id\":\"https:\/\/inti.hr\/sr\/#website\"},\"primaryImageOfPage\":{\"@id\":\"https:\/\/inti.hr\/sr\/proizvod\/ormaric-za-umivaonik-60x30x62cm\/#primaryimage\"},\"image\":{\"@id\":\"https:\/\/inti.hr\/sr\/proizvod\/ormaric-za-umivaonik-60x30x62cm\/#primaryimage\"},\"thumbnailUrl\":\"https:\/\/i0.wp.com\/inti.hr\/wp-content\/uploads\/2024\/08\/BZR164-W-S002_1800x1800.webp?fit=1600%2C1600&ssl=1\",\"datePublished\":\"2024-08-31T08:01:55+00:00\",\"dateModified\":\"2024-08-31T08:01:55+00:00\",\"description\":\"Ovaj ormari\u0107 nudi dovoljno prostora za spremanje deterd\u017eenata, sredstava za \u010di\u0161\u0107enje kupaonice i ostalih potrep\u0161tina za kupaonicu.Unutarnja polica je podesiva u tri visine.Opremljene plasti\u010dnim \u0161titnicima za noge za za\u0161titu od vlage.Umivaonik je savr\u0161eno rje\u0161enje za pove\u0107anje prostora u va\u0161oj kupaonici. Izrez u obliku slova U omogu\u0107uje vam da ga postavite ispod sudopera, tako da mo\u017eete imati dodatni prostor za pohranu svojih proizvoda. Otvorena polica i dizajn ormari\u0107a s 2 vrata omogu\u0107uju vam da sve bolje organizirate.Drveni nosa\u010di olak\u0161avaju \u010di\u0161\u0107enje donjeg dijela i savr\u0161eno se uklapaju u sofisticirani stil ove linije.Visokokvalitetni paneli osiguravaju savr\u0161enu stabilnost i dug vijek trajanja. Povr\u0161ina se lako \u010disti, \u0161to olak\u0161ava ku\u0107anske poslove.\",\"breadcrumb\":{\"@id\":\"https:\/\/inti.hr\/sr\/proizvod\/ormaric-za-umivaonik-60x30x62cm\/#breadcrumb\"},\"inLanguage\":\"sr-RS\",\"potentialAction\":[{\"@type\":\"ReadAction\",\"target\":[\"https:\/\/inti.hr\/sr\/proizvod\/ormaric-za-umivaonik-60x30x62cm\/\"]}]},{\"@type\":\"ImageObject\",\"inLanguage\":\"sr-RS\",\"@id\":\"https:\/\/inti.hr\/sr\/proizvod\/ormaric-za-umivaonik-60x30x62cm\/#primaryimage\",\"url\":\"https:\/\/i0.wp.com\/inti.hr\/wp-content\/uploads\/2024\/08\/BZR164-W-S002_1800x1800.webp?fit=1600%2C1600&ssl=1\",\"contentUrl\":\"https:\/\/i0.wp.com\/inti.hr\/wp-content\/uploads\/2024\/08\/BZR164-W-S002_1800x1800.webp?fit=1600%2C1600&ssl=1\",\"width\":1600,\"height\":1600,\"caption\":\"ormari\u0107 za umivaonik 60x30x62cm BZR164-W\"},{\"@type\":\"BreadcrumbList\",\"@id\":\"https:\/\/inti.hr\/sr\/proizvod\/ormaric-za-umivaonik-60x30x62cm\/#breadcrumb\",\"itemListElement\":[{\"@type\":\"ListItem\",\"position\":1,\"name\":\"Po\u010detna stranica\",\"item\":\"https:\/\/inti.hr\/sr\/\"},{\"@type\":\"ListItem\",\"position\":2,\"name\":\"Prodavnica\",\"item\":\"https:\/\/inti.hr\/sr\/prodavnica\/\"},{\"@type\":\"ListItem\",\"position\":3,\"name\":\"Ormari\u0107 za umivaonik 60x30x62cm\"}]},{\"@type\":\"WebSite\",\"@id\":\"https:\/\/inti.hr\/sr\/#website\",\"url\":\"https:\/\/inti.hr\/sr\/\",\"name\":\"Inti\",\"description\":\"trgovina\",\"potentialAction\":[{\"@type\":\"SearchAction\",\"target\":{\"@type\":\"EntryPoint\",\"urlTemplate\":\"https:\/\/inti.hr\/sr\/?s={search_term_string}\"},\"query-input\":{\"@type\":\"PropertyValueSpecification\",\"valueRequired\":true,\"valueName\":\"search_term_string\"}}],\"inLanguage\":\"sr-RS\"}]}<\/script>\n<!-- \/ Yoast SEO plugin. -->","yoast_head_json":{"title":"Ormari\u0107 za umivaonik 60x30x62cm - Inti","description":"Ovaj ormari\u0107 nudi dovoljno prostora za spremanje deterd\u017eenata, sredstava za \u010di\u0161\u0107enje kupaonice i ostalih potrep\u0161tina za kupaonicu.Unutarnja polica je podesiva u tri visine.Opremljene plasti\u010dnim \u0161titnicima za noge za za\u0161titu od vlage.Umivaonik je savr\u0161eno rje\u0161enje za pove\u0107anje prostora u va\u0161oj kupaonici. Izrez u obliku slova U omogu\u0107uje vam da ga postavite ispod sudopera, tako da mo\u017eete imati dodatni prostor za pohranu svojih proizvoda. Otvorena polica i dizajn ormari\u0107a s 2 vrata omogu\u0107uju vam da sve bolje organizirate.Drveni nosa\u010di olak\u0161avaju \u010di\u0161\u0107enje donjeg dijela i savr\u0161eno se uklapaju u sofisticirani stil ove linije.Visokokvalitetni paneli osiguravaju savr\u0161enu stabilnost i dug vijek trajanja. Povr\u0161ina se lako \u010disti, \u0161to olak\u0161ava ku\u0107anske poslove.","robots":{"index":"index","follow":"follow","max-snippet":"max-snippet:-1","max-image-preview":"max-image-preview:large","max-video-preview":"max-video-preview:-1"},"canonical":"https:\/\/inti.hr\/sr\/proizvod\/ormaric-za-umivaonik-60x30x62cm\/","og_locale":"sr_RS","og_type":"article","og_title":"Ormari\u0107 za umivaonik 60x30x62cm - Inti","og_description":"Ovaj ormari\u0107 nudi dovoljno prostora za spremanje deterd\u017eenata, sredstava za \u010di\u0161\u0107enje kupaonice i ostalih potrep\u0161tina za kupaonicu.Unutarnja polica je podesiva u tri visine.Opremljene plasti\u010dnim \u0161titnicima za noge za za\u0161titu od vlage.Umivaonik je savr\u0161eno rje\u0161enje za pove\u0107anje prostora u va\u0161oj kupaonici. Izrez u obliku slova U omogu\u0107uje vam da ga postavite ispod sudopera, tako da mo\u017eete imati dodatni prostor za pohranu svojih proizvoda. Otvorena polica i dizajn ormari\u0107a s 2 vrata omogu\u0107uju vam da sve bolje organizirate.Drveni nosa\u010di olak\u0161avaju \u010di\u0161\u0107enje donjeg dijela i savr\u0161eno se uklapaju u sofisticirani stil ove linije.Visokokvalitetni paneli osiguravaju savr\u0161enu stabilnost i dug vijek trajanja. Povr\u0161ina se lako \u010disti, \u0161to olak\u0161ava ku\u0107anske poslove.","og_url":"https:\/\/inti.hr\/sr\/proizvod\/ormaric-za-umivaonik-60x30x62cm\/","og_site_name":"Inti","og_image":[{"width":1600,"height":1600,"url":"https:\/\/i0.wp.com\/inti.hr\/wp-content\/uploads\/2024\/08\/BZR164-W-S002_1800x1800.webp?fit=1600%2C1600&ssl=1","type":"image\/webp"}],"twitter_card":"summary_large_image","schema":{"@context":"https:\/\/schema.org","@graph":[{"@type":"WebPage","@id":"https:\/\/inti.hr\/sr\/proizvod\/ormaric-za-umivaonik-60x30x62cm\/","url":"https:\/\/inti.hr\/sr\/proizvod\/ormaric-za-umivaonik-60x30x62cm\/","name":"Ormari\u0107 za umivaonik 60x30x62cm - Inti","isPartOf":{"@id":"https:\/\/inti.hr\/sr\/#website"},"primaryImageOfPage":{"@id":"https:\/\/inti.hr\/sr\/proizvod\/ormaric-za-umivaonik-60x30x62cm\/#primaryimage"},"image":{"@id":"https:\/\/inti.hr\/sr\/proizvod\/ormaric-za-umivaonik-60x30x62cm\/#primaryimage"},"thumbnailUrl":"https:\/\/i0.wp.com\/inti.hr\/wp-content\/uploads\/2024\/08\/BZR164-W-S002_1800x1800.webp?fit=1600%2C1600&ssl=1","datePublished":"2024-08-31T08:01:55+00:00","dateModified":"2024-08-31T08:01:55+00:00","description":"Ovaj ormari\u0107 nudi dovoljno prostora za spremanje deterd\u017eenata, sredstava za \u010di\u0161\u0107enje kupaonice i ostalih potrep\u0161tina za kupaonicu.Unutarnja polica je podesiva u tri visine.Opremljene plasti\u010dnim \u0161titnicima za noge za za\u0161titu od vlage.Umivaonik je savr\u0161eno rje\u0161enje za pove\u0107anje prostora u va\u0161oj kupaonici. Izrez u obliku slova U omogu\u0107uje vam da ga postavite ispod sudopera, tako da mo\u017eete imati dodatni prostor za pohranu svojih proizvoda. Otvorena polica i dizajn ormari\u0107a s 2 vrata omogu\u0107uju vam da sve bolje organizirate.Drveni nosa\u010di olak\u0161avaju \u010di\u0161\u0107enje donjeg dijela i savr\u0161eno se uklapaju u sofisticirani stil ove linije.Visokokvalitetni paneli osiguravaju savr\u0161enu stabilnost i dug vijek trajanja. Povr\u0161ina se lako \u010disti, \u0161to olak\u0161ava ku\u0107anske poslove.","breadcrumb":{"@id":"https:\/\/inti.hr\/sr\/proizvod\/ormaric-za-umivaonik-60x30x62cm\/#breadcrumb"},"inLanguage":"sr-RS","potentialAction":[{"@type":"ReadAction","target":["https:\/\/inti.hr\/sr\/proizvod\/ormaric-za-umivaonik-60x30x62cm\/"]}]},{"@type":"ImageObject","inLanguage":"sr-RS","@id":"https:\/\/inti.hr\/sr\/proizvod\/ormaric-za-umivaonik-60x30x62cm\/#primaryimage","url":"https:\/\/i0.wp.com\/inti.hr\/wp-content\/uploads\/2024\/08\/BZR164-W-S002_1800x1800.webp?fit=1600%2C1600&ssl=1","contentUrl":"https:\/\/i0.wp.com\/inti.hr\/wp-content\/uploads\/2024\/08\/BZR164-W-S002_1800x1800.webp?fit=1600%2C1600&ssl=1","width":1600,"height":1600,"caption":"ormari\u0107 za umivaonik 60x30x62cm BZR164-W"},{"@type":"BreadcrumbList","@id":"https:\/\/inti.hr\/sr\/proizvod\/ormaric-za-umivaonik-60x30x62cm\/#breadcrumb","itemListElement":[{"@type":"ListItem","position":1,"name":"Po\u010detna stranica","item":"https:\/\/inti.hr\/sr\/"},{"@type":"ListItem","position":2,"name":"Prodavnica","item":"https:\/\/inti.hr\/sr\/prodavnica\/"},{"@type":"ListItem","position":3,"name":"Ormari\u0107 za umivaonik 60x30x62cm"}]},{"@type":"WebSite","@id":"https:\/\/inti.hr\/sr\/#website","url":"https:\/\/inti.hr\/sr\/","name":"Inti","description":"trgovina","potentialAction":[{"@type":"SearchAction","target":{"@type":"EntryPoint","urlTemplate":"https:\/\/inti.hr\/sr\/?s={search_term_string}"},"query-input":{"@type":"PropertyValueSpecification","valueRequired":true,"valueName":"search_term_string"}}],"inLanguage":"sr-RS"}]}},"jetpack_sharing_enabled":true,"jetpack-related-posts":[],"_links":{"self":[{"href":"https:\/\/inti.hr\/sr\/wp-json\/wp\/v2\/product\/32107"}],"collection":[{"href":"https:\/\/inti.hr\/sr\/wp-json\/wp\/v2\/product"}],"about":[{"href":"https:\/\/inti.hr\/sr\/wp-json\/wp\/v2\/types\/product"}],"wp:featuredmedia":[{"embeddable":true,"href":"https:\/\/inti.hr\/sr\/wp-json\/wp\/v2\/media\/32108"}],"wp:attachment":[{"href":"https:\/\/inti.hr\/sr\/wp-json\/wp\/v2\/media?parent=32107"}],"wp:term":[{"taxonomy":"product_cat","embeddable":true,"href":"https:\/\/inti.hr\/sr\/wp-json\/wp\/v2\/product_cat?post=32107"},{"taxonomy":"product_tag","embeddable":true,"href":"https:\/\/inti.hr\/sr\/wp-json\/wp\/v2\/product_tag?post=32107"}],"curies":[{"name":"wp","href":"https:\/\/api.w.org\/{rel}","templated":true}]}}