{"id":32111,"date":"2024-08-31T08:50:21","date_gmt":"2024-08-31T07:50:21","guid":{"rendered":"https:\/\/inti.hr\/product\/kupaonski-stup-30x30x160cm\/"},"modified":"2024-08-31T08:50:21","modified_gmt":"2024-08-31T07:50:21","slug":"kupaonski-stup-30x30x160cm","status":"publish","type":"product","link":"https:\/\/inti.hr\/sr\/proizvod\/kupaonski-stup-30x30x160cm\/","title":{"rendered":"Kupaonski stup 30x30x160cm"},"content":{"rendered":"<p>Detalji proizvoda:<\/p>\n<ul>\n<li><span>Materijal: MDF, akrilna boja<\/span><\/li>\n<li><span>Dimenzije proizvoda: \u016030*\u016030*V145 cm (vidi sliku).<\/span><\/li>\n<li><span>Te\u017eina: 18 kg. Nosivost do 55 kg.<\/span><\/li>\n<li><span>Dimenzije i te\u017eina paketa: 96,00*37,00*17,00cm, 15,5 kg<\/span><\/li>\n<li><span>S uputama za monta\u017eu i vijcima, jednostavna monta\u017ea<\/span><\/li>\n<li><span>Ovaj proizvod je razvijen i ispitan za ku\u0107nu upotrebu.<\/span><\/li>\n<\/ul>\n","protected":false},"excerpt":{"rendered":"<p>Kupaonica je va\u017eno okru\u017eenje u kojem provodite puno vremena svaki dan: &#8230; <\/p>\n","protected":false},"featured_media":32112,"template":"","meta":[],"product_cat":[2396],"product_tag":[2522,3011],"yoast_head":"<!-- This site is optimized with the Yoast SEO plugin v23.7 - https:\/\/yoast.com\/wordpress\/plugins\/seo\/ -->\n<title>Kupaonski stup 30x30x160cm - Inti<\/title>\n<meta name=\"description\" content=\"Kupaonica je va\u017eno okru\u017eenje u kojem provodite puno vremena svaki dan: od tu\u0161iranja do bu\u0111enja, od pranja zubi do opu\u0161taju\u0107e rutine njege tijela.Ova kupaonska komoda ne samo da stvara obilje prostora za odlaganje stvari koje su vam potrebne za svakodnevnu njegu, ve\u0107 svojim atraktivnim dizajnom prenosi i doma\u0107u atmosferu u va\u0161u kupaonicu.Dvije ladice i tri police pru\u017eaju dodatni prostor za odlaganje kupaonskog pribora i kozmetike. Ovaj kupaonski stup nudi dodatni prostor za pohranu i ujedno uljep\u0161ava va\u0161u kupaonicu. Mo\u017ee se koristiti za odlaganje dje\u010djih igra\u010daka, papu\u010da ili ru\u010dnika.Ovi su materijali posebno prikladni za okru\u017eenja s visokom vlagom, poput kupaonice ili praonice. Zahvaljuju\u0107i kvalitetnoj izradi, ko\u0161ara za rublje posti\u017ee vrlo visoku razinu stabilnosti\" \/>\n<meta name=\"robots\" content=\"index, follow, max-snippet:-1, max-image-preview:large, max-video-preview:-1\" \/>\n<link rel=\"canonical\" href=\"https:\/\/inti.hr\/sr\/proizvod\/kupaonski-stup-30x30x160cm\/\" \/>\n<meta property=\"og:locale\" content=\"sr_RS\" \/>\n<meta property=\"og:type\" content=\"article\" \/>\n<meta property=\"og:title\" content=\"Kupaonski stup 30x30x160cm - Inti\" \/>\n<meta property=\"og:description\" content=\"Kupaonica je va\u017eno okru\u017eenje u kojem provodite puno vremena svaki dan: od tu\u0161iranja do bu\u0111enja, od pranja zubi do opu\u0161taju\u0107e rutine njege tijela.Ova kupaonska komoda ne samo da stvara obilje prostora za odlaganje stvari koje su vam potrebne za svakodnevnu njegu, ve\u0107 svojim atraktivnim dizajnom prenosi i doma\u0107u atmosferu u va\u0161u kupaonicu.Dvije ladice i tri police pru\u017eaju dodatni prostor za odlaganje kupaonskog pribora i kozmetike. Ovaj kupaonski stup nudi dodatni prostor za pohranu i ujedno uljep\u0161ava va\u0161u kupaonicu. Mo\u017ee se koristiti za odlaganje dje\u010djih igra\u010daka, papu\u010da ili ru\u010dnika.Ovi su materijali posebno prikladni za okru\u017eenja s visokom vlagom, poput kupaonice ili praonice. Zahvaljuju\u0107i kvalitetnoj izradi, ko\u0161ara za rublje posti\u017ee vrlo visoku razinu stabilnosti\" \/>\n<meta property=\"og:url\" content=\"https:\/\/inti.hr\/sr\/proizvod\/kupaonski-stup-30x30x160cm\/\" \/>\n<meta property=\"og:site_name\" content=\"Inti\" \/>\n<meta property=\"og:image\" content=\"https:\/\/i0.wp.com\/inti.hr\/wp-content\/uploads\/2024\/08\/BZR163-W-S002_1800x1800.webp?fit=1600%2C1600&ssl=1\" \/>\n\t<meta property=\"og:image:width\" content=\"1600\" \/>\n\t<meta property=\"og:image:height\" content=\"1600\" \/>\n\t<meta property=\"og:image:type\" content=\"image\/webp\" \/>\n<meta name=\"twitter:card\" content=\"summary_large_image\" \/>\n<script type=\"application\/ld+json\" class=\"yoast-schema-graph\">{\"@context\":\"https:\/\/schema.org\",\"@graph\":[{\"@type\":\"WebPage\",\"@id\":\"https:\/\/inti.hr\/sr\/proizvod\/kupaonski-stup-30x30x160cm\/\",\"url\":\"https:\/\/inti.hr\/sr\/proizvod\/kupaonski-stup-30x30x160cm\/\",\"name\":\"Kupaonski stup 30x30x160cm - Inti\",\"isPartOf\":{\"@id\":\"https:\/\/inti.hr\/sr\/#website\"},\"primaryImageOfPage\":{\"@id\":\"https:\/\/inti.hr\/sr\/proizvod\/kupaonski-stup-30x30x160cm\/#primaryimage\"},\"image\":{\"@id\":\"https:\/\/inti.hr\/sr\/proizvod\/kupaonski-stup-30x30x160cm\/#primaryimage\"},\"thumbnailUrl\":\"https:\/\/i0.wp.com\/inti.hr\/wp-content\/uploads\/2024\/08\/BZR163-W-S002_1800x1800.webp?fit=1600%2C1600&ssl=1\",\"datePublished\":\"2024-08-31T07:50:21+00:00\",\"dateModified\":\"2024-08-31T07:50:21+00:00\",\"description\":\"Kupaonica je va\u017eno okru\u017eenje u kojem provodite puno vremena svaki dan: od tu\u0161iranja do bu\u0111enja, od pranja zubi do opu\u0161taju\u0107e rutine njege tijela.Ova kupaonska komoda ne samo da stvara obilje prostora za odlaganje stvari koje su vam potrebne za svakodnevnu njegu, ve\u0107 svojim atraktivnim dizajnom prenosi i doma\u0107u atmosferu u va\u0161u kupaonicu.Dvije ladice i tri police pru\u017eaju dodatni prostor za odlaganje kupaonskog pribora i kozmetike. Ovaj kupaonski stup nudi dodatni prostor za pohranu i ujedno uljep\u0161ava va\u0161u kupaonicu. Mo\u017ee se koristiti za odlaganje dje\u010djih igra\u010daka, papu\u010da ili ru\u010dnika.Ovi su materijali posebno prikladni za okru\u017eenja s visokom vlagom, poput kupaonice ili praonice. Zahvaljuju\u0107i kvalitetnoj izradi, ko\u0161ara za rublje posti\u017ee vrlo visoku razinu stabilnosti\",\"breadcrumb\":{\"@id\":\"https:\/\/inti.hr\/sr\/proizvod\/kupaonski-stup-30x30x160cm\/#breadcrumb\"},\"inLanguage\":\"sr-RS\",\"potentialAction\":[{\"@type\":\"ReadAction\",\"target\":[\"https:\/\/inti.hr\/sr\/proizvod\/kupaonski-stup-30x30x160cm\/\"]}]},{\"@type\":\"ImageObject\",\"inLanguage\":\"sr-RS\",\"@id\":\"https:\/\/inti.hr\/sr\/proizvod\/kupaonski-stup-30x30x160cm\/#primaryimage\",\"url\":\"https:\/\/i0.wp.com\/inti.hr\/wp-content\/uploads\/2024\/08\/BZR163-W-S002_1800x1800.webp?fit=1600%2C1600&ssl=1\",\"contentUrl\":\"https:\/\/i0.wp.com\/inti.hr\/wp-content\/uploads\/2024\/08\/BZR163-W-S002_1800x1800.webp?fit=1600%2C1600&ssl=1\",\"width\":1600,\"height\":1600,\"caption\":\"Kupaonski stup 30x30x160cm BZR163-W\"},{\"@type\":\"BreadcrumbList\",\"@id\":\"https:\/\/inti.hr\/sr\/proizvod\/kupaonski-stup-30x30x160cm\/#breadcrumb\",\"itemListElement\":[{\"@type\":\"ListItem\",\"position\":1,\"name\":\"Po\u010detna stranica\",\"item\":\"https:\/\/inti.hr\/sr\/\"},{\"@type\":\"ListItem\",\"position\":2,\"name\":\"Prodavnica\",\"item\":\"https:\/\/inti.hr\/sr\/prodavnica\/\"},{\"@type\":\"ListItem\",\"position\":3,\"name\":\"Kupaonski stup 30x30x160cm\"}]},{\"@type\":\"WebSite\",\"@id\":\"https:\/\/inti.hr\/sr\/#website\",\"url\":\"https:\/\/inti.hr\/sr\/\",\"name\":\"Inti\",\"description\":\"trgovina\",\"potentialAction\":[{\"@type\":\"SearchAction\",\"target\":{\"@type\":\"EntryPoint\",\"urlTemplate\":\"https:\/\/inti.hr\/sr\/?s={search_term_string}\"},\"query-input\":{\"@type\":\"PropertyValueSpecification\",\"valueRequired\":true,\"valueName\":\"search_term_string\"}}],\"inLanguage\":\"sr-RS\"}]}<\/script>\n<!-- \/ Yoast SEO plugin. -->","yoast_head_json":{"title":"Kupaonski stup 30x30x160cm - Inti","description":"Kupaonica je va\u017eno okru\u017eenje u kojem provodite puno vremena svaki dan: od tu\u0161iranja do bu\u0111enja, od pranja zubi do opu\u0161taju\u0107e rutine njege tijela.Ova kupaonska komoda ne samo da stvara obilje prostora za odlaganje stvari koje su vam potrebne za svakodnevnu njegu, ve\u0107 svojim atraktivnim dizajnom prenosi i doma\u0107u atmosferu u va\u0161u kupaonicu.Dvije ladice i tri police pru\u017eaju dodatni prostor za odlaganje kupaonskog pribora i kozmetike. Ovaj kupaonski stup nudi dodatni prostor za pohranu i ujedno uljep\u0161ava va\u0161u kupaonicu. Mo\u017ee se koristiti za odlaganje dje\u010djih igra\u010daka, papu\u010da ili ru\u010dnika.Ovi su materijali posebno prikladni za okru\u017eenja s visokom vlagom, poput kupaonice ili praonice. Zahvaljuju\u0107i kvalitetnoj izradi, ko\u0161ara za rublje posti\u017ee vrlo visoku razinu stabilnosti","robots":{"index":"index","follow":"follow","max-snippet":"max-snippet:-1","max-image-preview":"max-image-preview:large","max-video-preview":"max-video-preview:-1"},"canonical":"https:\/\/inti.hr\/sr\/proizvod\/kupaonski-stup-30x30x160cm\/","og_locale":"sr_RS","og_type":"article","og_title":"Kupaonski stup 30x30x160cm - Inti","og_description":"Kupaonica je va\u017eno okru\u017eenje u kojem provodite puno vremena svaki dan: od tu\u0161iranja do bu\u0111enja, od pranja zubi do opu\u0161taju\u0107e rutine njege tijela.Ova kupaonska komoda ne samo da stvara obilje prostora za odlaganje stvari koje su vam potrebne za svakodnevnu njegu, ve\u0107 svojim atraktivnim dizajnom prenosi i doma\u0107u atmosferu u va\u0161u kupaonicu.Dvije ladice i tri police pru\u017eaju dodatni prostor za odlaganje kupaonskog pribora i kozmetike. Ovaj kupaonski stup nudi dodatni prostor za pohranu i ujedno uljep\u0161ava va\u0161u kupaonicu. Mo\u017ee se koristiti za odlaganje dje\u010djih igra\u010daka, papu\u010da ili ru\u010dnika.Ovi su materijali posebno prikladni za okru\u017eenja s visokom vlagom, poput kupaonice ili praonice. Zahvaljuju\u0107i kvalitetnoj izradi, ko\u0161ara za rublje posti\u017ee vrlo visoku razinu stabilnosti","og_url":"https:\/\/inti.hr\/sr\/proizvod\/kupaonski-stup-30x30x160cm\/","og_site_name":"Inti","og_image":[{"width":1600,"height":1600,"url":"https:\/\/i0.wp.com\/inti.hr\/wp-content\/uploads\/2024\/08\/BZR163-W-S002_1800x1800.webp?fit=1600%2C1600&ssl=1","type":"image\/webp"}],"twitter_card":"summary_large_image","schema":{"@context":"https:\/\/schema.org","@graph":[{"@type":"WebPage","@id":"https:\/\/inti.hr\/sr\/proizvod\/kupaonski-stup-30x30x160cm\/","url":"https:\/\/inti.hr\/sr\/proizvod\/kupaonski-stup-30x30x160cm\/","name":"Kupaonski stup 30x30x160cm - Inti","isPartOf":{"@id":"https:\/\/inti.hr\/sr\/#website"},"primaryImageOfPage":{"@id":"https:\/\/inti.hr\/sr\/proizvod\/kupaonski-stup-30x30x160cm\/#primaryimage"},"image":{"@id":"https:\/\/inti.hr\/sr\/proizvod\/kupaonski-stup-30x30x160cm\/#primaryimage"},"thumbnailUrl":"https:\/\/i0.wp.com\/inti.hr\/wp-content\/uploads\/2024\/08\/BZR163-W-S002_1800x1800.webp?fit=1600%2C1600&ssl=1","datePublished":"2024-08-31T07:50:21+00:00","dateModified":"2024-08-31T07:50:21+00:00","description":"Kupaonica je va\u017eno okru\u017eenje u kojem provodite puno vremena svaki dan: od tu\u0161iranja do bu\u0111enja, od pranja zubi do opu\u0161taju\u0107e rutine njege tijela.Ova kupaonska komoda ne samo da stvara obilje prostora za odlaganje stvari koje su vam potrebne za svakodnevnu njegu, ve\u0107 svojim atraktivnim dizajnom prenosi i doma\u0107u atmosferu u va\u0161u kupaonicu.Dvije ladice i tri police pru\u017eaju dodatni prostor za odlaganje kupaonskog pribora i kozmetike. Ovaj kupaonski stup nudi dodatni prostor za pohranu i ujedno uljep\u0161ava va\u0161u kupaonicu. Mo\u017ee se koristiti za odlaganje dje\u010djih igra\u010daka, papu\u010da ili ru\u010dnika.Ovi su materijali posebno prikladni za okru\u017eenja s visokom vlagom, poput kupaonice ili praonice. Zahvaljuju\u0107i kvalitetnoj izradi, ko\u0161ara za rublje posti\u017ee vrlo visoku razinu stabilnosti","breadcrumb":{"@id":"https:\/\/inti.hr\/sr\/proizvod\/kupaonski-stup-30x30x160cm\/#breadcrumb"},"inLanguage":"sr-RS","potentialAction":[{"@type":"ReadAction","target":["https:\/\/inti.hr\/sr\/proizvod\/kupaonski-stup-30x30x160cm\/"]}]},{"@type":"ImageObject","inLanguage":"sr-RS","@id":"https:\/\/inti.hr\/sr\/proizvod\/kupaonski-stup-30x30x160cm\/#primaryimage","url":"https:\/\/i0.wp.com\/inti.hr\/wp-content\/uploads\/2024\/08\/BZR163-W-S002_1800x1800.webp?fit=1600%2C1600&ssl=1","contentUrl":"https:\/\/i0.wp.com\/inti.hr\/wp-content\/uploads\/2024\/08\/BZR163-W-S002_1800x1800.webp?fit=1600%2C1600&ssl=1","width":1600,"height":1600,"caption":"Kupaonski stup 30x30x160cm BZR163-W"},{"@type":"BreadcrumbList","@id":"https:\/\/inti.hr\/sr\/proizvod\/kupaonski-stup-30x30x160cm\/#breadcrumb","itemListElement":[{"@type":"ListItem","position":1,"name":"Po\u010detna stranica","item":"https:\/\/inti.hr\/sr\/"},{"@type":"ListItem","position":2,"name":"Prodavnica","item":"https:\/\/inti.hr\/sr\/prodavnica\/"},{"@type":"ListItem","position":3,"name":"Kupaonski stup 30x30x160cm"}]},{"@type":"WebSite","@id":"https:\/\/inti.hr\/sr\/#website","url":"https:\/\/inti.hr\/sr\/","name":"Inti","description":"trgovina","potentialAction":[{"@type":"SearchAction","target":{"@type":"EntryPoint","urlTemplate":"https:\/\/inti.hr\/sr\/?s={search_term_string}"},"query-input":{"@type":"PropertyValueSpecification","valueRequired":true,"valueName":"search_term_string"}}],"inLanguage":"sr-RS"}]}},"jetpack_sharing_enabled":true,"jetpack-related-posts":[],"_links":{"self":[{"href":"https:\/\/inti.hr\/sr\/wp-json\/wp\/v2\/product\/32111"}],"collection":[{"href":"https:\/\/inti.hr\/sr\/wp-json\/wp\/v2\/product"}],"about":[{"href":"https:\/\/inti.hr\/sr\/wp-json\/wp\/v2\/types\/product"}],"wp:featuredmedia":[{"embeddable":true,"href":"https:\/\/inti.hr\/sr\/wp-json\/wp\/v2\/media\/32112"}],"wp:attachment":[{"href":"https:\/\/inti.hr\/sr\/wp-json\/wp\/v2\/media?parent=32111"}],"wp:term":[{"taxonomy":"product_cat","embeddable":true,"href":"https:\/\/inti.hr\/sr\/wp-json\/wp\/v2\/product_cat?post=32111"},{"taxonomy":"product_tag","embeddable":true,"href":"https:\/\/inti.hr\/sr\/wp-json\/wp\/v2\/product_tag?post=32111"}],"curies":[{"name":"wp","href":"https:\/\/api.w.org\/{rel}","templated":true}]}}