{"id":32205,"date":"2024-08-05T09:51:38","date_gmt":"2024-08-05T08:51:38","guid":{"rendered":"https:\/\/inti.hr\/product\/kuhinjska-polica-s-uticnicama\/"},"modified":"2024-08-05T09:51:38","modified_gmt":"2024-08-05T08:51:38","slug":"kuhinjska-polica-s-uticnicama","status":"publish","type":"product","link":"https:\/\/inti.hr\/sr\/proizvod\/kuhinjska-polica-s-uticnicama\/","title":{"rendered":"Kuhinjska polica s uti\u010dnicama"},"content":{"rendered":"<p>Detalji proizvoda:<\/p>\n<p>Materijal: iverica, \u010delik<br \/>\nVeli\u010dina: 40 x 80 x 167 cm (D x \u0160 x V)<br \/>\nTe\u017eina: 21,2 kg<br \/>\nMaksimalna stati\u010dka nosivost svake gornje police: 13,6 kg<br \/>\nMaksimalna stati\u010dka nosivost srednje radne povr\u0161ine: 54,4 kg<br \/>\nMaksimalna stati\u010dka nosivost svake donje police: 54,4 kg<\/p>\n","protected":false},"excerpt":{"rendered":"<p>U\u0161tedite prostor na radnoj povr\u0161ini s ovom prostranom kuhinjskom policom &#8211; &#8230; <\/p>\n","protected":false},"featured_media":32206,"template":"","meta":[],"product_cat":[2539],"product_tag":[2540,3260],"yoast_head":"<!-- This site is optimized with the Yoast SEO plugin v23.7 - https:\/\/yoast.com\/wordpress\/plugins\/seo\/ -->\n<title>Kuhinjska polica s uti\u010dnicama - Inti<\/title>\n<meta name=\"description\" content=\"U\u0161tedite prostor na radnoj povr\u0161ini s ovom prostranom kuhinjskom policom - 3 gornje police za staklenke za\u010dina, 3 velike donje police za kuhinjske ure\u0111aje i 6 S-kukica za alat. Ova sveobuhvatna polica unosi red u va\u0161u kuhinju! Zahvaljuju\u0107i kombinaciji \u010dvrstog \u010deli\u010dnog okvira i izdr\u017eljive iverice, ovo postolje je sna\u017eno, \u010dvrsto i mo\u017ee lako izdr\u017eati va\u0161u mikrovalnu pe\u0107nicu, aparat za kavu i ostalo posu\u0111e. Zahvaljuju\u0107i podesivim no\u017eicama, polica je uvijek stabilna na podu i ne ostavlja ogrebotine. Upotrijebite uklju\u010denu za\u0161titu od prevrtanja za pri\u010dvr\u0161\u0107ivanje police na zid, \u010dine\u0107i okru\u017eenje sigurnim za vas i va\u0161u obitelj. Ova polica se mo\u017ee podesiti na 2 visine tako da mo\u017eete smjestiti posu\u0111e razli\u010ditih veli\u010dina, od miksera preko friteza do lonaca i tava. Ova polica za mikrovalnu pe\u0107nicu sa 6 razina i 4 AC uti\u010dnice, dimenzija 40 x 80 x 167 cm, savr\u0161ena je za male kuhinje ili kao mini caffe bar. S ovom policom za odlaganje mo\u017eete optimalno iskoristiti prostor. Uz pomo\u0107 jasnih uputa, ozna\u010denih dijelova i uklju\u010denih alata za sastavljanje, ova samostoje\u0107a kuhinjska polica mo\u017ee se sastaviti u tren oka.\" \/>\n<meta name=\"robots\" content=\"index, follow, max-snippet:-1, max-image-preview:large, max-video-preview:-1\" \/>\n<link rel=\"canonical\" href=\"https:\/\/inti.hr\/sr\/proizvod\/kuhinjska-polica-s-uticnicama\/\" \/>\n<meta property=\"og:locale\" content=\"sr_RS\" \/>\n<meta property=\"og:type\" content=\"article\" \/>\n<meta property=\"og:title\" content=\"Kuhinjska polica s uti\u010dnicama - Inti\" \/>\n<meta property=\"og:description\" content=\"U\u0161tedite prostor na radnoj povr\u0161ini s ovom prostranom kuhinjskom policom - 3 gornje police za staklenke za\u010dina, 3 velike donje police za kuhinjske ure\u0111aje i 6 S-kukica za alat. Ova sveobuhvatna polica unosi red u va\u0161u kuhinju! Zahvaljuju\u0107i kombinaciji \u010dvrstog \u010deli\u010dnog okvira i izdr\u017eljive iverice, ovo postolje je sna\u017eno, \u010dvrsto i mo\u017ee lako izdr\u017eati va\u0161u mikrovalnu pe\u0107nicu, aparat za kavu i ostalo posu\u0111e. Zahvaljuju\u0107i podesivim no\u017eicama, polica je uvijek stabilna na podu i ne ostavlja ogrebotine. Upotrijebite uklju\u010denu za\u0161titu od prevrtanja za pri\u010dvr\u0161\u0107ivanje police na zid, \u010dine\u0107i okru\u017eenje sigurnim za vas i va\u0161u obitelj. Ova polica se mo\u017ee podesiti na 2 visine tako da mo\u017eete smjestiti posu\u0111e razli\u010ditih veli\u010dina, od miksera preko friteza do lonaca i tava. Ova polica za mikrovalnu pe\u0107nicu sa 6 razina i 4 AC uti\u010dnice, dimenzija 40 x 80 x 167 cm, savr\u0161ena je za male kuhinje ili kao mini caffe bar. S ovom policom za odlaganje mo\u017eete optimalno iskoristiti prostor. Uz pomo\u0107 jasnih uputa, ozna\u010denih dijelova i uklju\u010denih alata za sastavljanje, ova samostoje\u0107a kuhinjska polica mo\u017ee se sastaviti u tren oka.\" \/>\n<meta property=\"og:url\" content=\"https:\/\/inti.hr\/sr\/proizvod\/kuhinjska-polica-s-uticnicama\/\" \/>\n<meta property=\"og:site_name\" content=\"Inti\" \/>\n<meta property=\"og:image\" content=\"https:\/\/i0.wp.com\/inti.hr\/wp-content\/uploads\/2024\/08\/KKS119K06-2.jpg?fit=800%2C1000&ssl=1\" \/>\n\t<meta property=\"og:image:width\" content=\"800\" \/>\n\t<meta property=\"og:image:height\" content=\"1000\" \/>\n\t<meta property=\"og:image:type\" content=\"image\/jpeg\" \/>\n<meta name=\"twitter:card\" content=\"summary_large_image\" \/>\n<script type=\"application\/ld+json\" class=\"yoast-schema-graph\">{\"@context\":\"https:\/\/schema.org\",\"@graph\":[{\"@type\":\"WebPage\",\"@id\":\"https:\/\/inti.hr\/sr\/proizvod\/kuhinjska-polica-s-uticnicama\/\",\"url\":\"https:\/\/inti.hr\/sr\/proizvod\/kuhinjska-polica-s-uticnicama\/\",\"name\":\"Kuhinjska polica s uti\u010dnicama - Inti\",\"isPartOf\":{\"@id\":\"https:\/\/inti.hr\/sr\/#website\"},\"primaryImageOfPage\":{\"@id\":\"https:\/\/inti.hr\/sr\/proizvod\/kuhinjska-polica-s-uticnicama\/#primaryimage\"},\"image\":{\"@id\":\"https:\/\/inti.hr\/sr\/proizvod\/kuhinjska-polica-s-uticnicama\/#primaryimage\"},\"thumbnailUrl\":\"https:\/\/i0.wp.com\/inti.hr\/wp-content\/uploads\/2024\/08\/KKS119K06-2.jpg?fit=800%2C1000&ssl=1\",\"datePublished\":\"2024-08-05T08:51:38+00:00\",\"dateModified\":\"2024-08-05T08:51:38+00:00\",\"description\":\"U\u0161tedite prostor na radnoj povr\u0161ini s ovom prostranom kuhinjskom policom - 3 gornje police za staklenke za\u010dina, 3 velike donje police za kuhinjske ure\u0111aje i 6 S-kukica za alat. Ova sveobuhvatna polica unosi red u va\u0161u kuhinju! Zahvaljuju\u0107i kombinaciji \u010dvrstog \u010deli\u010dnog okvira i izdr\u017eljive iverice, ovo postolje je sna\u017eno, \u010dvrsto i mo\u017ee lako izdr\u017eati va\u0161u mikrovalnu pe\u0107nicu, aparat za kavu i ostalo posu\u0111e. Zahvaljuju\u0107i podesivim no\u017eicama, polica je uvijek stabilna na podu i ne ostavlja ogrebotine. Upotrijebite uklju\u010denu za\u0161titu od prevrtanja za pri\u010dvr\u0161\u0107ivanje police na zid, \u010dine\u0107i okru\u017eenje sigurnim za vas i va\u0161u obitelj. Ova polica se mo\u017ee podesiti na 2 visine tako da mo\u017eete smjestiti posu\u0111e razli\u010ditih veli\u010dina, od miksera preko friteza do lonaca i tava. Ova polica za mikrovalnu pe\u0107nicu sa 6 razina i 4 AC uti\u010dnice, dimenzija 40 x 80 x 167 cm, savr\u0161ena je za male kuhinje ili kao mini caffe bar. S ovom policom za odlaganje mo\u017eete optimalno iskoristiti prostor. Uz pomo\u0107 jasnih uputa, ozna\u010denih dijelova i uklju\u010denih alata za sastavljanje, ova samostoje\u0107a kuhinjska polica mo\u017ee se sastaviti u tren oka.\",\"breadcrumb\":{\"@id\":\"https:\/\/inti.hr\/sr\/proizvod\/kuhinjska-polica-s-uticnicama\/#breadcrumb\"},\"inLanguage\":\"sr-RS\",\"potentialAction\":[{\"@type\":\"ReadAction\",\"target\":[\"https:\/\/inti.hr\/sr\/proizvod\/kuhinjska-polica-s-uticnicama\/\"]}]},{\"@type\":\"ImageObject\",\"inLanguage\":\"sr-RS\",\"@id\":\"https:\/\/inti.hr\/sr\/proizvod\/kuhinjska-polica-s-uticnicama\/#primaryimage\",\"url\":\"https:\/\/i0.wp.com\/inti.hr\/wp-content\/uploads\/2024\/08\/KKS119K06-2.jpg?fit=800%2C1000&ssl=1\",\"contentUrl\":\"https:\/\/i0.wp.com\/inti.hr\/wp-content\/uploads\/2024\/08\/KKS119K06-2.jpg?fit=800%2C1000&ssl=1\",\"width\":800,\"height\":1000,\"caption\":\"kuhinjska polica s uti\u010dnicama vintage sme\u0111e-crna\"},{\"@type\":\"BreadcrumbList\",\"@id\":\"https:\/\/inti.hr\/sr\/proizvod\/kuhinjska-polica-s-uticnicama\/#breadcrumb\",\"itemListElement\":[{\"@type\":\"ListItem\",\"position\":1,\"name\":\"Po\u010detna stranica\",\"item\":\"https:\/\/inti.hr\/sr\/\"},{\"@type\":\"ListItem\",\"position\":2,\"name\":\"Prodavnica\",\"item\":\"https:\/\/inti.hr\/sr\/prodavnica\/\"},{\"@type\":\"ListItem\",\"position\":3,\"name\":\"Kuhinjska polica s uti\u010dnicama\"}]},{\"@type\":\"WebSite\",\"@id\":\"https:\/\/inti.hr\/sr\/#website\",\"url\":\"https:\/\/inti.hr\/sr\/\",\"name\":\"Inti\",\"description\":\"trgovina\",\"potentialAction\":[{\"@type\":\"SearchAction\",\"target\":{\"@type\":\"EntryPoint\",\"urlTemplate\":\"https:\/\/inti.hr\/sr\/?s={search_term_string}\"},\"query-input\":{\"@type\":\"PropertyValueSpecification\",\"valueRequired\":true,\"valueName\":\"search_term_string\"}}],\"inLanguage\":\"sr-RS\"}]}<\/script>\n<!-- \/ Yoast SEO plugin. -->","yoast_head_json":{"title":"Kuhinjska polica s uti\u010dnicama - Inti","description":"U\u0161tedite prostor na radnoj povr\u0161ini s ovom prostranom kuhinjskom policom - 3 gornje police za staklenke za\u010dina, 3 velike donje police za kuhinjske ure\u0111aje i 6 S-kukica za alat. Ova sveobuhvatna polica unosi red u va\u0161u kuhinju! Zahvaljuju\u0107i kombinaciji \u010dvrstog \u010deli\u010dnog okvira i izdr\u017eljive iverice, ovo postolje je sna\u017eno, \u010dvrsto i mo\u017ee lako izdr\u017eati va\u0161u mikrovalnu pe\u0107nicu, aparat za kavu i ostalo posu\u0111e. Zahvaljuju\u0107i podesivim no\u017eicama, polica je uvijek stabilna na podu i ne ostavlja ogrebotine. Upotrijebite uklju\u010denu za\u0161titu od prevrtanja za pri\u010dvr\u0161\u0107ivanje police na zid, \u010dine\u0107i okru\u017eenje sigurnim za vas i va\u0161u obitelj. Ova polica se mo\u017ee podesiti na 2 visine tako da mo\u017eete smjestiti posu\u0111e razli\u010ditih veli\u010dina, od miksera preko friteza do lonaca i tava. Ova polica za mikrovalnu pe\u0107nicu sa 6 razina i 4 AC uti\u010dnice, dimenzija 40 x 80 x 167 cm, savr\u0161ena je za male kuhinje ili kao mini caffe bar. S ovom policom za odlaganje mo\u017eete optimalno iskoristiti prostor. Uz pomo\u0107 jasnih uputa, ozna\u010denih dijelova i uklju\u010denih alata za sastavljanje, ova samostoje\u0107a kuhinjska polica mo\u017ee se sastaviti u tren oka.","robots":{"index":"index","follow":"follow","max-snippet":"max-snippet:-1","max-image-preview":"max-image-preview:large","max-video-preview":"max-video-preview:-1"},"canonical":"https:\/\/inti.hr\/sr\/proizvod\/kuhinjska-polica-s-uticnicama\/","og_locale":"sr_RS","og_type":"article","og_title":"Kuhinjska polica s uti\u010dnicama - Inti","og_description":"U\u0161tedite prostor na radnoj povr\u0161ini s ovom prostranom kuhinjskom policom - 3 gornje police za staklenke za\u010dina, 3 velike donje police za kuhinjske ure\u0111aje i 6 S-kukica za alat. Ova sveobuhvatna polica unosi red u va\u0161u kuhinju! Zahvaljuju\u0107i kombinaciji \u010dvrstog \u010deli\u010dnog okvira i izdr\u017eljive iverice, ovo postolje je sna\u017eno, \u010dvrsto i mo\u017ee lako izdr\u017eati va\u0161u mikrovalnu pe\u0107nicu, aparat za kavu i ostalo posu\u0111e. Zahvaljuju\u0107i podesivim no\u017eicama, polica je uvijek stabilna na podu i ne ostavlja ogrebotine. Upotrijebite uklju\u010denu za\u0161titu od prevrtanja za pri\u010dvr\u0161\u0107ivanje police na zid, \u010dine\u0107i okru\u017eenje sigurnim za vas i va\u0161u obitelj. Ova polica se mo\u017ee podesiti na 2 visine tako da mo\u017eete smjestiti posu\u0111e razli\u010ditih veli\u010dina, od miksera preko friteza do lonaca i tava. Ova polica za mikrovalnu pe\u0107nicu sa 6 razina i 4 AC uti\u010dnice, dimenzija 40 x 80 x 167 cm, savr\u0161ena je za male kuhinje ili kao mini caffe bar. S ovom policom za odlaganje mo\u017eete optimalno iskoristiti prostor. Uz pomo\u0107 jasnih uputa, ozna\u010denih dijelova i uklju\u010denih alata za sastavljanje, ova samostoje\u0107a kuhinjska polica mo\u017ee se sastaviti u tren oka.","og_url":"https:\/\/inti.hr\/sr\/proizvod\/kuhinjska-polica-s-uticnicama\/","og_site_name":"Inti","og_image":[{"width":800,"height":1000,"url":"https:\/\/i0.wp.com\/inti.hr\/wp-content\/uploads\/2024\/08\/KKS119K06-2.jpg?fit=800%2C1000&ssl=1","type":"image\/jpeg"}],"twitter_card":"summary_large_image","schema":{"@context":"https:\/\/schema.org","@graph":[{"@type":"WebPage","@id":"https:\/\/inti.hr\/sr\/proizvod\/kuhinjska-polica-s-uticnicama\/","url":"https:\/\/inti.hr\/sr\/proizvod\/kuhinjska-polica-s-uticnicama\/","name":"Kuhinjska polica s uti\u010dnicama - Inti","isPartOf":{"@id":"https:\/\/inti.hr\/sr\/#website"},"primaryImageOfPage":{"@id":"https:\/\/inti.hr\/sr\/proizvod\/kuhinjska-polica-s-uticnicama\/#primaryimage"},"image":{"@id":"https:\/\/inti.hr\/sr\/proizvod\/kuhinjska-polica-s-uticnicama\/#primaryimage"},"thumbnailUrl":"https:\/\/i0.wp.com\/inti.hr\/wp-content\/uploads\/2024\/08\/KKS119K06-2.jpg?fit=800%2C1000&ssl=1","datePublished":"2024-08-05T08:51:38+00:00","dateModified":"2024-08-05T08:51:38+00:00","description":"U\u0161tedite prostor na radnoj povr\u0161ini s ovom prostranom kuhinjskom policom - 3 gornje police za staklenke za\u010dina, 3 velike donje police za kuhinjske ure\u0111aje i 6 S-kukica za alat. Ova sveobuhvatna polica unosi red u va\u0161u kuhinju! Zahvaljuju\u0107i kombinaciji \u010dvrstog \u010deli\u010dnog okvira i izdr\u017eljive iverice, ovo postolje je sna\u017eno, \u010dvrsto i mo\u017ee lako izdr\u017eati va\u0161u mikrovalnu pe\u0107nicu, aparat za kavu i ostalo posu\u0111e. Zahvaljuju\u0107i podesivim no\u017eicama, polica je uvijek stabilna na podu i ne ostavlja ogrebotine. Upotrijebite uklju\u010denu za\u0161titu od prevrtanja za pri\u010dvr\u0161\u0107ivanje police na zid, \u010dine\u0107i okru\u017eenje sigurnim za vas i va\u0161u obitelj. Ova polica se mo\u017ee podesiti na 2 visine tako da mo\u017eete smjestiti posu\u0111e razli\u010ditih veli\u010dina, od miksera preko friteza do lonaca i tava. Ova polica za mikrovalnu pe\u0107nicu sa 6 razina i 4 AC uti\u010dnice, dimenzija 40 x 80 x 167 cm, savr\u0161ena je za male kuhinje ili kao mini caffe bar. S ovom policom za odlaganje mo\u017eete optimalno iskoristiti prostor. Uz pomo\u0107 jasnih uputa, ozna\u010denih dijelova i uklju\u010denih alata za sastavljanje, ova samostoje\u0107a kuhinjska polica mo\u017ee se sastaviti u tren oka.","breadcrumb":{"@id":"https:\/\/inti.hr\/sr\/proizvod\/kuhinjska-polica-s-uticnicama\/#breadcrumb"},"inLanguage":"sr-RS","potentialAction":[{"@type":"ReadAction","target":["https:\/\/inti.hr\/sr\/proizvod\/kuhinjska-polica-s-uticnicama\/"]}]},{"@type":"ImageObject","inLanguage":"sr-RS","@id":"https:\/\/inti.hr\/sr\/proizvod\/kuhinjska-polica-s-uticnicama\/#primaryimage","url":"https:\/\/i0.wp.com\/inti.hr\/wp-content\/uploads\/2024\/08\/KKS119K06-2.jpg?fit=800%2C1000&ssl=1","contentUrl":"https:\/\/i0.wp.com\/inti.hr\/wp-content\/uploads\/2024\/08\/KKS119K06-2.jpg?fit=800%2C1000&ssl=1","width":800,"height":1000,"caption":"kuhinjska polica s uti\u010dnicama vintage sme\u0111e-crna"},{"@type":"BreadcrumbList","@id":"https:\/\/inti.hr\/sr\/proizvod\/kuhinjska-polica-s-uticnicama\/#breadcrumb","itemListElement":[{"@type":"ListItem","position":1,"name":"Po\u010detna stranica","item":"https:\/\/inti.hr\/sr\/"},{"@type":"ListItem","position":2,"name":"Prodavnica","item":"https:\/\/inti.hr\/sr\/prodavnica\/"},{"@type":"ListItem","position":3,"name":"Kuhinjska polica s uti\u010dnicama"}]},{"@type":"WebSite","@id":"https:\/\/inti.hr\/sr\/#website","url":"https:\/\/inti.hr\/sr\/","name":"Inti","description":"trgovina","potentialAction":[{"@type":"SearchAction","target":{"@type":"EntryPoint","urlTemplate":"https:\/\/inti.hr\/sr\/?s={search_term_string}"},"query-input":{"@type":"PropertyValueSpecification","valueRequired":true,"valueName":"search_term_string"}}],"inLanguage":"sr-RS"}]}},"jetpack_sharing_enabled":true,"jetpack-related-posts":[],"_links":{"self":[{"href":"https:\/\/inti.hr\/sr\/wp-json\/wp\/v2\/product\/32205"}],"collection":[{"href":"https:\/\/inti.hr\/sr\/wp-json\/wp\/v2\/product"}],"about":[{"href":"https:\/\/inti.hr\/sr\/wp-json\/wp\/v2\/types\/product"}],"wp:featuredmedia":[{"embeddable":true,"href":"https:\/\/inti.hr\/sr\/wp-json\/wp\/v2\/media\/32206"}],"wp:attachment":[{"href":"https:\/\/inti.hr\/sr\/wp-json\/wp\/v2\/media?parent=32205"}],"wp:term":[{"taxonomy":"product_cat","embeddable":true,"href":"https:\/\/inti.hr\/sr\/wp-json\/wp\/v2\/product_cat?post=32205"},{"taxonomy":"product_tag","embeddable":true,"href":"https:\/\/inti.hr\/sr\/wp-json\/wp\/v2\/product_tag?post=32205"}],"curies":[{"name":"wp","href":"https:\/\/api.w.org\/{rel}","templated":true}]}}