{"id":32219,"date":"2024-08-04T11:26:56","date_gmt":"2024-08-04T10:26:56","guid":{"rendered":"https:\/\/inti.hr\/product\/stup-30x30x170cm\/"},"modified":"2024-08-04T11:26:56","modified_gmt":"2024-08-04T10:26:56","slug":"stup-30x30x170cm","status":"publish","type":"product","link":"https:\/\/inti.hr\/sr\/proizvod\/stup-30x30x170cm\/","title":{"rendered":"Stup 30x30x170cm"},"content":{"rendered":"<p>Detalji o proizvodu:<\/p>\n<p>Te\u017eina: oko 24,4 kg.<br \/>\nTestirano za: 35 kg.<br \/>\nMaterijal: MDF(E1), PB(E1), drvo.<br \/>\nMjere proizvoda: 30x30x170 cm (vidi sliku).<br \/>\nDimenzije paketa: 110x37x20 cm.<br \/>\nS uputama za sastavljanje i vijcima. Jednostavna instalacija.<\/p>\n","protected":false},"excerpt":{"rendered":"<p>Otkrijte jedinstveni stil za svoju kupaonicu. Dok ostatak ku\u0107e karakterizira sklad &#8230; <\/p>\n","protected":false},"featured_media":32220,"template":"","meta":[],"product_cat":[2396],"product_tag":[2522,3265],"yoast_head":"<!-- This site is optimized with the Yoast SEO plugin v23.7 - https:\/\/yoast.com\/wordpress\/plugins\/seo\/ -->\n<title>Stup 30x30x170cm - Inti<\/title>\n<meta name=\"description\" content=\"Otkrijte jedinstveni stil za svoju kupaonicu. Dok ostatak ku\u0107e karakterizira sklad i jednoli\u010dnost, kupaonica otkriva slobodu individualnosti. Na\u0161a kolekcija kupaonskog namje\u0161taja nudi vam niz bogatih i vi\u0161estrukih boja: od profinjene elegancije do odva\u017ene smjelosti, od smirene vedrine do \u017eivahne vedrine. Odaberite iz niza opcija koje odgovaraju va\u0161em kreativnom duhu. Osvijetlite kupaonicu i dajte svom domu prepoznatljivu osobnost.\" \/>\n<meta name=\"robots\" content=\"index, follow, max-snippet:-1, max-image-preview:large, max-video-preview:-1\" \/>\n<link rel=\"canonical\" href=\"https:\/\/inti.hr\/sr\/proizvod\/stup-30x30x170cm\/\" \/>\n<meta property=\"og:locale\" content=\"sr_RS\" \/>\n<meta property=\"og:type\" content=\"article\" \/>\n<meta property=\"og:title\" content=\"Stup 30x30x170cm - Inti\" \/>\n<meta property=\"og:description\" content=\"Otkrijte jedinstveni stil za svoju kupaonicu. Dok ostatak ku\u0107e karakterizira sklad i jednoli\u010dnost, kupaonica otkriva slobodu individualnosti. Na\u0161a kolekcija kupaonskog namje\u0161taja nudi vam niz bogatih i vi\u0161estrukih boja: od profinjene elegancije do odva\u017ene smjelosti, od smirene vedrine do \u017eivahne vedrine. Odaberite iz niza opcija koje odgovaraju va\u0161em kreativnom duhu. Osvijetlite kupaonicu i dajte svom domu prepoznatljivu osobnost.\" \/>\n<meta property=\"og:url\" content=\"https:\/\/inti.hr\/sr\/proizvod\/stup-30x30x170cm\/\" \/>\n<meta property=\"og:site_name\" content=\"Inti\" \/>\n<meta property=\"og:image\" content=\"https:\/\/i0.wp.com\/inti.hr\/wp-content\/uploads\/2024\/08\/BZR147-DG-S003_1800x1800.webp?fit=1600%2C1600&ssl=1\" \/>\n\t<meta property=\"og:image:width\" content=\"1600\" \/>\n\t<meta property=\"og:image:height\" content=\"1600\" \/>\n\t<meta property=\"og:image:type\" content=\"image\/webp\" \/>\n<meta name=\"twitter:card\" content=\"summary_large_image\" \/>\n<script type=\"application\/ld+json\" class=\"yoast-schema-graph\">{\"@context\":\"https:\/\/schema.org\",\"@graph\":[{\"@type\":\"WebPage\",\"@id\":\"https:\/\/inti.hr\/sr\/proizvod\/stup-30x30x170cm\/\",\"url\":\"https:\/\/inti.hr\/sr\/proizvod\/stup-30x30x170cm\/\",\"name\":\"Stup 30x30x170cm - Inti\",\"isPartOf\":{\"@id\":\"https:\/\/inti.hr\/sr\/#website\"},\"primaryImageOfPage\":{\"@id\":\"https:\/\/inti.hr\/sr\/proizvod\/stup-30x30x170cm\/#primaryimage\"},\"image\":{\"@id\":\"https:\/\/inti.hr\/sr\/proizvod\/stup-30x30x170cm\/#primaryimage\"},\"thumbnailUrl\":\"https:\/\/i0.wp.com\/inti.hr\/wp-content\/uploads\/2024\/08\/BZR147-DG-S003_1800x1800.webp?fit=1600%2C1600&ssl=1\",\"datePublished\":\"2024-08-04T10:26:56+00:00\",\"dateModified\":\"2024-08-04T10:26:56+00:00\",\"description\":\"Otkrijte jedinstveni stil za svoju kupaonicu. Dok ostatak ku\u0107e karakterizira sklad i jednoli\u010dnost, kupaonica otkriva slobodu individualnosti. Na\u0161a kolekcija kupaonskog namje\u0161taja nudi vam niz bogatih i vi\u0161estrukih boja: od profinjene elegancije do odva\u017ene smjelosti, od smirene vedrine do \u017eivahne vedrine. Odaberite iz niza opcija koje odgovaraju va\u0161em kreativnom duhu. Osvijetlite kupaonicu i dajte svom domu prepoznatljivu osobnost.\",\"breadcrumb\":{\"@id\":\"https:\/\/inti.hr\/sr\/proizvod\/stup-30x30x170cm\/#breadcrumb\"},\"inLanguage\":\"sr-RS\",\"potentialAction\":[{\"@type\":\"ReadAction\",\"target\":[\"https:\/\/inti.hr\/sr\/proizvod\/stup-30x30x170cm\/\"]}]},{\"@type\":\"ImageObject\",\"inLanguage\":\"sr-RS\",\"@id\":\"https:\/\/inti.hr\/sr\/proizvod\/stup-30x30x170cm\/#primaryimage\",\"url\":\"https:\/\/i0.wp.com\/inti.hr\/wp-content\/uploads\/2024\/08\/BZR147-DG-S003_1800x1800.webp?fit=1600%2C1600&ssl=1\",\"contentUrl\":\"https:\/\/i0.wp.com\/inti.hr\/wp-content\/uploads\/2024\/08\/BZR147-DG-S003_1800x1800.webp?fit=1600%2C1600&ssl=1\",\"width\":1600,\"height\":1600,\"caption\":\"Stup 30x30x170cm BZR147-DG\"},{\"@type\":\"BreadcrumbList\",\"@id\":\"https:\/\/inti.hr\/sr\/proizvod\/stup-30x30x170cm\/#breadcrumb\",\"itemListElement\":[{\"@type\":\"ListItem\",\"position\":1,\"name\":\"Po\u010detna stranica\",\"item\":\"https:\/\/inti.hr\/sr\/\"},{\"@type\":\"ListItem\",\"position\":2,\"name\":\"Prodavnica\",\"item\":\"https:\/\/inti.hr\/sr\/prodavnica\/\"},{\"@type\":\"ListItem\",\"position\":3,\"name\":\"Stup 30x30x170cm\"}]},{\"@type\":\"WebSite\",\"@id\":\"https:\/\/inti.hr\/sr\/#website\",\"url\":\"https:\/\/inti.hr\/sr\/\",\"name\":\"Inti\",\"description\":\"trgovina\",\"potentialAction\":[{\"@type\":\"SearchAction\",\"target\":{\"@type\":\"EntryPoint\",\"urlTemplate\":\"https:\/\/inti.hr\/sr\/?s={search_term_string}\"},\"query-input\":{\"@type\":\"PropertyValueSpecification\",\"valueRequired\":true,\"valueName\":\"search_term_string\"}}],\"inLanguage\":\"sr-RS\"}]}<\/script>\n<!-- \/ Yoast SEO plugin. -->","yoast_head_json":{"title":"Stup 30x30x170cm - Inti","description":"Otkrijte jedinstveni stil za svoju kupaonicu. Dok ostatak ku\u0107e karakterizira sklad i jednoli\u010dnost, kupaonica otkriva slobodu individualnosti. Na\u0161a kolekcija kupaonskog namje\u0161taja nudi vam niz bogatih i vi\u0161estrukih boja: od profinjene elegancije do odva\u017ene smjelosti, od smirene vedrine do \u017eivahne vedrine. Odaberite iz niza opcija koje odgovaraju va\u0161em kreativnom duhu. Osvijetlite kupaonicu i dajte svom domu prepoznatljivu osobnost.","robots":{"index":"index","follow":"follow","max-snippet":"max-snippet:-1","max-image-preview":"max-image-preview:large","max-video-preview":"max-video-preview:-1"},"canonical":"https:\/\/inti.hr\/sr\/proizvod\/stup-30x30x170cm\/","og_locale":"sr_RS","og_type":"article","og_title":"Stup 30x30x170cm - Inti","og_description":"Otkrijte jedinstveni stil za svoju kupaonicu. Dok ostatak ku\u0107e karakterizira sklad i jednoli\u010dnost, kupaonica otkriva slobodu individualnosti. Na\u0161a kolekcija kupaonskog namje\u0161taja nudi vam niz bogatih i vi\u0161estrukih boja: od profinjene elegancije do odva\u017ene smjelosti, od smirene vedrine do \u017eivahne vedrine. Odaberite iz niza opcija koje odgovaraju va\u0161em kreativnom duhu. Osvijetlite kupaonicu i dajte svom domu prepoznatljivu osobnost.","og_url":"https:\/\/inti.hr\/sr\/proizvod\/stup-30x30x170cm\/","og_site_name":"Inti","og_image":[{"width":1600,"height":1600,"url":"https:\/\/i0.wp.com\/inti.hr\/wp-content\/uploads\/2024\/08\/BZR147-DG-S003_1800x1800.webp?fit=1600%2C1600&ssl=1","type":"image\/webp"}],"twitter_card":"summary_large_image","schema":{"@context":"https:\/\/schema.org","@graph":[{"@type":"WebPage","@id":"https:\/\/inti.hr\/sr\/proizvod\/stup-30x30x170cm\/","url":"https:\/\/inti.hr\/sr\/proizvod\/stup-30x30x170cm\/","name":"Stup 30x30x170cm - Inti","isPartOf":{"@id":"https:\/\/inti.hr\/sr\/#website"},"primaryImageOfPage":{"@id":"https:\/\/inti.hr\/sr\/proizvod\/stup-30x30x170cm\/#primaryimage"},"image":{"@id":"https:\/\/inti.hr\/sr\/proizvod\/stup-30x30x170cm\/#primaryimage"},"thumbnailUrl":"https:\/\/i0.wp.com\/inti.hr\/wp-content\/uploads\/2024\/08\/BZR147-DG-S003_1800x1800.webp?fit=1600%2C1600&ssl=1","datePublished":"2024-08-04T10:26:56+00:00","dateModified":"2024-08-04T10:26:56+00:00","description":"Otkrijte jedinstveni stil za svoju kupaonicu. Dok ostatak ku\u0107e karakterizira sklad i jednoli\u010dnost, kupaonica otkriva slobodu individualnosti. Na\u0161a kolekcija kupaonskog namje\u0161taja nudi vam niz bogatih i vi\u0161estrukih boja: od profinjene elegancije do odva\u017ene smjelosti, od smirene vedrine do \u017eivahne vedrine. Odaberite iz niza opcija koje odgovaraju va\u0161em kreativnom duhu. Osvijetlite kupaonicu i dajte svom domu prepoznatljivu osobnost.","breadcrumb":{"@id":"https:\/\/inti.hr\/sr\/proizvod\/stup-30x30x170cm\/#breadcrumb"},"inLanguage":"sr-RS","potentialAction":[{"@type":"ReadAction","target":["https:\/\/inti.hr\/sr\/proizvod\/stup-30x30x170cm\/"]}]},{"@type":"ImageObject","inLanguage":"sr-RS","@id":"https:\/\/inti.hr\/sr\/proizvod\/stup-30x30x170cm\/#primaryimage","url":"https:\/\/i0.wp.com\/inti.hr\/wp-content\/uploads\/2024\/08\/BZR147-DG-S003_1800x1800.webp?fit=1600%2C1600&ssl=1","contentUrl":"https:\/\/i0.wp.com\/inti.hr\/wp-content\/uploads\/2024\/08\/BZR147-DG-S003_1800x1800.webp?fit=1600%2C1600&ssl=1","width":1600,"height":1600,"caption":"Stup 30x30x170cm BZR147-DG"},{"@type":"BreadcrumbList","@id":"https:\/\/inti.hr\/sr\/proizvod\/stup-30x30x170cm\/#breadcrumb","itemListElement":[{"@type":"ListItem","position":1,"name":"Po\u010detna stranica","item":"https:\/\/inti.hr\/sr\/"},{"@type":"ListItem","position":2,"name":"Prodavnica","item":"https:\/\/inti.hr\/sr\/prodavnica\/"},{"@type":"ListItem","position":3,"name":"Stup 30x30x170cm"}]},{"@type":"WebSite","@id":"https:\/\/inti.hr\/sr\/#website","url":"https:\/\/inti.hr\/sr\/","name":"Inti","description":"trgovina","potentialAction":[{"@type":"SearchAction","target":{"@type":"EntryPoint","urlTemplate":"https:\/\/inti.hr\/sr\/?s={search_term_string}"},"query-input":{"@type":"PropertyValueSpecification","valueRequired":true,"valueName":"search_term_string"}}],"inLanguage":"sr-RS"}]}},"jetpack_sharing_enabled":true,"jetpack-related-posts":[],"_links":{"self":[{"href":"https:\/\/inti.hr\/sr\/wp-json\/wp\/v2\/product\/32219"}],"collection":[{"href":"https:\/\/inti.hr\/sr\/wp-json\/wp\/v2\/product"}],"about":[{"href":"https:\/\/inti.hr\/sr\/wp-json\/wp\/v2\/types\/product"}],"wp:featuredmedia":[{"embeddable":true,"href":"https:\/\/inti.hr\/sr\/wp-json\/wp\/v2\/media\/32220"}],"wp:attachment":[{"href":"https:\/\/inti.hr\/sr\/wp-json\/wp\/v2\/media?parent=32219"}],"wp:term":[{"taxonomy":"product_cat","embeddable":true,"href":"https:\/\/inti.hr\/sr\/wp-json\/wp\/v2\/product_cat?post=32219"},{"taxonomy":"product_tag","embeddable":true,"href":"https:\/\/inti.hr\/sr\/wp-json\/wp\/v2\/product_tag?post=32219"}],"curies":[{"name":"wp","href":"https:\/\/api.w.org\/{rel}","templated":true}]}}