{"id":32238,"date":"2024-08-02T12:47:49","date_gmt":"2024-08-02T11:47:49","guid":{"rendered":"https:\/\/inti.hr\/product\/set-ormarica-prozirno-crne-boje\/"},"modified":"2024-08-02T12:47:49","modified_gmt":"2024-08-02T11:47:49","slug":"set-ormarica-prozirno-crne-boje","status":"publish","type":"product","link":"https:\/\/inti.hr\/sr\/proizvod\/set-ormarica-prozirno-crne-boje\/","title":{"rendered":"Set ormari\u0107a prozirno crne boje"},"content":{"rendered":"<p>Boja: prozirna tinta crna<br \/>\nMaterijal: ku\u0107i\u0161te od PP plastike (polipropilen), vrata od PS plastike (polistiren)<br \/>\nTe\u017eina: 3 kg<br \/>\nMaksimalna stati\u010dka nosivost po kutiji: 2,5 kg<br \/>\nMaksimalna stati\u010dka nosivost: 23 kg<\/p>\n","protected":false},"excerpt":{"rendered":"<p>Ovaj ormari\u0107 za cipele stoji u samo jednoj minuti. To \u0161tedi &#8230; <\/p>\n","protected":false},"featured_media":32239,"template":"","meta":[],"product_cat":[2635],"product_tag":[3275,3276],"yoast_head":"<!-- This site is optimized with the Yoast SEO plugin v23.7 - https:\/\/yoast.com\/wordpress\/plugins\/seo\/ -->\n<title>Set ormari\u0107a prozirno crne boje - Inti<\/title>\n<meta name=\"description\" content=\"Ovaj ormari\u0107 za cipele stoji u samo jednoj minuti. To \u0161tedi puno vremena i nudi brzo rje\u0161enje za kaos u obu\u0107i. Prozirna PS plasti\u010dna vrata omogu\u0107uju jasan pogled na va\u0161u kolekciju cipela, dok ventilacijski otvori na stra\u017enjoj strani omogu\u0107uju dobru cirkulaciju zraka. Na taj na\u010din mo\u017eete uvijek odr\u017eavati svoje cipele svje\u017eima i bez mirisa. Ovaj vizualno lagani ormari\u0107 za cipele pristaje svakom stilu interijera i svakoj sobi ili ormaru. Djeluje moderno i unosi red u va\u0161 dom. Ovaj integrirani set kutija za cipele, izra\u0111en od visokokvalitetne PP plastike, robustan je i nudi 30% ve\u0107u otpornost od prosje\u010dnih kutija za cipele - siguran i pouzdan. Ovaj sklopivi ormari\u0107 za cipele mo\u017ee se lako spremiti u ormar kada se ne koristi. Idealan je partner za selidbu i pojednostavljuje organizaciju obu\u0107e gdje god se nalazili.\u00a0\" \/>\n<meta name=\"robots\" content=\"index, follow, max-snippet:-1, max-image-preview:large, max-video-preview:-1\" \/>\n<link rel=\"canonical\" href=\"https:\/\/inti.hr\/sr\/proizvod\/set-ormarica-prozirno-crne-boje\/\" \/>\n<meta property=\"og:locale\" content=\"sr_RS\" \/>\n<meta property=\"og:type\" content=\"article\" \/>\n<meta property=\"og:title\" content=\"Set ormari\u0107a prozirno crne boje - Inti\" \/>\n<meta property=\"og:description\" content=\"Ovaj ormari\u0107 za cipele stoji u samo jednoj minuti. To \u0161tedi puno vremena i nudi brzo rje\u0161enje za kaos u obu\u0107i. Prozirna PS plasti\u010dna vrata omogu\u0107uju jasan pogled na va\u0161u kolekciju cipela, dok ventilacijski otvori na stra\u017enjoj strani omogu\u0107uju dobru cirkulaciju zraka. Na taj na\u010din mo\u017eete uvijek odr\u017eavati svoje cipele svje\u017eima i bez mirisa. Ovaj vizualno lagani ormari\u0107 za cipele pristaje svakom stilu interijera i svakoj sobi ili ormaru. Djeluje moderno i unosi red u va\u0161 dom. Ovaj integrirani set kutija za cipele, izra\u0111en od visokokvalitetne PP plastike, robustan je i nudi 30% ve\u0107u otpornost od prosje\u010dnih kutija za cipele - siguran i pouzdan. Ovaj sklopivi ormari\u0107 za cipele mo\u017ee se lako spremiti u ormar kada se ne koristi. Idealan je partner za selidbu i pojednostavljuje organizaciju obu\u0107e gdje god se nalazili.\u00a0\" \/>\n<meta property=\"og:url\" content=\"https:\/\/inti.hr\/sr\/proizvod\/set-ormarica-prozirno-crne-boje\/\" \/>\n<meta property=\"og:site_name\" content=\"Inti\" \/>\n<meta property=\"og:image\" content=\"https:\/\/i0.wp.com\/inti.hr\/wp-content\/uploads\/2024\/08\/LSP206B01-2.jpg?fit=800%2C1000&ssl=1\" \/>\n\t<meta property=\"og:image:width\" content=\"800\" \/>\n\t<meta property=\"og:image:height\" content=\"1000\" \/>\n\t<meta property=\"og:image:type\" content=\"image\/jpeg\" \/>\n<meta name=\"twitter:card\" content=\"summary_large_image\" \/>\n<script type=\"application\/ld+json\" class=\"yoast-schema-graph\">{\"@context\":\"https:\/\/schema.org\",\"@graph\":[{\"@type\":\"WebPage\",\"@id\":\"https:\/\/inti.hr\/sr\/proizvod\/set-ormarica-prozirno-crne-boje\/\",\"url\":\"https:\/\/inti.hr\/sr\/proizvod\/set-ormarica-prozirno-crne-boje\/\",\"name\":\"Set ormari\u0107a prozirno crne boje - Inti\",\"isPartOf\":{\"@id\":\"https:\/\/inti.hr\/sr\/#website\"},\"primaryImageOfPage\":{\"@id\":\"https:\/\/inti.hr\/sr\/proizvod\/set-ormarica-prozirno-crne-boje\/#primaryimage\"},\"image\":{\"@id\":\"https:\/\/inti.hr\/sr\/proizvod\/set-ormarica-prozirno-crne-boje\/#primaryimage\"},\"thumbnailUrl\":\"https:\/\/i0.wp.com\/inti.hr\/wp-content\/uploads\/2024\/08\/LSP206B01-2.jpg?fit=800%2C1000&ssl=1\",\"datePublished\":\"2024-08-02T11:47:49+00:00\",\"dateModified\":\"2024-08-02T11:47:49+00:00\",\"description\":\"Ovaj ormari\u0107 za cipele stoji u samo jednoj minuti. To \u0161tedi puno vremena i nudi brzo rje\u0161enje za kaos u obu\u0107i. Prozirna PS plasti\u010dna vrata omogu\u0107uju jasan pogled na va\u0161u kolekciju cipela, dok ventilacijski otvori na stra\u017enjoj strani omogu\u0107uju dobru cirkulaciju zraka. Na taj na\u010din mo\u017eete uvijek odr\u017eavati svoje cipele svje\u017eima i bez mirisa. Ovaj vizualno lagani ormari\u0107 za cipele pristaje svakom stilu interijera i svakoj sobi ili ormaru. Djeluje moderno i unosi red u va\u0161 dom. Ovaj integrirani set kutija za cipele, izra\u0111en od visokokvalitetne PP plastike, robustan je i nudi 30% ve\u0107u otpornost od prosje\u010dnih kutija za cipele - siguran i pouzdan. Ovaj sklopivi ormari\u0107 za cipele mo\u017ee se lako spremiti u ormar kada se ne koristi. Idealan je partner za selidbu i pojednostavljuje organizaciju obu\u0107e gdje god se nalazili.\u00a0\",\"breadcrumb\":{\"@id\":\"https:\/\/inti.hr\/sr\/proizvod\/set-ormarica-prozirno-crne-boje\/#breadcrumb\"},\"inLanguage\":\"sr-RS\",\"potentialAction\":[{\"@type\":\"ReadAction\",\"target\":[\"https:\/\/inti.hr\/sr\/proizvod\/set-ormarica-prozirno-crne-boje\/\"]}]},{\"@type\":\"ImageObject\",\"inLanguage\":\"sr-RS\",\"@id\":\"https:\/\/inti.hr\/sr\/proizvod\/set-ormarica-prozirno-crne-boje\/#primaryimage\",\"url\":\"https:\/\/i0.wp.com\/inti.hr\/wp-content\/uploads\/2024\/08\/LSP206B01-2.jpg?fit=800%2C1000&ssl=1\",\"contentUrl\":\"https:\/\/i0.wp.com\/inti.hr\/wp-content\/uploads\/2024\/08\/LSP206B01-2.jpg?fit=800%2C1000&ssl=1\",\"width\":800,\"height\":1000,\"caption\":\"ormari\u0107 za cipele set od 3 komada s kutijama za cipele s prozirnom crnom tintom\"},{\"@type\":\"BreadcrumbList\",\"@id\":\"https:\/\/inti.hr\/sr\/proizvod\/set-ormarica-prozirno-crne-boje\/#breadcrumb\",\"itemListElement\":[{\"@type\":\"ListItem\",\"position\":1,\"name\":\"Po\u010detna stranica\",\"item\":\"https:\/\/inti.hr\/sr\/\"},{\"@type\":\"ListItem\",\"position\":2,\"name\":\"Prodavnica\",\"item\":\"https:\/\/inti.hr\/sr\/prodavnica\/\"},{\"@type\":\"ListItem\",\"position\":3,\"name\":\"Set ormari\u0107a prozirno crne boje\"}]},{\"@type\":\"WebSite\",\"@id\":\"https:\/\/inti.hr\/sr\/#website\",\"url\":\"https:\/\/inti.hr\/sr\/\",\"name\":\"Inti\",\"description\":\"trgovina\",\"potentialAction\":[{\"@type\":\"SearchAction\",\"target\":{\"@type\":\"EntryPoint\",\"urlTemplate\":\"https:\/\/inti.hr\/sr\/?s={search_term_string}\"},\"query-input\":{\"@type\":\"PropertyValueSpecification\",\"valueRequired\":true,\"valueName\":\"search_term_string\"}}],\"inLanguage\":\"sr-RS\"}]}<\/script>\n<!-- \/ Yoast SEO plugin. -->","yoast_head_json":{"title":"Set ormari\u0107a prozirno crne boje - Inti","description":"Ovaj ormari\u0107 za cipele stoji u samo jednoj minuti. To \u0161tedi puno vremena i nudi brzo rje\u0161enje za kaos u obu\u0107i. Prozirna PS plasti\u010dna vrata omogu\u0107uju jasan pogled na va\u0161u kolekciju cipela, dok ventilacijski otvori na stra\u017enjoj strani omogu\u0107uju dobru cirkulaciju zraka. Na taj na\u010din mo\u017eete uvijek odr\u017eavati svoje cipele svje\u017eima i bez mirisa. Ovaj vizualno lagani ormari\u0107 za cipele pristaje svakom stilu interijera i svakoj sobi ili ormaru. Djeluje moderno i unosi red u va\u0161 dom. Ovaj integrirani set kutija za cipele, izra\u0111en od visokokvalitetne PP plastike, robustan je i nudi 30% ve\u0107u otpornost od prosje\u010dnih kutija za cipele - siguran i pouzdan. Ovaj sklopivi ormari\u0107 za cipele mo\u017ee se lako spremiti u ormar kada se ne koristi. Idealan je partner za selidbu i pojednostavljuje organizaciju obu\u0107e gdje god se nalazili.\u00a0","robots":{"index":"index","follow":"follow","max-snippet":"max-snippet:-1","max-image-preview":"max-image-preview:large","max-video-preview":"max-video-preview:-1"},"canonical":"https:\/\/inti.hr\/sr\/proizvod\/set-ormarica-prozirno-crne-boje\/","og_locale":"sr_RS","og_type":"article","og_title":"Set ormari\u0107a prozirno crne boje - Inti","og_description":"Ovaj ormari\u0107 za cipele stoji u samo jednoj minuti. To \u0161tedi puno vremena i nudi brzo rje\u0161enje za kaos u obu\u0107i. Prozirna PS plasti\u010dna vrata omogu\u0107uju jasan pogled na va\u0161u kolekciju cipela, dok ventilacijski otvori na stra\u017enjoj strani omogu\u0107uju dobru cirkulaciju zraka. Na taj na\u010din mo\u017eete uvijek odr\u017eavati svoje cipele svje\u017eima i bez mirisa. Ovaj vizualno lagani ormari\u0107 za cipele pristaje svakom stilu interijera i svakoj sobi ili ormaru. Djeluje moderno i unosi red u va\u0161 dom. Ovaj integrirani set kutija za cipele, izra\u0111en od visokokvalitetne PP plastike, robustan je i nudi 30% ve\u0107u otpornost od prosje\u010dnih kutija za cipele - siguran i pouzdan. Ovaj sklopivi ormari\u0107 za cipele mo\u017ee se lako spremiti u ormar kada se ne koristi. Idealan je partner za selidbu i pojednostavljuje organizaciju obu\u0107e gdje god se nalazili.\u00a0","og_url":"https:\/\/inti.hr\/sr\/proizvod\/set-ormarica-prozirno-crne-boje\/","og_site_name":"Inti","og_image":[{"width":800,"height":1000,"url":"https:\/\/i0.wp.com\/inti.hr\/wp-content\/uploads\/2024\/08\/LSP206B01-2.jpg?fit=800%2C1000&ssl=1","type":"image\/jpeg"}],"twitter_card":"summary_large_image","schema":{"@context":"https:\/\/schema.org","@graph":[{"@type":"WebPage","@id":"https:\/\/inti.hr\/sr\/proizvod\/set-ormarica-prozirno-crne-boje\/","url":"https:\/\/inti.hr\/sr\/proizvod\/set-ormarica-prozirno-crne-boje\/","name":"Set ormari\u0107a prozirno crne boje - Inti","isPartOf":{"@id":"https:\/\/inti.hr\/sr\/#website"},"primaryImageOfPage":{"@id":"https:\/\/inti.hr\/sr\/proizvod\/set-ormarica-prozirno-crne-boje\/#primaryimage"},"image":{"@id":"https:\/\/inti.hr\/sr\/proizvod\/set-ormarica-prozirno-crne-boje\/#primaryimage"},"thumbnailUrl":"https:\/\/i0.wp.com\/inti.hr\/wp-content\/uploads\/2024\/08\/LSP206B01-2.jpg?fit=800%2C1000&ssl=1","datePublished":"2024-08-02T11:47:49+00:00","dateModified":"2024-08-02T11:47:49+00:00","description":"Ovaj ormari\u0107 za cipele stoji u samo jednoj minuti. To \u0161tedi puno vremena i nudi brzo rje\u0161enje za kaos u obu\u0107i. Prozirna PS plasti\u010dna vrata omogu\u0107uju jasan pogled na va\u0161u kolekciju cipela, dok ventilacijski otvori na stra\u017enjoj strani omogu\u0107uju dobru cirkulaciju zraka. Na taj na\u010din mo\u017eete uvijek odr\u017eavati svoje cipele svje\u017eima i bez mirisa. Ovaj vizualno lagani ormari\u0107 za cipele pristaje svakom stilu interijera i svakoj sobi ili ormaru. Djeluje moderno i unosi red u va\u0161 dom. Ovaj integrirani set kutija za cipele, izra\u0111en od visokokvalitetne PP plastike, robustan je i nudi 30% ve\u0107u otpornost od prosje\u010dnih kutija za cipele - siguran i pouzdan. Ovaj sklopivi ormari\u0107 za cipele mo\u017ee se lako spremiti u ormar kada se ne koristi. Idealan je partner za selidbu i pojednostavljuje organizaciju obu\u0107e gdje god se nalazili.\u00a0","breadcrumb":{"@id":"https:\/\/inti.hr\/sr\/proizvod\/set-ormarica-prozirno-crne-boje\/#breadcrumb"},"inLanguage":"sr-RS","potentialAction":[{"@type":"ReadAction","target":["https:\/\/inti.hr\/sr\/proizvod\/set-ormarica-prozirno-crne-boje\/"]}]},{"@type":"ImageObject","inLanguage":"sr-RS","@id":"https:\/\/inti.hr\/sr\/proizvod\/set-ormarica-prozirno-crne-boje\/#primaryimage","url":"https:\/\/i0.wp.com\/inti.hr\/wp-content\/uploads\/2024\/08\/LSP206B01-2.jpg?fit=800%2C1000&ssl=1","contentUrl":"https:\/\/i0.wp.com\/inti.hr\/wp-content\/uploads\/2024\/08\/LSP206B01-2.jpg?fit=800%2C1000&ssl=1","width":800,"height":1000,"caption":"ormari\u0107 za cipele set od 3 komada s kutijama za cipele s prozirnom crnom tintom"},{"@type":"BreadcrumbList","@id":"https:\/\/inti.hr\/sr\/proizvod\/set-ormarica-prozirno-crne-boje\/#breadcrumb","itemListElement":[{"@type":"ListItem","position":1,"name":"Po\u010detna stranica","item":"https:\/\/inti.hr\/sr\/"},{"@type":"ListItem","position":2,"name":"Prodavnica","item":"https:\/\/inti.hr\/sr\/prodavnica\/"},{"@type":"ListItem","position":3,"name":"Set ormari\u0107a prozirno crne boje"}]},{"@type":"WebSite","@id":"https:\/\/inti.hr\/sr\/#website","url":"https:\/\/inti.hr\/sr\/","name":"Inti","description":"trgovina","potentialAction":[{"@type":"SearchAction","target":{"@type":"EntryPoint","urlTemplate":"https:\/\/inti.hr\/sr\/?s={search_term_string}"},"query-input":{"@type":"PropertyValueSpecification","valueRequired":true,"valueName":"search_term_string"}}],"inLanguage":"sr-RS"}]}},"jetpack_sharing_enabled":true,"jetpack-related-posts":[],"_links":{"self":[{"href":"https:\/\/inti.hr\/sr\/wp-json\/wp\/v2\/product\/32238"}],"collection":[{"href":"https:\/\/inti.hr\/sr\/wp-json\/wp\/v2\/product"}],"about":[{"href":"https:\/\/inti.hr\/sr\/wp-json\/wp\/v2\/types\/product"}],"wp:featuredmedia":[{"embeddable":true,"href":"https:\/\/inti.hr\/sr\/wp-json\/wp\/v2\/media\/32239"}],"wp:attachment":[{"href":"https:\/\/inti.hr\/sr\/wp-json\/wp\/v2\/media?parent=32238"}],"wp:term":[{"taxonomy":"product_cat","embeddable":true,"href":"https:\/\/inti.hr\/sr\/wp-json\/wp\/v2\/product_cat?post=32238"},{"taxonomy":"product_tag","embeddable":true,"href":"https:\/\/inti.hr\/sr\/wp-json\/wp\/v2\/product_tag?post=32238"}],"curies":[{"name":"wp","href":"https:\/\/api.w.org\/{rel}","templated":true}]}}