{"id":32291,"date":"2024-06-23T15:04:40","date_gmt":"2024-06-23T14:04:40","guid":{"rendered":"https:\/\/inti.hr\/product\/balkonske-stolice-sa-stolom\/"},"modified":"2024-06-23T15:04:40","modified_gmt":"2024-06-23T14:04:40","slug":"balkonske-stolice-sa-stolom","status":"publish","type":"product","link":"https:\/\/inti.hr\/sr\/proizvod\/balkonske-stolice-sa-stolom\/","title":{"rendered":"Balkonske stolice sa stolom"},"content":{"rendered":"<p>Detalji o proizvodu:<\/p>\n<p>Crna boja<\/p>\n<p>Materijal namje\u0161taja: PE (polietilen), \u010delik premazan prahom, kaljeno staklo<\/p>\n<p>Materijal jastuka: VFT (Vertical Fiber Technology) podstava, presvlaka od poliesterske tkanine<\/p>\n<p>Veli\u010dina po stolcu: 53 x 57,5 \u200b\u200bx 76 cm (D x \u0160 x V)<\/p>\n<p>Tablica veli\u010dina: 42 x 40 x 39 cm (D x \u0160 x V)<\/p>\n<p>Ukupna te\u017eina: 17,1 kg<\/p>\n<p>Maksimalna stati\u010dka nosivost po stolici: 150 kg<\/p>\n<p>Maksimalna stati\u010dka nosivost stola: 30 kg<\/p>\n","protected":false},"excerpt":{"rendered":"<p>\u017delite li se u\u017eivjeti u blagdansko raspolo\u017eenje? Onda je ovaj set &#8230; <\/p>\n","protected":false},"featured_media":32292,"template":"","meta":[],"product_cat":[2461],"product_tag":[3295,2527],"yoast_head":"<!-- This site is optimized with the Yoast SEO plugin v23.7 - https:\/\/yoast.com\/wordpress\/plugins\/seo\/ -->\n<title>Balkonske stolice sa stolom - Inti<\/title>\n<meta name=\"robots\" content=\"index, follow, max-snippet:-1, max-image-preview:large, max-video-preview:-1\" \/>\n<link rel=\"canonical\" href=\"https:\/\/inti.hr\/sr\/proizvod\/balkonske-stolice-sa-stolom\/\" \/>\n<meta property=\"og:locale\" content=\"sr_RS\" \/>\n<meta property=\"og:type\" content=\"article\" \/>\n<meta property=\"og:title\" content=\"Balkonske stolice sa stolom - Inti\" \/>\n<meta property=\"og:description\" content=\"\u017delite li se u\u017eivjeti u blagdansko raspolo\u017eenje? Onda je ovaj set ...\" \/>\n<meta property=\"og:url\" content=\"https:\/\/inti.hr\/sr\/proizvod\/balkonske-stolice-sa-stolom\/\" \/>\n<meta property=\"og:site_name\" content=\"Inti\" \/>\n<meta property=\"og:image\" content=\"https:\/\/i0.wp.com\/inti.hr\/wp-content\/uploads\/2024\/06\/GGF010B05-3.jpg?fit=1000%2C1000&ssl=1\" \/>\n\t<meta property=\"og:image:width\" content=\"1000\" \/>\n\t<meta property=\"og:image:height\" content=\"1000\" \/>\n\t<meta property=\"og:image:type\" content=\"image\/jpeg\" \/>\n<meta name=\"twitter:card\" content=\"summary_large_image\" \/>\n<script type=\"application\/ld+json\" class=\"yoast-schema-graph\">{\"@context\":\"https:\/\/schema.org\",\"@graph\":[{\"@type\":\"WebPage\",\"@id\":\"https:\/\/inti.hr\/sr\/proizvod\/balkonske-stolice-sa-stolom\/\",\"url\":\"https:\/\/inti.hr\/sr\/proizvod\/balkonske-stolice-sa-stolom\/\",\"name\":\"Balkonske stolice sa stolom - Inti\",\"isPartOf\":{\"@id\":\"https:\/\/inti.hr\/sr\/#website\"},\"primaryImageOfPage\":{\"@id\":\"https:\/\/inti.hr\/sr\/proizvod\/balkonske-stolice-sa-stolom\/#primaryimage\"},\"image\":{\"@id\":\"https:\/\/inti.hr\/sr\/proizvod\/balkonske-stolice-sa-stolom\/#primaryimage\"},\"thumbnailUrl\":\"https:\/\/i0.wp.com\/inti.hr\/wp-content\/uploads\/2024\/06\/GGF010B05-3.jpg?fit=1000%2C1000&ssl=1\",\"datePublished\":\"2024-06-23T14:04:40+00:00\",\"dateModified\":\"2024-06-23T14:04:40+00:00\",\"breadcrumb\":{\"@id\":\"https:\/\/inti.hr\/sr\/proizvod\/balkonske-stolice-sa-stolom\/#breadcrumb\"},\"inLanguage\":\"sr-RS\",\"potentialAction\":[{\"@type\":\"ReadAction\",\"target\":[\"https:\/\/inti.hr\/sr\/proizvod\/balkonske-stolice-sa-stolom\/\"]}]},{\"@type\":\"ImageObject\",\"inLanguage\":\"sr-RS\",\"@id\":\"https:\/\/inti.hr\/sr\/proizvod\/balkonske-stolice-sa-stolom\/#primaryimage\",\"url\":\"https:\/\/i0.wp.com\/inti.hr\/wp-content\/uploads\/2024\/06\/GGF010B05-3.jpg?fit=1000%2C1000&ssl=1\",\"contentUrl\":\"https:\/\/i0.wp.com\/inti.hr\/wp-content\/uploads\/2024\/06\/GGF010B05-3.jpg?fit=1000%2C1000&ssl=1\",\"width\":1000,\"height\":1000,\"caption\":\"balkonske stolice sa stolom\"},{\"@type\":\"BreadcrumbList\",\"@id\":\"https:\/\/inti.hr\/sr\/proizvod\/balkonske-stolice-sa-stolom\/#breadcrumb\",\"itemListElement\":[{\"@type\":\"ListItem\",\"position\":1,\"name\":\"Po\u010detna stranica\",\"item\":\"https:\/\/inti.hr\/sr\/\"},{\"@type\":\"ListItem\",\"position\":2,\"name\":\"Prodavnica\",\"item\":\"https:\/\/inti.hr\/sr\/prodavnica\/\"},{\"@type\":\"ListItem\",\"position\":3,\"name\":\"Balkonske stolice sa stolom\"}]},{\"@type\":\"WebSite\",\"@id\":\"https:\/\/inti.hr\/sr\/#website\",\"url\":\"https:\/\/inti.hr\/sr\/\",\"name\":\"Inti\",\"description\":\"trgovina\",\"potentialAction\":[{\"@type\":\"SearchAction\",\"target\":{\"@type\":\"EntryPoint\",\"urlTemplate\":\"https:\/\/inti.hr\/sr\/?s={search_term_string}\"},\"query-input\":{\"@type\":\"PropertyValueSpecification\",\"valueRequired\":true,\"valueName\":\"search_term_string\"}}],\"inLanguage\":\"sr-RS\"}]}<\/script>\n<!-- \/ Yoast SEO plugin. -->","yoast_head_json":{"title":"Balkonske stolice sa stolom - Inti","robots":{"index":"index","follow":"follow","max-snippet":"max-snippet:-1","max-image-preview":"max-image-preview:large","max-video-preview":"max-video-preview:-1"},"canonical":"https:\/\/inti.hr\/sr\/proizvod\/balkonske-stolice-sa-stolom\/","og_locale":"sr_RS","og_type":"article","og_title":"Balkonske stolice sa stolom - Inti","og_description":"\u017delite li se u\u017eivjeti u blagdansko raspolo\u017eenje? Onda je ovaj set ...","og_url":"https:\/\/inti.hr\/sr\/proizvod\/balkonske-stolice-sa-stolom\/","og_site_name":"Inti","og_image":[{"width":1000,"height":1000,"url":"https:\/\/i0.wp.com\/inti.hr\/wp-content\/uploads\/2024\/06\/GGF010B05-3.jpg?fit=1000%2C1000&ssl=1","type":"image\/jpeg"}],"twitter_card":"summary_large_image","schema":{"@context":"https:\/\/schema.org","@graph":[{"@type":"WebPage","@id":"https:\/\/inti.hr\/sr\/proizvod\/balkonske-stolice-sa-stolom\/","url":"https:\/\/inti.hr\/sr\/proizvod\/balkonske-stolice-sa-stolom\/","name":"Balkonske stolice sa stolom - Inti","isPartOf":{"@id":"https:\/\/inti.hr\/sr\/#website"},"primaryImageOfPage":{"@id":"https:\/\/inti.hr\/sr\/proizvod\/balkonske-stolice-sa-stolom\/#primaryimage"},"image":{"@id":"https:\/\/inti.hr\/sr\/proizvod\/balkonske-stolice-sa-stolom\/#primaryimage"},"thumbnailUrl":"https:\/\/i0.wp.com\/inti.hr\/wp-content\/uploads\/2024\/06\/GGF010B05-3.jpg?fit=1000%2C1000&ssl=1","datePublished":"2024-06-23T14:04:40+00:00","dateModified":"2024-06-23T14:04:40+00:00","breadcrumb":{"@id":"https:\/\/inti.hr\/sr\/proizvod\/balkonske-stolice-sa-stolom\/#breadcrumb"},"inLanguage":"sr-RS","potentialAction":[{"@type":"ReadAction","target":["https:\/\/inti.hr\/sr\/proizvod\/balkonske-stolice-sa-stolom\/"]}]},{"@type":"ImageObject","inLanguage":"sr-RS","@id":"https:\/\/inti.hr\/sr\/proizvod\/balkonske-stolice-sa-stolom\/#primaryimage","url":"https:\/\/i0.wp.com\/inti.hr\/wp-content\/uploads\/2024\/06\/GGF010B05-3.jpg?fit=1000%2C1000&ssl=1","contentUrl":"https:\/\/i0.wp.com\/inti.hr\/wp-content\/uploads\/2024\/06\/GGF010B05-3.jpg?fit=1000%2C1000&ssl=1","width":1000,"height":1000,"caption":"balkonske stolice sa stolom"},{"@type":"BreadcrumbList","@id":"https:\/\/inti.hr\/sr\/proizvod\/balkonske-stolice-sa-stolom\/#breadcrumb","itemListElement":[{"@type":"ListItem","position":1,"name":"Po\u010detna stranica","item":"https:\/\/inti.hr\/sr\/"},{"@type":"ListItem","position":2,"name":"Prodavnica","item":"https:\/\/inti.hr\/sr\/prodavnica\/"},{"@type":"ListItem","position":3,"name":"Balkonske stolice sa stolom"}]},{"@type":"WebSite","@id":"https:\/\/inti.hr\/sr\/#website","url":"https:\/\/inti.hr\/sr\/","name":"Inti","description":"trgovina","potentialAction":[{"@type":"SearchAction","target":{"@type":"EntryPoint","urlTemplate":"https:\/\/inti.hr\/sr\/?s={search_term_string}"},"query-input":{"@type":"PropertyValueSpecification","valueRequired":true,"valueName":"search_term_string"}}],"inLanguage":"sr-RS"}]}},"jetpack_sharing_enabled":true,"jetpack-related-posts":[],"_links":{"self":[{"href":"https:\/\/inti.hr\/sr\/wp-json\/wp\/v2\/product\/32291"}],"collection":[{"href":"https:\/\/inti.hr\/sr\/wp-json\/wp\/v2\/product"}],"about":[{"href":"https:\/\/inti.hr\/sr\/wp-json\/wp\/v2\/types\/product"}],"wp:featuredmedia":[{"embeddable":true,"href":"https:\/\/inti.hr\/sr\/wp-json\/wp\/v2\/media\/32292"}],"wp:attachment":[{"href":"https:\/\/inti.hr\/sr\/wp-json\/wp\/v2\/media?parent=32291"}],"wp:term":[{"taxonomy":"product_cat","embeddable":true,"href":"https:\/\/inti.hr\/sr\/wp-json\/wp\/v2\/product_cat?post=32291"},{"taxonomy":"product_tag","embeddable":true,"href":"https:\/\/inti.hr\/sr\/wp-json\/wp\/v2\/product_tag?post=32291"}],"curies":[{"name":"wp","href":"https:\/\/api.w.org\/{rel}","templated":true}]}}