{"id":32299,"date":"2024-06-18T07:29:36","date_gmt":"2024-06-18T06:29:36","guid":{"rendered":"https:\/\/inti.hr\/product\/djecji-regal-s-pretincima-63x28x80cm\/"},"modified":"2024-06-18T07:29:36","modified_gmt":"2024-06-18T06:29:36","slug":"djecji-regal-s-pretincima-63x28x80cm","status":"publish","type":"product","link":"https:\/\/inti.hr\/sr\/proizvod\/djecji-regal-s-pretincima-63x28x80cm\/","title":{"rendered":"Dje\u010dji regal s pretincima 63x28x80cm"},"content":{"rendered":"<p>Detalji o proizvodu:<br \/>\nMaterijal: MDF, papirna folija.<br \/>\nDimenzije proizvoda: 63x28x80 cm (vidi sliku);<br \/>\nTe\u017eina: cca: 12 kg; Nosivost: do 50 kg;<br \/>\nDimenzije i te\u017eina paketa: 82,50*68,00*12,00cm, 17,2 kg<br \/>\nS uputama za monta\u017eu i vijcima, jednostavna monta\u017ea<br \/>\nOvaj proizvod je razvijen i ispitan za ku\u0107nu upotrebu.<\/p>\n","protected":false},"excerpt":{"rendered":"<p>Bilo da tra\u017eite prikladno mjesto za stado pli\u0161anih \u017eivotinja, \u017eelite uvesti &#8230; <\/p>\n","protected":false},"featured_media":32300,"template":"","meta":[],"product_cat":[2411],"product_tag":[2413,3301],"yoast_head":"<!-- This site is optimized with the Yoast SEO plugin v23.7 - https:\/\/yoast.com\/wordpress\/plugins\/seo\/ -->\n<title>Dje\u010dji regal s pretincima 63x28x80cm - Inti<\/title>\n<meta name=\"description\" content=\"Bilo da tra\u017eite prikladno mjesto za stado pli\u0161anih \u017eivotinja, \u017eelite uvesti poseban odjeljak za Lego kockice ili \u017eelite svom djetetu omogu\u0107iti samostalan pristup omiljenim slikovnicama - ovu policu za knjige vrijedi razmotriti zbog svoje svestranosti.Dje\u010dja polica za knjige savr\u0161ena je za izlaganje omiljenih mekanih igra\u010daka, knjiga ili Lego konstrukcija.Uz visinu od 80 cm, knjige se mogu lako sortirati i izvaditi, tako da nije potrebna pomo\u0107 odraslih.Tri netkane ko\u0161are mogu se potpuno izvu\u0107i i polo\u017eiti na pod ili \u010dak ozna\u010diti tako da va\u0161e dijete uvijek mo\u017ee lako sortirati svoje igra\u010dke.\" \/>\n<meta name=\"robots\" content=\"index, follow, max-snippet:-1, max-image-preview:large, max-video-preview:-1\" \/>\n<link rel=\"canonical\" href=\"https:\/\/inti.hr\/sr\/proizvod\/djecji-regal-s-pretincima-63x28x80cm\/\" \/>\n<meta property=\"og:locale\" content=\"sr_RS\" \/>\n<meta property=\"og:type\" content=\"article\" \/>\n<meta property=\"og:title\" content=\"Dje\u010dji regal s pretincima 63x28x80cm - Inti\" \/>\n<meta property=\"og:description\" content=\"Bilo da tra\u017eite prikladno mjesto za stado pli\u0161anih \u017eivotinja, \u017eelite uvesti poseban odjeljak za Lego kockice ili \u017eelite svom djetetu omogu\u0107iti samostalan pristup omiljenim slikovnicama - ovu policu za knjige vrijedi razmotriti zbog svoje svestranosti.Dje\u010dja polica za knjige savr\u0161ena je za izlaganje omiljenih mekanih igra\u010daka, knjiga ili Lego konstrukcija.Uz visinu od 80 cm, knjige se mogu lako sortirati i izvaditi, tako da nije potrebna pomo\u0107 odraslih.Tri netkane ko\u0161are mogu se potpuno izvu\u0107i i polo\u017eiti na pod ili \u010dak ozna\u010diti tako da va\u0161e dijete uvijek mo\u017ee lako sortirati svoje igra\u010dke.\" \/>\n<meta property=\"og:url\" content=\"https:\/\/inti.hr\/sr\/proizvod\/djecji-regal-s-pretincima-63x28x80cm\/\" \/>\n<meta property=\"og:site_name\" content=\"Inti\" \/>\n<meta property=\"og:image\" content=\"https:\/\/i0.wp.com\/inti.hr\/wp-content\/uploads\/2024\/06\/KMB34-F-Y001_670x.webp?fit=670%2C670&ssl=1\" \/>\n\t<meta property=\"og:image:width\" content=\"670\" \/>\n\t<meta property=\"og:image:height\" content=\"670\" \/>\n\t<meta property=\"og:image:type\" content=\"image\/webp\" \/>\n<meta name=\"twitter:card\" content=\"summary_large_image\" \/>\n<script type=\"application\/ld+json\" class=\"yoast-schema-graph\">{\"@context\":\"https:\/\/schema.org\",\"@graph\":[{\"@type\":\"WebPage\",\"@id\":\"https:\/\/inti.hr\/sr\/proizvod\/djecji-regal-s-pretincima-63x28x80cm\/\",\"url\":\"https:\/\/inti.hr\/sr\/proizvod\/djecji-regal-s-pretincima-63x28x80cm\/\",\"name\":\"Dje\u010dji regal s pretincima 63x28x80cm - Inti\",\"isPartOf\":{\"@id\":\"https:\/\/inti.hr\/sr\/#website\"},\"primaryImageOfPage\":{\"@id\":\"https:\/\/inti.hr\/sr\/proizvod\/djecji-regal-s-pretincima-63x28x80cm\/#primaryimage\"},\"image\":{\"@id\":\"https:\/\/inti.hr\/sr\/proizvod\/djecji-regal-s-pretincima-63x28x80cm\/#primaryimage\"},\"thumbnailUrl\":\"https:\/\/i0.wp.com\/inti.hr\/wp-content\/uploads\/2024\/06\/KMB34-F-Y001_670x.webp?fit=670%2C670&ssl=1\",\"datePublished\":\"2024-06-18T06:29:36+00:00\",\"dateModified\":\"2024-06-18T06:29:36+00:00\",\"description\":\"Bilo da tra\u017eite prikladno mjesto za stado pli\u0161anih \u017eivotinja, \u017eelite uvesti poseban odjeljak za Lego kockice ili \u017eelite svom djetetu omogu\u0107iti samostalan pristup omiljenim slikovnicama - ovu policu za knjige vrijedi razmotriti zbog svoje svestranosti.Dje\u010dja polica za knjige savr\u0161ena je za izlaganje omiljenih mekanih igra\u010daka, knjiga ili Lego konstrukcija.Uz visinu od 80 cm, knjige se mogu lako sortirati i izvaditi, tako da nije potrebna pomo\u0107 odraslih.Tri netkane ko\u0161are mogu se potpuno izvu\u0107i i polo\u017eiti na pod ili \u010dak ozna\u010diti tako da va\u0161e dijete uvijek mo\u017ee lako sortirati svoje igra\u010dke.\",\"breadcrumb\":{\"@id\":\"https:\/\/inti.hr\/sr\/proizvod\/djecji-regal-s-pretincima-63x28x80cm\/#breadcrumb\"},\"inLanguage\":\"sr-RS\",\"potentialAction\":[{\"@type\":\"ReadAction\",\"target\":[\"https:\/\/inti.hr\/sr\/proizvod\/djecji-regal-s-pretincima-63x28x80cm\/\"]}]},{\"@type\":\"ImageObject\",\"inLanguage\":\"sr-RS\",\"@id\":\"https:\/\/inti.hr\/sr\/proizvod\/djecji-regal-s-pretincima-63x28x80cm\/#primaryimage\",\"url\":\"https:\/\/i0.wp.com\/inti.hr\/wp-content\/uploads\/2024\/06\/KMB34-F-Y001_670x.webp?fit=670%2C670&ssl=1\",\"contentUrl\":\"https:\/\/i0.wp.com\/inti.hr\/wp-content\/uploads\/2024\/06\/KMB34-F-Y001_670x.webp?fit=670%2C670&ssl=1\",\"width\":670,\"height\":670,\"caption\":\"Dje\u010dji regal s pretincima 63x28x80cm\"},{\"@type\":\"BreadcrumbList\",\"@id\":\"https:\/\/inti.hr\/sr\/proizvod\/djecji-regal-s-pretincima-63x28x80cm\/#breadcrumb\",\"itemListElement\":[{\"@type\":\"ListItem\",\"position\":1,\"name\":\"Po\u010detna stranica\",\"item\":\"https:\/\/inti.hr\/sr\/\"},{\"@type\":\"ListItem\",\"position\":2,\"name\":\"Prodavnica\",\"item\":\"https:\/\/inti.hr\/sr\/prodavnica\/\"},{\"@type\":\"ListItem\",\"position\":3,\"name\":\"Dje\u010dji regal s pretincima 63x28x80cm\"}]},{\"@type\":\"WebSite\",\"@id\":\"https:\/\/inti.hr\/sr\/#website\",\"url\":\"https:\/\/inti.hr\/sr\/\",\"name\":\"Inti\",\"description\":\"trgovina\",\"potentialAction\":[{\"@type\":\"SearchAction\",\"target\":{\"@type\":\"EntryPoint\",\"urlTemplate\":\"https:\/\/inti.hr\/sr\/?s={search_term_string}\"},\"query-input\":{\"@type\":\"PropertyValueSpecification\",\"valueRequired\":true,\"valueName\":\"search_term_string\"}}],\"inLanguage\":\"sr-RS\"}]}<\/script>\n<!-- \/ Yoast SEO plugin. -->","yoast_head_json":{"title":"Dje\u010dji regal s pretincima 63x28x80cm - Inti","description":"Bilo da tra\u017eite prikladno mjesto za stado pli\u0161anih \u017eivotinja, \u017eelite uvesti poseban odjeljak za Lego kockice ili \u017eelite svom djetetu omogu\u0107iti samostalan pristup omiljenim slikovnicama - ovu policu za knjige vrijedi razmotriti zbog svoje svestranosti.Dje\u010dja polica za knjige savr\u0161ena je za izlaganje omiljenih mekanih igra\u010daka, knjiga ili Lego konstrukcija.Uz visinu od 80 cm, knjige se mogu lako sortirati i izvaditi, tako da nije potrebna pomo\u0107 odraslih.Tri netkane ko\u0161are mogu se potpuno izvu\u0107i i polo\u017eiti na pod ili \u010dak ozna\u010diti tako da va\u0161e dijete uvijek mo\u017ee lako sortirati svoje igra\u010dke.","robots":{"index":"index","follow":"follow","max-snippet":"max-snippet:-1","max-image-preview":"max-image-preview:large","max-video-preview":"max-video-preview:-1"},"canonical":"https:\/\/inti.hr\/sr\/proizvod\/djecji-regal-s-pretincima-63x28x80cm\/","og_locale":"sr_RS","og_type":"article","og_title":"Dje\u010dji regal s pretincima 63x28x80cm - Inti","og_description":"Bilo da tra\u017eite prikladno mjesto za stado pli\u0161anih \u017eivotinja, \u017eelite uvesti poseban odjeljak za Lego kockice ili \u017eelite svom djetetu omogu\u0107iti samostalan pristup omiljenim slikovnicama - ovu policu za knjige vrijedi razmotriti zbog svoje svestranosti.Dje\u010dja polica za knjige savr\u0161ena je za izlaganje omiljenih mekanih igra\u010daka, knjiga ili Lego konstrukcija.Uz visinu od 80 cm, knjige se mogu lako sortirati i izvaditi, tako da nije potrebna pomo\u0107 odraslih.Tri netkane ko\u0161are mogu se potpuno izvu\u0107i i polo\u017eiti na pod ili \u010dak ozna\u010diti tako da va\u0161e dijete uvijek mo\u017ee lako sortirati svoje igra\u010dke.","og_url":"https:\/\/inti.hr\/sr\/proizvod\/djecji-regal-s-pretincima-63x28x80cm\/","og_site_name":"Inti","og_image":[{"width":670,"height":670,"url":"https:\/\/i0.wp.com\/inti.hr\/wp-content\/uploads\/2024\/06\/KMB34-F-Y001_670x.webp?fit=670%2C670&ssl=1","type":"image\/webp"}],"twitter_card":"summary_large_image","schema":{"@context":"https:\/\/schema.org","@graph":[{"@type":"WebPage","@id":"https:\/\/inti.hr\/sr\/proizvod\/djecji-regal-s-pretincima-63x28x80cm\/","url":"https:\/\/inti.hr\/sr\/proizvod\/djecji-regal-s-pretincima-63x28x80cm\/","name":"Dje\u010dji regal s pretincima 63x28x80cm - Inti","isPartOf":{"@id":"https:\/\/inti.hr\/sr\/#website"},"primaryImageOfPage":{"@id":"https:\/\/inti.hr\/sr\/proizvod\/djecji-regal-s-pretincima-63x28x80cm\/#primaryimage"},"image":{"@id":"https:\/\/inti.hr\/sr\/proizvod\/djecji-regal-s-pretincima-63x28x80cm\/#primaryimage"},"thumbnailUrl":"https:\/\/i0.wp.com\/inti.hr\/wp-content\/uploads\/2024\/06\/KMB34-F-Y001_670x.webp?fit=670%2C670&ssl=1","datePublished":"2024-06-18T06:29:36+00:00","dateModified":"2024-06-18T06:29:36+00:00","description":"Bilo da tra\u017eite prikladno mjesto za stado pli\u0161anih \u017eivotinja, \u017eelite uvesti poseban odjeljak za Lego kockice ili \u017eelite svom djetetu omogu\u0107iti samostalan pristup omiljenim slikovnicama - ovu policu za knjige vrijedi razmotriti zbog svoje svestranosti.Dje\u010dja polica za knjige savr\u0161ena je za izlaganje omiljenih mekanih igra\u010daka, knjiga ili Lego konstrukcija.Uz visinu od 80 cm, knjige se mogu lako sortirati i izvaditi, tako da nije potrebna pomo\u0107 odraslih.Tri netkane ko\u0161are mogu se potpuno izvu\u0107i i polo\u017eiti na pod ili \u010dak ozna\u010diti tako da va\u0161e dijete uvijek mo\u017ee lako sortirati svoje igra\u010dke.","breadcrumb":{"@id":"https:\/\/inti.hr\/sr\/proizvod\/djecji-regal-s-pretincima-63x28x80cm\/#breadcrumb"},"inLanguage":"sr-RS","potentialAction":[{"@type":"ReadAction","target":["https:\/\/inti.hr\/sr\/proizvod\/djecji-regal-s-pretincima-63x28x80cm\/"]}]},{"@type":"ImageObject","inLanguage":"sr-RS","@id":"https:\/\/inti.hr\/sr\/proizvod\/djecji-regal-s-pretincima-63x28x80cm\/#primaryimage","url":"https:\/\/i0.wp.com\/inti.hr\/wp-content\/uploads\/2024\/06\/KMB34-F-Y001_670x.webp?fit=670%2C670&ssl=1","contentUrl":"https:\/\/i0.wp.com\/inti.hr\/wp-content\/uploads\/2024\/06\/KMB34-F-Y001_670x.webp?fit=670%2C670&ssl=1","width":670,"height":670,"caption":"Dje\u010dji regal s pretincima 63x28x80cm"},{"@type":"BreadcrumbList","@id":"https:\/\/inti.hr\/sr\/proizvod\/djecji-regal-s-pretincima-63x28x80cm\/#breadcrumb","itemListElement":[{"@type":"ListItem","position":1,"name":"Po\u010detna stranica","item":"https:\/\/inti.hr\/sr\/"},{"@type":"ListItem","position":2,"name":"Prodavnica","item":"https:\/\/inti.hr\/sr\/prodavnica\/"},{"@type":"ListItem","position":3,"name":"Dje\u010dji regal s pretincima 63x28x80cm"}]},{"@type":"WebSite","@id":"https:\/\/inti.hr\/sr\/#website","url":"https:\/\/inti.hr\/sr\/","name":"Inti","description":"trgovina","potentialAction":[{"@type":"SearchAction","target":{"@type":"EntryPoint","urlTemplate":"https:\/\/inti.hr\/sr\/?s={search_term_string}"},"query-input":{"@type":"PropertyValueSpecification","valueRequired":true,"valueName":"search_term_string"}}],"inLanguage":"sr-RS"}]}},"jetpack_sharing_enabled":true,"jetpack-related-posts":[],"_links":{"self":[{"href":"https:\/\/inti.hr\/sr\/wp-json\/wp\/v2\/product\/32299"}],"collection":[{"href":"https:\/\/inti.hr\/sr\/wp-json\/wp\/v2\/product"}],"about":[{"href":"https:\/\/inti.hr\/sr\/wp-json\/wp\/v2\/types\/product"}],"wp:featuredmedia":[{"embeddable":true,"href":"https:\/\/inti.hr\/sr\/wp-json\/wp\/v2\/media\/32300"}],"wp:attachment":[{"href":"https:\/\/inti.hr\/sr\/wp-json\/wp\/v2\/media?parent=32299"}],"wp:term":[{"taxonomy":"product_cat","embeddable":true,"href":"https:\/\/inti.hr\/sr\/wp-json\/wp\/v2\/product_cat?post=32299"},{"taxonomy":"product_tag","embeddable":true,"href":"https:\/\/inti.hr\/sr\/wp-json\/wp\/v2\/product_tag?post=32299"}],"curies":[{"name":"wp","href":"https:\/\/api.w.org\/{rel}","templated":true}]}}