{"id":32307,"date":"2024-06-14T08:41:37","date_gmt":"2024-06-14T07:41:37","guid":{"rendered":"https:\/\/inti.hr\/product\/visoki-ormaric-s-kosarom-za-rublje-60x37x171cm\/"},"modified":"2024-06-14T08:41:37","modified_gmt":"2024-06-14T07:41:37","slug":"visoki-ormaric-s-kosarom-za-rublje-60x37x171cm","status":"publish","type":"product","link":"https:\/\/inti.hr\/sr\/proizvod\/visoki-ormaric-s-kosarom-za-rublje-60x37x171cm\/","title":{"rendered":"Visoki ormari\u0107 s ko\u0161arom za rublje 60x37x171cm"},"content":{"rendered":"<p><b>Detalji o proizvodu:<\/b><\/p>\n<ul>\n<li>Te\u017eina: cca: 40 kg<\/li>\n<li>Testirano za: 70 kg.<\/li>\n<li>Materijal: Drvena vlakna.<\/li>\n<li>Mjere proizvoda: 60x37x171cm (vidi sliku)<\/li>\n<li>Dimenzije paketa A: 96x43x15cm<\/li>\n<li>Mjere paketa B: 71x44x18 cm<\/li>\n<li>Uklju\u010deni su gumbi razli\u010ditih boja: crna \/ srebrna.<\/li>\n<li>S uputama za sastavljanje i vijcima. Jednostavna instalacija.<\/li>\n<\/ul>\n","protected":false},"excerpt":{"rendered":"<p>S visokim kupaonskim namje\u0161tajem sa \u0161est otvorenih polica.<\/p>\n<p>Unutra, ovaj ormari\u0107 nudi &#8230; <\/p>\n","protected":false},"featured_media":32308,"template":"","meta":[],"product_cat":[2396],"product_tag":[2522,2523],"yoast_head":"<!-- This site is optimized with the Yoast SEO plugin v23.7 - https:\/\/yoast.com\/wordpress\/plugins\/seo\/ -->\n<title>Visoki ormari\u0107 s ko\u0161arom za rublje 60x37x171cm - Inti<\/title>\n<meta name=\"description\" content=\"S visokim kupaonskim namje\u0161tajem sa \u0161est otvorenih polica.Unutra, ovaj ormari\u0107 nudi dovoljno prostora za pohranjivanje pra\u0161ka za pranje rublja, deterd\u017eenata, pribora i ostalih kupaonskih potrep\u0161tina.Sastoji se od dvije velike ladice, zatvorenog pretinca s vratima.Vre\u0107ica za rublje se mo\u017ee skinuti.\" \/>\n<meta name=\"robots\" content=\"index, follow, max-snippet:-1, max-image-preview:large, max-video-preview:-1\" \/>\n<link rel=\"canonical\" href=\"https:\/\/inti.hr\/sr\/proizvod\/visoki-ormaric-s-kosarom-za-rublje-60x37x171cm\/\" \/>\n<meta property=\"og:locale\" content=\"sr_RS\" \/>\n<meta property=\"og:type\" content=\"article\" \/>\n<meta property=\"og:title\" content=\"Visoki ormari\u0107 s ko\u0161arom za rublje 60x37x171cm - Inti\" \/>\n<meta property=\"og:description\" content=\"S visokim kupaonskim namje\u0161tajem sa \u0161est otvorenih polica.Unutra, ovaj ormari\u0107 nudi dovoljno prostora za pohranjivanje pra\u0161ka za pranje rublja, deterd\u017eenata, pribora i ostalih kupaonskih potrep\u0161tina.Sastoji se od dvije velike ladice, zatvorenog pretinca s vratima.Vre\u0107ica za rublje se mo\u017ee skinuti.\" \/>\n<meta property=\"og:url\" content=\"https:\/\/inti.hr\/sr\/proizvod\/visoki-ormaric-s-kosarom-za-rublje-60x37x171cm\/\" \/>\n<meta property=\"og:site_name\" content=\"Inti\" \/>\n<meta property=\"og:image\" content=\"https:\/\/i0.wp.com\/inti.hr\/wp-content\/uploads\/2024\/06\/BZR104-DG-A-S001_1800x1800.webp?fit=1600%2C1600&ssl=1\" \/>\n\t<meta property=\"og:image:width\" content=\"1600\" \/>\n\t<meta property=\"og:image:height\" content=\"1600\" \/>\n\t<meta property=\"og:image:type\" content=\"image\/webp\" \/>\n<meta name=\"twitter:card\" content=\"summary_large_image\" \/>\n<script type=\"application\/ld+json\" class=\"yoast-schema-graph\">{\"@context\":\"https:\/\/schema.org\",\"@graph\":[{\"@type\":\"WebPage\",\"@id\":\"https:\/\/inti.hr\/sr\/proizvod\/visoki-ormaric-s-kosarom-za-rublje-60x37x171cm\/\",\"url\":\"https:\/\/inti.hr\/sr\/proizvod\/visoki-ormaric-s-kosarom-za-rublje-60x37x171cm\/\",\"name\":\"Visoki ormari\u0107 s ko\u0161arom za rublje 60x37x171cm - Inti\",\"isPartOf\":{\"@id\":\"https:\/\/inti.hr\/sr\/#website\"},\"primaryImageOfPage\":{\"@id\":\"https:\/\/inti.hr\/sr\/proizvod\/visoki-ormaric-s-kosarom-za-rublje-60x37x171cm\/#primaryimage\"},\"image\":{\"@id\":\"https:\/\/inti.hr\/sr\/proizvod\/visoki-ormaric-s-kosarom-za-rublje-60x37x171cm\/#primaryimage\"},\"thumbnailUrl\":\"https:\/\/i0.wp.com\/inti.hr\/wp-content\/uploads\/2024\/06\/BZR104-DG-A-S001_1800x1800.webp?fit=1600%2C1600&ssl=1\",\"datePublished\":\"2024-06-14T07:41:37+00:00\",\"dateModified\":\"2024-06-14T07:41:37+00:00\",\"description\":\"S visokim kupaonskim namje\u0161tajem sa \u0161est otvorenih polica.Unutra, ovaj ormari\u0107 nudi dovoljno prostora za pohranjivanje pra\u0161ka za pranje rublja, deterd\u017eenata, pribora i ostalih kupaonskih potrep\u0161tina.Sastoji se od dvije velike ladice, zatvorenog pretinca s vratima.Vre\u0107ica za rublje se mo\u017ee skinuti.\",\"breadcrumb\":{\"@id\":\"https:\/\/inti.hr\/sr\/proizvod\/visoki-ormaric-s-kosarom-za-rublje-60x37x171cm\/#breadcrumb\"},\"inLanguage\":\"sr-RS\",\"potentialAction\":[{\"@type\":\"ReadAction\",\"target\":[\"https:\/\/inti.hr\/sr\/proizvod\/visoki-ormaric-s-kosarom-za-rublje-60x37x171cm\/\"]}]},{\"@type\":\"ImageObject\",\"inLanguage\":\"sr-RS\",\"@id\":\"https:\/\/inti.hr\/sr\/proizvod\/visoki-ormaric-s-kosarom-za-rublje-60x37x171cm\/#primaryimage\",\"url\":\"https:\/\/i0.wp.com\/inti.hr\/wp-content\/uploads\/2024\/06\/BZR104-DG-A-S001_1800x1800.webp?fit=1600%2C1600&ssl=1\",\"contentUrl\":\"https:\/\/i0.wp.com\/inti.hr\/wp-content\/uploads\/2024\/06\/BZR104-DG-A-S001_1800x1800.webp?fit=1600%2C1600&ssl=1\",\"width\":1600,\"height\":1600,\"caption\":\"Visoki ormari\u0107 s ko\u0161arom za rublje 60x37x171cm\"},{\"@type\":\"BreadcrumbList\",\"@id\":\"https:\/\/inti.hr\/sr\/proizvod\/visoki-ormaric-s-kosarom-za-rublje-60x37x171cm\/#breadcrumb\",\"itemListElement\":[{\"@type\":\"ListItem\",\"position\":1,\"name\":\"Po\u010detna stranica\",\"item\":\"https:\/\/inti.hr\/sr\/\"},{\"@type\":\"ListItem\",\"position\":2,\"name\":\"Prodavnica\",\"item\":\"https:\/\/inti.hr\/sr\/prodavnica\/\"},{\"@type\":\"ListItem\",\"position\":3,\"name\":\"Visoki ormari\u0107 s ko\u0161arom za rublje 60x37x171cm\"}]},{\"@type\":\"WebSite\",\"@id\":\"https:\/\/inti.hr\/sr\/#website\",\"url\":\"https:\/\/inti.hr\/sr\/\",\"name\":\"Inti\",\"description\":\"trgovina\",\"potentialAction\":[{\"@type\":\"SearchAction\",\"target\":{\"@type\":\"EntryPoint\",\"urlTemplate\":\"https:\/\/inti.hr\/sr\/?s={search_term_string}\"},\"query-input\":{\"@type\":\"PropertyValueSpecification\",\"valueRequired\":true,\"valueName\":\"search_term_string\"}}],\"inLanguage\":\"sr-RS\"}]}<\/script>\n<!-- \/ Yoast SEO plugin. -->","yoast_head_json":{"title":"Visoki ormari\u0107 s ko\u0161arom za rublje 60x37x171cm - Inti","description":"S visokim kupaonskim namje\u0161tajem sa \u0161est otvorenih polica.Unutra, ovaj ormari\u0107 nudi dovoljno prostora za pohranjivanje pra\u0161ka za pranje rublja, deterd\u017eenata, pribora i ostalih kupaonskih potrep\u0161tina.Sastoji se od dvije velike ladice, zatvorenog pretinca s vratima.Vre\u0107ica za rublje se mo\u017ee skinuti.","robots":{"index":"index","follow":"follow","max-snippet":"max-snippet:-1","max-image-preview":"max-image-preview:large","max-video-preview":"max-video-preview:-1"},"canonical":"https:\/\/inti.hr\/sr\/proizvod\/visoki-ormaric-s-kosarom-za-rublje-60x37x171cm\/","og_locale":"sr_RS","og_type":"article","og_title":"Visoki ormari\u0107 s ko\u0161arom za rublje 60x37x171cm - Inti","og_description":"S visokim kupaonskim namje\u0161tajem sa \u0161est otvorenih polica.Unutra, ovaj ormari\u0107 nudi dovoljno prostora za pohranjivanje pra\u0161ka za pranje rublja, deterd\u017eenata, pribora i ostalih kupaonskih potrep\u0161tina.Sastoji se od dvije velike ladice, zatvorenog pretinca s vratima.Vre\u0107ica za rublje se mo\u017ee skinuti.","og_url":"https:\/\/inti.hr\/sr\/proizvod\/visoki-ormaric-s-kosarom-za-rublje-60x37x171cm\/","og_site_name":"Inti","og_image":[{"width":1600,"height":1600,"url":"https:\/\/i0.wp.com\/inti.hr\/wp-content\/uploads\/2024\/06\/BZR104-DG-A-S001_1800x1800.webp?fit=1600%2C1600&ssl=1","type":"image\/webp"}],"twitter_card":"summary_large_image","schema":{"@context":"https:\/\/schema.org","@graph":[{"@type":"WebPage","@id":"https:\/\/inti.hr\/sr\/proizvod\/visoki-ormaric-s-kosarom-za-rublje-60x37x171cm\/","url":"https:\/\/inti.hr\/sr\/proizvod\/visoki-ormaric-s-kosarom-za-rublje-60x37x171cm\/","name":"Visoki ormari\u0107 s ko\u0161arom za rublje 60x37x171cm - Inti","isPartOf":{"@id":"https:\/\/inti.hr\/sr\/#website"},"primaryImageOfPage":{"@id":"https:\/\/inti.hr\/sr\/proizvod\/visoki-ormaric-s-kosarom-za-rublje-60x37x171cm\/#primaryimage"},"image":{"@id":"https:\/\/inti.hr\/sr\/proizvod\/visoki-ormaric-s-kosarom-za-rublje-60x37x171cm\/#primaryimage"},"thumbnailUrl":"https:\/\/i0.wp.com\/inti.hr\/wp-content\/uploads\/2024\/06\/BZR104-DG-A-S001_1800x1800.webp?fit=1600%2C1600&ssl=1","datePublished":"2024-06-14T07:41:37+00:00","dateModified":"2024-06-14T07:41:37+00:00","description":"S visokim kupaonskim namje\u0161tajem sa \u0161est otvorenih polica.Unutra, ovaj ormari\u0107 nudi dovoljno prostora za pohranjivanje pra\u0161ka za pranje rublja, deterd\u017eenata, pribora i ostalih kupaonskih potrep\u0161tina.Sastoji se od dvije velike ladice, zatvorenog pretinca s vratima.Vre\u0107ica za rublje se mo\u017ee skinuti.","breadcrumb":{"@id":"https:\/\/inti.hr\/sr\/proizvod\/visoki-ormaric-s-kosarom-za-rublje-60x37x171cm\/#breadcrumb"},"inLanguage":"sr-RS","potentialAction":[{"@type":"ReadAction","target":["https:\/\/inti.hr\/sr\/proizvod\/visoki-ormaric-s-kosarom-za-rublje-60x37x171cm\/"]}]},{"@type":"ImageObject","inLanguage":"sr-RS","@id":"https:\/\/inti.hr\/sr\/proizvod\/visoki-ormaric-s-kosarom-za-rublje-60x37x171cm\/#primaryimage","url":"https:\/\/i0.wp.com\/inti.hr\/wp-content\/uploads\/2024\/06\/BZR104-DG-A-S001_1800x1800.webp?fit=1600%2C1600&ssl=1","contentUrl":"https:\/\/i0.wp.com\/inti.hr\/wp-content\/uploads\/2024\/06\/BZR104-DG-A-S001_1800x1800.webp?fit=1600%2C1600&ssl=1","width":1600,"height":1600,"caption":"Visoki ormari\u0107 s ko\u0161arom za rublje 60x37x171cm"},{"@type":"BreadcrumbList","@id":"https:\/\/inti.hr\/sr\/proizvod\/visoki-ormaric-s-kosarom-za-rublje-60x37x171cm\/#breadcrumb","itemListElement":[{"@type":"ListItem","position":1,"name":"Po\u010detna stranica","item":"https:\/\/inti.hr\/sr\/"},{"@type":"ListItem","position":2,"name":"Prodavnica","item":"https:\/\/inti.hr\/sr\/prodavnica\/"},{"@type":"ListItem","position":3,"name":"Visoki ormari\u0107 s ko\u0161arom za rublje 60x37x171cm"}]},{"@type":"WebSite","@id":"https:\/\/inti.hr\/sr\/#website","url":"https:\/\/inti.hr\/sr\/","name":"Inti","description":"trgovina","potentialAction":[{"@type":"SearchAction","target":{"@type":"EntryPoint","urlTemplate":"https:\/\/inti.hr\/sr\/?s={search_term_string}"},"query-input":{"@type":"PropertyValueSpecification","valueRequired":true,"valueName":"search_term_string"}}],"inLanguage":"sr-RS"}]}},"jetpack_sharing_enabled":true,"jetpack-related-posts":[],"_links":{"self":[{"href":"https:\/\/inti.hr\/sr\/wp-json\/wp\/v2\/product\/32307"}],"collection":[{"href":"https:\/\/inti.hr\/sr\/wp-json\/wp\/v2\/product"}],"about":[{"href":"https:\/\/inti.hr\/sr\/wp-json\/wp\/v2\/types\/product"}],"wp:featuredmedia":[{"embeddable":true,"href":"https:\/\/inti.hr\/sr\/wp-json\/wp\/v2\/media\/32308"}],"wp:attachment":[{"href":"https:\/\/inti.hr\/sr\/wp-json\/wp\/v2\/media?parent=32307"}],"wp:term":[{"taxonomy":"product_cat","embeddable":true,"href":"https:\/\/inti.hr\/sr\/wp-json\/wp\/v2\/product_cat?post=32307"},{"taxonomy":"product_tag","embeddable":true,"href":"https:\/\/inti.hr\/sr\/wp-json\/wp\/v2\/product_tag?post=32307"}],"curies":[{"name":"wp","href":"https:\/\/api.w.org\/{rel}","templated":true}]}}