{"id":32315,"date":"2024-06-14T08:22:25","date_gmt":"2024-06-14T07:22:25","guid":{"rendered":"https:\/\/inti.hr\/product\/djecji-regal-89x35x88cm\/"},"modified":"2024-06-14T08:22:25","modified_gmt":"2024-06-14T07:22:25","slug":"djecji-regal-89x35x88cm","status":"publish","type":"product","link":"https:\/\/inti.hr\/sr\/proizvod\/djecji-regal-89x35x88cm\/","title":{"rendered":"Dje\u010dji regal 89x35x88cm"},"content":{"rendered":"<p>Detalji o proizvodu:<br \/>\nMaterijal: MDF, papirna folija.<br \/>\nTe\u017eina: 21,7 kg. Nosivost do 50kg.<br \/>\nDimenzije i te\u017eina paketa: 97,00*42,00*17,00cm, 25kg.<br \/>\nDimenzije proizvoda: L89*D35*H88cm (vidi sliku).<br \/>\nS uputama za monta\u017eu i vijcima, jednostavna monta\u017ea<br \/>\nSigurnost i sukladnost: Ovaj je proizvod razvijen i ispitan za ku\u0107nu upotrebu.<\/p>\n","protected":false},"excerpt":{"rendered":"<p>Dje\u010dja polica za knjige savr\u0161ena je za izlaganje omiljenih mekanih igra\u010daka, &#8230; <\/p>\n","protected":false},"featured_media":32316,"template":"","meta":[],"product_cat":[2411],"product_tag":[2413,3301],"yoast_head":"<!-- This site is optimized with the Yoast SEO plugin v23.7 - https:\/\/yoast.com\/wordpress\/plugins\/seo\/ -->\n<title>Dje\u010dji regal 89x35x88cm - Inti<\/title>\n<meta name=\"description\" content=\"Dje\u010dja polica za knjige savr\u0161ena je za izlaganje omiljenih mekanih igra\u010daka, knjiga ili Lego konstrukcija.To \u0107e pomo\u0107i va\u0161em djetetu da razvije naviku odr\u017eavanja ku\u0107e urednom i \u010distom.S visinom od 88 cm, ova polica za knjige mo\u017ee se lako sortirati i ukloniti.Prakti\u010dno rje\u0161enje koje \u0161tedi prostor i omogu\u0107uje izlaganje knjiga s lijeve strane te vam nudi 2 ladice s desne strane u koje mo\u017eete organizirati igra\u010dke, igre i druge knjige. Dvije netkane ko\u0161are mogu se potpuno izvu\u0107i i polo\u017eiti na pod ili \u010dak ozna\u010diti tako da va\u0161e dijete uvijek mo\u017ee lako sortirati svoje igra\u010dke.\" \/>\n<meta name=\"robots\" content=\"index, follow, max-snippet:-1, max-image-preview:large, max-video-preview:-1\" \/>\n<link rel=\"canonical\" href=\"https:\/\/inti.hr\/sr\/proizvod\/djecji-regal-89x35x88cm\/\" \/>\n<meta property=\"og:locale\" content=\"sr_RS\" \/>\n<meta property=\"og:type\" content=\"article\" \/>\n<meta property=\"og:title\" content=\"Dje\u010dji regal 89x35x88cm - Inti\" \/>\n<meta property=\"og:description\" content=\"Dje\u010dja polica za knjige savr\u0161ena je za izlaganje omiljenih mekanih igra\u010daka, knjiga ili Lego konstrukcija.To \u0107e pomo\u0107i va\u0161em djetetu da razvije naviku odr\u017eavanja ku\u0107e urednom i \u010distom.S visinom od 88 cm, ova polica za knjige mo\u017ee se lako sortirati i ukloniti.Prakti\u010dno rje\u0161enje koje \u0161tedi prostor i omogu\u0107uje izlaganje knjiga s lijeve strane te vam nudi 2 ladice s desne strane u koje mo\u017eete organizirati igra\u010dke, igre i druge knjige. Dvije netkane ko\u0161are mogu se potpuno izvu\u0107i i polo\u017eiti na pod ili \u010dak ozna\u010diti tako da va\u0161e dijete uvijek mo\u017ee lako sortirati svoje igra\u010dke.\" \/>\n<meta property=\"og:url\" content=\"https:\/\/inti.hr\/sr\/proizvod\/djecji-regal-89x35x88cm\/\" \/>\n<meta property=\"og:site_name\" content=\"Inti\" \/>\n<meta property=\"og:image\" content=\"https:\/\/i0.wp.com\/inti.hr\/wp-content\/uploads\/2024\/06\/KMB37-F-Y001_670x.webp?fit=670%2C670&ssl=1\" \/>\n\t<meta property=\"og:image:width\" content=\"670\" \/>\n\t<meta property=\"og:image:height\" content=\"670\" \/>\n\t<meta property=\"og:image:type\" content=\"image\/webp\" \/>\n<meta name=\"twitter:card\" content=\"summary_large_image\" \/>\n<script type=\"application\/ld+json\" class=\"yoast-schema-graph\">{\"@context\":\"https:\/\/schema.org\",\"@graph\":[{\"@type\":\"WebPage\",\"@id\":\"https:\/\/inti.hr\/sr\/proizvod\/djecji-regal-89x35x88cm\/\",\"url\":\"https:\/\/inti.hr\/sr\/proizvod\/djecji-regal-89x35x88cm\/\",\"name\":\"Dje\u010dji regal 89x35x88cm - Inti\",\"isPartOf\":{\"@id\":\"https:\/\/inti.hr\/sr\/#website\"},\"primaryImageOfPage\":{\"@id\":\"https:\/\/inti.hr\/sr\/proizvod\/djecji-regal-89x35x88cm\/#primaryimage\"},\"image\":{\"@id\":\"https:\/\/inti.hr\/sr\/proizvod\/djecji-regal-89x35x88cm\/#primaryimage\"},\"thumbnailUrl\":\"https:\/\/i0.wp.com\/inti.hr\/wp-content\/uploads\/2024\/06\/KMB37-F-Y001_670x.webp?fit=670%2C670&ssl=1\",\"datePublished\":\"2024-06-14T07:22:25+00:00\",\"dateModified\":\"2024-06-14T07:22:25+00:00\",\"description\":\"Dje\u010dja polica za knjige savr\u0161ena je za izlaganje omiljenih mekanih igra\u010daka, knjiga ili Lego konstrukcija.To \u0107e pomo\u0107i va\u0161em djetetu da razvije naviku odr\u017eavanja ku\u0107e urednom i \u010distom.S visinom od 88 cm, ova polica za knjige mo\u017ee se lako sortirati i ukloniti.Prakti\u010dno rje\u0161enje koje \u0161tedi prostor i omogu\u0107uje izlaganje knjiga s lijeve strane te vam nudi 2 ladice s desne strane u koje mo\u017eete organizirati igra\u010dke, igre i druge knjige. Dvije netkane ko\u0161are mogu se potpuno izvu\u0107i i polo\u017eiti na pod ili \u010dak ozna\u010diti tako da va\u0161e dijete uvijek mo\u017ee lako sortirati svoje igra\u010dke.\",\"breadcrumb\":{\"@id\":\"https:\/\/inti.hr\/sr\/proizvod\/djecji-regal-89x35x88cm\/#breadcrumb\"},\"inLanguage\":\"sr-RS\",\"potentialAction\":[{\"@type\":\"ReadAction\",\"target\":[\"https:\/\/inti.hr\/sr\/proizvod\/djecji-regal-89x35x88cm\/\"]}]},{\"@type\":\"ImageObject\",\"inLanguage\":\"sr-RS\",\"@id\":\"https:\/\/inti.hr\/sr\/proizvod\/djecji-regal-89x35x88cm\/#primaryimage\",\"url\":\"https:\/\/i0.wp.com\/inti.hr\/wp-content\/uploads\/2024\/06\/KMB37-F-Y001_670x.webp?fit=670%2C670&ssl=1\",\"contentUrl\":\"https:\/\/i0.wp.com\/inti.hr\/wp-content\/uploads\/2024\/06\/KMB37-F-Y001_670x.webp?fit=670%2C670&ssl=1\",\"width\":670,\"height\":670,\"caption\":\"Dje\u010dji regal 89x35x88cm\"},{\"@type\":\"BreadcrumbList\",\"@id\":\"https:\/\/inti.hr\/sr\/proizvod\/djecji-regal-89x35x88cm\/#breadcrumb\",\"itemListElement\":[{\"@type\":\"ListItem\",\"position\":1,\"name\":\"Po\u010detna stranica\",\"item\":\"https:\/\/inti.hr\/sr\/\"},{\"@type\":\"ListItem\",\"position\":2,\"name\":\"Prodavnica\",\"item\":\"https:\/\/inti.hr\/sr\/prodavnica\/\"},{\"@type\":\"ListItem\",\"position\":3,\"name\":\"Dje\u010dji regal 89x35x88cm\"}]},{\"@type\":\"WebSite\",\"@id\":\"https:\/\/inti.hr\/sr\/#website\",\"url\":\"https:\/\/inti.hr\/sr\/\",\"name\":\"Inti\",\"description\":\"trgovina\",\"potentialAction\":[{\"@type\":\"SearchAction\",\"target\":{\"@type\":\"EntryPoint\",\"urlTemplate\":\"https:\/\/inti.hr\/sr\/?s={search_term_string}\"},\"query-input\":{\"@type\":\"PropertyValueSpecification\",\"valueRequired\":true,\"valueName\":\"search_term_string\"}}],\"inLanguage\":\"sr-RS\"}]}<\/script>\n<!-- \/ Yoast SEO plugin. -->","yoast_head_json":{"title":"Dje\u010dji regal 89x35x88cm - Inti","description":"Dje\u010dja polica za knjige savr\u0161ena je za izlaganje omiljenih mekanih igra\u010daka, knjiga ili Lego konstrukcija.To \u0107e pomo\u0107i va\u0161em djetetu da razvije naviku odr\u017eavanja ku\u0107e urednom i \u010distom.S visinom od 88 cm, ova polica za knjige mo\u017ee se lako sortirati i ukloniti.Prakti\u010dno rje\u0161enje koje \u0161tedi prostor i omogu\u0107uje izlaganje knjiga s lijeve strane te vam nudi 2 ladice s desne strane u koje mo\u017eete organizirati igra\u010dke, igre i druge knjige. Dvije netkane ko\u0161are mogu se potpuno izvu\u0107i i polo\u017eiti na pod ili \u010dak ozna\u010diti tako da va\u0161e dijete uvijek mo\u017ee lako sortirati svoje igra\u010dke.","robots":{"index":"index","follow":"follow","max-snippet":"max-snippet:-1","max-image-preview":"max-image-preview:large","max-video-preview":"max-video-preview:-1"},"canonical":"https:\/\/inti.hr\/sr\/proizvod\/djecji-regal-89x35x88cm\/","og_locale":"sr_RS","og_type":"article","og_title":"Dje\u010dji regal 89x35x88cm - Inti","og_description":"Dje\u010dja polica za knjige savr\u0161ena je za izlaganje omiljenih mekanih igra\u010daka, knjiga ili Lego konstrukcija.To \u0107e pomo\u0107i va\u0161em djetetu da razvije naviku odr\u017eavanja ku\u0107e urednom i \u010distom.S visinom od 88 cm, ova polica za knjige mo\u017ee se lako sortirati i ukloniti.Prakti\u010dno rje\u0161enje koje \u0161tedi prostor i omogu\u0107uje izlaganje knjiga s lijeve strane te vam nudi 2 ladice s desne strane u koje mo\u017eete organizirati igra\u010dke, igre i druge knjige. Dvije netkane ko\u0161are mogu se potpuno izvu\u0107i i polo\u017eiti na pod ili \u010dak ozna\u010diti tako da va\u0161e dijete uvijek mo\u017ee lako sortirati svoje igra\u010dke.","og_url":"https:\/\/inti.hr\/sr\/proizvod\/djecji-regal-89x35x88cm\/","og_site_name":"Inti","og_image":[{"width":670,"height":670,"url":"https:\/\/i0.wp.com\/inti.hr\/wp-content\/uploads\/2024\/06\/KMB37-F-Y001_670x.webp?fit=670%2C670&ssl=1","type":"image\/webp"}],"twitter_card":"summary_large_image","schema":{"@context":"https:\/\/schema.org","@graph":[{"@type":"WebPage","@id":"https:\/\/inti.hr\/sr\/proizvod\/djecji-regal-89x35x88cm\/","url":"https:\/\/inti.hr\/sr\/proizvod\/djecji-regal-89x35x88cm\/","name":"Dje\u010dji regal 89x35x88cm - Inti","isPartOf":{"@id":"https:\/\/inti.hr\/sr\/#website"},"primaryImageOfPage":{"@id":"https:\/\/inti.hr\/sr\/proizvod\/djecji-regal-89x35x88cm\/#primaryimage"},"image":{"@id":"https:\/\/inti.hr\/sr\/proizvod\/djecji-regal-89x35x88cm\/#primaryimage"},"thumbnailUrl":"https:\/\/i0.wp.com\/inti.hr\/wp-content\/uploads\/2024\/06\/KMB37-F-Y001_670x.webp?fit=670%2C670&ssl=1","datePublished":"2024-06-14T07:22:25+00:00","dateModified":"2024-06-14T07:22:25+00:00","description":"Dje\u010dja polica za knjige savr\u0161ena je za izlaganje omiljenih mekanih igra\u010daka, knjiga ili Lego konstrukcija.To \u0107e pomo\u0107i va\u0161em djetetu da razvije naviku odr\u017eavanja ku\u0107e urednom i \u010distom.S visinom od 88 cm, ova polica za knjige mo\u017ee se lako sortirati i ukloniti.Prakti\u010dno rje\u0161enje koje \u0161tedi prostor i omogu\u0107uje izlaganje knjiga s lijeve strane te vam nudi 2 ladice s desne strane u koje mo\u017eete organizirati igra\u010dke, igre i druge knjige. Dvije netkane ko\u0161are mogu se potpuno izvu\u0107i i polo\u017eiti na pod ili \u010dak ozna\u010diti tako da va\u0161e dijete uvijek mo\u017ee lako sortirati svoje igra\u010dke.","breadcrumb":{"@id":"https:\/\/inti.hr\/sr\/proizvod\/djecji-regal-89x35x88cm\/#breadcrumb"},"inLanguage":"sr-RS","potentialAction":[{"@type":"ReadAction","target":["https:\/\/inti.hr\/sr\/proizvod\/djecji-regal-89x35x88cm\/"]}]},{"@type":"ImageObject","inLanguage":"sr-RS","@id":"https:\/\/inti.hr\/sr\/proizvod\/djecji-regal-89x35x88cm\/#primaryimage","url":"https:\/\/i0.wp.com\/inti.hr\/wp-content\/uploads\/2024\/06\/KMB37-F-Y001_670x.webp?fit=670%2C670&ssl=1","contentUrl":"https:\/\/i0.wp.com\/inti.hr\/wp-content\/uploads\/2024\/06\/KMB37-F-Y001_670x.webp?fit=670%2C670&ssl=1","width":670,"height":670,"caption":"Dje\u010dji regal 89x35x88cm"},{"@type":"BreadcrumbList","@id":"https:\/\/inti.hr\/sr\/proizvod\/djecji-regal-89x35x88cm\/#breadcrumb","itemListElement":[{"@type":"ListItem","position":1,"name":"Po\u010detna stranica","item":"https:\/\/inti.hr\/sr\/"},{"@type":"ListItem","position":2,"name":"Prodavnica","item":"https:\/\/inti.hr\/sr\/prodavnica\/"},{"@type":"ListItem","position":3,"name":"Dje\u010dji regal 89x35x88cm"}]},{"@type":"WebSite","@id":"https:\/\/inti.hr\/sr\/#website","url":"https:\/\/inti.hr\/sr\/","name":"Inti","description":"trgovina","potentialAction":[{"@type":"SearchAction","target":{"@type":"EntryPoint","urlTemplate":"https:\/\/inti.hr\/sr\/?s={search_term_string}"},"query-input":{"@type":"PropertyValueSpecification","valueRequired":true,"valueName":"search_term_string"}}],"inLanguage":"sr-RS"}]}},"jetpack_sharing_enabled":true,"jetpack-related-posts":[],"_links":{"self":[{"href":"https:\/\/inti.hr\/sr\/wp-json\/wp\/v2\/product\/32315"}],"collection":[{"href":"https:\/\/inti.hr\/sr\/wp-json\/wp\/v2\/product"}],"about":[{"href":"https:\/\/inti.hr\/sr\/wp-json\/wp\/v2\/types\/product"}],"wp:featuredmedia":[{"embeddable":true,"href":"https:\/\/inti.hr\/sr\/wp-json\/wp\/v2\/media\/32316"}],"wp:attachment":[{"href":"https:\/\/inti.hr\/sr\/wp-json\/wp\/v2\/media?parent=32315"}],"wp:term":[{"taxonomy":"product_cat","embeddable":true,"href":"https:\/\/inti.hr\/sr\/wp-json\/wp\/v2\/product_cat?post=32315"},{"taxonomy":"product_tag","embeddable":true,"href":"https:\/\/inti.hr\/sr\/wp-json\/wp\/v2\/product_tag?post=32315"}],"curies":[{"name":"wp","href":"https:\/\/api.w.org\/{rel}","templated":true}]}}