{"id":32319,"date":"2024-06-14T08:19:04","date_gmt":"2024-06-14T07:19:04","guid":{"rendered":"https:\/\/inti.hr\/product\/kupaonski-stup-s-drzacem-za-posteljinu-40x38x170cm\/"},"modified":"2024-06-14T08:19:04","modified_gmt":"2024-06-14T07:19:04","slug":"kupaonski-stup-s-drzacem-za-posteljinu-40x38x170cm","status":"publish","type":"product","link":"https:\/\/inti.hr\/sr\/proizvod\/kupaonski-stup-s-drzacem-za-posteljinu-40x38x170cm\/","title":{"rendered":"Kupaonski stup s dr\u017ea\u010dem za posteljinu 40x38x170cm"},"content":{"rendered":"<p>Detalji o proizvodu:<\/p>\n<p>Materijal: Vlaknasta Plo\u010da, Bor.<br \/>\nTe\u017eina: oko 18,5 kg<br \/>\nTestirano za: 35 kg.<br \/>\nMjere proizvoda: 40x38x170 cm (vidi sliku)<br \/>\nDimenzije paketa: 94x44x22 cm.<br \/>\nS uputama za sastavljanje i vijcima. Jednostavna instalacija.<\/p>\n","protected":false},"excerpt":{"rendered":"<p>Jednostavan i funkcionalan dizajn osmi\u0161ljen je kako bi va\u0161em domu dao &#8230; <\/p>\n","protected":false},"featured_media":32320,"template":"","meta":[],"product_cat":[2396],"product_tag":[2522,3011],"yoast_head":"<!-- This site is optimized with the Yoast SEO plugin v23.7 - https:\/\/yoast.com\/wordpress\/plugins\/seo\/ -->\n<title>Kupaonski stup s dr\u017ea\u010dem za posteljinu 40x38x170cm - Inti<\/title>\n<meta name=\"description\" content=\"Jednostavan i funkcionalan dizajn osmi\u0161ljen je kako bi va\u0161em domu dao osje\u0107aj reda.Ovi su materijali posebno prikladni za okru\u017eenja s visokom vlagom, poput kupaonice ili praonice. Zahvaljuju\u0107i kvalitetnoj izradi, ko\u0161ara za rublje posti\u017ee vrlo visoku razinu stabilnosti.Na\u0161 proizvod je opremljen ure\u0111ajem protiv prevrtanja za pri\u010dvr\u0161\u0107ivanje ormara na zid.Vre\u0107ica za rublje se mo\u017ee skinuti.S visokim i jednostavnim ormari\u0107em kona\u010dno \u0107ete imati dovoljno prostora za odlaganje stvari u kupaonici i odr\u017eavanje urednog izgleda.Ormari\u0107 nije savr\u0161en samo za kupaonicu, ve\u0107 se zahvaljuju\u0107i svojoj svestranosti mo\u017ee koristiti i u drugim prostorijama.Visokokvalitetni paneli osiguravaju savr\u0161enu stabilnost i dug vijek trajanja. Povr\u0161ina se lako \u010disti, \u0161to olak\u0161ava ku\u0107anske poslove.\" \/>\n<meta name=\"robots\" content=\"index, follow, max-snippet:-1, max-image-preview:large, max-video-preview:-1\" \/>\n<link rel=\"canonical\" href=\"https:\/\/inti.hr\/sr\/proizvod\/kupaonski-stup-s-drzacem-za-posteljinu-40x38x170cm\/\" \/>\n<meta property=\"og:locale\" content=\"sr_RS\" \/>\n<meta property=\"og:type\" content=\"article\" \/>\n<meta property=\"og:title\" content=\"Kupaonski stup s dr\u017ea\u010dem za posteljinu 40x38x170cm - Inti\" \/>\n<meta property=\"og:description\" content=\"Jednostavan i funkcionalan dizajn osmi\u0161ljen je kako bi va\u0161em domu dao osje\u0107aj reda.Ovi su materijali posebno prikladni za okru\u017eenja s visokom vlagom, poput kupaonice ili praonice. Zahvaljuju\u0107i kvalitetnoj izradi, ko\u0161ara za rublje posti\u017ee vrlo visoku razinu stabilnosti.Na\u0161 proizvod je opremljen ure\u0111ajem protiv prevrtanja za pri\u010dvr\u0161\u0107ivanje ormara na zid.Vre\u0107ica za rublje se mo\u017ee skinuti.S visokim i jednostavnim ormari\u0107em kona\u010dno \u0107ete imati dovoljno prostora za odlaganje stvari u kupaonici i odr\u017eavanje urednog izgleda.Ormari\u0107 nije savr\u0161en samo za kupaonicu, ve\u0107 se zahvaljuju\u0107i svojoj svestranosti mo\u017ee koristiti i u drugim prostorijama.Visokokvalitetni paneli osiguravaju savr\u0161enu stabilnost i dug vijek trajanja. Povr\u0161ina se lako \u010disti, \u0161to olak\u0161ava ku\u0107anske poslove.\" \/>\n<meta property=\"og:url\" content=\"https:\/\/inti.hr\/sr\/proizvod\/kupaonski-stup-s-drzacem-za-posteljinu-40x38x170cm\/\" \/>\n<meta property=\"og:site_name\" content=\"Inti\" \/>\n<meta property=\"og:image\" content=\"https:\/\/i0.wp.com\/inti.hr\/wp-content\/uploads\/2024\/06\/BZR124-DG-S001_1800x1800.webp?fit=1600%2C1600&ssl=1\" \/>\n\t<meta property=\"og:image:width\" content=\"1600\" \/>\n\t<meta property=\"og:image:height\" content=\"1600\" \/>\n\t<meta property=\"og:image:type\" content=\"image\/webp\" \/>\n<meta name=\"twitter:card\" content=\"summary_large_image\" \/>\n<script type=\"application\/ld+json\" class=\"yoast-schema-graph\">{\"@context\":\"https:\/\/schema.org\",\"@graph\":[{\"@type\":\"WebPage\",\"@id\":\"https:\/\/inti.hr\/sr\/proizvod\/kupaonski-stup-s-drzacem-za-posteljinu-40x38x170cm\/\",\"url\":\"https:\/\/inti.hr\/sr\/proizvod\/kupaonski-stup-s-drzacem-za-posteljinu-40x38x170cm\/\",\"name\":\"Kupaonski stup s dr\u017ea\u010dem za posteljinu 40x38x170cm - Inti\",\"isPartOf\":{\"@id\":\"https:\/\/inti.hr\/sr\/#website\"},\"primaryImageOfPage\":{\"@id\":\"https:\/\/inti.hr\/sr\/proizvod\/kupaonski-stup-s-drzacem-za-posteljinu-40x38x170cm\/#primaryimage\"},\"image\":{\"@id\":\"https:\/\/inti.hr\/sr\/proizvod\/kupaonski-stup-s-drzacem-za-posteljinu-40x38x170cm\/#primaryimage\"},\"thumbnailUrl\":\"https:\/\/i0.wp.com\/inti.hr\/wp-content\/uploads\/2024\/06\/BZR124-DG-S001_1800x1800.webp?fit=1600%2C1600&ssl=1\",\"datePublished\":\"2024-06-14T07:19:04+00:00\",\"dateModified\":\"2024-06-14T07:19:04+00:00\",\"description\":\"Jednostavan i funkcionalan dizajn osmi\u0161ljen je kako bi va\u0161em domu dao osje\u0107aj reda.Ovi su materijali posebno prikladni za okru\u017eenja s visokom vlagom, poput kupaonice ili praonice. Zahvaljuju\u0107i kvalitetnoj izradi, ko\u0161ara za rublje posti\u017ee vrlo visoku razinu stabilnosti.Na\u0161 proizvod je opremljen ure\u0111ajem protiv prevrtanja za pri\u010dvr\u0161\u0107ivanje ormara na zid.Vre\u0107ica za rublje se mo\u017ee skinuti.S visokim i jednostavnim ormari\u0107em kona\u010dno \u0107ete imati dovoljno prostora za odlaganje stvari u kupaonici i odr\u017eavanje urednog izgleda.Ormari\u0107 nije savr\u0161en samo za kupaonicu, ve\u0107 se zahvaljuju\u0107i svojoj svestranosti mo\u017ee koristiti i u drugim prostorijama.Visokokvalitetni paneli osiguravaju savr\u0161enu stabilnost i dug vijek trajanja. Povr\u0161ina se lako \u010disti, \u0161to olak\u0161ava ku\u0107anske poslove.\",\"breadcrumb\":{\"@id\":\"https:\/\/inti.hr\/sr\/proizvod\/kupaonski-stup-s-drzacem-za-posteljinu-40x38x170cm\/#breadcrumb\"},\"inLanguage\":\"sr-RS\",\"potentialAction\":[{\"@type\":\"ReadAction\",\"target\":[\"https:\/\/inti.hr\/sr\/proizvod\/kupaonski-stup-s-drzacem-za-posteljinu-40x38x170cm\/\"]}]},{\"@type\":\"ImageObject\",\"inLanguage\":\"sr-RS\",\"@id\":\"https:\/\/inti.hr\/sr\/proizvod\/kupaonski-stup-s-drzacem-za-posteljinu-40x38x170cm\/#primaryimage\",\"url\":\"https:\/\/i0.wp.com\/inti.hr\/wp-content\/uploads\/2024\/06\/BZR124-DG-S001_1800x1800.webp?fit=1600%2C1600&ssl=1\",\"contentUrl\":\"https:\/\/i0.wp.com\/inti.hr\/wp-content\/uploads\/2024\/06\/BZR124-DG-S001_1800x1800.webp?fit=1600%2C1600&ssl=1\",\"width\":1600,\"height\":1600,\"caption\":\"Kupaonski stup s dr\u017ea\u010dem za posteljinu 40x38x170cm\"},{\"@type\":\"BreadcrumbList\",\"@id\":\"https:\/\/inti.hr\/sr\/proizvod\/kupaonski-stup-s-drzacem-za-posteljinu-40x38x170cm\/#breadcrumb\",\"itemListElement\":[{\"@type\":\"ListItem\",\"position\":1,\"name\":\"Po\u010detna stranica\",\"item\":\"https:\/\/inti.hr\/sr\/\"},{\"@type\":\"ListItem\",\"position\":2,\"name\":\"Prodavnica\",\"item\":\"https:\/\/inti.hr\/sr\/prodavnica\/\"},{\"@type\":\"ListItem\",\"position\":3,\"name\":\"Kupaonski stup s dr\u017ea\u010dem za posteljinu 40x38x170cm\"}]},{\"@type\":\"WebSite\",\"@id\":\"https:\/\/inti.hr\/sr\/#website\",\"url\":\"https:\/\/inti.hr\/sr\/\",\"name\":\"Inti\",\"description\":\"trgovina\",\"potentialAction\":[{\"@type\":\"SearchAction\",\"target\":{\"@type\":\"EntryPoint\",\"urlTemplate\":\"https:\/\/inti.hr\/sr\/?s={search_term_string}\"},\"query-input\":{\"@type\":\"PropertyValueSpecification\",\"valueRequired\":true,\"valueName\":\"search_term_string\"}}],\"inLanguage\":\"sr-RS\"}]}<\/script>\n<!-- \/ Yoast SEO plugin. -->","yoast_head_json":{"title":"Kupaonski stup s dr\u017ea\u010dem za posteljinu 40x38x170cm - Inti","description":"Jednostavan i funkcionalan dizajn osmi\u0161ljen je kako bi va\u0161em domu dao osje\u0107aj reda.Ovi su materijali posebno prikladni za okru\u017eenja s visokom vlagom, poput kupaonice ili praonice. Zahvaljuju\u0107i kvalitetnoj izradi, ko\u0161ara za rublje posti\u017ee vrlo visoku razinu stabilnosti.Na\u0161 proizvod je opremljen ure\u0111ajem protiv prevrtanja za pri\u010dvr\u0161\u0107ivanje ormara na zid.Vre\u0107ica za rublje se mo\u017ee skinuti.S visokim i jednostavnim ormari\u0107em kona\u010dno \u0107ete imati dovoljno prostora za odlaganje stvari u kupaonici i odr\u017eavanje urednog izgleda.Ormari\u0107 nije savr\u0161en samo za kupaonicu, ve\u0107 se zahvaljuju\u0107i svojoj svestranosti mo\u017ee koristiti i u drugim prostorijama.Visokokvalitetni paneli osiguravaju savr\u0161enu stabilnost i dug vijek trajanja. Povr\u0161ina se lako \u010disti, \u0161to olak\u0161ava ku\u0107anske poslove.","robots":{"index":"index","follow":"follow","max-snippet":"max-snippet:-1","max-image-preview":"max-image-preview:large","max-video-preview":"max-video-preview:-1"},"canonical":"https:\/\/inti.hr\/sr\/proizvod\/kupaonski-stup-s-drzacem-za-posteljinu-40x38x170cm\/","og_locale":"sr_RS","og_type":"article","og_title":"Kupaonski stup s dr\u017ea\u010dem za posteljinu 40x38x170cm - Inti","og_description":"Jednostavan i funkcionalan dizajn osmi\u0161ljen je kako bi va\u0161em domu dao osje\u0107aj reda.Ovi su materijali posebno prikladni za okru\u017eenja s visokom vlagom, poput kupaonice ili praonice. Zahvaljuju\u0107i kvalitetnoj izradi, ko\u0161ara za rublje posti\u017ee vrlo visoku razinu stabilnosti.Na\u0161 proizvod je opremljen ure\u0111ajem protiv prevrtanja za pri\u010dvr\u0161\u0107ivanje ormara na zid.Vre\u0107ica za rublje se mo\u017ee skinuti.S visokim i jednostavnim ormari\u0107em kona\u010dno \u0107ete imati dovoljno prostora za odlaganje stvari u kupaonici i odr\u017eavanje urednog izgleda.Ormari\u0107 nije savr\u0161en samo za kupaonicu, ve\u0107 se zahvaljuju\u0107i svojoj svestranosti mo\u017ee koristiti i u drugim prostorijama.Visokokvalitetni paneli osiguravaju savr\u0161enu stabilnost i dug vijek trajanja. Povr\u0161ina se lako \u010disti, \u0161to olak\u0161ava ku\u0107anske poslove.","og_url":"https:\/\/inti.hr\/sr\/proizvod\/kupaonski-stup-s-drzacem-za-posteljinu-40x38x170cm\/","og_site_name":"Inti","og_image":[{"width":1600,"height":1600,"url":"https:\/\/i0.wp.com\/inti.hr\/wp-content\/uploads\/2024\/06\/BZR124-DG-S001_1800x1800.webp?fit=1600%2C1600&ssl=1","type":"image\/webp"}],"twitter_card":"summary_large_image","schema":{"@context":"https:\/\/schema.org","@graph":[{"@type":"WebPage","@id":"https:\/\/inti.hr\/sr\/proizvod\/kupaonski-stup-s-drzacem-za-posteljinu-40x38x170cm\/","url":"https:\/\/inti.hr\/sr\/proizvod\/kupaonski-stup-s-drzacem-za-posteljinu-40x38x170cm\/","name":"Kupaonski stup s dr\u017ea\u010dem za posteljinu 40x38x170cm - Inti","isPartOf":{"@id":"https:\/\/inti.hr\/sr\/#website"},"primaryImageOfPage":{"@id":"https:\/\/inti.hr\/sr\/proizvod\/kupaonski-stup-s-drzacem-za-posteljinu-40x38x170cm\/#primaryimage"},"image":{"@id":"https:\/\/inti.hr\/sr\/proizvod\/kupaonski-stup-s-drzacem-za-posteljinu-40x38x170cm\/#primaryimage"},"thumbnailUrl":"https:\/\/i0.wp.com\/inti.hr\/wp-content\/uploads\/2024\/06\/BZR124-DG-S001_1800x1800.webp?fit=1600%2C1600&ssl=1","datePublished":"2024-06-14T07:19:04+00:00","dateModified":"2024-06-14T07:19:04+00:00","description":"Jednostavan i funkcionalan dizajn osmi\u0161ljen je kako bi va\u0161em domu dao osje\u0107aj reda.Ovi su materijali posebno prikladni za okru\u017eenja s visokom vlagom, poput kupaonice ili praonice. Zahvaljuju\u0107i kvalitetnoj izradi, ko\u0161ara za rublje posti\u017ee vrlo visoku razinu stabilnosti.Na\u0161 proizvod je opremljen ure\u0111ajem protiv prevrtanja za pri\u010dvr\u0161\u0107ivanje ormara na zid.Vre\u0107ica za rublje se mo\u017ee skinuti.S visokim i jednostavnim ormari\u0107em kona\u010dno \u0107ete imati dovoljno prostora za odlaganje stvari u kupaonici i odr\u017eavanje urednog izgleda.Ormari\u0107 nije savr\u0161en samo za kupaonicu, ve\u0107 se zahvaljuju\u0107i svojoj svestranosti mo\u017ee koristiti i u drugim prostorijama.Visokokvalitetni paneli osiguravaju savr\u0161enu stabilnost i dug vijek trajanja. Povr\u0161ina se lako \u010disti, \u0161to olak\u0161ava ku\u0107anske poslove.","breadcrumb":{"@id":"https:\/\/inti.hr\/sr\/proizvod\/kupaonski-stup-s-drzacem-za-posteljinu-40x38x170cm\/#breadcrumb"},"inLanguage":"sr-RS","potentialAction":[{"@type":"ReadAction","target":["https:\/\/inti.hr\/sr\/proizvod\/kupaonski-stup-s-drzacem-za-posteljinu-40x38x170cm\/"]}]},{"@type":"ImageObject","inLanguage":"sr-RS","@id":"https:\/\/inti.hr\/sr\/proizvod\/kupaonski-stup-s-drzacem-za-posteljinu-40x38x170cm\/#primaryimage","url":"https:\/\/i0.wp.com\/inti.hr\/wp-content\/uploads\/2024\/06\/BZR124-DG-S001_1800x1800.webp?fit=1600%2C1600&ssl=1","contentUrl":"https:\/\/i0.wp.com\/inti.hr\/wp-content\/uploads\/2024\/06\/BZR124-DG-S001_1800x1800.webp?fit=1600%2C1600&ssl=1","width":1600,"height":1600,"caption":"Kupaonski stup s dr\u017ea\u010dem za posteljinu 40x38x170cm"},{"@type":"BreadcrumbList","@id":"https:\/\/inti.hr\/sr\/proizvod\/kupaonski-stup-s-drzacem-za-posteljinu-40x38x170cm\/#breadcrumb","itemListElement":[{"@type":"ListItem","position":1,"name":"Po\u010detna stranica","item":"https:\/\/inti.hr\/sr\/"},{"@type":"ListItem","position":2,"name":"Prodavnica","item":"https:\/\/inti.hr\/sr\/prodavnica\/"},{"@type":"ListItem","position":3,"name":"Kupaonski stup s dr\u017ea\u010dem za posteljinu 40x38x170cm"}]},{"@type":"WebSite","@id":"https:\/\/inti.hr\/sr\/#website","url":"https:\/\/inti.hr\/sr\/","name":"Inti","description":"trgovina","potentialAction":[{"@type":"SearchAction","target":{"@type":"EntryPoint","urlTemplate":"https:\/\/inti.hr\/sr\/?s={search_term_string}"},"query-input":{"@type":"PropertyValueSpecification","valueRequired":true,"valueName":"search_term_string"}}],"inLanguage":"sr-RS"}]}},"jetpack_sharing_enabled":true,"jetpack-related-posts":[],"_links":{"self":[{"href":"https:\/\/inti.hr\/sr\/wp-json\/wp\/v2\/product\/32319"}],"collection":[{"href":"https:\/\/inti.hr\/sr\/wp-json\/wp\/v2\/product"}],"about":[{"href":"https:\/\/inti.hr\/sr\/wp-json\/wp\/v2\/types\/product"}],"wp:featuredmedia":[{"embeddable":true,"href":"https:\/\/inti.hr\/sr\/wp-json\/wp\/v2\/media\/32320"}],"wp:attachment":[{"href":"https:\/\/inti.hr\/sr\/wp-json\/wp\/v2\/media?parent=32319"}],"wp:term":[{"taxonomy":"product_cat","embeddable":true,"href":"https:\/\/inti.hr\/sr\/wp-json\/wp\/v2\/product_cat?post=32319"},{"taxonomy":"product_tag","embeddable":true,"href":"https:\/\/inti.hr\/sr\/wp-json\/wp\/v2\/product_tag?post=32319"}],"curies":[{"name":"wp","href":"https:\/\/api.w.org\/{rel}","templated":true}]}}