{"id":32332,"date":"2024-06-11T07:27:37","date_gmt":"2024-06-11T06:27:37","guid":{"rendered":"https:\/\/inti.hr\/product\/stol-sa-2-stolice-60x60x97cm-o\/"},"modified":"2024-06-11T07:27:37","modified_gmt":"2024-06-11T06:27:37","slug":"stol-sa-2-stolice-60x60x97cm-o","status":"publish","type":"product","link":"https:\/\/inti.hr\/sr\/proizvod\/stol-sa-2-stolice-60x60x97cm-o\/","title":{"rendered":"Stol sa 2 stolice 60x60x97cm"},"content":{"rendered":"<p><b>Detalji o proizvodu:<\/b><\/p>\n<ul>\n<li>Materijal: MDF, PVC folija, metal, poliester pra\u0161kasti premaz.<\/li>\n<li>Te\u017eina: 16,2 kg. Nosivost do 60kg\/stol,120kg\/stolica.<\/li>\n<li>Dimenzije i te\u017eina paketa: 104,00*66,50*20,00cm, 19,3kg.<\/li>\n<li>Dimenzije proizvoda: stol: \u016060*D60*V97cm, stolica: \u016039*D39*V67cm (vidi sliku).<\/li>\n<li>S uputama za monta\u017eu i vijcima, jednostavna monta\u017ea<\/li>\n<li>Sigurnost i sukladnost: Ovaj je proizvod razvijen i ispitan za ku\u0107nu upotrebu.<\/li>\n<\/ul>\n","protected":false},"excerpt":{"rendered":"<p>Povr\u0161ina nudi dovoljno mjesta za 2 osobe. Idealno za ugodan ru\u010dak &#8230; <\/p>\n","protected":false},"featured_media":32334,"template":"","meta":[],"product_cat":[2728],"product_tag":[3310,3311],"yoast_head":"<!-- This site is optimized with the Yoast SEO plugin v23.7 - https:\/\/yoast.com\/wordpress\/plugins\/seo\/ -->\n<title>Stol sa 2 stolice 60x60x97cm - Inti<\/title>\n<meta name=\"description\" content=\"Povr\u0161ina nudi dovoljno mjesta za 2 osobe. Idealno za ugodan ru\u010dak s obitelji i prijateljima! Zahvaljuju\u0107i svestranom dizajnu, set je prikladan za razli\u010dita okru\u017eenja, na primjer u kuhinji ili blagovaonici, ali je tako\u0111er idealan za restorane, kafi\u0107e ili barove.Kombinirajte dizajn i udobnost, daju\u0107i svojoj kuhinji ili baru jedinstven industrijski izgled.Industrijski inspiriran, ovaj set kombinira metal i drvo.S visinom sjedala od 67 cm, ni preniska ni previsoka, ova je stolica idealne veli\u010dine za stvaranje novog dru\u0161tvenog prostora oko va\u0161eg bara.Moderan i jednostavan, lako \u0107e prona\u0107i svoje mjesto za \u0161ankom. Svidjet \u0107e vam se njegov trezven i elegantan dizajn, kao i njegova boja koja \u0107e pristajati uz svaki tip dekora.\" \/>\n<meta name=\"robots\" content=\"index, follow, max-snippet:-1, max-image-preview:large, max-video-preview:-1\" \/>\n<link rel=\"canonical\" href=\"https:\/\/inti.hr\/sr\/proizvod\/stol-sa-2-stolice-60x60x97cm-o\/\" \/>\n<meta property=\"og:locale\" content=\"sr_RS\" \/>\n<meta property=\"og:type\" content=\"article\" \/>\n<meta property=\"og:title\" content=\"Stol sa 2 stolice 60x60x97cm - Inti\" \/>\n<meta property=\"og:description\" content=\"Povr\u0161ina nudi dovoljno mjesta za 2 osobe. Idealno za ugodan ru\u010dak s obitelji i prijateljima! Zahvaljuju\u0107i svestranom dizajnu, set je prikladan za razli\u010dita okru\u017eenja, na primjer u kuhinji ili blagovaonici, ali je tako\u0111er idealan za restorane, kafi\u0107e ili barove.Kombinirajte dizajn i udobnost, daju\u0107i svojoj kuhinji ili baru jedinstven industrijski izgled.Industrijski inspiriran, ovaj set kombinira metal i drvo.S visinom sjedala od 67 cm, ni preniska ni previsoka, ova je stolica idealne veli\u010dine za stvaranje novog dru\u0161tvenog prostora oko va\u0161eg bara.Moderan i jednostavan, lako \u0107e prona\u0107i svoje mjesto za \u0161ankom. Svidjet \u0107e vam se njegov trezven i elegantan dizajn, kao i njegova boja koja \u0107e pristajati uz svaki tip dekora.\" \/>\n<meta property=\"og:url\" content=\"https:\/\/inti.hr\/sr\/proizvod\/stol-sa-2-stolice-60x60x97cm-o\/\" \/>\n<meta property=\"og:site_name\" content=\"Inti\" \/>\n<meta property=\"og:image\" content=\"https:\/\/i0.wp.com\/inti.hr\/wp-content\/uploads\/2024\/06\/OGT27-N-Y002_1800x1800.webp?fit=1600%2C1600&ssl=1\" \/>\n\t<meta property=\"og:image:width\" content=\"1600\" \/>\n\t<meta property=\"og:image:height\" content=\"1600\" \/>\n\t<meta property=\"og:image:type\" content=\"image\/webp\" \/>\n<meta name=\"twitter:card\" content=\"summary_large_image\" \/>\n<script type=\"application\/ld+json\" class=\"yoast-schema-graph\">{\"@context\":\"https:\/\/schema.org\",\"@graph\":[{\"@type\":\"WebPage\",\"@id\":\"https:\/\/inti.hr\/sr\/proizvod\/stol-sa-2-stolice-60x60x97cm-o\/\",\"url\":\"https:\/\/inti.hr\/sr\/proizvod\/stol-sa-2-stolice-60x60x97cm-o\/\",\"name\":\"Stol sa 2 stolice 60x60x97cm - Inti\",\"isPartOf\":{\"@id\":\"https:\/\/inti.hr\/sr\/#website\"},\"primaryImageOfPage\":{\"@id\":\"https:\/\/inti.hr\/sr\/proizvod\/stol-sa-2-stolice-60x60x97cm-o\/#primaryimage\"},\"image\":{\"@id\":\"https:\/\/inti.hr\/sr\/proizvod\/stol-sa-2-stolice-60x60x97cm-o\/#primaryimage\"},\"thumbnailUrl\":\"https:\/\/i0.wp.com\/inti.hr\/wp-content\/uploads\/2024\/06\/OGT27-N-Y002_1800x1800.webp?fit=1600%2C1600&ssl=1\",\"datePublished\":\"2024-06-11T06:27:37+00:00\",\"dateModified\":\"2024-06-11T06:27:37+00:00\",\"description\":\"Povr\u0161ina nudi dovoljno mjesta za 2 osobe. Idealno za ugodan ru\u010dak s obitelji i prijateljima! Zahvaljuju\u0107i svestranom dizajnu, set je prikladan za razli\u010dita okru\u017eenja, na primjer u kuhinji ili blagovaonici, ali je tako\u0111er idealan za restorane, kafi\u0107e ili barove.Kombinirajte dizajn i udobnost, daju\u0107i svojoj kuhinji ili baru jedinstven industrijski izgled.Industrijski inspiriran, ovaj set kombinira metal i drvo.S visinom sjedala od 67 cm, ni preniska ni previsoka, ova je stolica idealne veli\u010dine za stvaranje novog dru\u0161tvenog prostora oko va\u0161eg bara.Moderan i jednostavan, lako \u0107e prona\u0107i svoje mjesto za \u0161ankom. Svidjet \u0107e vam se njegov trezven i elegantan dizajn, kao i njegova boja koja \u0107e pristajati uz svaki tip dekora.\",\"breadcrumb\":{\"@id\":\"https:\/\/inti.hr\/sr\/proizvod\/stol-sa-2-stolice-60x60x97cm-o\/#breadcrumb\"},\"inLanguage\":\"sr-RS\",\"potentialAction\":[{\"@type\":\"ReadAction\",\"target\":[\"https:\/\/inti.hr\/sr\/proizvod\/stol-sa-2-stolice-60x60x97cm-o\/\"]}]},{\"@type\":\"ImageObject\",\"inLanguage\":\"sr-RS\",\"@id\":\"https:\/\/inti.hr\/sr\/proizvod\/stol-sa-2-stolice-60x60x97cm-o\/#primaryimage\",\"url\":\"https:\/\/i0.wp.com\/inti.hr\/wp-content\/uploads\/2024\/06\/OGT27-N-Y002_1800x1800.webp?fit=1600%2C1600&ssl=1\",\"contentUrl\":\"https:\/\/i0.wp.com\/inti.hr\/wp-content\/uploads\/2024\/06\/OGT27-N-Y002_1800x1800.webp?fit=1600%2C1600&ssl=1\",\"width\":1600,\"height\":1600,\"caption\":\"barski set\"},{\"@type\":\"BreadcrumbList\",\"@id\":\"https:\/\/inti.hr\/sr\/proizvod\/stol-sa-2-stolice-60x60x97cm-o\/#breadcrumb\",\"itemListElement\":[{\"@type\":\"ListItem\",\"position\":1,\"name\":\"Po\u010detna stranica\",\"item\":\"https:\/\/inti.hr\/sr\/\"},{\"@type\":\"ListItem\",\"position\":2,\"name\":\"Prodavnica\",\"item\":\"https:\/\/inti.hr\/sr\/prodavnica\/\"},{\"@type\":\"ListItem\",\"position\":3,\"name\":\"Stol sa 2 stolice 60x60x97cm\"}]},{\"@type\":\"WebSite\",\"@id\":\"https:\/\/inti.hr\/sr\/#website\",\"url\":\"https:\/\/inti.hr\/sr\/\",\"name\":\"Inti\",\"description\":\"trgovina\",\"potentialAction\":[{\"@type\":\"SearchAction\",\"target\":{\"@type\":\"EntryPoint\",\"urlTemplate\":\"https:\/\/inti.hr\/sr\/?s={search_term_string}\"},\"query-input\":{\"@type\":\"PropertyValueSpecification\",\"valueRequired\":true,\"valueName\":\"search_term_string\"}}],\"inLanguage\":\"sr-RS\"}]}<\/script>\n<!-- \/ Yoast SEO plugin. -->","yoast_head_json":{"title":"Stol sa 2 stolice 60x60x97cm - Inti","description":"Povr\u0161ina nudi dovoljno mjesta za 2 osobe. Idealno za ugodan ru\u010dak s obitelji i prijateljima! Zahvaljuju\u0107i svestranom dizajnu, set je prikladan za razli\u010dita okru\u017eenja, na primjer u kuhinji ili blagovaonici, ali je tako\u0111er idealan za restorane, kafi\u0107e ili barove.Kombinirajte dizajn i udobnost, daju\u0107i svojoj kuhinji ili baru jedinstven industrijski izgled.Industrijski inspiriran, ovaj set kombinira metal i drvo.S visinom sjedala od 67 cm, ni preniska ni previsoka, ova je stolica idealne veli\u010dine za stvaranje novog dru\u0161tvenog prostora oko va\u0161eg bara.Moderan i jednostavan, lako \u0107e prona\u0107i svoje mjesto za \u0161ankom. Svidjet \u0107e vam se njegov trezven i elegantan dizajn, kao i njegova boja koja \u0107e pristajati uz svaki tip dekora.","robots":{"index":"index","follow":"follow","max-snippet":"max-snippet:-1","max-image-preview":"max-image-preview:large","max-video-preview":"max-video-preview:-1"},"canonical":"https:\/\/inti.hr\/sr\/proizvod\/stol-sa-2-stolice-60x60x97cm-o\/","og_locale":"sr_RS","og_type":"article","og_title":"Stol sa 2 stolice 60x60x97cm - Inti","og_description":"Povr\u0161ina nudi dovoljno mjesta za 2 osobe. Idealno za ugodan ru\u010dak s obitelji i prijateljima! Zahvaljuju\u0107i svestranom dizajnu, set je prikladan za razli\u010dita okru\u017eenja, na primjer u kuhinji ili blagovaonici, ali je tako\u0111er idealan za restorane, kafi\u0107e ili barove.Kombinirajte dizajn i udobnost, daju\u0107i svojoj kuhinji ili baru jedinstven industrijski izgled.Industrijski inspiriran, ovaj set kombinira metal i drvo.S visinom sjedala od 67 cm, ni preniska ni previsoka, ova je stolica idealne veli\u010dine za stvaranje novog dru\u0161tvenog prostora oko va\u0161eg bara.Moderan i jednostavan, lako \u0107e prona\u0107i svoje mjesto za \u0161ankom. Svidjet \u0107e vam se njegov trezven i elegantan dizajn, kao i njegova boja koja \u0107e pristajati uz svaki tip dekora.","og_url":"https:\/\/inti.hr\/sr\/proizvod\/stol-sa-2-stolice-60x60x97cm-o\/","og_site_name":"Inti","og_image":[{"width":1600,"height":1600,"url":"https:\/\/i0.wp.com\/inti.hr\/wp-content\/uploads\/2024\/06\/OGT27-N-Y002_1800x1800.webp?fit=1600%2C1600&ssl=1","type":"image\/webp"}],"twitter_card":"summary_large_image","schema":{"@context":"https:\/\/schema.org","@graph":[{"@type":"WebPage","@id":"https:\/\/inti.hr\/sr\/proizvod\/stol-sa-2-stolice-60x60x97cm-o\/","url":"https:\/\/inti.hr\/sr\/proizvod\/stol-sa-2-stolice-60x60x97cm-o\/","name":"Stol sa 2 stolice 60x60x97cm - Inti","isPartOf":{"@id":"https:\/\/inti.hr\/sr\/#website"},"primaryImageOfPage":{"@id":"https:\/\/inti.hr\/sr\/proizvod\/stol-sa-2-stolice-60x60x97cm-o\/#primaryimage"},"image":{"@id":"https:\/\/inti.hr\/sr\/proizvod\/stol-sa-2-stolice-60x60x97cm-o\/#primaryimage"},"thumbnailUrl":"https:\/\/i0.wp.com\/inti.hr\/wp-content\/uploads\/2024\/06\/OGT27-N-Y002_1800x1800.webp?fit=1600%2C1600&ssl=1","datePublished":"2024-06-11T06:27:37+00:00","dateModified":"2024-06-11T06:27:37+00:00","description":"Povr\u0161ina nudi dovoljno mjesta za 2 osobe. Idealno za ugodan ru\u010dak s obitelji i prijateljima! Zahvaljuju\u0107i svestranom dizajnu, set je prikladan za razli\u010dita okru\u017eenja, na primjer u kuhinji ili blagovaonici, ali je tako\u0111er idealan za restorane, kafi\u0107e ili barove.Kombinirajte dizajn i udobnost, daju\u0107i svojoj kuhinji ili baru jedinstven industrijski izgled.Industrijski inspiriran, ovaj set kombinira metal i drvo.S visinom sjedala od 67 cm, ni preniska ni previsoka, ova je stolica idealne veli\u010dine za stvaranje novog dru\u0161tvenog prostora oko va\u0161eg bara.Moderan i jednostavan, lako \u0107e prona\u0107i svoje mjesto za \u0161ankom. Svidjet \u0107e vam se njegov trezven i elegantan dizajn, kao i njegova boja koja \u0107e pristajati uz svaki tip dekora.","breadcrumb":{"@id":"https:\/\/inti.hr\/sr\/proizvod\/stol-sa-2-stolice-60x60x97cm-o\/#breadcrumb"},"inLanguage":"sr-RS","potentialAction":[{"@type":"ReadAction","target":["https:\/\/inti.hr\/sr\/proizvod\/stol-sa-2-stolice-60x60x97cm-o\/"]}]},{"@type":"ImageObject","inLanguage":"sr-RS","@id":"https:\/\/inti.hr\/sr\/proizvod\/stol-sa-2-stolice-60x60x97cm-o\/#primaryimage","url":"https:\/\/i0.wp.com\/inti.hr\/wp-content\/uploads\/2024\/06\/OGT27-N-Y002_1800x1800.webp?fit=1600%2C1600&ssl=1","contentUrl":"https:\/\/i0.wp.com\/inti.hr\/wp-content\/uploads\/2024\/06\/OGT27-N-Y002_1800x1800.webp?fit=1600%2C1600&ssl=1","width":1600,"height":1600,"caption":"barski set"},{"@type":"BreadcrumbList","@id":"https:\/\/inti.hr\/sr\/proizvod\/stol-sa-2-stolice-60x60x97cm-o\/#breadcrumb","itemListElement":[{"@type":"ListItem","position":1,"name":"Po\u010detna stranica","item":"https:\/\/inti.hr\/sr\/"},{"@type":"ListItem","position":2,"name":"Prodavnica","item":"https:\/\/inti.hr\/sr\/prodavnica\/"},{"@type":"ListItem","position":3,"name":"Stol sa 2 stolice 60x60x97cm"}]},{"@type":"WebSite","@id":"https:\/\/inti.hr\/sr\/#website","url":"https:\/\/inti.hr\/sr\/","name":"Inti","description":"trgovina","potentialAction":[{"@type":"SearchAction","target":{"@type":"EntryPoint","urlTemplate":"https:\/\/inti.hr\/sr\/?s={search_term_string}"},"query-input":{"@type":"PropertyValueSpecification","valueRequired":true,"valueName":"search_term_string"}}],"inLanguage":"sr-RS"}]}},"jetpack_sharing_enabled":true,"jetpack-related-posts":[],"_links":{"self":[{"href":"https:\/\/inti.hr\/sr\/wp-json\/wp\/v2\/product\/32332"}],"collection":[{"href":"https:\/\/inti.hr\/sr\/wp-json\/wp\/v2\/product"}],"about":[{"href":"https:\/\/inti.hr\/sr\/wp-json\/wp\/v2\/types\/product"}],"wp:featuredmedia":[{"embeddable":true,"href":"https:\/\/inti.hr\/sr\/wp-json\/wp\/v2\/media\/32334"}],"wp:attachment":[{"href":"https:\/\/inti.hr\/sr\/wp-json\/wp\/v2\/media?parent=32332"}],"wp:term":[{"taxonomy":"product_cat","embeddable":true,"href":"https:\/\/inti.hr\/sr\/wp-json\/wp\/v2\/product_cat?post=32332"},{"taxonomy":"product_tag","embeddable":true,"href":"https:\/\/inti.hr\/sr\/wp-json\/wp\/v2\/product_tag?post=32332"}],"curies":[{"name":"wp","href":"https:\/\/api.w.org\/{rel}","templated":true}]}}