{"id":32393,"date":"2024-06-06T07:51:40","date_gmt":"2024-06-06T06:51:40","guid":{"rendered":"https:\/\/inti.hr\/product\/uredska-stolica-s-naslonima-i-zakrivljenim-sjedalom\/"},"modified":"2024-06-06T07:51:40","modified_gmt":"2024-06-06T06:51:40","slug":"uredska-stolica-s-naslonima-i-zakrivljenim-sjedalom","status":"publish","type":"product","link":"https:\/\/inti.hr\/sr\/proizvod\/uredska-stolica-s-naslonima-i-zakrivljenim-sjedalom\/","title":{"rendered":"Uredska stolica s naslonima i zakrivljenim sjedalom"},"content":{"rendered":"<p>Detalji proizvoda:<\/p>\n<p>Boja: crna tinta<br \/>\nMaterijal: \u010delik, pjena, PU<br \/>\nVeli\u010dina:G<br \/>\nVeli\u010dina: 60 x 60 x (93-103) cm (D x \u0160 x V)<br \/>\nVisina sjedala (od poda): 43-51 cm<br \/>\nVisina naslona za ruke (od sjedala): 34 cm<br \/>\nVeli\u010dina sjedala: 46 x 49 cm (D x \u0160)<br \/>\nVisina naslona: 55 cm<br \/>\nTe\u017eina: 13,6 kg<br \/>\nMaksimalna stati\u010dka nosivost: 150 kg<\/p>\n","protected":false},"excerpt":{"rendered":"<p>Uredska stolica ima ergonomski naslon za le\u0111a i sjedalo koje dobro &#8230; <\/p>\n","protected":false},"featured_media":32394,"template":"","meta":[],"product_cat":[2440],"product_tag":[2795,2833],"yoast_head":"<!-- This site is optimized with the Yoast SEO plugin v23.7 - https:\/\/yoast.com\/wordpress\/plugins\/seo\/ -->\n<title>Uredska stolica s naslonima i zakrivljenim sjedalom - Inti<\/title>\n<meta name=\"description\" content=\"Uredska stolica ima ergonomski naslon za le\u0111a i sjedalo koje dobro prianja uz va\u0161e tijelo i smanjuje optere\u0107enje va\u0161e kralje\u017enice. Nudi dugotrajnu udobnost tijekom rada ili igranja. Zasebno konstruirane, cijevi debljine 2,0 mm, spljo\u0161teni dizajn, \u010dvrst spoj - sve to daje naslonima za ruke ra\u010dunalne stolice udobnu pouzdanu potporu u svakodnevnoj uporabi. Ova stolica spaja udobnost i stil - savr\u0161eno se uklapa u razli\u010dite prostore, od radne sobe do va\u0161eg ureda i konferencijske sobe. Izra\u0111ena od visokokvalitetnog PU-a, ova se okretna stolica lako \u010disti i dobro je napravljena kako bi izgledala kao nova. Ova radna stolica je podesiva po visini od 43 do 51 cm i ima funkciju naginjanja od 90\u00b0 do 110\u00b0, a tako\u0111er se mo\u017ee okretati za 360\u00b0. To zna\u010di da uvijek mo\u017eete prona\u0107i svoj idealan polo\u017eaj za sjedenje.\u00a0\" \/>\n<meta name=\"robots\" content=\"index, follow, max-snippet:-1, max-image-preview:large, max-video-preview:-1\" \/>\n<link rel=\"canonical\" href=\"https:\/\/inti.hr\/sr\/proizvod\/uredska-stolica-s-naslonima-i-zakrivljenim-sjedalom\/\" \/>\n<meta property=\"og:locale\" content=\"sr_RS\" \/>\n<meta property=\"og:type\" content=\"article\" \/>\n<meta property=\"og:title\" content=\"Uredska stolica s naslonima i zakrivljenim sjedalom - Inti\" \/>\n<meta property=\"og:description\" content=\"Uredska stolica ima ergonomski naslon za le\u0111a i sjedalo koje dobro prianja uz va\u0161e tijelo i smanjuje optere\u0107enje va\u0161e kralje\u017enice. Nudi dugotrajnu udobnost tijekom rada ili igranja. Zasebno konstruirane, cijevi debljine 2,0 mm, spljo\u0161teni dizajn, \u010dvrst spoj - sve to daje naslonima za ruke ra\u010dunalne stolice udobnu pouzdanu potporu u svakodnevnoj uporabi. Ova stolica spaja udobnost i stil - savr\u0161eno se uklapa u razli\u010dite prostore, od radne sobe do va\u0161eg ureda i konferencijske sobe. Izra\u0111ena od visokokvalitetnog PU-a, ova se okretna stolica lako \u010disti i dobro je napravljena kako bi izgledala kao nova. Ova radna stolica je podesiva po visini od 43 do 51 cm i ima funkciju naginjanja od 90\u00b0 do 110\u00b0, a tako\u0111er se mo\u017ee okretati za 360\u00b0. To zna\u010di da uvijek mo\u017eete prona\u0107i svoj idealan polo\u017eaj za sjedenje.\u00a0\" \/>\n<meta property=\"og:url\" content=\"https:\/\/inti.hr\/sr\/proizvod\/uredska-stolica-s-naslonima-i-zakrivljenim-sjedalom\/\" \/>\n<meta property=\"og:site_name\" content=\"Inti\" \/>\n<meta property=\"og:image\" content=\"https:\/\/i0.wp.com\/inti.hr\/wp-content\/uploads\/2024\/06\/OBG031G01-2.jpg?fit=800%2C1000&ssl=1\" \/>\n\t<meta property=\"og:image:width\" content=\"800\" \/>\n\t<meta property=\"og:image:height\" content=\"1000\" \/>\n\t<meta property=\"og:image:type\" content=\"image\/jpeg\" \/>\n<meta name=\"twitter:card\" content=\"summary_large_image\" \/>\n<script type=\"application\/ld+json\" class=\"yoast-schema-graph\">{\"@context\":\"https:\/\/schema.org\",\"@graph\":[{\"@type\":\"WebPage\",\"@id\":\"https:\/\/inti.hr\/sr\/proizvod\/uredska-stolica-s-naslonima-i-zakrivljenim-sjedalom\/\",\"url\":\"https:\/\/inti.hr\/sr\/proizvod\/uredska-stolica-s-naslonima-i-zakrivljenim-sjedalom\/\",\"name\":\"Uredska stolica s naslonima i zakrivljenim sjedalom - Inti\",\"isPartOf\":{\"@id\":\"https:\/\/inti.hr\/sr\/#website\"},\"primaryImageOfPage\":{\"@id\":\"https:\/\/inti.hr\/sr\/proizvod\/uredska-stolica-s-naslonima-i-zakrivljenim-sjedalom\/#primaryimage\"},\"image\":{\"@id\":\"https:\/\/inti.hr\/sr\/proizvod\/uredska-stolica-s-naslonima-i-zakrivljenim-sjedalom\/#primaryimage\"},\"thumbnailUrl\":\"https:\/\/i0.wp.com\/inti.hr\/wp-content\/uploads\/2024\/06\/OBG031G01-2.jpg?fit=800%2C1000&ssl=1\",\"datePublished\":\"2024-06-06T06:51:40+00:00\",\"dateModified\":\"2024-06-06T06:51:40+00:00\",\"description\":\"Uredska stolica ima ergonomski naslon za le\u0111a i sjedalo koje dobro prianja uz va\u0161e tijelo i smanjuje optere\u0107enje va\u0161e kralje\u017enice. Nudi dugotrajnu udobnost tijekom rada ili igranja. Zasebno konstruirane, cijevi debljine 2,0 mm, spljo\u0161teni dizajn, \u010dvrst spoj - sve to daje naslonima za ruke ra\u010dunalne stolice udobnu pouzdanu potporu u svakodnevnoj uporabi. Ova stolica spaja udobnost i stil - savr\u0161eno se uklapa u razli\u010dite prostore, od radne sobe do va\u0161eg ureda i konferencijske sobe. Izra\u0111ena od visokokvalitetnog PU-a, ova se okretna stolica lako \u010disti i dobro je napravljena kako bi izgledala kao nova. Ova radna stolica je podesiva po visini od 43 do 51 cm i ima funkciju naginjanja od 90\u00b0 do 110\u00b0, a tako\u0111er se mo\u017ee okretati za 360\u00b0. To zna\u010di da uvijek mo\u017eete prona\u0107i svoj idealan polo\u017eaj za sjedenje.\u00a0\",\"breadcrumb\":{\"@id\":\"https:\/\/inti.hr\/sr\/proizvod\/uredska-stolica-s-naslonima-i-zakrivljenim-sjedalom\/#breadcrumb\"},\"inLanguage\":\"sr-RS\",\"potentialAction\":[{\"@type\":\"ReadAction\",\"target\":[\"https:\/\/inti.hr\/sr\/proizvod\/uredska-stolica-s-naslonima-i-zakrivljenim-sjedalom\/\"]}]},{\"@type\":\"ImageObject\",\"inLanguage\":\"sr-RS\",\"@id\":\"https:\/\/inti.hr\/sr\/proizvod\/uredska-stolica-s-naslonima-i-zakrivljenim-sjedalom\/#primaryimage\",\"url\":\"https:\/\/i0.wp.com\/inti.hr\/wp-content\/uploads\/2024\/06\/OBG031G01-2.jpg?fit=800%2C1000&ssl=1\",\"contentUrl\":\"https:\/\/i0.wp.com\/inti.hr\/wp-content\/uploads\/2024\/06\/OBG031G01-2.jpg?fit=800%2C1000&ssl=1\",\"width\":800,\"height\":1000,\"caption\":\"uredska stolica s naslonima i zakrivljenim sjedalom\"},{\"@type\":\"BreadcrumbList\",\"@id\":\"https:\/\/inti.hr\/sr\/proizvod\/uredska-stolica-s-naslonima-i-zakrivljenim-sjedalom\/#breadcrumb\",\"itemListElement\":[{\"@type\":\"ListItem\",\"position\":1,\"name\":\"Po\u010detna stranica\",\"item\":\"https:\/\/inti.hr\/sr\/\"},{\"@type\":\"ListItem\",\"position\":2,\"name\":\"Prodavnica\",\"item\":\"https:\/\/inti.hr\/sr\/prodavnica\/\"},{\"@type\":\"ListItem\",\"position\":3,\"name\":\"Uredska stolica s naslonima i zakrivljenim sjedalom\"}]},{\"@type\":\"WebSite\",\"@id\":\"https:\/\/inti.hr\/sr\/#website\",\"url\":\"https:\/\/inti.hr\/sr\/\",\"name\":\"Inti\",\"description\":\"trgovina\",\"potentialAction\":[{\"@type\":\"SearchAction\",\"target\":{\"@type\":\"EntryPoint\",\"urlTemplate\":\"https:\/\/inti.hr\/sr\/?s={search_term_string}\"},\"query-input\":{\"@type\":\"PropertyValueSpecification\",\"valueRequired\":true,\"valueName\":\"search_term_string\"}}],\"inLanguage\":\"sr-RS\"}]}<\/script>\n<!-- \/ Yoast SEO plugin. -->","yoast_head_json":{"title":"Uredska stolica s naslonima i zakrivljenim sjedalom - Inti","description":"Uredska stolica ima ergonomski naslon za le\u0111a i sjedalo koje dobro prianja uz va\u0161e tijelo i smanjuje optere\u0107enje va\u0161e kralje\u017enice. Nudi dugotrajnu udobnost tijekom rada ili igranja. Zasebno konstruirane, cijevi debljine 2,0 mm, spljo\u0161teni dizajn, \u010dvrst spoj - sve to daje naslonima za ruke ra\u010dunalne stolice udobnu pouzdanu potporu u svakodnevnoj uporabi. Ova stolica spaja udobnost i stil - savr\u0161eno se uklapa u razli\u010dite prostore, od radne sobe do va\u0161eg ureda i konferencijske sobe. Izra\u0111ena od visokokvalitetnog PU-a, ova se okretna stolica lako \u010disti i dobro je napravljena kako bi izgledala kao nova. Ova radna stolica je podesiva po visini od 43 do 51 cm i ima funkciju naginjanja od 90\u00b0 do 110\u00b0, a tako\u0111er se mo\u017ee okretati za 360\u00b0. To zna\u010di da uvijek mo\u017eete prona\u0107i svoj idealan polo\u017eaj za sjedenje.\u00a0","robots":{"index":"index","follow":"follow","max-snippet":"max-snippet:-1","max-image-preview":"max-image-preview:large","max-video-preview":"max-video-preview:-1"},"canonical":"https:\/\/inti.hr\/sr\/proizvod\/uredska-stolica-s-naslonima-i-zakrivljenim-sjedalom\/","og_locale":"sr_RS","og_type":"article","og_title":"Uredska stolica s naslonima i zakrivljenim sjedalom - Inti","og_description":"Uredska stolica ima ergonomski naslon za le\u0111a i sjedalo koje dobro prianja uz va\u0161e tijelo i smanjuje optere\u0107enje va\u0161e kralje\u017enice. Nudi dugotrajnu udobnost tijekom rada ili igranja. Zasebno konstruirane, cijevi debljine 2,0 mm, spljo\u0161teni dizajn, \u010dvrst spoj - sve to daje naslonima za ruke ra\u010dunalne stolice udobnu pouzdanu potporu u svakodnevnoj uporabi. Ova stolica spaja udobnost i stil - savr\u0161eno se uklapa u razli\u010dite prostore, od radne sobe do va\u0161eg ureda i konferencijske sobe. Izra\u0111ena od visokokvalitetnog PU-a, ova se okretna stolica lako \u010disti i dobro je napravljena kako bi izgledala kao nova. Ova radna stolica je podesiva po visini od 43 do 51 cm i ima funkciju naginjanja od 90\u00b0 do 110\u00b0, a tako\u0111er se mo\u017ee okretati za 360\u00b0. To zna\u010di da uvijek mo\u017eete prona\u0107i svoj idealan polo\u017eaj za sjedenje.\u00a0","og_url":"https:\/\/inti.hr\/sr\/proizvod\/uredska-stolica-s-naslonima-i-zakrivljenim-sjedalom\/","og_site_name":"Inti","og_image":[{"width":800,"height":1000,"url":"https:\/\/i0.wp.com\/inti.hr\/wp-content\/uploads\/2024\/06\/OBG031G01-2.jpg?fit=800%2C1000&ssl=1","type":"image\/jpeg"}],"twitter_card":"summary_large_image","schema":{"@context":"https:\/\/schema.org","@graph":[{"@type":"WebPage","@id":"https:\/\/inti.hr\/sr\/proizvod\/uredska-stolica-s-naslonima-i-zakrivljenim-sjedalom\/","url":"https:\/\/inti.hr\/sr\/proizvod\/uredska-stolica-s-naslonima-i-zakrivljenim-sjedalom\/","name":"Uredska stolica s naslonima i zakrivljenim sjedalom - Inti","isPartOf":{"@id":"https:\/\/inti.hr\/sr\/#website"},"primaryImageOfPage":{"@id":"https:\/\/inti.hr\/sr\/proizvod\/uredska-stolica-s-naslonima-i-zakrivljenim-sjedalom\/#primaryimage"},"image":{"@id":"https:\/\/inti.hr\/sr\/proizvod\/uredska-stolica-s-naslonima-i-zakrivljenim-sjedalom\/#primaryimage"},"thumbnailUrl":"https:\/\/i0.wp.com\/inti.hr\/wp-content\/uploads\/2024\/06\/OBG031G01-2.jpg?fit=800%2C1000&ssl=1","datePublished":"2024-06-06T06:51:40+00:00","dateModified":"2024-06-06T06:51:40+00:00","description":"Uredska stolica ima ergonomski naslon za le\u0111a i sjedalo koje dobro prianja uz va\u0161e tijelo i smanjuje optere\u0107enje va\u0161e kralje\u017enice. Nudi dugotrajnu udobnost tijekom rada ili igranja. Zasebno konstruirane, cijevi debljine 2,0 mm, spljo\u0161teni dizajn, \u010dvrst spoj - sve to daje naslonima za ruke ra\u010dunalne stolice udobnu pouzdanu potporu u svakodnevnoj uporabi. Ova stolica spaja udobnost i stil - savr\u0161eno se uklapa u razli\u010dite prostore, od radne sobe do va\u0161eg ureda i konferencijske sobe. Izra\u0111ena od visokokvalitetnog PU-a, ova se okretna stolica lako \u010disti i dobro je napravljena kako bi izgledala kao nova. Ova radna stolica je podesiva po visini od 43 do 51 cm i ima funkciju naginjanja od 90\u00b0 do 110\u00b0, a tako\u0111er se mo\u017ee okretati za 360\u00b0. To zna\u010di da uvijek mo\u017eete prona\u0107i svoj idealan polo\u017eaj za sjedenje.\u00a0","breadcrumb":{"@id":"https:\/\/inti.hr\/sr\/proizvod\/uredska-stolica-s-naslonima-i-zakrivljenim-sjedalom\/#breadcrumb"},"inLanguage":"sr-RS","potentialAction":[{"@type":"ReadAction","target":["https:\/\/inti.hr\/sr\/proizvod\/uredska-stolica-s-naslonima-i-zakrivljenim-sjedalom\/"]}]},{"@type":"ImageObject","inLanguage":"sr-RS","@id":"https:\/\/inti.hr\/sr\/proizvod\/uredska-stolica-s-naslonima-i-zakrivljenim-sjedalom\/#primaryimage","url":"https:\/\/i0.wp.com\/inti.hr\/wp-content\/uploads\/2024\/06\/OBG031G01-2.jpg?fit=800%2C1000&ssl=1","contentUrl":"https:\/\/i0.wp.com\/inti.hr\/wp-content\/uploads\/2024\/06\/OBG031G01-2.jpg?fit=800%2C1000&ssl=1","width":800,"height":1000,"caption":"uredska stolica s naslonima i zakrivljenim sjedalom"},{"@type":"BreadcrumbList","@id":"https:\/\/inti.hr\/sr\/proizvod\/uredska-stolica-s-naslonima-i-zakrivljenim-sjedalom\/#breadcrumb","itemListElement":[{"@type":"ListItem","position":1,"name":"Po\u010detna stranica","item":"https:\/\/inti.hr\/sr\/"},{"@type":"ListItem","position":2,"name":"Prodavnica","item":"https:\/\/inti.hr\/sr\/prodavnica\/"},{"@type":"ListItem","position":3,"name":"Uredska stolica s naslonima i zakrivljenim sjedalom"}]},{"@type":"WebSite","@id":"https:\/\/inti.hr\/sr\/#website","url":"https:\/\/inti.hr\/sr\/","name":"Inti","description":"trgovina","potentialAction":[{"@type":"SearchAction","target":{"@type":"EntryPoint","urlTemplate":"https:\/\/inti.hr\/sr\/?s={search_term_string}"},"query-input":{"@type":"PropertyValueSpecification","valueRequired":true,"valueName":"search_term_string"}}],"inLanguage":"sr-RS"}]}},"jetpack_sharing_enabled":true,"jetpack-related-posts":[],"_links":{"self":[{"href":"https:\/\/inti.hr\/sr\/wp-json\/wp\/v2\/product\/32393"}],"collection":[{"href":"https:\/\/inti.hr\/sr\/wp-json\/wp\/v2\/product"}],"about":[{"href":"https:\/\/inti.hr\/sr\/wp-json\/wp\/v2\/types\/product"}],"wp:featuredmedia":[{"embeddable":true,"href":"https:\/\/inti.hr\/sr\/wp-json\/wp\/v2\/media\/32394"}],"wp:attachment":[{"href":"https:\/\/inti.hr\/sr\/wp-json\/wp\/v2\/media?parent=32393"}],"wp:term":[{"taxonomy":"product_cat","embeddable":true,"href":"https:\/\/inti.hr\/sr\/wp-json\/wp\/v2\/product_cat?post=32393"},{"taxonomy":"product_tag","embeddable":true,"href":"https:\/\/inti.hr\/sr\/wp-json\/wp\/v2\/product_tag?post=32393"}],"curies":[{"name":"wp","href":"https:\/\/api.w.org\/{rel}","templated":true}]}}