{"id":32415,"date":"2024-04-24T07:28:50","date_gmt":"2024-04-24T06:28:50","guid":{"rendered":"https:\/\/inti.hr\/product\/set-vrtnog-namjestaja-4-stolice-sa-stolom\/"},"modified":"2024-04-24T07:28:50","modified_gmt":"2024-04-24T06:28:50","slug":"set-vrtnog-namjestaja-4-stolice-sa-stolom","status":"publish","type":"product","link":"https:\/\/inti.hr\/sr\/proizvod\/set-vrtnog-namjestaja-4-stolice-sa-stolom\/","title":{"rendered":"Set vrtnog namje\u0161taja 4 stolice sa stolom"},"content":{"rendered":"<p>Detalji proizvoda:<\/p>\n<p>Boja: antracit siva-crna tinta<br \/>\nMaterijal: \u010delik, tkanina od sinteti\u010dkih vlakana, kompozit drvo-plastika<br \/>\nVeli\u010dina po stolcu: 66 x 56 x 82 cm (D x \u0160 x V)<br \/>\nTablica veli\u010dina: 88 x 88 x 70 cm (D x \u0160 x V)<br \/>\nUkupna te\u017eina: 33,9 kg<br \/>\nMaksimalna stati\u010dka nosivost po stolici: 135 kg<br \/>\nMaksimalna stati\u010dka nosivost stola: 90 kg<\/p>\n","protected":false},"excerpt":{"rendered":"<p>Ergonomski naslon za le\u0111a, sjedalo \u0161irine 56 cm, dubina sjedala 66 &#8230; <\/p>\n","protected":false},"featured_media":32416,"template":"","meta":[],"product_cat":[2461],"product_tag":[3338,2527],"yoast_head":"<!-- This site is optimized with the Yoast SEO plugin v23.7 - https:\/\/yoast.com\/wordpress\/plugins\/seo\/ -->\n<title>Set vrtnog namje\u0161taja 4 stolice sa stolom - Inti<\/title>\n<meta name=\"description\" content=\"Ergonomski naslon za le\u0111a, sjedalo \u0161irine 56 cm, dubina sjedala 66 cm - sve to daje ovim balkonskim stolicama visoku razinu udobnosti sjedenja. Vrijeme je da pozovete svoje prijatelje u svoj vrtni raj. Vrtne stolice izra\u0111ene su od tkanine od sinteti\u010dkih vlakana koja je prozra\u010dna, vodoodbojna i brzo se su\u0161i. Brzo se su\u0161e nakon ki\u0161e tako da mo\u017eete brzo ponovno u\u017eivati \u200b\u200bu ugodnom \u017eivotu na otvorenom. Visokokvalitetna \u010deli\u010dna konstrukcija osigurava dug radni vijek i nudi visoku otpornost. Vrtni stol mo\u017ee izdr\u017eati do 90 kg, a svaka stolica mo\u017ee izdr\u017eati do 135 kg, tako da mo\u017eete sjediti opu\u0161teno. Na plo\u010di stola postoji rupa od 6 cm u koju se mo\u017ee umetnuti stup suncobrana. U vru\u0107im ljetnim danima, suncobran pru\u017ea hladovinu i pru\u017ea sveobuhvatnu za\u0161titu od sunca. Zahvaljuju\u0107i jednostavnom dizajnu i bezvremenskim crnim naslonima za ruke od kompozita drvo-plastika, namje\u0161taj za terasu je estetski i stvara elegantnu atmosferu. U\u017eivajte u slobodnom vremenu sa stilom.\" \/>\n<meta name=\"robots\" content=\"index, follow, max-snippet:-1, max-image-preview:large, max-video-preview:-1\" \/>\n<link rel=\"canonical\" href=\"https:\/\/inti.hr\/sr\/proizvod\/set-vrtnog-namjestaja-4-stolice-sa-stolom\/\" \/>\n<meta property=\"og:locale\" content=\"sr_RS\" \/>\n<meta property=\"og:type\" content=\"article\" \/>\n<meta property=\"og:title\" content=\"Set vrtnog namje\u0161taja 4 stolice sa stolom - Inti\" \/>\n<meta property=\"og:description\" content=\"Ergonomski naslon za le\u0111a, sjedalo \u0161irine 56 cm, dubina sjedala 66 cm - sve to daje ovim balkonskim stolicama visoku razinu udobnosti sjedenja. Vrijeme je da pozovete svoje prijatelje u svoj vrtni raj. Vrtne stolice izra\u0111ene su od tkanine od sinteti\u010dkih vlakana koja je prozra\u010dna, vodoodbojna i brzo se su\u0161i. Brzo se su\u0161e nakon ki\u0161e tako da mo\u017eete brzo ponovno u\u017eivati \u200b\u200bu ugodnom \u017eivotu na otvorenom. Visokokvalitetna \u010deli\u010dna konstrukcija osigurava dug radni vijek i nudi visoku otpornost. Vrtni stol mo\u017ee izdr\u017eati do 90 kg, a svaka stolica mo\u017ee izdr\u017eati do 135 kg, tako da mo\u017eete sjediti opu\u0161teno. Na plo\u010di stola postoji rupa od 6 cm u koju se mo\u017ee umetnuti stup suncobrana. U vru\u0107im ljetnim danima, suncobran pru\u017ea hladovinu i pru\u017ea sveobuhvatnu za\u0161titu od sunca. Zahvaljuju\u0107i jednostavnom dizajnu i bezvremenskim crnim naslonima za ruke od kompozita drvo-plastika, namje\u0161taj za terasu je estetski i stvara elegantnu atmosferu. U\u017eivajte u slobodnom vremenu sa stilom.\" \/>\n<meta property=\"og:url\" content=\"https:\/\/inti.hr\/sr\/proizvod\/set-vrtnog-namjestaja-4-stolice-sa-stolom\/\" \/>\n<meta property=\"og:site_name\" content=\"Inti\" \/>\n<meta property=\"og:image\" content=\"https:\/\/i0.wp.com\/inti.hr\/wp-content\/uploads\/2024\/04\/GGF045G01-1.jpg?fit=1000%2C1000&ssl=1\" \/>\n\t<meta property=\"og:image:width\" content=\"1000\" \/>\n\t<meta property=\"og:image:height\" content=\"1000\" \/>\n\t<meta property=\"og:image:type\" content=\"image\/jpeg\" \/>\n<meta name=\"twitter:card\" content=\"summary_large_image\" \/>\n<script type=\"application\/ld+json\" class=\"yoast-schema-graph\">{\"@context\":\"https:\/\/schema.org\",\"@graph\":[{\"@type\":\"WebPage\",\"@id\":\"https:\/\/inti.hr\/sr\/proizvod\/set-vrtnog-namjestaja-4-stolice-sa-stolom\/\",\"url\":\"https:\/\/inti.hr\/sr\/proizvod\/set-vrtnog-namjestaja-4-stolice-sa-stolom\/\",\"name\":\"Set vrtnog namje\u0161taja 4 stolice sa stolom - Inti\",\"isPartOf\":{\"@id\":\"https:\/\/inti.hr\/sr\/#website\"},\"primaryImageOfPage\":{\"@id\":\"https:\/\/inti.hr\/sr\/proizvod\/set-vrtnog-namjestaja-4-stolice-sa-stolom\/#primaryimage\"},\"image\":{\"@id\":\"https:\/\/inti.hr\/sr\/proizvod\/set-vrtnog-namjestaja-4-stolice-sa-stolom\/#primaryimage\"},\"thumbnailUrl\":\"https:\/\/i0.wp.com\/inti.hr\/wp-content\/uploads\/2024\/04\/GGF045G01-1.jpg?fit=1000%2C1000&ssl=1\",\"datePublished\":\"2024-04-24T06:28:50+00:00\",\"dateModified\":\"2024-04-24T06:28:50+00:00\",\"description\":\"Ergonomski naslon za le\u0111a, sjedalo \u0161irine 56 cm, dubina sjedala 66 cm - sve to daje ovim balkonskim stolicama visoku razinu udobnosti sjedenja. Vrijeme je da pozovete svoje prijatelje u svoj vrtni raj. Vrtne stolice izra\u0111ene su od tkanine od sinteti\u010dkih vlakana koja je prozra\u010dna, vodoodbojna i brzo se su\u0161i. Brzo se su\u0161e nakon ki\u0161e tako da mo\u017eete brzo ponovno u\u017eivati \u200b\u200bu ugodnom \u017eivotu na otvorenom. Visokokvalitetna \u010deli\u010dna konstrukcija osigurava dug radni vijek i nudi visoku otpornost. Vrtni stol mo\u017ee izdr\u017eati do 90 kg, a svaka stolica mo\u017ee izdr\u017eati do 135 kg, tako da mo\u017eete sjediti opu\u0161teno. Na plo\u010di stola postoji rupa od 6 cm u koju se mo\u017ee umetnuti stup suncobrana. U vru\u0107im ljetnim danima, suncobran pru\u017ea hladovinu i pru\u017ea sveobuhvatnu za\u0161titu od sunca. Zahvaljuju\u0107i jednostavnom dizajnu i bezvremenskim crnim naslonima za ruke od kompozita drvo-plastika, namje\u0161taj za terasu je estetski i stvara elegantnu atmosferu. U\u017eivajte u slobodnom vremenu sa stilom.\",\"breadcrumb\":{\"@id\":\"https:\/\/inti.hr\/sr\/proizvod\/set-vrtnog-namjestaja-4-stolice-sa-stolom\/#breadcrumb\"},\"inLanguage\":\"sr-RS\",\"potentialAction\":[{\"@type\":\"ReadAction\",\"target\":[\"https:\/\/inti.hr\/sr\/proizvod\/set-vrtnog-namjestaja-4-stolice-sa-stolom\/\"]}]},{\"@type\":\"ImageObject\",\"inLanguage\":\"sr-RS\",\"@id\":\"https:\/\/inti.hr\/sr\/proizvod\/set-vrtnog-namjestaja-4-stolice-sa-stolom\/#primaryimage\",\"url\":\"https:\/\/i0.wp.com\/inti.hr\/wp-content\/uploads\/2024\/04\/GGF045G01-1.jpg?fit=1000%2C1000&ssl=1\",\"contentUrl\":\"https:\/\/i0.wp.com\/inti.hr\/wp-content\/uploads\/2024\/04\/GGF045G01-1.jpg?fit=1000%2C1000&ssl=1\",\"width\":1000,\"height\":1000},{\"@type\":\"BreadcrumbList\",\"@id\":\"https:\/\/inti.hr\/sr\/proizvod\/set-vrtnog-namjestaja-4-stolice-sa-stolom\/#breadcrumb\",\"itemListElement\":[{\"@type\":\"ListItem\",\"position\":1,\"name\":\"Po\u010detna stranica\",\"item\":\"https:\/\/inti.hr\/sr\/\"},{\"@type\":\"ListItem\",\"position\":2,\"name\":\"Prodavnica\",\"item\":\"https:\/\/inti.hr\/sr\/prodavnica\/\"},{\"@type\":\"ListItem\",\"position\":3,\"name\":\"Set vrtnog namje\u0161taja 4 stolice sa stolom\"}]},{\"@type\":\"WebSite\",\"@id\":\"https:\/\/inti.hr\/sr\/#website\",\"url\":\"https:\/\/inti.hr\/sr\/\",\"name\":\"Inti\",\"description\":\"trgovina\",\"potentialAction\":[{\"@type\":\"SearchAction\",\"target\":{\"@type\":\"EntryPoint\",\"urlTemplate\":\"https:\/\/inti.hr\/sr\/?s={search_term_string}\"},\"query-input\":{\"@type\":\"PropertyValueSpecification\",\"valueRequired\":true,\"valueName\":\"search_term_string\"}}],\"inLanguage\":\"sr-RS\"}]}<\/script>\n<!-- \/ Yoast SEO plugin. -->","yoast_head_json":{"title":"Set vrtnog namje\u0161taja 4 stolice sa stolom - Inti","description":"Ergonomski naslon za le\u0111a, sjedalo \u0161irine 56 cm, dubina sjedala 66 cm - sve to daje ovim balkonskim stolicama visoku razinu udobnosti sjedenja. Vrijeme je da pozovete svoje prijatelje u svoj vrtni raj. Vrtne stolice izra\u0111ene su od tkanine od sinteti\u010dkih vlakana koja je prozra\u010dna, vodoodbojna i brzo se su\u0161i. Brzo se su\u0161e nakon ki\u0161e tako da mo\u017eete brzo ponovno u\u017eivati \u200b\u200bu ugodnom \u017eivotu na otvorenom. Visokokvalitetna \u010deli\u010dna konstrukcija osigurava dug radni vijek i nudi visoku otpornost. Vrtni stol mo\u017ee izdr\u017eati do 90 kg, a svaka stolica mo\u017ee izdr\u017eati do 135 kg, tako da mo\u017eete sjediti opu\u0161teno. Na plo\u010di stola postoji rupa od 6 cm u koju se mo\u017ee umetnuti stup suncobrana. U vru\u0107im ljetnim danima, suncobran pru\u017ea hladovinu i pru\u017ea sveobuhvatnu za\u0161titu od sunca. Zahvaljuju\u0107i jednostavnom dizajnu i bezvremenskim crnim naslonima za ruke od kompozita drvo-plastika, namje\u0161taj za terasu je estetski i stvara elegantnu atmosferu. U\u017eivajte u slobodnom vremenu sa stilom.","robots":{"index":"index","follow":"follow","max-snippet":"max-snippet:-1","max-image-preview":"max-image-preview:large","max-video-preview":"max-video-preview:-1"},"canonical":"https:\/\/inti.hr\/sr\/proizvod\/set-vrtnog-namjestaja-4-stolice-sa-stolom\/","og_locale":"sr_RS","og_type":"article","og_title":"Set vrtnog namje\u0161taja 4 stolice sa stolom - Inti","og_description":"Ergonomski naslon za le\u0111a, sjedalo \u0161irine 56 cm, dubina sjedala 66 cm - sve to daje ovim balkonskim stolicama visoku razinu udobnosti sjedenja. Vrijeme je da pozovete svoje prijatelje u svoj vrtni raj. Vrtne stolice izra\u0111ene su od tkanine od sinteti\u010dkih vlakana koja je prozra\u010dna, vodoodbojna i brzo se su\u0161i. Brzo se su\u0161e nakon ki\u0161e tako da mo\u017eete brzo ponovno u\u017eivati \u200b\u200bu ugodnom \u017eivotu na otvorenom. Visokokvalitetna \u010deli\u010dna konstrukcija osigurava dug radni vijek i nudi visoku otpornost. Vrtni stol mo\u017ee izdr\u017eati do 90 kg, a svaka stolica mo\u017ee izdr\u017eati do 135 kg, tako da mo\u017eete sjediti opu\u0161teno. Na plo\u010di stola postoji rupa od 6 cm u koju se mo\u017ee umetnuti stup suncobrana. U vru\u0107im ljetnim danima, suncobran pru\u017ea hladovinu i pru\u017ea sveobuhvatnu za\u0161titu od sunca. Zahvaljuju\u0107i jednostavnom dizajnu i bezvremenskim crnim naslonima za ruke od kompozita drvo-plastika, namje\u0161taj za terasu je estetski i stvara elegantnu atmosferu. U\u017eivajte u slobodnom vremenu sa stilom.","og_url":"https:\/\/inti.hr\/sr\/proizvod\/set-vrtnog-namjestaja-4-stolice-sa-stolom\/","og_site_name":"Inti","og_image":[{"width":1000,"height":1000,"url":"https:\/\/i0.wp.com\/inti.hr\/wp-content\/uploads\/2024\/04\/GGF045G01-1.jpg?fit=1000%2C1000&ssl=1","type":"image\/jpeg"}],"twitter_card":"summary_large_image","schema":{"@context":"https:\/\/schema.org","@graph":[{"@type":"WebPage","@id":"https:\/\/inti.hr\/sr\/proizvod\/set-vrtnog-namjestaja-4-stolice-sa-stolom\/","url":"https:\/\/inti.hr\/sr\/proizvod\/set-vrtnog-namjestaja-4-stolice-sa-stolom\/","name":"Set vrtnog namje\u0161taja 4 stolice sa stolom - Inti","isPartOf":{"@id":"https:\/\/inti.hr\/sr\/#website"},"primaryImageOfPage":{"@id":"https:\/\/inti.hr\/sr\/proizvod\/set-vrtnog-namjestaja-4-stolice-sa-stolom\/#primaryimage"},"image":{"@id":"https:\/\/inti.hr\/sr\/proizvod\/set-vrtnog-namjestaja-4-stolice-sa-stolom\/#primaryimage"},"thumbnailUrl":"https:\/\/i0.wp.com\/inti.hr\/wp-content\/uploads\/2024\/04\/GGF045G01-1.jpg?fit=1000%2C1000&ssl=1","datePublished":"2024-04-24T06:28:50+00:00","dateModified":"2024-04-24T06:28:50+00:00","description":"Ergonomski naslon za le\u0111a, sjedalo \u0161irine 56 cm, dubina sjedala 66 cm - sve to daje ovim balkonskim stolicama visoku razinu udobnosti sjedenja. Vrijeme je da pozovete svoje prijatelje u svoj vrtni raj. Vrtne stolice izra\u0111ene su od tkanine od sinteti\u010dkih vlakana koja je prozra\u010dna, vodoodbojna i brzo se su\u0161i. Brzo se su\u0161e nakon ki\u0161e tako da mo\u017eete brzo ponovno u\u017eivati \u200b\u200bu ugodnom \u017eivotu na otvorenom. Visokokvalitetna \u010deli\u010dna konstrukcija osigurava dug radni vijek i nudi visoku otpornost. Vrtni stol mo\u017ee izdr\u017eati do 90 kg, a svaka stolica mo\u017ee izdr\u017eati do 135 kg, tako da mo\u017eete sjediti opu\u0161teno. Na plo\u010di stola postoji rupa od 6 cm u koju se mo\u017ee umetnuti stup suncobrana. U vru\u0107im ljetnim danima, suncobran pru\u017ea hladovinu i pru\u017ea sveobuhvatnu za\u0161titu od sunca. Zahvaljuju\u0107i jednostavnom dizajnu i bezvremenskim crnim naslonima za ruke od kompozita drvo-plastika, namje\u0161taj za terasu je estetski i stvara elegantnu atmosferu. U\u017eivajte u slobodnom vremenu sa stilom.","breadcrumb":{"@id":"https:\/\/inti.hr\/sr\/proizvod\/set-vrtnog-namjestaja-4-stolice-sa-stolom\/#breadcrumb"},"inLanguage":"sr-RS","potentialAction":[{"@type":"ReadAction","target":["https:\/\/inti.hr\/sr\/proizvod\/set-vrtnog-namjestaja-4-stolice-sa-stolom\/"]}]},{"@type":"ImageObject","inLanguage":"sr-RS","@id":"https:\/\/inti.hr\/sr\/proizvod\/set-vrtnog-namjestaja-4-stolice-sa-stolom\/#primaryimage","url":"https:\/\/i0.wp.com\/inti.hr\/wp-content\/uploads\/2024\/04\/GGF045G01-1.jpg?fit=1000%2C1000&ssl=1","contentUrl":"https:\/\/i0.wp.com\/inti.hr\/wp-content\/uploads\/2024\/04\/GGF045G01-1.jpg?fit=1000%2C1000&ssl=1","width":1000,"height":1000},{"@type":"BreadcrumbList","@id":"https:\/\/inti.hr\/sr\/proizvod\/set-vrtnog-namjestaja-4-stolice-sa-stolom\/#breadcrumb","itemListElement":[{"@type":"ListItem","position":1,"name":"Po\u010detna stranica","item":"https:\/\/inti.hr\/sr\/"},{"@type":"ListItem","position":2,"name":"Prodavnica","item":"https:\/\/inti.hr\/sr\/prodavnica\/"},{"@type":"ListItem","position":3,"name":"Set vrtnog namje\u0161taja 4 stolice sa stolom"}]},{"@type":"WebSite","@id":"https:\/\/inti.hr\/sr\/#website","url":"https:\/\/inti.hr\/sr\/","name":"Inti","description":"trgovina","potentialAction":[{"@type":"SearchAction","target":{"@type":"EntryPoint","urlTemplate":"https:\/\/inti.hr\/sr\/?s={search_term_string}"},"query-input":{"@type":"PropertyValueSpecification","valueRequired":true,"valueName":"search_term_string"}}],"inLanguage":"sr-RS"}]}},"jetpack_sharing_enabled":true,"jetpack-related-posts":[],"_links":{"self":[{"href":"https:\/\/inti.hr\/sr\/wp-json\/wp\/v2\/product\/32415"}],"collection":[{"href":"https:\/\/inti.hr\/sr\/wp-json\/wp\/v2\/product"}],"about":[{"href":"https:\/\/inti.hr\/sr\/wp-json\/wp\/v2\/types\/product"}],"wp:featuredmedia":[{"embeddable":true,"href":"https:\/\/inti.hr\/sr\/wp-json\/wp\/v2\/media\/32416"}],"wp:attachment":[{"href":"https:\/\/inti.hr\/sr\/wp-json\/wp\/v2\/media?parent=32415"}],"wp:term":[{"taxonomy":"product_cat","embeddable":true,"href":"https:\/\/inti.hr\/sr\/wp-json\/wp\/v2\/product_cat?post=32415"},{"taxonomy":"product_tag","embeddable":true,"href":"https:\/\/inti.hr\/sr\/wp-json\/wp\/v2\/product_tag?post=32415"}],"curies":[{"name":"wp","href":"https:\/\/api.w.org\/{rel}","templated":true}]}}