{"id":32419,"date":"2024-04-18T08:01:06","date_gmt":"2024-04-18T07:01:06","guid":{"rendered":"https:\/\/inti.hr\/product\/povisena-posuda-za-pse-s-okvirom-i-ladicom\/"},"modified":"2024-04-18T08:01:06","modified_gmt":"2024-04-18T07:01:06","slug":"povisena-posuda-za-pse-s-okvirom-i-ladicom","status":"publish","type":"product","link":"https:\/\/inti.hr\/sr\/proizvod\/povisena-posuda-za-pse-s-okvirom-i-ladicom\/","title":{"rendered":"Povi\u0161ena posuda za pse s okvirom i ladicom"},"content":{"rendered":"<p>Detalji proizvoda:<\/p>\n<p>Boja: vintage sme\u0111e-crna<br \/>\nMaterijal: iverica, \u010delik, nehr\u0111aju\u0107i \u010delik<br \/>\nVeli\u010dina: 42 x 34,3 x 39 cm (D x \u0160 x V)<br \/>\nTe\u017eina: 6,4 kg<\/p>\n","protected":false},"excerpt":{"rendered":"<p>Visina 39 cm, idealna za pse s visinom ramena preko 56 &#8230; <\/p>\n","protected":false},"featured_media":32420,"template":"","meta":[],"product_cat":[2404],"product_tag":[2649,3341],"yoast_head":"<!-- This site is optimized with the Yoast SEO plugin v23.7 - https:\/\/yoast.com\/wordpress\/plugins\/seo\/ -->\n<title>Povi\u0161ena posuda za pse s okvirom i ladicom - Inti<\/title>\n<meta name=\"description\" content=\"Visina 39 cm, idealna za pse s visinom ramena preko 56 cm (zlatni retriver, labrador, njema\u010dki bokser, rotvajler, doberman). Poma\u017ee im u odr\u017eavanju dobrih prehrambenih navika, ubla\u017eava napetost vrata i pobolj\u0161ava probavu. Jedna za hranu, jedna za vodu - dvije zdjele od nehr\u0111aju\u0107eg \u010delika sigurne za hranu, svaka kapaciteta 1300 ml, nude dovoljno prostora za obroke va\u0161eg psa. Posude se mogu skinuti i prati u perilici posu\u0111a. Zahvaljuju\u0107i robusnom \u010deli\u010dnom okviru i furniranoj iverici otpornoj na vodu i ogrebotine, posuda za pse s okvirom je izdr\u017eljiva. Podesive no\u017eice i kota\u010di\u0107 ispod ladice pru\u017eaju dodatnu stabilnost. Povi\u0161ena zdjela za hranjenje kombinira pohranu i hranjenje u jednom. Vi\u0161e ne morate tr\u010dati okolo po hranu i poslastice. Jednostavno otvorite ladicu, izvadite hranu i zatim napunite zdjelice - gotovo! Uz kombinaciju vintage sme\u0111ih plo\u010da i mat crnog okvira, ova povi\u0161ena zdjela za hranu lako \u0107e se uklopiti u stil va\u0161eg doma i dodati ono ne\u0161to va\u0161oj sobi.\u00a0\" \/>\n<meta name=\"robots\" content=\"index, follow, max-snippet:-1, max-image-preview:large, max-video-preview:-1\" \/>\n<link rel=\"canonical\" href=\"https:\/\/inti.hr\/sr\/proizvod\/povisena-posuda-za-pse-s-okvirom-i-ladicom\/\" \/>\n<meta property=\"og:locale\" content=\"sr_RS\" \/>\n<meta property=\"og:type\" content=\"article\" \/>\n<meta property=\"og:title\" content=\"Povi\u0161ena posuda za pse s okvirom i ladicom - Inti\" \/>\n<meta property=\"og:description\" content=\"Visina 39 cm, idealna za pse s visinom ramena preko 56 cm (zlatni retriver, labrador, njema\u010dki bokser, rotvajler, doberman). Poma\u017ee im u odr\u017eavanju dobrih prehrambenih navika, ubla\u017eava napetost vrata i pobolj\u0161ava probavu. Jedna za hranu, jedna za vodu - dvije zdjele od nehr\u0111aju\u0107eg \u010delika sigurne za hranu, svaka kapaciteta 1300 ml, nude dovoljno prostora za obroke va\u0161eg psa. Posude se mogu skinuti i prati u perilici posu\u0111a. Zahvaljuju\u0107i robusnom \u010deli\u010dnom okviru i furniranoj iverici otpornoj na vodu i ogrebotine, posuda za pse s okvirom je izdr\u017eljiva. Podesive no\u017eice i kota\u010di\u0107 ispod ladice pru\u017eaju dodatnu stabilnost. Povi\u0161ena zdjela za hranjenje kombinira pohranu i hranjenje u jednom. Vi\u0161e ne morate tr\u010dati okolo po hranu i poslastice. Jednostavno otvorite ladicu, izvadite hranu i zatim napunite zdjelice - gotovo! Uz kombinaciju vintage sme\u0111ih plo\u010da i mat crnog okvira, ova povi\u0161ena zdjela za hranu lako \u0107e se uklopiti u stil va\u0161eg doma i dodati ono ne\u0161to va\u0161oj sobi.\u00a0\" \/>\n<meta property=\"og:url\" content=\"https:\/\/inti.hr\/sr\/proizvod\/povisena-posuda-za-pse-s-okvirom-i-ladicom\/\" \/>\n<meta property=\"og:site_name\" content=\"Inti\" \/>\n<meta property=\"og:image\" content=\"https:\/\/i0.wp.com\/inti.hr\/wp-content\/uploads\/2024\/04\/PRB101X01-1.jpg?fit=1000%2C1000&ssl=1\" \/>\n\t<meta property=\"og:image:width\" content=\"1000\" \/>\n\t<meta property=\"og:image:height\" content=\"1000\" \/>\n\t<meta property=\"og:image:type\" content=\"image\/jpeg\" \/>\n<meta name=\"twitter:card\" content=\"summary_large_image\" \/>\n<script type=\"application\/ld+json\" class=\"yoast-schema-graph\">{\"@context\":\"https:\/\/schema.org\",\"@graph\":[{\"@type\":\"WebPage\",\"@id\":\"https:\/\/inti.hr\/sr\/proizvod\/povisena-posuda-za-pse-s-okvirom-i-ladicom\/\",\"url\":\"https:\/\/inti.hr\/sr\/proizvod\/povisena-posuda-za-pse-s-okvirom-i-ladicom\/\",\"name\":\"Povi\u0161ena posuda za pse s okvirom i ladicom - Inti\",\"isPartOf\":{\"@id\":\"https:\/\/inti.hr\/sr\/#website\"},\"primaryImageOfPage\":{\"@id\":\"https:\/\/inti.hr\/sr\/proizvod\/povisena-posuda-za-pse-s-okvirom-i-ladicom\/#primaryimage\"},\"image\":{\"@id\":\"https:\/\/inti.hr\/sr\/proizvod\/povisena-posuda-za-pse-s-okvirom-i-ladicom\/#primaryimage\"},\"thumbnailUrl\":\"https:\/\/i0.wp.com\/inti.hr\/wp-content\/uploads\/2024\/04\/PRB101X01-1.jpg?fit=1000%2C1000&ssl=1\",\"datePublished\":\"2024-04-18T07:01:06+00:00\",\"dateModified\":\"2024-04-18T07:01:06+00:00\",\"description\":\"Visina 39 cm, idealna za pse s visinom ramena preko 56 cm (zlatni retriver, labrador, njema\u010dki bokser, rotvajler, doberman). Poma\u017ee im u odr\u017eavanju dobrih prehrambenih navika, ubla\u017eava napetost vrata i pobolj\u0161ava probavu. Jedna za hranu, jedna za vodu - dvije zdjele od nehr\u0111aju\u0107eg \u010delika sigurne za hranu, svaka kapaciteta 1300 ml, nude dovoljno prostora za obroke va\u0161eg psa. Posude se mogu skinuti i prati u perilici posu\u0111a. Zahvaljuju\u0107i robusnom \u010deli\u010dnom okviru i furniranoj iverici otpornoj na vodu i ogrebotine, posuda za pse s okvirom je izdr\u017eljiva. Podesive no\u017eice i kota\u010di\u0107 ispod ladice pru\u017eaju dodatnu stabilnost. Povi\u0161ena zdjela za hranjenje kombinira pohranu i hranjenje u jednom. Vi\u0161e ne morate tr\u010dati okolo po hranu i poslastice. Jednostavno otvorite ladicu, izvadite hranu i zatim napunite zdjelice - gotovo! Uz kombinaciju vintage sme\u0111ih plo\u010da i mat crnog okvira, ova povi\u0161ena zdjela za hranu lako \u0107e se uklopiti u stil va\u0161eg doma i dodati ono ne\u0161to va\u0161oj sobi.\u00a0\",\"breadcrumb\":{\"@id\":\"https:\/\/inti.hr\/sr\/proizvod\/povisena-posuda-za-pse-s-okvirom-i-ladicom\/#breadcrumb\"},\"inLanguage\":\"sr-RS\",\"potentialAction\":[{\"@type\":\"ReadAction\",\"target\":[\"https:\/\/inti.hr\/sr\/proizvod\/povisena-posuda-za-pse-s-okvirom-i-ladicom\/\"]}]},{\"@type\":\"ImageObject\",\"inLanguage\":\"sr-RS\",\"@id\":\"https:\/\/inti.hr\/sr\/proizvod\/povisena-posuda-za-pse-s-okvirom-i-ladicom\/#primaryimage\",\"url\":\"https:\/\/i0.wp.com\/inti.hr\/wp-content\/uploads\/2024\/04\/PRB101X01-1.jpg?fit=1000%2C1000&ssl=1\",\"contentUrl\":\"https:\/\/i0.wp.com\/inti.hr\/wp-content\/uploads\/2024\/04\/PRB101X01-1.jpg?fit=1000%2C1000&ssl=1\",\"width\":1000,\"height\":1000},{\"@type\":\"BreadcrumbList\",\"@id\":\"https:\/\/inti.hr\/sr\/proizvod\/povisena-posuda-za-pse-s-okvirom-i-ladicom\/#breadcrumb\",\"itemListElement\":[{\"@type\":\"ListItem\",\"position\":1,\"name\":\"Po\u010detna stranica\",\"item\":\"https:\/\/inti.hr\/sr\/\"},{\"@type\":\"ListItem\",\"position\":2,\"name\":\"Prodavnica\",\"item\":\"https:\/\/inti.hr\/sr\/prodavnica\/\"},{\"@type\":\"ListItem\",\"position\":3,\"name\":\"Povi\u0161ena posuda za pse s okvirom i ladicom\"}]},{\"@type\":\"WebSite\",\"@id\":\"https:\/\/inti.hr\/sr\/#website\",\"url\":\"https:\/\/inti.hr\/sr\/\",\"name\":\"Inti\",\"description\":\"trgovina\",\"potentialAction\":[{\"@type\":\"SearchAction\",\"target\":{\"@type\":\"EntryPoint\",\"urlTemplate\":\"https:\/\/inti.hr\/sr\/?s={search_term_string}\"},\"query-input\":{\"@type\":\"PropertyValueSpecification\",\"valueRequired\":true,\"valueName\":\"search_term_string\"}}],\"inLanguage\":\"sr-RS\"}]}<\/script>\n<!-- \/ Yoast SEO plugin. -->","yoast_head_json":{"title":"Povi\u0161ena posuda za pse s okvirom i ladicom - Inti","description":"Visina 39 cm, idealna za pse s visinom ramena preko 56 cm (zlatni retriver, labrador, njema\u010dki bokser, rotvajler, doberman). Poma\u017ee im u odr\u017eavanju dobrih prehrambenih navika, ubla\u017eava napetost vrata i pobolj\u0161ava probavu. Jedna za hranu, jedna za vodu - dvije zdjele od nehr\u0111aju\u0107eg \u010delika sigurne za hranu, svaka kapaciteta 1300 ml, nude dovoljno prostora za obroke va\u0161eg psa. Posude se mogu skinuti i prati u perilici posu\u0111a. Zahvaljuju\u0107i robusnom \u010deli\u010dnom okviru i furniranoj iverici otpornoj na vodu i ogrebotine, posuda za pse s okvirom je izdr\u017eljiva. Podesive no\u017eice i kota\u010di\u0107 ispod ladice pru\u017eaju dodatnu stabilnost. Povi\u0161ena zdjela za hranjenje kombinira pohranu i hranjenje u jednom. Vi\u0161e ne morate tr\u010dati okolo po hranu i poslastice. Jednostavno otvorite ladicu, izvadite hranu i zatim napunite zdjelice - gotovo! Uz kombinaciju vintage sme\u0111ih plo\u010da i mat crnog okvira, ova povi\u0161ena zdjela za hranu lako \u0107e se uklopiti u stil va\u0161eg doma i dodati ono ne\u0161to va\u0161oj sobi.\u00a0","robots":{"index":"index","follow":"follow","max-snippet":"max-snippet:-1","max-image-preview":"max-image-preview:large","max-video-preview":"max-video-preview:-1"},"canonical":"https:\/\/inti.hr\/sr\/proizvod\/povisena-posuda-za-pse-s-okvirom-i-ladicom\/","og_locale":"sr_RS","og_type":"article","og_title":"Povi\u0161ena posuda za pse s okvirom i ladicom - Inti","og_description":"Visina 39 cm, idealna za pse s visinom ramena preko 56 cm (zlatni retriver, labrador, njema\u010dki bokser, rotvajler, doberman). Poma\u017ee im u odr\u017eavanju dobrih prehrambenih navika, ubla\u017eava napetost vrata i pobolj\u0161ava probavu. Jedna za hranu, jedna za vodu - dvije zdjele od nehr\u0111aju\u0107eg \u010delika sigurne za hranu, svaka kapaciteta 1300 ml, nude dovoljno prostora za obroke va\u0161eg psa. Posude se mogu skinuti i prati u perilici posu\u0111a. Zahvaljuju\u0107i robusnom \u010deli\u010dnom okviru i furniranoj iverici otpornoj na vodu i ogrebotine, posuda za pse s okvirom je izdr\u017eljiva. Podesive no\u017eice i kota\u010di\u0107 ispod ladice pru\u017eaju dodatnu stabilnost. Povi\u0161ena zdjela za hranjenje kombinira pohranu i hranjenje u jednom. Vi\u0161e ne morate tr\u010dati okolo po hranu i poslastice. Jednostavno otvorite ladicu, izvadite hranu i zatim napunite zdjelice - gotovo! Uz kombinaciju vintage sme\u0111ih plo\u010da i mat crnog okvira, ova povi\u0161ena zdjela za hranu lako \u0107e se uklopiti u stil va\u0161eg doma i dodati ono ne\u0161to va\u0161oj sobi.\u00a0","og_url":"https:\/\/inti.hr\/sr\/proizvod\/povisena-posuda-za-pse-s-okvirom-i-ladicom\/","og_site_name":"Inti","og_image":[{"width":1000,"height":1000,"url":"https:\/\/i0.wp.com\/inti.hr\/wp-content\/uploads\/2024\/04\/PRB101X01-1.jpg?fit=1000%2C1000&ssl=1","type":"image\/jpeg"}],"twitter_card":"summary_large_image","schema":{"@context":"https:\/\/schema.org","@graph":[{"@type":"WebPage","@id":"https:\/\/inti.hr\/sr\/proizvod\/povisena-posuda-za-pse-s-okvirom-i-ladicom\/","url":"https:\/\/inti.hr\/sr\/proizvod\/povisena-posuda-za-pse-s-okvirom-i-ladicom\/","name":"Povi\u0161ena posuda za pse s okvirom i ladicom - Inti","isPartOf":{"@id":"https:\/\/inti.hr\/sr\/#website"},"primaryImageOfPage":{"@id":"https:\/\/inti.hr\/sr\/proizvod\/povisena-posuda-za-pse-s-okvirom-i-ladicom\/#primaryimage"},"image":{"@id":"https:\/\/inti.hr\/sr\/proizvod\/povisena-posuda-za-pse-s-okvirom-i-ladicom\/#primaryimage"},"thumbnailUrl":"https:\/\/i0.wp.com\/inti.hr\/wp-content\/uploads\/2024\/04\/PRB101X01-1.jpg?fit=1000%2C1000&ssl=1","datePublished":"2024-04-18T07:01:06+00:00","dateModified":"2024-04-18T07:01:06+00:00","description":"Visina 39 cm, idealna za pse s visinom ramena preko 56 cm (zlatni retriver, labrador, njema\u010dki bokser, rotvajler, doberman). Poma\u017ee im u odr\u017eavanju dobrih prehrambenih navika, ubla\u017eava napetost vrata i pobolj\u0161ava probavu. Jedna za hranu, jedna za vodu - dvije zdjele od nehr\u0111aju\u0107eg \u010delika sigurne za hranu, svaka kapaciteta 1300 ml, nude dovoljno prostora za obroke va\u0161eg psa. Posude se mogu skinuti i prati u perilici posu\u0111a. Zahvaljuju\u0107i robusnom \u010deli\u010dnom okviru i furniranoj iverici otpornoj na vodu i ogrebotine, posuda za pse s okvirom je izdr\u017eljiva. Podesive no\u017eice i kota\u010di\u0107 ispod ladice pru\u017eaju dodatnu stabilnost. Povi\u0161ena zdjela za hranjenje kombinira pohranu i hranjenje u jednom. Vi\u0161e ne morate tr\u010dati okolo po hranu i poslastice. Jednostavno otvorite ladicu, izvadite hranu i zatim napunite zdjelice - gotovo! Uz kombinaciju vintage sme\u0111ih plo\u010da i mat crnog okvira, ova povi\u0161ena zdjela za hranu lako \u0107e se uklopiti u stil va\u0161eg doma i dodati ono ne\u0161to va\u0161oj sobi.\u00a0","breadcrumb":{"@id":"https:\/\/inti.hr\/sr\/proizvod\/povisena-posuda-za-pse-s-okvirom-i-ladicom\/#breadcrumb"},"inLanguage":"sr-RS","potentialAction":[{"@type":"ReadAction","target":["https:\/\/inti.hr\/sr\/proizvod\/povisena-posuda-za-pse-s-okvirom-i-ladicom\/"]}]},{"@type":"ImageObject","inLanguage":"sr-RS","@id":"https:\/\/inti.hr\/sr\/proizvod\/povisena-posuda-za-pse-s-okvirom-i-ladicom\/#primaryimage","url":"https:\/\/i0.wp.com\/inti.hr\/wp-content\/uploads\/2024\/04\/PRB101X01-1.jpg?fit=1000%2C1000&ssl=1","contentUrl":"https:\/\/i0.wp.com\/inti.hr\/wp-content\/uploads\/2024\/04\/PRB101X01-1.jpg?fit=1000%2C1000&ssl=1","width":1000,"height":1000},{"@type":"BreadcrumbList","@id":"https:\/\/inti.hr\/sr\/proizvod\/povisena-posuda-za-pse-s-okvirom-i-ladicom\/#breadcrumb","itemListElement":[{"@type":"ListItem","position":1,"name":"Po\u010detna stranica","item":"https:\/\/inti.hr\/sr\/"},{"@type":"ListItem","position":2,"name":"Prodavnica","item":"https:\/\/inti.hr\/sr\/prodavnica\/"},{"@type":"ListItem","position":3,"name":"Povi\u0161ena posuda za pse s okvirom i ladicom"}]},{"@type":"WebSite","@id":"https:\/\/inti.hr\/sr\/#website","url":"https:\/\/inti.hr\/sr\/","name":"Inti","description":"trgovina","potentialAction":[{"@type":"SearchAction","target":{"@type":"EntryPoint","urlTemplate":"https:\/\/inti.hr\/sr\/?s={search_term_string}"},"query-input":{"@type":"PropertyValueSpecification","valueRequired":true,"valueName":"search_term_string"}}],"inLanguage":"sr-RS"}]}},"jetpack_sharing_enabled":true,"jetpack-related-posts":[],"_links":{"self":[{"href":"https:\/\/inti.hr\/sr\/wp-json\/wp\/v2\/product\/32419"}],"collection":[{"href":"https:\/\/inti.hr\/sr\/wp-json\/wp\/v2\/product"}],"about":[{"href":"https:\/\/inti.hr\/sr\/wp-json\/wp\/v2\/types\/product"}],"wp:featuredmedia":[{"embeddable":true,"href":"https:\/\/inti.hr\/sr\/wp-json\/wp\/v2\/media\/32420"}],"wp:attachment":[{"href":"https:\/\/inti.hr\/sr\/wp-json\/wp\/v2\/media?parent=32419"}],"wp:term":[{"taxonomy":"product_cat","embeddable":true,"href":"https:\/\/inti.hr\/sr\/wp-json\/wp\/v2\/product_cat?post=32419"},{"taxonomy":"product_tag","embeddable":true,"href":"https:\/\/inti.hr\/sr\/wp-json\/wp\/v2\/product_tag?post=32419"}],"curies":[{"name":"wp","href":"https:\/\/api.w.org\/{rel}","templated":true}]}}