{"id":32423,"date":"2024-04-18T07:52:32","date_gmt":"2024-04-18T06:52:32","guid":{"rendered":"https:\/\/inti.hr\/product\/kavez-za-pse-do-32-kg-sa-2-vrata\/"},"modified":"2024-04-18T07:52:32","modified_gmt":"2024-04-18T06:52:32","slug":"kavez-za-pse-do-32-kg-sa-2-vrata","status":"publish","type":"product","link":"https:\/\/inti.hr\/sr\/proizvod\/kavez-za-pse-do-32-kg-sa-2-vrata\/","title":{"rendered":"Kavez za pse do 32 kg sa 2 vrata"},"content":{"rendered":"<p>Detalji proizvoda:<\/p>\n<p>Boja: vintage sme\u0111a<br \/>\nMaterijal: iverica, \u010delik<br \/>\nUkupna veli\u010dina: 98 x 65 x 69 cm (D x \u0160 x V)<br \/>\nUnutarnje dimenzije: 90 x 57 x 63 cm (D x \u0160 x V)<br \/>\nTe\u017eina: 26,7 kg<br \/>\nMaksimalna stati\u010dka nosivost podloge: 100 kg<\/p>\n","protected":false},"excerpt":{"rendered":"<p>Ovaj 2-u-1 komad namje\u0161taja nudi va\u0161em psu sigurno skloni\u0161te, slu\u017ei kao &#8230; <\/p>\n","protected":false},"featured_media":32424,"template":"","meta":[],"product_cat":[2404],"product_tag":[3343,2649],"yoast_head":"<!-- This site is optimized with the Yoast SEO plugin v23.7 - https:\/\/yoast.com\/wordpress\/plugins\/seo\/ -->\n<title>Kavez za pse do 32 kg sa 2 vrata - Inti<\/title>\n<meta name=\"description\" content=\"Ovaj 2-u-1 komad namje\u0161taja nudi va\u0161em psu sigurno skloni\u0161te, slu\u017ei kao pomo\u0107ni stoli\u0107 ili no\u0107ni ormari\u0107, savr\u0161eno se uklapa u va\u0161 interijer i uljep\u0161ava va\u0161 dom - kavez za pse zadovoljava razli\u010dite potrebe. Zahvaljuju\u0107i sigurnom i zatvorenom dnu sanduka za pse, vi\u0161e se ne morate brinuti da \u0107e va\u0161 pas ponovno uhvatiti \u0161ape. Na taj na\u010din mo\u017eete stvoriti stabilno i sigurno uto\u010di\u0161te za svog \u010detverono\u017enog prijatelja. S unutarnjim dimenzijama od 90 x 57 x 63 cm, sanduk za pse idealan je za pse srednje veli\u010dine do 32 kg (npr. Huskies, Border Collies, Shiba, American Bullies). Izmjerite svog psa kako biste bili sigurni da \u0107e stati u ovaj sanduk. Ova ku\u0107ica za pse ima 35 oja\u010danih \u010deli\u010dnih cijevi (\u00d8 10 mm) koje mogu izdr\u017eati \u010dak i strastvene \u017evaka\u010de. Kvalitetna iverica kao i robusni kvadratni cijevni okvir i pre\u010dke obe\u0107avaju godine pouzdane uporabe. Vi odlu\u010dujete. Kavez je opremljen s 2 vrata (jedna prednja i jedna bo\u010dna) tako da va\u0161 pas mo\u017ee lako u\u0107i i iza\u0107i. Osim toga, bo\u010dna vrata se prema potrebi mogu pri\u010dvrstiti lijevo ili desno.\u00a0\" \/>\n<meta name=\"robots\" content=\"index, follow, max-snippet:-1, max-image-preview:large, max-video-preview:-1\" \/>\n<link rel=\"canonical\" href=\"https:\/\/inti.hr\/sr\/proizvod\/kavez-za-pse-do-32-kg-sa-2-vrata\/\" \/>\n<meta property=\"og:locale\" content=\"sr_RS\" \/>\n<meta property=\"og:type\" content=\"article\" \/>\n<meta property=\"og:title\" content=\"Kavez za pse do 32 kg sa 2 vrata - Inti\" \/>\n<meta property=\"og:description\" content=\"Ovaj 2-u-1 komad namje\u0161taja nudi va\u0161em psu sigurno skloni\u0161te, slu\u017ei kao pomo\u0107ni stoli\u0107 ili no\u0107ni ormari\u0107, savr\u0161eno se uklapa u va\u0161 interijer i uljep\u0161ava va\u0161 dom - kavez za pse zadovoljava razli\u010dite potrebe. Zahvaljuju\u0107i sigurnom i zatvorenom dnu sanduka za pse, vi\u0161e se ne morate brinuti da \u0107e va\u0161 pas ponovno uhvatiti \u0161ape. Na taj na\u010din mo\u017eete stvoriti stabilno i sigurno uto\u010di\u0161te za svog \u010detverono\u017enog prijatelja. S unutarnjim dimenzijama od 90 x 57 x 63 cm, sanduk za pse idealan je za pse srednje veli\u010dine do 32 kg (npr. Huskies, Border Collies, Shiba, American Bullies). Izmjerite svog psa kako biste bili sigurni da \u0107e stati u ovaj sanduk. Ova ku\u0107ica za pse ima 35 oja\u010danih \u010deli\u010dnih cijevi (\u00d8 10 mm) koje mogu izdr\u017eati \u010dak i strastvene \u017evaka\u010de. Kvalitetna iverica kao i robusni kvadratni cijevni okvir i pre\u010dke obe\u0107avaju godine pouzdane uporabe. Vi odlu\u010dujete. Kavez je opremljen s 2 vrata (jedna prednja i jedna bo\u010dna) tako da va\u0161 pas mo\u017ee lako u\u0107i i iza\u0107i. Osim toga, bo\u010dna vrata se prema potrebi mogu pri\u010dvrstiti lijevo ili desno.\u00a0\" \/>\n<meta property=\"og:url\" content=\"https:\/\/inti.hr\/sr\/proizvod\/kavez-za-pse-do-32-kg-sa-2-vrata\/\" \/>\n<meta property=\"og:site_name\" content=\"Inti\" \/>\n<meta property=\"og:image\" content=\"https:\/\/i0.wp.com\/inti.hr\/wp-content\/uploads\/2024\/04\/PFC023X01-1.jpg?fit=1000%2C1000&ssl=1\" \/>\n\t<meta property=\"og:image:width\" content=\"1000\" \/>\n\t<meta property=\"og:image:height\" content=\"1000\" \/>\n\t<meta property=\"og:image:type\" content=\"image\/jpeg\" \/>\n<meta name=\"twitter:card\" content=\"summary_large_image\" \/>\n<script type=\"application\/ld+json\" class=\"yoast-schema-graph\">{\"@context\":\"https:\/\/schema.org\",\"@graph\":[{\"@type\":\"WebPage\",\"@id\":\"https:\/\/inti.hr\/sr\/proizvod\/kavez-za-pse-do-32-kg-sa-2-vrata\/\",\"url\":\"https:\/\/inti.hr\/sr\/proizvod\/kavez-za-pse-do-32-kg-sa-2-vrata\/\",\"name\":\"Kavez za pse do 32 kg sa 2 vrata - Inti\",\"isPartOf\":{\"@id\":\"https:\/\/inti.hr\/sr\/#website\"},\"primaryImageOfPage\":{\"@id\":\"https:\/\/inti.hr\/sr\/proizvod\/kavez-za-pse-do-32-kg-sa-2-vrata\/#primaryimage\"},\"image\":{\"@id\":\"https:\/\/inti.hr\/sr\/proizvod\/kavez-za-pse-do-32-kg-sa-2-vrata\/#primaryimage\"},\"thumbnailUrl\":\"https:\/\/i0.wp.com\/inti.hr\/wp-content\/uploads\/2024\/04\/PFC023X01-1.jpg?fit=1000%2C1000&ssl=1\",\"datePublished\":\"2024-04-18T06:52:32+00:00\",\"dateModified\":\"2024-04-18T06:52:32+00:00\",\"description\":\"Ovaj 2-u-1 komad namje\u0161taja nudi va\u0161em psu sigurno skloni\u0161te, slu\u017ei kao pomo\u0107ni stoli\u0107 ili no\u0107ni ormari\u0107, savr\u0161eno se uklapa u va\u0161 interijer i uljep\u0161ava va\u0161 dom - kavez za pse zadovoljava razli\u010dite potrebe. Zahvaljuju\u0107i sigurnom i zatvorenom dnu sanduka za pse, vi\u0161e se ne morate brinuti da \u0107e va\u0161 pas ponovno uhvatiti \u0161ape. Na taj na\u010din mo\u017eete stvoriti stabilno i sigurno uto\u010di\u0161te za svog \u010detverono\u017enog prijatelja. S unutarnjim dimenzijama od 90 x 57 x 63 cm, sanduk za pse idealan je za pse srednje veli\u010dine do 32 kg (npr. Huskies, Border Collies, Shiba, American Bullies). Izmjerite svog psa kako biste bili sigurni da \u0107e stati u ovaj sanduk. Ova ku\u0107ica za pse ima 35 oja\u010danih \u010deli\u010dnih cijevi (\u00d8 10 mm) koje mogu izdr\u017eati \u010dak i strastvene \u017evaka\u010de. Kvalitetna iverica kao i robusni kvadratni cijevni okvir i pre\u010dke obe\u0107avaju godine pouzdane uporabe. Vi odlu\u010dujete. Kavez je opremljen s 2 vrata (jedna prednja i jedna bo\u010dna) tako da va\u0161 pas mo\u017ee lako u\u0107i i iza\u0107i. Osim toga, bo\u010dna vrata se prema potrebi mogu pri\u010dvrstiti lijevo ili desno.\u00a0\",\"breadcrumb\":{\"@id\":\"https:\/\/inti.hr\/sr\/proizvod\/kavez-za-pse-do-32-kg-sa-2-vrata\/#breadcrumb\"},\"inLanguage\":\"sr-RS\",\"potentialAction\":[{\"@type\":\"ReadAction\",\"target\":[\"https:\/\/inti.hr\/sr\/proizvod\/kavez-za-pse-do-32-kg-sa-2-vrata\/\"]}]},{\"@type\":\"ImageObject\",\"inLanguage\":\"sr-RS\",\"@id\":\"https:\/\/inti.hr\/sr\/proizvod\/kavez-za-pse-do-32-kg-sa-2-vrata\/#primaryimage\",\"url\":\"https:\/\/i0.wp.com\/inti.hr\/wp-content\/uploads\/2024\/04\/PFC023X01-1.jpg?fit=1000%2C1000&ssl=1\",\"contentUrl\":\"https:\/\/i0.wp.com\/inti.hr\/wp-content\/uploads\/2024\/04\/PFC023X01-1.jpg?fit=1000%2C1000&ssl=1\",\"width\":1000,\"height\":1000},{\"@type\":\"BreadcrumbList\",\"@id\":\"https:\/\/inti.hr\/sr\/proizvod\/kavez-za-pse-do-32-kg-sa-2-vrata\/#breadcrumb\",\"itemListElement\":[{\"@type\":\"ListItem\",\"position\":1,\"name\":\"Po\u010detna stranica\",\"item\":\"https:\/\/inti.hr\/sr\/\"},{\"@type\":\"ListItem\",\"position\":2,\"name\":\"Prodavnica\",\"item\":\"https:\/\/inti.hr\/sr\/prodavnica\/\"},{\"@type\":\"ListItem\",\"position\":3,\"name\":\"Kavez za pse do 32 kg sa 2 vrata\"}]},{\"@type\":\"WebSite\",\"@id\":\"https:\/\/inti.hr\/sr\/#website\",\"url\":\"https:\/\/inti.hr\/sr\/\",\"name\":\"Inti\",\"description\":\"trgovina\",\"potentialAction\":[{\"@type\":\"SearchAction\",\"target\":{\"@type\":\"EntryPoint\",\"urlTemplate\":\"https:\/\/inti.hr\/sr\/?s={search_term_string}\"},\"query-input\":{\"@type\":\"PropertyValueSpecification\",\"valueRequired\":true,\"valueName\":\"search_term_string\"}}],\"inLanguage\":\"sr-RS\"}]}<\/script>\n<!-- \/ Yoast SEO plugin. -->","yoast_head_json":{"title":"Kavez za pse do 32 kg sa 2 vrata - Inti","description":"Ovaj 2-u-1 komad namje\u0161taja nudi va\u0161em psu sigurno skloni\u0161te, slu\u017ei kao pomo\u0107ni stoli\u0107 ili no\u0107ni ormari\u0107, savr\u0161eno se uklapa u va\u0161 interijer i uljep\u0161ava va\u0161 dom - kavez za pse zadovoljava razli\u010dite potrebe. Zahvaljuju\u0107i sigurnom i zatvorenom dnu sanduka za pse, vi\u0161e se ne morate brinuti da \u0107e va\u0161 pas ponovno uhvatiti \u0161ape. Na taj na\u010din mo\u017eete stvoriti stabilno i sigurno uto\u010di\u0161te za svog \u010detverono\u017enog prijatelja. S unutarnjim dimenzijama od 90 x 57 x 63 cm, sanduk za pse idealan je za pse srednje veli\u010dine do 32 kg (npr. Huskies, Border Collies, Shiba, American Bullies). Izmjerite svog psa kako biste bili sigurni da \u0107e stati u ovaj sanduk. Ova ku\u0107ica za pse ima 35 oja\u010danih \u010deli\u010dnih cijevi (\u00d8 10 mm) koje mogu izdr\u017eati \u010dak i strastvene \u017evaka\u010de. Kvalitetna iverica kao i robusni kvadratni cijevni okvir i pre\u010dke obe\u0107avaju godine pouzdane uporabe. Vi odlu\u010dujete. Kavez je opremljen s 2 vrata (jedna prednja i jedna bo\u010dna) tako da va\u0161 pas mo\u017ee lako u\u0107i i iza\u0107i. Osim toga, bo\u010dna vrata se prema potrebi mogu pri\u010dvrstiti lijevo ili desno.\u00a0","robots":{"index":"index","follow":"follow","max-snippet":"max-snippet:-1","max-image-preview":"max-image-preview:large","max-video-preview":"max-video-preview:-1"},"canonical":"https:\/\/inti.hr\/sr\/proizvod\/kavez-za-pse-do-32-kg-sa-2-vrata\/","og_locale":"sr_RS","og_type":"article","og_title":"Kavez za pse do 32 kg sa 2 vrata - Inti","og_description":"Ovaj 2-u-1 komad namje\u0161taja nudi va\u0161em psu sigurno skloni\u0161te, slu\u017ei kao pomo\u0107ni stoli\u0107 ili no\u0107ni ormari\u0107, savr\u0161eno se uklapa u va\u0161 interijer i uljep\u0161ava va\u0161 dom - kavez za pse zadovoljava razli\u010dite potrebe. Zahvaljuju\u0107i sigurnom i zatvorenom dnu sanduka za pse, vi\u0161e se ne morate brinuti da \u0107e va\u0161 pas ponovno uhvatiti \u0161ape. Na taj na\u010din mo\u017eete stvoriti stabilno i sigurno uto\u010di\u0161te za svog \u010detverono\u017enog prijatelja. S unutarnjim dimenzijama od 90 x 57 x 63 cm, sanduk za pse idealan je za pse srednje veli\u010dine do 32 kg (npr. Huskies, Border Collies, Shiba, American Bullies). Izmjerite svog psa kako biste bili sigurni da \u0107e stati u ovaj sanduk. Ova ku\u0107ica za pse ima 35 oja\u010danih \u010deli\u010dnih cijevi (\u00d8 10 mm) koje mogu izdr\u017eati \u010dak i strastvene \u017evaka\u010de. Kvalitetna iverica kao i robusni kvadratni cijevni okvir i pre\u010dke obe\u0107avaju godine pouzdane uporabe. Vi odlu\u010dujete. Kavez je opremljen s 2 vrata (jedna prednja i jedna bo\u010dna) tako da va\u0161 pas mo\u017ee lako u\u0107i i iza\u0107i. Osim toga, bo\u010dna vrata se prema potrebi mogu pri\u010dvrstiti lijevo ili desno.\u00a0","og_url":"https:\/\/inti.hr\/sr\/proizvod\/kavez-za-pse-do-32-kg-sa-2-vrata\/","og_site_name":"Inti","og_image":[{"width":1000,"height":1000,"url":"https:\/\/i0.wp.com\/inti.hr\/wp-content\/uploads\/2024\/04\/PFC023X01-1.jpg?fit=1000%2C1000&ssl=1","type":"image\/jpeg"}],"twitter_card":"summary_large_image","schema":{"@context":"https:\/\/schema.org","@graph":[{"@type":"WebPage","@id":"https:\/\/inti.hr\/sr\/proizvod\/kavez-za-pse-do-32-kg-sa-2-vrata\/","url":"https:\/\/inti.hr\/sr\/proizvod\/kavez-za-pse-do-32-kg-sa-2-vrata\/","name":"Kavez za pse do 32 kg sa 2 vrata - Inti","isPartOf":{"@id":"https:\/\/inti.hr\/sr\/#website"},"primaryImageOfPage":{"@id":"https:\/\/inti.hr\/sr\/proizvod\/kavez-za-pse-do-32-kg-sa-2-vrata\/#primaryimage"},"image":{"@id":"https:\/\/inti.hr\/sr\/proizvod\/kavez-za-pse-do-32-kg-sa-2-vrata\/#primaryimage"},"thumbnailUrl":"https:\/\/i0.wp.com\/inti.hr\/wp-content\/uploads\/2024\/04\/PFC023X01-1.jpg?fit=1000%2C1000&ssl=1","datePublished":"2024-04-18T06:52:32+00:00","dateModified":"2024-04-18T06:52:32+00:00","description":"Ovaj 2-u-1 komad namje\u0161taja nudi va\u0161em psu sigurno skloni\u0161te, slu\u017ei kao pomo\u0107ni stoli\u0107 ili no\u0107ni ormari\u0107, savr\u0161eno se uklapa u va\u0161 interijer i uljep\u0161ava va\u0161 dom - kavez za pse zadovoljava razli\u010dite potrebe. Zahvaljuju\u0107i sigurnom i zatvorenom dnu sanduka za pse, vi\u0161e se ne morate brinuti da \u0107e va\u0161 pas ponovno uhvatiti \u0161ape. Na taj na\u010din mo\u017eete stvoriti stabilno i sigurno uto\u010di\u0161te za svog \u010detverono\u017enog prijatelja. S unutarnjim dimenzijama od 90 x 57 x 63 cm, sanduk za pse idealan je za pse srednje veli\u010dine do 32 kg (npr. Huskies, Border Collies, Shiba, American Bullies). Izmjerite svog psa kako biste bili sigurni da \u0107e stati u ovaj sanduk. Ova ku\u0107ica za pse ima 35 oja\u010danih \u010deli\u010dnih cijevi (\u00d8 10 mm) koje mogu izdr\u017eati \u010dak i strastvene \u017evaka\u010de. Kvalitetna iverica kao i robusni kvadratni cijevni okvir i pre\u010dke obe\u0107avaju godine pouzdane uporabe. Vi odlu\u010dujete. Kavez je opremljen s 2 vrata (jedna prednja i jedna bo\u010dna) tako da va\u0161 pas mo\u017ee lako u\u0107i i iza\u0107i. Osim toga, bo\u010dna vrata se prema potrebi mogu pri\u010dvrstiti lijevo ili desno.\u00a0","breadcrumb":{"@id":"https:\/\/inti.hr\/sr\/proizvod\/kavez-za-pse-do-32-kg-sa-2-vrata\/#breadcrumb"},"inLanguage":"sr-RS","potentialAction":[{"@type":"ReadAction","target":["https:\/\/inti.hr\/sr\/proizvod\/kavez-za-pse-do-32-kg-sa-2-vrata\/"]}]},{"@type":"ImageObject","inLanguage":"sr-RS","@id":"https:\/\/inti.hr\/sr\/proizvod\/kavez-za-pse-do-32-kg-sa-2-vrata\/#primaryimage","url":"https:\/\/i0.wp.com\/inti.hr\/wp-content\/uploads\/2024\/04\/PFC023X01-1.jpg?fit=1000%2C1000&ssl=1","contentUrl":"https:\/\/i0.wp.com\/inti.hr\/wp-content\/uploads\/2024\/04\/PFC023X01-1.jpg?fit=1000%2C1000&ssl=1","width":1000,"height":1000},{"@type":"BreadcrumbList","@id":"https:\/\/inti.hr\/sr\/proizvod\/kavez-za-pse-do-32-kg-sa-2-vrata\/#breadcrumb","itemListElement":[{"@type":"ListItem","position":1,"name":"Po\u010detna stranica","item":"https:\/\/inti.hr\/sr\/"},{"@type":"ListItem","position":2,"name":"Prodavnica","item":"https:\/\/inti.hr\/sr\/prodavnica\/"},{"@type":"ListItem","position":3,"name":"Kavez za pse do 32 kg sa 2 vrata"}]},{"@type":"WebSite","@id":"https:\/\/inti.hr\/sr\/#website","url":"https:\/\/inti.hr\/sr\/","name":"Inti","description":"trgovina","potentialAction":[{"@type":"SearchAction","target":{"@type":"EntryPoint","urlTemplate":"https:\/\/inti.hr\/sr\/?s={search_term_string}"},"query-input":{"@type":"PropertyValueSpecification","valueRequired":true,"valueName":"search_term_string"}}],"inLanguage":"sr-RS"}]}},"jetpack_sharing_enabled":true,"jetpack-related-posts":[],"_links":{"self":[{"href":"https:\/\/inti.hr\/sr\/wp-json\/wp\/v2\/product\/32423"}],"collection":[{"href":"https:\/\/inti.hr\/sr\/wp-json\/wp\/v2\/product"}],"about":[{"href":"https:\/\/inti.hr\/sr\/wp-json\/wp\/v2\/types\/product"}],"wp:featuredmedia":[{"embeddable":true,"href":"https:\/\/inti.hr\/sr\/wp-json\/wp\/v2\/media\/32424"}],"wp:attachment":[{"href":"https:\/\/inti.hr\/sr\/wp-json\/wp\/v2\/media?parent=32423"}],"wp:term":[{"taxonomy":"product_cat","embeddable":true,"href":"https:\/\/inti.hr\/sr\/wp-json\/wp\/v2\/product_cat?post=32423"},{"taxonomy":"product_tag","embeddable":true,"href":"https:\/\/inti.hr\/sr\/wp-json\/wp\/v2\/product_tag?post=32423"}],"curies":[{"name":"wp","href":"https:\/\/api.w.org\/{rel}","templated":true}]}}