{"id":32427,"date":"2024-04-18T07:44:46","date_gmt":"2024-04-18T06:44:46","guid":{"rendered":"https:\/\/inti.hr\/product\/nocni-ormaric-s-ladicom-i-2-police\/"},"modified":"2024-04-18T07:44:46","modified_gmt":"2024-04-18T06:44:46","slug":"nocni-ormaric-s-ladicom-i-2-police","status":"publish","type":"product","link":"https:\/\/inti.hr\/sr\/proizvod\/nocni-ormaric-s-ladicom-i-2-police\/","title":{"rendered":"No\u0107ni ormari\u0107 s ladicom i 2 police"},"content":{"rendered":"<p>Detalji proizvoda:<\/p>\n<ul>\n<li><span>Boja: hrast be\u017e-cloud bijela<\/span><\/li>\n<li><span>Materijal: MDF (plo\u010da srednje gusto\u0107e), metal, prednja strana ladice od imitacije antilopa, dno od Oxford tkanine, netkana tkanina<\/span><\/li>\n<li><span>Veli\u010dina: 41 x 41 x 47 cm (D x \u0160 x V)<\/span><\/li>\n<li><span>Te\u017eina: 4,3 kg<\/span><\/li>\n<li><span>Maksimalna stati\u010dka nosivost podloge: 15 kg<\/span><\/li>\n<li><span>Maksimalna stati\u010dka nosivost srednje police: 9 kg<\/span><\/li>\n<li><span>Maksimalna stati\u010dka nosivost ladice: 4,5 kg<\/span><\/li>\n<li><span>Maksimalna stati\u010dka nosivost: 59 kg<\/span><\/li>\n<\/ul>\n","protected":false},"excerpt":{"rendered":"<p>Ugodna no\u0107&#8230; krevet&#8230; i no\u0107ni ormari\u0107 iz SONGMICS-a. Savr\u0161en! 2 police &#8230; <\/p>\n","protected":false},"featured_media":32428,"template":"","meta":[],"product_cat":[2416],"product_tag":[3345,2676,2677],"yoast_head":"<!-- This site is optimized with the Yoast SEO plugin v23.7 - https:\/\/yoast.com\/wordpress\/plugins\/seo\/ -->\n<title>No\u0107ni ormari\u0107 s ladicom i 2 police - Inti<\/title>\n<meta name=\"description\" content=\"Ugodna no\u0107... krevet... i no\u0107ni ormari\u0107 iz SONGMICS-a. Savr\u0161en! 2 police i ladica su za va\u0161u lampu, \u010da\u0161u vode i va\u0161u omiljenu knjigu. Ne morate napu\u0161tati krevet dok je jo\u0161 topao! Kada se netkana tkanina sretne s metalnim okvirom i vlaknastom plo\u010dom... \u0160to se doga\u0111a? \u2013 Rezultat je stabilan i izdr\u017eljiv no\u0107ni ormari\u0107 male te\u017eine u koji stane sve \u0161to vam treba! No\u0107ni ormari\u0107 s ladicom i 4 podesive noge za kompenzaciju malih neravnina na podu, kao i jasne upute za jednostavno sastavljanje. Plo\u010da stola u be\u017e boji hrastovine, metalni okvir u obliku oblaka u bijeloj boji, prednja strana ladice od mekanog umjetnog antilopa i metalna ru\u010dka... Sve to zajedno donosi moderan \u0161arm u va\u0161 dom. Ne samo za ugodnu no\u0107, ve\u0107 i za opu\u0161taju\u0107e trenutke u kutku za \u010ditanje. Ovaj stoli\u0107 pru\u017ea udobno mjesto za kavu, knjige, olovke i va\u0161e velike i male ideje.\u00a0\" \/>\n<meta name=\"robots\" content=\"index, follow, max-snippet:-1, max-image-preview:large, max-video-preview:-1\" \/>\n<link rel=\"canonical\" href=\"https:\/\/inti.hr\/sr\/proizvod\/nocni-ormaric-s-ladicom-i-2-police\/\" \/>\n<meta property=\"og:locale\" content=\"sr_RS\" \/>\n<meta property=\"og:type\" content=\"article\" \/>\n<meta property=\"og:title\" content=\"No\u0107ni ormari\u0107 s ladicom i 2 police - Inti\" \/>\n<meta property=\"og:description\" content=\"Ugodna no\u0107... krevet... i no\u0107ni ormari\u0107 iz SONGMICS-a. Savr\u0161en! 2 police i ladica su za va\u0161u lampu, \u010da\u0161u vode i va\u0161u omiljenu knjigu. Ne morate napu\u0161tati krevet dok je jo\u0161 topao! Kada se netkana tkanina sretne s metalnim okvirom i vlaknastom plo\u010dom... \u0160to se doga\u0111a? \u2013 Rezultat je stabilan i izdr\u017eljiv no\u0107ni ormari\u0107 male te\u017eine u koji stane sve \u0161to vam treba! No\u0107ni ormari\u0107 s ladicom i 4 podesive noge za kompenzaciju malih neravnina na podu, kao i jasne upute za jednostavno sastavljanje. Plo\u010da stola u be\u017e boji hrastovine, metalni okvir u obliku oblaka u bijeloj boji, prednja strana ladice od mekanog umjetnog antilopa i metalna ru\u010dka... Sve to zajedno donosi moderan \u0161arm u va\u0161 dom. Ne samo za ugodnu no\u0107, ve\u0107 i za opu\u0161taju\u0107e trenutke u kutku za \u010ditanje. Ovaj stoli\u0107 pru\u017ea udobno mjesto za kavu, knjige, olovke i va\u0161e velike i male ideje.\u00a0\" \/>\n<meta property=\"og:url\" content=\"https:\/\/inti.hr\/sr\/proizvod\/nocni-ormaric-s-ladicom-i-2-police\/\" \/>\n<meta property=\"og:site_name\" content=\"Inti\" \/>\n<meta property=\"og:image\" content=\"https:\/\/i0.wp.com\/inti.hr\/wp-content\/uploads\/2024\/04\/LVT002W57-2-e1713422546984.jpg?fit=800%2C856&ssl=1\" \/>\n\t<meta property=\"og:image:width\" content=\"800\" \/>\n\t<meta property=\"og:image:height\" content=\"856\" \/>\n\t<meta property=\"og:image:type\" content=\"image\/jpeg\" \/>\n<meta name=\"twitter:card\" content=\"summary_large_image\" \/>\n<script type=\"application\/ld+json\" class=\"yoast-schema-graph\">{\"@context\":\"https:\/\/schema.org\",\"@graph\":[{\"@type\":\"WebPage\",\"@id\":\"https:\/\/inti.hr\/sr\/proizvod\/nocni-ormaric-s-ladicom-i-2-police\/\",\"url\":\"https:\/\/inti.hr\/sr\/proizvod\/nocni-ormaric-s-ladicom-i-2-police\/\",\"name\":\"No\u0107ni ormari\u0107 s ladicom i 2 police - Inti\",\"isPartOf\":{\"@id\":\"https:\/\/inti.hr\/sr\/#website\"},\"primaryImageOfPage\":{\"@id\":\"https:\/\/inti.hr\/sr\/proizvod\/nocni-ormaric-s-ladicom-i-2-police\/#primaryimage\"},\"image\":{\"@id\":\"https:\/\/inti.hr\/sr\/proizvod\/nocni-ormaric-s-ladicom-i-2-police\/#primaryimage\"},\"thumbnailUrl\":\"https:\/\/i0.wp.com\/inti.hr\/wp-content\/uploads\/2024\/04\/LVT002W57-2-e1713422546984.jpg?fit=800%2C856&ssl=1\",\"datePublished\":\"2024-04-18T06:44:46+00:00\",\"dateModified\":\"2024-04-18T06:44:46+00:00\",\"description\":\"Ugodna no\u0107... krevet... i no\u0107ni ormari\u0107 iz SONGMICS-a. Savr\u0161en! 2 police i ladica su za va\u0161u lampu, \u010da\u0161u vode i va\u0161u omiljenu knjigu. Ne morate napu\u0161tati krevet dok je jo\u0161 topao! Kada se netkana tkanina sretne s metalnim okvirom i vlaknastom plo\u010dom... \u0160to se doga\u0111a? \u2013 Rezultat je stabilan i izdr\u017eljiv no\u0107ni ormari\u0107 male te\u017eine u koji stane sve \u0161to vam treba! No\u0107ni ormari\u0107 s ladicom i 4 podesive noge za kompenzaciju malih neravnina na podu, kao i jasne upute za jednostavno sastavljanje. Plo\u010da stola u be\u017e boji hrastovine, metalni okvir u obliku oblaka u bijeloj boji, prednja strana ladice od mekanog umjetnog antilopa i metalna ru\u010dka... Sve to zajedno donosi moderan \u0161arm u va\u0161 dom. Ne samo za ugodnu no\u0107, ve\u0107 i za opu\u0161taju\u0107e trenutke u kutku za \u010ditanje. Ovaj stoli\u0107 pru\u017ea udobno mjesto za kavu, knjige, olovke i va\u0161e velike i male ideje.\u00a0\",\"breadcrumb\":{\"@id\":\"https:\/\/inti.hr\/sr\/proizvod\/nocni-ormaric-s-ladicom-i-2-police\/#breadcrumb\"},\"inLanguage\":\"sr-RS\",\"potentialAction\":[{\"@type\":\"ReadAction\",\"target\":[\"https:\/\/inti.hr\/sr\/proizvod\/nocni-ormaric-s-ladicom-i-2-police\/\"]}]},{\"@type\":\"ImageObject\",\"inLanguage\":\"sr-RS\",\"@id\":\"https:\/\/inti.hr\/sr\/proizvod\/nocni-ormaric-s-ladicom-i-2-police\/#primaryimage\",\"url\":\"https:\/\/i0.wp.com\/inti.hr\/wp-content\/uploads\/2024\/04\/LVT002W57-2-e1713422546984.jpg?fit=800%2C856&ssl=1\",\"contentUrl\":\"https:\/\/i0.wp.com\/inti.hr\/wp-content\/uploads\/2024\/04\/LVT002W57-2-e1713422546984.jpg?fit=800%2C856&ssl=1\",\"width\":800,\"height\":856,\"caption\":\"no\u0107ni ormari\u0107 s ladicom i 2 police\"},{\"@type\":\"BreadcrumbList\",\"@id\":\"https:\/\/inti.hr\/sr\/proizvod\/nocni-ormaric-s-ladicom-i-2-police\/#breadcrumb\",\"itemListElement\":[{\"@type\":\"ListItem\",\"position\":1,\"name\":\"Po\u010detna stranica\",\"item\":\"https:\/\/inti.hr\/sr\/\"},{\"@type\":\"ListItem\",\"position\":2,\"name\":\"Prodavnica\",\"item\":\"https:\/\/inti.hr\/sr\/prodavnica\/\"},{\"@type\":\"ListItem\",\"position\":3,\"name\":\"No\u0107ni ormari\u0107 s ladicom i 2 police\"}]},{\"@type\":\"WebSite\",\"@id\":\"https:\/\/inti.hr\/sr\/#website\",\"url\":\"https:\/\/inti.hr\/sr\/\",\"name\":\"Inti\",\"description\":\"trgovina\",\"potentialAction\":[{\"@type\":\"SearchAction\",\"target\":{\"@type\":\"EntryPoint\",\"urlTemplate\":\"https:\/\/inti.hr\/sr\/?s={search_term_string}\"},\"query-input\":{\"@type\":\"PropertyValueSpecification\",\"valueRequired\":true,\"valueName\":\"search_term_string\"}}],\"inLanguage\":\"sr-RS\"}]}<\/script>\n<!-- \/ Yoast SEO plugin. -->","yoast_head_json":{"title":"No\u0107ni ormari\u0107 s ladicom i 2 police - Inti","description":"Ugodna no\u0107... krevet... i no\u0107ni ormari\u0107 iz SONGMICS-a. Savr\u0161en! 2 police i ladica su za va\u0161u lampu, \u010da\u0161u vode i va\u0161u omiljenu knjigu. Ne morate napu\u0161tati krevet dok je jo\u0161 topao! Kada se netkana tkanina sretne s metalnim okvirom i vlaknastom plo\u010dom... \u0160to se doga\u0111a? \u2013 Rezultat je stabilan i izdr\u017eljiv no\u0107ni ormari\u0107 male te\u017eine u koji stane sve \u0161to vam treba! No\u0107ni ormari\u0107 s ladicom i 4 podesive noge za kompenzaciju malih neravnina na podu, kao i jasne upute za jednostavno sastavljanje. Plo\u010da stola u be\u017e boji hrastovine, metalni okvir u obliku oblaka u bijeloj boji, prednja strana ladice od mekanog umjetnog antilopa i metalna ru\u010dka... Sve to zajedno donosi moderan \u0161arm u va\u0161 dom. Ne samo za ugodnu no\u0107, ve\u0107 i za opu\u0161taju\u0107e trenutke u kutku za \u010ditanje. Ovaj stoli\u0107 pru\u017ea udobno mjesto za kavu, knjige, olovke i va\u0161e velike i male ideje.\u00a0","robots":{"index":"index","follow":"follow","max-snippet":"max-snippet:-1","max-image-preview":"max-image-preview:large","max-video-preview":"max-video-preview:-1"},"canonical":"https:\/\/inti.hr\/sr\/proizvod\/nocni-ormaric-s-ladicom-i-2-police\/","og_locale":"sr_RS","og_type":"article","og_title":"No\u0107ni ormari\u0107 s ladicom i 2 police - Inti","og_description":"Ugodna no\u0107... krevet... i no\u0107ni ormari\u0107 iz SONGMICS-a. Savr\u0161en! 2 police i ladica su za va\u0161u lampu, \u010da\u0161u vode i va\u0161u omiljenu knjigu. Ne morate napu\u0161tati krevet dok je jo\u0161 topao! Kada se netkana tkanina sretne s metalnim okvirom i vlaknastom plo\u010dom... \u0160to se doga\u0111a? \u2013 Rezultat je stabilan i izdr\u017eljiv no\u0107ni ormari\u0107 male te\u017eine u koji stane sve \u0161to vam treba! No\u0107ni ormari\u0107 s ladicom i 4 podesive noge za kompenzaciju malih neravnina na podu, kao i jasne upute za jednostavno sastavljanje. Plo\u010da stola u be\u017e boji hrastovine, metalni okvir u obliku oblaka u bijeloj boji, prednja strana ladice od mekanog umjetnog antilopa i metalna ru\u010dka... Sve to zajedno donosi moderan \u0161arm u va\u0161 dom. Ne samo za ugodnu no\u0107, ve\u0107 i za opu\u0161taju\u0107e trenutke u kutku za \u010ditanje. Ovaj stoli\u0107 pru\u017ea udobno mjesto za kavu, knjige, olovke i va\u0161e velike i male ideje.\u00a0","og_url":"https:\/\/inti.hr\/sr\/proizvod\/nocni-ormaric-s-ladicom-i-2-police\/","og_site_name":"Inti","og_image":[{"width":800,"height":856,"url":"https:\/\/i0.wp.com\/inti.hr\/wp-content\/uploads\/2024\/04\/LVT002W57-2-e1713422546984.jpg?fit=800%2C856&ssl=1","type":"image\/jpeg"}],"twitter_card":"summary_large_image","schema":{"@context":"https:\/\/schema.org","@graph":[{"@type":"WebPage","@id":"https:\/\/inti.hr\/sr\/proizvod\/nocni-ormaric-s-ladicom-i-2-police\/","url":"https:\/\/inti.hr\/sr\/proizvod\/nocni-ormaric-s-ladicom-i-2-police\/","name":"No\u0107ni ormari\u0107 s ladicom i 2 police - Inti","isPartOf":{"@id":"https:\/\/inti.hr\/sr\/#website"},"primaryImageOfPage":{"@id":"https:\/\/inti.hr\/sr\/proizvod\/nocni-ormaric-s-ladicom-i-2-police\/#primaryimage"},"image":{"@id":"https:\/\/inti.hr\/sr\/proizvod\/nocni-ormaric-s-ladicom-i-2-police\/#primaryimage"},"thumbnailUrl":"https:\/\/i0.wp.com\/inti.hr\/wp-content\/uploads\/2024\/04\/LVT002W57-2-e1713422546984.jpg?fit=800%2C856&ssl=1","datePublished":"2024-04-18T06:44:46+00:00","dateModified":"2024-04-18T06:44:46+00:00","description":"Ugodna no\u0107... krevet... i no\u0107ni ormari\u0107 iz SONGMICS-a. Savr\u0161en! 2 police i ladica su za va\u0161u lampu, \u010da\u0161u vode i va\u0161u omiljenu knjigu. Ne morate napu\u0161tati krevet dok je jo\u0161 topao! Kada se netkana tkanina sretne s metalnim okvirom i vlaknastom plo\u010dom... \u0160to se doga\u0111a? \u2013 Rezultat je stabilan i izdr\u017eljiv no\u0107ni ormari\u0107 male te\u017eine u koji stane sve \u0161to vam treba! No\u0107ni ormari\u0107 s ladicom i 4 podesive noge za kompenzaciju malih neravnina na podu, kao i jasne upute za jednostavno sastavljanje. Plo\u010da stola u be\u017e boji hrastovine, metalni okvir u obliku oblaka u bijeloj boji, prednja strana ladice od mekanog umjetnog antilopa i metalna ru\u010dka... Sve to zajedno donosi moderan \u0161arm u va\u0161 dom. Ne samo za ugodnu no\u0107, ve\u0107 i za opu\u0161taju\u0107e trenutke u kutku za \u010ditanje. Ovaj stoli\u0107 pru\u017ea udobno mjesto za kavu, knjige, olovke i va\u0161e velike i male ideje.\u00a0","breadcrumb":{"@id":"https:\/\/inti.hr\/sr\/proizvod\/nocni-ormaric-s-ladicom-i-2-police\/#breadcrumb"},"inLanguage":"sr-RS","potentialAction":[{"@type":"ReadAction","target":["https:\/\/inti.hr\/sr\/proizvod\/nocni-ormaric-s-ladicom-i-2-police\/"]}]},{"@type":"ImageObject","inLanguage":"sr-RS","@id":"https:\/\/inti.hr\/sr\/proizvod\/nocni-ormaric-s-ladicom-i-2-police\/#primaryimage","url":"https:\/\/i0.wp.com\/inti.hr\/wp-content\/uploads\/2024\/04\/LVT002W57-2-e1713422546984.jpg?fit=800%2C856&ssl=1","contentUrl":"https:\/\/i0.wp.com\/inti.hr\/wp-content\/uploads\/2024\/04\/LVT002W57-2-e1713422546984.jpg?fit=800%2C856&ssl=1","width":800,"height":856,"caption":"no\u0107ni ormari\u0107 s ladicom i 2 police"},{"@type":"BreadcrumbList","@id":"https:\/\/inti.hr\/sr\/proizvod\/nocni-ormaric-s-ladicom-i-2-police\/#breadcrumb","itemListElement":[{"@type":"ListItem","position":1,"name":"Po\u010detna stranica","item":"https:\/\/inti.hr\/sr\/"},{"@type":"ListItem","position":2,"name":"Prodavnica","item":"https:\/\/inti.hr\/sr\/prodavnica\/"},{"@type":"ListItem","position":3,"name":"No\u0107ni ormari\u0107 s ladicom i 2 police"}]},{"@type":"WebSite","@id":"https:\/\/inti.hr\/sr\/#website","url":"https:\/\/inti.hr\/sr\/","name":"Inti","description":"trgovina","potentialAction":[{"@type":"SearchAction","target":{"@type":"EntryPoint","urlTemplate":"https:\/\/inti.hr\/sr\/?s={search_term_string}"},"query-input":{"@type":"PropertyValueSpecification","valueRequired":true,"valueName":"search_term_string"}}],"inLanguage":"sr-RS"}]}},"jetpack_sharing_enabled":true,"jetpack-related-posts":[],"_links":{"self":[{"href":"https:\/\/inti.hr\/sr\/wp-json\/wp\/v2\/product\/32427"}],"collection":[{"href":"https:\/\/inti.hr\/sr\/wp-json\/wp\/v2\/product"}],"about":[{"href":"https:\/\/inti.hr\/sr\/wp-json\/wp\/v2\/types\/product"}],"wp:featuredmedia":[{"embeddable":true,"href":"https:\/\/inti.hr\/sr\/wp-json\/wp\/v2\/media\/32428"}],"wp:attachment":[{"href":"https:\/\/inti.hr\/sr\/wp-json\/wp\/v2\/media?parent=32427"}],"wp:term":[{"taxonomy":"product_cat","embeddable":true,"href":"https:\/\/inti.hr\/sr\/wp-json\/wp\/v2\/product_cat?post=32427"},{"taxonomy":"product_tag","embeddable":true,"href":"https:\/\/inti.hr\/sr\/wp-json\/wp\/v2\/product_tag?post=32427"}],"curies":[{"name":"wp","href":"https:\/\/api.w.org\/{rel}","templated":true}]}}