{"id":32437,"date":"2024-04-17T09:19:29","date_gmt":"2024-04-17T08:19:29","guid":{"rendered":"https:\/\/inti.hr\/product\/nocni-ormaric-od-bambusa-s-2-ladice\/"},"modified":"2024-04-17T09:19:29","modified_gmt":"2024-04-17T08:19:29","slug":"nocni-ormaric-od-bambusa-s-2-ladice","status":"publish","type":"product","link":"https:\/\/inti.hr\/sr\/proizvod\/nocni-ormaric-od-bambusa-s-2-ladice\/","title":{"rendered":"No\u0107ni ormari\u0107 od bambusa s 2 ladice"},"content":{"rendered":"<p>Detalji proizvoda:<\/p>\n<p>Materijal: bambus, MDF (vlaknasta plo\u010da srednje gusto\u0107e)<br \/>\nVeli\u010dina: 35 x 40 x 60 cm (D x \u0160 x V)<br \/>\nTe\u017eina: 8,6 kg<br \/>\nMaksimalna stati\u010dka nosivost plo\u010de stola: 45,4 kg<br \/>\nMaksimalna stati\u010dka nosivost svake ladice: 4,5 kg<br \/>\nMaksimalna stati\u010dka nosivost otvorene police: 4,5 kg<\/p>\n","protected":false},"excerpt":{"rendered":"<p>Zahvaljuju\u0107i prirodnim bambusovim nogama i plo\u010di stola, ovaj je no\u0107ni ormari\u0107 &#8230; <\/p>\n","protected":false},"featured_media":32438,"template":"","meta":[],"product_cat":[2416],"product_tag":[3349,2677],"yoast_head":"<!-- This site is optimized with the Yoast SEO plugin v23.7 - https:\/\/yoast.com\/wordpress\/plugins\/seo\/ -->\n<title>No\u0107ni ormari\u0107 od bambusa s 2 ladice - Inti<\/title>\n<meta name=\"description\" content=\"Zahvaljuju\u0107i prirodnim bambusovim nogama i plo\u010di stola, ovaj je no\u0107ni ormari\u0107 iznimno \u010dvrst i izdr\u017eljiv. Plo\u010da stola mo\u017ee izdr\u017eati do 45,4 kg, dok svaka ladica i polica mo\u017ee izdr\u017eati do 4,5 kg svaka. Uz ovaj pomo\u0107ni stoli\u0107 mo\u017eete stvoriti uredan i uredan prostor za pohranu. Sadr\u017ei veliki stol za svjetiljke ili ukrase, 2 ladice za osobne stvari i otvorenu policu na dnu za knjige. Zaboravite na kompliciranu monta\u017eu. Zahvaljuju\u0107i ozna\u010denim dijelovima i jasnim uputama, sastavljanje ovog pomo\u0107nog stoli\u0107a je povjetarac. Sa svojim jasnim linijama i zamu\u0107enom bijelom bojom, &quot;manje je vi\u0161e&quot; primjenjuje se na kau\u010d stoli\u0107. Odi\u0161e bezvremenskim \u0161armom i lako se uklapa u svaku prostoriju, bilo da se radi o spava\u0107oj sobi, dnevnoj sobi ili drugim malim prostorijama. Zahvaljuju\u0107i vodootpornoj, obojenoj povr\u0161ini, ovaj stoli\u0107 za kavu lako je odr\u017eavati. Ako je prljav, jednostavno ga obri\u0161ite vla\u017enom krpom kako bi izgledao svje\u017ee i novo. Ovo \u0161tedi puno vremena i truda.\u00a0\" \/>\n<meta name=\"robots\" content=\"index, follow, max-snippet:-1, max-image-preview:large, max-video-preview:-1\" \/>\n<link rel=\"canonical\" href=\"https:\/\/inti.hr\/sr\/proizvod\/nocni-ormaric-od-bambusa-s-2-ladice\/\" \/>\n<meta property=\"og:locale\" content=\"sr_RS\" \/>\n<meta property=\"og:type\" content=\"article\" \/>\n<meta property=\"og:title\" content=\"No\u0107ni ormari\u0107 od bambusa s 2 ladice - Inti\" \/>\n<meta property=\"og:description\" content=\"Zahvaljuju\u0107i prirodnim bambusovim nogama i plo\u010di stola, ovaj je no\u0107ni ormari\u0107 iznimno \u010dvrst i izdr\u017eljiv. Plo\u010da stola mo\u017ee izdr\u017eati do 45,4 kg, dok svaka ladica i polica mo\u017ee izdr\u017eati do 4,5 kg svaka. Uz ovaj pomo\u0107ni stoli\u0107 mo\u017eete stvoriti uredan i uredan prostor za pohranu. Sadr\u017ei veliki stol za svjetiljke ili ukrase, 2 ladice za osobne stvari i otvorenu policu na dnu za knjige. Zaboravite na kompliciranu monta\u017eu. Zahvaljuju\u0107i ozna\u010denim dijelovima i jasnim uputama, sastavljanje ovog pomo\u0107nog stoli\u0107a je povjetarac. Sa svojim jasnim linijama i zamu\u0107enom bijelom bojom, &quot;manje je vi\u0161e&quot; primjenjuje se na kau\u010d stoli\u0107. Odi\u0161e bezvremenskim \u0161armom i lako se uklapa u svaku prostoriju, bilo da se radi o spava\u0107oj sobi, dnevnoj sobi ili drugim malim prostorijama. Zahvaljuju\u0107i vodootpornoj, obojenoj povr\u0161ini, ovaj stoli\u0107 za kavu lako je odr\u017eavati. Ako je prljav, jednostavno ga obri\u0161ite vla\u017enom krpom kako bi izgledao svje\u017ee i novo. Ovo \u0161tedi puno vremena i truda.\u00a0\" \/>\n<meta property=\"og:url\" content=\"https:\/\/inti.hr\/sr\/proizvod\/nocni-ormaric-od-bambusa-s-2-ladice\/\" \/>\n<meta property=\"og:site_name\" content=\"Inti\" \/>\n<meta property=\"og:image\" content=\"https:\/\/i0.wp.com\/inti.hr\/wp-content\/uploads\/2024\/04\/LET822B02-2-e1713341803496.jpg?fit=800%2C858&ssl=1\" \/>\n\t<meta property=\"og:image:width\" content=\"800\" \/>\n\t<meta property=\"og:image:height\" content=\"858\" \/>\n\t<meta property=\"og:image:type\" content=\"image\/jpeg\" \/>\n<meta name=\"twitter:card\" content=\"summary_large_image\" \/>\n<script type=\"application\/ld+json\" class=\"yoast-schema-graph\">{\"@context\":\"https:\/\/schema.org\",\"@graph\":[{\"@type\":\"WebPage\",\"@id\":\"https:\/\/inti.hr\/sr\/proizvod\/nocni-ormaric-od-bambusa-s-2-ladice\/\",\"url\":\"https:\/\/inti.hr\/sr\/proizvod\/nocni-ormaric-od-bambusa-s-2-ladice\/\",\"name\":\"No\u0107ni ormari\u0107 od bambusa s 2 ladice - Inti\",\"isPartOf\":{\"@id\":\"https:\/\/inti.hr\/sr\/#website\"},\"primaryImageOfPage\":{\"@id\":\"https:\/\/inti.hr\/sr\/proizvod\/nocni-ormaric-od-bambusa-s-2-ladice\/#primaryimage\"},\"image\":{\"@id\":\"https:\/\/inti.hr\/sr\/proizvod\/nocni-ormaric-od-bambusa-s-2-ladice\/#primaryimage\"},\"thumbnailUrl\":\"https:\/\/i0.wp.com\/inti.hr\/wp-content\/uploads\/2024\/04\/LET822B02-2-e1713341803496.jpg?fit=800%2C858&ssl=1\",\"datePublished\":\"2024-04-17T08:19:29+00:00\",\"dateModified\":\"2024-04-17T08:19:29+00:00\",\"description\":\"Zahvaljuju\u0107i prirodnim bambusovim nogama i plo\u010di stola, ovaj je no\u0107ni ormari\u0107 iznimno \u010dvrst i izdr\u017eljiv. Plo\u010da stola mo\u017ee izdr\u017eati do 45,4 kg, dok svaka ladica i polica mo\u017ee izdr\u017eati do 4,5 kg svaka. Uz ovaj pomo\u0107ni stoli\u0107 mo\u017eete stvoriti uredan i uredan prostor za pohranu. Sadr\u017ei veliki stol za svjetiljke ili ukrase, 2 ladice za osobne stvari i otvorenu policu na dnu za knjige. Zaboravite na kompliciranu monta\u017eu. Zahvaljuju\u0107i ozna\u010denim dijelovima i jasnim uputama, sastavljanje ovog pomo\u0107nog stoli\u0107a je povjetarac. Sa svojim jasnim linijama i zamu\u0107enom bijelom bojom, \\\"manje je vi\u0161e\\\" primjenjuje se na kau\u010d stoli\u0107. Odi\u0161e bezvremenskim \u0161armom i lako se uklapa u svaku prostoriju, bilo da se radi o spava\u0107oj sobi, dnevnoj sobi ili drugim malim prostorijama. Zahvaljuju\u0107i vodootpornoj, obojenoj povr\u0161ini, ovaj stoli\u0107 za kavu lako je odr\u017eavati. Ako je prljav, jednostavno ga obri\u0161ite vla\u017enom krpom kako bi izgledao svje\u017ee i novo. Ovo \u0161tedi puno vremena i truda.\u00a0\",\"breadcrumb\":{\"@id\":\"https:\/\/inti.hr\/sr\/proizvod\/nocni-ormaric-od-bambusa-s-2-ladice\/#breadcrumb\"},\"inLanguage\":\"sr-RS\",\"potentialAction\":[{\"@type\":\"ReadAction\",\"target\":[\"https:\/\/inti.hr\/sr\/proizvod\/nocni-ormaric-od-bambusa-s-2-ladice\/\"]}]},{\"@type\":\"ImageObject\",\"inLanguage\":\"sr-RS\",\"@id\":\"https:\/\/inti.hr\/sr\/proizvod\/nocni-ormaric-od-bambusa-s-2-ladice\/#primaryimage\",\"url\":\"https:\/\/i0.wp.com\/inti.hr\/wp-content\/uploads\/2024\/04\/LET822B02-2-e1713341803496.jpg?fit=800%2C858&ssl=1\",\"contentUrl\":\"https:\/\/i0.wp.com\/inti.hr\/wp-content\/uploads\/2024\/04\/LET822B02-2-e1713341803496.jpg?fit=800%2C858&ssl=1\",\"width\":800,\"height\":858,\"caption\":\"no\u0107ni ormari\u0107 set od 2 kom s 2 ladice\"},{\"@type\":\"BreadcrumbList\",\"@id\":\"https:\/\/inti.hr\/sr\/proizvod\/nocni-ormaric-od-bambusa-s-2-ladice\/#breadcrumb\",\"itemListElement\":[{\"@type\":\"ListItem\",\"position\":1,\"name\":\"Po\u010detna stranica\",\"item\":\"https:\/\/inti.hr\/sr\/\"},{\"@type\":\"ListItem\",\"position\":2,\"name\":\"Prodavnica\",\"item\":\"https:\/\/inti.hr\/sr\/prodavnica\/\"},{\"@type\":\"ListItem\",\"position\":3,\"name\":\"No\u0107ni ormari\u0107 od bambusa s 2 ladice\"}]},{\"@type\":\"WebSite\",\"@id\":\"https:\/\/inti.hr\/sr\/#website\",\"url\":\"https:\/\/inti.hr\/sr\/\",\"name\":\"Inti\",\"description\":\"trgovina\",\"potentialAction\":[{\"@type\":\"SearchAction\",\"target\":{\"@type\":\"EntryPoint\",\"urlTemplate\":\"https:\/\/inti.hr\/sr\/?s={search_term_string}\"},\"query-input\":{\"@type\":\"PropertyValueSpecification\",\"valueRequired\":true,\"valueName\":\"search_term_string\"}}],\"inLanguage\":\"sr-RS\"}]}<\/script>\n<!-- \/ Yoast SEO plugin. -->","yoast_head_json":{"title":"No\u0107ni ormari\u0107 od bambusa s 2 ladice - Inti","description":"Zahvaljuju\u0107i prirodnim bambusovim nogama i plo\u010di stola, ovaj je no\u0107ni ormari\u0107 iznimno \u010dvrst i izdr\u017eljiv. Plo\u010da stola mo\u017ee izdr\u017eati do 45,4 kg, dok svaka ladica i polica mo\u017ee izdr\u017eati do 4,5 kg svaka. Uz ovaj pomo\u0107ni stoli\u0107 mo\u017eete stvoriti uredan i uredan prostor za pohranu. Sadr\u017ei veliki stol za svjetiljke ili ukrase, 2 ladice za osobne stvari i otvorenu policu na dnu za knjige. Zaboravite na kompliciranu monta\u017eu. Zahvaljuju\u0107i ozna\u010denim dijelovima i jasnim uputama, sastavljanje ovog pomo\u0107nog stoli\u0107a je povjetarac. Sa svojim jasnim linijama i zamu\u0107enom bijelom bojom, \"manje je vi\u0161e\" primjenjuje se na kau\u010d stoli\u0107. Odi\u0161e bezvremenskim \u0161armom i lako se uklapa u svaku prostoriju, bilo da se radi o spava\u0107oj sobi, dnevnoj sobi ili drugim malim prostorijama. Zahvaljuju\u0107i vodootpornoj, obojenoj povr\u0161ini, ovaj stoli\u0107 za kavu lako je odr\u017eavati. Ako je prljav, jednostavno ga obri\u0161ite vla\u017enom krpom kako bi izgledao svje\u017ee i novo. Ovo \u0161tedi puno vremena i truda.\u00a0","robots":{"index":"index","follow":"follow","max-snippet":"max-snippet:-1","max-image-preview":"max-image-preview:large","max-video-preview":"max-video-preview:-1"},"canonical":"https:\/\/inti.hr\/sr\/proizvod\/nocni-ormaric-od-bambusa-s-2-ladice\/","og_locale":"sr_RS","og_type":"article","og_title":"No\u0107ni ormari\u0107 od bambusa s 2 ladice - Inti","og_description":"Zahvaljuju\u0107i prirodnim bambusovim nogama i plo\u010di stola, ovaj je no\u0107ni ormari\u0107 iznimno \u010dvrst i izdr\u017eljiv. Plo\u010da stola mo\u017ee izdr\u017eati do 45,4 kg, dok svaka ladica i polica mo\u017ee izdr\u017eati do 4,5 kg svaka. Uz ovaj pomo\u0107ni stoli\u0107 mo\u017eete stvoriti uredan i uredan prostor za pohranu. Sadr\u017ei veliki stol za svjetiljke ili ukrase, 2 ladice za osobne stvari i otvorenu policu na dnu za knjige. Zaboravite na kompliciranu monta\u017eu. Zahvaljuju\u0107i ozna\u010denim dijelovima i jasnim uputama, sastavljanje ovog pomo\u0107nog stoli\u0107a je povjetarac. Sa svojim jasnim linijama i zamu\u0107enom bijelom bojom, \"manje je vi\u0161e\" primjenjuje se na kau\u010d stoli\u0107. Odi\u0161e bezvremenskim \u0161armom i lako se uklapa u svaku prostoriju, bilo da se radi o spava\u0107oj sobi, dnevnoj sobi ili drugim malim prostorijama. Zahvaljuju\u0107i vodootpornoj, obojenoj povr\u0161ini, ovaj stoli\u0107 za kavu lako je odr\u017eavati. Ako je prljav, jednostavno ga obri\u0161ite vla\u017enom krpom kako bi izgledao svje\u017ee i novo. Ovo \u0161tedi puno vremena i truda.\u00a0","og_url":"https:\/\/inti.hr\/sr\/proizvod\/nocni-ormaric-od-bambusa-s-2-ladice\/","og_site_name":"Inti","og_image":[{"width":800,"height":858,"url":"https:\/\/i0.wp.com\/inti.hr\/wp-content\/uploads\/2024\/04\/LET822B02-2-e1713341803496.jpg?fit=800%2C858&ssl=1","type":"image\/jpeg"}],"twitter_card":"summary_large_image","schema":{"@context":"https:\/\/schema.org","@graph":[{"@type":"WebPage","@id":"https:\/\/inti.hr\/sr\/proizvod\/nocni-ormaric-od-bambusa-s-2-ladice\/","url":"https:\/\/inti.hr\/sr\/proizvod\/nocni-ormaric-od-bambusa-s-2-ladice\/","name":"No\u0107ni ormari\u0107 od bambusa s 2 ladice - Inti","isPartOf":{"@id":"https:\/\/inti.hr\/sr\/#website"},"primaryImageOfPage":{"@id":"https:\/\/inti.hr\/sr\/proizvod\/nocni-ormaric-od-bambusa-s-2-ladice\/#primaryimage"},"image":{"@id":"https:\/\/inti.hr\/sr\/proizvod\/nocni-ormaric-od-bambusa-s-2-ladice\/#primaryimage"},"thumbnailUrl":"https:\/\/i0.wp.com\/inti.hr\/wp-content\/uploads\/2024\/04\/LET822B02-2-e1713341803496.jpg?fit=800%2C858&ssl=1","datePublished":"2024-04-17T08:19:29+00:00","dateModified":"2024-04-17T08:19:29+00:00","description":"Zahvaljuju\u0107i prirodnim bambusovim nogama i plo\u010di stola, ovaj je no\u0107ni ormari\u0107 iznimno \u010dvrst i izdr\u017eljiv. Plo\u010da stola mo\u017ee izdr\u017eati do 45,4 kg, dok svaka ladica i polica mo\u017ee izdr\u017eati do 4,5 kg svaka. Uz ovaj pomo\u0107ni stoli\u0107 mo\u017eete stvoriti uredan i uredan prostor za pohranu. Sadr\u017ei veliki stol za svjetiljke ili ukrase, 2 ladice za osobne stvari i otvorenu policu na dnu za knjige. Zaboravite na kompliciranu monta\u017eu. Zahvaljuju\u0107i ozna\u010denim dijelovima i jasnim uputama, sastavljanje ovog pomo\u0107nog stoli\u0107a je povjetarac. Sa svojim jasnim linijama i zamu\u0107enom bijelom bojom, \"manje je vi\u0161e\" primjenjuje se na kau\u010d stoli\u0107. Odi\u0161e bezvremenskim \u0161armom i lako se uklapa u svaku prostoriju, bilo da se radi o spava\u0107oj sobi, dnevnoj sobi ili drugim malim prostorijama. Zahvaljuju\u0107i vodootpornoj, obojenoj povr\u0161ini, ovaj stoli\u0107 za kavu lako je odr\u017eavati. Ako je prljav, jednostavno ga obri\u0161ite vla\u017enom krpom kako bi izgledao svje\u017ee i novo. Ovo \u0161tedi puno vremena i truda.\u00a0","breadcrumb":{"@id":"https:\/\/inti.hr\/sr\/proizvod\/nocni-ormaric-od-bambusa-s-2-ladice\/#breadcrumb"},"inLanguage":"sr-RS","potentialAction":[{"@type":"ReadAction","target":["https:\/\/inti.hr\/sr\/proizvod\/nocni-ormaric-od-bambusa-s-2-ladice\/"]}]},{"@type":"ImageObject","inLanguage":"sr-RS","@id":"https:\/\/inti.hr\/sr\/proizvod\/nocni-ormaric-od-bambusa-s-2-ladice\/#primaryimage","url":"https:\/\/i0.wp.com\/inti.hr\/wp-content\/uploads\/2024\/04\/LET822B02-2-e1713341803496.jpg?fit=800%2C858&ssl=1","contentUrl":"https:\/\/i0.wp.com\/inti.hr\/wp-content\/uploads\/2024\/04\/LET822B02-2-e1713341803496.jpg?fit=800%2C858&ssl=1","width":800,"height":858,"caption":"no\u0107ni ormari\u0107 set od 2 kom s 2 ladice"},{"@type":"BreadcrumbList","@id":"https:\/\/inti.hr\/sr\/proizvod\/nocni-ormaric-od-bambusa-s-2-ladice\/#breadcrumb","itemListElement":[{"@type":"ListItem","position":1,"name":"Po\u010detna stranica","item":"https:\/\/inti.hr\/sr\/"},{"@type":"ListItem","position":2,"name":"Prodavnica","item":"https:\/\/inti.hr\/sr\/prodavnica\/"},{"@type":"ListItem","position":3,"name":"No\u0107ni ormari\u0107 od bambusa s 2 ladice"}]},{"@type":"WebSite","@id":"https:\/\/inti.hr\/sr\/#website","url":"https:\/\/inti.hr\/sr\/","name":"Inti","description":"trgovina","potentialAction":[{"@type":"SearchAction","target":{"@type":"EntryPoint","urlTemplate":"https:\/\/inti.hr\/sr\/?s={search_term_string}"},"query-input":{"@type":"PropertyValueSpecification","valueRequired":true,"valueName":"search_term_string"}}],"inLanguage":"sr-RS"}]}},"jetpack_sharing_enabled":true,"jetpack-related-posts":[],"_links":{"self":[{"href":"https:\/\/inti.hr\/sr\/wp-json\/wp\/v2\/product\/32437"}],"collection":[{"href":"https:\/\/inti.hr\/sr\/wp-json\/wp\/v2\/product"}],"about":[{"href":"https:\/\/inti.hr\/sr\/wp-json\/wp\/v2\/types\/product"}],"wp:featuredmedia":[{"embeddable":true,"href":"https:\/\/inti.hr\/sr\/wp-json\/wp\/v2\/media\/32438"}],"wp:attachment":[{"href":"https:\/\/inti.hr\/sr\/wp-json\/wp\/v2\/media?parent=32437"}],"wp:term":[{"taxonomy":"product_cat","embeddable":true,"href":"https:\/\/inti.hr\/sr\/wp-json\/wp\/v2\/product_cat?post=32437"},{"taxonomy":"product_tag","embeddable":true,"href":"https:\/\/inti.hr\/sr\/wp-json\/wp\/v2\/product_tag?post=32437"}],"curies":[{"name":"wp","href":"https:\/\/api.w.org\/{rel}","templated":true}]}}