{"id":32475,"date":"2024-04-09T16:19:28","date_gmt":"2024-04-09T15:19:28","guid":{"rendered":"https:\/\/inti.hr\/product\/ormaric-za-cipele-s-2-preklopa-60-x-30-x-95-cm\/"},"modified":"2024-04-09T16:19:28","modified_gmt":"2024-04-09T15:19:28","slug":"ormaric-za-cipele-s-2-preklopa-60-x-30-x-95-cm","status":"publish","type":"product","link":"https:\/\/inti.hr\/sr\/proizvod\/ormaric-za-cipele-s-2-preklopa-60-x-30-x-95-cm\/","title":{"rendered":"Ormari\u0107 za cipele s 2 preklopa 60 x 30 x 95 cm"},"content":{"rendered":"<p>Detalji proizvoda:<\/p>\n<ul>\n<li><span>Boja: vintage sme\u0111e crna<\/span><\/li>\n<li><span>Materijal: iverica, \u010delik<\/span><\/li>\n<li><span>Veli\u010dina: 60 x 30 x 95 cm (D x \u0160 x V)<\/span><\/li>\n<li><span>Te\u017eina: 18 kg<\/span><\/li>\n<li><span>Maksimalna stati\u010dka nosivost podloge: 20 kg<\/span><\/li>\n<li><span>Maksimalna stati\u010dka nosivost po odjeljku: 5 kg<\/span><\/li>\n<\/ul>\n","protected":false},"excerpt":{"rendered":"<p>Pospremljene cipele i uredan hodnik: Cipele vi\u0161e ne le\u017ee posvuda. Kad &#8230; <\/p>\n","protected":false},"featured_media":32476,"template":"","meta":[],"product_cat":[2635],"product_tag":[2720,2640],"yoast_head":"<!-- This site is optimized with the Yoast SEO plugin v23.7 - https:\/\/yoast.com\/wordpress\/plugins\/seo\/ -->\n<title>Ormari\u0107 za cipele s 2 preklopa 60 x 30 x 95 cm - Inti<\/title>\n<meta name=\"description\" content=\"Pospremljene cipele i uredan hodnik: Cipele vi\u0161e ne le\u017ee posvuda. Kad do\u0111ete ku\u0107i, samo otvorite vrata ormara i u njega stavite cipele. Dajte svom hodniku novi izgled sada! Ormari\u0107 za cipele s 2 preklopa, uklju\u010duju\u0107i opremu za sastavljanje i jasne upute za jednostavno sastavljanje, kao i podesive no\u017eice za stabilnost. Jednostavno otvorite 2 vrata ovog ormari\u0107a za cipele s prakti\u010dnim ru\u010dkama i unutra stavite 8-12 pari cipela. Vertikalni prostor je optimalno iskori\u0161ten - nudi mnogo prostora za pohranu, ali zauzima samo malo prostora. Stil bi trebao biti prisutan iu ormari\u0107u za cipele. Mje\u0161avina rusti\u010dnog sme\u0111eg iverala i crnog \u010deli\u010dnog okvira stvara \u0161ik industrijski dodir koji \u0107e impresionirati va\u0161e goste.\u00a0\" \/>\n<meta name=\"robots\" content=\"index, follow, max-snippet:-1, max-image-preview:large, max-video-preview:-1\" \/>\n<link rel=\"canonical\" href=\"https:\/\/inti.hr\/sr\/proizvod\/ormaric-za-cipele-s-2-preklopa-60-x-30-x-95-cm\/\" \/>\n<meta property=\"og:locale\" content=\"sr_RS\" \/>\n<meta property=\"og:type\" content=\"article\" \/>\n<meta property=\"og:title\" content=\"Ormari\u0107 za cipele s 2 preklopa 60 x 30 x 95 cm - Inti\" \/>\n<meta property=\"og:description\" content=\"Pospremljene cipele i uredan hodnik: Cipele vi\u0161e ne le\u017ee posvuda. Kad do\u0111ete ku\u0107i, samo otvorite vrata ormara i u njega stavite cipele. Dajte svom hodniku novi izgled sada! Ormari\u0107 za cipele s 2 preklopa, uklju\u010duju\u0107i opremu za sastavljanje i jasne upute za jednostavno sastavljanje, kao i podesive no\u017eice za stabilnost. Jednostavno otvorite 2 vrata ovog ormari\u0107a za cipele s prakti\u010dnim ru\u010dkama i unutra stavite 8-12 pari cipela. Vertikalni prostor je optimalno iskori\u0161ten - nudi mnogo prostora za pohranu, ali zauzima samo malo prostora. Stil bi trebao biti prisutan iu ormari\u0107u za cipele. Mje\u0161avina rusti\u010dnog sme\u0111eg iverala i crnog \u010deli\u010dnog okvira stvara \u0161ik industrijski dodir koji \u0107e impresionirati va\u0161e goste.\u00a0\" \/>\n<meta property=\"og:url\" content=\"https:\/\/inti.hr\/sr\/proizvod\/ormaric-za-cipele-s-2-preklopa-60-x-30-x-95-cm\/\" \/>\n<meta property=\"og:site_name\" content=\"Inti\" \/>\n<meta property=\"og:image\" content=\"https:\/\/i0.wp.com\/inti.hr\/wp-content\/uploads\/2024\/04\/LBS801B01-2.jpg?fit=1000%2C1000&ssl=1\" \/>\n\t<meta property=\"og:image:width\" content=\"1000\" \/>\n\t<meta property=\"og:image:height\" content=\"1000\" \/>\n\t<meta property=\"og:image:type\" content=\"image\/jpeg\" \/>\n<meta name=\"twitter:card\" content=\"summary_large_image\" \/>\n<script type=\"application\/ld+json\" class=\"yoast-schema-graph\">{\"@context\":\"https:\/\/schema.org\",\"@graph\":[{\"@type\":\"WebPage\",\"@id\":\"https:\/\/inti.hr\/sr\/proizvod\/ormaric-za-cipele-s-2-preklopa-60-x-30-x-95-cm\/\",\"url\":\"https:\/\/inti.hr\/sr\/proizvod\/ormaric-za-cipele-s-2-preklopa-60-x-30-x-95-cm\/\",\"name\":\"Ormari\u0107 za cipele s 2 preklopa 60 x 30 x 95 cm - Inti\",\"isPartOf\":{\"@id\":\"https:\/\/inti.hr\/sr\/#website\"},\"primaryImageOfPage\":{\"@id\":\"https:\/\/inti.hr\/sr\/proizvod\/ormaric-za-cipele-s-2-preklopa-60-x-30-x-95-cm\/#primaryimage\"},\"image\":{\"@id\":\"https:\/\/inti.hr\/sr\/proizvod\/ormaric-za-cipele-s-2-preklopa-60-x-30-x-95-cm\/#primaryimage\"},\"thumbnailUrl\":\"https:\/\/i0.wp.com\/inti.hr\/wp-content\/uploads\/2024\/04\/LBS801B01-2.jpg?fit=1000%2C1000&ssl=1\",\"datePublished\":\"2024-04-09T15:19:28+00:00\",\"dateModified\":\"2024-04-09T15:19:28+00:00\",\"description\":\"Pospremljene cipele i uredan hodnik: Cipele vi\u0161e ne le\u017ee posvuda. Kad do\u0111ete ku\u0107i, samo otvorite vrata ormara i u njega stavite cipele. Dajte svom hodniku novi izgled sada! Ormari\u0107 za cipele s 2 preklopa, uklju\u010duju\u0107i opremu za sastavljanje i jasne upute za jednostavno sastavljanje, kao i podesive no\u017eice za stabilnost. Jednostavno otvorite 2 vrata ovog ormari\u0107a za cipele s prakti\u010dnim ru\u010dkama i unutra stavite 8-12 pari cipela. Vertikalni prostor je optimalno iskori\u0161ten - nudi mnogo prostora za pohranu, ali zauzima samo malo prostora. Stil bi trebao biti prisutan iu ormari\u0107u za cipele. Mje\u0161avina rusti\u010dnog sme\u0111eg iverala i crnog \u010deli\u010dnog okvira stvara \u0161ik industrijski dodir koji \u0107e impresionirati va\u0161e goste.\u00a0\",\"breadcrumb\":{\"@id\":\"https:\/\/inti.hr\/sr\/proizvod\/ormaric-za-cipele-s-2-preklopa-60-x-30-x-95-cm\/#breadcrumb\"},\"inLanguage\":\"sr-RS\",\"potentialAction\":[{\"@type\":\"ReadAction\",\"target\":[\"https:\/\/inti.hr\/sr\/proizvod\/ormaric-za-cipele-s-2-preklopa-60-x-30-x-95-cm\/\"]}]},{\"@type\":\"ImageObject\",\"inLanguage\":\"sr-RS\",\"@id\":\"https:\/\/inti.hr\/sr\/proizvod\/ormaric-za-cipele-s-2-preklopa-60-x-30-x-95-cm\/#primaryimage\",\"url\":\"https:\/\/i0.wp.com\/inti.hr\/wp-content\/uploads\/2024\/04\/LBS801B01-2.jpg?fit=1000%2C1000&ssl=1\",\"contentUrl\":\"https:\/\/i0.wp.com\/inti.hr\/wp-content\/uploads\/2024\/04\/LBS801B01-2.jpg?fit=1000%2C1000&ssl=1\",\"width\":1000,\"height\":1000,\"caption\":\"ormari\u0107 za cipele s 2 preklopa 60 x 30 x 95 cm\"},{\"@type\":\"BreadcrumbList\",\"@id\":\"https:\/\/inti.hr\/sr\/proizvod\/ormaric-za-cipele-s-2-preklopa-60-x-30-x-95-cm\/#breadcrumb\",\"itemListElement\":[{\"@type\":\"ListItem\",\"position\":1,\"name\":\"Po\u010detna stranica\",\"item\":\"https:\/\/inti.hr\/sr\/\"},{\"@type\":\"ListItem\",\"position\":2,\"name\":\"Prodavnica\",\"item\":\"https:\/\/inti.hr\/sr\/prodavnica\/\"},{\"@type\":\"ListItem\",\"position\":3,\"name\":\"Ormari\u0107 za cipele s 2 preklopa 60 x 30 x 95 cm\"}]},{\"@type\":\"WebSite\",\"@id\":\"https:\/\/inti.hr\/sr\/#website\",\"url\":\"https:\/\/inti.hr\/sr\/\",\"name\":\"Inti\",\"description\":\"trgovina\",\"potentialAction\":[{\"@type\":\"SearchAction\",\"target\":{\"@type\":\"EntryPoint\",\"urlTemplate\":\"https:\/\/inti.hr\/sr\/?s={search_term_string}\"},\"query-input\":{\"@type\":\"PropertyValueSpecification\",\"valueRequired\":true,\"valueName\":\"search_term_string\"}}],\"inLanguage\":\"sr-RS\"}]}<\/script>\n<!-- \/ Yoast SEO plugin. -->","yoast_head_json":{"title":"Ormari\u0107 za cipele s 2 preklopa 60 x 30 x 95 cm - Inti","description":"Pospremljene cipele i uredan hodnik: Cipele vi\u0161e ne le\u017ee posvuda. Kad do\u0111ete ku\u0107i, samo otvorite vrata ormara i u njega stavite cipele. Dajte svom hodniku novi izgled sada! Ormari\u0107 za cipele s 2 preklopa, uklju\u010duju\u0107i opremu za sastavljanje i jasne upute za jednostavno sastavljanje, kao i podesive no\u017eice za stabilnost. Jednostavno otvorite 2 vrata ovog ormari\u0107a za cipele s prakti\u010dnim ru\u010dkama i unutra stavite 8-12 pari cipela. Vertikalni prostor je optimalno iskori\u0161ten - nudi mnogo prostora za pohranu, ali zauzima samo malo prostora. Stil bi trebao biti prisutan iu ormari\u0107u za cipele. Mje\u0161avina rusti\u010dnog sme\u0111eg iverala i crnog \u010deli\u010dnog okvira stvara \u0161ik industrijski dodir koji \u0107e impresionirati va\u0161e goste.\u00a0","robots":{"index":"index","follow":"follow","max-snippet":"max-snippet:-1","max-image-preview":"max-image-preview:large","max-video-preview":"max-video-preview:-1"},"canonical":"https:\/\/inti.hr\/sr\/proizvod\/ormaric-za-cipele-s-2-preklopa-60-x-30-x-95-cm\/","og_locale":"sr_RS","og_type":"article","og_title":"Ormari\u0107 za cipele s 2 preklopa 60 x 30 x 95 cm - Inti","og_description":"Pospremljene cipele i uredan hodnik: Cipele vi\u0161e ne le\u017ee posvuda. Kad do\u0111ete ku\u0107i, samo otvorite vrata ormara i u njega stavite cipele. Dajte svom hodniku novi izgled sada! Ormari\u0107 za cipele s 2 preklopa, uklju\u010duju\u0107i opremu za sastavljanje i jasne upute za jednostavno sastavljanje, kao i podesive no\u017eice za stabilnost. Jednostavno otvorite 2 vrata ovog ormari\u0107a za cipele s prakti\u010dnim ru\u010dkama i unutra stavite 8-12 pari cipela. Vertikalni prostor je optimalno iskori\u0161ten - nudi mnogo prostora za pohranu, ali zauzima samo malo prostora. Stil bi trebao biti prisutan iu ormari\u0107u za cipele. Mje\u0161avina rusti\u010dnog sme\u0111eg iverala i crnog \u010deli\u010dnog okvira stvara \u0161ik industrijski dodir koji \u0107e impresionirati va\u0161e goste.\u00a0","og_url":"https:\/\/inti.hr\/sr\/proizvod\/ormaric-za-cipele-s-2-preklopa-60-x-30-x-95-cm\/","og_site_name":"Inti","og_image":[{"width":1000,"height":1000,"url":"https:\/\/i0.wp.com\/inti.hr\/wp-content\/uploads\/2024\/04\/LBS801B01-2.jpg?fit=1000%2C1000&ssl=1","type":"image\/jpeg"}],"twitter_card":"summary_large_image","schema":{"@context":"https:\/\/schema.org","@graph":[{"@type":"WebPage","@id":"https:\/\/inti.hr\/sr\/proizvod\/ormaric-za-cipele-s-2-preklopa-60-x-30-x-95-cm\/","url":"https:\/\/inti.hr\/sr\/proizvod\/ormaric-za-cipele-s-2-preklopa-60-x-30-x-95-cm\/","name":"Ormari\u0107 za cipele s 2 preklopa 60 x 30 x 95 cm - Inti","isPartOf":{"@id":"https:\/\/inti.hr\/sr\/#website"},"primaryImageOfPage":{"@id":"https:\/\/inti.hr\/sr\/proizvod\/ormaric-za-cipele-s-2-preklopa-60-x-30-x-95-cm\/#primaryimage"},"image":{"@id":"https:\/\/inti.hr\/sr\/proizvod\/ormaric-za-cipele-s-2-preklopa-60-x-30-x-95-cm\/#primaryimage"},"thumbnailUrl":"https:\/\/i0.wp.com\/inti.hr\/wp-content\/uploads\/2024\/04\/LBS801B01-2.jpg?fit=1000%2C1000&ssl=1","datePublished":"2024-04-09T15:19:28+00:00","dateModified":"2024-04-09T15:19:28+00:00","description":"Pospremljene cipele i uredan hodnik: Cipele vi\u0161e ne le\u017ee posvuda. Kad do\u0111ete ku\u0107i, samo otvorite vrata ormara i u njega stavite cipele. Dajte svom hodniku novi izgled sada! Ormari\u0107 za cipele s 2 preklopa, uklju\u010duju\u0107i opremu za sastavljanje i jasne upute za jednostavno sastavljanje, kao i podesive no\u017eice za stabilnost. Jednostavno otvorite 2 vrata ovog ormari\u0107a za cipele s prakti\u010dnim ru\u010dkama i unutra stavite 8-12 pari cipela. Vertikalni prostor je optimalno iskori\u0161ten - nudi mnogo prostora za pohranu, ali zauzima samo malo prostora. Stil bi trebao biti prisutan iu ormari\u0107u za cipele. Mje\u0161avina rusti\u010dnog sme\u0111eg iverala i crnog \u010deli\u010dnog okvira stvara \u0161ik industrijski dodir koji \u0107e impresionirati va\u0161e goste.\u00a0","breadcrumb":{"@id":"https:\/\/inti.hr\/sr\/proizvod\/ormaric-za-cipele-s-2-preklopa-60-x-30-x-95-cm\/#breadcrumb"},"inLanguage":"sr-RS","potentialAction":[{"@type":"ReadAction","target":["https:\/\/inti.hr\/sr\/proizvod\/ormaric-za-cipele-s-2-preklopa-60-x-30-x-95-cm\/"]}]},{"@type":"ImageObject","inLanguage":"sr-RS","@id":"https:\/\/inti.hr\/sr\/proizvod\/ormaric-za-cipele-s-2-preklopa-60-x-30-x-95-cm\/#primaryimage","url":"https:\/\/i0.wp.com\/inti.hr\/wp-content\/uploads\/2024\/04\/LBS801B01-2.jpg?fit=1000%2C1000&ssl=1","contentUrl":"https:\/\/i0.wp.com\/inti.hr\/wp-content\/uploads\/2024\/04\/LBS801B01-2.jpg?fit=1000%2C1000&ssl=1","width":1000,"height":1000,"caption":"ormari\u0107 za cipele s 2 preklopa 60 x 30 x 95 cm"},{"@type":"BreadcrumbList","@id":"https:\/\/inti.hr\/sr\/proizvod\/ormaric-za-cipele-s-2-preklopa-60-x-30-x-95-cm\/#breadcrumb","itemListElement":[{"@type":"ListItem","position":1,"name":"Po\u010detna stranica","item":"https:\/\/inti.hr\/sr\/"},{"@type":"ListItem","position":2,"name":"Prodavnica","item":"https:\/\/inti.hr\/sr\/prodavnica\/"},{"@type":"ListItem","position":3,"name":"Ormari\u0107 za cipele s 2 preklopa 60 x 30 x 95 cm"}]},{"@type":"WebSite","@id":"https:\/\/inti.hr\/sr\/#website","url":"https:\/\/inti.hr\/sr\/","name":"Inti","description":"trgovina","potentialAction":[{"@type":"SearchAction","target":{"@type":"EntryPoint","urlTemplate":"https:\/\/inti.hr\/sr\/?s={search_term_string}"},"query-input":{"@type":"PropertyValueSpecification","valueRequired":true,"valueName":"search_term_string"}}],"inLanguage":"sr-RS"}]}},"jetpack_sharing_enabled":true,"jetpack-related-posts":[],"_links":{"self":[{"href":"https:\/\/inti.hr\/sr\/wp-json\/wp\/v2\/product\/32475"}],"collection":[{"href":"https:\/\/inti.hr\/sr\/wp-json\/wp\/v2\/product"}],"about":[{"href":"https:\/\/inti.hr\/sr\/wp-json\/wp\/v2\/types\/product"}],"wp:featuredmedia":[{"embeddable":true,"href":"https:\/\/inti.hr\/sr\/wp-json\/wp\/v2\/media\/32476"}],"wp:attachment":[{"href":"https:\/\/inti.hr\/sr\/wp-json\/wp\/v2\/media?parent=32475"}],"wp:term":[{"taxonomy":"product_cat","embeddable":true,"href":"https:\/\/inti.hr\/sr\/wp-json\/wp\/v2\/product_cat?post=32475"},{"taxonomy":"product_tag","embeddable":true,"href":"https:\/\/inti.hr\/sr\/wp-json\/wp\/v2\/product_tag?post=32475"}],"curies":[{"name":"wp","href":"https:\/\/api.w.org\/{rel}","templated":true}]}}