{"id":32494,"date":"2024-04-08T07:41:46","date_gmt":"2024-04-08T06:41:46","guid":{"rendered":"https:\/\/inti.hr\/product\/polica-za-knjige-4-razine-s-drzacima-za-knjige\/"},"modified":"2024-04-08T07:41:46","modified_gmt":"2024-04-08T06:41:46","slug":"polica-za-knjige-4-razine-s-drzacima-za-knjige","status":"publish","type":"product","link":"https:\/\/inti.hr\/sr\/proizvod\/polica-za-knjige-4-razine-s-drzacima-za-knjige\/","title":{"rendered":"Polica za knjige 4 razine s dr\u017ea\u010dima za knjige"},"content":{"rendered":"<p>Detalji proizvoda:<br \/>\nMaterijal: iverica, \u010delik<br \/>\nVeli\u010dina: 43 x 43 x 158 cm (D x \u0160 x V)<br \/>\nTe\u017eina: 20 kg<br \/>\nMaksimalna stati\u010dka nosivost: 60 kg<\/p>\n","protected":false},"excerpt":{"rendered":"<p>Inovativni rotiraju\u0107i dizajn osigurava jednostavan pristup va\u0161im omiljenim knjigama. Bo\u010dne \u017eice &#8230; <\/p>\n","protected":false},"featured_media":32496,"template":"","meta":[],"product_cat":[2421],"product_tag":[2441,3381],"yoast_head":"<!-- This site is optimized with the Yoast SEO plugin v23.7 - https:\/\/yoast.com\/wordpress\/plugins\/seo\/ -->\n<title>Polica za knjige 4 razine s dr\u017ea\u010dima za knjige - Inti<\/title>\n<meta name=\"description\" content=\"Inovativni rotiraju\u0107i dizajn osigurava jednostavan pristup va\u0161im omiljenim knjigama. Bo\u010dne \u017eice \u010dvrsto dr\u017ee predmete dok se okre\u0107u; Prostrane police s velikim razmacima nude prostor za ve\u0107e knjige. Ova kompaktna i elegantna samostoje\u0107a polica pristaje uz razli\u010dite stilove ure\u0111enja i \u0161ik je dodatak va\u0161oj dnevnoj sobi, ku\u0107nom uredu ili spava\u0107oj sobi. Uz jednostavne upute, ozna\u010dene dijelove i pojednostavljene korake sastavljanja, sastavljanje ove samostoje\u0107e 4-slojne rotiraju\u0107e police je povjetarac. Ova polica dimenzija 43 x 43 x 158 cm savr\u0161eno pristaje u kutove i mo\u017ee primiti otprilike 80-100 knjiga normalne veli\u010dine. Dva uklju\u010dena dr\u017ea\u010da za knjige dodatno dijele svaki sloj i mogu se ukloniti za zasebnu upotrebu. Ovaj rotiraju\u0107i stalak za pohranu dolazi sa za\u0161titom od prevrtanja za dodatnu sigurnost. Tako\u0111er je opremljen s 4 podesive no\u017eice koje osiguravaju stabilnost \u010dak i na blago neravnim podovima.\u00a0\" \/>\n<meta name=\"robots\" content=\"index, follow, max-snippet:-1, max-image-preview:large, max-video-preview:-1\" \/>\n<link rel=\"canonical\" href=\"https:\/\/inti.hr\/sr\/proizvod\/polica-za-knjige-4-razine-s-drzacima-za-knjige\/\" \/>\n<meta property=\"og:locale\" content=\"sr_RS\" \/>\n<meta property=\"og:type\" content=\"article\" \/>\n<meta property=\"og:title\" content=\"Polica za knjige 4 razine s dr\u017ea\u010dima za knjige - Inti\" \/>\n<meta property=\"og:description\" content=\"Inovativni rotiraju\u0107i dizajn osigurava jednostavan pristup va\u0161im omiljenim knjigama. Bo\u010dne \u017eice \u010dvrsto dr\u017ee predmete dok se okre\u0107u; Prostrane police s velikim razmacima nude prostor za ve\u0107e knjige. Ova kompaktna i elegantna samostoje\u0107a polica pristaje uz razli\u010dite stilove ure\u0111enja i \u0161ik je dodatak va\u0161oj dnevnoj sobi, ku\u0107nom uredu ili spava\u0107oj sobi. Uz jednostavne upute, ozna\u010dene dijelove i pojednostavljene korake sastavljanja, sastavljanje ove samostoje\u0107e 4-slojne rotiraju\u0107e police je povjetarac. Ova polica dimenzija 43 x 43 x 158 cm savr\u0161eno pristaje u kutove i mo\u017ee primiti otprilike 80-100 knjiga normalne veli\u010dine. Dva uklju\u010dena dr\u017ea\u010da za knjige dodatno dijele svaki sloj i mogu se ukloniti za zasebnu upotrebu. Ovaj rotiraju\u0107i stalak za pohranu dolazi sa za\u0161titom od prevrtanja za dodatnu sigurnost. Tako\u0111er je opremljen s 4 podesive no\u017eice koje osiguravaju stabilnost \u010dak i na blago neravnim podovima.\u00a0\" \/>\n<meta property=\"og:url\" content=\"https:\/\/inti.hr\/sr\/proizvod\/polica-za-knjige-4-razine-s-drzacima-za-knjige\/\" \/>\n<meta property=\"og:site_name\" content=\"Inti\" \/>\n<meta property=\"og:image\" content=\"https:\/\/i0.wp.com\/inti.hr\/wp-content\/uploads\/2024\/04\/LLS127B56-8.jpg?fit=800%2C1000&ssl=1\" \/>\n\t<meta property=\"og:image:width\" content=\"800\" \/>\n\t<meta property=\"og:image:height\" content=\"1000\" \/>\n\t<meta property=\"og:image:type\" content=\"image\/jpeg\" \/>\n<meta name=\"twitter:card\" content=\"summary_large_image\" \/>\n<script type=\"application\/ld+json\" class=\"yoast-schema-graph\">{\"@context\":\"https:\/\/schema.org\",\"@graph\":[{\"@type\":\"WebPage\",\"@id\":\"https:\/\/inti.hr\/sr\/proizvod\/polica-za-knjige-4-razine-s-drzacima-za-knjige\/\",\"url\":\"https:\/\/inti.hr\/sr\/proizvod\/polica-za-knjige-4-razine-s-drzacima-za-knjige\/\",\"name\":\"Polica za knjige 4 razine s dr\u017ea\u010dima za knjige - Inti\",\"isPartOf\":{\"@id\":\"https:\/\/inti.hr\/sr\/#website\"},\"primaryImageOfPage\":{\"@id\":\"https:\/\/inti.hr\/sr\/proizvod\/polica-za-knjige-4-razine-s-drzacima-za-knjige\/#primaryimage\"},\"image\":{\"@id\":\"https:\/\/inti.hr\/sr\/proizvod\/polica-za-knjige-4-razine-s-drzacima-za-knjige\/#primaryimage\"},\"thumbnailUrl\":\"https:\/\/i0.wp.com\/inti.hr\/wp-content\/uploads\/2024\/04\/LLS127B56-8.jpg?fit=800%2C1000&ssl=1\",\"datePublished\":\"2024-04-08T06:41:46+00:00\",\"dateModified\":\"2024-04-08T06:41:46+00:00\",\"description\":\"Inovativni rotiraju\u0107i dizajn osigurava jednostavan pristup va\u0161im omiljenim knjigama. Bo\u010dne \u017eice \u010dvrsto dr\u017ee predmete dok se okre\u0107u; Prostrane police s velikim razmacima nude prostor za ve\u0107e knjige. Ova kompaktna i elegantna samostoje\u0107a polica pristaje uz razli\u010dite stilove ure\u0111enja i \u0161ik je dodatak va\u0161oj dnevnoj sobi, ku\u0107nom uredu ili spava\u0107oj sobi. Uz jednostavne upute, ozna\u010dene dijelove i pojednostavljene korake sastavljanja, sastavljanje ove samostoje\u0107e 4-slojne rotiraju\u0107e police je povjetarac. Ova polica dimenzija 43 x 43 x 158 cm savr\u0161eno pristaje u kutove i mo\u017ee primiti otprilike 80-100 knjiga normalne veli\u010dine. Dva uklju\u010dena dr\u017ea\u010da za knjige dodatno dijele svaki sloj i mogu se ukloniti za zasebnu upotrebu. Ovaj rotiraju\u0107i stalak za pohranu dolazi sa za\u0161titom od prevrtanja za dodatnu sigurnost. Tako\u0111er je opremljen s 4 podesive no\u017eice koje osiguravaju stabilnost \u010dak i na blago neravnim podovima.\u00a0\",\"breadcrumb\":{\"@id\":\"https:\/\/inti.hr\/sr\/proizvod\/polica-za-knjige-4-razine-s-drzacima-za-knjige\/#breadcrumb\"},\"inLanguage\":\"sr-RS\",\"potentialAction\":[{\"@type\":\"ReadAction\",\"target\":[\"https:\/\/inti.hr\/sr\/proizvod\/polica-za-knjige-4-razine-s-drzacima-za-knjige\/\"]}]},{\"@type\":\"ImageObject\",\"inLanguage\":\"sr-RS\",\"@id\":\"https:\/\/inti.hr\/sr\/proizvod\/polica-za-knjige-4-razine-s-drzacima-za-knjige\/#primaryimage\",\"url\":\"https:\/\/i0.wp.com\/inti.hr\/wp-content\/uploads\/2024\/04\/LLS127B56-8.jpg?fit=800%2C1000&ssl=1\",\"contentUrl\":\"https:\/\/i0.wp.com\/inti.hr\/wp-content\/uploads\/2024\/04\/LLS127B56-8.jpg?fit=800%2C1000&ssl=1\",\"width\":800,\"height\":1000,\"caption\":\"polica za knjige 4 razine s dr\u017ea\u010dima za knjige\"},{\"@type\":\"BreadcrumbList\",\"@id\":\"https:\/\/inti.hr\/sr\/proizvod\/polica-za-knjige-4-razine-s-drzacima-za-knjige\/#breadcrumb\",\"itemListElement\":[{\"@type\":\"ListItem\",\"position\":1,\"name\":\"Po\u010detna stranica\",\"item\":\"https:\/\/inti.hr\/sr\/\"},{\"@type\":\"ListItem\",\"position\":2,\"name\":\"Prodavnica\",\"item\":\"https:\/\/inti.hr\/sr\/prodavnica\/\"},{\"@type\":\"ListItem\",\"position\":3,\"name\":\"Polica za knjige 4 razine s dr\u017ea\u010dima za knjige\"}]},{\"@type\":\"WebSite\",\"@id\":\"https:\/\/inti.hr\/sr\/#website\",\"url\":\"https:\/\/inti.hr\/sr\/\",\"name\":\"Inti\",\"description\":\"trgovina\",\"potentialAction\":[{\"@type\":\"SearchAction\",\"target\":{\"@type\":\"EntryPoint\",\"urlTemplate\":\"https:\/\/inti.hr\/sr\/?s={search_term_string}\"},\"query-input\":{\"@type\":\"PropertyValueSpecification\",\"valueRequired\":true,\"valueName\":\"search_term_string\"}}],\"inLanguage\":\"sr-RS\"}]}<\/script>\n<!-- \/ Yoast SEO plugin. -->","yoast_head_json":{"title":"Polica za knjige 4 razine s dr\u017ea\u010dima za knjige - Inti","description":"Inovativni rotiraju\u0107i dizajn osigurava jednostavan pristup va\u0161im omiljenim knjigama. Bo\u010dne \u017eice \u010dvrsto dr\u017ee predmete dok se okre\u0107u; Prostrane police s velikim razmacima nude prostor za ve\u0107e knjige. Ova kompaktna i elegantna samostoje\u0107a polica pristaje uz razli\u010dite stilove ure\u0111enja i \u0161ik je dodatak va\u0161oj dnevnoj sobi, ku\u0107nom uredu ili spava\u0107oj sobi. Uz jednostavne upute, ozna\u010dene dijelove i pojednostavljene korake sastavljanja, sastavljanje ove samostoje\u0107e 4-slojne rotiraju\u0107e police je povjetarac. Ova polica dimenzija 43 x 43 x 158 cm savr\u0161eno pristaje u kutove i mo\u017ee primiti otprilike 80-100 knjiga normalne veli\u010dine. Dva uklju\u010dena dr\u017ea\u010da za knjige dodatno dijele svaki sloj i mogu se ukloniti za zasebnu upotrebu. Ovaj rotiraju\u0107i stalak za pohranu dolazi sa za\u0161titom od prevrtanja za dodatnu sigurnost. Tako\u0111er je opremljen s 4 podesive no\u017eice koje osiguravaju stabilnost \u010dak i na blago neravnim podovima.\u00a0","robots":{"index":"index","follow":"follow","max-snippet":"max-snippet:-1","max-image-preview":"max-image-preview:large","max-video-preview":"max-video-preview:-1"},"canonical":"https:\/\/inti.hr\/sr\/proizvod\/polica-za-knjige-4-razine-s-drzacima-za-knjige\/","og_locale":"sr_RS","og_type":"article","og_title":"Polica za knjige 4 razine s dr\u017ea\u010dima za knjige - Inti","og_description":"Inovativni rotiraju\u0107i dizajn osigurava jednostavan pristup va\u0161im omiljenim knjigama. Bo\u010dne \u017eice \u010dvrsto dr\u017ee predmete dok se okre\u0107u; Prostrane police s velikim razmacima nude prostor za ve\u0107e knjige. Ova kompaktna i elegantna samostoje\u0107a polica pristaje uz razli\u010dite stilove ure\u0111enja i \u0161ik je dodatak va\u0161oj dnevnoj sobi, ku\u0107nom uredu ili spava\u0107oj sobi. Uz jednostavne upute, ozna\u010dene dijelove i pojednostavljene korake sastavljanja, sastavljanje ove samostoje\u0107e 4-slojne rotiraju\u0107e police je povjetarac. Ova polica dimenzija 43 x 43 x 158 cm savr\u0161eno pristaje u kutove i mo\u017ee primiti otprilike 80-100 knjiga normalne veli\u010dine. Dva uklju\u010dena dr\u017ea\u010da za knjige dodatno dijele svaki sloj i mogu se ukloniti za zasebnu upotrebu. Ovaj rotiraju\u0107i stalak za pohranu dolazi sa za\u0161titom od prevrtanja za dodatnu sigurnost. Tako\u0111er je opremljen s 4 podesive no\u017eice koje osiguravaju stabilnost \u010dak i na blago neravnim podovima.\u00a0","og_url":"https:\/\/inti.hr\/sr\/proizvod\/polica-za-knjige-4-razine-s-drzacima-za-knjige\/","og_site_name":"Inti","og_image":[{"width":800,"height":1000,"url":"https:\/\/i0.wp.com\/inti.hr\/wp-content\/uploads\/2024\/04\/LLS127B56-8.jpg?fit=800%2C1000&ssl=1","type":"image\/jpeg"}],"twitter_card":"summary_large_image","schema":{"@context":"https:\/\/schema.org","@graph":[{"@type":"WebPage","@id":"https:\/\/inti.hr\/sr\/proizvod\/polica-za-knjige-4-razine-s-drzacima-za-knjige\/","url":"https:\/\/inti.hr\/sr\/proizvod\/polica-za-knjige-4-razine-s-drzacima-za-knjige\/","name":"Polica za knjige 4 razine s dr\u017ea\u010dima za knjige - Inti","isPartOf":{"@id":"https:\/\/inti.hr\/sr\/#website"},"primaryImageOfPage":{"@id":"https:\/\/inti.hr\/sr\/proizvod\/polica-za-knjige-4-razine-s-drzacima-za-knjige\/#primaryimage"},"image":{"@id":"https:\/\/inti.hr\/sr\/proizvod\/polica-za-knjige-4-razine-s-drzacima-za-knjige\/#primaryimage"},"thumbnailUrl":"https:\/\/i0.wp.com\/inti.hr\/wp-content\/uploads\/2024\/04\/LLS127B56-8.jpg?fit=800%2C1000&ssl=1","datePublished":"2024-04-08T06:41:46+00:00","dateModified":"2024-04-08T06:41:46+00:00","description":"Inovativni rotiraju\u0107i dizajn osigurava jednostavan pristup va\u0161im omiljenim knjigama. Bo\u010dne \u017eice \u010dvrsto dr\u017ee predmete dok se okre\u0107u; Prostrane police s velikim razmacima nude prostor za ve\u0107e knjige. Ova kompaktna i elegantna samostoje\u0107a polica pristaje uz razli\u010dite stilove ure\u0111enja i \u0161ik je dodatak va\u0161oj dnevnoj sobi, ku\u0107nom uredu ili spava\u0107oj sobi. Uz jednostavne upute, ozna\u010dene dijelove i pojednostavljene korake sastavljanja, sastavljanje ove samostoje\u0107e 4-slojne rotiraju\u0107e police je povjetarac. Ova polica dimenzija 43 x 43 x 158 cm savr\u0161eno pristaje u kutove i mo\u017ee primiti otprilike 80-100 knjiga normalne veli\u010dine. Dva uklju\u010dena dr\u017ea\u010da za knjige dodatno dijele svaki sloj i mogu se ukloniti za zasebnu upotrebu. Ovaj rotiraju\u0107i stalak za pohranu dolazi sa za\u0161titom od prevrtanja za dodatnu sigurnost. Tako\u0111er je opremljen s 4 podesive no\u017eice koje osiguravaju stabilnost \u010dak i na blago neravnim podovima.\u00a0","breadcrumb":{"@id":"https:\/\/inti.hr\/sr\/proizvod\/polica-za-knjige-4-razine-s-drzacima-za-knjige\/#breadcrumb"},"inLanguage":"sr-RS","potentialAction":[{"@type":"ReadAction","target":["https:\/\/inti.hr\/sr\/proizvod\/polica-za-knjige-4-razine-s-drzacima-za-knjige\/"]}]},{"@type":"ImageObject","inLanguage":"sr-RS","@id":"https:\/\/inti.hr\/sr\/proizvod\/polica-za-knjige-4-razine-s-drzacima-za-knjige\/#primaryimage","url":"https:\/\/i0.wp.com\/inti.hr\/wp-content\/uploads\/2024\/04\/LLS127B56-8.jpg?fit=800%2C1000&ssl=1","contentUrl":"https:\/\/i0.wp.com\/inti.hr\/wp-content\/uploads\/2024\/04\/LLS127B56-8.jpg?fit=800%2C1000&ssl=1","width":800,"height":1000,"caption":"polica za knjige 4 razine s dr\u017ea\u010dima za knjige"},{"@type":"BreadcrumbList","@id":"https:\/\/inti.hr\/sr\/proizvod\/polica-za-knjige-4-razine-s-drzacima-za-knjige\/#breadcrumb","itemListElement":[{"@type":"ListItem","position":1,"name":"Po\u010detna stranica","item":"https:\/\/inti.hr\/sr\/"},{"@type":"ListItem","position":2,"name":"Prodavnica","item":"https:\/\/inti.hr\/sr\/prodavnica\/"},{"@type":"ListItem","position":3,"name":"Polica za knjige 4 razine s dr\u017ea\u010dima za knjige"}]},{"@type":"WebSite","@id":"https:\/\/inti.hr\/sr\/#website","url":"https:\/\/inti.hr\/sr\/","name":"Inti","description":"trgovina","potentialAction":[{"@type":"SearchAction","target":{"@type":"EntryPoint","urlTemplate":"https:\/\/inti.hr\/sr\/?s={search_term_string}"},"query-input":{"@type":"PropertyValueSpecification","valueRequired":true,"valueName":"search_term_string"}}],"inLanguage":"sr-RS"}]}},"jetpack_sharing_enabled":true,"jetpack-related-posts":[],"_links":{"self":[{"href":"https:\/\/inti.hr\/sr\/wp-json\/wp\/v2\/product\/32494"}],"collection":[{"href":"https:\/\/inti.hr\/sr\/wp-json\/wp\/v2\/product"}],"about":[{"href":"https:\/\/inti.hr\/sr\/wp-json\/wp\/v2\/types\/product"}],"wp:featuredmedia":[{"embeddable":true,"href":"https:\/\/inti.hr\/sr\/wp-json\/wp\/v2\/media\/32496"}],"wp:attachment":[{"href":"https:\/\/inti.hr\/sr\/wp-json\/wp\/v2\/media?parent=32494"}],"wp:term":[{"taxonomy":"product_cat","embeddable":true,"href":"https:\/\/inti.hr\/sr\/wp-json\/wp\/v2\/product_cat?post=32494"},{"taxonomy":"product_tag","embeddable":true,"href":"https:\/\/inti.hr\/sr\/wp-json\/wp\/v2\/product_tag?post=32494"}],"curies":[{"name":"wp","href":"https:\/\/api.w.org\/{rel}","templated":true}]}}