{"id":32547,"date":"2024-03-22T11:01:32","date_gmt":"2024-03-22T10:01:32","guid":{"rendered":"https:\/\/inti.hr\/product\/stojeci-stolac-podesiv-po-visini\/"},"modified":"2024-03-22T11:01:32","modified_gmt":"2024-03-22T10:01:32","slug":"stojeci-stolac-podesiv-po-visini","status":"publish","type":"product","link":"https:\/\/inti.hr\/sr\/proizvod\/stojeci-stolac-podesiv-po-visini\/","title":{"rendered":"Stoje\u0107i stolac podesiv po visini"},"content":{"rendered":"<p>Detalji proizvoda:<\/p>\n<p>Materijal: plastika, pjena, \u0161perplo\u010da, \u010delik<br \/>\nVisina sjedala: 58-83 cm<br \/>\nDu\u017eina sjedala: 34 cm<br \/>\nPromjer baze: 36 cm<br \/>\nTe\u017eina: 5,9 kg<br \/>\nMaksimalna stati\u010dka nosivost: 120 kg<\/p>\n","protected":false},"excerpt":{"rendered":"<p>Sjedalo je opremljeno 9 cm debelom pjenom visoke gusto\u0107e koja osigurava &#8230; <\/p>\n","protected":false},"featured_media":32548,"template":"","meta":[],"product_cat":[2440],"product_tag":[2656,3405,2833],"yoast_head":"<!-- This site is optimized with the Yoast SEO plugin v23.7 - https:\/\/yoast.com\/wordpress\/plugins\/seo\/ -->\n<title>Stoje\u0107i stolac podesiv po visini - Inti<\/title>\n<meta name=\"description\" content=\"Sjedalo je opremljeno 9 cm debelom pjenom visoke gusto\u0107e koja osigurava dugotrajnu udobnost sjedenja. Stolica vam tako\u0111er poma\u017ee u odr\u017eavanju ispravnog polo\u017eaja pri sjedenju i smanjuje optere\u0107enje na le\u0111ima. Zahvaljuju\u0107i gumbu ispod sjedala, visina taburea se mo\u017ee podesiti izme\u0111u 58 i 83 cm. Bilo da se radi o klasi\u010dnom stolu, stolu za sjedenje ili barskom stolu, tabure savr\u0161eno pristaje. Sjedalo u obliku sedla i pro\u0161irena okrugla baza ovoj stolnoj stolici daju moderan i estetski izgled koji se savr\u0161eno uklapa u va\u0161e radno okru\u017eenje. Ovaj stoje\u0107i stolac omogu\u0107uje vam naginjanje za 360\u00b0 tijekom rada. Mo\u017ee se naginjati u svim smjerovima, \u0161to poma\u017ee u ja\u010danju le\u0111nih i vratnih mi\u0161i\u0107a i samim time poti\u010de zdravije dr\u017eanje. Zahvaljuju\u0107i inteligentnom dizajnu, ovaj je tabure iznimno jednostavan za sastavljanje. Uredski stolac mo\u017eete postaviti za minutu. Alat nije potreban!\" \/>\n<meta name=\"robots\" content=\"index, follow, max-snippet:-1, max-image-preview:large, max-video-preview:-1\" \/>\n<link rel=\"canonical\" href=\"https:\/\/inti.hr\/sr\/proizvod\/stojeci-stolac-podesiv-po-visini\/\" \/>\n<meta property=\"og:locale\" content=\"sr_RS\" \/>\n<meta property=\"og:type\" content=\"article\" \/>\n<meta property=\"og:title\" content=\"Stoje\u0107i stolac podesiv po visini - Inti\" \/>\n<meta property=\"og:description\" content=\"Sjedalo je opremljeno 9 cm debelom pjenom visoke gusto\u0107e koja osigurava dugotrajnu udobnost sjedenja. Stolica vam tako\u0111er poma\u017ee u odr\u017eavanju ispravnog polo\u017eaja pri sjedenju i smanjuje optere\u0107enje na le\u0111ima. Zahvaljuju\u0107i gumbu ispod sjedala, visina taburea se mo\u017ee podesiti izme\u0111u 58 i 83 cm. Bilo da se radi o klasi\u010dnom stolu, stolu za sjedenje ili barskom stolu, tabure savr\u0161eno pristaje. Sjedalo u obliku sedla i pro\u0161irena okrugla baza ovoj stolnoj stolici daju moderan i estetski izgled koji se savr\u0161eno uklapa u va\u0161e radno okru\u017eenje. Ovaj stoje\u0107i stolac omogu\u0107uje vam naginjanje za 360\u00b0 tijekom rada. Mo\u017ee se naginjati u svim smjerovima, \u0161to poma\u017ee u ja\u010danju le\u0111nih i vratnih mi\u0161i\u0107a i samim time poti\u010de zdravije dr\u017eanje. Zahvaljuju\u0107i inteligentnom dizajnu, ovaj je tabure iznimno jednostavan za sastavljanje. Uredski stolac mo\u017eete postaviti za minutu. Alat nije potreban!\" \/>\n<meta property=\"og:url\" content=\"https:\/\/inti.hr\/sr\/proizvod\/stojeci-stolac-podesiv-po-visini\/\" \/>\n<meta property=\"og:site_name\" content=\"Inti\" \/>\n<meta property=\"og:image\" content=\"https:\/\/i0.wp.com\/inti.hr\/wp-content\/uploads\/2024\/03\/OSC008B01-2-DE-e1711101493650.jpg?fit=800%2C855&ssl=1\" \/>\n\t<meta property=\"og:image:width\" content=\"800\" \/>\n\t<meta property=\"og:image:height\" content=\"855\" \/>\n\t<meta property=\"og:image:type\" content=\"image\/jpeg\" \/>\n<meta name=\"twitter:card\" content=\"summary_large_image\" \/>\n<script type=\"application\/ld+json\" class=\"yoast-schema-graph\">{\"@context\":\"https:\/\/schema.org\",\"@graph\":[{\"@type\":\"WebPage\",\"@id\":\"https:\/\/inti.hr\/sr\/proizvod\/stojeci-stolac-podesiv-po-visini\/\",\"url\":\"https:\/\/inti.hr\/sr\/proizvod\/stojeci-stolac-podesiv-po-visini\/\",\"name\":\"Stoje\u0107i stolac podesiv po visini - Inti\",\"isPartOf\":{\"@id\":\"https:\/\/inti.hr\/sr\/#website\"},\"primaryImageOfPage\":{\"@id\":\"https:\/\/inti.hr\/sr\/proizvod\/stojeci-stolac-podesiv-po-visini\/#primaryimage\"},\"image\":{\"@id\":\"https:\/\/inti.hr\/sr\/proizvod\/stojeci-stolac-podesiv-po-visini\/#primaryimage\"},\"thumbnailUrl\":\"https:\/\/i0.wp.com\/inti.hr\/wp-content\/uploads\/2024\/03\/OSC008B01-2-DE-e1711101493650.jpg?fit=800%2C855&ssl=1\",\"datePublished\":\"2024-03-22T10:01:32+00:00\",\"dateModified\":\"2024-03-22T10:01:32+00:00\",\"description\":\"Sjedalo je opremljeno 9 cm debelom pjenom visoke gusto\u0107e koja osigurava dugotrajnu udobnost sjedenja. Stolica vam tako\u0111er poma\u017ee u odr\u017eavanju ispravnog polo\u017eaja pri sjedenju i smanjuje optere\u0107enje na le\u0111ima. Zahvaljuju\u0107i gumbu ispod sjedala, visina taburea se mo\u017ee podesiti izme\u0111u 58 i 83 cm. Bilo da se radi o klasi\u010dnom stolu, stolu za sjedenje ili barskom stolu, tabure savr\u0161eno pristaje. Sjedalo u obliku sedla i pro\u0161irena okrugla baza ovoj stolnoj stolici daju moderan i estetski izgled koji se savr\u0161eno uklapa u va\u0161e radno okru\u017eenje. Ovaj stoje\u0107i stolac omogu\u0107uje vam naginjanje za 360\u00b0 tijekom rada. Mo\u017ee se naginjati u svim smjerovima, \u0161to poma\u017ee u ja\u010danju le\u0111nih i vratnih mi\u0161i\u0107a i samim time poti\u010de zdravije dr\u017eanje. Zahvaljuju\u0107i inteligentnom dizajnu, ovaj je tabure iznimno jednostavan za sastavljanje. Uredski stolac mo\u017eete postaviti za minutu. Alat nije potreban!\",\"breadcrumb\":{\"@id\":\"https:\/\/inti.hr\/sr\/proizvod\/stojeci-stolac-podesiv-po-visini\/#breadcrumb\"},\"inLanguage\":\"sr-RS\",\"potentialAction\":[{\"@type\":\"ReadAction\",\"target\":[\"https:\/\/inti.hr\/sr\/proizvod\/stojeci-stolac-podesiv-po-visini\/\"]}]},{\"@type\":\"ImageObject\",\"inLanguage\":\"sr-RS\",\"@id\":\"https:\/\/inti.hr\/sr\/proizvod\/stojeci-stolac-podesiv-po-visini\/#primaryimage\",\"url\":\"https:\/\/i0.wp.com\/inti.hr\/wp-content\/uploads\/2024\/03\/OSC008B01-2-DE-e1711101493650.jpg?fit=800%2C855&ssl=1\",\"contentUrl\":\"https:\/\/i0.wp.com\/inti.hr\/wp-content\/uploads\/2024\/03\/OSC008B01-2-DE-e1711101493650.jpg?fit=800%2C855&ssl=1\",\"width\":800,\"height\":855,\"caption\":\"stoje\u0107i stolac podesiv po visini i moderno crni\"},{\"@type\":\"BreadcrumbList\",\"@id\":\"https:\/\/inti.hr\/sr\/proizvod\/stojeci-stolac-podesiv-po-visini\/#breadcrumb\",\"itemListElement\":[{\"@type\":\"ListItem\",\"position\":1,\"name\":\"Po\u010detna stranica\",\"item\":\"https:\/\/inti.hr\/sr\/\"},{\"@type\":\"ListItem\",\"position\":2,\"name\":\"Prodavnica\",\"item\":\"https:\/\/inti.hr\/sr\/prodavnica\/\"},{\"@type\":\"ListItem\",\"position\":3,\"name\":\"Stoje\u0107i stolac podesiv po visini\"}]},{\"@type\":\"WebSite\",\"@id\":\"https:\/\/inti.hr\/sr\/#website\",\"url\":\"https:\/\/inti.hr\/sr\/\",\"name\":\"Inti\",\"description\":\"trgovina\",\"potentialAction\":[{\"@type\":\"SearchAction\",\"target\":{\"@type\":\"EntryPoint\",\"urlTemplate\":\"https:\/\/inti.hr\/sr\/?s={search_term_string}\"},\"query-input\":{\"@type\":\"PropertyValueSpecification\",\"valueRequired\":true,\"valueName\":\"search_term_string\"}}],\"inLanguage\":\"sr-RS\"}]}<\/script>\n<!-- \/ Yoast SEO plugin. -->","yoast_head_json":{"title":"Stoje\u0107i stolac podesiv po visini - Inti","description":"Sjedalo je opremljeno 9 cm debelom pjenom visoke gusto\u0107e koja osigurava dugotrajnu udobnost sjedenja. Stolica vam tako\u0111er poma\u017ee u odr\u017eavanju ispravnog polo\u017eaja pri sjedenju i smanjuje optere\u0107enje na le\u0111ima. Zahvaljuju\u0107i gumbu ispod sjedala, visina taburea se mo\u017ee podesiti izme\u0111u 58 i 83 cm. Bilo da se radi o klasi\u010dnom stolu, stolu za sjedenje ili barskom stolu, tabure savr\u0161eno pristaje. Sjedalo u obliku sedla i pro\u0161irena okrugla baza ovoj stolnoj stolici daju moderan i estetski izgled koji se savr\u0161eno uklapa u va\u0161e radno okru\u017eenje. Ovaj stoje\u0107i stolac omogu\u0107uje vam naginjanje za 360\u00b0 tijekom rada. Mo\u017ee se naginjati u svim smjerovima, \u0161to poma\u017ee u ja\u010danju le\u0111nih i vratnih mi\u0161i\u0107a i samim time poti\u010de zdravije dr\u017eanje. Zahvaljuju\u0107i inteligentnom dizajnu, ovaj je tabure iznimno jednostavan za sastavljanje. Uredski stolac mo\u017eete postaviti za minutu. Alat nije potreban!","robots":{"index":"index","follow":"follow","max-snippet":"max-snippet:-1","max-image-preview":"max-image-preview:large","max-video-preview":"max-video-preview:-1"},"canonical":"https:\/\/inti.hr\/sr\/proizvod\/stojeci-stolac-podesiv-po-visini\/","og_locale":"sr_RS","og_type":"article","og_title":"Stoje\u0107i stolac podesiv po visini - Inti","og_description":"Sjedalo je opremljeno 9 cm debelom pjenom visoke gusto\u0107e koja osigurava dugotrajnu udobnost sjedenja. Stolica vam tako\u0111er poma\u017ee u odr\u017eavanju ispravnog polo\u017eaja pri sjedenju i smanjuje optere\u0107enje na le\u0111ima. Zahvaljuju\u0107i gumbu ispod sjedala, visina taburea se mo\u017ee podesiti izme\u0111u 58 i 83 cm. Bilo da se radi o klasi\u010dnom stolu, stolu za sjedenje ili barskom stolu, tabure savr\u0161eno pristaje. Sjedalo u obliku sedla i pro\u0161irena okrugla baza ovoj stolnoj stolici daju moderan i estetski izgled koji se savr\u0161eno uklapa u va\u0161e radno okru\u017eenje. Ovaj stoje\u0107i stolac omogu\u0107uje vam naginjanje za 360\u00b0 tijekom rada. Mo\u017ee se naginjati u svim smjerovima, \u0161to poma\u017ee u ja\u010danju le\u0111nih i vratnih mi\u0161i\u0107a i samim time poti\u010de zdravije dr\u017eanje. Zahvaljuju\u0107i inteligentnom dizajnu, ovaj je tabure iznimno jednostavan za sastavljanje. Uredski stolac mo\u017eete postaviti za minutu. Alat nije potreban!","og_url":"https:\/\/inti.hr\/sr\/proizvod\/stojeci-stolac-podesiv-po-visini\/","og_site_name":"Inti","og_image":[{"width":800,"height":855,"url":"https:\/\/i0.wp.com\/inti.hr\/wp-content\/uploads\/2024\/03\/OSC008B01-2-DE-e1711101493650.jpg?fit=800%2C855&ssl=1","type":"image\/jpeg"}],"twitter_card":"summary_large_image","schema":{"@context":"https:\/\/schema.org","@graph":[{"@type":"WebPage","@id":"https:\/\/inti.hr\/sr\/proizvod\/stojeci-stolac-podesiv-po-visini\/","url":"https:\/\/inti.hr\/sr\/proizvod\/stojeci-stolac-podesiv-po-visini\/","name":"Stoje\u0107i stolac podesiv po visini - Inti","isPartOf":{"@id":"https:\/\/inti.hr\/sr\/#website"},"primaryImageOfPage":{"@id":"https:\/\/inti.hr\/sr\/proizvod\/stojeci-stolac-podesiv-po-visini\/#primaryimage"},"image":{"@id":"https:\/\/inti.hr\/sr\/proizvod\/stojeci-stolac-podesiv-po-visini\/#primaryimage"},"thumbnailUrl":"https:\/\/i0.wp.com\/inti.hr\/wp-content\/uploads\/2024\/03\/OSC008B01-2-DE-e1711101493650.jpg?fit=800%2C855&ssl=1","datePublished":"2024-03-22T10:01:32+00:00","dateModified":"2024-03-22T10:01:32+00:00","description":"Sjedalo je opremljeno 9 cm debelom pjenom visoke gusto\u0107e koja osigurava dugotrajnu udobnost sjedenja. Stolica vam tako\u0111er poma\u017ee u odr\u017eavanju ispravnog polo\u017eaja pri sjedenju i smanjuje optere\u0107enje na le\u0111ima. Zahvaljuju\u0107i gumbu ispod sjedala, visina taburea se mo\u017ee podesiti izme\u0111u 58 i 83 cm. Bilo da se radi o klasi\u010dnom stolu, stolu za sjedenje ili barskom stolu, tabure savr\u0161eno pristaje. Sjedalo u obliku sedla i pro\u0161irena okrugla baza ovoj stolnoj stolici daju moderan i estetski izgled koji se savr\u0161eno uklapa u va\u0161e radno okru\u017eenje. Ovaj stoje\u0107i stolac omogu\u0107uje vam naginjanje za 360\u00b0 tijekom rada. Mo\u017ee se naginjati u svim smjerovima, \u0161to poma\u017ee u ja\u010danju le\u0111nih i vratnih mi\u0161i\u0107a i samim time poti\u010de zdravije dr\u017eanje. Zahvaljuju\u0107i inteligentnom dizajnu, ovaj je tabure iznimno jednostavan za sastavljanje. Uredski stolac mo\u017eete postaviti za minutu. Alat nije potreban!","breadcrumb":{"@id":"https:\/\/inti.hr\/sr\/proizvod\/stojeci-stolac-podesiv-po-visini\/#breadcrumb"},"inLanguage":"sr-RS","potentialAction":[{"@type":"ReadAction","target":["https:\/\/inti.hr\/sr\/proizvod\/stojeci-stolac-podesiv-po-visini\/"]}]},{"@type":"ImageObject","inLanguage":"sr-RS","@id":"https:\/\/inti.hr\/sr\/proizvod\/stojeci-stolac-podesiv-po-visini\/#primaryimage","url":"https:\/\/i0.wp.com\/inti.hr\/wp-content\/uploads\/2024\/03\/OSC008B01-2-DE-e1711101493650.jpg?fit=800%2C855&ssl=1","contentUrl":"https:\/\/i0.wp.com\/inti.hr\/wp-content\/uploads\/2024\/03\/OSC008B01-2-DE-e1711101493650.jpg?fit=800%2C855&ssl=1","width":800,"height":855,"caption":"stoje\u0107i stolac podesiv po visini i moderno crni"},{"@type":"BreadcrumbList","@id":"https:\/\/inti.hr\/sr\/proizvod\/stojeci-stolac-podesiv-po-visini\/#breadcrumb","itemListElement":[{"@type":"ListItem","position":1,"name":"Po\u010detna stranica","item":"https:\/\/inti.hr\/sr\/"},{"@type":"ListItem","position":2,"name":"Prodavnica","item":"https:\/\/inti.hr\/sr\/prodavnica\/"},{"@type":"ListItem","position":3,"name":"Stoje\u0107i stolac podesiv po visini"}]},{"@type":"WebSite","@id":"https:\/\/inti.hr\/sr\/#website","url":"https:\/\/inti.hr\/sr\/","name":"Inti","description":"trgovina","potentialAction":[{"@type":"SearchAction","target":{"@type":"EntryPoint","urlTemplate":"https:\/\/inti.hr\/sr\/?s={search_term_string}"},"query-input":{"@type":"PropertyValueSpecification","valueRequired":true,"valueName":"search_term_string"}}],"inLanguage":"sr-RS"}]}},"jetpack_sharing_enabled":true,"jetpack-related-posts":[],"_links":{"self":[{"href":"https:\/\/inti.hr\/sr\/wp-json\/wp\/v2\/product\/32547"}],"collection":[{"href":"https:\/\/inti.hr\/sr\/wp-json\/wp\/v2\/product"}],"about":[{"href":"https:\/\/inti.hr\/sr\/wp-json\/wp\/v2\/types\/product"}],"wp:featuredmedia":[{"embeddable":true,"href":"https:\/\/inti.hr\/sr\/wp-json\/wp\/v2\/media\/32548"}],"wp:attachment":[{"href":"https:\/\/inti.hr\/sr\/wp-json\/wp\/v2\/media?parent=32547"}],"wp:term":[{"taxonomy":"product_cat","embeddable":true,"href":"https:\/\/inti.hr\/sr\/wp-json\/wp\/v2\/product_cat?post=32547"},{"taxonomy":"product_tag","embeddable":true,"href":"https:\/\/inti.hr\/sr\/wp-json\/wp\/v2\/product_tag?post=32547"}],"curies":[{"name":"wp","href":"https:\/\/api.w.org\/{rel}","templated":true}]}}