{"id":32553,"date":"2024-03-20T11:11:27","date_gmt":"2024-03-20T10:11:27","guid":{"rendered":"https:\/\/inti.hr\/product\/toaletni-stol-s-ogledalom-i-modernim-ladicama\/"},"modified":"2024-03-20T11:11:27","modified_gmt":"2024-03-20T10:11:27","slug":"toaletni-stol-s-ogledalom-i-modernim-ladicama","status":"publish","type":"product","link":"https:\/\/inti.hr\/sr\/proizvod\/toaletni-stol-s-ogledalom-i-modernim-ladicama\/","title":{"rendered":"Toaletni stol s ogledalom i modernim ladicama"},"content":{"rendered":"<p>Detalji proizvoda:<\/p>\n<p>Boja: oblak bijela<br \/>\nMaterijal: iverica<br \/>\nVeli\u010dina: 40 x 90 x 144,7 cm (D x \u0160 x V)<br \/>\nTe\u017eina: 32,3 kg<\/p>\n","protected":false},"excerpt":{"rendered":"<p><span>Gornja polica i 7 otvorenih pretinaca omogu\u0107uju lak pristup va\u0161im kozmeti\u010dkim &#8230; <\/p>\n","protected":false},"featured_media":32554,"template":"","meta":[],"product_cat":[2416],"product_tag":[2677,3407],"yoast_head":"<!-- This site is optimized with the Yoast SEO plugin v23.7 - https:\/\/yoast.com\/wordpress\/plugins\/seo\/ -->\n<title>Toaletni stol s ogledalom i modernim ladicama - Inti<\/title>\n<meta name=\"description\" content=\"Gornja polica i 7 otvorenih pretinaca omogu\u0107uju lak pristup va\u0161im kozmeti\u010dkim proizvodima.\u00a0Iza ogledala su 2 police i kuke za nakit, 2 velike ladice i polica ispod - sve ima svoje mjesto. 2 police s lijeve strane i srednja polica s desne strane ovog toaletnog stoli\u0107a podesive su u 3 visine. Oni pru\u017eaju idealnu pozornicu za va\u0161e predmete, bili oni veliki ili mali. Izra\u0111en od visokokvalitetne iverice, ovaj kozmeti\u010dki stol nudi visoku stabilnost i podr\u017eavat \u0107e va\u0161u rutinu ljepote dugi niz godina. Mo\u017eete promijeniti boje 9 svjetala pritiskom na gumb sa strelicom ciklusa na prekida\u010du i prilagoditi svjetlinu pritiskom na gumb plus i gumb minus kako biste prona\u0161li pravo svjetlo. S jednostavnim linijama i bijelim tonovima, ovaj toaletni stoli\u0107 unosi elegantan \u0161tih u va\u0161u spava\u0107u ili garderobu.\" \/>\n<meta name=\"robots\" content=\"index, follow, max-snippet:-1, max-image-preview:large, max-video-preview:-1\" \/>\n<link rel=\"canonical\" href=\"https:\/\/inti.hr\/sr\/proizvod\/toaletni-stol-s-ogledalom-i-modernim-ladicama\/\" \/>\n<meta property=\"og:locale\" content=\"sr_RS\" \/>\n<meta property=\"og:type\" content=\"article\" \/>\n<meta property=\"og:title\" content=\"Toaletni stol s ogledalom i modernim ladicama - Inti\" \/>\n<meta property=\"og:description\" content=\"Gornja polica i 7 otvorenih pretinaca omogu\u0107uju lak pristup va\u0161im kozmeti\u010dkim proizvodima.\u00a0Iza ogledala su 2 police i kuke za nakit, 2 velike ladice i polica ispod - sve ima svoje mjesto. 2 police s lijeve strane i srednja polica s desne strane ovog toaletnog stoli\u0107a podesive su u 3 visine. Oni pru\u017eaju idealnu pozornicu za va\u0161e predmete, bili oni veliki ili mali. Izra\u0111en od visokokvalitetne iverice, ovaj kozmeti\u010dki stol nudi visoku stabilnost i podr\u017eavat \u0107e va\u0161u rutinu ljepote dugi niz godina. Mo\u017eete promijeniti boje 9 svjetala pritiskom na gumb sa strelicom ciklusa na prekida\u010du i prilagoditi svjetlinu pritiskom na gumb plus i gumb minus kako biste prona\u0161li pravo svjetlo. S jednostavnim linijama i bijelim tonovima, ovaj toaletni stoli\u0107 unosi elegantan \u0161tih u va\u0161u spava\u0107u ili garderobu.\" \/>\n<meta property=\"og:url\" content=\"https:\/\/inti.hr\/sr\/proizvod\/toaletni-stol-s-ogledalom-i-modernim-ladicama\/\" \/>\n<meta property=\"og:site_name\" content=\"Inti\" \/>\n<meta property=\"og:image\" content=\"https:\/\/i0.wp.com\/inti.hr\/wp-content\/uploads\/2024\/03\/RDT126W01-2-e1710929393174.jpg?fit=800%2C866&ssl=1\" \/>\n\t<meta property=\"og:image:width\" content=\"800\" \/>\n\t<meta property=\"og:image:height\" content=\"866\" \/>\n\t<meta property=\"og:image:type\" content=\"image\/jpeg\" \/>\n<meta name=\"twitter:card\" content=\"summary_large_image\" \/>\n<script type=\"application\/ld+json\" class=\"yoast-schema-graph\">{\"@context\":\"https:\/\/schema.org\",\"@graph\":[{\"@type\":\"WebPage\",\"@id\":\"https:\/\/inti.hr\/sr\/proizvod\/toaletni-stol-s-ogledalom-i-modernim-ladicama\/\",\"url\":\"https:\/\/inti.hr\/sr\/proizvod\/toaletni-stol-s-ogledalom-i-modernim-ladicama\/\",\"name\":\"Toaletni stol s ogledalom i modernim ladicama - Inti\",\"isPartOf\":{\"@id\":\"https:\/\/inti.hr\/sr\/#website\"},\"primaryImageOfPage\":{\"@id\":\"https:\/\/inti.hr\/sr\/proizvod\/toaletni-stol-s-ogledalom-i-modernim-ladicama\/#primaryimage\"},\"image\":{\"@id\":\"https:\/\/inti.hr\/sr\/proizvod\/toaletni-stol-s-ogledalom-i-modernim-ladicama\/#primaryimage\"},\"thumbnailUrl\":\"https:\/\/i0.wp.com\/inti.hr\/wp-content\/uploads\/2024\/03\/RDT126W01-2-e1710929393174.jpg?fit=800%2C866&ssl=1\",\"datePublished\":\"2024-03-20T10:11:27+00:00\",\"dateModified\":\"2024-03-20T10:11:27+00:00\",\"description\":\"Gornja polica i 7 otvorenih pretinaca omogu\u0107uju lak pristup va\u0161im kozmeti\u010dkim proizvodima.\u00a0Iza ogledala su 2 police i kuke za nakit, 2 velike ladice i polica ispod - sve ima svoje mjesto. 2 police s lijeve strane i srednja polica s desne strane ovog toaletnog stoli\u0107a podesive su u 3 visine. Oni pru\u017eaju idealnu pozornicu za va\u0161e predmete, bili oni veliki ili mali. Izra\u0111en od visokokvalitetne iverice, ovaj kozmeti\u010dki stol nudi visoku stabilnost i podr\u017eavat \u0107e va\u0161u rutinu ljepote dugi niz godina. Mo\u017eete promijeniti boje 9 svjetala pritiskom na gumb sa strelicom ciklusa na prekida\u010du i prilagoditi svjetlinu pritiskom na gumb plus i gumb minus kako biste prona\u0161li pravo svjetlo. S jednostavnim linijama i bijelim tonovima, ovaj toaletni stoli\u0107 unosi elegantan \u0161tih u va\u0161u spava\u0107u ili garderobu.\",\"breadcrumb\":{\"@id\":\"https:\/\/inti.hr\/sr\/proizvod\/toaletni-stol-s-ogledalom-i-modernim-ladicama\/#breadcrumb\"},\"inLanguage\":\"sr-RS\",\"potentialAction\":[{\"@type\":\"ReadAction\",\"target\":[\"https:\/\/inti.hr\/sr\/proizvod\/toaletni-stol-s-ogledalom-i-modernim-ladicama\/\"]}]},{\"@type\":\"ImageObject\",\"inLanguage\":\"sr-RS\",\"@id\":\"https:\/\/inti.hr\/sr\/proizvod\/toaletni-stol-s-ogledalom-i-modernim-ladicama\/#primaryimage\",\"url\":\"https:\/\/i0.wp.com\/inti.hr\/wp-content\/uploads\/2024\/03\/RDT126W01-2-e1710929393174.jpg?fit=800%2C866&ssl=1\",\"contentUrl\":\"https:\/\/i0.wp.com\/inti.hr\/wp-content\/uploads\/2024\/03\/RDT126W01-2-e1710929393174.jpg?fit=800%2C866&ssl=1\",\"width\":800,\"height\":866,\"caption\":\"toaletni stol s ogledalom i modernim ladicama\"},{\"@type\":\"BreadcrumbList\",\"@id\":\"https:\/\/inti.hr\/sr\/proizvod\/toaletni-stol-s-ogledalom-i-modernim-ladicama\/#breadcrumb\",\"itemListElement\":[{\"@type\":\"ListItem\",\"position\":1,\"name\":\"Po\u010detna stranica\",\"item\":\"https:\/\/inti.hr\/sr\/\"},{\"@type\":\"ListItem\",\"position\":2,\"name\":\"Prodavnica\",\"item\":\"https:\/\/inti.hr\/sr\/prodavnica\/\"},{\"@type\":\"ListItem\",\"position\":3,\"name\":\"Toaletni stol s ogledalom i modernim ladicama\"}]},{\"@type\":\"WebSite\",\"@id\":\"https:\/\/inti.hr\/sr\/#website\",\"url\":\"https:\/\/inti.hr\/sr\/\",\"name\":\"Inti\",\"description\":\"trgovina\",\"potentialAction\":[{\"@type\":\"SearchAction\",\"target\":{\"@type\":\"EntryPoint\",\"urlTemplate\":\"https:\/\/inti.hr\/sr\/?s={search_term_string}\"},\"query-input\":{\"@type\":\"PropertyValueSpecification\",\"valueRequired\":true,\"valueName\":\"search_term_string\"}}],\"inLanguage\":\"sr-RS\"}]}<\/script>\n<!-- \/ Yoast SEO plugin. -->","yoast_head_json":{"title":"Toaletni stol s ogledalom i modernim ladicama - Inti","description":"Gornja polica i 7 otvorenih pretinaca omogu\u0107uju lak pristup va\u0161im kozmeti\u010dkim proizvodima.\u00a0Iza ogledala su 2 police i kuke za nakit, 2 velike ladice i polica ispod - sve ima svoje mjesto. 2 police s lijeve strane i srednja polica s desne strane ovog toaletnog stoli\u0107a podesive su u 3 visine. Oni pru\u017eaju idealnu pozornicu za va\u0161e predmete, bili oni veliki ili mali. Izra\u0111en od visokokvalitetne iverice, ovaj kozmeti\u010dki stol nudi visoku stabilnost i podr\u017eavat \u0107e va\u0161u rutinu ljepote dugi niz godina. Mo\u017eete promijeniti boje 9 svjetala pritiskom na gumb sa strelicom ciklusa na prekida\u010du i prilagoditi svjetlinu pritiskom na gumb plus i gumb minus kako biste prona\u0161li pravo svjetlo. S jednostavnim linijama i bijelim tonovima, ovaj toaletni stoli\u0107 unosi elegantan \u0161tih u va\u0161u spava\u0107u ili garderobu.","robots":{"index":"index","follow":"follow","max-snippet":"max-snippet:-1","max-image-preview":"max-image-preview:large","max-video-preview":"max-video-preview:-1"},"canonical":"https:\/\/inti.hr\/sr\/proizvod\/toaletni-stol-s-ogledalom-i-modernim-ladicama\/","og_locale":"sr_RS","og_type":"article","og_title":"Toaletni stol s ogledalom i modernim ladicama - Inti","og_description":"Gornja polica i 7 otvorenih pretinaca omogu\u0107uju lak pristup va\u0161im kozmeti\u010dkim proizvodima.\u00a0Iza ogledala su 2 police i kuke za nakit, 2 velike ladice i polica ispod - sve ima svoje mjesto. 2 police s lijeve strane i srednja polica s desne strane ovog toaletnog stoli\u0107a podesive su u 3 visine. Oni pru\u017eaju idealnu pozornicu za va\u0161e predmete, bili oni veliki ili mali. Izra\u0111en od visokokvalitetne iverice, ovaj kozmeti\u010dki stol nudi visoku stabilnost i podr\u017eavat \u0107e va\u0161u rutinu ljepote dugi niz godina. Mo\u017eete promijeniti boje 9 svjetala pritiskom na gumb sa strelicom ciklusa na prekida\u010du i prilagoditi svjetlinu pritiskom na gumb plus i gumb minus kako biste prona\u0161li pravo svjetlo. S jednostavnim linijama i bijelim tonovima, ovaj toaletni stoli\u0107 unosi elegantan \u0161tih u va\u0161u spava\u0107u ili garderobu.","og_url":"https:\/\/inti.hr\/sr\/proizvod\/toaletni-stol-s-ogledalom-i-modernim-ladicama\/","og_site_name":"Inti","og_image":[{"width":800,"height":866,"url":"https:\/\/i0.wp.com\/inti.hr\/wp-content\/uploads\/2024\/03\/RDT126W01-2-e1710929393174.jpg?fit=800%2C866&ssl=1","type":"image\/jpeg"}],"twitter_card":"summary_large_image","schema":{"@context":"https:\/\/schema.org","@graph":[{"@type":"WebPage","@id":"https:\/\/inti.hr\/sr\/proizvod\/toaletni-stol-s-ogledalom-i-modernim-ladicama\/","url":"https:\/\/inti.hr\/sr\/proizvod\/toaletni-stol-s-ogledalom-i-modernim-ladicama\/","name":"Toaletni stol s ogledalom i modernim ladicama - Inti","isPartOf":{"@id":"https:\/\/inti.hr\/sr\/#website"},"primaryImageOfPage":{"@id":"https:\/\/inti.hr\/sr\/proizvod\/toaletni-stol-s-ogledalom-i-modernim-ladicama\/#primaryimage"},"image":{"@id":"https:\/\/inti.hr\/sr\/proizvod\/toaletni-stol-s-ogledalom-i-modernim-ladicama\/#primaryimage"},"thumbnailUrl":"https:\/\/i0.wp.com\/inti.hr\/wp-content\/uploads\/2024\/03\/RDT126W01-2-e1710929393174.jpg?fit=800%2C866&ssl=1","datePublished":"2024-03-20T10:11:27+00:00","dateModified":"2024-03-20T10:11:27+00:00","description":"Gornja polica i 7 otvorenih pretinaca omogu\u0107uju lak pristup va\u0161im kozmeti\u010dkim proizvodima.\u00a0Iza ogledala su 2 police i kuke za nakit, 2 velike ladice i polica ispod - sve ima svoje mjesto. 2 police s lijeve strane i srednja polica s desne strane ovog toaletnog stoli\u0107a podesive su u 3 visine. Oni pru\u017eaju idealnu pozornicu za va\u0161e predmete, bili oni veliki ili mali. Izra\u0111en od visokokvalitetne iverice, ovaj kozmeti\u010dki stol nudi visoku stabilnost i podr\u017eavat \u0107e va\u0161u rutinu ljepote dugi niz godina. Mo\u017eete promijeniti boje 9 svjetala pritiskom na gumb sa strelicom ciklusa na prekida\u010du i prilagoditi svjetlinu pritiskom na gumb plus i gumb minus kako biste prona\u0161li pravo svjetlo. S jednostavnim linijama i bijelim tonovima, ovaj toaletni stoli\u0107 unosi elegantan \u0161tih u va\u0161u spava\u0107u ili garderobu.","breadcrumb":{"@id":"https:\/\/inti.hr\/sr\/proizvod\/toaletni-stol-s-ogledalom-i-modernim-ladicama\/#breadcrumb"},"inLanguage":"sr-RS","potentialAction":[{"@type":"ReadAction","target":["https:\/\/inti.hr\/sr\/proizvod\/toaletni-stol-s-ogledalom-i-modernim-ladicama\/"]}]},{"@type":"ImageObject","inLanguage":"sr-RS","@id":"https:\/\/inti.hr\/sr\/proizvod\/toaletni-stol-s-ogledalom-i-modernim-ladicama\/#primaryimage","url":"https:\/\/i0.wp.com\/inti.hr\/wp-content\/uploads\/2024\/03\/RDT126W01-2-e1710929393174.jpg?fit=800%2C866&ssl=1","contentUrl":"https:\/\/i0.wp.com\/inti.hr\/wp-content\/uploads\/2024\/03\/RDT126W01-2-e1710929393174.jpg?fit=800%2C866&ssl=1","width":800,"height":866,"caption":"toaletni stol s ogledalom i modernim ladicama"},{"@type":"BreadcrumbList","@id":"https:\/\/inti.hr\/sr\/proizvod\/toaletni-stol-s-ogledalom-i-modernim-ladicama\/#breadcrumb","itemListElement":[{"@type":"ListItem","position":1,"name":"Po\u010detna stranica","item":"https:\/\/inti.hr\/sr\/"},{"@type":"ListItem","position":2,"name":"Prodavnica","item":"https:\/\/inti.hr\/sr\/prodavnica\/"},{"@type":"ListItem","position":3,"name":"Toaletni stol s ogledalom i modernim ladicama"}]},{"@type":"WebSite","@id":"https:\/\/inti.hr\/sr\/#website","url":"https:\/\/inti.hr\/sr\/","name":"Inti","description":"trgovina","potentialAction":[{"@type":"SearchAction","target":{"@type":"EntryPoint","urlTemplate":"https:\/\/inti.hr\/sr\/?s={search_term_string}"},"query-input":{"@type":"PropertyValueSpecification","valueRequired":true,"valueName":"search_term_string"}}],"inLanguage":"sr-RS"}]}},"jetpack_sharing_enabled":true,"jetpack-related-posts":[],"_links":{"self":[{"href":"https:\/\/inti.hr\/sr\/wp-json\/wp\/v2\/product\/32553"}],"collection":[{"href":"https:\/\/inti.hr\/sr\/wp-json\/wp\/v2\/product"}],"about":[{"href":"https:\/\/inti.hr\/sr\/wp-json\/wp\/v2\/types\/product"}],"wp:featuredmedia":[{"embeddable":true,"href":"https:\/\/inti.hr\/sr\/wp-json\/wp\/v2\/media\/32554"}],"wp:attachment":[{"href":"https:\/\/inti.hr\/sr\/wp-json\/wp\/v2\/media?parent=32553"}],"wp:term":[{"taxonomy":"product_cat","embeddable":true,"href":"https:\/\/inti.hr\/sr\/wp-json\/wp\/v2\/product_cat?post=32553"},{"taxonomy":"product_tag","embeddable":true,"href":"https:\/\/inti.hr\/sr\/wp-json\/wp\/v2\/product_tag?post=32553"}],"curies":[{"name":"wp","href":"https:\/\/api.w.org\/{rel}","templated":true}]}}