{"id":32593,"date":"2024-03-06T11:11:49","date_gmt":"2024-03-06T10:11:49","guid":{"rendered":"https:\/\/inti.hr\/product\/kanta-za-smece-s-poklopcem-za-organski-otpad-od-metala\/"},"modified":"2024-03-06T11:11:49","modified_gmt":"2024-03-06T10:11:49","slug":"kanta-za-smece-s-poklopcem-za-organski-otpad-od-metala","status":"publish","type":"product","link":"https:\/\/inti.hr\/sr\/proizvod\/kanta-za-smece-s-poklopcem-za-organski-otpad-od-metala\/","title":{"rendered":"Kanta za sme\u0107e s poklopcem za organski otpad od metala"},"content":{"rendered":"<p>Detalji proizvoda:<\/p>\n<ul>\n<li><span>Boja: srebrna metalik<\/span><\/li>\n<li><span>Materijal: vanjska posuda od \u010delika, unutarnja kanta od PP plastike, baza od ABS plastike<\/span><\/li>\n<li><span>Veli\u010dina: 25,8 x 15,2 x 32 cm (D x \u0160 x V)<\/span><\/li>\n<li><span>Ukupna visina (s otvorenim poklopcem): 46 cm<\/span><\/li>\n<li><span>Unutarnja veli\u010dina kante: 8,5&#8243; x 5,3&#8243; x 12&#8243; (D x \u0160 x V)<\/span><\/li>\n<li><span>Kapacitet: 8 litara<\/span><\/li>\n<li><span>te\u017eina: 1,2 kg<\/span><\/li>\n<\/ul>\n","protected":false},"excerpt":{"rendered":"<p>Ova kuhinjska kanta za sme\u0107e od 8 litara izra\u0111ena je od &#8230; <\/p>\n","protected":false},"featured_media":32594,"template":"","meta":[],"product_cat":[2539],"product_tag":[3415,2540],"yoast_head":"<!-- This site is optimized with the Yoast SEO plugin v23.7 - https:\/\/yoast.com\/wordpress\/plugins\/seo\/ -->\n<title>Kanta za sme\u0107e s poklopcem za organski otpad od metala - Inti<\/title>\n<meta name=\"description\" content=\"Ova kuhinjska kanta za sme\u0107e od 8 litara izra\u0111ena je od kvalitetnog \u010delika, otporna je na hr\u0111u i lako se \u010disti. Poklopac se mo\u017ee \u010dvrsto zatvoriti i zadr\u017eati neugodne mirise te osigurati da va\u0161a kuhinja ostane svje\u017ea. Ova kanta za kompost nudi 2 na\u010dina za otvaranje poklopca - okretanje prema gore ili klizanje prema dolje - \u0161to omogu\u0107uje prakti\u010dno odlaganje otpada prilikom pripreme obroka. Zahvaljuju\u0107i tankom obliku, ova kanta za organski otpad prikladna je za razli\u010dite prostorije kao \u0161to su kuhinje, kupaonice, toaleti i kamp-ku\u0107ice, pru\u017eaju\u0107i rje\u0161enje za odlaganje otpada koje \u0161tedi prostor. Kanta se mo\u017ee objesiti s unutarnje ili vanjske strane vrata ormari\u0107a (do 2,5 cm debljine) pomo\u0107u prilo\u017eene kuke, pri\u010dvrstiti na glatke stijenke pomo\u0107u ljepljive kuke ili jednostavno postaviti na radne plo\u010de - 3 mogu\u0107nosti! Kanta ima uklonjivu unutarnju kantu s ru\u010dkama za jednostavno \u010di\u0161\u0107enje ili transport do vrtnog komposta. Zahvaljuju\u0107i dvije rupe, vre\u0107e za sme\u0107e mogu se pri\u010dvrstiti bez napora i izvan vidokruga.\" \/>\n<meta name=\"robots\" content=\"index, follow, max-snippet:-1, max-image-preview:large, max-video-preview:-1\" \/>\n<link rel=\"canonical\" href=\"https:\/\/inti.hr\/sr\/proizvod\/kanta-za-smece-s-poklopcem-za-organski-otpad-od-metala\/\" \/>\n<meta property=\"og:locale\" content=\"sr_RS\" \/>\n<meta property=\"og:type\" content=\"article\" \/>\n<meta property=\"og:title\" content=\"Kanta za sme\u0107e s poklopcem za organski otpad od metala - Inti\" \/>\n<meta property=\"og:description\" content=\"Ova kuhinjska kanta za sme\u0107e od 8 litara izra\u0111ena je od kvalitetnog \u010delika, otporna je na hr\u0111u i lako se \u010disti. Poklopac se mo\u017ee \u010dvrsto zatvoriti i zadr\u017eati neugodne mirise te osigurati da va\u0161a kuhinja ostane svje\u017ea. Ova kanta za kompost nudi 2 na\u010dina za otvaranje poklopca - okretanje prema gore ili klizanje prema dolje - \u0161to omogu\u0107uje prakti\u010dno odlaganje otpada prilikom pripreme obroka. Zahvaljuju\u0107i tankom obliku, ova kanta za organski otpad prikladna je za razli\u010dite prostorije kao \u0161to su kuhinje, kupaonice, toaleti i kamp-ku\u0107ice, pru\u017eaju\u0107i rje\u0161enje za odlaganje otpada koje \u0161tedi prostor. Kanta se mo\u017ee objesiti s unutarnje ili vanjske strane vrata ormari\u0107a (do 2,5 cm debljine) pomo\u0107u prilo\u017eene kuke, pri\u010dvrstiti na glatke stijenke pomo\u0107u ljepljive kuke ili jednostavno postaviti na radne plo\u010de - 3 mogu\u0107nosti! Kanta ima uklonjivu unutarnju kantu s ru\u010dkama za jednostavno \u010di\u0161\u0107enje ili transport do vrtnog komposta. Zahvaljuju\u0107i dvije rupe, vre\u0107e za sme\u0107e mogu se pri\u010dvrstiti bez napora i izvan vidokruga.\" \/>\n<meta property=\"og:url\" content=\"https:\/\/inti.hr\/sr\/proizvod\/kanta-za-smece-s-poklopcem-za-organski-otpad-od-metala\/\" \/>\n<meta property=\"og:site_name\" content=\"Inti\" \/>\n<meta property=\"og:image\" content=\"https:\/\/i0.wp.com\/inti.hr\/wp-content\/uploads\/2024\/03\/LTB810E08-1.jpg?fit=1000%2C1000&ssl=1\" \/>\n\t<meta property=\"og:image:width\" content=\"1000\" \/>\n\t<meta property=\"og:image:height\" content=\"1000\" \/>\n\t<meta property=\"og:image:type\" content=\"image\/jpeg\" \/>\n<meta name=\"twitter:card\" content=\"summary_large_image\" \/>\n<script type=\"application\/ld+json\" class=\"yoast-schema-graph\">{\"@context\":\"https:\/\/schema.org\",\"@graph\":[{\"@type\":\"WebPage\",\"@id\":\"https:\/\/inti.hr\/sr\/proizvod\/kanta-za-smece-s-poklopcem-za-organski-otpad-od-metala\/\",\"url\":\"https:\/\/inti.hr\/sr\/proizvod\/kanta-za-smece-s-poklopcem-za-organski-otpad-od-metala\/\",\"name\":\"Kanta za sme\u0107e s poklopcem za organski otpad od metala - Inti\",\"isPartOf\":{\"@id\":\"https:\/\/inti.hr\/sr\/#website\"},\"primaryImageOfPage\":{\"@id\":\"https:\/\/inti.hr\/sr\/proizvod\/kanta-za-smece-s-poklopcem-za-organski-otpad-od-metala\/#primaryimage\"},\"image\":{\"@id\":\"https:\/\/inti.hr\/sr\/proizvod\/kanta-za-smece-s-poklopcem-za-organski-otpad-od-metala\/#primaryimage\"},\"thumbnailUrl\":\"https:\/\/i0.wp.com\/inti.hr\/wp-content\/uploads\/2024\/03\/LTB810E08-1.jpg?fit=1000%2C1000&ssl=1\",\"datePublished\":\"2024-03-06T10:11:49+00:00\",\"dateModified\":\"2024-03-06T10:11:49+00:00\",\"description\":\"Ova kuhinjska kanta za sme\u0107e od 8 litara izra\u0111ena je od kvalitetnog \u010delika, otporna je na hr\u0111u i lako se \u010disti. Poklopac se mo\u017ee \u010dvrsto zatvoriti i zadr\u017eati neugodne mirise te osigurati da va\u0161a kuhinja ostane svje\u017ea. Ova kanta za kompost nudi 2 na\u010dina za otvaranje poklopca - okretanje prema gore ili klizanje prema dolje - \u0161to omogu\u0107uje prakti\u010dno odlaganje otpada prilikom pripreme obroka. Zahvaljuju\u0107i tankom obliku, ova kanta za organski otpad prikladna je za razli\u010dite prostorije kao \u0161to su kuhinje, kupaonice, toaleti i kamp-ku\u0107ice, pru\u017eaju\u0107i rje\u0161enje za odlaganje otpada koje \u0161tedi prostor. Kanta se mo\u017ee objesiti s unutarnje ili vanjske strane vrata ormari\u0107a (do 2,5 cm debljine) pomo\u0107u prilo\u017eene kuke, pri\u010dvrstiti na glatke stijenke pomo\u0107u ljepljive kuke ili jednostavno postaviti na radne plo\u010de - 3 mogu\u0107nosti! Kanta ima uklonjivu unutarnju kantu s ru\u010dkama za jednostavno \u010di\u0161\u0107enje ili transport do vrtnog komposta. Zahvaljuju\u0107i dvije rupe, vre\u0107e za sme\u0107e mogu se pri\u010dvrstiti bez napora i izvan vidokruga.\",\"breadcrumb\":{\"@id\":\"https:\/\/inti.hr\/sr\/proizvod\/kanta-za-smece-s-poklopcem-za-organski-otpad-od-metala\/#breadcrumb\"},\"inLanguage\":\"sr-RS\",\"potentialAction\":[{\"@type\":\"ReadAction\",\"target\":[\"https:\/\/inti.hr\/sr\/proizvod\/kanta-za-smece-s-poklopcem-za-organski-otpad-od-metala\/\"]}]},{\"@type\":\"ImageObject\",\"inLanguage\":\"sr-RS\",\"@id\":\"https:\/\/inti.hr\/sr\/proizvod\/kanta-za-smece-s-poklopcem-za-organski-otpad-od-metala\/#primaryimage\",\"url\":\"https:\/\/i0.wp.com\/inti.hr\/wp-content\/uploads\/2024\/03\/LTB810E08-1.jpg?fit=1000%2C1000&ssl=1\",\"contentUrl\":\"https:\/\/i0.wp.com\/inti.hr\/wp-content\/uploads\/2024\/03\/LTB810E08-1.jpg?fit=1000%2C1000&ssl=1\",\"width\":1000,\"height\":1000},{\"@type\":\"BreadcrumbList\",\"@id\":\"https:\/\/inti.hr\/sr\/proizvod\/kanta-za-smece-s-poklopcem-za-organski-otpad-od-metala\/#breadcrumb\",\"itemListElement\":[{\"@type\":\"ListItem\",\"position\":1,\"name\":\"Po\u010detna stranica\",\"item\":\"https:\/\/inti.hr\/sr\/\"},{\"@type\":\"ListItem\",\"position\":2,\"name\":\"Prodavnica\",\"item\":\"https:\/\/inti.hr\/sr\/prodavnica\/\"},{\"@type\":\"ListItem\",\"position\":3,\"name\":\"Kanta za sme\u0107e s poklopcem za organski otpad od metala\"}]},{\"@type\":\"WebSite\",\"@id\":\"https:\/\/inti.hr\/sr\/#website\",\"url\":\"https:\/\/inti.hr\/sr\/\",\"name\":\"Inti\",\"description\":\"trgovina\",\"potentialAction\":[{\"@type\":\"SearchAction\",\"target\":{\"@type\":\"EntryPoint\",\"urlTemplate\":\"https:\/\/inti.hr\/sr\/?s={search_term_string}\"},\"query-input\":{\"@type\":\"PropertyValueSpecification\",\"valueRequired\":true,\"valueName\":\"search_term_string\"}}],\"inLanguage\":\"sr-RS\"}]}<\/script>\n<!-- \/ Yoast SEO plugin. -->","yoast_head_json":{"title":"Kanta za sme\u0107e s poklopcem za organski otpad od metala - Inti","description":"Ova kuhinjska kanta za sme\u0107e od 8 litara izra\u0111ena je od kvalitetnog \u010delika, otporna je na hr\u0111u i lako se \u010disti. Poklopac se mo\u017ee \u010dvrsto zatvoriti i zadr\u017eati neugodne mirise te osigurati da va\u0161a kuhinja ostane svje\u017ea. Ova kanta za kompost nudi 2 na\u010dina za otvaranje poklopca - okretanje prema gore ili klizanje prema dolje - \u0161to omogu\u0107uje prakti\u010dno odlaganje otpada prilikom pripreme obroka. Zahvaljuju\u0107i tankom obliku, ova kanta za organski otpad prikladna je za razli\u010dite prostorije kao \u0161to su kuhinje, kupaonice, toaleti i kamp-ku\u0107ice, pru\u017eaju\u0107i rje\u0161enje za odlaganje otpada koje \u0161tedi prostor. Kanta se mo\u017ee objesiti s unutarnje ili vanjske strane vrata ormari\u0107a (do 2,5 cm debljine) pomo\u0107u prilo\u017eene kuke, pri\u010dvrstiti na glatke stijenke pomo\u0107u ljepljive kuke ili jednostavno postaviti na radne plo\u010de - 3 mogu\u0107nosti! Kanta ima uklonjivu unutarnju kantu s ru\u010dkama za jednostavno \u010di\u0161\u0107enje ili transport do vrtnog komposta. Zahvaljuju\u0107i dvije rupe, vre\u0107e za sme\u0107e mogu se pri\u010dvrstiti bez napora i izvan vidokruga.","robots":{"index":"index","follow":"follow","max-snippet":"max-snippet:-1","max-image-preview":"max-image-preview:large","max-video-preview":"max-video-preview:-1"},"canonical":"https:\/\/inti.hr\/sr\/proizvod\/kanta-za-smece-s-poklopcem-za-organski-otpad-od-metala\/","og_locale":"sr_RS","og_type":"article","og_title":"Kanta za sme\u0107e s poklopcem za organski otpad od metala - Inti","og_description":"Ova kuhinjska kanta za sme\u0107e od 8 litara izra\u0111ena je od kvalitetnog \u010delika, otporna je na hr\u0111u i lako se \u010disti. Poklopac se mo\u017ee \u010dvrsto zatvoriti i zadr\u017eati neugodne mirise te osigurati da va\u0161a kuhinja ostane svje\u017ea. Ova kanta za kompost nudi 2 na\u010dina za otvaranje poklopca - okretanje prema gore ili klizanje prema dolje - \u0161to omogu\u0107uje prakti\u010dno odlaganje otpada prilikom pripreme obroka. Zahvaljuju\u0107i tankom obliku, ova kanta za organski otpad prikladna je za razli\u010dite prostorije kao \u0161to su kuhinje, kupaonice, toaleti i kamp-ku\u0107ice, pru\u017eaju\u0107i rje\u0161enje za odlaganje otpada koje \u0161tedi prostor. Kanta se mo\u017ee objesiti s unutarnje ili vanjske strane vrata ormari\u0107a (do 2,5 cm debljine) pomo\u0107u prilo\u017eene kuke, pri\u010dvrstiti na glatke stijenke pomo\u0107u ljepljive kuke ili jednostavno postaviti na radne plo\u010de - 3 mogu\u0107nosti! Kanta ima uklonjivu unutarnju kantu s ru\u010dkama za jednostavno \u010di\u0161\u0107enje ili transport do vrtnog komposta. Zahvaljuju\u0107i dvije rupe, vre\u0107e za sme\u0107e mogu se pri\u010dvrstiti bez napora i izvan vidokruga.","og_url":"https:\/\/inti.hr\/sr\/proizvod\/kanta-za-smece-s-poklopcem-za-organski-otpad-od-metala\/","og_site_name":"Inti","og_image":[{"width":1000,"height":1000,"url":"https:\/\/i0.wp.com\/inti.hr\/wp-content\/uploads\/2024\/03\/LTB810E08-1.jpg?fit=1000%2C1000&ssl=1","type":"image\/jpeg"}],"twitter_card":"summary_large_image","schema":{"@context":"https:\/\/schema.org","@graph":[{"@type":"WebPage","@id":"https:\/\/inti.hr\/sr\/proizvod\/kanta-za-smece-s-poklopcem-za-organski-otpad-od-metala\/","url":"https:\/\/inti.hr\/sr\/proizvod\/kanta-za-smece-s-poklopcem-za-organski-otpad-od-metala\/","name":"Kanta za sme\u0107e s poklopcem za organski otpad od metala - Inti","isPartOf":{"@id":"https:\/\/inti.hr\/sr\/#website"},"primaryImageOfPage":{"@id":"https:\/\/inti.hr\/sr\/proizvod\/kanta-za-smece-s-poklopcem-za-organski-otpad-od-metala\/#primaryimage"},"image":{"@id":"https:\/\/inti.hr\/sr\/proizvod\/kanta-za-smece-s-poklopcem-za-organski-otpad-od-metala\/#primaryimage"},"thumbnailUrl":"https:\/\/i0.wp.com\/inti.hr\/wp-content\/uploads\/2024\/03\/LTB810E08-1.jpg?fit=1000%2C1000&ssl=1","datePublished":"2024-03-06T10:11:49+00:00","dateModified":"2024-03-06T10:11:49+00:00","description":"Ova kuhinjska kanta za sme\u0107e od 8 litara izra\u0111ena je od kvalitetnog \u010delika, otporna je na hr\u0111u i lako se \u010disti. Poklopac se mo\u017ee \u010dvrsto zatvoriti i zadr\u017eati neugodne mirise te osigurati da va\u0161a kuhinja ostane svje\u017ea. Ova kanta za kompost nudi 2 na\u010dina za otvaranje poklopca - okretanje prema gore ili klizanje prema dolje - \u0161to omogu\u0107uje prakti\u010dno odlaganje otpada prilikom pripreme obroka. Zahvaljuju\u0107i tankom obliku, ova kanta za organski otpad prikladna je za razli\u010dite prostorije kao \u0161to su kuhinje, kupaonice, toaleti i kamp-ku\u0107ice, pru\u017eaju\u0107i rje\u0161enje za odlaganje otpada koje \u0161tedi prostor. Kanta se mo\u017ee objesiti s unutarnje ili vanjske strane vrata ormari\u0107a (do 2,5 cm debljine) pomo\u0107u prilo\u017eene kuke, pri\u010dvrstiti na glatke stijenke pomo\u0107u ljepljive kuke ili jednostavno postaviti na radne plo\u010de - 3 mogu\u0107nosti! Kanta ima uklonjivu unutarnju kantu s ru\u010dkama za jednostavno \u010di\u0161\u0107enje ili transport do vrtnog komposta. Zahvaljuju\u0107i dvije rupe, vre\u0107e za sme\u0107e mogu se pri\u010dvrstiti bez napora i izvan vidokruga.","breadcrumb":{"@id":"https:\/\/inti.hr\/sr\/proizvod\/kanta-za-smece-s-poklopcem-za-organski-otpad-od-metala\/#breadcrumb"},"inLanguage":"sr-RS","potentialAction":[{"@type":"ReadAction","target":["https:\/\/inti.hr\/sr\/proizvod\/kanta-za-smece-s-poklopcem-za-organski-otpad-od-metala\/"]}]},{"@type":"ImageObject","inLanguage":"sr-RS","@id":"https:\/\/inti.hr\/sr\/proizvod\/kanta-za-smece-s-poklopcem-za-organski-otpad-od-metala\/#primaryimage","url":"https:\/\/i0.wp.com\/inti.hr\/wp-content\/uploads\/2024\/03\/LTB810E08-1.jpg?fit=1000%2C1000&ssl=1","contentUrl":"https:\/\/i0.wp.com\/inti.hr\/wp-content\/uploads\/2024\/03\/LTB810E08-1.jpg?fit=1000%2C1000&ssl=1","width":1000,"height":1000},{"@type":"BreadcrumbList","@id":"https:\/\/inti.hr\/sr\/proizvod\/kanta-za-smece-s-poklopcem-za-organski-otpad-od-metala\/#breadcrumb","itemListElement":[{"@type":"ListItem","position":1,"name":"Po\u010detna stranica","item":"https:\/\/inti.hr\/sr\/"},{"@type":"ListItem","position":2,"name":"Prodavnica","item":"https:\/\/inti.hr\/sr\/prodavnica\/"},{"@type":"ListItem","position":3,"name":"Kanta za sme\u0107e s poklopcem za organski otpad od metala"}]},{"@type":"WebSite","@id":"https:\/\/inti.hr\/sr\/#website","url":"https:\/\/inti.hr\/sr\/","name":"Inti","description":"trgovina","potentialAction":[{"@type":"SearchAction","target":{"@type":"EntryPoint","urlTemplate":"https:\/\/inti.hr\/sr\/?s={search_term_string}"},"query-input":{"@type":"PropertyValueSpecification","valueRequired":true,"valueName":"search_term_string"}}],"inLanguage":"sr-RS"}]}},"jetpack_sharing_enabled":true,"jetpack-related-posts":[],"_links":{"self":[{"href":"https:\/\/inti.hr\/sr\/wp-json\/wp\/v2\/product\/32593"}],"collection":[{"href":"https:\/\/inti.hr\/sr\/wp-json\/wp\/v2\/product"}],"about":[{"href":"https:\/\/inti.hr\/sr\/wp-json\/wp\/v2\/types\/product"}],"wp:featuredmedia":[{"embeddable":true,"href":"https:\/\/inti.hr\/sr\/wp-json\/wp\/v2\/media\/32594"}],"wp:attachment":[{"href":"https:\/\/inti.hr\/sr\/wp-json\/wp\/v2\/media?parent=32593"}],"wp:term":[{"taxonomy":"product_cat","embeddable":true,"href":"https:\/\/inti.hr\/sr\/wp-json\/wp\/v2\/product_cat?post=32593"},{"taxonomy":"product_tag","embeddable":true,"href":"https:\/\/inti.hr\/sr\/wp-json\/wp\/v2\/product_tag?post=32593"}],"curies":[{"name":"wp","href":"https:\/\/api.w.org\/{rel}","templated":true}]}}