{"id":32683,"date":"2024-02-29T17:10:17","date_gmt":"2024-02-29T16:10:17","guid":{"rendered":"https:\/\/inti.hr\/product\/zracnik-za-odjecu-s-celicnim-okvirom-za\/"},"modified":"2024-02-29T17:10:17","modified_gmt":"2024-02-29T16:10:17","slug":"zracnik-za-odjecu-s-celicnim-okvirom-za","status":"publish","type":"product","link":"https:\/\/inti.hr\/sr\/proizvod\/zracnik-za-odjecu-s-celicnim-okvirom-za\/","title":{"rendered":"Zra\u010dnik za odje\u0107u s \u010deli\u010dnim okvirom"},"content":{"rendered":"<p>Detalji proizvoda:<\/p>\n<p>Crna boja<br \/>\nMaterijal: \u010delik, PP (polipropilen)<br \/>\nRasklopljena veli\u010dina: 37 x 75 x 135,1 cm (D x \u0160 x V)<br \/>\nSklopljena veli\u010dina: 10 x 54 x 75 cm (D x \u0160 x V)<br \/>\nTe\u017eina: 2,2 kg<br \/>\nMaksimalna ukupna stati\u010dka nosivost: 7 kg<\/p>\n","protected":false},"excerpt":{"rendered":"<p>Ovaj kompaktni stalak za su\u0161enje zauzima malo prostora (37 x 75 &#8230; <\/p>\n","protected":false},"featured_media":32684,"template":"","meta":[],"product_cat":[2893,2396],"product_tag":[3126,2522,3443],"yoast_head":"<!-- This site is optimized with the Yoast SEO plugin v23.7 - https:\/\/yoast.com\/wordpress\/plugins\/seo\/ -->\n<title>Zra\u010dnik za odje\u0107u s \u010deli\u010dnim okvirom - Inti<\/title>\n<meta name=\"description\" content=\"Ovaj kompaktni stalak za su\u0161enje zauzima malo prostora (37 x 75 cm) i s 12 \u0161ipki nudi puno prostora za su\u0161enje va\u0161ih ru\u010dnika, \u0161alova, cipela itd. \u010celi\u010dne cijevi oblo\u017eene prahom, priklju\u010dci od oja\u010dane plastike - postolje za su\u0161enje je otporno na hr\u0111u i mo\u017ee se koristiti u zatvorenom i na otvorenom. Osu\u0161ite svoje rublje na svje\u017eem zraku s ovom polici kako bi zadr\u017ealo svje\u017ei miris, u besprijekornom stanju i osiguralo dulji vijek trajanja. Zahvaljuju\u0107i ilustriranim uputama i ozna\u010denim dijelovima, postolje je jednostavno sastaviti. Kada se ne koristi, mo\u017ee se sklopiti do veli\u010dine 10 x 54 x 75 cm (D x \u0160 x V) i spremiti radi u\u0161tede prostora. Metalni zra\u010dnik za odje\u0107u opremljen je plasti\u010dnim no\u017eicama koje \u0161tite va\u0161 pod od ogrebotina.\" \/>\n<meta name=\"robots\" content=\"index, follow, max-snippet:-1, max-image-preview:large, max-video-preview:-1\" \/>\n<link rel=\"canonical\" href=\"https:\/\/inti.hr\/sr\/proizvod\/zracnik-za-odjecu-s-celicnim-okvirom-za\/\" \/>\n<meta property=\"og:locale\" content=\"sr_RS\" \/>\n<meta property=\"og:type\" content=\"article\" \/>\n<meta property=\"og:title\" content=\"Zra\u010dnik za odje\u0107u s \u010deli\u010dnim okvirom - Inti\" \/>\n<meta property=\"og:description\" content=\"Ovaj kompaktni stalak za su\u0161enje zauzima malo prostora (37 x 75 cm) i s 12 \u0161ipki nudi puno prostora za su\u0161enje va\u0161ih ru\u010dnika, \u0161alova, cipela itd. \u010celi\u010dne cijevi oblo\u017eene prahom, priklju\u010dci od oja\u010dane plastike - postolje za su\u0161enje je otporno na hr\u0111u i mo\u017ee se koristiti u zatvorenom i na otvorenom. Osu\u0161ite svoje rublje na svje\u017eem zraku s ovom polici kako bi zadr\u017ealo svje\u017ei miris, u besprijekornom stanju i osiguralo dulji vijek trajanja. Zahvaljuju\u0107i ilustriranim uputama i ozna\u010denim dijelovima, postolje je jednostavno sastaviti. Kada se ne koristi, mo\u017ee se sklopiti do veli\u010dine 10 x 54 x 75 cm (D x \u0160 x V) i spremiti radi u\u0161tede prostora. Metalni zra\u010dnik za odje\u0107u opremljen je plasti\u010dnim no\u017eicama koje \u0161tite va\u0161 pod od ogrebotina.\" \/>\n<meta property=\"og:url\" content=\"https:\/\/inti.hr\/sr\/proizvod\/zracnik-za-odjecu-s-celicnim-okvirom-za\/\" \/>\n<meta property=\"og:site_name\" content=\"Inti\" \/>\n<meta property=\"og:image\" content=\"https:\/\/i0.wp.com\/inti.hr\/wp-content\/uploads\/2024\/02\/LLR770B01-2-e1709223093318.jpg?fit=800%2C873&ssl=1\" \/>\n\t<meta property=\"og:image:width\" content=\"800\" \/>\n\t<meta property=\"og:image:height\" content=\"873\" \/>\n\t<meta property=\"og:image:type\" content=\"image\/jpeg\" \/>\n<meta name=\"twitter:card\" content=\"summary_large_image\" \/>\n<script type=\"application\/ld+json\" class=\"yoast-schema-graph\">{\"@context\":\"https:\/\/schema.org\",\"@graph\":[{\"@type\":\"WebPage\",\"@id\":\"https:\/\/inti.hr\/sr\/proizvod\/zracnik-za-odjecu-s-celicnim-okvirom-za\/\",\"url\":\"https:\/\/inti.hr\/sr\/proizvod\/zracnik-za-odjecu-s-celicnim-okvirom-za\/\",\"name\":\"Zra\u010dnik za odje\u0107u s \u010deli\u010dnim okvirom - Inti\",\"isPartOf\":{\"@id\":\"https:\/\/inti.hr\/sr\/#website\"},\"primaryImageOfPage\":{\"@id\":\"https:\/\/inti.hr\/sr\/proizvod\/zracnik-za-odjecu-s-celicnim-okvirom-za\/#primaryimage\"},\"image\":{\"@id\":\"https:\/\/inti.hr\/sr\/proizvod\/zracnik-za-odjecu-s-celicnim-okvirom-za\/#primaryimage\"},\"thumbnailUrl\":\"https:\/\/i0.wp.com\/inti.hr\/wp-content\/uploads\/2024\/02\/LLR770B01-2-e1709223093318.jpg?fit=800%2C873&ssl=1\",\"datePublished\":\"2024-02-29T16:10:17+00:00\",\"dateModified\":\"2024-02-29T16:10:17+00:00\",\"description\":\"Ovaj kompaktni stalak za su\u0161enje zauzima malo prostora (37 x 75 cm) i s 12 \u0161ipki nudi puno prostora za su\u0161enje va\u0161ih ru\u010dnika, \u0161alova, cipela itd. \u010celi\u010dne cijevi oblo\u017eene prahom, priklju\u010dci od oja\u010dane plastike - postolje za su\u0161enje je otporno na hr\u0111u i mo\u017ee se koristiti u zatvorenom i na otvorenom. Osu\u0161ite svoje rublje na svje\u017eem zraku s ovom polici kako bi zadr\u017ealo svje\u017ei miris, u besprijekornom stanju i osiguralo dulji vijek trajanja. Zahvaljuju\u0107i ilustriranim uputama i ozna\u010denim dijelovima, postolje je jednostavno sastaviti. Kada se ne koristi, mo\u017ee se sklopiti do veli\u010dine 10 x 54 x 75 cm (D x \u0160 x V) i spremiti radi u\u0161tede prostora. Metalni zra\u010dnik za odje\u0107u opremljen je plasti\u010dnim no\u017eicama koje \u0161tite va\u0161 pod od ogrebotina.\",\"breadcrumb\":{\"@id\":\"https:\/\/inti.hr\/sr\/proizvod\/zracnik-za-odjecu-s-celicnim-okvirom-za\/#breadcrumb\"},\"inLanguage\":\"sr-RS\",\"potentialAction\":[{\"@type\":\"ReadAction\",\"target\":[\"https:\/\/inti.hr\/sr\/proizvod\/zracnik-za-odjecu-s-celicnim-okvirom-za\/\"]}]},{\"@type\":\"ImageObject\",\"inLanguage\":\"sr-RS\",\"@id\":\"https:\/\/inti.hr\/sr\/proizvod\/zracnik-za-odjecu-s-celicnim-okvirom-za\/#primaryimage\",\"url\":\"https:\/\/i0.wp.com\/inti.hr\/wp-content\/uploads\/2024\/02\/LLR770B01-2-e1709223093318.jpg?fit=800%2C873&ssl=1\",\"contentUrl\":\"https:\/\/i0.wp.com\/inti.hr\/wp-content\/uploads\/2024\/02\/LLR770B01-2-e1709223093318.jpg?fit=800%2C873&ssl=1\",\"width\":800,\"height\":873},{\"@type\":\"BreadcrumbList\",\"@id\":\"https:\/\/inti.hr\/sr\/proizvod\/zracnik-za-odjecu-s-celicnim-okvirom-za\/#breadcrumb\",\"itemListElement\":[{\"@type\":\"ListItem\",\"position\":1,\"name\":\"Po\u010detna stranica\",\"item\":\"https:\/\/inti.hr\/sr\/\"},{\"@type\":\"ListItem\",\"position\":2,\"name\":\"Prodavnica\",\"item\":\"https:\/\/inti.hr\/sr\/prodavnica\/\"},{\"@type\":\"ListItem\",\"position\":3,\"name\":\"Zra\u010dnik za odje\u0107u s \u010deli\u010dnim okvirom\"}]},{\"@type\":\"WebSite\",\"@id\":\"https:\/\/inti.hr\/sr\/#website\",\"url\":\"https:\/\/inti.hr\/sr\/\",\"name\":\"Inti\",\"description\":\"trgovina\",\"potentialAction\":[{\"@type\":\"SearchAction\",\"target\":{\"@type\":\"EntryPoint\",\"urlTemplate\":\"https:\/\/inti.hr\/sr\/?s={search_term_string}\"},\"query-input\":{\"@type\":\"PropertyValueSpecification\",\"valueRequired\":true,\"valueName\":\"search_term_string\"}}],\"inLanguage\":\"sr-RS\"}]}<\/script>\n<!-- \/ Yoast SEO plugin. -->","yoast_head_json":{"title":"Zra\u010dnik za odje\u0107u s \u010deli\u010dnim okvirom - Inti","description":"Ovaj kompaktni stalak za su\u0161enje zauzima malo prostora (37 x 75 cm) i s 12 \u0161ipki nudi puno prostora za su\u0161enje va\u0161ih ru\u010dnika, \u0161alova, cipela itd. \u010celi\u010dne cijevi oblo\u017eene prahom, priklju\u010dci od oja\u010dane plastike - postolje za su\u0161enje je otporno na hr\u0111u i mo\u017ee se koristiti u zatvorenom i na otvorenom. Osu\u0161ite svoje rublje na svje\u017eem zraku s ovom polici kako bi zadr\u017ealo svje\u017ei miris, u besprijekornom stanju i osiguralo dulji vijek trajanja. Zahvaljuju\u0107i ilustriranim uputama i ozna\u010denim dijelovima, postolje je jednostavno sastaviti. Kada se ne koristi, mo\u017ee se sklopiti do veli\u010dine 10 x 54 x 75 cm (D x \u0160 x V) i spremiti radi u\u0161tede prostora. Metalni zra\u010dnik za odje\u0107u opremljen je plasti\u010dnim no\u017eicama koje \u0161tite va\u0161 pod od ogrebotina.","robots":{"index":"index","follow":"follow","max-snippet":"max-snippet:-1","max-image-preview":"max-image-preview:large","max-video-preview":"max-video-preview:-1"},"canonical":"https:\/\/inti.hr\/sr\/proizvod\/zracnik-za-odjecu-s-celicnim-okvirom-za\/","og_locale":"sr_RS","og_type":"article","og_title":"Zra\u010dnik za odje\u0107u s \u010deli\u010dnim okvirom - Inti","og_description":"Ovaj kompaktni stalak za su\u0161enje zauzima malo prostora (37 x 75 cm) i s 12 \u0161ipki nudi puno prostora za su\u0161enje va\u0161ih ru\u010dnika, \u0161alova, cipela itd. \u010celi\u010dne cijevi oblo\u017eene prahom, priklju\u010dci od oja\u010dane plastike - postolje za su\u0161enje je otporno na hr\u0111u i mo\u017ee se koristiti u zatvorenom i na otvorenom. Osu\u0161ite svoje rublje na svje\u017eem zraku s ovom polici kako bi zadr\u017ealo svje\u017ei miris, u besprijekornom stanju i osiguralo dulji vijek trajanja. Zahvaljuju\u0107i ilustriranim uputama i ozna\u010denim dijelovima, postolje je jednostavno sastaviti. Kada se ne koristi, mo\u017ee se sklopiti do veli\u010dine 10 x 54 x 75 cm (D x \u0160 x V) i spremiti radi u\u0161tede prostora. Metalni zra\u010dnik za odje\u0107u opremljen je plasti\u010dnim no\u017eicama koje \u0161tite va\u0161 pod od ogrebotina.","og_url":"https:\/\/inti.hr\/sr\/proizvod\/zracnik-za-odjecu-s-celicnim-okvirom-za\/","og_site_name":"Inti","og_image":[{"width":800,"height":873,"url":"https:\/\/i0.wp.com\/inti.hr\/wp-content\/uploads\/2024\/02\/LLR770B01-2-e1709223093318.jpg?fit=800%2C873&ssl=1","type":"image\/jpeg"}],"twitter_card":"summary_large_image","schema":{"@context":"https:\/\/schema.org","@graph":[{"@type":"WebPage","@id":"https:\/\/inti.hr\/sr\/proizvod\/zracnik-za-odjecu-s-celicnim-okvirom-za\/","url":"https:\/\/inti.hr\/sr\/proizvod\/zracnik-za-odjecu-s-celicnim-okvirom-za\/","name":"Zra\u010dnik za odje\u0107u s \u010deli\u010dnim okvirom - Inti","isPartOf":{"@id":"https:\/\/inti.hr\/sr\/#website"},"primaryImageOfPage":{"@id":"https:\/\/inti.hr\/sr\/proizvod\/zracnik-za-odjecu-s-celicnim-okvirom-za\/#primaryimage"},"image":{"@id":"https:\/\/inti.hr\/sr\/proizvod\/zracnik-za-odjecu-s-celicnim-okvirom-za\/#primaryimage"},"thumbnailUrl":"https:\/\/i0.wp.com\/inti.hr\/wp-content\/uploads\/2024\/02\/LLR770B01-2-e1709223093318.jpg?fit=800%2C873&ssl=1","datePublished":"2024-02-29T16:10:17+00:00","dateModified":"2024-02-29T16:10:17+00:00","description":"Ovaj kompaktni stalak za su\u0161enje zauzima malo prostora (37 x 75 cm) i s 12 \u0161ipki nudi puno prostora za su\u0161enje va\u0161ih ru\u010dnika, \u0161alova, cipela itd. \u010celi\u010dne cijevi oblo\u017eene prahom, priklju\u010dci od oja\u010dane plastike - postolje za su\u0161enje je otporno na hr\u0111u i mo\u017ee se koristiti u zatvorenom i na otvorenom. Osu\u0161ite svoje rublje na svje\u017eem zraku s ovom polici kako bi zadr\u017ealo svje\u017ei miris, u besprijekornom stanju i osiguralo dulji vijek trajanja. Zahvaljuju\u0107i ilustriranim uputama i ozna\u010denim dijelovima, postolje je jednostavno sastaviti. Kada se ne koristi, mo\u017ee se sklopiti do veli\u010dine 10 x 54 x 75 cm (D x \u0160 x V) i spremiti radi u\u0161tede prostora. Metalni zra\u010dnik za odje\u0107u opremljen je plasti\u010dnim no\u017eicama koje \u0161tite va\u0161 pod od ogrebotina.","breadcrumb":{"@id":"https:\/\/inti.hr\/sr\/proizvod\/zracnik-za-odjecu-s-celicnim-okvirom-za\/#breadcrumb"},"inLanguage":"sr-RS","potentialAction":[{"@type":"ReadAction","target":["https:\/\/inti.hr\/sr\/proizvod\/zracnik-za-odjecu-s-celicnim-okvirom-za\/"]}]},{"@type":"ImageObject","inLanguage":"sr-RS","@id":"https:\/\/inti.hr\/sr\/proizvod\/zracnik-za-odjecu-s-celicnim-okvirom-za\/#primaryimage","url":"https:\/\/i0.wp.com\/inti.hr\/wp-content\/uploads\/2024\/02\/LLR770B01-2-e1709223093318.jpg?fit=800%2C873&ssl=1","contentUrl":"https:\/\/i0.wp.com\/inti.hr\/wp-content\/uploads\/2024\/02\/LLR770B01-2-e1709223093318.jpg?fit=800%2C873&ssl=1","width":800,"height":873},{"@type":"BreadcrumbList","@id":"https:\/\/inti.hr\/sr\/proizvod\/zracnik-za-odjecu-s-celicnim-okvirom-za\/#breadcrumb","itemListElement":[{"@type":"ListItem","position":1,"name":"Po\u010detna stranica","item":"https:\/\/inti.hr\/sr\/"},{"@type":"ListItem","position":2,"name":"Prodavnica","item":"https:\/\/inti.hr\/sr\/prodavnica\/"},{"@type":"ListItem","position":3,"name":"Zra\u010dnik za odje\u0107u s \u010deli\u010dnim okvirom"}]},{"@type":"WebSite","@id":"https:\/\/inti.hr\/sr\/#website","url":"https:\/\/inti.hr\/sr\/","name":"Inti","description":"trgovina","potentialAction":[{"@type":"SearchAction","target":{"@type":"EntryPoint","urlTemplate":"https:\/\/inti.hr\/sr\/?s={search_term_string}"},"query-input":{"@type":"PropertyValueSpecification","valueRequired":true,"valueName":"search_term_string"}}],"inLanguage":"sr-RS"}]}},"jetpack_sharing_enabled":true,"jetpack-related-posts":[],"_links":{"self":[{"href":"https:\/\/inti.hr\/sr\/wp-json\/wp\/v2\/product\/32683"}],"collection":[{"href":"https:\/\/inti.hr\/sr\/wp-json\/wp\/v2\/product"}],"about":[{"href":"https:\/\/inti.hr\/sr\/wp-json\/wp\/v2\/types\/product"}],"wp:featuredmedia":[{"embeddable":true,"href":"https:\/\/inti.hr\/sr\/wp-json\/wp\/v2\/media\/32684"}],"wp:attachment":[{"href":"https:\/\/inti.hr\/sr\/wp-json\/wp\/v2\/media?parent=32683"}],"wp:term":[{"taxonomy":"product_cat","embeddable":true,"href":"https:\/\/inti.hr\/sr\/wp-json\/wp\/v2\/product_cat?post=32683"},{"taxonomy":"product_tag","embeddable":true,"href":"https:\/\/inti.hr\/sr\/wp-json\/wp\/v2\/product_tag?post=32683"}],"curies":[{"name":"wp","href":"https:\/\/api.w.org\/{rel}","templated":true}]}}