{"id":32737,"date":"2024-02-22T08:41:24","date_gmt":"2024-02-22T07:41:24","guid":{"rendered":"https:\/\/inti.hr\/product\/kupaonski-ormaric-60x30x87cm\/"},"modified":"2024-02-22T08:41:24","modified_gmt":"2024-02-22T07:41:24","slug":"kupaonski-ormaric-60x30x87cm","status":"publish","type":"product","link":"https:\/\/inti.hr\/sr\/proizvod\/kupaonski-ormaric-60x30x87cm\/","title":{"rendered":"Kupaonski ormari\u0107 60x30x87cm"},"content":{"rendered":"<p>Detalji proizvoda:<\/p>\n<p>Te\u017eina: 14,4 kg<br \/>\nTestirano za: 45 kg<br \/>\nMaterijal: MDF(E1), PB(E1), akrilna boja<br \/>\nMjere proizvoda: 60x30x87 cm (vidi sliku)<br \/>\nDostava: u 1 paketu<br \/>\nDimenzije paketa: 91x38x15 cm<br \/>\nS uputama za sastavljanje i vijcima. Jednostavna instalacija.<\/p>\n","protected":false},"excerpt":{"rendered":"<p>Ovaj zeleni kupaonski ormari\u0107 \u0161tedi vas muke tra\u017eenja kupaonskog pribora. To &#8230; <\/p>\n","protected":false},"featured_media":32738,"template":"","meta":[],"product_cat":[2396],"product_tag":[2522,2523],"yoast_head":"<!-- This site is optimized with the Yoast SEO plugin v23.7 - https:\/\/yoast.com\/wordpress\/plugins\/seo\/ -->\n<title>Kupaonski ormari\u0107 60x30x87cm - Inti<\/title>\n<meta name=\"description\" content=\"Ovaj zeleni kupaonski ormari\u0107 \u0161tedi vas muke tra\u017eenja kupaonskog pribora. To vam daje vi\u0161e vremena za ono \u0161to je zaista va\u017eno: opu\u0161tanje! \u010ciste linije i jednostavna silueta dodaju eleganciju. Ovaj ormari\u0107 podijeljen na 1 otvoreni odjeljak i 2 police s vratima, spaja prakti\u010dnost i privatnost. Ovaj ormar nudi dovoljno prostora iza vrata za odlaganje ru\u010dnika, toaletnog papira, deterd\u017eenta, sredstva za \u010di\u0161\u0107enje WC \u0161koljke i ostalih kupaonskih potrep\u0161tina te za bolju za\u0161titu od vode, pra\u0161ine itd. Ovaj vi\u0161enamjenski komad namje\u0161taja prima okvire za fotografije, gelove za tu\u0161iranje, biljke ili za\u010dine: nalazi mjesto u dnevnoj sobi, kupaonici, kuhinji itd. Visokokvalitetne MDF plo\u010de jam\u010de savr\u0161enu stabilnost i dug \u017eivot, \u010dak iu vla\u017enim okru\u017eenjima. Povr\u0161ina se lako \u010disti i olak\u0161ava ku\u0107anske poslove. Svojim modernim i elegantnim izgledom ovaj komad namje\u0161taja privla\u010di sva\u010diju pa\u017enju. Stra\u017enja strana namje\u0161taja tako\u0111er je opremljena ure\u0111ajem protiv prevrtanja koji \u0161titi vas i va\u0161u obitelj.\" \/>\n<meta name=\"robots\" content=\"index, follow, max-snippet:-1, max-image-preview:large, max-video-preview:-1\" \/>\n<link rel=\"canonical\" href=\"https:\/\/inti.hr\/sr\/proizvod\/kupaonski-ormaric-60x30x87cm\/\" \/>\n<meta property=\"og:locale\" content=\"sr_RS\" \/>\n<meta property=\"og:type\" content=\"article\" \/>\n<meta property=\"og:title\" content=\"Kupaonski ormari\u0107 60x30x87cm - Inti\" \/>\n<meta property=\"og:description\" content=\"Ovaj zeleni kupaonski ormari\u0107 \u0161tedi vas muke tra\u017eenja kupaonskog pribora. To vam daje vi\u0161e vremena za ono \u0161to je zaista va\u017eno: opu\u0161tanje! \u010ciste linije i jednostavna silueta dodaju eleganciju. Ovaj ormari\u0107 podijeljen na 1 otvoreni odjeljak i 2 police s vratima, spaja prakti\u010dnost i privatnost. Ovaj ormar nudi dovoljno prostora iza vrata za odlaganje ru\u010dnika, toaletnog papira, deterd\u017eenta, sredstva za \u010di\u0161\u0107enje WC \u0161koljke i ostalih kupaonskih potrep\u0161tina te za bolju za\u0161titu od vode, pra\u0161ine itd. Ovaj vi\u0161enamjenski komad namje\u0161taja prima okvire za fotografije, gelove za tu\u0161iranje, biljke ili za\u010dine: nalazi mjesto u dnevnoj sobi, kupaonici, kuhinji itd. Visokokvalitetne MDF plo\u010de jam\u010de savr\u0161enu stabilnost i dug \u017eivot, \u010dak iu vla\u017enim okru\u017eenjima. Povr\u0161ina se lako \u010disti i olak\u0161ava ku\u0107anske poslove. Svojim modernim i elegantnim izgledom ovaj komad namje\u0161taja privla\u010di sva\u010diju pa\u017enju. Stra\u017enja strana namje\u0161taja tako\u0111er je opremljena ure\u0111ajem protiv prevrtanja koji \u0161titi vas i va\u0161u obitelj.\" \/>\n<meta property=\"og:url\" content=\"https:\/\/inti.hr\/sr\/proizvod\/kupaonski-ormaric-60x30x87cm\/\" \/>\n<meta property=\"og:site_name\" content=\"Inti\" \/>\n<meta property=\"og:image\" content=\"https:\/\/i0.wp.com\/inti.hr\/wp-content\/uploads\/2024\/02\/BZR138-GR-Y001_670x.webp?fit=670%2C670&ssl=1\" \/>\n\t<meta property=\"og:image:width\" content=\"670\" \/>\n\t<meta property=\"og:image:height\" content=\"670\" \/>\n\t<meta property=\"og:image:type\" content=\"image\/webp\" \/>\n<meta name=\"twitter:card\" content=\"summary_large_image\" \/>\n<script type=\"application\/ld+json\" class=\"yoast-schema-graph\">{\"@context\":\"https:\/\/schema.org\",\"@graph\":[{\"@type\":\"WebPage\",\"@id\":\"https:\/\/inti.hr\/sr\/proizvod\/kupaonski-ormaric-60x30x87cm\/\",\"url\":\"https:\/\/inti.hr\/sr\/proizvod\/kupaonski-ormaric-60x30x87cm\/\",\"name\":\"Kupaonski ormari\u0107 60x30x87cm - Inti\",\"isPartOf\":{\"@id\":\"https:\/\/inti.hr\/sr\/#website\"},\"primaryImageOfPage\":{\"@id\":\"https:\/\/inti.hr\/sr\/proizvod\/kupaonski-ormaric-60x30x87cm\/#primaryimage\"},\"image\":{\"@id\":\"https:\/\/inti.hr\/sr\/proizvod\/kupaonski-ormaric-60x30x87cm\/#primaryimage\"},\"thumbnailUrl\":\"https:\/\/i0.wp.com\/inti.hr\/wp-content\/uploads\/2024\/02\/BZR138-GR-Y001_670x.webp?fit=670%2C670&ssl=1\",\"datePublished\":\"2024-02-22T07:41:24+00:00\",\"dateModified\":\"2024-02-22T07:41:24+00:00\",\"description\":\"Ovaj zeleni kupaonski ormari\u0107 \u0161tedi vas muke tra\u017eenja kupaonskog pribora. To vam daje vi\u0161e vremena za ono \u0161to je zaista va\u017eno: opu\u0161tanje! \u010ciste linije i jednostavna silueta dodaju eleganciju. Ovaj ormari\u0107 podijeljen na 1 otvoreni odjeljak i 2 police s vratima, spaja prakti\u010dnost i privatnost. Ovaj ormar nudi dovoljno prostora iza vrata za odlaganje ru\u010dnika, toaletnog papira, deterd\u017eenta, sredstva za \u010di\u0161\u0107enje WC \u0161koljke i ostalih kupaonskih potrep\u0161tina te za bolju za\u0161titu od vode, pra\u0161ine itd. Ovaj vi\u0161enamjenski komad namje\u0161taja prima okvire za fotografije, gelove za tu\u0161iranje, biljke ili za\u010dine: nalazi mjesto u dnevnoj sobi, kupaonici, kuhinji itd. Visokokvalitetne MDF plo\u010de jam\u010de savr\u0161enu stabilnost i dug \u017eivot, \u010dak iu vla\u017enim okru\u017eenjima. Povr\u0161ina se lako \u010disti i olak\u0161ava ku\u0107anske poslove. Svojim modernim i elegantnim izgledom ovaj komad namje\u0161taja privla\u010di sva\u010diju pa\u017enju. Stra\u017enja strana namje\u0161taja tako\u0111er je opremljena ure\u0111ajem protiv prevrtanja koji \u0161titi vas i va\u0161u obitelj.\",\"breadcrumb\":{\"@id\":\"https:\/\/inti.hr\/sr\/proizvod\/kupaonski-ormaric-60x30x87cm\/#breadcrumb\"},\"inLanguage\":\"sr-RS\",\"potentialAction\":[{\"@type\":\"ReadAction\",\"target\":[\"https:\/\/inti.hr\/sr\/proizvod\/kupaonski-ormaric-60x30x87cm\/\"]}]},{\"@type\":\"ImageObject\",\"inLanguage\":\"sr-RS\",\"@id\":\"https:\/\/inti.hr\/sr\/proizvod\/kupaonski-ormaric-60x30x87cm\/#primaryimage\",\"url\":\"https:\/\/i0.wp.com\/inti.hr\/wp-content\/uploads\/2024\/02\/BZR138-GR-Y001_670x.webp?fit=670%2C670&ssl=1\",\"contentUrl\":\"https:\/\/i0.wp.com\/inti.hr\/wp-content\/uploads\/2024\/02\/BZR138-GR-Y001_670x.webp?fit=670%2C670&ssl=1\",\"width\":670,\"height\":670,\"caption\":\"Kupaonski ormari\u0107 60x30x87cm\"},{\"@type\":\"BreadcrumbList\",\"@id\":\"https:\/\/inti.hr\/sr\/proizvod\/kupaonski-ormaric-60x30x87cm\/#breadcrumb\",\"itemListElement\":[{\"@type\":\"ListItem\",\"position\":1,\"name\":\"Po\u010detna stranica\",\"item\":\"https:\/\/inti.hr\/sr\/\"},{\"@type\":\"ListItem\",\"position\":2,\"name\":\"Prodavnica\",\"item\":\"https:\/\/inti.hr\/sr\/prodavnica\/\"},{\"@type\":\"ListItem\",\"position\":3,\"name\":\"Kupaonski ormari\u0107 60x30x87cm\"}]},{\"@type\":\"WebSite\",\"@id\":\"https:\/\/inti.hr\/sr\/#website\",\"url\":\"https:\/\/inti.hr\/sr\/\",\"name\":\"Inti\",\"description\":\"trgovina\",\"potentialAction\":[{\"@type\":\"SearchAction\",\"target\":{\"@type\":\"EntryPoint\",\"urlTemplate\":\"https:\/\/inti.hr\/sr\/?s={search_term_string}\"},\"query-input\":{\"@type\":\"PropertyValueSpecification\",\"valueRequired\":true,\"valueName\":\"search_term_string\"}}],\"inLanguage\":\"sr-RS\"}]}<\/script>\n<!-- \/ Yoast SEO plugin. -->","yoast_head_json":{"title":"Kupaonski ormari\u0107 60x30x87cm - Inti","description":"Ovaj zeleni kupaonski ormari\u0107 \u0161tedi vas muke tra\u017eenja kupaonskog pribora. To vam daje vi\u0161e vremena za ono \u0161to je zaista va\u017eno: opu\u0161tanje! \u010ciste linije i jednostavna silueta dodaju eleganciju. Ovaj ormari\u0107 podijeljen na 1 otvoreni odjeljak i 2 police s vratima, spaja prakti\u010dnost i privatnost. Ovaj ormar nudi dovoljno prostora iza vrata za odlaganje ru\u010dnika, toaletnog papira, deterd\u017eenta, sredstva za \u010di\u0161\u0107enje WC \u0161koljke i ostalih kupaonskih potrep\u0161tina te za bolju za\u0161titu od vode, pra\u0161ine itd. Ovaj vi\u0161enamjenski komad namje\u0161taja prima okvire za fotografije, gelove za tu\u0161iranje, biljke ili za\u010dine: nalazi mjesto u dnevnoj sobi, kupaonici, kuhinji itd. Visokokvalitetne MDF plo\u010de jam\u010de savr\u0161enu stabilnost i dug \u017eivot, \u010dak iu vla\u017enim okru\u017eenjima. Povr\u0161ina se lako \u010disti i olak\u0161ava ku\u0107anske poslove. Svojim modernim i elegantnim izgledom ovaj komad namje\u0161taja privla\u010di sva\u010diju pa\u017enju. Stra\u017enja strana namje\u0161taja tako\u0111er je opremljena ure\u0111ajem protiv prevrtanja koji \u0161titi vas i va\u0161u obitelj.","robots":{"index":"index","follow":"follow","max-snippet":"max-snippet:-1","max-image-preview":"max-image-preview:large","max-video-preview":"max-video-preview:-1"},"canonical":"https:\/\/inti.hr\/sr\/proizvod\/kupaonski-ormaric-60x30x87cm\/","og_locale":"sr_RS","og_type":"article","og_title":"Kupaonski ormari\u0107 60x30x87cm - Inti","og_description":"Ovaj zeleni kupaonski ormari\u0107 \u0161tedi vas muke tra\u017eenja kupaonskog pribora. To vam daje vi\u0161e vremena za ono \u0161to je zaista va\u017eno: opu\u0161tanje! \u010ciste linije i jednostavna silueta dodaju eleganciju. Ovaj ormari\u0107 podijeljen na 1 otvoreni odjeljak i 2 police s vratima, spaja prakti\u010dnost i privatnost. Ovaj ormar nudi dovoljno prostora iza vrata za odlaganje ru\u010dnika, toaletnog papira, deterd\u017eenta, sredstva za \u010di\u0161\u0107enje WC \u0161koljke i ostalih kupaonskih potrep\u0161tina te za bolju za\u0161titu od vode, pra\u0161ine itd. Ovaj vi\u0161enamjenski komad namje\u0161taja prima okvire za fotografije, gelove za tu\u0161iranje, biljke ili za\u010dine: nalazi mjesto u dnevnoj sobi, kupaonici, kuhinji itd. Visokokvalitetne MDF plo\u010de jam\u010de savr\u0161enu stabilnost i dug \u017eivot, \u010dak iu vla\u017enim okru\u017eenjima. Povr\u0161ina se lako \u010disti i olak\u0161ava ku\u0107anske poslove. Svojim modernim i elegantnim izgledom ovaj komad namje\u0161taja privla\u010di sva\u010diju pa\u017enju. Stra\u017enja strana namje\u0161taja tako\u0111er je opremljena ure\u0111ajem protiv prevrtanja koji \u0161titi vas i va\u0161u obitelj.","og_url":"https:\/\/inti.hr\/sr\/proizvod\/kupaonski-ormaric-60x30x87cm\/","og_site_name":"Inti","og_image":[{"width":670,"height":670,"url":"https:\/\/i0.wp.com\/inti.hr\/wp-content\/uploads\/2024\/02\/BZR138-GR-Y001_670x.webp?fit=670%2C670&ssl=1","type":"image\/webp"}],"twitter_card":"summary_large_image","schema":{"@context":"https:\/\/schema.org","@graph":[{"@type":"WebPage","@id":"https:\/\/inti.hr\/sr\/proizvod\/kupaonski-ormaric-60x30x87cm\/","url":"https:\/\/inti.hr\/sr\/proizvod\/kupaonski-ormaric-60x30x87cm\/","name":"Kupaonski ormari\u0107 60x30x87cm - Inti","isPartOf":{"@id":"https:\/\/inti.hr\/sr\/#website"},"primaryImageOfPage":{"@id":"https:\/\/inti.hr\/sr\/proizvod\/kupaonski-ormaric-60x30x87cm\/#primaryimage"},"image":{"@id":"https:\/\/inti.hr\/sr\/proizvod\/kupaonski-ormaric-60x30x87cm\/#primaryimage"},"thumbnailUrl":"https:\/\/i0.wp.com\/inti.hr\/wp-content\/uploads\/2024\/02\/BZR138-GR-Y001_670x.webp?fit=670%2C670&ssl=1","datePublished":"2024-02-22T07:41:24+00:00","dateModified":"2024-02-22T07:41:24+00:00","description":"Ovaj zeleni kupaonski ormari\u0107 \u0161tedi vas muke tra\u017eenja kupaonskog pribora. To vam daje vi\u0161e vremena za ono \u0161to je zaista va\u017eno: opu\u0161tanje! \u010ciste linije i jednostavna silueta dodaju eleganciju. Ovaj ormari\u0107 podijeljen na 1 otvoreni odjeljak i 2 police s vratima, spaja prakti\u010dnost i privatnost. Ovaj ormar nudi dovoljno prostora iza vrata za odlaganje ru\u010dnika, toaletnog papira, deterd\u017eenta, sredstva za \u010di\u0161\u0107enje WC \u0161koljke i ostalih kupaonskih potrep\u0161tina te za bolju za\u0161titu od vode, pra\u0161ine itd. Ovaj vi\u0161enamjenski komad namje\u0161taja prima okvire za fotografije, gelove za tu\u0161iranje, biljke ili za\u010dine: nalazi mjesto u dnevnoj sobi, kupaonici, kuhinji itd. Visokokvalitetne MDF plo\u010de jam\u010de savr\u0161enu stabilnost i dug \u017eivot, \u010dak iu vla\u017enim okru\u017eenjima. Povr\u0161ina se lako \u010disti i olak\u0161ava ku\u0107anske poslove. Svojim modernim i elegantnim izgledom ovaj komad namje\u0161taja privla\u010di sva\u010diju pa\u017enju. Stra\u017enja strana namje\u0161taja tako\u0111er je opremljena ure\u0111ajem protiv prevrtanja koji \u0161titi vas i va\u0161u obitelj.","breadcrumb":{"@id":"https:\/\/inti.hr\/sr\/proizvod\/kupaonski-ormaric-60x30x87cm\/#breadcrumb"},"inLanguage":"sr-RS","potentialAction":[{"@type":"ReadAction","target":["https:\/\/inti.hr\/sr\/proizvod\/kupaonski-ormaric-60x30x87cm\/"]}]},{"@type":"ImageObject","inLanguage":"sr-RS","@id":"https:\/\/inti.hr\/sr\/proizvod\/kupaonski-ormaric-60x30x87cm\/#primaryimage","url":"https:\/\/i0.wp.com\/inti.hr\/wp-content\/uploads\/2024\/02\/BZR138-GR-Y001_670x.webp?fit=670%2C670&ssl=1","contentUrl":"https:\/\/i0.wp.com\/inti.hr\/wp-content\/uploads\/2024\/02\/BZR138-GR-Y001_670x.webp?fit=670%2C670&ssl=1","width":670,"height":670,"caption":"Kupaonski ormari\u0107 60x30x87cm"},{"@type":"BreadcrumbList","@id":"https:\/\/inti.hr\/sr\/proizvod\/kupaonski-ormaric-60x30x87cm\/#breadcrumb","itemListElement":[{"@type":"ListItem","position":1,"name":"Po\u010detna stranica","item":"https:\/\/inti.hr\/sr\/"},{"@type":"ListItem","position":2,"name":"Prodavnica","item":"https:\/\/inti.hr\/sr\/prodavnica\/"},{"@type":"ListItem","position":3,"name":"Kupaonski ormari\u0107 60x30x87cm"}]},{"@type":"WebSite","@id":"https:\/\/inti.hr\/sr\/#website","url":"https:\/\/inti.hr\/sr\/","name":"Inti","description":"trgovina","potentialAction":[{"@type":"SearchAction","target":{"@type":"EntryPoint","urlTemplate":"https:\/\/inti.hr\/sr\/?s={search_term_string}"},"query-input":{"@type":"PropertyValueSpecification","valueRequired":true,"valueName":"search_term_string"}}],"inLanguage":"sr-RS"}]}},"jetpack_sharing_enabled":true,"jetpack-related-posts":[],"_links":{"self":[{"href":"https:\/\/inti.hr\/sr\/wp-json\/wp\/v2\/product\/32737"}],"collection":[{"href":"https:\/\/inti.hr\/sr\/wp-json\/wp\/v2\/product"}],"about":[{"href":"https:\/\/inti.hr\/sr\/wp-json\/wp\/v2\/types\/product"}],"wp:featuredmedia":[{"embeddable":true,"href":"https:\/\/inti.hr\/sr\/wp-json\/wp\/v2\/media\/32738"}],"wp:attachment":[{"href":"https:\/\/inti.hr\/sr\/wp-json\/wp\/v2\/media?parent=32737"}],"wp:term":[{"taxonomy":"product_cat","embeddable":true,"href":"https:\/\/inti.hr\/sr\/wp-json\/wp\/v2\/product_cat?post=32737"},{"taxonomy":"product_tag","embeddable":true,"href":"https:\/\/inti.hr\/sr\/wp-json\/wp\/v2\/product_tag?post=32737"}],"curies":[{"name":"wp","href":"https:\/\/api.w.org\/{rel}","templated":true}]}}