{"id":32749,"date":"2024-02-07T14:21:48","date_gmt":"2024-02-07T13:21:48","guid":{"rendered":"https:\/\/inti.hr\/product\/stolna-grijalica-infracrvena-o-60cm\/"},"modified":"2024-02-07T14:21:48","modified_gmt":"2024-02-07T13:21:48","slug":"stolna-grijalica-infracrvena-o-60cm","status":"publish","type":"product","link":"https:\/\/inti.hr\/sr\/proizvod\/stolna-grijalica-infracrvena-o-60cm\/","title":{"rendered":"Stolna grijalica &#8211; Infracrvena &#8211; \u00d8 60cm"},"content":{"rendered":"<p>Detalji proizvoda:<\/p>\n<p>Bilo na otvorenom u restoranu, bistrou, kafi\u0107u, na terasi ili u vrtu: infracrvena stolna grijalic, stru\u010dnjaka za visokokvalitetne hotelske potrep\u0161tine, pru\u017ea ugodnu toplinu i pretvara vani u prostor za dru\u017eenje \u010dak i kad je hladno.<\/p>\n<p>Plo\u010da stola ima promjer 60 cm i izra\u0111ena je od kaljenog sigurnosnog stakla debljine 6 mm. Zbog stupnja za\u0161tite IP34, grija\u010d je za\u0161ti\u0107en od stranih tijela (veli\u010dine do 2,5 mm) i prskanja vode.<\/p>\n<p>U\u010dinkovita infracrvena tehnologija, grija\u0107i element od 1500 W ugra\u0111en u nogu stola na stolu visine 74,5 cm zra\u010di toplinu brzo i ravnomjerno u svim smjerovima. Va\u0161i gosti koji sjede za stolom uvijek imaju tople noge i mogu udobno ne\u0161to pojesti i popiti. Za razliku od plinskog radijatora, elektri\u010dni radijator radi vrlo tiho i bez ometaju\u0107eg \u0161i\u0161tanja. Jo\u0161 jedna prednost: Nikada ne morate mijenjati plinsku bocu, ve\u0107 vam treba samo uti\u010dnica.<\/p>\n<p>Infracrveni radijatorski stol je stabilan i siguran na \u010dvrstoj osnovnoj plo\u010di od nehr\u0111aju\u0107eg \u010delika promjera 20 cm. Materijali ne samo da impresioniraju svojom otporno\u0161\u0107u i dugotrajno\u0161\u0107u, ve\u0107 su i posebno jednostavni za \u010di\u0161\u0107enje. Naru\u010dite infracrvenu grija\u010d za terasu sada i osigurajte da va\u0161i gosti, prijatelji i obitelj nikada vi\u0161e ne budu hladni na terasi.<\/p>\n<p>Materijal: ne hr\u0111aju\u0107i \u010delik, kaljeno staklo, Visina stola [cm]: 74, Maksimalna snaga [W]: 1500, Debljina materijala radne plo\u010de [mm]: 6mm,<br \/>\nDimenzije plo\u010de [mm]: \u00d8200, Kabel za napajanje [m]: 1,4m, Dimenzije (Dx\u0160xV):60 x 60 x 74 cm.<\/p>\n","protected":false},"excerpt":{"rendered":"<p>Sna\u017ean\u2014jaki infracrveni grija\u0107i element od 1500 W za brzo stvaranje topline<br \/>\nUniverzalno\u2014za &#8230; <\/p>\n","protected":false},"featured_media":32750,"template":"","meta":[],"product_cat":[3467],"product_tag":[3468,3469],"yoast_head":"<!-- This site is optimized with the Yoast SEO plugin v23.7 - https:\/\/yoast.com\/wordpress\/plugins\/seo\/ -->\n<title>Stolna grijalica - Infracrvena - \u00d8 60cm - Inti<\/title>\n<meta name=\"description\" content=\"Sna\u017ean\u2014jaki infracrveni grija\u0107i element od 1500 W za brzo stvaranje toplineUniverzalno\u2014za sate dru\u017eenja na otvorenom ispred restorana, bistroa, kafi\u0107a ili u lokalnom vrtuProstran\u2014na stolu promjera 60 cm mo\u017ee se smjestiti nekoliko osobaSigurno\u2014prikladno za vanjsku upotrebu s klasom za\u0161tite IP34Izdr\u017eljiva \u2014 elasti\u010dna konstrukcija koja se lako odr\u017eava, izra\u0111ena od nehr\u0111aju\u0107eg \u010delika i kaljenog stakla\" \/>\n<meta name=\"robots\" content=\"index, follow, max-snippet:-1, max-image-preview:large, max-video-preview:-1\" \/>\n<link rel=\"canonical\" href=\"https:\/\/inti.hr\/sr\/proizvod\/stolna-grijalica-infracrvena-o-60cm\/\" \/>\n<meta property=\"og:locale\" content=\"sr_RS\" \/>\n<meta property=\"og:type\" content=\"article\" \/>\n<meta property=\"og:title\" content=\"Stolna grijalica - Infracrvena - \u00d8 60cm - Inti\" \/>\n<meta property=\"og:description\" content=\"Sna\u017ean\u2014jaki infracrveni grija\u0107i element od 1500 W za brzo stvaranje toplineUniverzalno\u2014za sate dru\u017eenja na otvorenom ispred restorana, bistroa, kafi\u0107a ili u lokalnom vrtuProstran\u2014na stolu promjera 60 cm mo\u017ee se smjestiti nekoliko osobaSigurno\u2014prikladno za vanjsku upotrebu s klasom za\u0161tite IP34Izdr\u017eljiva \u2014 elasti\u010dna konstrukcija koja se lako odr\u017eava, izra\u0111ena od nehr\u0111aju\u0107eg \u010delika i kaljenog stakla\" \/>\n<meta property=\"og:url\" content=\"https:\/\/inti.hr\/sr\/proizvod\/stolna-grijalica-infracrvena-o-60cm\/\" \/>\n<meta property=\"og:site_name\" content=\"Inti\" \/>\n<meta property=\"og:image\" content=\"https:\/\/i0.wp.com\/inti.hr\/wp-content\/uploads\/2024\/02\/10250482_photo_1.webp?fit=1600%2C1600&ssl=1\" \/>\n\t<meta property=\"og:image:width\" content=\"1600\" \/>\n\t<meta property=\"og:image:height\" content=\"1600\" \/>\n\t<meta property=\"og:image:type\" content=\"image\/webp\" \/>\n<meta name=\"twitter:card\" content=\"summary_large_image\" \/>\n<meta name=\"twitter:label1\" content=\"\u041f\u0440\u043e\u0446\u0435\u045a\u0435\u043d\u043e \u0432\u0440\u0435\u043c\u0435 \u0447\u0438\u0442\u0430\u045a\u0430\" \/>\n\t<meta name=\"twitter:data1\" content=\"1 \u043c\u0438\u043d\u0443\u0442\" \/>\n<script type=\"application\/ld+json\" class=\"yoast-schema-graph\">{\"@context\":\"https:\/\/schema.org\",\"@graph\":[{\"@type\":\"WebPage\",\"@id\":\"https:\/\/inti.hr\/sr\/proizvod\/stolna-grijalica-infracrvena-o-60cm\/\",\"url\":\"https:\/\/inti.hr\/sr\/proizvod\/stolna-grijalica-infracrvena-o-60cm\/\",\"name\":\"Stolna grijalica - Infracrvena - \u00d8 60cm - Inti\",\"isPartOf\":{\"@id\":\"https:\/\/inti.hr\/sr\/#website\"},\"primaryImageOfPage\":{\"@id\":\"https:\/\/inti.hr\/sr\/proizvod\/stolna-grijalica-infracrvena-o-60cm\/#primaryimage\"},\"image\":{\"@id\":\"https:\/\/inti.hr\/sr\/proizvod\/stolna-grijalica-infracrvena-o-60cm\/#primaryimage\"},\"thumbnailUrl\":\"https:\/\/i0.wp.com\/inti.hr\/wp-content\/uploads\/2024\/02\/10250482_photo_1.webp?fit=1600%2C1600&ssl=1\",\"datePublished\":\"2024-02-07T13:21:48+00:00\",\"dateModified\":\"2024-02-07T13:21:48+00:00\",\"description\":\"Sna\u017ean\u2014jaki infracrveni grija\u0107i element od 1500 W za brzo stvaranje toplineUniverzalno\u2014za sate dru\u017eenja na otvorenom ispred restorana, bistroa, kafi\u0107a ili u lokalnom vrtuProstran\u2014na stolu promjera 60 cm mo\u017ee se smjestiti nekoliko osobaSigurno\u2014prikladno za vanjsku upotrebu s klasom za\u0161tite IP34Izdr\u017eljiva \u2014 elasti\u010dna konstrukcija koja se lako odr\u017eava, izra\u0111ena od nehr\u0111aju\u0107eg \u010delika i kaljenog stakla\",\"breadcrumb\":{\"@id\":\"https:\/\/inti.hr\/sr\/proizvod\/stolna-grijalica-infracrvena-o-60cm\/#breadcrumb\"},\"inLanguage\":\"sr-RS\",\"potentialAction\":[{\"@type\":\"ReadAction\",\"target\":[\"https:\/\/inti.hr\/sr\/proizvod\/stolna-grijalica-infracrvena-o-60cm\/\"]}]},{\"@type\":\"ImageObject\",\"inLanguage\":\"sr-RS\",\"@id\":\"https:\/\/inti.hr\/sr\/proizvod\/stolna-grijalica-infracrvena-o-60cm\/#primaryimage\",\"url\":\"https:\/\/i0.wp.com\/inti.hr\/wp-content\/uploads\/2024\/02\/10250482_photo_1.webp?fit=1600%2C1600&ssl=1\",\"contentUrl\":\"https:\/\/i0.wp.com\/inti.hr\/wp-content\/uploads\/2024\/02\/10250482_photo_1.webp?fit=1600%2C1600&ssl=1\",\"width\":1600,\"height\":1600},{\"@type\":\"BreadcrumbList\",\"@id\":\"https:\/\/inti.hr\/sr\/proizvod\/stolna-grijalica-infracrvena-o-60cm\/#breadcrumb\",\"itemListElement\":[{\"@type\":\"ListItem\",\"position\":1,\"name\":\"Po\u010detna stranica\",\"item\":\"https:\/\/inti.hr\/sr\/\"},{\"@type\":\"ListItem\",\"position\":2,\"name\":\"Prodavnica\",\"item\":\"https:\/\/inti.hr\/sr\/prodavnica\/\"},{\"@type\":\"ListItem\",\"position\":3,\"name\":\"Stolna grijalica &#8211; Infracrvena &#8211; \u00d8 60cm\"}]},{\"@type\":\"WebSite\",\"@id\":\"https:\/\/inti.hr\/sr\/#website\",\"url\":\"https:\/\/inti.hr\/sr\/\",\"name\":\"Inti\",\"description\":\"trgovina\",\"potentialAction\":[{\"@type\":\"SearchAction\",\"target\":{\"@type\":\"EntryPoint\",\"urlTemplate\":\"https:\/\/inti.hr\/sr\/?s={search_term_string}\"},\"query-input\":{\"@type\":\"PropertyValueSpecification\",\"valueRequired\":true,\"valueName\":\"search_term_string\"}}],\"inLanguage\":\"sr-RS\"}]}<\/script>\n<!-- \/ Yoast SEO plugin. -->","yoast_head_json":{"title":"Stolna grijalica - Infracrvena - \u00d8 60cm - Inti","description":"Sna\u017ean\u2014jaki infracrveni grija\u0107i element od 1500 W za brzo stvaranje toplineUniverzalno\u2014za sate dru\u017eenja na otvorenom ispred restorana, bistroa, kafi\u0107a ili u lokalnom vrtuProstran\u2014na stolu promjera 60 cm mo\u017ee se smjestiti nekoliko osobaSigurno\u2014prikladno za vanjsku upotrebu s klasom za\u0161tite IP34Izdr\u017eljiva \u2014 elasti\u010dna konstrukcija koja se lako odr\u017eava, izra\u0111ena od nehr\u0111aju\u0107eg \u010delika i kaljenog stakla","robots":{"index":"index","follow":"follow","max-snippet":"max-snippet:-1","max-image-preview":"max-image-preview:large","max-video-preview":"max-video-preview:-1"},"canonical":"https:\/\/inti.hr\/sr\/proizvod\/stolna-grijalica-infracrvena-o-60cm\/","og_locale":"sr_RS","og_type":"article","og_title":"Stolna grijalica - Infracrvena - \u00d8 60cm - Inti","og_description":"Sna\u017ean\u2014jaki infracrveni grija\u0107i element od 1500 W za brzo stvaranje toplineUniverzalno\u2014za sate dru\u017eenja na otvorenom ispred restorana, bistroa, kafi\u0107a ili u lokalnom vrtuProstran\u2014na stolu promjera 60 cm mo\u017ee se smjestiti nekoliko osobaSigurno\u2014prikladno za vanjsku upotrebu s klasom za\u0161tite IP34Izdr\u017eljiva \u2014 elasti\u010dna konstrukcija koja se lako odr\u017eava, izra\u0111ena od nehr\u0111aju\u0107eg \u010delika i kaljenog stakla","og_url":"https:\/\/inti.hr\/sr\/proizvod\/stolna-grijalica-infracrvena-o-60cm\/","og_site_name":"Inti","og_image":[{"width":1600,"height":1600,"url":"https:\/\/i0.wp.com\/inti.hr\/wp-content\/uploads\/2024\/02\/10250482_photo_1.webp?fit=1600%2C1600&ssl=1","type":"image\/webp"}],"twitter_card":"summary_large_image","twitter_misc":{"\u041f\u0440\u043e\u0446\u0435\u045a\u0435\u043d\u043e \u0432\u0440\u0435\u043c\u0435 \u0447\u0438\u0442\u0430\u045a\u0430":"1 \u043c\u0438\u043d\u0443\u0442"},"schema":{"@context":"https:\/\/schema.org","@graph":[{"@type":"WebPage","@id":"https:\/\/inti.hr\/sr\/proizvod\/stolna-grijalica-infracrvena-o-60cm\/","url":"https:\/\/inti.hr\/sr\/proizvod\/stolna-grijalica-infracrvena-o-60cm\/","name":"Stolna grijalica - Infracrvena - \u00d8 60cm - Inti","isPartOf":{"@id":"https:\/\/inti.hr\/sr\/#website"},"primaryImageOfPage":{"@id":"https:\/\/inti.hr\/sr\/proizvod\/stolna-grijalica-infracrvena-o-60cm\/#primaryimage"},"image":{"@id":"https:\/\/inti.hr\/sr\/proizvod\/stolna-grijalica-infracrvena-o-60cm\/#primaryimage"},"thumbnailUrl":"https:\/\/i0.wp.com\/inti.hr\/wp-content\/uploads\/2024\/02\/10250482_photo_1.webp?fit=1600%2C1600&ssl=1","datePublished":"2024-02-07T13:21:48+00:00","dateModified":"2024-02-07T13:21:48+00:00","description":"Sna\u017ean\u2014jaki infracrveni grija\u0107i element od 1500 W za brzo stvaranje toplineUniverzalno\u2014za sate dru\u017eenja na otvorenom ispred restorana, bistroa, kafi\u0107a ili u lokalnom vrtuProstran\u2014na stolu promjera 60 cm mo\u017ee se smjestiti nekoliko osobaSigurno\u2014prikladno za vanjsku upotrebu s klasom za\u0161tite IP34Izdr\u017eljiva \u2014 elasti\u010dna konstrukcija koja se lako odr\u017eava, izra\u0111ena od nehr\u0111aju\u0107eg \u010delika i kaljenog stakla","breadcrumb":{"@id":"https:\/\/inti.hr\/sr\/proizvod\/stolna-grijalica-infracrvena-o-60cm\/#breadcrumb"},"inLanguage":"sr-RS","potentialAction":[{"@type":"ReadAction","target":["https:\/\/inti.hr\/sr\/proizvod\/stolna-grijalica-infracrvena-o-60cm\/"]}]},{"@type":"ImageObject","inLanguage":"sr-RS","@id":"https:\/\/inti.hr\/sr\/proizvod\/stolna-grijalica-infracrvena-o-60cm\/#primaryimage","url":"https:\/\/i0.wp.com\/inti.hr\/wp-content\/uploads\/2024\/02\/10250482_photo_1.webp?fit=1600%2C1600&ssl=1","contentUrl":"https:\/\/i0.wp.com\/inti.hr\/wp-content\/uploads\/2024\/02\/10250482_photo_1.webp?fit=1600%2C1600&ssl=1","width":1600,"height":1600},{"@type":"BreadcrumbList","@id":"https:\/\/inti.hr\/sr\/proizvod\/stolna-grijalica-infracrvena-o-60cm\/#breadcrumb","itemListElement":[{"@type":"ListItem","position":1,"name":"Po\u010detna stranica","item":"https:\/\/inti.hr\/sr\/"},{"@type":"ListItem","position":2,"name":"Prodavnica","item":"https:\/\/inti.hr\/sr\/prodavnica\/"},{"@type":"ListItem","position":3,"name":"Stolna grijalica &#8211; Infracrvena &#8211; \u00d8 60cm"}]},{"@type":"WebSite","@id":"https:\/\/inti.hr\/sr\/#website","url":"https:\/\/inti.hr\/sr\/","name":"Inti","description":"trgovina","potentialAction":[{"@type":"SearchAction","target":{"@type":"EntryPoint","urlTemplate":"https:\/\/inti.hr\/sr\/?s={search_term_string}"},"query-input":{"@type":"PropertyValueSpecification","valueRequired":true,"valueName":"search_term_string"}}],"inLanguage":"sr-RS"}]}},"jetpack_sharing_enabled":true,"jetpack-related-posts":[],"_links":{"self":[{"href":"https:\/\/inti.hr\/sr\/wp-json\/wp\/v2\/product\/32749"}],"collection":[{"href":"https:\/\/inti.hr\/sr\/wp-json\/wp\/v2\/product"}],"about":[{"href":"https:\/\/inti.hr\/sr\/wp-json\/wp\/v2\/types\/product"}],"wp:featuredmedia":[{"embeddable":true,"href":"https:\/\/inti.hr\/sr\/wp-json\/wp\/v2\/media\/32750"}],"wp:attachment":[{"href":"https:\/\/inti.hr\/sr\/wp-json\/wp\/v2\/media?parent=32749"}],"wp:term":[{"taxonomy":"product_cat","embeddable":true,"href":"https:\/\/inti.hr\/sr\/wp-json\/wp\/v2\/product_cat?post=32749"},{"taxonomy":"product_tag","embeddable":true,"href":"https:\/\/inti.hr\/sr\/wp-json\/wp\/v2\/product_tag?post=32749"}],"curies":[{"name":"wp","href":"https:\/\/api.w.org\/{rel}","templated":true}]}}