{"id":32753,"date":"2024-02-07T14:12:48","date_gmt":"2024-02-07T13:12:48","guid":{"rendered":"https:\/\/inti.hr\/product\/kolica-za-pranje-rublja-300-l\/"},"modified":"2024-02-07T14:12:48","modified_gmt":"2024-02-07T13:12:48","slug":"kolica-za-pranje-rublja-300-l","status":"publish","type":"product","link":"https:\/\/inti.hr\/sr\/proizvod\/kolica-za-pranje-rublja-300-l\/","title":{"rendered":"Kolica za pranje rublja &#8211; 300 l"},"content":{"rendered":"<p>Detalji proizvoda:<\/p>\n<p>Kolica za pranje rublja RCWW 4 iz Royal Catering idealna su za hotele, pansione, ustanove za njegu ili bolnice i bilo gdje gdje se proizvode velike koli\u010dine prljavog rublja. Mo\u017eete prevoziti stolnjake, navlake za poplune i odjevne predmete sigurno i bez napora u vre\u0107i za pranje rublja izra\u0111enoj od izdr\u017eljivog {{bag_material_1075_temp}}.<\/p>\n<p class=\"product-description__text\" data-v-29c780c7=\"\">S kapacitetom od nevjerojatnih 300 L, izda\u0161na kolica za pranje rublja dr\u017ee velike koli\u010dine prljavog rublja. Ovo skra\u0107uje va\u0161e putovanje na posao prilikom preuzimanja posteljine, ru\u010dnika itd. Torba ima udobnu radnu visinu od 80 cm i \u0161irok otvor od 91 x 65 cm. To vam olak\u0161ava punjenje velikim komadima rublja. Kolica imaju su\u017eavaju\u0107i oblik koji se su\u017eava prema dnu. To zna\u010di da kolica ostaju okretna i upravljiva \u010dak i s punom torbom. Ovaj oblik tako\u0111er olak\u0161ava va\u0111enje napunjene vre\u0107ice za rublje.<\/p>\n<p class=\"product-description__text\" data-v-29c780c7=\"\">Sama vre\u0107ica za rublje izra\u0111ena je od {{bag_material_1075_temp}} otpornog na trganje i dizajnirana je za dugotrajnu upotrebu. Elasti\u010dan materijal lako se \u010disti i zadr\u017eava svoj oblik \u010dak i pri velikom optere\u0107enju. Torba je sigurno pri\u010dvr\u0161\u0107ena za okvir s 10 kop\u010di i mo\u017ee se ukloniti u nekoliko jednostavnih koraka. To zna\u010di da se kolica za rublje na kota\u010di\u0107e mogu brzo isprazniti, ponovno napuniti i ponovno koristiti.<\/p>\n<p class=\"product-description__text\" data-v-29c780c7=\"\">4 glatkih kota\u010di\u0107a osigurava lako i tiho rukovanje kako bi va\u0161i gosti ostali neometani. Kota\u010di\u0107i su tako\u0111er otporni na abraziju, sprje\u010davaju\u0107i mrlje i tragove na podu. Robusni ne hr\u0111aju\u0107i \u010celik okvir daje okretnoj kanti za rublje veliku otpornost na udarce i izdr\u017eljivost \u2013 bez \u0161kripe ili zveckanja. Bilo u pansionima, hotelima ili ustanovama za njegu \u2013 s robusnim kolicima za posteljinu iz Royal Catering mo\u017eete pouzdano i trajno prevoziti rublje i osigurati nesmetan tijek rada.<\/p>\n<p data-v-29c780c7=\"\">Materijal: ne hr\u0111aju\u0107i \u010delik,\u00a0Dimenzije (Dx\u0160xV): <span data-v-9b289a48=\"\">91 x 65 x 80 cm, Kapacitet vre\u0107ice [l]: 300l,<br \/>\n<\/span><\/p>\n","protected":false},"excerpt":{"rendered":"<p>Prostrana \u2013 300 L kapacitet za pranje rublja<br \/>\nRobusna \u2013 uklonjiva torba &#8230; <\/p>\n","protected":false},"featured_media":32754,"template":"","meta":[],"product_cat":[3467],"product_tag":[3468,3471],"yoast_head":"<!-- This site is optimized with the Yoast SEO plugin v23.7 - https:\/\/yoast.com\/wordpress\/plugins\/seo\/ -->\n<title>Kolica za pranje rublja - 300 l - Inti<\/title>\n<meta name=\"description\" content=\"Prostrana \u2013 300 L kapacitet za pranje rubljaRobusna \u2013 uklonjiva torba izra\u0111ena od otpornog na trganje {{bag_material_1075_temp}} i okvir izra\u0111en od izdr\u017eljivog ne hr\u0111aju\u0107i \u010celikMobilni \u2013 4 kota\u010di\u0107i koji glatko rade za jednostavno manevriranjePrakti\u010dan \u2013 konusni oblik za jednostavno punjenje i manevriranje bez naporaNeklizaju\u0107a \u2013 torba savr\u0161eno pri\u010dvr\u0161\u0107ena s 10 kop\u010di\" \/>\n<meta name=\"robots\" content=\"index, follow, max-snippet:-1, max-image-preview:large, max-video-preview:-1\" \/>\n<link rel=\"canonical\" href=\"https:\/\/inti.hr\/sr\/proizvod\/kolica-za-pranje-rublja-300-l\/\" \/>\n<meta property=\"og:locale\" content=\"sr_RS\" \/>\n<meta property=\"og:type\" content=\"article\" \/>\n<meta property=\"og:title\" content=\"Kolica za pranje rublja - 300 l - Inti\" \/>\n<meta property=\"og:description\" content=\"Prostrana \u2013 300 L kapacitet za pranje rubljaRobusna \u2013 uklonjiva torba izra\u0111ena od otpornog na trganje {{bag_material_1075_temp}} i okvir izra\u0111en od izdr\u017eljivog ne hr\u0111aju\u0107i \u010celikMobilni \u2013 4 kota\u010di\u0107i koji glatko rade za jednostavno manevriranjePrakti\u010dan \u2013 konusni oblik za jednostavno punjenje i manevriranje bez naporaNeklizaju\u0107a \u2013 torba savr\u0161eno pri\u010dvr\u0161\u0107ena s 10 kop\u010di\" \/>\n<meta property=\"og:url\" content=\"https:\/\/inti.hr\/sr\/proizvod\/kolica-za-pranje-rublja-300-l\/\" \/>\n<meta property=\"og:site_name\" content=\"Inti\" \/>\n<meta property=\"og:image\" content=\"https:\/\/i0.wp.com\/inti.hr\/wp-content\/uploads\/2024\/02\/10012429_photo_1.webp?fit=1600%2C1600&ssl=1\" \/>\n\t<meta property=\"og:image:width\" content=\"1600\" \/>\n\t<meta property=\"og:image:height\" content=\"1600\" \/>\n\t<meta property=\"og:image:type\" content=\"image\/webp\" \/>\n<meta name=\"twitter:card\" content=\"summary_large_image\" \/>\n<meta name=\"twitter:label1\" content=\"\u041f\u0440\u043e\u0446\u0435\u045a\u0435\u043d\u043e \u0432\u0440\u0435\u043c\u0435 \u0447\u0438\u0442\u0430\u045a\u0430\" \/>\n\t<meta name=\"twitter:data1\" content=\"2 \u043c\u0438\u043d\u0443\u0442\u0430\" \/>\n<script type=\"application\/ld+json\" class=\"yoast-schema-graph\">{\"@context\":\"https:\/\/schema.org\",\"@graph\":[{\"@type\":\"WebPage\",\"@id\":\"https:\/\/inti.hr\/sr\/proizvod\/kolica-za-pranje-rublja-300-l\/\",\"url\":\"https:\/\/inti.hr\/sr\/proizvod\/kolica-za-pranje-rublja-300-l\/\",\"name\":\"Kolica za pranje rublja - 300 l - Inti\",\"isPartOf\":{\"@id\":\"https:\/\/inti.hr\/sr\/#website\"},\"primaryImageOfPage\":{\"@id\":\"https:\/\/inti.hr\/sr\/proizvod\/kolica-za-pranje-rublja-300-l\/#primaryimage\"},\"image\":{\"@id\":\"https:\/\/inti.hr\/sr\/proizvod\/kolica-za-pranje-rublja-300-l\/#primaryimage\"},\"thumbnailUrl\":\"https:\/\/i0.wp.com\/inti.hr\/wp-content\/uploads\/2024\/02\/10012429_photo_1.webp?fit=1600%2C1600&ssl=1\",\"datePublished\":\"2024-02-07T13:12:48+00:00\",\"dateModified\":\"2024-02-07T13:12:48+00:00\",\"description\":\"Prostrana \u2013 300 L kapacitet za pranje rubljaRobusna \u2013 uklonjiva torba izra\u0111ena od otpornog na trganje {{bag_material_1075_temp}} i okvir izra\u0111en od izdr\u017eljivog ne hr\u0111aju\u0107i \u010celikMobilni \u2013 4 kota\u010di\u0107i koji glatko rade za jednostavno manevriranjePrakti\u010dan \u2013 konusni oblik za jednostavno punjenje i manevriranje bez naporaNeklizaju\u0107a \u2013 torba savr\u0161eno pri\u010dvr\u0161\u0107ena s 10 kop\u010di\",\"breadcrumb\":{\"@id\":\"https:\/\/inti.hr\/sr\/proizvod\/kolica-za-pranje-rublja-300-l\/#breadcrumb\"},\"inLanguage\":\"sr-RS\",\"potentialAction\":[{\"@type\":\"ReadAction\",\"target\":[\"https:\/\/inti.hr\/sr\/proizvod\/kolica-za-pranje-rublja-300-l\/\"]}]},{\"@type\":\"ImageObject\",\"inLanguage\":\"sr-RS\",\"@id\":\"https:\/\/inti.hr\/sr\/proizvod\/kolica-za-pranje-rublja-300-l\/#primaryimage\",\"url\":\"https:\/\/i0.wp.com\/inti.hr\/wp-content\/uploads\/2024\/02\/10012429_photo_1.webp?fit=1600%2C1600&ssl=1\",\"contentUrl\":\"https:\/\/i0.wp.com\/inti.hr\/wp-content\/uploads\/2024\/02\/10012429_photo_1.webp?fit=1600%2C1600&ssl=1\",\"width\":1600,\"height\":1600},{\"@type\":\"BreadcrumbList\",\"@id\":\"https:\/\/inti.hr\/sr\/proizvod\/kolica-za-pranje-rublja-300-l\/#breadcrumb\",\"itemListElement\":[{\"@type\":\"ListItem\",\"position\":1,\"name\":\"Po\u010detna stranica\",\"item\":\"https:\/\/inti.hr\/sr\/\"},{\"@type\":\"ListItem\",\"position\":2,\"name\":\"Prodavnica\",\"item\":\"https:\/\/inti.hr\/sr\/prodavnica\/\"},{\"@type\":\"ListItem\",\"position\":3,\"name\":\"Kolica za pranje rublja &#8211; 300 l\"}]},{\"@type\":\"WebSite\",\"@id\":\"https:\/\/inti.hr\/sr\/#website\",\"url\":\"https:\/\/inti.hr\/sr\/\",\"name\":\"Inti\",\"description\":\"trgovina\",\"potentialAction\":[{\"@type\":\"SearchAction\",\"target\":{\"@type\":\"EntryPoint\",\"urlTemplate\":\"https:\/\/inti.hr\/sr\/?s={search_term_string}\"},\"query-input\":{\"@type\":\"PropertyValueSpecification\",\"valueRequired\":true,\"valueName\":\"search_term_string\"}}],\"inLanguage\":\"sr-RS\"}]}<\/script>\n<!-- \/ Yoast SEO plugin. -->","yoast_head_json":{"title":"Kolica za pranje rublja - 300 l - Inti","description":"Prostrana \u2013 300 L kapacitet za pranje rubljaRobusna \u2013 uklonjiva torba izra\u0111ena od otpornog na trganje {{bag_material_1075_temp}} i okvir izra\u0111en od izdr\u017eljivog ne hr\u0111aju\u0107i \u010celikMobilni \u2013 4 kota\u010di\u0107i koji glatko rade za jednostavno manevriranjePrakti\u010dan \u2013 konusni oblik za jednostavno punjenje i manevriranje bez naporaNeklizaju\u0107a \u2013 torba savr\u0161eno pri\u010dvr\u0161\u0107ena s 10 kop\u010di","robots":{"index":"index","follow":"follow","max-snippet":"max-snippet:-1","max-image-preview":"max-image-preview:large","max-video-preview":"max-video-preview:-1"},"canonical":"https:\/\/inti.hr\/sr\/proizvod\/kolica-za-pranje-rublja-300-l\/","og_locale":"sr_RS","og_type":"article","og_title":"Kolica za pranje rublja - 300 l - Inti","og_description":"Prostrana \u2013 300 L kapacitet za pranje rubljaRobusna \u2013 uklonjiva torba izra\u0111ena od otpornog na trganje {{bag_material_1075_temp}} i okvir izra\u0111en od izdr\u017eljivog ne hr\u0111aju\u0107i \u010celikMobilni \u2013 4 kota\u010di\u0107i koji glatko rade za jednostavno manevriranjePrakti\u010dan \u2013 konusni oblik za jednostavno punjenje i manevriranje bez naporaNeklizaju\u0107a \u2013 torba savr\u0161eno pri\u010dvr\u0161\u0107ena s 10 kop\u010di","og_url":"https:\/\/inti.hr\/sr\/proizvod\/kolica-za-pranje-rublja-300-l\/","og_site_name":"Inti","og_image":[{"width":1600,"height":1600,"url":"https:\/\/i0.wp.com\/inti.hr\/wp-content\/uploads\/2024\/02\/10012429_photo_1.webp?fit=1600%2C1600&ssl=1","type":"image\/webp"}],"twitter_card":"summary_large_image","twitter_misc":{"\u041f\u0440\u043e\u0446\u0435\u045a\u0435\u043d\u043e \u0432\u0440\u0435\u043c\u0435 \u0447\u0438\u0442\u0430\u045a\u0430":"2 \u043c\u0438\u043d\u0443\u0442\u0430"},"schema":{"@context":"https:\/\/schema.org","@graph":[{"@type":"WebPage","@id":"https:\/\/inti.hr\/sr\/proizvod\/kolica-za-pranje-rublja-300-l\/","url":"https:\/\/inti.hr\/sr\/proizvod\/kolica-za-pranje-rublja-300-l\/","name":"Kolica za pranje rublja - 300 l - Inti","isPartOf":{"@id":"https:\/\/inti.hr\/sr\/#website"},"primaryImageOfPage":{"@id":"https:\/\/inti.hr\/sr\/proizvod\/kolica-za-pranje-rublja-300-l\/#primaryimage"},"image":{"@id":"https:\/\/inti.hr\/sr\/proizvod\/kolica-za-pranje-rublja-300-l\/#primaryimage"},"thumbnailUrl":"https:\/\/i0.wp.com\/inti.hr\/wp-content\/uploads\/2024\/02\/10012429_photo_1.webp?fit=1600%2C1600&ssl=1","datePublished":"2024-02-07T13:12:48+00:00","dateModified":"2024-02-07T13:12:48+00:00","description":"Prostrana \u2013 300 L kapacitet za pranje rubljaRobusna \u2013 uklonjiva torba izra\u0111ena od otpornog na trganje {{bag_material_1075_temp}} i okvir izra\u0111en od izdr\u017eljivog ne hr\u0111aju\u0107i \u010celikMobilni \u2013 4 kota\u010di\u0107i koji glatko rade za jednostavno manevriranjePrakti\u010dan \u2013 konusni oblik za jednostavno punjenje i manevriranje bez naporaNeklizaju\u0107a \u2013 torba savr\u0161eno pri\u010dvr\u0161\u0107ena s 10 kop\u010di","breadcrumb":{"@id":"https:\/\/inti.hr\/sr\/proizvod\/kolica-za-pranje-rublja-300-l\/#breadcrumb"},"inLanguage":"sr-RS","potentialAction":[{"@type":"ReadAction","target":["https:\/\/inti.hr\/sr\/proizvod\/kolica-za-pranje-rublja-300-l\/"]}]},{"@type":"ImageObject","inLanguage":"sr-RS","@id":"https:\/\/inti.hr\/sr\/proizvod\/kolica-za-pranje-rublja-300-l\/#primaryimage","url":"https:\/\/i0.wp.com\/inti.hr\/wp-content\/uploads\/2024\/02\/10012429_photo_1.webp?fit=1600%2C1600&ssl=1","contentUrl":"https:\/\/i0.wp.com\/inti.hr\/wp-content\/uploads\/2024\/02\/10012429_photo_1.webp?fit=1600%2C1600&ssl=1","width":1600,"height":1600},{"@type":"BreadcrumbList","@id":"https:\/\/inti.hr\/sr\/proizvod\/kolica-za-pranje-rublja-300-l\/#breadcrumb","itemListElement":[{"@type":"ListItem","position":1,"name":"Po\u010detna stranica","item":"https:\/\/inti.hr\/sr\/"},{"@type":"ListItem","position":2,"name":"Prodavnica","item":"https:\/\/inti.hr\/sr\/prodavnica\/"},{"@type":"ListItem","position":3,"name":"Kolica za pranje rublja &#8211; 300 l"}]},{"@type":"WebSite","@id":"https:\/\/inti.hr\/sr\/#website","url":"https:\/\/inti.hr\/sr\/","name":"Inti","description":"trgovina","potentialAction":[{"@type":"SearchAction","target":{"@type":"EntryPoint","urlTemplate":"https:\/\/inti.hr\/sr\/?s={search_term_string}"},"query-input":{"@type":"PropertyValueSpecification","valueRequired":true,"valueName":"search_term_string"}}],"inLanguage":"sr-RS"}]}},"jetpack_sharing_enabled":true,"jetpack-related-posts":[],"_links":{"self":[{"href":"https:\/\/inti.hr\/sr\/wp-json\/wp\/v2\/product\/32753"}],"collection":[{"href":"https:\/\/inti.hr\/sr\/wp-json\/wp\/v2\/product"}],"about":[{"href":"https:\/\/inti.hr\/sr\/wp-json\/wp\/v2\/types\/product"}],"wp:featuredmedia":[{"embeddable":true,"href":"https:\/\/inti.hr\/sr\/wp-json\/wp\/v2\/media\/32754"}],"wp:attachment":[{"href":"https:\/\/inti.hr\/sr\/wp-json\/wp\/v2\/media?parent=32753"}],"wp:term":[{"taxonomy":"product_cat","embeddable":true,"href":"https:\/\/inti.hr\/sr\/wp-json\/wp\/v2\/product_cat?post=32753"},{"taxonomy":"product_tag","embeddable":true,"href":"https:\/\/inti.hr\/sr\/wp-json\/wp\/v2\/product_tag?post=32753"}],"curies":[{"name":"wp","href":"https:\/\/api.w.org\/{rel}","templated":true}]}}