{"id":32765,"date":"2024-02-07T13:53:36","date_gmt":"2024-02-07T12:53:36","guid":{"rendered":"https:\/\/inti.hr\/product\/hotelsko-susilo-za-kosu-700-w\/"},"modified":"2024-02-07T13:53:36","modified_gmt":"2024-02-07T12:53:36","slug":"hotelsko-susilo-za-kosu-700-w","status":"publish","type":"product","link":"https:\/\/inti.hr\/sr\/proizvod\/hotelsko-susilo-za-kosu-700-w\/","title":{"rendered":"Hotelsko su\u0161ilo za kosu &#8211; 700 W"},"content":{"rendered":"<p>Detalji proizvoda:<\/p>\n<p class=\"product-description__text\" data-v-29c780c7=\"\">Hotelsko su\u0161ilo za kosu radi potpuno automatski: Za razliku od mnogih sli\u010dnih ure\u0111aja, ovom su\u0161ilu za kosu nije potreban prekida\u010d za uklju\u010divanje\/isklju\u010divanje. \u010cim skinete su\u0161ilo za kosu s ovjesa, po\u010dinje vru\u0107i zrak. Su\u0161ilo za kosu se mo\u017ee koristiti odmah. Nakon kori\u0161tenja su\u0161ila za kosu, mo\u017ee se sigurno ponovno pri\u010dvrstiti na ovjes i automatski se isklju\u010duje.<\/p>\n<p class=\"product-description__text\" data-v-29c780c7=\"\">Njegov ekolo\u0161ki prihvatljiv ECO motor ima snagu od 700 W i zagrijava izlazni zrak do 54 \u00b0C. Ima ugodnu brzinu zraka od 13 m\/s. Temperatura zraka i brzina savr\u0161ene su za su\u0161enje kose bez o\u0161te\u0107enja ili zapetljavanja. Omjer izme\u0111u potrebne energije i postignutog u\u010dinka zna\u010di da je ovo su\u0161ilo za kosu iznimno mo\u0107an kupaonski dodatak.<\/p>\n<p class=\"product-description__text\" data-v-29c780c7=\"\">Koli\u010dinu zraka mo\u017eete podesiti sami: Na prednjoj strani su\u0161ilice ugra\u0111en je gumb koji vam omogu\u0107uje neprimjetno pove\u0107anje ili smanjenje zraka prema va\u0161im potrebama. Mo\u017eete ga prilagoditi vla\u017enosti va\u0161e kose i njenom stanju.<\/p>\n<p class=\"product-description__text\" data-v-29c780c7=\"\">Crijevo za zrak dugo 170 cm omogu\u0107uje udobno su\u0161enje \u010dak i duge kose. Crijevo je fleksibilno i lako se mo\u017ee voditi rukom. To vam omogu\u0107uje su\u0161enje kose s lako\u0107om, bez centrifuge ili preblizu ure\u0111aja. To omogu\u0107uje vrlo jednostavno i u\u010dinkovito su\u0161enje.<\/p>\n<p class=\"product-description__text\" data-v-29c780c7=\"\">Hotelsko su\u0161ilo za kosu ima posebno visok sigurnosni standard za\u0161tite IPX4. To zna\u010di da \u010dak ni prskanje vode ne o\u0161te\u0107uje ure\u0111aj. Osim toga, su\u0161ilica je opremljena posebnom toplinskom za\u0161titom, koja isklju\u010duje ure\u0111aj u slu\u010daju pregrijavanja.<\/p>\n<p class=\"product-description__text\" data-v-29c780c7=\"\">Fen ima i napajanje za britvice. Ure\u0111aj ima i ameri\u010dku uti\u010dnicu tipa A i europsku uti\u010dnicu tipa C. Stoga je univerzalni kupaonski dodatak za oba spola.<\/p>\n<p data-v-29c780c7=\"\">Snaga [W]: 700, Dimenzije izlaza [mm]: 65 X 20, Temperatura zraka [\u00b0C]: 54 \u00b0C,\u00a0 Brzina zraka [m\/s]: 13,<\/p>\n","protected":false},"excerpt":{"rendered":"<p>Svestrana upotreba &#8211; s utorom za britvu<br \/>\nDugo i fleksibilno crijevo za &#8230; <\/p>\n","protected":false},"featured_media":32766,"template":"","meta":[],"product_cat":[3467],"product_tag":[3468,3477],"yoast_head":"<!-- This site is optimized with the Yoast SEO plugin v23.7 - https:\/\/yoast.com\/wordpress\/plugins\/seo\/ -->\n<title>Hotelsko su\u0161ilo za kosu - 700 W - Inti<\/title>\n<meta name=\"description\" content=\"Svestrana upotreba - s utorom za britvuDugo i fleksibilno crijevo za zrak, do 1,7 mAutomatsko uklju\u010divanje\/isklju\u010divanjeEkolo\u0161ki prihvatljiv ECO motor snage 700 WVisoki sigurnosni standard IPX4\" \/>\n<meta name=\"robots\" content=\"index, follow, max-snippet:-1, max-image-preview:large, max-video-preview:-1\" \/>\n<link rel=\"canonical\" href=\"https:\/\/inti.hr\/sr\/proizvod\/hotelsko-susilo-za-kosu-700-w\/\" \/>\n<meta property=\"og:locale\" content=\"sr_RS\" \/>\n<meta property=\"og:type\" content=\"article\" \/>\n<meta property=\"og:title\" content=\"Hotelsko su\u0161ilo za kosu - 700 W - Inti\" \/>\n<meta property=\"og:description\" content=\"Svestrana upotreba - s utorom za britvuDugo i fleksibilno crijevo za zrak, do 1,7 mAutomatsko uklju\u010divanje\/isklju\u010divanjeEkolo\u0161ki prihvatljiv ECO motor snage 700 WVisoki sigurnosni standard IPX4\" \/>\n<meta property=\"og:url\" content=\"https:\/\/inti.hr\/sr\/proizvod\/hotelsko-susilo-za-kosu-700-w\/\" \/>\n<meta property=\"og:site_name\" content=\"Inti\" \/>\n<meta property=\"og:image\" content=\"https:\/\/i0.wp.com\/inti.hr\/wp-content\/uploads\/2024\/02\/10040161_photo_1.webp?fit=1600%2C1600&ssl=1\" \/>\n\t<meta property=\"og:image:width\" content=\"1600\" \/>\n\t<meta property=\"og:image:height\" content=\"1600\" \/>\n\t<meta property=\"og:image:type\" content=\"image\/webp\" \/>\n<meta name=\"twitter:card\" content=\"summary_large_image\" \/>\n<meta name=\"twitter:label1\" content=\"\u041f\u0440\u043e\u0446\u0435\u045a\u0435\u043d\u043e \u0432\u0440\u0435\u043c\u0435 \u0447\u0438\u0442\u0430\u045a\u0430\" \/>\n\t<meta name=\"twitter:data1\" content=\"2 \u043c\u0438\u043d\u0443\u0442\u0430\" \/>\n<script type=\"application\/ld+json\" class=\"yoast-schema-graph\">{\"@context\":\"https:\/\/schema.org\",\"@graph\":[{\"@type\":\"WebPage\",\"@id\":\"https:\/\/inti.hr\/sr\/proizvod\/hotelsko-susilo-za-kosu-700-w\/\",\"url\":\"https:\/\/inti.hr\/sr\/proizvod\/hotelsko-susilo-za-kosu-700-w\/\",\"name\":\"Hotelsko su\u0161ilo za kosu - 700 W - Inti\",\"isPartOf\":{\"@id\":\"https:\/\/inti.hr\/sr\/#website\"},\"primaryImageOfPage\":{\"@id\":\"https:\/\/inti.hr\/sr\/proizvod\/hotelsko-susilo-za-kosu-700-w\/#primaryimage\"},\"image\":{\"@id\":\"https:\/\/inti.hr\/sr\/proizvod\/hotelsko-susilo-za-kosu-700-w\/#primaryimage\"},\"thumbnailUrl\":\"https:\/\/i0.wp.com\/inti.hr\/wp-content\/uploads\/2024\/02\/10040161_photo_1.webp?fit=1600%2C1600&ssl=1\",\"datePublished\":\"2024-02-07T12:53:36+00:00\",\"dateModified\":\"2024-02-07T12:53:36+00:00\",\"description\":\"Svestrana upotreba - s utorom za britvuDugo i fleksibilno crijevo za zrak, do 1,7 mAutomatsko uklju\u010divanje\/isklju\u010divanjeEkolo\u0161ki prihvatljiv ECO motor snage 700 WVisoki sigurnosni standard IPX4\",\"breadcrumb\":{\"@id\":\"https:\/\/inti.hr\/sr\/proizvod\/hotelsko-susilo-za-kosu-700-w\/#breadcrumb\"},\"inLanguage\":\"sr-RS\",\"potentialAction\":[{\"@type\":\"ReadAction\",\"target\":[\"https:\/\/inti.hr\/sr\/proizvod\/hotelsko-susilo-za-kosu-700-w\/\"]}]},{\"@type\":\"ImageObject\",\"inLanguage\":\"sr-RS\",\"@id\":\"https:\/\/inti.hr\/sr\/proizvod\/hotelsko-susilo-za-kosu-700-w\/#primaryimage\",\"url\":\"https:\/\/i0.wp.com\/inti.hr\/wp-content\/uploads\/2024\/02\/10040161_photo_1.webp?fit=1600%2C1600&ssl=1\",\"contentUrl\":\"https:\/\/i0.wp.com\/inti.hr\/wp-content\/uploads\/2024\/02\/10040161_photo_1.webp?fit=1600%2C1600&ssl=1\",\"width\":1600,\"height\":1600},{\"@type\":\"BreadcrumbList\",\"@id\":\"https:\/\/inti.hr\/sr\/proizvod\/hotelsko-susilo-za-kosu-700-w\/#breadcrumb\",\"itemListElement\":[{\"@type\":\"ListItem\",\"position\":1,\"name\":\"Po\u010detna stranica\",\"item\":\"https:\/\/inti.hr\/sr\/\"},{\"@type\":\"ListItem\",\"position\":2,\"name\":\"Prodavnica\",\"item\":\"https:\/\/inti.hr\/sr\/prodavnica\/\"},{\"@type\":\"ListItem\",\"position\":3,\"name\":\"Hotelsko su\u0161ilo za kosu &#8211; 700 W\"}]},{\"@type\":\"WebSite\",\"@id\":\"https:\/\/inti.hr\/sr\/#website\",\"url\":\"https:\/\/inti.hr\/sr\/\",\"name\":\"Inti\",\"description\":\"trgovina\",\"potentialAction\":[{\"@type\":\"SearchAction\",\"target\":{\"@type\":\"EntryPoint\",\"urlTemplate\":\"https:\/\/inti.hr\/sr\/?s={search_term_string}\"},\"query-input\":{\"@type\":\"PropertyValueSpecification\",\"valueRequired\":true,\"valueName\":\"search_term_string\"}}],\"inLanguage\":\"sr-RS\"}]}<\/script>\n<!-- \/ Yoast SEO plugin. -->","yoast_head_json":{"title":"Hotelsko su\u0161ilo za kosu - 700 W - Inti","description":"Svestrana upotreba - s utorom za britvuDugo i fleksibilno crijevo za zrak, do 1,7 mAutomatsko uklju\u010divanje\/isklju\u010divanjeEkolo\u0161ki prihvatljiv ECO motor snage 700 WVisoki sigurnosni standard IPX4","robots":{"index":"index","follow":"follow","max-snippet":"max-snippet:-1","max-image-preview":"max-image-preview:large","max-video-preview":"max-video-preview:-1"},"canonical":"https:\/\/inti.hr\/sr\/proizvod\/hotelsko-susilo-za-kosu-700-w\/","og_locale":"sr_RS","og_type":"article","og_title":"Hotelsko su\u0161ilo za kosu - 700 W - Inti","og_description":"Svestrana upotreba - s utorom za britvuDugo i fleksibilno crijevo za zrak, do 1,7 mAutomatsko uklju\u010divanje\/isklju\u010divanjeEkolo\u0161ki prihvatljiv ECO motor snage 700 WVisoki sigurnosni standard IPX4","og_url":"https:\/\/inti.hr\/sr\/proizvod\/hotelsko-susilo-za-kosu-700-w\/","og_site_name":"Inti","og_image":[{"width":1600,"height":1600,"url":"https:\/\/i0.wp.com\/inti.hr\/wp-content\/uploads\/2024\/02\/10040161_photo_1.webp?fit=1600%2C1600&ssl=1","type":"image\/webp"}],"twitter_card":"summary_large_image","twitter_misc":{"\u041f\u0440\u043e\u0446\u0435\u045a\u0435\u043d\u043e \u0432\u0440\u0435\u043c\u0435 \u0447\u0438\u0442\u0430\u045a\u0430":"2 \u043c\u0438\u043d\u0443\u0442\u0430"},"schema":{"@context":"https:\/\/schema.org","@graph":[{"@type":"WebPage","@id":"https:\/\/inti.hr\/sr\/proizvod\/hotelsko-susilo-za-kosu-700-w\/","url":"https:\/\/inti.hr\/sr\/proizvod\/hotelsko-susilo-za-kosu-700-w\/","name":"Hotelsko su\u0161ilo za kosu - 700 W - Inti","isPartOf":{"@id":"https:\/\/inti.hr\/sr\/#website"},"primaryImageOfPage":{"@id":"https:\/\/inti.hr\/sr\/proizvod\/hotelsko-susilo-za-kosu-700-w\/#primaryimage"},"image":{"@id":"https:\/\/inti.hr\/sr\/proizvod\/hotelsko-susilo-za-kosu-700-w\/#primaryimage"},"thumbnailUrl":"https:\/\/i0.wp.com\/inti.hr\/wp-content\/uploads\/2024\/02\/10040161_photo_1.webp?fit=1600%2C1600&ssl=1","datePublished":"2024-02-07T12:53:36+00:00","dateModified":"2024-02-07T12:53:36+00:00","description":"Svestrana upotreba - s utorom za britvuDugo i fleksibilno crijevo za zrak, do 1,7 mAutomatsko uklju\u010divanje\/isklju\u010divanjeEkolo\u0161ki prihvatljiv ECO motor snage 700 WVisoki sigurnosni standard IPX4","breadcrumb":{"@id":"https:\/\/inti.hr\/sr\/proizvod\/hotelsko-susilo-za-kosu-700-w\/#breadcrumb"},"inLanguage":"sr-RS","potentialAction":[{"@type":"ReadAction","target":["https:\/\/inti.hr\/sr\/proizvod\/hotelsko-susilo-za-kosu-700-w\/"]}]},{"@type":"ImageObject","inLanguage":"sr-RS","@id":"https:\/\/inti.hr\/sr\/proizvod\/hotelsko-susilo-za-kosu-700-w\/#primaryimage","url":"https:\/\/i0.wp.com\/inti.hr\/wp-content\/uploads\/2024\/02\/10040161_photo_1.webp?fit=1600%2C1600&ssl=1","contentUrl":"https:\/\/i0.wp.com\/inti.hr\/wp-content\/uploads\/2024\/02\/10040161_photo_1.webp?fit=1600%2C1600&ssl=1","width":1600,"height":1600},{"@type":"BreadcrumbList","@id":"https:\/\/inti.hr\/sr\/proizvod\/hotelsko-susilo-za-kosu-700-w\/#breadcrumb","itemListElement":[{"@type":"ListItem","position":1,"name":"Po\u010detna stranica","item":"https:\/\/inti.hr\/sr\/"},{"@type":"ListItem","position":2,"name":"Prodavnica","item":"https:\/\/inti.hr\/sr\/prodavnica\/"},{"@type":"ListItem","position":3,"name":"Hotelsko su\u0161ilo za kosu &#8211; 700 W"}]},{"@type":"WebSite","@id":"https:\/\/inti.hr\/sr\/#website","url":"https:\/\/inti.hr\/sr\/","name":"Inti","description":"trgovina","potentialAction":[{"@type":"SearchAction","target":{"@type":"EntryPoint","urlTemplate":"https:\/\/inti.hr\/sr\/?s={search_term_string}"},"query-input":{"@type":"PropertyValueSpecification","valueRequired":true,"valueName":"search_term_string"}}],"inLanguage":"sr-RS"}]}},"jetpack_sharing_enabled":true,"jetpack-related-posts":[],"_links":{"self":[{"href":"https:\/\/inti.hr\/sr\/wp-json\/wp\/v2\/product\/32765"}],"collection":[{"href":"https:\/\/inti.hr\/sr\/wp-json\/wp\/v2\/product"}],"about":[{"href":"https:\/\/inti.hr\/sr\/wp-json\/wp\/v2\/types\/product"}],"wp:featuredmedia":[{"embeddable":true,"href":"https:\/\/inti.hr\/sr\/wp-json\/wp\/v2\/media\/32766"}],"wp:attachment":[{"href":"https:\/\/inti.hr\/sr\/wp-json\/wp\/v2\/media?parent=32765"}],"wp:term":[{"taxonomy":"product_cat","embeddable":true,"href":"https:\/\/inti.hr\/sr\/wp-json\/wp\/v2\/product_cat?post=32765"},{"taxonomy":"product_tag","embeddable":true,"href":"https:\/\/inti.hr\/sr\/wp-json\/wp\/v2\/product_tag?post=32765"}],"curies":[{"name":"wp","href":"https:\/\/api.w.org\/{rel}","templated":true}]}}