{"id":32777,"date":"2024-02-07T12:27:59","date_gmt":"2024-02-07T11:27:59","guid":{"rendered":"https:\/\/inti.hr\/product\/stolice-set-od-5\/"},"modified":"2024-02-07T12:27:59","modified_gmt":"2024-02-07T11:27:59","slug":"stolice-set-od-5","status":"publish","type":"product","link":"https:\/\/inti.hr\/sr\/proizvod\/stolice-set-od-5\/","title":{"rendered":"Stolice &#8211; set od 5"},"content":{"rendered":"<p>Detalji proizvoda:<\/p>\n<p>Kuhinjska stolica suzdr\u017eane Black i izra\u0111ena od otpornog Plastika (PP) ima iznimno veliku povr\u0161inu sjedala od 430x430x440 mm. Naslon i sjedalo sastoje se od kontinuirane perforirane mre\u017ee, \u0161to ga \u010dini posebno prozra\u010dnim i stoga mnogo udobnijim za sjedenje, posebno ljeti. Svaki od pet stolaca mo\u017ee izdr\u017eati do 150 kg i ne\u0107e \u0161kripati \u010dak ni pod najve\u0107im optere\u0107enjem. Blagovaonska stolica ergonomskog oblika s visokim naslonom poziva vas da se neko vrijeme zadr\u017eite \u2013 bilo u elegantnom kafi\u0107u ili u sobi za odmor.<\/p>\n<p>\u010cvrst okvir s \u010detiri noge osigurava da plasti\u010dna stolica uvijek stoji sigurno. Plasti\u010dni \u010depovi na \u010detiri noge \u010celik (crno presvu\u010den)hr \u0161tite povr\u0161inu poda i sprje\u010davaju dosadne ogrebotine. Upotrijebljeni materijali, uklju\u010duju\u0107i Plastika (PP) i \u010celik (crno presvu\u010den), ne samo da su vrlo robusni i izdr\u017eljivi, nego su i vrlo jednostavni za odr\u017eavanje. Odaberite ovu bezvremensku i elegantnu lijevanu plasti\u010dnu stolicu i unaprijedite svoj dekor!<\/p>\n<p>Materijal sjedala: plastika (PP)<\/p>\n<p>Min. visina sjedenja [cm]: 44<\/p>\n<p>Dimenzije sjedala [mm]: 430x430x440<\/p>\n","protected":false},"excerpt":{"rendered":"<p>Otporna \u2013 \u010dvrsta konstrukcija mo\u017ee izdr\u017eati do 150 kg<br \/>\nUniverzalna \u2013 savr\u0161ena &#8230; <\/p>\n","protected":false},"featured_media":32778,"template":"","meta":[],"product_cat":[3467],"product_tag":[3468,3481],"yoast_head":"<!-- This site is optimized with the Yoast SEO plugin v23.7 - https:\/\/yoast.com\/wordpress\/plugins\/seo\/ -->\n<title>Stolice - set od 5 - Inti<\/title>\n<meta name=\"description\" content=\"Otporna \u2013 \u010dvrsta konstrukcija mo\u017ee izdr\u017eati do 150 kgUniverzalna \u2013 savr\u0161ena stolica za kafi\u0107e, \u010dekaonice, urede ili domUdobna \u2013 ergonomska stolica sa sjedi\u0161tem od 430x430x440 cm za udobno sjedenjeJednostavno odr\u017eavanje \u2013 materijali koji se lako \u010diste kao \u0161to su Plastika (PP) i \u010celik (crno presvu\u010den)Moderan \u2013 elegantan i bezvremenski dizajn\" \/>\n<meta name=\"robots\" content=\"index, follow, max-snippet:-1, max-image-preview:large, max-video-preview:-1\" \/>\n<link rel=\"canonical\" href=\"https:\/\/inti.hr\/sr\/proizvod\/stolice-set-od-5\/\" \/>\n<meta property=\"og:locale\" content=\"sr_RS\" \/>\n<meta property=\"og:type\" content=\"article\" \/>\n<meta property=\"og:title\" content=\"Stolice - set od 5 - Inti\" \/>\n<meta property=\"og:description\" content=\"Otporna \u2013 \u010dvrsta konstrukcija mo\u017ee izdr\u017eati do 150 kgUniverzalna \u2013 savr\u0161ena stolica za kafi\u0107e, \u010dekaonice, urede ili domUdobna \u2013 ergonomska stolica sa sjedi\u0161tem od 430x430x440 cm za udobno sjedenjeJednostavno odr\u017eavanje \u2013 materijali koji se lako \u010diste kao \u0161to su Plastika (PP) i \u010celik (crno presvu\u010den)Moderan \u2013 elegantan i bezvremenski dizajn\" \/>\n<meta property=\"og:url\" content=\"https:\/\/inti.hr\/sr\/proizvod\/stolice-set-od-5\/\" \/>\n<meta property=\"og:site_name\" content=\"Inti\" \/>\n<meta property=\"og:image\" content=\"https:\/\/i0.wp.com\/inti.hr\/wp-content\/uploads\/2024\/02\/10260323_photo_1.webp?fit=1600%2C1600&ssl=1\" \/>\n\t<meta property=\"og:image:width\" content=\"1600\" \/>\n\t<meta property=\"og:image:height\" content=\"1600\" \/>\n\t<meta property=\"og:image:type\" content=\"image\/webp\" \/>\n<meta name=\"twitter:card\" content=\"summary_large_image\" \/>\n<meta name=\"twitter:label1\" content=\"\u041f\u0440\u043e\u0446\u0435\u045a\u0435\u043d\u043e \u0432\u0440\u0435\u043c\u0435 \u0447\u0438\u0442\u0430\u045a\u0430\" \/>\n\t<meta name=\"twitter:data1\" content=\"1 \u043c\u0438\u043d\u0443\u0442\" \/>\n<script type=\"application\/ld+json\" class=\"yoast-schema-graph\">{\"@context\":\"https:\/\/schema.org\",\"@graph\":[{\"@type\":\"WebPage\",\"@id\":\"https:\/\/inti.hr\/sr\/proizvod\/stolice-set-od-5\/\",\"url\":\"https:\/\/inti.hr\/sr\/proizvod\/stolice-set-od-5\/\",\"name\":\"Stolice - set od 5 - Inti\",\"isPartOf\":{\"@id\":\"https:\/\/inti.hr\/sr\/#website\"},\"primaryImageOfPage\":{\"@id\":\"https:\/\/inti.hr\/sr\/proizvod\/stolice-set-od-5\/#primaryimage\"},\"image\":{\"@id\":\"https:\/\/inti.hr\/sr\/proizvod\/stolice-set-od-5\/#primaryimage\"},\"thumbnailUrl\":\"https:\/\/i0.wp.com\/inti.hr\/wp-content\/uploads\/2024\/02\/10260323_photo_1.webp?fit=1600%2C1600&ssl=1\",\"datePublished\":\"2024-02-07T11:27:59+00:00\",\"dateModified\":\"2024-02-07T11:27:59+00:00\",\"description\":\"Otporna \u2013 \u010dvrsta konstrukcija mo\u017ee izdr\u017eati do 150 kgUniverzalna \u2013 savr\u0161ena stolica za kafi\u0107e, \u010dekaonice, urede ili domUdobna \u2013 ergonomska stolica sa sjedi\u0161tem od 430x430x440 cm za udobno sjedenjeJednostavno odr\u017eavanje \u2013 materijali koji se lako \u010diste kao \u0161to su Plastika (PP) i \u010celik (crno presvu\u010den)Moderan \u2013 elegantan i bezvremenski dizajn\",\"breadcrumb\":{\"@id\":\"https:\/\/inti.hr\/sr\/proizvod\/stolice-set-od-5\/#breadcrumb\"},\"inLanguage\":\"sr-RS\",\"potentialAction\":[{\"@type\":\"ReadAction\",\"target\":[\"https:\/\/inti.hr\/sr\/proizvod\/stolice-set-od-5\/\"]}]},{\"@type\":\"ImageObject\",\"inLanguage\":\"sr-RS\",\"@id\":\"https:\/\/inti.hr\/sr\/proizvod\/stolice-set-od-5\/#primaryimage\",\"url\":\"https:\/\/i0.wp.com\/inti.hr\/wp-content\/uploads\/2024\/02\/10260323_photo_1.webp?fit=1600%2C1600&ssl=1\",\"contentUrl\":\"https:\/\/i0.wp.com\/inti.hr\/wp-content\/uploads\/2024\/02\/10260323_photo_1.webp?fit=1600%2C1600&ssl=1\",\"width\":1600,\"height\":1600},{\"@type\":\"BreadcrumbList\",\"@id\":\"https:\/\/inti.hr\/sr\/proizvod\/stolice-set-od-5\/#breadcrumb\",\"itemListElement\":[{\"@type\":\"ListItem\",\"position\":1,\"name\":\"Po\u010detna stranica\",\"item\":\"https:\/\/inti.hr\/sr\/\"},{\"@type\":\"ListItem\",\"position\":2,\"name\":\"Prodavnica\",\"item\":\"https:\/\/inti.hr\/sr\/prodavnica\/\"},{\"@type\":\"ListItem\",\"position\":3,\"name\":\"Stolice &#8211; set od 5\"}]},{\"@type\":\"WebSite\",\"@id\":\"https:\/\/inti.hr\/sr\/#website\",\"url\":\"https:\/\/inti.hr\/sr\/\",\"name\":\"Inti\",\"description\":\"trgovina\",\"potentialAction\":[{\"@type\":\"SearchAction\",\"target\":{\"@type\":\"EntryPoint\",\"urlTemplate\":\"https:\/\/inti.hr\/sr\/?s={search_term_string}\"},\"query-input\":{\"@type\":\"PropertyValueSpecification\",\"valueRequired\":true,\"valueName\":\"search_term_string\"}}],\"inLanguage\":\"sr-RS\"}]}<\/script>\n<!-- \/ Yoast SEO plugin. -->","yoast_head_json":{"title":"Stolice - set od 5 - Inti","description":"Otporna \u2013 \u010dvrsta konstrukcija mo\u017ee izdr\u017eati do 150 kgUniverzalna \u2013 savr\u0161ena stolica za kafi\u0107e, \u010dekaonice, urede ili domUdobna \u2013 ergonomska stolica sa sjedi\u0161tem od 430x430x440 cm za udobno sjedenjeJednostavno odr\u017eavanje \u2013 materijali koji se lako \u010diste kao \u0161to su Plastika (PP) i \u010celik (crno presvu\u010den)Moderan \u2013 elegantan i bezvremenski dizajn","robots":{"index":"index","follow":"follow","max-snippet":"max-snippet:-1","max-image-preview":"max-image-preview:large","max-video-preview":"max-video-preview:-1"},"canonical":"https:\/\/inti.hr\/sr\/proizvod\/stolice-set-od-5\/","og_locale":"sr_RS","og_type":"article","og_title":"Stolice - set od 5 - Inti","og_description":"Otporna \u2013 \u010dvrsta konstrukcija mo\u017ee izdr\u017eati do 150 kgUniverzalna \u2013 savr\u0161ena stolica za kafi\u0107e, \u010dekaonice, urede ili domUdobna \u2013 ergonomska stolica sa sjedi\u0161tem od 430x430x440 cm za udobno sjedenjeJednostavno odr\u017eavanje \u2013 materijali koji se lako \u010diste kao \u0161to su Plastika (PP) i \u010celik (crno presvu\u010den)Moderan \u2013 elegantan i bezvremenski dizajn","og_url":"https:\/\/inti.hr\/sr\/proizvod\/stolice-set-od-5\/","og_site_name":"Inti","og_image":[{"width":1600,"height":1600,"url":"https:\/\/i0.wp.com\/inti.hr\/wp-content\/uploads\/2024\/02\/10260323_photo_1.webp?fit=1600%2C1600&ssl=1","type":"image\/webp"}],"twitter_card":"summary_large_image","twitter_misc":{"\u041f\u0440\u043e\u0446\u0435\u045a\u0435\u043d\u043e \u0432\u0440\u0435\u043c\u0435 \u0447\u0438\u0442\u0430\u045a\u0430":"1 \u043c\u0438\u043d\u0443\u0442"},"schema":{"@context":"https:\/\/schema.org","@graph":[{"@type":"WebPage","@id":"https:\/\/inti.hr\/sr\/proizvod\/stolice-set-od-5\/","url":"https:\/\/inti.hr\/sr\/proizvod\/stolice-set-od-5\/","name":"Stolice - set od 5 - Inti","isPartOf":{"@id":"https:\/\/inti.hr\/sr\/#website"},"primaryImageOfPage":{"@id":"https:\/\/inti.hr\/sr\/proizvod\/stolice-set-od-5\/#primaryimage"},"image":{"@id":"https:\/\/inti.hr\/sr\/proizvod\/stolice-set-od-5\/#primaryimage"},"thumbnailUrl":"https:\/\/i0.wp.com\/inti.hr\/wp-content\/uploads\/2024\/02\/10260323_photo_1.webp?fit=1600%2C1600&ssl=1","datePublished":"2024-02-07T11:27:59+00:00","dateModified":"2024-02-07T11:27:59+00:00","description":"Otporna \u2013 \u010dvrsta konstrukcija mo\u017ee izdr\u017eati do 150 kgUniverzalna \u2013 savr\u0161ena stolica za kafi\u0107e, \u010dekaonice, urede ili domUdobna \u2013 ergonomska stolica sa sjedi\u0161tem od 430x430x440 cm za udobno sjedenjeJednostavno odr\u017eavanje \u2013 materijali koji se lako \u010diste kao \u0161to su Plastika (PP) i \u010celik (crno presvu\u010den)Moderan \u2013 elegantan i bezvremenski dizajn","breadcrumb":{"@id":"https:\/\/inti.hr\/sr\/proizvod\/stolice-set-od-5\/#breadcrumb"},"inLanguage":"sr-RS","potentialAction":[{"@type":"ReadAction","target":["https:\/\/inti.hr\/sr\/proizvod\/stolice-set-od-5\/"]}]},{"@type":"ImageObject","inLanguage":"sr-RS","@id":"https:\/\/inti.hr\/sr\/proizvod\/stolice-set-od-5\/#primaryimage","url":"https:\/\/i0.wp.com\/inti.hr\/wp-content\/uploads\/2024\/02\/10260323_photo_1.webp?fit=1600%2C1600&ssl=1","contentUrl":"https:\/\/i0.wp.com\/inti.hr\/wp-content\/uploads\/2024\/02\/10260323_photo_1.webp?fit=1600%2C1600&ssl=1","width":1600,"height":1600},{"@type":"BreadcrumbList","@id":"https:\/\/inti.hr\/sr\/proizvod\/stolice-set-od-5\/#breadcrumb","itemListElement":[{"@type":"ListItem","position":1,"name":"Po\u010detna stranica","item":"https:\/\/inti.hr\/sr\/"},{"@type":"ListItem","position":2,"name":"Prodavnica","item":"https:\/\/inti.hr\/sr\/prodavnica\/"},{"@type":"ListItem","position":3,"name":"Stolice &#8211; set od 5"}]},{"@type":"WebSite","@id":"https:\/\/inti.hr\/sr\/#website","url":"https:\/\/inti.hr\/sr\/","name":"Inti","description":"trgovina","potentialAction":[{"@type":"SearchAction","target":{"@type":"EntryPoint","urlTemplate":"https:\/\/inti.hr\/sr\/?s={search_term_string}"},"query-input":{"@type":"PropertyValueSpecification","valueRequired":true,"valueName":"search_term_string"}}],"inLanguage":"sr-RS"}]}},"jetpack_sharing_enabled":true,"jetpack-related-posts":[],"_links":{"self":[{"href":"https:\/\/inti.hr\/sr\/wp-json\/wp\/v2\/product\/32777"}],"collection":[{"href":"https:\/\/inti.hr\/sr\/wp-json\/wp\/v2\/product"}],"about":[{"href":"https:\/\/inti.hr\/sr\/wp-json\/wp\/v2\/types\/product"}],"wp:featuredmedia":[{"embeddable":true,"href":"https:\/\/inti.hr\/sr\/wp-json\/wp\/v2\/media\/32778"}],"wp:attachment":[{"href":"https:\/\/inti.hr\/sr\/wp-json\/wp\/v2\/media?parent=32777"}],"wp:term":[{"taxonomy":"product_cat","embeddable":true,"href":"https:\/\/inti.hr\/sr\/wp-json\/wp\/v2\/product_cat?post=32777"},{"taxonomy":"product_tag","embeddable":true,"href":"https:\/\/inti.hr\/sr\/wp-json\/wp\/v2\/product_tag?post=32777"}],"curies":[{"name":"wp","href":"https:\/\/api.w.org\/{rel}","templated":true}]}}