{"id":32861,"date":"2024-01-28T09:44:13","date_gmt":"2024-01-28T09:44:13","guid":{"rendered":"https:\/\/inti.hr\/product\/kupaonski-namjestaj-70x35x90cm\/"},"modified":"2024-01-28T09:44:13","modified_gmt":"2024-01-28T09:44:13","slug":"kupaonski-namjestaj-70x35x90cm","status":"publish","type":"product","link":"https:\/\/inti.hr\/sr\/proizvod\/kupaonski-namjestaj-70x35x90cm\/","title":{"rendered":"Kupaonski namje\u0161taj 70x35x90cm"},"content":{"rendered":"<p>Detalji proizvoda:<\/p>\n<p>Te\u017eina: 19,7 kg.<br \/>\nTestirano za: 85 kg<br \/>\nMaterijal: Drvena vlakna.<br \/>\nMjere proizvoda: 70x35x90 cm (vidi sliku);<br \/>\nDimenzije paketa: 100x42x20 cm<br \/>\nS uputama za sastavljanje i vijcima. Jednostavna instalacija.<\/p>\n","protected":false},"excerpt":{"rendered":"<p>Otkrijte jedinstveni stil za svoju kupaonicu. Dok ostatak ku\u0107e karakterizira sklad &#8230; <\/p>\n","protected":false},"featured_media":32862,"template":"","meta":[],"product_cat":[2396],"product_tag":[2522,3207],"yoast_head":"<!-- This site is optimized with the Yoast SEO plugin v23.7 - https:\/\/yoast.com\/wordpress\/plugins\/seo\/ -->\n<title>Kupaonski namje\u0161taj 70x35x90cm - Inti<\/title>\n<meta name=\"description\" content=\"Otkrijte jedinstveni stil za svoju kupaonicu. Dok ostatak ku\u0107e karakterizira sklad i jednoli\u010dnost, kupaonica otkriva slobodu individualnosti. Na\u0161a kolekcija kupaonskog namje\u0161taja nudi vam niz bogatih i vi\u0161estrukih boja: od profinjene elegancije do odva\u017ene smjelosti, od smirene vedrine do \u017eivahne vedrine. Odaberite iz niza opcija koje odgovaraju va\u0161em kreativnom duhu. Osvijetlite kupaonicu i dajte svom domu prepoznatljivu osobnost.Kupaonica je jedna od najva\u017enijih prostorija u ku\u0107i, u kojoj svakodnevno provodite puno vremena: od dobrog jutarnjeg tu\u0161iranja do opu\u0161taju\u0107e ve\u010dernje rutine. Ovaj novi kupaonski ormari\u0107 ne samo da stvara dovoljno prostora za pohranjivanje stvari koje su vam potrebne za svakodnevnu njegu, ve\u0107 njegov atraktivan dizajn tako\u0111er donosi doma\u0107u atmosferu u va\u0161u kupaonicu.Polica je vrlo sigurna zahvaljuju\u0107i ure\u0111ajima protiv prevrtanja i protukliznim plasti\u010dnim jastu\u010di\u0107ima na nogama polica.\" \/>\n<meta name=\"robots\" content=\"index, follow, max-snippet:-1, max-image-preview:large, max-video-preview:-1\" \/>\n<link rel=\"canonical\" href=\"https:\/\/inti.hr\/sr\/proizvod\/kupaonski-namjestaj-70x35x90cm\/\" \/>\n<meta property=\"og:locale\" content=\"sr_RS\" \/>\n<meta property=\"og:type\" content=\"article\" \/>\n<meta property=\"og:title\" content=\"Kupaonski namje\u0161taj 70x35x90cm - Inti\" \/>\n<meta property=\"og:description\" content=\"Otkrijte jedinstveni stil za svoju kupaonicu. Dok ostatak ku\u0107e karakterizira sklad i jednoli\u010dnost, kupaonica otkriva slobodu individualnosti. Na\u0161a kolekcija kupaonskog namje\u0161taja nudi vam niz bogatih i vi\u0161estrukih boja: od profinjene elegancije do odva\u017ene smjelosti, od smirene vedrine do \u017eivahne vedrine. Odaberite iz niza opcija koje odgovaraju va\u0161em kreativnom duhu. Osvijetlite kupaonicu i dajte svom domu prepoznatljivu osobnost.Kupaonica je jedna od najva\u017enijih prostorija u ku\u0107i, u kojoj svakodnevno provodite puno vremena: od dobrog jutarnjeg tu\u0161iranja do opu\u0161taju\u0107e ve\u010dernje rutine. Ovaj novi kupaonski ormari\u0107 ne samo da stvara dovoljno prostora za pohranjivanje stvari koje su vam potrebne za svakodnevnu njegu, ve\u0107 njegov atraktivan dizajn tako\u0111er donosi doma\u0107u atmosferu u va\u0161u kupaonicu.Polica je vrlo sigurna zahvaljuju\u0107i ure\u0111ajima protiv prevrtanja i protukliznim plasti\u010dnim jastu\u010di\u0107ima na nogama polica.\" \/>\n<meta property=\"og:url\" content=\"https:\/\/inti.hr\/sr\/proizvod\/kupaonski-namjestaj-70x35x90cm\/\" \/>\n<meta property=\"og:site_name\" content=\"Inti\" \/>\n<meta property=\"og:image\" content=\"https:\/\/i0.wp.com\/inti.hr\/wp-content\/uploads\/2024\/01\/BZR121-W-Y006_1800x1800.webp?fit=1600%2C1600&ssl=1\" \/>\n\t<meta property=\"og:image:width\" content=\"1600\" \/>\n\t<meta property=\"og:image:height\" content=\"1600\" \/>\n\t<meta property=\"og:image:type\" content=\"image\/webp\" \/>\n<meta name=\"twitter:card\" content=\"summary_large_image\" \/>\n<script type=\"application\/ld+json\" class=\"yoast-schema-graph\">{\"@context\":\"https:\/\/schema.org\",\"@graph\":[{\"@type\":\"WebPage\",\"@id\":\"https:\/\/inti.hr\/sr\/proizvod\/kupaonski-namjestaj-70x35x90cm\/\",\"url\":\"https:\/\/inti.hr\/sr\/proizvod\/kupaonski-namjestaj-70x35x90cm\/\",\"name\":\"Kupaonski namje\u0161taj 70x35x90cm - Inti\",\"isPartOf\":{\"@id\":\"https:\/\/inti.hr\/sr\/#website\"},\"primaryImageOfPage\":{\"@id\":\"https:\/\/inti.hr\/sr\/proizvod\/kupaonski-namjestaj-70x35x90cm\/#primaryimage\"},\"image\":{\"@id\":\"https:\/\/inti.hr\/sr\/proizvod\/kupaonski-namjestaj-70x35x90cm\/#primaryimage\"},\"thumbnailUrl\":\"https:\/\/i0.wp.com\/inti.hr\/wp-content\/uploads\/2024\/01\/BZR121-W-Y006_1800x1800.webp?fit=1600%2C1600&ssl=1\",\"datePublished\":\"2024-01-28T09:44:13+00:00\",\"dateModified\":\"2024-01-28T09:44:13+00:00\",\"description\":\"Otkrijte jedinstveni stil za svoju kupaonicu. Dok ostatak ku\u0107e karakterizira sklad i jednoli\u010dnost, kupaonica otkriva slobodu individualnosti. Na\u0161a kolekcija kupaonskog namje\u0161taja nudi vam niz bogatih i vi\u0161estrukih boja: od profinjene elegancije do odva\u017ene smjelosti, od smirene vedrine do \u017eivahne vedrine. Odaberite iz niza opcija koje odgovaraju va\u0161em kreativnom duhu. Osvijetlite kupaonicu i dajte svom domu prepoznatljivu osobnost.Kupaonica je jedna od najva\u017enijih prostorija u ku\u0107i, u kojoj svakodnevno provodite puno vremena: od dobrog jutarnjeg tu\u0161iranja do opu\u0161taju\u0107e ve\u010dernje rutine. Ovaj novi kupaonski ormari\u0107 ne samo da stvara dovoljno prostora za pohranjivanje stvari koje su vam potrebne za svakodnevnu njegu, ve\u0107 njegov atraktivan dizajn tako\u0111er donosi doma\u0107u atmosferu u va\u0161u kupaonicu.Polica je vrlo sigurna zahvaljuju\u0107i ure\u0111ajima protiv prevrtanja i protukliznim plasti\u010dnim jastu\u010di\u0107ima na nogama polica.\",\"breadcrumb\":{\"@id\":\"https:\/\/inti.hr\/sr\/proizvod\/kupaonski-namjestaj-70x35x90cm\/#breadcrumb\"},\"inLanguage\":\"sr-RS\",\"potentialAction\":[{\"@type\":\"ReadAction\",\"target\":[\"https:\/\/inti.hr\/sr\/proizvod\/kupaonski-namjestaj-70x35x90cm\/\"]}]},{\"@type\":\"ImageObject\",\"inLanguage\":\"sr-RS\",\"@id\":\"https:\/\/inti.hr\/sr\/proizvod\/kupaonski-namjestaj-70x35x90cm\/#primaryimage\",\"url\":\"https:\/\/i0.wp.com\/inti.hr\/wp-content\/uploads\/2024\/01\/BZR121-W-Y006_1800x1800.webp?fit=1600%2C1600&ssl=1\",\"contentUrl\":\"https:\/\/i0.wp.com\/inti.hr\/wp-content\/uploads\/2024\/01\/BZR121-W-Y006_1800x1800.webp?fit=1600%2C1600&ssl=1\",\"width\":1600,\"height\":1600},{\"@type\":\"BreadcrumbList\",\"@id\":\"https:\/\/inti.hr\/sr\/proizvod\/kupaonski-namjestaj-70x35x90cm\/#breadcrumb\",\"itemListElement\":[{\"@type\":\"ListItem\",\"position\":1,\"name\":\"Po\u010detna stranica\",\"item\":\"https:\/\/inti.hr\/sr\/\"},{\"@type\":\"ListItem\",\"position\":2,\"name\":\"Prodavnica\",\"item\":\"https:\/\/inti.hr\/sr\/prodavnica\/\"},{\"@type\":\"ListItem\",\"position\":3,\"name\":\"Kupaonski namje\u0161taj 70x35x90cm\"}]},{\"@type\":\"WebSite\",\"@id\":\"https:\/\/inti.hr\/sr\/#website\",\"url\":\"https:\/\/inti.hr\/sr\/\",\"name\":\"Inti\",\"description\":\"trgovina\",\"potentialAction\":[{\"@type\":\"SearchAction\",\"target\":{\"@type\":\"EntryPoint\",\"urlTemplate\":\"https:\/\/inti.hr\/sr\/?s={search_term_string}\"},\"query-input\":{\"@type\":\"PropertyValueSpecification\",\"valueRequired\":true,\"valueName\":\"search_term_string\"}}],\"inLanguage\":\"sr-RS\"}]}<\/script>\n<!-- \/ Yoast SEO plugin. -->","yoast_head_json":{"title":"Kupaonski namje\u0161taj 70x35x90cm - Inti","description":"Otkrijte jedinstveni stil za svoju kupaonicu. Dok ostatak ku\u0107e karakterizira sklad i jednoli\u010dnost, kupaonica otkriva slobodu individualnosti. Na\u0161a kolekcija kupaonskog namje\u0161taja nudi vam niz bogatih i vi\u0161estrukih boja: od profinjene elegancije do odva\u017ene smjelosti, od smirene vedrine do \u017eivahne vedrine. Odaberite iz niza opcija koje odgovaraju va\u0161em kreativnom duhu. Osvijetlite kupaonicu i dajte svom domu prepoznatljivu osobnost.Kupaonica je jedna od najva\u017enijih prostorija u ku\u0107i, u kojoj svakodnevno provodite puno vremena: od dobrog jutarnjeg tu\u0161iranja do opu\u0161taju\u0107e ve\u010dernje rutine. Ovaj novi kupaonski ormari\u0107 ne samo da stvara dovoljno prostora za pohranjivanje stvari koje su vam potrebne za svakodnevnu njegu, ve\u0107 njegov atraktivan dizajn tako\u0111er donosi doma\u0107u atmosferu u va\u0161u kupaonicu.Polica je vrlo sigurna zahvaljuju\u0107i ure\u0111ajima protiv prevrtanja i protukliznim plasti\u010dnim jastu\u010di\u0107ima na nogama polica.","robots":{"index":"index","follow":"follow","max-snippet":"max-snippet:-1","max-image-preview":"max-image-preview:large","max-video-preview":"max-video-preview:-1"},"canonical":"https:\/\/inti.hr\/sr\/proizvod\/kupaonski-namjestaj-70x35x90cm\/","og_locale":"sr_RS","og_type":"article","og_title":"Kupaonski namje\u0161taj 70x35x90cm - Inti","og_description":"Otkrijte jedinstveni stil za svoju kupaonicu. Dok ostatak ku\u0107e karakterizira sklad i jednoli\u010dnost, kupaonica otkriva slobodu individualnosti. Na\u0161a kolekcija kupaonskog namje\u0161taja nudi vam niz bogatih i vi\u0161estrukih boja: od profinjene elegancije do odva\u017ene smjelosti, od smirene vedrine do \u017eivahne vedrine. Odaberite iz niza opcija koje odgovaraju va\u0161em kreativnom duhu. Osvijetlite kupaonicu i dajte svom domu prepoznatljivu osobnost.Kupaonica je jedna od najva\u017enijih prostorija u ku\u0107i, u kojoj svakodnevno provodite puno vremena: od dobrog jutarnjeg tu\u0161iranja do opu\u0161taju\u0107e ve\u010dernje rutine. Ovaj novi kupaonski ormari\u0107 ne samo da stvara dovoljno prostora za pohranjivanje stvari koje su vam potrebne za svakodnevnu njegu, ve\u0107 njegov atraktivan dizajn tako\u0111er donosi doma\u0107u atmosferu u va\u0161u kupaonicu.Polica je vrlo sigurna zahvaljuju\u0107i ure\u0111ajima protiv prevrtanja i protukliznim plasti\u010dnim jastu\u010di\u0107ima na nogama polica.","og_url":"https:\/\/inti.hr\/sr\/proizvod\/kupaonski-namjestaj-70x35x90cm\/","og_site_name":"Inti","og_image":[{"width":1600,"height":1600,"url":"https:\/\/i0.wp.com\/inti.hr\/wp-content\/uploads\/2024\/01\/BZR121-W-Y006_1800x1800.webp?fit=1600%2C1600&ssl=1","type":"image\/webp"}],"twitter_card":"summary_large_image","schema":{"@context":"https:\/\/schema.org","@graph":[{"@type":"WebPage","@id":"https:\/\/inti.hr\/sr\/proizvod\/kupaonski-namjestaj-70x35x90cm\/","url":"https:\/\/inti.hr\/sr\/proizvod\/kupaonski-namjestaj-70x35x90cm\/","name":"Kupaonski namje\u0161taj 70x35x90cm - Inti","isPartOf":{"@id":"https:\/\/inti.hr\/sr\/#website"},"primaryImageOfPage":{"@id":"https:\/\/inti.hr\/sr\/proizvod\/kupaonski-namjestaj-70x35x90cm\/#primaryimage"},"image":{"@id":"https:\/\/inti.hr\/sr\/proizvod\/kupaonski-namjestaj-70x35x90cm\/#primaryimage"},"thumbnailUrl":"https:\/\/i0.wp.com\/inti.hr\/wp-content\/uploads\/2024\/01\/BZR121-W-Y006_1800x1800.webp?fit=1600%2C1600&ssl=1","datePublished":"2024-01-28T09:44:13+00:00","dateModified":"2024-01-28T09:44:13+00:00","description":"Otkrijte jedinstveni stil za svoju kupaonicu. Dok ostatak ku\u0107e karakterizira sklad i jednoli\u010dnost, kupaonica otkriva slobodu individualnosti. Na\u0161a kolekcija kupaonskog namje\u0161taja nudi vam niz bogatih i vi\u0161estrukih boja: od profinjene elegancije do odva\u017ene smjelosti, od smirene vedrine do \u017eivahne vedrine. Odaberite iz niza opcija koje odgovaraju va\u0161em kreativnom duhu. Osvijetlite kupaonicu i dajte svom domu prepoznatljivu osobnost.Kupaonica je jedna od najva\u017enijih prostorija u ku\u0107i, u kojoj svakodnevno provodite puno vremena: od dobrog jutarnjeg tu\u0161iranja do opu\u0161taju\u0107e ve\u010dernje rutine. Ovaj novi kupaonski ormari\u0107 ne samo da stvara dovoljno prostora za pohranjivanje stvari koje su vam potrebne za svakodnevnu njegu, ve\u0107 njegov atraktivan dizajn tako\u0111er donosi doma\u0107u atmosferu u va\u0161u kupaonicu.Polica je vrlo sigurna zahvaljuju\u0107i ure\u0111ajima protiv prevrtanja i protukliznim plasti\u010dnim jastu\u010di\u0107ima na nogama polica.","breadcrumb":{"@id":"https:\/\/inti.hr\/sr\/proizvod\/kupaonski-namjestaj-70x35x90cm\/#breadcrumb"},"inLanguage":"sr-RS","potentialAction":[{"@type":"ReadAction","target":["https:\/\/inti.hr\/sr\/proizvod\/kupaonski-namjestaj-70x35x90cm\/"]}]},{"@type":"ImageObject","inLanguage":"sr-RS","@id":"https:\/\/inti.hr\/sr\/proizvod\/kupaonski-namjestaj-70x35x90cm\/#primaryimage","url":"https:\/\/i0.wp.com\/inti.hr\/wp-content\/uploads\/2024\/01\/BZR121-W-Y006_1800x1800.webp?fit=1600%2C1600&ssl=1","contentUrl":"https:\/\/i0.wp.com\/inti.hr\/wp-content\/uploads\/2024\/01\/BZR121-W-Y006_1800x1800.webp?fit=1600%2C1600&ssl=1","width":1600,"height":1600},{"@type":"BreadcrumbList","@id":"https:\/\/inti.hr\/sr\/proizvod\/kupaonski-namjestaj-70x35x90cm\/#breadcrumb","itemListElement":[{"@type":"ListItem","position":1,"name":"Po\u010detna stranica","item":"https:\/\/inti.hr\/sr\/"},{"@type":"ListItem","position":2,"name":"Prodavnica","item":"https:\/\/inti.hr\/sr\/prodavnica\/"},{"@type":"ListItem","position":3,"name":"Kupaonski namje\u0161taj 70x35x90cm"}]},{"@type":"WebSite","@id":"https:\/\/inti.hr\/sr\/#website","url":"https:\/\/inti.hr\/sr\/","name":"Inti","description":"trgovina","potentialAction":[{"@type":"SearchAction","target":{"@type":"EntryPoint","urlTemplate":"https:\/\/inti.hr\/sr\/?s={search_term_string}"},"query-input":{"@type":"PropertyValueSpecification","valueRequired":true,"valueName":"search_term_string"}}],"inLanguage":"sr-RS"}]}},"jetpack_sharing_enabled":true,"jetpack-related-posts":[],"_links":{"self":[{"href":"https:\/\/inti.hr\/sr\/wp-json\/wp\/v2\/product\/32861"}],"collection":[{"href":"https:\/\/inti.hr\/sr\/wp-json\/wp\/v2\/product"}],"about":[{"href":"https:\/\/inti.hr\/sr\/wp-json\/wp\/v2\/types\/product"}],"wp:featuredmedia":[{"embeddable":true,"href":"https:\/\/inti.hr\/sr\/wp-json\/wp\/v2\/media\/32862"}],"wp:attachment":[{"href":"https:\/\/inti.hr\/sr\/wp-json\/wp\/v2\/media?parent=32861"}],"wp:term":[{"taxonomy":"product_cat","embeddable":true,"href":"https:\/\/inti.hr\/sr\/wp-json\/wp\/v2\/product_cat?post=32861"},{"taxonomy":"product_tag","embeddable":true,"href":"https:\/\/inti.hr\/sr\/wp-json\/wp\/v2\/product_tag?post=32861"}],"curies":[{"name":"wp","href":"https:\/\/api.w.org\/{rel}","templated":true}]}}