{"id":32877,"date":"2024-01-26T14:37:05","date_gmt":"2024-01-26T14:37:05","guid":{"rendered":"https:\/\/inti.hr\/product\/tanka-polica-za-cipele\/"},"modified":"2024-01-26T14:37:05","modified_gmt":"2024-01-26T14:37:05","slug":"tanka-polica-za-cipele","status":"publish","type":"product","link":"https:\/\/inti.hr\/sr\/proizvod\/tanka-polica-za-cipele\/","title":{"rendered":"Tanka polica za cipele"},"content":{"rendered":"<p>Detalji proizvoda:<\/p>\n<ul>\n<li><span>Te\u017eina: 13,5 kg<\/span><\/li>\n<li><span>Nosivost: 120kg<\/span><\/li>\n<li><span>Materijal: Drvena vlakna.<\/span><\/li>\n<li><span>Mjere proizvoda: 60x30x50cm (vidi sliku)<\/span><\/li>\n<li><span>Dimenzije paketa: 70x43x18 cm.<\/span><\/li>\n<li><span>S uputama za sastavljanje i vijcima.<\/span><\/li>\n<\/ul>\n","protected":false},"excerpt":{"rendered":"<p>Stalak za cipele ima kompaktan i moderan dizajn pogodan za odlaganje &#8230; <\/p>\n","protected":false},"featured_media":32878,"template":"","meta":[],"product_cat":[2635],"product_tag":[3517,2640],"yoast_head":"<!-- This site is optimized with the Yoast SEO plugin v23.7 - https:\/\/yoast.com\/wordpress\/plugins\/seo\/ -->\n<title>Tanka polica za cipele - Inti<\/title>\n<meta name=\"description\" content=\"Stalak za cipele ima kompaktan i moderan dizajn pogodan za odlaganje svih vrsta cipela. Ima smanjenu dubinu \u0161to ga \u010dini idealnim za duga\u010dke hodnike i prolaze. Elegantnog i profinjenog izgleda te visokokvalitetnom izradom jam\u010di optimalnu stabilnost. \u0160arke visoke kvalitete za glatko otvaranje. Klupa je opremljena s 1 preklopnim pretincem. Dizajn koji \u0161tedi prostor savr\u0161eno se uklapa u svako okru\u017eenje. Klupa je opremljena jastukom koji je tako\u0111er \u010dini vrlo udobnom.\" \/>\n<meta name=\"robots\" content=\"index, follow, max-snippet:-1, max-image-preview:large, max-video-preview:-1\" \/>\n<link rel=\"canonical\" href=\"https:\/\/inti.hr\/sr\/proizvod\/tanka-polica-za-cipele\/\" \/>\n<meta property=\"og:locale\" content=\"sr_RS\" \/>\n<meta property=\"og:type\" content=\"article\" \/>\n<meta property=\"og:title\" content=\"Tanka polica za cipele - Inti\" \/>\n<meta property=\"og:description\" content=\"Stalak za cipele ima kompaktan i moderan dizajn pogodan za odlaganje svih vrsta cipela. Ima smanjenu dubinu \u0161to ga \u010dini idealnim za duga\u010dke hodnike i prolaze. Elegantnog i profinjenog izgleda te visokokvalitetnom izradom jam\u010di optimalnu stabilnost. \u0160arke visoke kvalitete za glatko otvaranje. Klupa je opremljena s 1 preklopnim pretincem. Dizajn koji \u0161tedi prostor savr\u0161eno se uklapa u svako okru\u017eenje. Klupa je opremljena jastukom koji je tako\u0111er \u010dini vrlo udobnom.\" \/>\n<meta property=\"og:url\" content=\"https:\/\/inti.hr\/sr\/proizvod\/tanka-polica-za-cipele\/\" \/>\n<meta property=\"og:site_name\" content=\"Inti\" \/>\n<meta property=\"og:image\" content=\"https:\/\/i0.wp.com\/inti.hr\/wp-content\/uploads\/2024\/01\/FSR95-HG-Y001_670x.webp?fit=670%2C670&ssl=1\" \/>\n\t<meta property=\"og:image:width\" content=\"670\" \/>\n\t<meta property=\"og:image:height\" content=\"670\" \/>\n\t<meta property=\"og:image:type\" content=\"image\/webp\" \/>\n<meta name=\"twitter:card\" content=\"summary_large_image\" \/>\n<script type=\"application\/ld+json\" class=\"yoast-schema-graph\">{\"@context\":\"https:\/\/schema.org\",\"@graph\":[{\"@type\":\"WebPage\",\"@id\":\"https:\/\/inti.hr\/sr\/proizvod\/tanka-polica-za-cipele\/\",\"url\":\"https:\/\/inti.hr\/sr\/proizvod\/tanka-polica-za-cipele\/\",\"name\":\"Tanka polica za cipele - Inti\",\"isPartOf\":{\"@id\":\"https:\/\/inti.hr\/sr\/#website\"},\"primaryImageOfPage\":{\"@id\":\"https:\/\/inti.hr\/sr\/proizvod\/tanka-polica-za-cipele\/#primaryimage\"},\"image\":{\"@id\":\"https:\/\/inti.hr\/sr\/proizvod\/tanka-polica-za-cipele\/#primaryimage\"},\"thumbnailUrl\":\"https:\/\/i0.wp.com\/inti.hr\/wp-content\/uploads\/2024\/01\/FSR95-HG-Y001_670x.webp?fit=670%2C670&ssl=1\",\"datePublished\":\"2024-01-26T14:37:05+00:00\",\"dateModified\":\"2024-01-26T14:37:05+00:00\",\"description\":\"Stalak za cipele ima kompaktan i moderan dizajn pogodan za odlaganje svih vrsta cipela. Ima smanjenu dubinu \u0161to ga \u010dini idealnim za duga\u010dke hodnike i prolaze. Elegantnog i profinjenog izgleda te visokokvalitetnom izradom jam\u010di optimalnu stabilnost. \u0160arke visoke kvalitete za glatko otvaranje. Klupa je opremljena s 1 preklopnim pretincem. Dizajn koji \u0161tedi prostor savr\u0161eno se uklapa u svako okru\u017eenje. Klupa je opremljena jastukom koji je tako\u0111er \u010dini vrlo udobnom.\",\"breadcrumb\":{\"@id\":\"https:\/\/inti.hr\/sr\/proizvod\/tanka-polica-za-cipele\/#breadcrumb\"},\"inLanguage\":\"sr-RS\",\"potentialAction\":[{\"@type\":\"ReadAction\",\"target\":[\"https:\/\/inti.hr\/sr\/proizvod\/tanka-polica-za-cipele\/\"]}]},{\"@type\":\"ImageObject\",\"inLanguage\":\"sr-RS\",\"@id\":\"https:\/\/inti.hr\/sr\/proizvod\/tanka-polica-za-cipele\/#primaryimage\",\"url\":\"https:\/\/i0.wp.com\/inti.hr\/wp-content\/uploads\/2024\/01\/FSR95-HG-Y001_670x.webp?fit=670%2C670&ssl=1\",\"contentUrl\":\"https:\/\/i0.wp.com\/inti.hr\/wp-content\/uploads\/2024\/01\/FSR95-HG-Y001_670x.webp?fit=670%2C670&ssl=1\",\"width\":670,\"height\":670},{\"@type\":\"BreadcrumbList\",\"@id\":\"https:\/\/inti.hr\/sr\/proizvod\/tanka-polica-za-cipele\/#breadcrumb\",\"itemListElement\":[{\"@type\":\"ListItem\",\"position\":1,\"name\":\"Po\u010detna stranica\",\"item\":\"https:\/\/inti.hr\/sr\/\"},{\"@type\":\"ListItem\",\"position\":2,\"name\":\"Prodavnica\",\"item\":\"https:\/\/inti.hr\/sr\/prodavnica\/\"},{\"@type\":\"ListItem\",\"position\":3,\"name\":\"Tanka polica za cipele\"}]},{\"@type\":\"WebSite\",\"@id\":\"https:\/\/inti.hr\/sr\/#website\",\"url\":\"https:\/\/inti.hr\/sr\/\",\"name\":\"Inti\",\"description\":\"trgovina\",\"potentialAction\":[{\"@type\":\"SearchAction\",\"target\":{\"@type\":\"EntryPoint\",\"urlTemplate\":\"https:\/\/inti.hr\/sr\/?s={search_term_string}\"},\"query-input\":{\"@type\":\"PropertyValueSpecification\",\"valueRequired\":true,\"valueName\":\"search_term_string\"}}],\"inLanguage\":\"sr-RS\"}]}<\/script>\n<!-- \/ Yoast SEO plugin. -->","yoast_head_json":{"title":"Tanka polica za cipele - Inti","description":"Stalak za cipele ima kompaktan i moderan dizajn pogodan za odlaganje svih vrsta cipela. Ima smanjenu dubinu \u0161to ga \u010dini idealnim za duga\u010dke hodnike i prolaze. Elegantnog i profinjenog izgleda te visokokvalitetnom izradom jam\u010di optimalnu stabilnost. \u0160arke visoke kvalitete za glatko otvaranje. Klupa je opremljena s 1 preklopnim pretincem. Dizajn koji \u0161tedi prostor savr\u0161eno se uklapa u svako okru\u017eenje. Klupa je opremljena jastukom koji je tako\u0111er \u010dini vrlo udobnom.","robots":{"index":"index","follow":"follow","max-snippet":"max-snippet:-1","max-image-preview":"max-image-preview:large","max-video-preview":"max-video-preview:-1"},"canonical":"https:\/\/inti.hr\/sr\/proizvod\/tanka-polica-za-cipele\/","og_locale":"sr_RS","og_type":"article","og_title":"Tanka polica za cipele - Inti","og_description":"Stalak za cipele ima kompaktan i moderan dizajn pogodan za odlaganje svih vrsta cipela. Ima smanjenu dubinu \u0161to ga \u010dini idealnim za duga\u010dke hodnike i prolaze. Elegantnog i profinjenog izgleda te visokokvalitetnom izradom jam\u010di optimalnu stabilnost. \u0160arke visoke kvalitete za glatko otvaranje. Klupa je opremljena s 1 preklopnim pretincem. Dizajn koji \u0161tedi prostor savr\u0161eno se uklapa u svako okru\u017eenje. Klupa je opremljena jastukom koji je tako\u0111er \u010dini vrlo udobnom.","og_url":"https:\/\/inti.hr\/sr\/proizvod\/tanka-polica-za-cipele\/","og_site_name":"Inti","og_image":[{"width":670,"height":670,"url":"https:\/\/i0.wp.com\/inti.hr\/wp-content\/uploads\/2024\/01\/FSR95-HG-Y001_670x.webp?fit=670%2C670&ssl=1","type":"image\/webp"}],"twitter_card":"summary_large_image","schema":{"@context":"https:\/\/schema.org","@graph":[{"@type":"WebPage","@id":"https:\/\/inti.hr\/sr\/proizvod\/tanka-polica-za-cipele\/","url":"https:\/\/inti.hr\/sr\/proizvod\/tanka-polica-za-cipele\/","name":"Tanka polica za cipele - Inti","isPartOf":{"@id":"https:\/\/inti.hr\/sr\/#website"},"primaryImageOfPage":{"@id":"https:\/\/inti.hr\/sr\/proizvod\/tanka-polica-za-cipele\/#primaryimage"},"image":{"@id":"https:\/\/inti.hr\/sr\/proizvod\/tanka-polica-za-cipele\/#primaryimage"},"thumbnailUrl":"https:\/\/i0.wp.com\/inti.hr\/wp-content\/uploads\/2024\/01\/FSR95-HG-Y001_670x.webp?fit=670%2C670&ssl=1","datePublished":"2024-01-26T14:37:05+00:00","dateModified":"2024-01-26T14:37:05+00:00","description":"Stalak za cipele ima kompaktan i moderan dizajn pogodan za odlaganje svih vrsta cipela. Ima smanjenu dubinu \u0161to ga \u010dini idealnim za duga\u010dke hodnike i prolaze. Elegantnog i profinjenog izgleda te visokokvalitetnom izradom jam\u010di optimalnu stabilnost. \u0160arke visoke kvalitete za glatko otvaranje. Klupa je opremljena s 1 preklopnim pretincem. Dizajn koji \u0161tedi prostor savr\u0161eno se uklapa u svako okru\u017eenje. Klupa je opremljena jastukom koji je tako\u0111er \u010dini vrlo udobnom.","breadcrumb":{"@id":"https:\/\/inti.hr\/sr\/proizvod\/tanka-polica-za-cipele\/#breadcrumb"},"inLanguage":"sr-RS","potentialAction":[{"@type":"ReadAction","target":["https:\/\/inti.hr\/sr\/proizvod\/tanka-polica-za-cipele\/"]}]},{"@type":"ImageObject","inLanguage":"sr-RS","@id":"https:\/\/inti.hr\/sr\/proizvod\/tanka-polica-za-cipele\/#primaryimage","url":"https:\/\/i0.wp.com\/inti.hr\/wp-content\/uploads\/2024\/01\/FSR95-HG-Y001_670x.webp?fit=670%2C670&ssl=1","contentUrl":"https:\/\/i0.wp.com\/inti.hr\/wp-content\/uploads\/2024\/01\/FSR95-HG-Y001_670x.webp?fit=670%2C670&ssl=1","width":670,"height":670},{"@type":"BreadcrumbList","@id":"https:\/\/inti.hr\/sr\/proizvod\/tanka-polica-za-cipele\/#breadcrumb","itemListElement":[{"@type":"ListItem","position":1,"name":"Po\u010detna stranica","item":"https:\/\/inti.hr\/sr\/"},{"@type":"ListItem","position":2,"name":"Prodavnica","item":"https:\/\/inti.hr\/sr\/prodavnica\/"},{"@type":"ListItem","position":3,"name":"Tanka polica za cipele"}]},{"@type":"WebSite","@id":"https:\/\/inti.hr\/sr\/#website","url":"https:\/\/inti.hr\/sr\/","name":"Inti","description":"trgovina","potentialAction":[{"@type":"SearchAction","target":{"@type":"EntryPoint","urlTemplate":"https:\/\/inti.hr\/sr\/?s={search_term_string}"},"query-input":{"@type":"PropertyValueSpecification","valueRequired":true,"valueName":"search_term_string"}}],"inLanguage":"sr-RS"}]}},"jetpack_sharing_enabled":true,"jetpack-related-posts":[],"_links":{"self":[{"href":"https:\/\/inti.hr\/sr\/wp-json\/wp\/v2\/product\/32877"}],"collection":[{"href":"https:\/\/inti.hr\/sr\/wp-json\/wp\/v2\/product"}],"about":[{"href":"https:\/\/inti.hr\/sr\/wp-json\/wp\/v2\/types\/product"}],"wp:featuredmedia":[{"embeddable":true,"href":"https:\/\/inti.hr\/sr\/wp-json\/wp\/v2\/media\/32878"}],"wp:attachment":[{"href":"https:\/\/inti.hr\/sr\/wp-json\/wp\/v2\/media?parent=32877"}],"wp:term":[{"taxonomy":"product_cat","embeddable":true,"href":"https:\/\/inti.hr\/sr\/wp-json\/wp\/v2\/product_cat?post=32877"},{"taxonomy":"product_tag","embeddable":true,"href":"https:\/\/inti.hr\/sr\/wp-json\/wp\/v2\/product_tag?post=32877"}],"curies":[{"name":"wp","href":"https:\/\/api.w.org\/{rel}","templated":true}]}}