{"id":32897,"date":"2024-01-26T13:30:22","date_gmt":"2024-01-26T13:30:22","guid":{"rendered":"https:\/\/inti.hr\/product\/ormaric-za-umivaonik-60x30x605-cm\/"},"modified":"2024-01-26T13:30:22","modified_gmt":"2024-01-26T13:30:22","slug":"ormaric-za-umivaonik-60x30x605-cm","status":"publish","type":"product","link":"https:\/\/inti.hr\/sr\/proizvod\/ormaric-za-umivaonik-60x30x605-cm\/","title":{"rendered":"Ormari\u0107 za umivaonik 60x30x60,5 Cm"},"content":{"rendered":"<p>Detalji proizvoda:<\/p>\n<p>Te\u017eina: oko 10,45 kg<br \/>\nTestirano za: 20 kg<br \/>\nMaterijal: MDF, PB(E1), melaminska folija<br \/>\nMjere proizvoda: 60x30x60,5 cm (vidi sliku)<br \/>\nDostava: u 1 paketu<br \/>\nMjere pakiranja: 72,5&#215;36,3&#215;13 cm<br \/>\nS uputama za sastavljanje i vijcima. Jednostavna instalacija.<\/p>\n","protected":false},"excerpt":{"rendered":"<p>Kupaonica je va\u017eno okru\u017eenje u kojem provodite mnogo vremena svaki dan: &#8230; <\/p>\n","protected":false},"featured_media":32898,"template":"","meta":[],"product_cat":[2396],"product_tag":[2522,2523],"yoast_head":"<!-- This site is optimized with the Yoast SEO plugin v23.7 - https:\/\/yoast.com\/wordpress\/plugins\/seo\/ -->\n<title>Ormari\u0107 za umivaonik 60x30x60,5 Cm - Inti<\/title>\n<meta name=\"description\" content=\"Kupaonica je va\u017eno okru\u017eenje u kojem provodite mnogo vremena svaki dan: od tu\u0161iranja do bu\u0111enja, od pranja zubi do opu\u0161taju\u0107e rutine njege tijela.S prakti\u010dnim i jednostavnim ormari\u0107em za umivaonik kona\u010dno \u0107ete imati idealan prostor za odr\u017eavanje uredne kupaonice.Unutra, ovaj ormari\u0107 nudi dovoljno prostora za pohranjivanje pra\u0161ka za pranje rublja, deterd\u017eenata, pribora i ostalog kupaonskog pribora.Zahvaljuju\u0107i otvoru za sifon, ormari\u0107 nudi mogu\u0107nost postavljanja ispod umivaonika i na taj na\u010din pokriva ometaju\u0107e komponente.Drveni nosa\u010di olak\u0161avaju \u010di\u0161\u0107enje donjeg dijela i savr\u0161eno se uklapaju u sofisticirani stil ove linije. Donji odjeljak je za \u010desto kori\u0161tene predmete kao \u0161to su deterd\u017eenti, sredstva za \u010di\u0161\u0107enje kupaonice ili druge sitnice.\" \/>\n<meta name=\"robots\" content=\"index, follow, max-snippet:-1, max-image-preview:large, max-video-preview:-1\" \/>\n<link rel=\"canonical\" href=\"https:\/\/inti.hr\/sr\/proizvod\/ormaric-za-umivaonik-60x30x605-cm\/\" \/>\n<meta property=\"og:locale\" content=\"sr_RS\" \/>\n<meta property=\"og:type\" content=\"article\" \/>\n<meta property=\"og:title\" content=\"Ormari\u0107 za umivaonik 60x30x60,5 Cm - Inti\" \/>\n<meta property=\"og:description\" content=\"Kupaonica je va\u017eno okru\u017eenje u kojem provodite mnogo vremena svaki dan: od tu\u0161iranja do bu\u0111enja, od pranja zubi do opu\u0161taju\u0107e rutine njege tijela.S prakti\u010dnim i jednostavnim ormari\u0107em za umivaonik kona\u010dno \u0107ete imati idealan prostor za odr\u017eavanje uredne kupaonice.Unutra, ovaj ormari\u0107 nudi dovoljno prostora za pohranjivanje pra\u0161ka za pranje rublja, deterd\u017eenata, pribora i ostalog kupaonskog pribora.Zahvaljuju\u0107i otvoru za sifon, ormari\u0107 nudi mogu\u0107nost postavljanja ispod umivaonika i na taj na\u010din pokriva ometaju\u0107e komponente.Drveni nosa\u010di olak\u0161avaju \u010di\u0161\u0107enje donjeg dijela i savr\u0161eno se uklapaju u sofisticirani stil ove linije. Donji odjeljak je za \u010desto kori\u0161tene predmete kao \u0161to su deterd\u017eenti, sredstva za \u010di\u0161\u0107enje kupaonice ili druge sitnice.\" \/>\n<meta property=\"og:url\" content=\"https:\/\/inti.hr\/sr\/proizvod\/ormaric-za-umivaonik-60x30x605-cm\/\" \/>\n<meta property=\"og:site_name\" content=\"Inti\" \/>\n<meta property=\"og:image\" content=\"https:\/\/i0.wp.com\/inti.hr\/wp-content\/uploads\/2024\/01\/BZR133-NG-Y001_670x.webp?fit=670%2C670&ssl=1\" \/>\n\t<meta property=\"og:image:width\" content=\"670\" \/>\n\t<meta property=\"og:image:height\" content=\"670\" \/>\n\t<meta property=\"og:image:type\" content=\"image\/webp\" \/>\n<meta name=\"twitter:card\" content=\"summary_large_image\" \/>\n<script type=\"application\/ld+json\" class=\"yoast-schema-graph\">{\"@context\":\"https:\/\/schema.org\",\"@graph\":[{\"@type\":\"WebPage\",\"@id\":\"https:\/\/inti.hr\/sr\/proizvod\/ormaric-za-umivaonik-60x30x605-cm\/\",\"url\":\"https:\/\/inti.hr\/sr\/proizvod\/ormaric-za-umivaonik-60x30x605-cm\/\",\"name\":\"Ormari\u0107 za umivaonik 60x30x60,5 Cm - Inti\",\"isPartOf\":{\"@id\":\"https:\/\/inti.hr\/sr\/#website\"},\"primaryImageOfPage\":{\"@id\":\"https:\/\/inti.hr\/sr\/proizvod\/ormaric-za-umivaonik-60x30x605-cm\/#primaryimage\"},\"image\":{\"@id\":\"https:\/\/inti.hr\/sr\/proizvod\/ormaric-za-umivaonik-60x30x605-cm\/#primaryimage\"},\"thumbnailUrl\":\"https:\/\/i0.wp.com\/inti.hr\/wp-content\/uploads\/2024\/01\/BZR133-NG-Y001_670x.webp?fit=670%2C670&ssl=1\",\"datePublished\":\"2024-01-26T13:30:22+00:00\",\"dateModified\":\"2024-01-26T13:30:22+00:00\",\"description\":\"Kupaonica je va\u017eno okru\u017eenje u kojem provodite mnogo vremena svaki dan: od tu\u0161iranja do bu\u0111enja, od pranja zubi do opu\u0161taju\u0107e rutine njege tijela.S prakti\u010dnim i jednostavnim ormari\u0107em za umivaonik kona\u010dno \u0107ete imati idealan prostor za odr\u017eavanje uredne kupaonice.Unutra, ovaj ormari\u0107 nudi dovoljno prostora za pohranjivanje pra\u0161ka za pranje rublja, deterd\u017eenata, pribora i ostalog kupaonskog pribora.Zahvaljuju\u0107i otvoru za sifon, ormari\u0107 nudi mogu\u0107nost postavljanja ispod umivaonika i na taj na\u010din pokriva ometaju\u0107e komponente.Drveni nosa\u010di olak\u0161avaju \u010di\u0161\u0107enje donjeg dijela i savr\u0161eno se uklapaju u sofisticirani stil ove linije. Donji odjeljak je za \u010desto kori\u0161tene predmete kao \u0161to su deterd\u017eenti, sredstva za \u010di\u0161\u0107enje kupaonice ili druge sitnice.\",\"breadcrumb\":{\"@id\":\"https:\/\/inti.hr\/sr\/proizvod\/ormaric-za-umivaonik-60x30x605-cm\/#breadcrumb\"},\"inLanguage\":\"sr-RS\",\"potentialAction\":[{\"@type\":\"ReadAction\",\"target\":[\"https:\/\/inti.hr\/sr\/proizvod\/ormaric-za-umivaonik-60x30x605-cm\/\"]}]},{\"@type\":\"ImageObject\",\"inLanguage\":\"sr-RS\",\"@id\":\"https:\/\/inti.hr\/sr\/proizvod\/ormaric-za-umivaonik-60x30x605-cm\/#primaryimage\",\"url\":\"https:\/\/i0.wp.com\/inti.hr\/wp-content\/uploads\/2024\/01\/BZR133-NG-Y001_670x.webp?fit=670%2C670&ssl=1\",\"contentUrl\":\"https:\/\/i0.wp.com\/inti.hr\/wp-content\/uploads\/2024\/01\/BZR133-NG-Y001_670x.webp?fit=670%2C670&ssl=1\",\"width\":670,\"height\":670},{\"@type\":\"BreadcrumbList\",\"@id\":\"https:\/\/inti.hr\/sr\/proizvod\/ormaric-za-umivaonik-60x30x605-cm\/#breadcrumb\",\"itemListElement\":[{\"@type\":\"ListItem\",\"position\":1,\"name\":\"Po\u010detna stranica\",\"item\":\"https:\/\/inti.hr\/sr\/\"},{\"@type\":\"ListItem\",\"position\":2,\"name\":\"Prodavnica\",\"item\":\"https:\/\/inti.hr\/sr\/prodavnica\/\"},{\"@type\":\"ListItem\",\"position\":3,\"name\":\"Ormari\u0107 za umivaonik 60x30x60,5 Cm\"}]},{\"@type\":\"WebSite\",\"@id\":\"https:\/\/inti.hr\/sr\/#website\",\"url\":\"https:\/\/inti.hr\/sr\/\",\"name\":\"Inti\",\"description\":\"trgovina\",\"potentialAction\":[{\"@type\":\"SearchAction\",\"target\":{\"@type\":\"EntryPoint\",\"urlTemplate\":\"https:\/\/inti.hr\/sr\/?s={search_term_string}\"},\"query-input\":{\"@type\":\"PropertyValueSpecification\",\"valueRequired\":true,\"valueName\":\"search_term_string\"}}],\"inLanguage\":\"sr-RS\"}]}<\/script>\n<!-- \/ Yoast SEO plugin. -->","yoast_head_json":{"title":"Ormari\u0107 za umivaonik 60x30x60,5 Cm - Inti","description":"Kupaonica je va\u017eno okru\u017eenje u kojem provodite mnogo vremena svaki dan: od tu\u0161iranja do bu\u0111enja, od pranja zubi do opu\u0161taju\u0107e rutine njege tijela.S prakti\u010dnim i jednostavnim ormari\u0107em za umivaonik kona\u010dno \u0107ete imati idealan prostor za odr\u017eavanje uredne kupaonice.Unutra, ovaj ormari\u0107 nudi dovoljno prostora za pohranjivanje pra\u0161ka za pranje rublja, deterd\u017eenata, pribora i ostalog kupaonskog pribora.Zahvaljuju\u0107i otvoru za sifon, ormari\u0107 nudi mogu\u0107nost postavljanja ispod umivaonika i na taj na\u010din pokriva ometaju\u0107e komponente.Drveni nosa\u010di olak\u0161avaju \u010di\u0161\u0107enje donjeg dijela i savr\u0161eno se uklapaju u sofisticirani stil ove linije. Donji odjeljak je za \u010desto kori\u0161tene predmete kao \u0161to su deterd\u017eenti, sredstva za \u010di\u0161\u0107enje kupaonice ili druge sitnice.","robots":{"index":"index","follow":"follow","max-snippet":"max-snippet:-1","max-image-preview":"max-image-preview:large","max-video-preview":"max-video-preview:-1"},"canonical":"https:\/\/inti.hr\/sr\/proizvod\/ormaric-za-umivaonik-60x30x605-cm\/","og_locale":"sr_RS","og_type":"article","og_title":"Ormari\u0107 za umivaonik 60x30x60,5 Cm - Inti","og_description":"Kupaonica je va\u017eno okru\u017eenje u kojem provodite mnogo vremena svaki dan: od tu\u0161iranja do bu\u0111enja, od pranja zubi do opu\u0161taju\u0107e rutine njege tijela.S prakti\u010dnim i jednostavnim ormari\u0107em za umivaonik kona\u010dno \u0107ete imati idealan prostor za odr\u017eavanje uredne kupaonice.Unutra, ovaj ormari\u0107 nudi dovoljno prostora za pohranjivanje pra\u0161ka za pranje rublja, deterd\u017eenata, pribora i ostalog kupaonskog pribora.Zahvaljuju\u0107i otvoru za sifon, ormari\u0107 nudi mogu\u0107nost postavljanja ispod umivaonika i na taj na\u010din pokriva ometaju\u0107e komponente.Drveni nosa\u010di olak\u0161avaju \u010di\u0161\u0107enje donjeg dijela i savr\u0161eno se uklapaju u sofisticirani stil ove linije. Donji odjeljak je za \u010desto kori\u0161tene predmete kao \u0161to su deterd\u017eenti, sredstva za \u010di\u0161\u0107enje kupaonice ili druge sitnice.","og_url":"https:\/\/inti.hr\/sr\/proizvod\/ormaric-za-umivaonik-60x30x605-cm\/","og_site_name":"Inti","og_image":[{"width":670,"height":670,"url":"https:\/\/i0.wp.com\/inti.hr\/wp-content\/uploads\/2024\/01\/BZR133-NG-Y001_670x.webp?fit=670%2C670&ssl=1","type":"image\/webp"}],"twitter_card":"summary_large_image","schema":{"@context":"https:\/\/schema.org","@graph":[{"@type":"WebPage","@id":"https:\/\/inti.hr\/sr\/proizvod\/ormaric-za-umivaonik-60x30x605-cm\/","url":"https:\/\/inti.hr\/sr\/proizvod\/ormaric-za-umivaonik-60x30x605-cm\/","name":"Ormari\u0107 za umivaonik 60x30x60,5 Cm - Inti","isPartOf":{"@id":"https:\/\/inti.hr\/sr\/#website"},"primaryImageOfPage":{"@id":"https:\/\/inti.hr\/sr\/proizvod\/ormaric-za-umivaonik-60x30x605-cm\/#primaryimage"},"image":{"@id":"https:\/\/inti.hr\/sr\/proizvod\/ormaric-za-umivaonik-60x30x605-cm\/#primaryimage"},"thumbnailUrl":"https:\/\/i0.wp.com\/inti.hr\/wp-content\/uploads\/2024\/01\/BZR133-NG-Y001_670x.webp?fit=670%2C670&ssl=1","datePublished":"2024-01-26T13:30:22+00:00","dateModified":"2024-01-26T13:30:22+00:00","description":"Kupaonica je va\u017eno okru\u017eenje u kojem provodite mnogo vremena svaki dan: od tu\u0161iranja do bu\u0111enja, od pranja zubi do opu\u0161taju\u0107e rutine njege tijela.S prakti\u010dnim i jednostavnim ormari\u0107em za umivaonik kona\u010dno \u0107ete imati idealan prostor za odr\u017eavanje uredne kupaonice.Unutra, ovaj ormari\u0107 nudi dovoljno prostora za pohranjivanje pra\u0161ka za pranje rublja, deterd\u017eenata, pribora i ostalog kupaonskog pribora.Zahvaljuju\u0107i otvoru za sifon, ormari\u0107 nudi mogu\u0107nost postavljanja ispod umivaonika i na taj na\u010din pokriva ometaju\u0107e komponente.Drveni nosa\u010di olak\u0161avaju \u010di\u0161\u0107enje donjeg dijela i savr\u0161eno se uklapaju u sofisticirani stil ove linije. Donji odjeljak je za \u010desto kori\u0161tene predmete kao \u0161to su deterd\u017eenti, sredstva za \u010di\u0161\u0107enje kupaonice ili druge sitnice.","breadcrumb":{"@id":"https:\/\/inti.hr\/sr\/proizvod\/ormaric-za-umivaonik-60x30x605-cm\/#breadcrumb"},"inLanguage":"sr-RS","potentialAction":[{"@type":"ReadAction","target":["https:\/\/inti.hr\/sr\/proizvod\/ormaric-za-umivaonik-60x30x605-cm\/"]}]},{"@type":"ImageObject","inLanguage":"sr-RS","@id":"https:\/\/inti.hr\/sr\/proizvod\/ormaric-za-umivaonik-60x30x605-cm\/#primaryimage","url":"https:\/\/i0.wp.com\/inti.hr\/wp-content\/uploads\/2024\/01\/BZR133-NG-Y001_670x.webp?fit=670%2C670&ssl=1","contentUrl":"https:\/\/i0.wp.com\/inti.hr\/wp-content\/uploads\/2024\/01\/BZR133-NG-Y001_670x.webp?fit=670%2C670&ssl=1","width":670,"height":670},{"@type":"BreadcrumbList","@id":"https:\/\/inti.hr\/sr\/proizvod\/ormaric-za-umivaonik-60x30x605-cm\/#breadcrumb","itemListElement":[{"@type":"ListItem","position":1,"name":"Po\u010detna stranica","item":"https:\/\/inti.hr\/sr\/"},{"@type":"ListItem","position":2,"name":"Prodavnica","item":"https:\/\/inti.hr\/sr\/prodavnica\/"},{"@type":"ListItem","position":3,"name":"Ormari\u0107 za umivaonik 60x30x60,5 Cm"}]},{"@type":"WebSite","@id":"https:\/\/inti.hr\/sr\/#website","url":"https:\/\/inti.hr\/sr\/","name":"Inti","description":"trgovina","potentialAction":[{"@type":"SearchAction","target":{"@type":"EntryPoint","urlTemplate":"https:\/\/inti.hr\/sr\/?s={search_term_string}"},"query-input":{"@type":"PropertyValueSpecification","valueRequired":true,"valueName":"search_term_string"}}],"inLanguage":"sr-RS"}]}},"jetpack_sharing_enabled":true,"jetpack-related-posts":[],"_links":{"self":[{"href":"https:\/\/inti.hr\/sr\/wp-json\/wp\/v2\/product\/32897"}],"collection":[{"href":"https:\/\/inti.hr\/sr\/wp-json\/wp\/v2\/product"}],"about":[{"href":"https:\/\/inti.hr\/sr\/wp-json\/wp\/v2\/types\/product"}],"wp:featuredmedia":[{"embeddable":true,"href":"https:\/\/inti.hr\/sr\/wp-json\/wp\/v2\/media\/32898"}],"wp:attachment":[{"href":"https:\/\/inti.hr\/sr\/wp-json\/wp\/v2\/media?parent=32897"}],"wp:term":[{"taxonomy":"product_cat","embeddable":true,"href":"https:\/\/inti.hr\/sr\/wp-json\/wp\/v2\/product_cat?post=32897"},{"taxonomy":"product_tag","embeddable":true,"href":"https:\/\/inti.hr\/sr\/wp-json\/wp\/v2\/product_tag?post=32897"}],"curies":[{"name":"wp","href":"https:\/\/api.w.org\/{rel}","templated":true}]}}