{"id":32901,"date":"2024-01-26T13:26:40","date_gmt":"2024-01-26T13:26:40","guid":{"rendered":"https:\/\/inti.hr\/product\/djecji-regal-s-pretincima\/"},"modified":"2024-01-26T13:26:40","modified_gmt":"2024-01-26T13:26:40","slug":"djecji-regal-s-pretincima","status":"publish","type":"product","link":"https:\/\/inti.hr\/sr\/proizvod\/djecji-regal-s-pretincima\/","title":{"rendered":"Dje\u010dji regal s pretincima"},"content":{"rendered":"<p>Detalji proizvoda:<\/p>\n<ul>\n<li>Te\u017eina: oko 13,1 kg<\/li>\n<li>Testirano za: 33 kg<\/li>\n<li>Materijal: MDF, borovina, akrilna boja<\/li>\n<li>Mjere proizvoda: 60x36x88,8 cm (vidi sliku)<\/li>\n<li>Dostava: u 1 paketu<\/li>\n<li>Dimenzije pakiranja: 93&#215;44,8&#215;15 cm<\/li>\n<li>S uputama za sastavljanje i vijcima.\u00a0Jednostavna instalacija.<\/li>\n<\/ul>\n","protected":false},"excerpt":{"rendered":"<p>Dje\u010dja polica za knjige savr\u0161ena je za izlaganje omiljenih mekanih igra\u010daka, &#8230; <\/p>\n","protected":false},"featured_media":32902,"template":"","meta":[],"product_cat":[2411],"product_tag":[3007,2413],"yoast_head":"<!-- This site is optimized with the Yoast SEO plugin v23.7 - https:\/\/yoast.com\/wordpress\/plugins\/seo\/ -->\n<title>Dje\u010dji regal s pretincima - Inti<\/title>\n<meta name=\"description\" content=\"Dje\u010dja polica za knjige savr\u0161ena je za izlaganje omiljenih mekanih igra\u010daka, knjiga ili Lego konstrukcija.Uz visinu od 88 cm, knjige se mogu lako sortirati i izvaditi, tako da nije potrebna pomo\u0107 odraslih.Polica je izra\u0111ena od visokokvalitetnog medijapana (E1), laka za odr\u017eavanje, \u010dvrsta, stabilna i dovoljno lagana da se po potrebi pomi\u010de.Preporu\u010dljivo je pri\u010dvrstiti namje\u0161taj na zid s uklju\u010denim priborom protiv prevrtanja, kako biste izbjegli nezgode ako se dijete popne ili visi na njemu.\" \/>\n<meta name=\"robots\" content=\"index, follow, max-snippet:-1, max-image-preview:large, max-video-preview:-1\" \/>\n<link rel=\"canonical\" href=\"https:\/\/inti.hr\/sr\/proizvod\/djecji-regal-s-pretincima\/\" \/>\n<meta property=\"og:locale\" content=\"sr_RS\" \/>\n<meta property=\"og:type\" content=\"article\" \/>\n<meta property=\"og:title\" content=\"Dje\u010dji regal s pretincima - Inti\" \/>\n<meta property=\"og:description\" content=\"Dje\u010dja polica za knjige savr\u0161ena je za izlaganje omiljenih mekanih igra\u010daka, knjiga ili Lego konstrukcija.Uz visinu od 88 cm, knjige se mogu lako sortirati i izvaditi, tako da nije potrebna pomo\u0107 odraslih.Polica je izra\u0111ena od visokokvalitetnog medijapana (E1), laka za odr\u017eavanje, \u010dvrsta, stabilna i dovoljno lagana da se po potrebi pomi\u010de.Preporu\u010dljivo je pri\u010dvrstiti namje\u0161taj na zid s uklju\u010denim priborom protiv prevrtanja, kako biste izbjegli nezgode ako se dijete popne ili visi na njemu.\" \/>\n<meta property=\"og:url\" content=\"https:\/\/inti.hr\/sr\/proizvod\/djecji-regal-s-pretincima\/\" \/>\n<meta property=\"og:site_name\" content=\"Inti\" \/>\n<meta property=\"og:image\" content=\"https:\/\/i0.wp.com\/inti.hr\/wp-content\/uploads\/2024\/01\/KMB90-GR-Y002_670x.webp?fit=670%2C670&ssl=1\" \/>\n\t<meta property=\"og:image:width\" content=\"670\" \/>\n\t<meta property=\"og:image:height\" content=\"670\" \/>\n\t<meta property=\"og:image:type\" content=\"image\/webp\" \/>\n<meta name=\"twitter:card\" content=\"summary_large_image\" \/>\n<script type=\"application\/ld+json\" class=\"yoast-schema-graph\">{\"@context\":\"https:\/\/schema.org\",\"@graph\":[{\"@type\":\"WebPage\",\"@id\":\"https:\/\/inti.hr\/sr\/proizvod\/djecji-regal-s-pretincima\/\",\"url\":\"https:\/\/inti.hr\/sr\/proizvod\/djecji-regal-s-pretincima\/\",\"name\":\"Dje\u010dji regal s pretincima - Inti\",\"isPartOf\":{\"@id\":\"https:\/\/inti.hr\/sr\/#website\"},\"primaryImageOfPage\":{\"@id\":\"https:\/\/inti.hr\/sr\/proizvod\/djecji-regal-s-pretincima\/#primaryimage\"},\"image\":{\"@id\":\"https:\/\/inti.hr\/sr\/proizvod\/djecji-regal-s-pretincima\/#primaryimage\"},\"thumbnailUrl\":\"https:\/\/i0.wp.com\/inti.hr\/wp-content\/uploads\/2024\/01\/KMB90-GR-Y002_670x.webp?fit=670%2C670&ssl=1\",\"datePublished\":\"2024-01-26T13:26:40+00:00\",\"dateModified\":\"2024-01-26T13:26:40+00:00\",\"description\":\"Dje\u010dja polica za knjige savr\u0161ena je za izlaganje omiljenih mekanih igra\u010daka, knjiga ili Lego konstrukcija.Uz visinu od 88 cm, knjige se mogu lako sortirati i izvaditi, tako da nije potrebna pomo\u0107 odraslih.Polica je izra\u0111ena od visokokvalitetnog medijapana (E1), laka za odr\u017eavanje, \u010dvrsta, stabilna i dovoljno lagana da se po potrebi pomi\u010de.Preporu\u010dljivo je pri\u010dvrstiti namje\u0161taj na zid s uklju\u010denim priborom protiv prevrtanja, kako biste izbjegli nezgode ako se dijete popne ili visi na njemu.\",\"breadcrumb\":{\"@id\":\"https:\/\/inti.hr\/sr\/proizvod\/djecji-regal-s-pretincima\/#breadcrumb\"},\"inLanguage\":\"sr-RS\",\"potentialAction\":[{\"@type\":\"ReadAction\",\"target\":[\"https:\/\/inti.hr\/sr\/proizvod\/djecji-regal-s-pretincima\/\"]}]},{\"@type\":\"ImageObject\",\"inLanguage\":\"sr-RS\",\"@id\":\"https:\/\/inti.hr\/sr\/proizvod\/djecji-regal-s-pretincima\/#primaryimage\",\"url\":\"https:\/\/i0.wp.com\/inti.hr\/wp-content\/uploads\/2024\/01\/KMB90-GR-Y002_670x.webp?fit=670%2C670&ssl=1\",\"contentUrl\":\"https:\/\/i0.wp.com\/inti.hr\/wp-content\/uploads\/2024\/01\/KMB90-GR-Y002_670x.webp?fit=670%2C670&ssl=1\",\"width\":670,\"height\":670},{\"@type\":\"BreadcrumbList\",\"@id\":\"https:\/\/inti.hr\/sr\/proizvod\/djecji-regal-s-pretincima\/#breadcrumb\",\"itemListElement\":[{\"@type\":\"ListItem\",\"position\":1,\"name\":\"Po\u010detna stranica\",\"item\":\"https:\/\/inti.hr\/sr\/\"},{\"@type\":\"ListItem\",\"position\":2,\"name\":\"Prodavnica\",\"item\":\"https:\/\/inti.hr\/sr\/prodavnica\/\"},{\"@type\":\"ListItem\",\"position\":3,\"name\":\"Dje\u010dji regal s pretincima\"}]},{\"@type\":\"WebSite\",\"@id\":\"https:\/\/inti.hr\/sr\/#website\",\"url\":\"https:\/\/inti.hr\/sr\/\",\"name\":\"Inti\",\"description\":\"trgovina\",\"potentialAction\":[{\"@type\":\"SearchAction\",\"target\":{\"@type\":\"EntryPoint\",\"urlTemplate\":\"https:\/\/inti.hr\/sr\/?s={search_term_string}\"},\"query-input\":{\"@type\":\"PropertyValueSpecification\",\"valueRequired\":true,\"valueName\":\"search_term_string\"}}],\"inLanguage\":\"sr-RS\"}]}<\/script>\n<!-- \/ Yoast SEO plugin. -->","yoast_head_json":{"title":"Dje\u010dji regal s pretincima - Inti","description":"Dje\u010dja polica za knjige savr\u0161ena je za izlaganje omiljenih mekanih igra\u010daka, knjiga ili Lego konstrukcija.Uz visinu od 88 cm, knjige se mogu lako sortirati i izvaditi, tako da nije potrebna pomo\u0107 odraslih.Polica je izra\u0111ena od visokokvalitetnog medijapana (E1), laka za odr\u017eavanje, \u010dvrsta, stabilna i dovoljno lagana da se po potrebi pomi\u010de.Preporu\u010dljivo je pri\u010dvrstiti namje\u0161taj na zid s uklju\u010denim priborom protiv prevrtanja, kako biste izbjegli nezgode ako se dijete popne ili visi na njemu.","robots":{"index":"index","follow":"follow","max-snippet":"max-snippet:-1","max-image-preview":"max-image-preview:large","max-video-preview":"max-video-preview:-1"},"canonical":"https:\/\/inti.hr\/sr\/proizvod\/djecji-regal-s-pretincima\/","og_locale":"sr_RS","og_type":"article","og_title":"Dje\u010dji regal s pretincima - Inti","og_description":"Dje\u010dja polica za knjige savr\u0161ena je za izlaganje omiljenih mekanih igra\u010daka, knjiga ili Lego konstrukcija.Uz visinu od 88 cm, knjige se mogu lako sortirati i izvaditi, tako da nije potrebna pomo\u0107 odraslih.Polica je izra\u0111ena od visokokvalitetnog medijapana (E1), laka za odr\u017eavanje, \u010dvrsta, stabilna i dovoljno lagana da se po potrebi pomi\u010de.Preporu\u010dljivo je pri\u010dvrstiti namje\u0161taj na zid s uklju\u010denim priborom protiv prevrtanja, kako biste izbjegli nezgode ako se dijete popne ili visi na njemu.","og_url":"https:\/\/inti.hr\/sr\/proizvod\/djecji-regal-s-pretincima\/","og_site_name":"Inti","og_image":[{"width":670,"height":670,"url":"https:\/\/i0.wp.com\/inti.hr\/wp-content\/uploads\/2024\/01\/KMB90-GR-Y002_670x.webp?fit=670%2C670&ssl=1","type":"image\/webp"}],"twitter_card":"summary_large_image","schema":{"@context":"https:\/\/schema.org","@graph":[{"@type":"WebPage","@id":"https:\/\/inti.hr\/sr\/proizvod\/djecji-regal-s-pretincima\/","url":"https:\/\/inti.hr\/sr\/proizvod\/djecji-regal-s-pretincima\/","name":"Dje\u010dji regal s pretincima - Inti","isPartOf":{"@id":"https:\/\/inti.hr\/sr\/#website"},"primaryImageOfPage":{"@id":"https:\/\/inti.hr\/sr\/proizvod\/djecji-regal-s-pretincima\/#primaryimage"},"image":{"@id":"https:\/\/inti.hr\/sr\/proizvod\/djecji-regal-s-pretincima\/#primaryimage"},"thumbnailUrl":"https:\/\/i0.wp.com\/inti.hr\/wp-content\/uploads\/2024\/01\/KMB90-GR-Y002_670x.webp?fit=670%2C670&ssl=1","datePublished":"2024-01-26T13:26:40+00:00","dateModified":"2024-01-26T13:26:40+00:00","description":"Dje\u010dja polica za knjige savr\u0161ena je za izlaganje omiljenih mekanih igra\u010daka, knjiga ili Lego konstrukcija.Uz visinu od 88 cm, knjige se mogu lako sortirati i izvaditi, tako da nije potrebna pomo\u0107 odraslih.Polica je izra\u0111ena od visokokvalitetnog medijapana (E1), laka za odr\u017eavanje, \u010dvrsta, stabilna i dovoljno lagana da se po potrebi pomi\u010de.Preporu\u010dljivo je pri\u010dvrstiti namje\u0161taj na zid s uklju\u010denim priborom protiv prevrtanja, kako biste izbjegli nezgode ako se dijete popne ili visi na njemu.","breadcrumb":{"@id":"https:\/\/inti.hr\/sr\/proizvod\/djecji-regal-s-pretincima\/#breadcrumb"},"inLanguage":"sr-RS","potentialAction":[{"@type":"ReadAction","target":["https:\/\/inti.hr\/sr\/proizvod\/djecji-regal-s-pretincima\/"]}]},{"@type":"ImageObject","inLanguage":"sr-RS","@id":"https:\/\/inti.hr\/sr\/proizvod\/djecji-regal-s-pretincima\/#primaryimage","url":"https:\/\/i0.wp.com\/inti.hr\/wp-content\/uploads\/2024\/01\/KMB90-GR-Y002_670x.webp?fit=670%2C670&ssl=1","contentUrl":"https:\/\/i0.wp.com\/inti.hr\/wp-content\/uploads\/2024\/01\/KMB90-GR-Y002_670x.webp?fit=670%2C670&ssl=1","width":670,"height":670},{"@type":"BreadcrumbList","@id":"https:\/\/inti.hr\/sr\/proizvod\/djecji-regal-s-pretincima\/#breadcrumb","itemListElement":[{"@type":"ListItem","position":1,"name":"Po\u010detna stranica","item":"https:\/\/inti.hr\/sr\/"},{"@type":"ListItem","position":2,"name":"Prodavnica","item":"https:\/\/inti.hr\/sr\/prodavnica\/"},{"@type":"ListItem","position":3,"name":"Dje\u010dji regal s pretincima"}]},{"@type":"WebSite","@id":"https:\/\/inti.hr\/sr\/#website","url":"https:\/\/inti.hr\/sr\/","name":"Inti","description":"trgovina","potentialAction":[{"@type":"SearchAction","target":{"@type":"EntryPoint","urlTemplate":"https:\/\/inti.hr\/sr\/?s={search_term_string}"},"query-input":{"@type":"PropertyValueSpecification","valueRequired":true,"valueName":"search_term_string"}}],"inLanguage":"sr-RS"}]}},"jetpack_sharing_enabled":true,"jetpack-related-posts":[],"_links":{"self":[{"href":"https:\/\/inti.hr\/sr\/wp-json\/wp\/v2\/product\/32901"}],"collection":[{"href":"https:\/\/inti.hr\/sr\/wp-json\/wp\/v2\/product"}],"about":[{"href":"https:\/\/inti.hr\/sr\/wp-json\/wp\/v2\/types\/product"}],"wp:featuredmedia":[{"embeddable":true,"href":"https:\/\/inti.hr\/sr\/wp-json\/wp\/v2\/media\/32902"}],"wp:attachment":[{"href":"https:\/\/inti.hr\/sr\/wp-json\/wp\/v2\/media?parent=32901"}],"wp:term":[{"taxonomy":"product_cat","embeddable":true,"href":"https:\/\/inti.hr\/sr\/wp-json\/wp\/v2\/product_cat?post=32901"},{"taxonomy":"product_tag","embeddable":true,"href":"https:\/\/inti.hr\/sr\/wp-json\/wp\/v2\/product_tag?post=32901"}],"curies":[{"name":"wp","href":"https:\/\/api.w.org\/{rel}","templated":true}]}}