{"id":32914,"date":"2024-01-26T08:15:37","date_gmt":"2024-01-26T08:15:37","guid":{"rendered":"https:\/\/inti.hr\/product\/radni-stol-100-x-70-x-165-cm\/"},"modified":"2024-01-26T08:15:37","modified_gmt":"2024-01-26T08:15:37","slug":"radni-stol-100-x-70-x-165-cm","status":"publish","type":"product","link":"https:\/\/inti.hr\/sr\/proizvod\/radni-stol-100-x-70-x-165-cm\/","title":{"rendered":"Radni stol 100 x 70 x 16,5 cm"},"content":{"rendered":"<p>Detalji proizvoda:<\/p>\n<p>Radna povr\u0161ina stola od nehr\u0111aju\u0107eg \u010delika iznosi 100 x 70 x 16.5 cm i pru\u017ea dovoljno prostora za va\u0161 svakodnevni rad. Dvije dodatne razine osiguravaju dodatni prostor za pohranu, omogu\u0107uju\u0107i dobro strukturiran, jasan rad. Ve\u0107i predmeti visine 29 \/ 26 cm tako\u0111er se mogu pohraniti na ove razine.<\/p>\n<p>Postolje visine 115 mm \u0161titi zidove i okolinu od prskanja vodom, krhotina i o\u0161te\u0107enja. Radni stol od nehr\u0111aju\u0107eg \u010delika posti\u017ee optimalnu stabilnost \u010dak i na neravnim podovima uz pomo\u0107 stopala podesivih po visini od 50 &#8211; 60 mm. Komercijalni kuhinjski stol se brzo i jednostavno sastavlja zahvaljuju\u0107i prilo\u017eenim materijalima za sastavljanje, \u0161to zna\u010di da je spreman za upotrebu u tren oka. \u010cvrste okrugle noge stola promjera 48 mm stabiliziraju i pove\u0107avaju maksimalnu nosivost na 204 kg.<\/p>\n<p>&nbsp;<\/p>\n<p>Tehni\u010dke pojedinosti:<\/p>\n<p>Boja: srebro<\/p>\n<p>Udaljenost izme\u0111u posuda [cm]: 29\/26<\/p>\n<p>Debljina materijala [mm]: 0.6mm<\/p>\n<p>Dimenzije (Dx\u0160xV): 100 x 70 x 96.5 cm<\/p>\n<p>Pode\u0161avanje no\u017eica [mm]: 50 &#8211; 60<\/p>\n<p>Mjere donje police [cm]: 91 x 61 x 5<\/p>\n<p>Ukupna nosivost [kg]: 204 kg<\/p>\n<p>Te\u017eina: 22.1 kg<\/p>\n<p>Dimenzije gornje police [cm]: 100 x 70 x 16.5<\/p>\n<p>Broj polica: 2<\/p>\n<p>Maks. nosivost donje police [kg]: 47<\/p>\n","protected":false},"excerpt":{"rendered":"<p>Otporno \u2013 visoka nosivost od 204 kg zahvaljuju\u0107i \u010dvrstoj konstrukciji<br \/>\nProstran \u2013 &#8230; <\/p>\n","protected":false},"featured_media":32916,"template":"","meta":[],"product_cat":[3505],"product_tag":[],"yoast_head":"<!-- This site is optimized with the Yoast SEO plugin v23.7 - https:\/\/yoast.com\/wordpress\/plugins\/seo\/ -->\n<title>Radni stol 100 x 70 x 16,5 cm - Inti<\/title>\n<meta name=\"description\" content=\"Otporno \u2013 visoka nosivost od 204 kg zahvaljuju\u0107i \u010dvrstoj konstrukcijiProstran \u2013 velika radna povr\u0161ina i 2 prakti\u010dnih policaNehr\u0111aju\u0107i \u010delik \u2013 higijenski, dugotrajan i jednostavan za odr\u017eavanje\u010cvrst \u2013 stabilan zahvaljuju\u0107i nogama podesivim po visiniHigijenski \u2013 s 115 mm visokom za\u0161titom od prskanja\" \/>\n<meta name=\"robots\" content=\"index, follow, max-snippet:-1, max-image-preview:large, max-video-preview:-1\" \/>\n<link rel=\"canonical\" href=\"https:\/\/inti.hr\/sr\/proizvod\/radni-stol-100-x-70-x-165-cm\/\" \/>\n<meta property=\"og:locale\" content=\"sr_RS\" \/>\n<meta property=\"og:type\" content=\"article\" \/>\n<meta property=\"og:title\" content=\"Radni stol 100 x 70 x 16,5 cm - Inti\" \/>\n<meta property=\"og:description\" content=\"Otporno \u2013 visoka nosivost od 204 kg zahvaljuju\u0107i \u010dvrstoj konstrukcijiProstran \u2013 velika radna povr\u0161ina i 2 prakti\u010dnih policaNehr\u0111aju\u0107i \u010delik \u2013 higijenski, dugotrajan i jednostavan za odr\u017eavanje\u010cvrst \u2013 stabilan zahvaljuju\u0107i nogama podesivim po visiniHigijenski \u2013 s 115 mm visokom za\u0161titom od prskanja\" \/>\n<meta property=\"og:url\" content=\"https:\/\/inti.hr\/sr\/proizvod\/radni-stol-100-x-70-x-165-cm\/\" \/>\n<meta property=\"og:site_name\" content=\"Inti\" \/>\n<meta property=\"og:image\" content=\"https:\/\/i0.wp.com\/inti.hr\/wp-content\/uploads\/2024\/01\/10012678_photo_1.webp?fit=1600%2C1600&ssl=1\" \/>\n\t<meta property=\"og:image:width\" content=\"1600\" \/>\n\t<meta property=\"og:image:height\" content=\"1600\" \/>\n\t<meta property=\"og:image:type\" content=\"image\/webp\" \/>\n<meta name=\"twitter:card\" content=\"summary_large_image\" \/>\n<meta name=\"twitter:label1\" content=\"\u041f\u0440\u043e\u0446\u0435\u045a\u0435\u043d\u043e \u0432\u0440\u0435\u043c\u0435 \u0447\u0438\u0442\u0430\u045a\u0430\" \/>\n\t<meta name=\"twitter:data1\" content=\"1 \u043c\u0438\u043d\u0443\u0442\" \/>\n<script type=\"application\/ld+json\" class=\"yoast-schema-graph\">{\"@context\":\"https:\/\/schema.org\",\"@graph\":[{\"@type\":\"WebPage\",\"@id\":\"https:\/\/inti.hr\/sr\/proizvod\/radni-stol-100-x-70-x-165-cm\/\",\"url\":\"https:\/\/inti.hr\/sr\/proizvod\/radni-stol-100-x-70-x-165-cm\/\",\"name\":\"Radni stol 100 x 70 x 16,5 cm - Inti\",\"isPartOf\":{\"@id\":\"https:\/\/inti.hr\/sr\/#website\"},\"primaryImageOfPage\":{\"@id\":\"https:\/\/inti.hr\/sr\/proizvod\/radni-stol-100-x-70-x-165-cm\/#primaryimage\"},\"image\":{\"@id\":\"https:\/\/inti.hr\/sr\/proizvod\/radni-stol-100-x-70-x-165-cm\/#primaryimage\"},\"thumbnailUrl\":\"https:\/\/i0.wp.com\/inti.hr\/wp-content\/uploads\/2024\/01\/10012678_photo_1.webp?fit=1600%2C1600&ssl=1\",\"datePublished\":\"2024-01-26T08:15:37+00:00\",\"dateModified\":\"2024-01-26T08:15:37+00:00\",\"description\":\"Otporno \u2013 visoka nosivost od 204 kg zahvaljuju\u0107i \u010dvrstoj konstrukcijiProstran \u2013 velika radna povr\u0161ina i 2 prakti\u010dnih policaNehr\u0111aju\u0107i \u010delik \u2013 higijenski, dugotrajan i jednostavan za odr\u017eavanje\u010cvrst \u2013 stabilan zahvaljuju\u0107i nogama podesivim po visiniHigijenski \u2013 s 115 mm visokom za\u0161titom od prskanja\",\"breadcrumb\":{\"@id\":\"https:\/\/inti.hr\/sr\/proizvod\/radni-stol-100-x-70-x-165-cm\/#breadcrumb\"},\"inLanguage\":\"sr-RS\",\"potentialAction\":[{\"@type\":\"ReadAction\",\"target\":[\"https:\/\/inti.hr\/sr\/proizvod\/radni-stol-100-x-70-x-165-cm\/\"]}]},{\"@type\":\"ImageObject\",\"inLanguage\":\"sr-RS\",\"@id\":\"https:\/\/inti.hr\/sr\/proizvod\/radni-stol-100-x-70-x-165-cm\/#primaryimage\",\"url\":\"https:\/\/i0.wp.com\/inti.hr\/wp-content\/uploads\/2024\/01\/10012678_photo_1.webp?fit=1600%2C1600&ssl=1\",\"contentUrl\":\"https:\/\/i0.wp.com\/inti.hr\/wp-content\/uploads\/2024\/01\/10012678_photo_1.webp?fit=1600%2C1600&ssl=1\",\"width\":1600,\"height\":1600},{\"@type\":\"BreadcrumbList\",\"@id\":\"https:\/\/inti.hr\/sr\/proizvod\/radni-stol-100-x-70-x-165-cm\/#breadcrumb\",\"itemListElement\":[{\"@type\":\"ListItem\",\"position\":1,\"name\":\"Po\u010detna stranica\",\"item\":\"https:\/\/inti.hr\/sr\/\"},{\"@type\":\"ListItem\",\"position\":2,\"name\":\"Prodavnica\",\"item\":\"https:\/\/inti.hr\/sr\/prodavnica\/\"},{\"@type\":\"ListItem\",\"position\":3,\"name\":\"Radni stol 100 x 70 x 16,5 cm\"}]},{\"@type\":\"WebSite\",\"@id\":\"https:\/\/inti.hr\/sr\/#website\",\"url\":\"https:\/\/inti.hr\/sr\/\",\"name\":\"Inti\",\"description\":\"trgovina\",\"potentialAction\":[{\"@type\":\"SearchAction\",\"target\":{\"@type\":\"EntryPoint\",\"urlTemplate\":\"https:\/\/inti.hr\/sr\/?s={search_term_string}\"},\"query-input\":{\"@type\":\"PropertyValueSpecification\",\"valueRequired\":true,\"valueName\":\"search_term_string\"}}],\"inLanguage\":\"sr-RS\"}]}<\/script>\n<!-- \/ Yoast SEO plugin. -->","yoast_head_json":{"title":"Radni stol 100 x 70 x 16,5 cm - Inti","description":"Otporno \u2013 visoka nosivost od 204 kg zahvaljuju\u0107i \u010dvrstoj konstrukcijiProstran \u2013 velika radna povr\u0161ina i 2 prakti\u010dnih policaNehr\u0111aju\u0107i \u010delik \u2013 higijenski, dugotrajan i jednostavan za odr\u017eavanje\u010cvrst \u2013 stabilan zahvaljuju\u0107i nogama podesivim po visiniHigijenski \u2013 s 115 mm visokom za\u0161titom od prskanja","robots":{"index":"index","follow":"follow","max-snippet":"max-snippet:-1","max-image-preview":"max-image-preview:large","max-video-preview":"max-video-preview:-1"},"canonical":"https:\/\/inti.hr\/sr\/proizvod\/radni-stol-100-x-70-x-165-cm\/","og_locale":"sr_RS","og_type":"article","og_title":"Radni stol 100 x 70 x 16,5 cm - Inti","og_description":"Otporno \u2013 visoka nosivost od 204 kg zahvaljuju\u0107i \u010dvrstoj konstrukcijiProstran \u2013 velika radna povr\u0161ina i 2 prakti\u010dnih policaNehr\u0111aju\u0107i \u010delik \u2013 higijenski, dugotrajan i jednostavan za odr\u017eavanje\u010cvrst \u2013 stabilan zahvaljuju\u0107i nogama podesivim po visiniHigijenski \u2013 s 115 mm visokom za\u0161titom od prskanja","og_url":"https:\/\/inti.hr\/sr\/proizvod\/radni-stol-100-x-70-x-165-cm\/","og_site_name":"Inti","og_image":[{"width":1600,"height":1600,"url":"https:\/\/i0.wp.com\/inti.hr\/wp-content\/uploads\/2024\/01\/10012678_photo_1.webp?fit=1600%2C1600&ssl=1","type":"image\/webp"}],"twitter_card":"summary_large_image","twitter_misc":{"\u041f\u0440\u043e\u0446\u0435\u045a\u0435\u043d\u043e \u0432\u0440\u0435\u043c\u0435 \u0447\u0438\u0442\u0430\u045a\u0430":"1 \u043c\u0438\u043d\u0443\u0442"},"schema":{"@context":"https:\/\/schema.org","@graph":[{"@type":"WebPage","@id":"https:\/\/inti.hr\/sr\/proizvod\/radni-stol-100-x-70-x-165-cm\/","url":"https:\/\/inti.hr\/sr\/proizvod\/radni-stol-100-x-70-x-165-cm\/","name":"Radni stol 100 x 70 x 16,5 cm - Inti","isPartOf":{"@id":"https:\/\/inti.hr\/sr\/#website"},"primaryImageOfPage":{"@id":"https:\/\/inti.hr\/sr\/proizvod\/radni-stol-100-x-70-x-165-cm\/#primaryimage"},"image":{"@id":"https:\/\/inti.hr\/sr\/proizvod\/radni-stol-100-x-70-x-165-cm\/#primaryimage"},"thumbnailUrl":"https:\/\/i0.wp.com\/inti.hr\/wp-content\/uploads\/2024\/01\/10012678_photo_1.webp?fit=1600%2C1600&ssl=1","datePublished":"2024-01-26T08:15:37+00:00","dateModified":"2024-01-26T08:15:37+00:00","description":"Otporno \u2013 visoka nosivost od 204 kg zahvaljuju\u0107i \u010dvrstoj konstrukcijiProstran \u2013 velika radna povr\u0161ina i 2 prakti\u010dnih policaNehr\u0111aju\u0107i \u010delik \u2013 higijenski, dugotrajan i jednostavan za odr\u017eavanje\u010cvrst \u2013 stabilan zahvaljuju\u0107i nogama podesivim po visiniHigijenski \u2013 s 115 mm visokom za\u0161titom od prskanja","breadcrumb":{"@id":"https:\/\/inti.hr\/sr\/proizvod\/radni-stol-100-x-70-x-165-cm\/#breadcrumb"},"inLanguage":"sr-RS","potentialAction":[{"@type":"ReadAction","target":["https:\/\/inti.hr\/sr\/proizvod\/radni-stol-100-x-70-x-165-cm\/"]}]},{"@type":"ImageObject","inLanguage":"sr-RS","@id":"https:\/\/inti.hr\/sr\/proizvod\/radni-stol-100-x-70-x-165-cm\/#primaryimage","url":"https:\/\/i0.wp.com\/inti.hr\/wp-content\/uploads\/2024\/01\/10012678_photo_1.webp?fit=1600%2C1600&ssl=1","contentUrl":"https:\/\/i0.wp.com\/inti.hr\/wp-content\/uploads\/2024\/01\/10012678_photo_1.webp?fit=1600%2C1600&ssl=1","width":1600,"height":1600},{"@type":"BreadcrumbList","@id":"https:\/\/inti.hr\/sr\/proizvod\/radni-stol-100-x-70-x-165-cm\/#breadcrumb","itemListElement":[{"@type":"ListItem","position":1,"name":"Po\u010detna stranica","item":"https:\/\/inti.hr\/sr\/"},{"@type":"ListItem","position":2,"name":"Prodavnica","item":"https:\/\/inti.hr\/sr\/prodavnica\/"},{"@type":"ListItem","position":3,"name":"Radni stol 100 x 70 x 16,5 cm"}]},{"@type":"WebSite","@id":"https:\/\/inti.hr\/sr\/#website","url":"https:\/\/inti.hr\/sr\/","name":"Inti","description":"trgovina","potentialAction":[{"@type":"SearchAction","target":{"@type":"EntryPoint","urlTemplate":"https:\/\/inti.hr\/sr\/?s={search_term_string}"},"query-input":{"@type":"PropertyValueSpecification","valueRequired":true,"valueName":"search_term_string"}}],"inLanguage":"sr-RS"}]}},"jetpack_sharing_enabled":true,"jetpack-related-posts":[],"_links":{"self":[{"href":"https:\/\/inti.hr\/sr\/wp-json\/wp\/v2\/product\/32914"}],"collection":[{"href":"https:\/\/inti.hr\/sr\/wp-json\/wp\/v2\/product"}],"about":[{"href":"https:\/\/inti.hr\/sr\/wp-json\/wp\/v2\/types\/product"}],"wp:featuredmedia":[{"embeddable":true,"href":"https:\/\/inti.hr\/sr\/wp-json\/wp\/v2\/media\/32916"}],"wp:attachment":[{"href":"https:\/\/inti.hr\/sr\/wp-json\/wp\/v2\/media?parent=32914"}],"wp:term":[{"taxonomy":"product_cat","embeddable":true,"href":"https:\/\/inti.hr\/sr\/wp-json\/wp\/v2\/product_cat?post=32914"},{"taxonomy":"product_tag","embeddable":true,"href":"https:\/\/inti.hr\/sr\/wp-json\/wp\/v2\/product_tag?post=32914"}],"curies":[{"name":"wp","href":"https:\/\/api.w.org\/{rel}","templated":true}]}}