{"id":32967,"date":"2024-01-24T09:22:52","date_gmt":"2024-01-24T09:22:52","guid":{"rendered":"https:\/\/inti.hr\/product\/kosara-za-rublje-od-bambusa-skovde\/"},"modified":"2024-01-24T09:22:52","modified_gmt":"2024-01-24T09:22:52","slug":"kosara-za-rublje-od-bambusa-skovde","status":"publish","type":"product","link":"https:\/\/inti.hr\/sr\/proizvod\/kosara-za-rublje-od-bambusa-skovde\/","title":{"rendered":"Ko\u0161ara za rublje od bambusa Sk\u00f6vde"},"content":{"rendered":"<p>Detalji o proizvodu:<\/p>\n<p>&#8211; Prakti\u010dna i dekorativna kutija za pranje rublja<br \/>\n&#8211; S vre\u0107om za rublje koja se mo\u017ee ukloniti za udoban transport rublja<br \/>\n&#8211; Prirodni i ekolo\u0161ki prihvatljivi materijal<br \/>\n&#8211; Kapacitet vre\u0107ice za rublje: cca 65 litara<br \/>\n&#8211; Brza i jednostavna monta\u017ea<br \/>\n&#8211; Poklopac koji propu\u0161ta zrak<\/p>\n<p>Dimenzije:<\/p>\n<p>&#8211; Ukupno (Dx\u0160xV): 50,5 x 35,5 x 60 cm<br \/>\n&#8211; Unutarnje dimenzije (Dx\u0160xV): 47,2 x 32 x 49 cm<br \/>\n&#8211; Visina vre\u0107e za rublje: 43 cm<\/p>\n<p>Materijal:<\/p>\n<p>&#8211; Ko\u0161ara za rublje: bambus<br \/>\n&#8211; Vre\u0107a za rublje: 100% pamuk<\/p>\n<p>Boja:<\/p>\n<p>&#8211; Ko\u0161ara za rublje: prirodna<br \/>\n&#8211; Vre\u0107a za rublje: be\u017e<\/p>\n","protected":false},"excerpt":{"rendered":"<p>Elegantna i prakti\u010dna ko\u0161ara za rublje idealna je za va\u0161e ku\u0107anstvo. &#8230; <\/p>\n","protected":false},"featured_media":32968,"template":"","meta":[],"product_cat":[2396],"product_tag":[3535,2430],"yoast_head":"<!-- This site is optimized with the Yoast SEO plugin v23.7 - https:\/\/yoast.com\/wordpress\/plugins\/seo\/ -->\n<title>Ko\u0161ara za rublje od bambusa Sk\u00f6vde - Inti<\/title>\n<meta name=\"description\" content=\"Elegantna i prakti\u010dna ko\u0161ara za rublje idealna je za va\u0161e ku\u0107anstvo. Prilo\u017eena torba za rublje nudi mnogo prostora za pohranu va\u0161eg rublja i mo\u017ee se brzo i jednostavno izvaditi.\" \/>\n<meta name=\"robots\" content=\"index, follow, max-snippet:-1, max-image-preview:large, max-video-preview:-1\" \/>\n<link rel=\"canonical\" href=\"https:\/\/inti.hr\/sr\/proizvod\/kosara-za-rublje-od-bambusa-skovde\/\" \/>\n<meta property=\"og:locale\" content=\"sr_RS\" \/>\n<meta property=\"og:type\" content=\"article\" \/>\n<meta property=\"og:title\" content=\"Ko\u0161ara za rublje od bambusa Sk\u00f6vde - Inti\" \/>\n<meta property=\"og:description\" content=\"Elegantna i prakti\u010dna ko\u0161ara za rublje idealna je za va\u0161e ku\u0107anstvo. Prilo\u017eena torba za rublje nudi mnogo prostora za pohranu va\u0161eg rublja i mo\u017ee se brzo i jednostavno izvaditi.\" \/>\n<meta property=\"og:url\" content=\"https:\/\/inti.hr\/sr\/proizvod\/kosara-za-rublje-od-bambusa-skovde\/\" \/>\n<meta property=\"og:site_name\" content=\"Inti\" \/>\n<meta property=\"og:image\" content=\"https:\/\/i0.wp.com\/inti.hr\/wp-content\/uploads\/2024\/01\/9a2875de0eb92d65392038cdb4686479.jpg?fit=1400%2C1400&ssl=1\" \/>\n\t<meta property=\"og:image:width\" content=\"1400\" \/>\n\t<meta property=\"og:image:height\" content=\"1400\" \/>\n\t<meta property=\"og:image:type\" content=\"image\/jpeg\" \/>\n<meta name=\"twitter:card\" content=\"summary_large_image\" \/>\n<meta name=\"twitter:label1\" content=\"\u041f\u0440\u043e\u0446\u0435\u045a\u0435\u043d\u043e \u0432\u0440\u0435\u043c\u0435 \u0447\u0438\u0442\u0430\u045a\u0430\" \/>\n\t<meta name=\"twitter:data1\" content=\"1 \u043c\u0438\u043d\u0443\u0442\" \/>\n<script type=\"application\/ld+json\" class=\"yoast-schema-graph\">{\"@context\":\"https:\/\/schema.org\",\"@graph\":[{\"@type\":\"WebPage\",\"@id\":\"https:\/\/inti.hr\/sr\/proizvod\/kosara-za-rublje-od-bambusa-skovde\/\",\"url\":\"https:\/\/inti.hr\/sr\/proizvod\/kosara-za-rublje-od-bambusa-skovde\/\",\"name\":\"Ko\u0161ara za rublje od bambusa Sk\u00f6vde - Inti\",\"isPartOf\":{\"@id\":\"https:\/\/inti.hr\/sr\/#website\"},\"primaryImageOfPage\":{\"@id\":\"https:\/\/inti.hr\/sr\/proizvod\/kosara-za-rublje-od-bambusa-skovde\/#primaryimage\"},\"image\":{\"@id\":\"https:\/\/inti.hr\/sr\/proizvod\/kosara-za-rublje-od-bambusa-skovde\/#primaryimage\"},\"thumbnailUrl\":\"https:\/\/i0.wp.com\/inti.hr\/wp-content\/uploads\/2024\/01\/9a2875de0eb92d65392038cdb4686479.jpg?fit=1400%2C1400&ssl=1\",\"datePublished\":\"2024-01-24T09:22:52+00:00\",\"dateModified\":\"2024-01-24T09:22:52+00:00\",\"description\":\"Elegantna i prakti\u010dna ko\u0161ara za rublje idealna je za va\u0161e ku\u0107anstvo. Prilo\u017eena torba za rublje nudi mnogo prostora za pohranu va\u0161eg rublja i mo\u017ee se brzo i jednostavno izvaditi.\",\"breadcrumb\":{\"@id\":\"https:\/\/inti.hr\/sr\/proizvod\/kosara-za-rublje-od-bambusa-skovde\/#breadcrumb\"},\"inLanguage\":\"sr-RS\",\"potentialAction\":[{\"@type\":\"ReadAction\",\"target\":[\"https:\/\/inti.hr\/sr\/proizvod\/kosara-za-rublje-od-bambusa-skovde\/\"]}]},{\"@type\":\"ImageObject\",\"inLanguage\":\"sr-RS\",\"@id\":\"https:\/\/inti.hr\/sr\/proizvod\/kosara-za-rublje-od-bambusa-skovde\/#primaryimage\",\"url\":\"https:\/\/i0.wp.com\/inti.hr\/wp-content\/uploads\/2024\/01\/9a2875de0eb92d65392038cdb4686479.jpg?fit=1400%2C1400&ssl=1\",\"contentUrl\":\"https:\/\/i0.wp.com\/inti.hr\/wp-content\/uploads\/2024\/01\/9a2875de0eb92d65392038cdb4686479.jpg?fit=1400%2C1400&ssl=1\",\"width\":1400,\"height\":1400},{\"@type\":\"BreadcrumbList\",\"@id\":\"https:\/\/inti.hr\/sr\/proizvod\/kosara-za-rublje-od-bambusa-skovde\/#breadcrumb\",\"itemListElement\":[{\"@type\":\"ListItem\",\"position\":1,\"name\":\"Po\u010detna stranica\",\"item\":\"https:\/\/inti.hr\/sr\/\"},{\"@type\":\"ListItem\",\"position\":2,\"name\":\"Prodavnica\",\"item\":\"https:\/\/inti.hr\/sr\/prodavnica\/\"},{\"@type\":\"ListItem\",\"position\":3,\"name\":\"Ko\u0161ara za rublje od bambusa Sk\u00f6vde\"}]},{\"@type\":\"WebSite\",\"@id\":\"https:\/\/inti.hr\/sr\/#website\",\"url\":\"https:\/\/inti.hr\/sr\/\",\"name\":\"Inti\",\"description\":\"trgovina\",\"potentialAction\":[{\"@type\":\"SearchAction\",\"target\":{\"@type\":\"EntryPoint\",\"urlTemplate\":\"https:\/\/inti.hr\/sr\/?s={search_term_string}\"},\"query-input\":{\"@type\":\"PropertyValueSpecification\",\"valueRequired\":true,\"valueName\":\"search_term_string\"}}],\"inLanguage\":\"sr-RS\"}]}<\/script>\n<!-- \/ Yoast SEO plugin. -->","yoast_head_json":{"title":"Ko\u0161ara za rublje od bambusa Sk\u00f6vde - Inti","description":"Elegantna i prakti\u010dna ko\u0161ara za rublje idealna je za va\u0161e ku\u0107anstvo. Prilo\u017eena torba za rublje nudi mnogo prostora za pohranu va\u0161eg rublja i mo\u017ee se brzo i jednostavno izvaditi.","robots":{"index":"index","follow":"follow","max-snippet":"max-snippet:-1","max-image-preview":"max-image-preview:large","max-video-preview":"max-video-preview:-1"},"canonical":"https:\/\/inti.hr\/sr\/proizvod\/kosara-za-rublje-od-bambusa-skovde\/","og_locale":"sr_RS","og_type":"article","og_title":"Ko\u0161ara za rublje od bambusa Sk\u00f6vde - Inti","og_description":"Elegantna i prakti\u010dna ko\u0161ara za rublje idealna je za va\u0161e ku\u0107anstvo. Prilo\u017eena torba za rublje nudi mnogo prostora za pohranu va\u0161eg rublja i mo\u017ee se brzo i jednostavno izvaditi.","og_url":"https:\/\/inti.hr\/sr\/proizvod\/kosara-za-rublje-od-bambusa-skovde\/","og_site_name":"Inti","og_image":[{"width":1400,"height":1400,"url":"https:\/\/i0.wp.com\/inti.hr\/wp-content\/uploads\/2024\/01\/9a2875de0eb92d65392038cdb4686479.jpg?fit=1400%2C1400&ssl=1","type":"image\/jpeg"}],"twitter_card":"summary_large_image","twitter_misc":{"\u041f\u0440\u043e\u0446\u0435\u045a\u0435\u043d\u043e \u0432\u0440\u0435\u043c\u0435 \u0447\u0438\u0442\u0430\u045a\u0430":"1 \u043c\u0438\u043d\u0443\u0442"},"schema":{"@context":"https:\/\/schema.org","@graph":[{"@type":"WebPage","@id":"https:\/\/inti.hr\/sr\/proizvod\/kosara-za-rublje-od-bambusa-skovde\/","url":"https:\/\/inti.hr\/sr\/proizvod\/kosara-za-rublje-od-bambusa-skovde\/","name":"Ko\u0161ara za rublje od bambusa Sk\u00f6vde - Inti","isPartOf":{"@id":"https:\/\/inti.hr\/sr\/#website"},"primaryImageOfPage":{"@id":"https:\/\/inti.hr\/sr\/proizvod\/kosara-za-rublje-od-bambusa-skovde\/#primaryimage"},"image":{"@id":"https:\/\/inti.hr\/sr\/proizvod\/kosara-za-rublje-od-bambusa-skovde\/#primaryimage"},"thumbnailUrl":"https:\/\/i0.wp.com\/inti.hr\/wp-content\/uploads\/2024\/01\/9a2875de0eb92d65392038cdb4686479.jpg?fit=1400%2C1400&ssl=1","datePublished":"2024-01-24T09:22:52+00:00","dateModified":"2024-01-24T09:22:52+00:00","description":"Elegantna i prakti\u010dna ko\u0161ara za rublje idealna je za va\u0161e ku\u0107anstvo. Prilo\u017eena torba za rublje nudi mnogo prostora za pohranu va\u0161eg rublja i mo\u017ee se brzo i jednostavno izvaditi.","breadcrumb":{"@id":"https:\/\/inti.hr\/sr\/proizvod\/kosara-za-rublje-od-bambusa-skovde\/#breadcrumb"},"inLanguage":"sr-RS","potentialAction":[{"@type":"ReadAction","target":["https:\/\/inti.hr\/sr\/proizvod\/kosara-za-rublje-od-bambusa-skovde\/"]}]},{"@type":"ImageObject","inLanguage":"sr-RS","@id":"https:\/\/inti.hr\/sr\/proizvod\/kosara-za-rublje-od-bambusa-skovde\/#primaryimage","url":"https:\/\/i0.wp.com\/inti.hr\/wp-content\/uploads\/2024\/01\/9a2875de0eb92d65392038cdb4686479.jpg?fit=1400%2C1400&ssl=1","contentUrl":"https:\/\/i0.wp.com\/inti.hr\/wp-content\/uploads\/2024\/01\/9a2875de0eb92d65392038cdb4686479.jpg?fit=1400%2C1400&ssl=1","width":1400,"height":1400},{"@type":"BreadcrumbList","@id":"https:\/\/inti.hr\/sr\/proizvod\/kosara-za-rublje-od-bambusa-skovde\/#breadcrumb","itemListElement":[{"@type":"ListItem","position":1,"name":"Po\u010detna stranica","item":"https:\/\/inti.hr\/sr\/"},{"@type":"ListItem","position":2,"name":"Prodavnica","item":"https:\/\/inti.hr\/sr\/prodavnica\/"},{"@type":"ListItem","position":3,"name":"Ko\u0161ara za rublje od bambusa Sk\u00f6vde"}]},{"@type":"WebSite","@id":"https:\/\/inti.hr\/sr\/#website","url":"https:\/\/inti.hr\/sr\/","name":"Inti","description":"trgovina","potentialAction":[{"@type":"SearchAction","target":{"@type":"EntryPoint","urlTemplate":"https:\/\/inti.hr\/sr\/?s={search_term_string}"},"query-input":{"@type":"PropertyValueSpecification","valueRequired":true,"valueName":"search_term_string"}}],"inLanguage":"sr-RS"}]}},"jetpack_sharing_enabled":true,"jetpack-related-posts":[],"_links":{"self":[{"href":"https:\/\/inti.hr\/sr\/wp-json\/wp\/v2\/product\/32967"}],"collection":[{"href":"https:\/\/inti.hr\/sr\/wp-json\/wp\/v2\/product"}],"about":[{"href":"https:\/\/inti.hr\/sr\/wp-json\/wp\/v2\/types\/product"}],"wp:featuredmedia":[{"embeddable":true,"href":"https:\/\/inti.hr\/sr\/wp-json\/wp\/v2\/media\/32968"}],"wp:attachment":[{"href":"https:\/\/inti.hr\/sr\/wp-json\/wp\/v2\/media?parent=32967"}],"wp:term":[{"taxonomy":"product_cat","embeddable":true,"href":"https:\/\/inti.hr\/sr\/wp-json\/wp\/v2\/product_cat?post=32967"},{"taxonomy":"product_tag","embeddable":true,"href":"https:\/\/inti.hr\/sr\/wp-json\/wp\/v2\/product_tag?post=32967"}],"curies":[{"name":"wp","href":"https:\/\/api.w.org\/{rel}","templated":true}]}}