{"id":32998,"date":"2024-01-23T07:22:17","date_gmt":"2024-01-23T07:22:17","guid":{"rendered":"https:\/\/inti.hr\/product\/ekho-blagovaonska-stolica\/"},"modified":"2024-01-23T07:22:17","modified_gmt":"2024-01-23T07:22:17","slug":"ekho-blagovaonska-stolica","status":"publish","type":"product","link":"https:\/\/inti.hr\/sr\/proizvod\/ekho-blagovaonska-stolica\/","title":{"rendered":"EKHO blagovaonska stolica"},"content":{"rendered":"<p>Detalji proizvoda:<\/p>\n<p>Boja: crna, zelena, karamel<br \/>\nMaterijal: \u010delik, 58D lijevana pjena, PU sinteti\u010dka ko\u017ea (poliuretan), \u0161perplo\u010da<br \/>\nVeli\u010dina: 48 x 48 x 48,2 cm (D x \u0160 x V)<br \/>\nTe\u017eina: 2,5 kg<br \/>\nMaksimalna stati\u010dka nosivost: 120 kg<\/p>\n","protected":false},"excerpt":{"rendered":"<p>Na\u0161a blagovaonska stolica iz kolekcije VASAGLE EKHO primamljiva je mje\u0161avina umjetne &#8230; <\/p>\n","protected":false},"featured_media":32999,"template":"","meta":[],"product_cat":[2573,2814],"product_tag":[3543,2591],"yoast_head":"<!-- This site is optimized with the Yoast SEO plugin v23.7 - https:\/\/yoast.com\/wordpress\/plugins\/seo\/ -->\n<title>EKHO blagovaonska stolica - Inti<\/title>\n<meta name=\"description\" content=\"Na\u0161a blagovaonska stolica iz kolekcije VASAGLE EKHO primamljiva je mje\u0161avina umjetne ko\u017ee, finih \u0161avova i su\u017eenih nogu koja odaje po\u010dast umije\u0107u izrade i podi\u017ee va\u0161 dom na novu razinu sofisticiranosti. Metalne noge okrenute prema van koje tvore \u010dvrstu bazu, uparene s podesivim univerzalnim stopalima, ne samo da daju ovom stolcu visoku stabilnost na neravnim podovima, ve\u0107 i \u0161tite pod od ogrebotina. Bilo ispod stola za blagovanje ili u uskom prostoru, ovaj tabure savr\u0161eno pristaje. Bilo da se nalazi u blagovaonici, dnevnoj sobi, spava\u0107oj sobi ili radnoj sobi, ovaj se tabure besprijekorno uklapa u svaki okoli\u0161. Prije\u0111ite rukom preko glatke navlake i utonite u 8 cm debelu 58D lijevanu pjenu. Ova tapecirana stolica nudi udobno iskustvo sjedenja koje \u0107e izdr\u017eati test vremena. Ovaj blagovaonski stolac sastavlja se u tren oka: jednostavno pri\u010dvrstite gornji dio stolca na bazu i va\u0161a nova garnitura za sjedenje spremna je za ukra\u0161avanje va\u0161e blagovaonice.\u00a0\" \/>\n<meta name=\"robots\" content=\"index, follow, max-snippet:-1, max-image-preview:large, max-video-preview:-1\" \/>\n<link rel=\"canonical\" href=\"https:\/\/inti.hr\/sr\/proizvod\/ekho-blagovaonska-stolica\/\" \/>\n<meta property=\"og:locale\" content=\"sr_RS\" \/>\n<meta property=\"og:type\" content=\"article\" \/>\n<meta property=\"og:title\" content=\"EKHO blagovaonska stolica - Inti\" \/>\n<meta property=\"og:description\" content=\"Na\u0161a blagovaonska stolica iz kolekcije VASAGLE EKHO primamljiva je mje\u0161avina umjetne ko\u017ee, finih \u0161avova i su\u017eenih nogu koja odaje po\u010dast umije\u0107u izrade i podi\u017ee va\u0161 dom na novu razinu sofisticiranosti. Metalne noge okrenute prema van koje tvore \u010dvrstu bazu, uparene s podesivim univerzalnim stopalima, ne samo da daju ovom stolcu visoku stabilnost na neravnim podovima, ve\u0107 i \u0161tite pod od ogrebotina. Bilo ispod stola za blagovanje ili u uskom prostoru, ovaj tabure savr\u0161eno pristaje. Bilo da se nalazi u blagovaonici, dnevnoj sobi, spava\u0107oj sobi ili radnoj sobi, ovaj se tabure besprijekorno uklapa u svaki okoli\u0161. Prije\u0111ite rukom preko glatke navlake i utonite u 8 cm debelu 58D lijevanu pjenu. Ova tapecirana stolica nudi udobno iskustvo sjedenja koje \u0107e izdr\u017eati test vremena. Ovaj blagovaonski stolac sastavlja se u tren oka: jednostavno pri\u010dvrstite gornji dio stolca na bazu i va\u0161a nova garnitura za sjedenje spremna je za ukra\u0161avanje va\u0161e blagovaonice.\u00a0\" \/>\n<meta property=\"og:url\" content=\"https:\/\/inti.hr\/sr\/proizvod\/ekho-blagovaonska-stolica\/\" \/>\n<meta property=\"og:site_name\" content=\"Inti\" \/>\n<meta property=\"og:image\" content=\"https:\/\/i0.wp.com\/inti.hr\/wp-content\/uploads\/2024\/01\/LDC170B01-1-1.jpg?fit=1000%2C1000&ssl=1\" \/>\n\t<meta property=\"og:image:width\" content=\"1000\" \/>\n\t<meta property=\"og:image:height\" content=\"1000\" \/>\n\t<meta property=\"og:image:type\" content=\"image\/jpeg\" \/>\n<meta name=\"twitter:card\" content=\"summary_large_image\" \/>\n<script type=\"application\/ld+json\" class=\"yoast-schema-graph\">{\"@context\":\"https:\/\/schema.org\",\"@graph\":[{\"@type\":\"WebPage\",\"@id\":\"https:\/\/inti.hr\/sr\/proizvod\/ekho-blagovaonska-stolica\/\",\"url\":\"https:\/\/inti.hr\/sr\/proizvod\/ekho-blagovaonska-stolica\/\",\"name\":\"EKHO blagovaonska stolica - Inti\",\"isPartOf\":{\"@id\":\"https:\/\/inti.hr\/sr\/#website\"},\"primaryImageOfPage\":{\"@id\":\"https:\/\/inti.hr\/sr\/proizvod\/ekho-blagovaonska-stolica\/#primaryimage\"},\"image\":{\"@id\":\"https:\/\/inti.hr\/sr\/proizvod\/ekho-blagovaonska-stolica\/#primaryimage\"},\"thumbnailUrl\":\"https:\/\/i0.wp.com\/inti.hr\/wp-content\/uploads\/2024\/01\/LDC170B01-1-1.jpg?fit=1000%2C1000&ssl=1\",\"datePublished\":\"2024-01-23T07:22:17+00:00\",\"dateModified\":\"2024-01-23T07:22:17+00:00\",\"description\":\"Na\u0161a blagovaonska stolica iz kolekcije VASAGLE EKHO primamljiva je mje\u0161avina umjetne ko\u017ee, finih \u0161avova i su\u017eenih nogu koja odaje po\u010dast umije\u0107u izrade i podi\u017ee va\u0161 dom na novu razinu sofisticiranosti. Metalne noge okrenute prema van koje tvore \u010dvrstu bazu, uparene s podesivim univerzalnim stopalima, ne samo da daju ovom stolcu visoku stabilnost na neravnim podovima, ve\u0107 i \u0161tite pod od ogrebotina. Bilo ispod stola za blagovanje ili u uskom prostoru, ovaj tabure savr\u0161eno pristaje. Bilo da se nalazi u blagovaonici, dnevnoj sobi, spava\u0107oj sobi ili radnoj sobi, ovaj se tabure besprijekorno uklapa u svaki okoli\u0161. Prije\u0111ite rukom preko glatke navlake i utonite u 8 cm debelu 58D lijevanu pjenu. Ova tapecirana stolica nudi udobno iskustvo sjedenja koje \u0107e izdr\u017eati test vremena. Ovaj blagovaonski stolac sastavlja se u tren oka: jednostavno pri\u010dvrstite gornji dio stolca na bazu i va\u0161a nova garnitura za sjedenje spremna je za ukra\u0161avanje va\u0161e blagovaonice.\u00a0\",\"breadcrumb\":{\"@id\":\"https:\/\/inti.hr\/sr\/proizvod\/ekho-blagovaonska-stolica\/#breadcrumb\"},\"inLanguage\":\"sr-RS\",\"potentialAction\":[{\"@type\":\"ReadAction\",\"target\":[\"https:\/\/inti.hr\/sr\/proizvod\/ekho-blagovaonska-stolica\/\"]}]},{\"@type\":\"ImageObject\",\"inLanguage\":\"sr-RS\",\"@id\":\"https:\/\/inti.hr\/sr\/proizvod\/ekho-blagovaonska-stolica\/#primaryimage\",\"url\":\"https:\/\/i0.wp.com\/inti.hr\/wp-content\/uploads\/2024\/01\/LDC170B01-1-1.jpg?fit=1000%2C1000&ssl=1\",\"contentUrl\":\"https:\/\/i0.wp.com\/inti.hr\/wp-content\/uploads\/2024\/01\/LDC170B01-1-1.jpg?fit=1000%2C1000&ssl=1\",\"width\":1000,\"height\":1000},{\"@type\":\"BreadcrumbList\",\"@id\":\"https:\/\/inti.hr\/sr\/proizvod\/ekho-blagovaonska-stolica\/#breadcrumb\",\"itemListElement\":[{\"@type\":\"ListItem\",\"position\":1,\"name\":\"Po\u010detna stranica\",\"item\":\"https:\/\/inti.hr\/sr\/\"},{\"@type\":\"ListItem\",\"position\":2,\"name\":\"Prodavnica\",\"item\":\"https:\/\/inti.hr\/sr\/prodavnica\/\"},{\"@type\":\"ListItem\",\"position\":3,\"name\":\"EKHO blagovaonska stolica\"}]},{\"@type\":\"WebSite\",\"@id\":\"https:\/\/inti.hr\/sr\/#website\",\"url\":\"https:\/\/inti.hr\/sr\/\",\"name\":\"Inti\",\"description\":\"trgovina\",\"potentialAction\":[{\"@type\":\"SearchAction\",\"target\":{\"@type\":\"EntryPoint\",\"urlTemplate\":\"https:\/\/inti.hr\/sr\/?s={search_term_string}\"},\"query-input\":{\"@type\":\"PropertyValueSpecification\",\"valueRequired\":true,\"valueName\":\"search_term_string\"}}],\"inLanguage\":\"sr-RS\"}]}<\/script>\n<!-- \/ Yoast SEO plugin. -->","yoast_head_json":{"title":"EKHO blagovaonska stolica - Inti","description":"Na\u0161a blagovaonska stolica iz kolekcije VASAGLE EKHO primamljiva je mje\u0161avina umjetne ko\u017ee, finih \u0161avova i su\u017eenih nogu koja odaje po\u010dast umije\u0107u izrade i podi\u017ee va\u0161 dom na novu razinu sofisticiranosti. Metalne noge okrenute prema van koje tvore \u010dvrstu bazu, uparene s podesivim univerzalnim stopalima, ne samo da daju ovom stolcu visoku stabilnost na neravnim podovima, ve\u0107 i \u0161tite pod od ogrebotina. Bilo ispod stola za blagovanje ili u uskom prostoru, ovaj tabure savr\u0161eno pristaje. Bilo da se nalazi u blagovaonici, dnevnoj sobi, spava\u0107oj sobi ili radnoj sobi, ovaj se tabure besprijekorno uklapa u svaki okoli\u0161. Prije\u0111ite rukom preko glatke navlake i utonite u 8 cm debelu 58D lijevanu pjenu. Ova tapecirana stolica nudi udobno iskustvo sjedenja koje \u0107e izdr\u017eati test vremena. Ovaj blagovaonski stolac sastavlja se u tren oka: jednostavno pri\u010dvrstite gornji dio stolca na bazu i va\u0161a nova garnitura za sjedenje spremna je za ukra\u0161avanje va\u0161e blagovaonice.\u00a0","robots":{"index":"index","follow":"follow","max-snippet":"max-snippet:-1","max-image-preview":"max-image-preview:large","max-video-preview":"max-video-preview:-1"},"canonical":"https:\/\/inti.hr\/sr\/proizvod\/ekho-blagovaonska-stolica\/","og_locale":"sr_RS","og_type":"article","og_title":"EKHO blagovaonska stolica - Inti","og_description":"Na\u0161a blagovaonska stolica iz kolekcije VASAGLE EKHO primamljiva je mje\u0161avina umjetne ko\u017ee, finih \u0161avova i su\u017eenih nogu koja odaje po\u010dast umije\u0107u izrade i podi\u017ee va\u0161 dom na novu razinu sofisticiranosti. Metalne noge okrenute prema van koje tvore \u010dvrstu bazu, uparene s podesivim univerzalnim stopalima, ne samo da daju ovom stolcu visoku stabilnost na neravnim podovima, ve\u0107 i \u0161tite pod od ogrebotina. Bilo ispod stola za blagovanje ili u uskom prostoru, ovaj tabure savr\u0161eno pristaje. Bilo da se nalazi u blagovaonici, dnevnoj sobi, spava\u0107oj sobi ili radnoj sobi, ovaj se tabure besprijekorno uklapa u svaki okoli\u0161. Prije\u0111ite rukom preko glatke navlake i utonite u 8 cm debelu 58D lijevanu pjenu. Ova tapecirana stolica nudi udobno iskustvo sjedenja koje \u0107e izdr\u017eati test vremena. Ovaj blagovaonski stolac sastavlja se u tren oka: jednostavno pri\u010dvrstite gornji dio stolca na bazu i va\u0161a nova garnitura za sjedenje spremna je za ukra\u0161avanje va\u0161e blagovaonice.\u00a0","og_url":"https:\/\/inti.hr\/sr\/proizvod\/ekho-blagovaonska-stolica\/","og_site_name":"Inti","og_image":[{"width":1000,"height":1000,"url":"https:\/\/i0.wp.com\/inti.hr\/wp-content\/uploads\/2024\/01\/LDC170B01-1-1.jpg?fit=1000%2C1000&ssl=1","type":"image\/jpeg"}],"twitter_card":"summary_large_image","schema":{"@context":"https:\/\/schema.org","@graph":[{"@type":"WebPage","@id":"https:\/\/inti.hr\/sr\/proizvod\/ekho-blagovaonska-stolica\/","url":"https:\/\/inti.hr\/sr\/proizvod\/ekho-blagovaonska-stolica\/","name":"EKHO blagovaonska stolica - Inti","isPartOf":{"@id":"https:\/\/inti.hr\/sr\/#website"},"primaryImageOfPage":{"@id":"https:\/\/inti.hr\/sr\/proizvod\/ekho-blagovaonska-stolica\/#primaryimage"},"image":{"@id":"https:\/\/inti.hr\/sr\/proizvod\/ekho-blagovaonska-stolica\/#primaryimage"},"thumbnailUrl":"https:\/\/i0.wp.com\/inti.hr\/wp-content\/uploads\/2024\/01\/LDC170B01-1-1.jpg?fit=1000%2C1000&ssl=1","datePublished":"2024-01-23T07:22:17+00:00","dateModified":"2024-01-23T07:22:17+00:00","description":"Na\u0161a blagovaonska stolica iz kolekcije VASAGLE EKHO primamljiva je mje\u0161avina umjetne ko\u017ee, finih \u0161avova i su\u017eenih nogu koja odaje po\u010dast umije\u0107u izrade i podi\u017ee va\u0161 dom na novu razinu sofisticiranosti. Metalne noge okrenute prema van koje tvore \u010dvrstu bazu, uparene s podesivim univerzalnim stopalima, ne samo da daju ovom stolcu visoku stabilnost na neravnim podovima, ve\u0107 i \u0161tite pod od ogrebotina. Bilo ispod stola za blagovanje ili u uskom prostoru, ovaj tabure savr\u0161eno pristaje. Bilo da se nalazi u blagovaonici, dnevnoj sobi, spava\u0107oj sobi ili radnoj sobi, ovaj se tabure besprijekorno uklapa u svaki okoli\u0161. Prije\u0111ite rukom preko glatke navlake i utonite u 8 cm debelu 58D lijevanu pjenu. Ova tapecirana stolica nudi udobno iskustvo sjedenja koje \u0107e izdr\u017eati test vremena. Ovaj blagovaonski stolac sastavlja se u tren oka: jednostavno pri\u010dvrstite gornji dio stolca na bazu i va\u0161a nova garnitura za sjedenje spremna je za ukra\u0161avanje va\u0161e blagovaonice.\u00a0","breadcrumb":{"@id":"https:\/\/inti.hr\/sr\/proizvod\/ekho-blagovaonska-stolica\/#breadcrumb"},"inLanguage":"sr-RS","potentialAction":[{"@type":"ReadAction","target":["https:\/\/inti.hr\/sr\/proizvod\/ekho-blagovaonska-stolica\/"]}]},{"@type":"ImageObject","inLanguage":"sr-RS","@id":"https:\/\/inti.hr\/sr\/proizvod\/ekho-blagovaonska-stolica\/#primaryimage","url":"https:\/\/i0.wp.com\/inti.hr\/wp-content\/uploads\/2024\/01\/LDC170B01-1-1.jpg?fit=1000%2C1000&ssl=1","contentUrl":"https:\/\/i0.wp.com\/inti.hr\/wp-content\/uploads\/2024\/01\/LDC170B01-1-1.jpg?fit=1000%2C1000&ssl=1","width":1000,"height":1000},{"@type":"BreadcrumbList","@id":"https:\/\/inti.hr\/sr\/proizvod\/ekho-blagovaonska-stolica\/#breadcrumb","itemListElement":[{"@type":"ListItem","position":1,"name":"Po\u010detna stranica","item":"https:\/\/inti.hr\/sr\/"},{"@type":"ListItem","position":2,"name":"Prodavnica","item":"https:\/\/inti.hr\/sr\/prodavnica\/"},{"@type":"ListItem","position":3,"name":"EKHO blagovaonska stolica"}]},{"@type":"WebSite","@id":"https:\/\/inti.hr\/sr\/#website","url":"https:\/\/inti.hr\/sr\/","name":"Inti","description":"trgovina","potentialAction":[{"@type":"SearchAction","target":{"@type":"EntryPoint","urlTemplate":"https:\/\/inti.hr\/sr\/?s={search_term_string}"},"query-input":{"@type":"PropertyValueSpecification","valueRequired":true,"valueName":"search_term_string"}}],"inLanguage":"sr-RS"}]}},"jetpack_sharing_enabled":true,"jetpack-related-posts":[],"_links":{"self":[{"href":"https:\/\/inti.hr\/sr\/wp-json\/wp\/v2\/product\/32998"}],"collection":[{"href":"https:\/\/inti.hr\/sr\/wp-json\/wp\/v2\/product"}],"about":[{"href":"https:\/\/inti.hr\/sr\/wp-json\/wp\/v2\/types\/product"}],"wp:featuredmedia":[{"embeddable":true,"href":"https:\/\/inti.hr\/sr\/wp-json\/wp\/v2\/media\/32999"}],"wp:attachment":[{"href":"https:\/\/inti.hr\/sr\/wp-json\/wp\/v2\/media?parent=32998"}],"wp:term":[{"taxonomy":"product_cat","embeddable":true,"href":"https:\/\/inti.hr\/sr\/wp-json\/wp\/v2\/product_cat?post=32998"},{"taxonomy":"product_tag","embeddable":true,"href":"https:\/\/inti.hr\/sr\/wp-json\/wp\/v2\/product_tag?post=32998"}],"curies":[{"name":"wp","href":"https:\/\/api.w.org\/{rel}","templated":true}]}}