{"id":33123,"date":"2023-11-03T08:01:31","date_gmt":"2023-11-03T08:01:31","guid":{"rendered":"https:\/\/inti.hr\/product\/led-kupaonsko-ogledalo-racale\/"},"modified":"2023-11-03T08:01:31","modified_gmt":"2023-11-03T08:01:31","slug":"led-kupaonsko-ogledalo-racale","status":"publish","type":"product","link":"https:\/\/inti.hr\/sr\/proizvod\/led-kupaonsko-ogledalo-racale\/","title":{"rendered":"LED kupaonsko ogledalo Racale"},"content":{"rendered":"<p>Detalji proizvoda:<\/p>\n<p>&#8211; Elegantno zidno ogledalo s LED osvjetljenjem<br \/>\n&#8211; Tri fleksibilno podesive boje svjetla<br \/>\n&#8211; Ogledalo se mo\u017ee spojiti na kabel za napajanje<br \/>\n&#8211; Funkcija dodira za maksimalnu jednostavnost kori\u0161tenja<br \/>\n&#8211; Svjetlina koja se mo\u017ee prigu\u0161iti od 10% do 100%<br \/>\n&#8211; Funkcija odmagljivanja sprje\u010dava zamagljivanje ogledala<br \/>\n&#8211; Stvara ugodna atmosfera<br \/>\n&#8211; Svjetlosni prsten s integriranim pove\u0107alom<br \/>\n&#8211; Ekolo\u0161ki prihvatljivo i bez bakra<br \/>\n&#8211; Brza i jednostavna monta\u017ea na zid<br \/>\n&#8211; Mo\u017ee se montirati vodoravno ili okomito<br \/>\n&#8211; Sa satom i prikazom temperature<\/p>\n<p>Tehni\u010dki podaci:<\/p>\n<p>&#8211; Klasa energetske u\u010dinkovitosti: F (skala AG)<br \/>\n&#8211; Potro\u0161nja energije: 3 kWh\/1000h<br \/>\n&#8211; Napon: 110-240V, 50-60 Hz<br \/>\n&#8211; Upravljanje svjetlom: sobni prekida\u010d ili prekida\u010d na dodir<br \/>\n&#8211; LED traka: SMD2835 sa 120 LED\/metar<br \/>\n&#8211; LED klasa za\u0161tite: IP65<br \/>\n&#8211; \u017divotni vijek LED-a: 50.000 sati<br \/>\n&#8211; Boja svjetla: 3.000K &#8211; 6.500K<\/p>\n<p>Materijal:<\/p>\n<p>Aluminij + staklo<\/p>\n<p>Boja okvira:<\/p>\n<p>Bijela<\/p>\n<p>Opseg isporuke:<\/p>\n<p>1 x kupaonsko ogledalo uklju\u010duju\u0107i materijal za monta\u017eu<\/p>\n","protected":false},"excerpt":{"rendered":"<p>Ovo moderno kupaonsko ogledalo stvara ugodnu atmosferu u va\u0161oj kupaonici. Uz &#8230; <\/p>\n","protected":false},"featured_media":33125,"template":"","meta":[],"product_cat":[2396],"product_tag":[2522,3578,2398],"yoast_head":"<!-- This site is optimized with the Yoast SEO plugin v23.7 - https:\/\/yoast.com\/wordpress\/plugins\/seo\/ -->\n<title>LED kupaonsko ogledalo Racale - Inti<\/title>\n<meta name=\"description\" content=\"Ovo moderno kupaonsko ogledalo stvara ugodnu atmosferu u va\u0161oj kupaonici. Uz tri podesive boje svjetla - toplo bijelo (3000K), neutralno bijelo (4500K) i hladno bijelo (6500K) - fleksibilno se prilago\u0111ava va\u0161im potrebama. Rukovanje je iznimno jednostavno, zahvaljuju\u0107i funkciji dodira mo\u017eete uklju\u010diti i isklju\u010diti ogledalo u tren oka. Vodootporna LED traka (IP65) sa 120 LED kuglica po metru \u0161tedi energiju i ima impresivan \u017eivotni vijek do 50 000 sati.Mo\u017eete \u010dak prilagoditi svjetlinu osvjetljenja prema svojim osobnim \u017eeljama, zahvaljuju\u0107i funkciji varijabilnog prigu\u0161ivanja od 10% do 100%. Zahvaljuju\u0107i funkciji memorije, zidno ogledalo sprema odabranu svjetlinu i temperaturu boje, \u0161to zna\u010di da mo\u017eete u\u017eivati \u200b\u200bu \u017eeljenoj postavci svaki put kada ga uklju\u010dite.Instalacija je jednostavna - jednostavno spojite zrcalo na postoje\u0107i izvor napajanja i prakti\u010dno njime upravljajte pomo\u0107u zidnog prekida\u010da. Me\u0111utim, za maksimalnu sigurnost, preporu\u010damo da se za monta\u017eu obratite profesionalnom elektri\u010daru.Osim toga, ovo lagano ogledalo ima prakti\u010dnu funkciju odmagljivanja koja ga odr\u017eava \u010distim i bez magljenja nakon vru\u0107eg tu\u0161a. To zna\u010di da se mo\u017eete savr\u0161eno na\u0161minkati ili obrijati odmah nakon tu\u0161iranja ili kupanja.Na\u0161e ekolo\u0161ko ogledalo za kupaonicu bez bakra mo\u017ee se jednostavno montirati vodoravno ili okomito na zid. Tako\u0111er ima meku aureolu svjetla s integriranim pove\u0107alom, koje osigurava 3x i detaljno pove\u0107anje.\" \/>\n<meta name=\"robots\" content=\"index, follow, max-snippet:-1, max-image-preview:large, max-video-preview:-1\" \/>\n<link rel=\"canonical\" href=\"https:\/\/inti.hr\/sr\/proizvod\/led-kupaonsko-ogledalo-racale\/\" \/>\n<meta property=\"og:locale\" content=\"sr_RS\" \/>\n<meta property=\"og:type\" content=\"article\" \/>\n<meta property=\"og:title\" content=\"LED kupaonsko ogledalo Racale - Inti\" \/>\n<meta property=\"og:description\" content=\"Ovo moderno kupaonsko ogledalo stvara ugodnu atmosferu u va\u0161oj kupaonici. Uz tri podesive boje svjetla - toplo bijelo (3000K), neutralno bijelo (4500K) i hladno bijelo (6500K) - fleksibilno se prilago\u0111ava va\u0161im potrebama. Rukovanje je iznimno jednostavno, zahvaljuju\u0107i funkciji dodira mo\u017eete uklju\u010diti i isklju\u010diti ogledalo u tren oka. Vodootporna LED traka (IP65) sa 120 LED kuglica po metru \u0161tedi energiju i ima impresivan \u017eivotni vijek do 50 000 sati.Mo\u017eete \u010dak prilagoditi svjetlinu osvjetljenja prema svojim osobnim \u017eeljama, zahvaljuju\u0107i funkciji varijabilnog prigu\u0161ivanja od 10% do 100%. Zahvaljuju\u0107i funkciji memorije, zidno ogledalo sprema odabranu svjetlinu i temperaturu boje, \u0161to zna\u010di da mo\u017eete u\u017eivati \u200b\u200bu \u017eeljenoj postavci svaki put kada ga uklju\u010dite.Instalacija je jednostavna - jednostavno spojite zrcalo na postoje\u0107i izvor napajanja i prakti\u010dno njime upravljajte pomo\u0107u zidnog prekida\u010da. Me\u0111utim, za maksimalnu sigurnost, preporu\u010damo da se za monta\u017eu obratite profesionalnom elektri\u010daru.Osim toga, ovo lagano ogledalo ima prakti\u010dnu funkciju odmagljivanja koja ga odr\u017eava \u010distim i bez magljenja nakon vru\u0107eg tu\u0161a. To zna\u010di da se mo\u017eete savr\u0161eno na\u0161minkati ili obrijati odmah nakon tu\u0161iranja ili kupanja.Na\u0161e ekolo\u0161ko ogledalo za kupaonicu bez bakra mo\u017ee se jednostavno montirati vodoravno ili okomito na zid. Tako\u0111er ima meku aureolu svjetla s integriranim pove\u0107alom, koje osigurava 3x i detaljno pove\u0107anje.\" \/>\n<meta property=\"og:url\" content=\"https:\/\/inti.hr\/sr\/proizvod\/led-kupaonsko-ogledalo-racale\/\" \/>\n<meta property=\"og:site_name\" content=\"Inti\" \/>\n<meta property=\"og:image\" content=\"https:\/\/i0.wp.com\/inti.hr\/wp-content\/uploads\/2023\/11\/9ee6d82e555dc39f160623abc73b8be6.jpg?fit=1400%2C1400&ssl=1\" \/>\n\t<meta property=\"og:image:width\" content=\"1400\" \/>\n\t<meta property=\"og:image:height\" content=\"1400\" \/>\n\t<meta property=\"og:image:type\" content=\"image\/jpeg\" \/>\n<meta name=\"twitter:card\" content=\"summary_large_image\" \/>\n<meta name=\"twitter:label1\" content=\"\u041f\u0440\u043e\u0446\u0435\u045a\u0435\u043d\u043e \u0432\u0440\u0435\u043c\u0435 \u0447\u0438\u0442\u0430\u045a\u0430\" \/>\n\t<meta name=\"twitter:data1\" content=\"1 \u043c\u0438\u043d\u0443\u0442\" \/>\n<script type=\"application\/ld+json\" class=\"yoast-schema-graph\">{\"@context\":\"https:\/\/schema.org\",\"@graph\":[{\"@type\":\"WebPage\",\"@id\":\"https:\/\/inti.hr\/sr\/proizvod\/led-kupaonsko-ogledalo-racale\/\",\"url\":\"https:\/\/inti.hr\/sr\/proizvod\/led-kupaonsko-ogledalo-racale\/\",\"name\":\"LED kupaonsko ogledalo Racale - Inti\",\"isPartOf\":{\"@id\":\"https:\/\/inti.hr\/sr\/#website\"},\"primaryImageOfPage\":{\"@id\":\"https:\/\/inti.hr\/sr\/proizvod\/led-kupaonsko-ogledalo-racale\/#primaryimage\"},\"image\":{\"@id\":\"https:\/\/inti.hr\/sr\/proizvod\/led-kupaonsko-ogledalo-racale\/#primaryimage\"},\"thumbnailUrl\":\"https:\/\/i0.wp.com\/inti.hr\/wp-content\/uploads\/2023\/11\/9ee6d82e555dc39f160623abc73b8be6.jpg?fit=1400%2C1400&ssl=1\",\"datePublished\":\"2023-11-03T08:01:31+00:00\",\"dateModified\":\"2023-11-03T08:01:31+00:00\",\"description\":\"Ovo moderno kupaonsko ogledalo stvara ugodnu atmosferu u va\u0161oj kupaonici. Uz tri podesive boje svjetla - toplo bijelo (3000K), neutralno bijelo (4500K) i hladno bijelo (6500K) - fleksibilno se prilago\u0111ava va\u0161im potrebama. Rukovanje je iznimno jednostavno, zahvaljuju\u0107i funkciji dodira mo\u017eete uklju\u010diti i isklju\u010diti ogledalo u tren oka. Vodootporna LED traka (IP65) sa 120 LED kuglica po metru \u0161tedi energiju i ima impresivan \u017eivotni vijek do 50 000 sati.Mo\u017eete \u010dak prilagoditi svjetlinu osvjetljenja prema svojim osobnim \u017eeljama, zahvaljuju\u0107i funkciji varijabilnog prigu\u0161ivanja od 10% do 100%. Zahvaljuju\u0107i funkciji memorije, zidno ogledalo sprema odabranu svjetlinu i temperaturu boje, \u0161to zna\u010di da mo\u017eete u\u017eivati \u200b\u200bu \u017eeljenoj postavci svaki put kada ga uklju\u010dite.Instalacija je jednostavna - jednostavno spojite zrcalo na postoje\u0107i izvor napajanja i prakti\u010dno njime upravljajte pomo\u0107u zidnog prekida\u010da. Me\u0111utim, za maksimalnu sigurnost, preporu\u010damo da se za monta\u017eu obratite profesionalnom elektri\u010daru.Osim toga, ovo lagano ogledalo ima prakti\u010dnu funkciju odmagljivanja koja ga odr\u017eava \u010distim i bez magljenja nakon vru\u0107eg tu\u0161a. To zna\u010di da se mo\u017eete savr\u0161eno na\u0161minkati ili obrijati odmah nakon tu\u0161iranja ili kupanja.Na\u0161e ekolo\u0161ko ogledalo za kupaonicu bez bakra mo\u017ee se jednostavno montirati vodoravno ili okomito na zid. Tako\u0111er ima meku aureolu svjetla s integriranim pove\u0107alom, koje osigurava 3x i detaljno pove\u0107anje.\",\"breadcrumb\":{\"@id\":\"https:\/\/inti.hr\/sr\/proizvod\/led-kupaonsko-ogledalo-racale\/#breadcrumb\"},\"inLanguage\":\"sr-RS\",\"potentialAction\":[{\"@type\":\"ReadAction\",\"target\":[\"https:\/\/inti.hr\/sr\/proizvod\/led-kupaonsko-ogledalo-racale\/\"]}]},{\"@type\":\"ImageObject\",\"inLanguage\":\"sr-RS\",\"@id\":\"https:\/\/inti.hr\/sr\/proizvod\/led-kupaonsko-ogledalo-racale\/#primaryimage\",\"url\":\"https:\/\/i0.wp.com\/inti.hr\/wp-content\/uploads\/2023\/11\/9ee6d82e555dc39f160623abc73b8be6.jpg?fit=1400%2C1400&ssl=1\",\"contentUrl\":\"https:\/\/i0.wp.com\/inti.hr\/wp-content\/uploads\/2023\/11\/9ee6d82e555dc39f160623abc73b8be6.jpg?fit=1400%2C1400&ssl=1\",\"width\":1400,\"height\":1400},{\"@type\":\"BreadcrumbList\",\"@id\":\"https:\/\/inti.hr\/sr\/proizvod\/led-kupaonsko-ogledalo-racale\/#breadcrumb\",\"itemListElement\":[{\"@type\":\"ListItem\",\"position\":1,\"name\":\"Po\u010detna stranica\",\"item\":\"https:\/\/inti.hr\/sr\/\"},{\"@type\":\"ListItem\",\"position\":2,\"name\":\"Prodavnica\",\"item\":\"https:\/\/inti.hr\/sr\/prodavnica\/\"},{\"@type\":\"ListItem\",\"position\":3,\"name\":\"LED kupaonsko ogledalo Racale\"}]},{\"@type\":\"WebSite\",\"@id\":\"https:\/\/inti.hr\/sr\/#website\",\"url\":\"https:\/\/inti.hr\/sr\/\",\"name\":\"Inti\",\"description\":\"trgovina\",\"potentialAction\":[{\"@type\":\"SearchAction\",\"target\":{\"@type\":\"EntryPoint\",\"urlTemplate\":\"https:\/\/inti.hr\/sr\/?s={search_term_string}\"},\"query-input\":{\"@type\":\"PropertyValueSpecification\",\"valueRequired\":true,\"valueName\":\"search_term_string\"}}],\"inLanguage\":\"sr-RS\"}]}<\/script>\n<!-- \/ Yoast SEO plugin. -->","yoast_head_json":{"title":"LED kupaonsko ogledalo Racale - Inti","description":"Ovo moderno kupaonsko ogledalo stvara ugodnu atmosferu u va\u0161oj kupaonici. Uz tri podesive boje svjetla - toplo bijelo (3000K), neutralno bijelo (4500K) i hladno bijelo (6500K) - fleksibilno se prilago\u0111ava va\u0161im potrebama. Rukovanje je iznimno jednostavno, zahvaljuju\u0107i funkciji dodira mo\u017eete uklju\u010diti i isklju\u010diti ogledalo u tren oka. Vodootporna LED traka (IP65) sa 120 LED kuglica po metru \u0161tedi energiju i ima impresivan \u017eivotni vijek do 50 000 sati.Mo\u017eete \u010dak prilagoditi svjetlinu osvjetljenja prema svojim osobnim \u017eeljama, zahvaljuju\u0107i funkciji varijabilnog prigu\u0161ivanja od 10% do 100%. Zahvaljuju\u0107i funkciji memorije, zidno ogledalo sprema odabranu svjetlinu i temperaturu boje, \u0161to zna\u010di da mo\u017eete u\u017eivati \u200b\u200bu \u017eeljenoj postavci svaki put kada ga uklju\u010dite.Instalacija je jednostavna - jednostavno spojite zrcalo na postoje\u0107i izvor napajanja i prakti\u010dno njime upravljajte pomo\u0107u zidnog prekida\u010da. Me\u0111utim, za maksimalnu sigurnost, preporu\u010damo da se za monta\u017eu obratite profesionalnom elektri\u010daru.Osim toga, ovo lagano ogledalo ima prakti\u010dnu funkciju odmagljivanja koja ga odr\u017eava \u010distim i bez magljenja nakon vru\u0107eg tu\u0161a. To zna\u010di da se mo\u017eete savr\u0161eno na\u0161minkati ili obrijati odmah nakon tu\u0161iranja ili kupanja.Na\u0161e ekolo\u0161ko ogledalo za kupaonicu bez bakra mo\u017ee se jednostavno montirati vodoravno ili okomito na zid. Tako\u0111er ima meku aureolu svjetla s integriranim pove\u0107alom, koje osigurava 3x i detaljno pove\u0107anje.","robots":{"index":"index","follow":"follow","max-snippet":"max-snippet:-1","max-image-preview":"max-image-preview:large","max-video-preview":"max-video-preview:-1"},"canonical":"https:\/\/inti.hr\/sr\/proizvod\/led-kupaonsko-ogledalo-racale\/","og_locale":"sr_RS","og_type":"article","og_title":"LED kupaonsko ogledalo Racale - Inti","og_description":"Ovo moderno kupaonsko ogledalo stvara ugodnu atmosferu u va\u0161oj kupaonici. Uz tri podesive boje svjetla - toplo bijelo (3000K), neutralno bijelo (4500K) i hladno bijelo (6500K) - fleksibilno se prilago\u0111ava va\u0161im potrebama. Rukovanje je iznimno jednostavno, zahvaljuju\u0107i funkciji dodira mo\u017eete uklju\u010diti i isklju\u010diti ogledalo u tren oka. Vodootporna LED traka (IP65) sa 120 LED kuglica po metru \u0161tedi energiju i ima impresivan \u017eivotni vijek do 50 000 sati.Mo\u017eete \u010dak prilagoditi svjetlinu osvjetljenja prema svojim osobnim \u017eeljama, zahvaljuju\u0107i funkciji varijabilnog prigu\u0161ivanja od 10% do 100%. Zahvaljuju\u0107i funkciji memorije, zidno ogledalo sprema odabranu svjetlinu i temperaturu boje, \u0161to zna\u010di da mo\u017eete u\u017eivati \u200b\u200bu \u017eeljenoj postavci svaki put kada ga uklju\u010dite.Instalacija je jednostavna - jednostavno spojite zrcalo na postoje\u0107i izvor napajanja i prakti\u010dno njime upravljajte pomo\u0107u zidnog prekida\u010da. Me\u0111utim, za maksimalnu sigurnost, preporu\u010damo da se za monta\u017eu obratite profesionalnom elektri\u010daru.Osim toga, ovo lagano ogledalo ima prakti\u010dnu funkciju odmagljivanja koja ga odr\u017eava \u010distim i bez magljenja nakon vru\u0107eg tu\u0161a. To zna\u010di da se mo\u017eete savr\u0161eno na\u0161minkati ili obrijati odmah nakon tu\u0161iranja ili kupanja.Na\u0161e ekolo\u0161ko ogledalo za kupaonicu bez bakra mo\u017ee se jednostavno montirati vodoravno ili okomito na zid. Tako\u0111er ima meku aureolu svjetla s integriranim pove\u0107alom, koje osigurava 3x i detaljno pove\u0107anje.","og_url":"https:\/\/inti.hr\/sr\/proizvod\/led-kupaonsko-ogledalo-racale\/","og_site_name":"Inti","og_image":[{"width":1400,"height":1400,"url":"https:\/\/i0.wp.com\/inti.hr\/wp-content\/uploads\/2023\/11\/9ee6d82e555dc39f160623abc73b8be6.jpg?fit=1400%2C1400&ssl=1","type":"image\/jpeg"}],"twitter_card":"summary_large_image","twitter_misc":{"\u041f\u0440\u043e\u0446\u0435\u045a\u0435\u043d\u043e \u0432\u0440\u0435\u043c\u0435 \u0447\u0438\u0442\u0430\u045a\u0430":"1 \u043c\u0438\u043d\u0443\u0442"},"schema":{"@context":"https:\/\/schema.org","@graph":[{"@type":"WebPage","@id":"https:\/\/inti.hr\/sr\/proizvod\/led-kupaonsko-ogledalo-racale\/","url":"https:\/\/inti.hr\/sr\/proizvod\/led-kupaonsko-ogledalo-racale\/","name":"LED kupaonsko ogledalo Racale - Inti","isPartOf":{"@id":"https:\/\/inti.hr\/sr\/#website"},"primaryImageOfPage":{"@id":"https:\/\/inti.hr\/sr\/proizvod\/led-kupaonsko-ogledalo-racale\/#primaryimage"},"image":{"@id":"https:\/\/inti.hr\/sr\/proizvod\/led-kupaonsko-ogledalo-racale\/#primaryimage"},"thumbnailUrl":"https:\/\/i0.wp.com\/inti.hr\/wp-content\/uploads\/2023\/11\/9ee6d82e555dc39f160623abc73b8be6.jpg?fit=1400%2C1400&ssl=1","datePublished":"2023-11-03T08:01:31+00:00","dateModified":"2023-11-03T08:01:31+00:00","description":"Ovo moderno kupaonsko ogledalo stvara ugodnu atmosferu u va\u0161oj kupaonici. Uz tri podesive boje svjetla - toplo bijelo (3000K), neutralno bijelo (4500K) i hladno bijelo (6500K) - fleksibilno se prilago\u0111ava va\u0161im potrebama. Rukovanje je iznimno jednostavno, zahvaljuju\u0107i funkciji dodira mo\u017eete uklju\u010diti i isklju\u010diti ogledalo u tren oka. Vodootporna LED traka (IP65) sa 120 LED kuglica po metru \u0161tedi energiju i ima impresivan \u017eivotni vijek do 50 000 sati.Mo\u017eete \u010dak prilagoditi svjetlinu osvjetljenja prema svojim osobnim \u017eeljama, zahvaljuju\u0107i funkciji varijabilnog prigu\u0161ivanja od 10% do 100%. Zahvaljuju\u0107i funkciji memorije, zidno ogledalo sprema odabranu svjetlinu i temperaturu boje, \u0161to zna\u010di da mo\u017eete u\u017eivati \u200b\u200bu \u017eeljenoj postavci svaki put kada ga uklju\u010dite.Instalacija je jednostavna - jednostavno spojite zrcalo na postoje\u0107i izvor napajanja i prakti\u010dno njime upravljajte pomo\u0107u zidnog prekida\u010da. Me\u0111utim, za maksimalnu sigurnost, preporu\u010damo da se za monta\u017eu obratite profesionalnom elektri\u010daru.Osim toga, ovo lagano ogledalo ima prakti\u010dnu funkciju odmagljivanja koja ga odr\u017eava \u010distim i bez magljenja nakon vru\u0107eg tu\u0161a. To zna\u010di da se mo\u017eete savr\u0161eno na\u0161minkati ili obrijati odmah nakon tu\u0161iranja ili kupanja.Na\u0161e ekolo\u0161ko ogledalo za kupaonicu bez bakra mo\u017ee se jednostavno montirati vodoravno ili okomito na zid. Tako\u0111er ima meku aureolu svjetla s integriranim pove\u0107alom, koje osigurava 3x i detaljno pove\u0107anje.","breadcrumb":{"@id":"https:\/\/inti.hr\/sr\/proizvod\/led-kupaonsko-ogledalo-racale\/#breadcrumb"},"inLanguage":"sr-RS","potentialAction":[{"@type":"ReadAction","target":["https:\/\/inti.hr\/sr\/proizvod\/led-kupaonsko-ogledalo-racale\/"]}]},{"@type":"ImageObject","inLanguage":"sr-RS","@id":"https:\/\/inti.hr\/sr\/proizvod\/led-kupaonsko-ogledalo-racale\/#primaryimage","url":"https:\/\/i0.wp.com\/inti.hr\/wp-content\/uploads\/2023\/11\/9ee6d82e555dc39f160623abc73b8be6.jpg?fit=1400%2C1400&ssl=1","contentUrl":"https:\/\/i0.wp.com\/inti.hr\/wp-content\/uploads\/2023\/11\/9ee6d82e555dc39f160623abc73b8be6.jpg?fit=1400%2C1400&ssl=1","width":1400,"height":1400},{"@type":"BreadcrumbList","@id":"https:\/\/inti.hr\/sr\/proizvod\/led-kupaonsko-ogledalo-racale\/#breadcrumb","itemListElement":[{"@type":"ListItem","position":1,"name":"Po\u010detna stranica","item":"https:\/\/inti.hr\/sr\/"},{"@type":"ListItem","position":2,"name":"Prodavnica","item":"https:\/\/inti.hr\/sr\/prodavnica\/"},{"@type":"ListItem","position":3,"name":"LED kupaonsko ogledalo Racale"}]},{"@type":"WebSite","@id":"https:\/\/inti.hr\/sr\/#website","url":"https:\/\/inti.hr\/sr\/","name":"Inti","description":"trgovina","potentialAction":[{"@type":"SearchAction","target":{"@type":"EntryPoint","urlTemplate":"https:\/\/inti.hr\/sr\/?s={search_term_string}"},"query-input":{"@type":"PropertyValueSpecification","valueRequired":true,"valueName":"search_term_string"}}],"inLanguage":"sr-RS"}]}},"jetpack_sharing_enabled":true,"jetpack-related-posts":[],"_links":{"self":[{"href":"https:\/\/inti.hr\/sr\/wp-json\/wp\/v2\/product\/33123"}],"collection":[{"href":"https:\/\/inti.hr\/sr\/wp-json\/wp\/v2\/product"}],"about":[{"href":"https:\/\/inti.hr\/sr\/wp-json\/wp\/v2\/types\/product"}],"wp:featuredmedia":[{"embeddable":true,"href":"https:\/\/inti.hr\/sr\/wp-json\/wp\/v2\/media\/33125"}],"wp:attachment":[{"href":"https:\/\/inti.hr\/sr\/wp-json\/wp\/v2\/media?parent=33123"}],"wp:term":[{"taxonomy":"product_cat","embeddable":true,"href":"https:\/\/inti.hr\/sr\/wp-json\/wp\/v2\/product_cat?post=33123"},{"taxonomy":"product_tag","embeddable":true,"href":"https:\/\/inti.hr\/sr\/wp-json\/wp\/v2\/product_tag?post=33123"}],"curies":[{"name":"wp","href":"https:\/\/api.w.org\/{rel}","templated":true}]}}